{"id":35348,"date":"2026-01-18T11:18:36","date_gmt":"2026-01-18T10:18:36","guid":{"rendered":"https:\/\/antecscientific.com\/circa\/produttori-di-medicinali\/"},"modified":"2026-01-18T11:55:33","modified_gmt":"2026-01-18T10:55:33","slug":"produttori-di-medicinali","status":"publish","type":"page","link":"https:\/\/antecscientific.com\/it\/circa\/carriera\/produttori-di-medicinali\/","title":{"rendered":"Produttore"},"content":{"rendered":"<p>[et_pb_section fb_built=&#8221;1&#8243; admin_label=&#8221;Header&#8221; _builder_version=&#8221;4.16&#8243; background_image=&#8221;https:\/\/antecscientific.com\/wp-content\/uploads\/2021\/11\/11_img.jpg&#8221; parallax=&#8221;on&#8221; custom_padding=&#8221;2vw|0px|200px|0px|false|false&#8221; collapsed=&#8221;on&#8221; global_colors_info=&#8221;{}&#8221;][et_pb_row _builder_version=&#8221;4.16&#8243; global_colors_info=&#8221;{}&#8221;][et_pb_column type=&#8221;4_4&#8243; _builder_version=&#8221;4.16&#8243; custom_padding=&#8221;|||&#8221; global_colors_info=&#8221;{}&#8221; custom_padding__hover=&#8221;|||&#8221;][et_pb_text admin_label=&#8221;Breadcrumbs (don&#8217;t touch)&#8221; _builder_version=&#8221;4.16&#8243; text_font=&#8221;|700|||||||&#8221; text_text_color=&#8221;#ffffff&#8221; text_font_size=&#8221;15px&#8221; link_font=&#8221;|700|||||||&#8221; link_text_color=&#8221;#ffffff&#8221; link_font_size=&#8221;15px&#8221; global_colors_info=&#8221;{}&#8221;][\/et_pb_text][et_pb_text admin_label=&#8221;Big page title (don&#8217;t touch)&#8221; _builder_version=&#8221;4.16&#8243; _dynamic_attributes=&#8221;content&#8221; text_font=&#8221;||||||||&#8221; header_font=&#8221;|700|||||||&#8221; header_text_color=&#8221;#ffffff&#8221; header_font_size=&#8221;80px&#8221; header_line_height=&#8221;1.2em&#8221; header_5_font=&#8221;Raleway|700||on|||||&#8221; header_5_text_color=&#8221;#000000&#8243; header_5_font_size=&#8221;20px&#8221; header_5_letter_spacing=&#8221;0.5em&#8221; header_5_line_height=&#8221;1.8em&#8221; animation_style=&#8221;zoom&#8221; animation_intensity_zoom=&#8221;5%&#8221; header_font_size_tablet=&#8221;48px&#8221; header_font_size_phone=&#8221;32px&#8221; header_font_size_last_edited=&#8221;on|phone&#8221; header_5_font_size_tablet=&#8221;14px&#8221; header_5_font_size_phone=&#8221;12px&#8221; header_5_font_size_last_edited=&#8221;on|desktop&#8221; global_colors_info=&#8221;{}&#8221;]@ET-DC@eyJkeW5hbWljIjp0cnVlLCJjb250ZW50IjoicG9zdF90aXRsZSIsInNldHRpbmdzIjp7ImJlZm9yZSI6IjxoMT4iLCJhZnRlciI6IjxcL2gxPiJ9fQ==@[\/et_pb_text][\/et_pb_column][\/et_pb_row][\/et_pb_section][et_pb_section fb_built=&#8221;1&#8243; admin_label=&#8221;Content&#8221; _builder_version=&#8221;4.16&#8243; background_color=&#8221;#ffffff&#8221; max_width=&#8221;90%&#8221; max_width_tablet=&#8221;&#8221; max_width_phone=&#8221;100%&#8221; max_width_last_edited=&#8221;on|phone&#8221; custom_margin=&#8221;-160px||0px||false|false&#8221; custom_padding=&#8221;||0px||false|false&#8221; border_color_all=&#8221;#ffffff&#8221; border_width_left=&#8221;10vw&#8221; global_colors_info=&#8221;{}&#8221;][et_pb_row column_structure=&#8221;2_3,1_3&#8243; custom_padding_last_edited=&#8221;on|phone&#8221; _builder_version=&#8221;4.16&#8243; width=&#8221;auto&#8221; max_width=&#8221;none&#8221; custom_padding=&#8221;27px|0|27px|0px|false|false&#8221; custom_padding_tablet=&#8221;|0px||0px||true&#8221; custom_padding_phone=&#8221;|10%||0px|false|false&#8221; global_colors_info=&#8221;{}&#8221;][et_pb_column type=&#8221;2_3&#8243; _builder_version=&#8221;4.16&#8243; custom_padding=&#8221;|||&#8221; global_colors_info=&#8221;{}&#8221; custom_padding__hover=&#8221;|||&#8221;][et_pb_text admin_label=&#8221;Subtitle&#8221; _builder_version=&#8221;4.27.5&#8243; text_font=&#8221;||||||||&#8221; text_line_height=&#8221;2em&#8221; header_font=&#8221;||||||||&#8221; header_2_font=&#8221;|600||on|||||&#8221; header_2_text_color=&#8221;#df0834&#8243; header_2_font_size=&#8221;20px&#8221; header_2_line_height=&#8221;1.4em&#8221; header_6_font=&#8221;|700||on|||||&#8221; header_6_font_size=&#8221;16px&#8221; header_6_letter_spacing=&#8221;5px&#8221; header_6_line_height=&#8221;1.8em&#8221; max_width=&#8221;700px&#8221; module_alignment=&#8221;center&#8221; custom_margin=&#8221;||0px||false|false&#8221; custom_padding=&#8221;||0px||false|false&#8221; header_2_font_size_tablet=&#8221;25px&#8221; header_2_font_size_phone=&#8221;25px&#8221; header_2_font_size_last_edited=&#8221;on|phone&#8221; global_colors_info=&#8221;{}&#8221;]<\/p>\n<h2>Produttore<\/h2>\n<p>[\/et_pb_text][et_pb_text content_last_edited=&#8221;off|desktop&#8221; admin_label=&#8221;Paragraph&#8221; _builder_version=&#8221;4.27.5&#8243; text_font=&#8221;||||||||&#8221; text_font_size=&#8221;18px&#8221; text_line_height=&#8221;2em&#8221; header_font=&#8221;||||||||&#8221; header_2_font=&#8221;Raleway|700|||||||&#8221; header_2_font_size=&#8221;50px&#8221; header_2_line_height=&#8221;1.4em&#8221; header_6_font=&#8221;Raleway|700||on|||||&#8221; header_6_font_size=&#8221;16px&#8221; header_6_letter_spacing=&#8221;5px&#8221; header_6_line_height=&#8221;1.8em&#8221; text_orientation=&#8221;justified&#8221; max_width=&#8221;700px&#8221; module_alignment=&#8221;center&#8221; custom_margin=&#8221;0px||||false|false&#8221; custom_padding=&#8221;0px||||false|false&#8221; header_2_font_size_tablet=&#8221;35px&#8221; header_2_font_size_phone=&#8221;25px&#8221; header_2_font_size_last_edited=&#8221;on|phone&#8221; text_orientation_tablet=&#8221;&#8221; text_orientation_phone=&#8221;left&#8221; text_orientation_last_edited=&#8221;on|desktop&#8221; global_colors_info=&#8221;{}&#8221;]<\/p>\n<p>Cerchi un lavoro autonomo in un team dinamico? Antec Scientific di Alphen aan den Rijn ti offre la possibilit\u00e0 di lavorare in un&#8217;azienda dinamica. Cerchiamo un nuovo collega per il settore Logistiek\/Productie. \u00c8 possibile trovare l&#8217;offerta di lavoro che cerchiamo? Scopri di pi\u00f9!    <\/p>\n<p>&nbsp;<\/p>\n<h3>Descrizione delle funzioni<\/h3>\n<p>Vai alla scoria del laboratorio di assemblaggio, dove sei impegnato nell&#8217;assemblaggio, nel collaudo e nella produzione di apparecchiature. Cerchiamo qualcuno che, in qualit\u00e0 di <strong>teamleider <\/strong>esperto, abbia anche un ruolo da protagonista nell&#8217;organizzazione e nella pianificazione dell&#8217;azienda. Inoltre, ti aiuteremo a garantire un&#8217;efficiente e trasparente distribuzione dei prodotti ai clienti di tutto il mondo.  <\/p>\n<p>I lavori sono in corso:<\/p>\n<ul>\n<li>Pianificazione: porta gli ordini di prodotti a quelli di merci<\/li>\n<li>Assemblaggio di apparecchiature elettroniche<\/li>\n<li>Collaborare con i colleghi per un processo produttivo eccellente<\/li>\n<li>Monteren e polijsten van meetingcellen<\/li>\n<li>Imballaggio e confezionamento di pallet e pacchi per la spedizione<\/li>\n<\/ul>\n<p>&nbsp;<\/p>\n<p>Si tratta di lavorare in un ristorante ad Alphen aan den Rijn. Sei a capo di un team di 15 colleghi. Non abbiamo bisogno di un&#8217;attivit\u00e0 lunga, ma di un progetto che si sta sviluppando e di un gruppo di persone che si sta impegnando.<\/p>\n<p>&nbsp;<\/p>\n<h3>Come si fa a ottenere la perfetta pulizia del pavimento?<\/h3>\n<p>Cerchiamo un collega che sia zorgvuldig e con un occhio di riguardo per i dettagli. Ha un&#8217;esperienza di lavoro e di consulenza MBO, e un&#8217;esperienza di lavoro nel settore dell&#8217;elettronica.  La nostra \u00e8 una societ\u00e0 molto diversificata, in cui operano ingegneri, addetti alle vendite, alla logistica e alla produzione di diversi settori e nazionalit\u00e0. Le differenze tra i due tipi di immagini sono molto diverse tra loro. E questo \u00e8 un bene per la nostra organizzazione. Siamo ben disposti a vedere come si \u00e8 comportato e quali sono le sue qualit\u00e0 e i suoi servizi.<\/p>\n<ul>\n<li>Esperienza con l&#8217;elettronica, in particolare per quanto riguarda il collaudo, la programmazione, il controllo, la riparazione di circuiti stampati e il lavoro con i rilevatori e le etichette.<\/li>\n<li>Strumenti di misura, montaggio meccanico, lavorazione di una banca dati e assemblaggio di celle di montaggio.<\/li>\n<li>Affinit\u00e0 con i processi logistici come il trasporto di merci, il trasporto di merci, l&#8217;imballaggio di apparecchiature e l&#8217;apertura di pallet per il trasporto.<\/li>\n<li>Un&#8217;analisi approfondita della lingua olandese o inglese (letteratura e letteratura)<\/li>\n<li>Ho interesse a lavorare con apparecchiature elettriche, computer, ecc.<\/li>\n<li>Sono nella regione del West-Nederland<\/li>\n<\/ul>\n<p>&nbsp;<\/p>\n<h3>Vi offriamo<\/h3>\n<p>Antec Scientific ti offre la possibilit\u00e0 di lavorare in un ambiente di lavoro dinamico, con una grande forza d&#8217;animo e una grande sicurezza. Ti forniamo un pacchetto di prodotti per il lavoro, come ad esempio: <\/p>\n<ul>\n<li>Un&#8217;analisi di un vasto gruppo di lavoro che funziona bene e che ha bisogno di aiuto.<\/li>\n<li>Corsi di formazione e training per ottenere risultati migliori<\/li>\n<li>Reiskostenvergoeding of een NS Business kaart<\/li>\n<li>24 vakantiedagen, da 35 dagen in poi<\/li>\n<li>Pensioenopbouw<\/li>\n<li>La fiducia nel tuo lavoro e la capacit\u00e0 di gestire tutti gli aspetti del processo<\/li>\n<li>Lavorare in modo autonomo e avere un&#8217;ottima reputazione<\/li>\n<li>Una squadra giovane e forte<\/li>\n<li>Feste e attivit\u00e0 di squadra<\/li>\n<li>Un&#8217;ottima scelta di prodotti<\/li>\n<li>Kerstpakket in geld<\/li>\n<\/ul>\n<p>&nbsp;<\/p>\n<h3>Come ci si comporta<\/h3>\n<p>Antec Scientific produce e distribuisce strumenti di analisi per i laboratori di ricerca in tutto il mondo. Sono stati adottati metodi di analisi per valutare le scorte attraverso la diagnostica e il controllo della qualit\u00e0. Un paio di informazioni: con questo apparecchio si possono misurare le catecolamine nel sangue, importanti marcatori tumorali per la correzione della malattia. Inoltre, \u00e8 possibile utilizzare il lattosio in prodotti a base di lattosio nel rispetto del principio di tolleranza. I nostri clienti appartengono a universit\u00e0, istituti farmaceutici, istituti di ricerca e laboratori di ricerca in tutto il mondo.<\/p>\n<p>&nbsp;<\/p>\n<h3>Solliciteren<\/h3>\n<p>Invia una mail con cv a <a href=\"mailto:careers@antecscientific.com?subject=Sollicitatie%20commercieel%20administratief%20medewerker\">careers@antecscientific.com<\/a> t.n.v. dhr. N. Reinhoud.<\/p>\n<p>[\/et_pb_text][\/et_pb_column][et_pb_column type=&#8221;1_3&#8243; _builder_version=&#8221;4.16&#8243; custom_padding=&#8221;5%|5%|||false|false&#8221; global_colors_info=&#8221;{}&#8221; custom_padding__hover=&#8221;|||&#8221;][et_pb_image src=&#8221;https:\/\/antecscientific.com\/wp-content\/uploads\/2025\/12\/assemblage-300&#215;225.jpg&#8221; title_text=&#8221;assemblaggio&#8221; _builder_version=&#8221;4.27.5&#8243; _module_preset=&#8221;default&#8221; global_colors_info=&#8221;{}&#8221;][\/et_pb_image][et_pb_button button_url=&#8221;mailto:careers@antecscientific.com?Subject=Sollicitatie%20productiemedewerker&#8221; button_text=&#8221;Reageer nu!&#8221; button_alignment=&#8221;center&#8221; _builder_version=&#8221;4.27.5&#8243; _module_preset=&#8221;default&#8221; global_colors_info=&#8221;{}&#8221;][\/et_pb_button][et_pb_image src=&#8221;https:\/\/antecscientific.com\/wp-content\/uploads\/2025\/12\/magazijn-pallets-300&#215;225.jpg&#8221; title_text=&#8221;magazijn-pallets&#8221; _builder_version=&#8221;4.27.5&#8243; _module_preset=&#8221;default&#8221; global_colors_info=&#8221;{}&#8221;][\/et_pb_image][et_pb_image src=&#8221;https:\/\/antecscientific.com\/wp-content\/uploads\/2025\/12\/inpakken-voor-verzending-300&#215;225.jpg&#8221; title_text=&#8221;inpakken-voor-verzending&#8221; _builder_version=&#8221;4.27.5&#8243; _module_preset=&#8221;default&#8221; global_colors_info=&#8221;{}&#8221;][\/et_pb_image][et_pb_image src=&#8221;https:\/\/antecscientific.com\/wp-content\/uploads\/2025\/12\/20221021_144522-300&#215;225.jpg&#8221; title_text=&#8221;20221021_144522&#8243; _builder_version=&#8221;4.27.5&#8243; _module_preset=&#8221;default&#8221; global_colors_info=&#8221;{}&#8221;][\/et_pb_image][et_pb_button button_url=&#8221;mailto:careers@antecscientific.com?Subject=Sollicitatie%20productiemedewerker&#8221; button_text=&#8221;Reageer nu!&#8221; button_alignment=&#8221;center&#8221; _builder_version=&#8221;4.27.5&#8243; _module_preset=&#8221;default&#8221; global_colors_info=&#8221;{}&#8221;][\/et_pb_button][\/et_pb_column][\/et_pb_row][\/et_pb_section]<\/p>\n","protected":false},"excerpt":{"rendered":"<p>ProduttoreCerchi un lavoro autonomo in un team dinamico? Antec Scientific di Alphen aan den Rijn ti offre la possibilit\u00e0 di lavorare in un&#8217;azienda dinamica. Cerchiamo un nuovo collega per il settore Logistiek\/Productie. \u00c8 possibile trovare l&#8217;offerta di lavoro che cerchiamo? Scopri di pi\u00f9! &nbsp; Descrizione delle funzioni Vai alla scoria del laboratorio di assemblaggio, dove [&hellip;]<\/p>\n","protected":false},"author":3,"featured_media":0,"parent":17048,"menu_order":0,"comment_status":"closed","ping_status":"closed","template":"","meta":{"_et_pb_use_builder":"on","_et_pb_old_content":"","_et_gb_content_width":"","footnotes":""},"class_list":["post-35348","page","type-page","status-publish","hentry"],"yoast_head":"<!-- This site is optimized with the Yoast SEO plugin v27.3 - https:\/\/yoast.com\/product\/yoast-seo-wordpress\/ -->\n<title>Produttore - Antec Scientific<\/title>\n<meta name=\"description\" content=\"Per il nostro nuovo insediamento ad Alphen aan den Rijn cerchiamo un impiegato amministrativo per l&#039;amministrazione degli ordini, per 24 - 32 ore settimanali.\" \/>\n<meta name=\"robots\" content=\"index, follow, max-snippet:-1, max-image-preview:large, max-video-preview:-1\" \/>\n<link rel=\"canonical\" href=\"https:\/\/antecscientific.com\/it\/circa\/carriera\/produttori-di-medicinali\/\" \/>\n<meta property=\"og:locale\" content=\"it_IT\" \/>\n<meta property=\"og:type\" content=\"article\" \/>\n<meta property=\"og:title\" content=\"Produttore - Antec Scientific\" \/>\n<meta property=\"og:description\" content=\"Per il nostro nuovo insediamento ad Alphen aan den Rijn cerchiamo un impiegato amministrativo per l&#039;amministrazione degli ordini, per 24 - 32 ore settimanali.\" \/>\n<meta property=\"og:url\" content=\"https:\/\/antecscientific.com\/it\/circa\/carriera\/produttori-di-medicinali\/\" \/>\n<meta property=\"og:site_name\" content=\"Antec Scientific\" \/>\n<meta property=\"article:modified_time\" content=\"2026-01-18T10:55:33+00:00\" \/>\n<meta name=\"twitter:card\" content=\"summary_large_image\" \/>\n<meta name=\"twitter:label1\" content=\"Tempo di lettura stimato\" \/>\n\t<meta name=\"twitter:data1\" content=\"7 minuti\" \/>\n<script type=\"application\/ld+json\" class=\"yoast-schema-graph\">{\"@context\":\"https:\\\/\\\/schema.org\",\"@graph\":[{\"@type\":\"WebPage\",\"@id\":\"https:\\\/\\\/antecscientific.com\\\/it\\\/circa\\\/carriera\\\/produttori-di-medicinali\\\/\",\"url\":\"https:\\\/\\\/antecscientific.com\\\/it\\\/circa\\\/carriera\\\/produttori-di-medicinali\\\/\",\"name\":\"Produttore - Antec Scientific\",\"isPartOf\":{\"@id\":\"https:\\\/\\\/antecscientific.com\\\/it\\\/#website\"},\"datePublished\":\"2026-01-18T10:18:36+00:00\",\"dateModified\":\"2026-01-18T10:55:33+00:00\",\"description\":\"Per il nostro nuovo insediamento ad Alphen aan den Rijn cerchiamo un impiegato amministrativo per l'amministrazione degli ordini, per 24 - 32 ore settimanali.\",\"breadcrumb\":{\"@id\":\"https:\\\/\\\/antecscientific.com\\\/it\\\/circa\\\/carriera\\\/produttori-di-medicinali\\\/#breadcrumb\"},\"inLanguage\":\"it-IT\",\"potentialAction\":[{\"@type\":\"ReadAction\",\"target\":[\"https:\\\/\\\/antecscientific.com\\\/it\\\/circa\\\/carriera\\\/produttori-di-medicinali\\\/\"]}]},{\"@type\":\"BreadcrumbList\",\"@id\":\"https:\\\/\\\/antecscientific.com\\\/it\\\/circa\\\/carriera\\\/produttori-di-medicinali\\\/#breadcrumb\",\"itemListElement\":[{\"@type\":\"ListItem\",\"position\":1,\"name\":\"Chi Siamo\",\"item\":\"https:\\\/\\\/antecscientific.com\\\/it\\\/circa\\\/\"},{\"@type\":\"ListItem\",\"position\":2,\"name\":\"Carriera\",\"item\":\"https:\\\/\\\/antecscientific.com\\\/it\\\/circa\\\/carriera\\\/\"},{\"@type\":\"ListItem\",\"position\":3,\"name\":\"Produttore\"}]},{\"@type\":\"WebSite\",\"@id\":\"https:\\\/\\\/antecscientific.com\\\/it\\\/#website\",\"url\":\"https:\\\/\\\/antecscientific.com\\\/it\\\/\",\"name\":\"Antec Scientific\",\"description\":\"Supporting research to improve quality of life\",\"potentialAction\":[{\"@type\":\"SearchAction\",\"target\":{\"@type\":\"EntryPoint\",\"urlTemplate\":\"https:\\\/\\\/antecscientific.com\\\/it\\\/?s={search_term_string}\"},\"query-input\":{\"@type\":\"PropertyValueSpecification\",\"valueRequired\":true,\"valueName\":\"search_term_string\"}}],\"inLanguage\":\"it-IT\"}]}<\/script>\n<!-- \/ Yoast SEO plugin. -->","yoast_head_json":{"title":"Produttore - Antec Scientific","description":"Per il nostro nuovo insediamento ad Alphen aan den Rijn cerchiamo un impiegato amministrativo per l'amministrazione degli ordini, per 24 - 32 ore settimanali.","robots":{"index":"index","follow":"follow","max-snippet":"max-snippet:-1","max-image-preview":"max-image-preview:large","max-video-preview":"max-video-preview:-1"},"canonical":"https:\/\/antecscientific.com\/it\/circa\/carriera\/produttori-di-medicinali\/","og_locale":"it_IT","og_type":"article","og_title":"Produttore - Antec Scientific","og_description":"Per il nostro nuovo insediamento ad Alphen aan den Rijn cerchiamo un impiegato amministrativo per l'amministrazione degli ordini, per 24 - 32 ore settimanali.","og_url":"https:\/\/antecscientific.com\/it\/circa\/carriera\/produttori-di-medicinali\/","og_site_name":"Antec Scientific","article_modified_time":"2026-01-18T10:55:33+00:00","twitter_card":"summary_large_image","twitter_misc":{"Tempo di lettura stimato":"7 minuti"},"schema":{"@context":"https:\/\/schema.org","@graph":[{"@type":"WebPage","@id":"https:\/\/antecscientific.com\/it\/circa\/carriera\/produttori-di-medicinali\/","url":"https:\/\/antecscientific.com\/it\/circa\/carriera\/produttori-di-medicinali\/","name":"Produttore - Antec Scientific","isPartOf":{"@id":"https:\/\/antecscientific.com\/it\/#website"},"datePublished":"2026-01-18T10:18:36+00:00","dateModified":"2026-01-18T10:55:33+00:00","description":"Per il nostro nuovo insediamento ad Alphen aan den Rijn cerchiamo un impiegato amministrativo per l'amministrazione degli ordini, per 24 - 32 ore settimanali.","breadcrumb":{"@id":"https:\/\/antecscientific.com\/it\/circa\/carriera\/produttori-di-medicinali\/#breadcrumb"},"inLanguage":"it-IT","potentialAction":[{"@type":"ReadAction","target":["https:\/\/antecscientific.com\/it\/circa\/carriera\/produttori-di-medicinali\/"]}]},{"@type":"BreadcrumbList","@id":"https:\/\/antecscientific.com\/it\/circa\/carriera\/produttori-di-medicinali\/#breadcrumb","itemListElement":[{"@type":"ListItem","position":1,"name":"Chi Siamo","item":"https:\/\/antecscientific.com\/it\/circa\/"},{"@type":"ListItem","position":2,"name":"Carriera","item":"https:\/\/antecscientific.com\/it\/circa\/carriera\/"},{"@type":"ListItem","position":3,"name":"Produttore"}]},{"@type":"WebSite","@id":"https:\/\/antecscientific.com\/it\/#website","url":"https:\/\/antecscientific.com\/it\/","name":"Antec Scientific","description":"Supporting research to improve quality of life","potentialAction":[{"@type":"SearchAction","target":{"@type":"EntryPoint","urlTemplate":"https:\/\/antecscientific.com\/it\/?s={search_term_string}"},"query-input":{"@type":"PropertyValueSpecification","valueRequired":true,"valueName":"search_term_string"}}],"inLanguage":"it-IT"}]}},"_links":{"self":[{"href":"https:\/\/antecscientific.com\/it\/wp-json\/wp\/v2\/pages\/35348","targetHints":{"allow":["GET"]}}],"collection":[{"href":"https:\/\/antecscientific.com\/it\/wp-json\/wp\/v2\/pages"}],"about":[{"href":"https:\/\/antecscientific.com\/it\/wp-json\/wp\/v2\/types\/page"}],"author":[{"embeddable":true,"href":"https:\/\/antecscientific.com\/it\/wp-json\/wp\/v2\/users\/3"}],"replies":[{"embeddable":true,"href":"https:\/\/antecscientific.com\/it\/wp-json\/wp\/v2\/comments?post=35348"}],"version-history":[{"count":27,"href":"https:\/\/antecscientific.com\/it\/wp-json\/wp\/v2\/pages\/35348\/revisions"}],"predecessor-version":[{"id":35522,"href":"https:\/\/antecscientific.com\/it\/wp-json\/wp\/v2\/pages\/35348\/revisions\/35522"}],"up":[{"embeddable":true,"href":"https:\/\/antecscientific.com\/it\/wp-json\/wp\/v2\/pages\/17048"}],"wp:attachment":[{"href":"https:\/\/antecscientific.com\/it\/wp-json\/wp\/v2\/media?parent=35348"}],"curies":[{"name":"wp","href":"https:\/\/api.w.org\/{rel}","templated":true}]}}