{"id":21175,"date":"2023-06-13T15:18:14","date_gmt":"2023-06-13T15:18:14","guid":{"rendered":"https:\/\/antecscientific.com\/circa\/carriera\/analista-chimico-hplc-2\/"},"modified":"2023-07-28T07:30:58","modified_gmt":"2023-07-28T07:30:58","slug":"analista-chimico-hplc-2","status":"publish","type":"page","link":"https:\/\/antecscientific.com\/it\/circa\/carriera\/analista-chimico-hplc-2\/","title":{"rendered":"Analista chimico HPLC"},"content":{"rendered":"<p>[et_pb_section fb_built=&#8221;1&#8243; admin_label=&#8221;Header&#8221; _builder_version=&#8221;4.18.0&#8243; background_image=&#8221;https:\/\/antecscientific.com\/wp-content\/uploads\/2022\/09\/11_img.jpg&#8221; parallax=&#8221;on&#8221; custom_padding=&#8221;2vw|0px|200px|0px|false|false&#8221; collapsed=&#8221;on&#8221; global_colors_info=&#8221;{}&#8221;][et_pb_row _builder_version=&#8221;4.16&#8243; global_colors_info=&#8221;{}&#8221;][et_pb_column type=&#8221;4_4&#8243; _builder_version=&#8221;4.16&#8243; custom_padding=&#8221;|||&#8221; global_colors_info=&#8221;{}&#8221; custom_padding__hover=&#8221;|||&#8221;][et_pb_text admin_label=&#8221;Breadcrumbs (don&#8217;t touch)&#8221; _builder_version=&#8221;4.16&#8243; text_font=&#8221;|700|||||||&#8221; text_text_color=&#8221;#ffffff&#8221; text_font_size=&#8221;15px&#8221; link_font=&#8221;|700|||||||&#8221; link_text_color=&#8221;#ffffff&#8221; link_font_size=&#8221;15px&#8221; global_colors_info=&#8221;{}&#8221;][\/et_pb_text][et_pb_text admin_label=&#8221;Big page title (don&#8217;t touch)&#8221; _builder_version=&#8221;4.16&#8243; _dynamic_attributes=&#8221;content&#8221; text_font=&#8221;||||||||&#8221; header_font=&#8221;|700|||||||&#8221; header_text_color=&#8221;#ffffff&#8221; header_font_size=&#8221;80px&#8221; header_line_height=&#8221;1.2em&#8221; header_5_font=&#8221;Raleway|700||on|||||&#8221; header_5_text_color=&#8221;#000000&#8243; header_5_font_size=&#8221;20px&#8221; header_5_letter_spacing=&#8221;0.5em&#8221; header_5_line_height=&#8221;1.8em&#8221; animation_style=&#8221;zoom&#8221; animation_intensity_zoom=&#8221;5%&#8221; header_font_size_tablet=&#8221;48px&#8221; header_font_size_phone=&#8221;32px&#8221; header_font_size_last_edited=&#8221;on|phone&#8221; header_5_font_size_tablet=&#8221;14px&#8221; header_5_font_size_phone=&#8221;12px&#8221; header_5_font_size_last_edited=&#8221;on|desktop&#8221; global_colors_info=&#8221;{}&#8221;]@ET-DC@eyJkeW5hbWljIjp0cnVlLCJjb250ZW50IjoicG9zdF90aXRsZSIsInNldHRpbmdzIjp7ImJlZm9yZSI6IjxoMT4iLCJhZnRlciI6IjxcL2gxPiJ9fQ==@[\/et_pb_text][\/et_pb_column][\/et_pb_row][\/et_pb_section][et_pb_section fb_built=&#8221;1&#8243; admin_label=&#8221;Content&#8221; _builder_version=&#8221;4.17.6&#8243; background_color=&#8221;#ffffff&#8221; max_width=&#8221;90%&#8221; max_width_tablet=&#8221;&#8221; max_width_phone=&#8221;100%&#8221; max_width_last_edited=&#8221;on|phone&#8221; custom_margin=&#8221;-160px||0px||false|false&#8221; custom_padding=&#8221;||0px||false|false&#8221; border_color_all=&#8221;#ffffff&#8221; border_width_left=&#8221;10vw&#8221; global_colors_info=&#8221;{}&#8221;][et_pb_row column_structure=&#8221;2_3,1_3&#8243; custom_padding_last_edited=&#8221;on|phone&#8221; _builder_version=&#8221;4.16&#8243; width=&#8221;auto&#8221; max_width=&#8221;none&#8221; custom_padding=&#8221;27px|0|27px|0px|false|false&#8221; custom_padding_tablet=&#8221;|0px||0px||true&#8221; custom_padding_phone=&#8221;|10%||0px|false|false&#8221; locked=&#8221;off&#8221; global_colors_info=&#8221;{}&#8221;][et_pb_column type=&#8221;2_3&#8243; _builder_version=&#8221;4.16&#8243; custom_padding=&#8221;|||&#8221; global_colors_info=&#8221;{}&#8221; custom_padding__hover=&#8221;|||&#8221;][et_pb_text admin_label=&#8221;Subtitle&#8221; _builder_version=&#8221;4.18.0&#8243; text_font=&#8221;||||||||&#8221; text_line_height=&#8221;2em&#8221; header_font=&#8221;||||||||&#8221; header_2_font=&#8221;|600||on|||||&#8221; header_2_text_color=&#8221;#df0834&#8243; header_2_font_size=&#8221;20px&#8221; header_2_line_height=&#8221;1.4em&#8221; header_6_font=&#8221;|700||on|||||&#8221; header_6_font_size=&#8221;16px&#8221; header_6_letter_spacing=&#8221;5px&#8221; header_6_line_height=&#8221;1.8em&#8221; max_width=&#8221;700px&#8221; module_alignment=&#8221;center&#8221; custom_margin=&#8221;||0px||false|false&#8221; custom_padding=&#8221;||0px||false|false&#8221; header_2_font_size_tablet=&#8221;25px&#8221; header_2_font_size_phone=&#8221;25px&#8221; header_2_font_size_last_edited=&#8221;on|phone&#8221; global_colors_info=&#8221;{}&#8221;]<\/p>\n<h2>Vacante &#8211; Analista chimico HPLC<\/h2>\n<p>[\/et_pb_text][et_pb_text admin_label=&#8221;Paragraph&#8221; _builder_version=&#8221;4.20.4&#8243; text_font=&#8221;||||||||&#8221; text_font_size=&#8221;18px&#8221; text_line_height=&#8221;2em&#8221; header_font=&#8221;||||||||&#8221; header_2_font=&#8221;Raleway|700|||||||&#8221; header_2_font_size=&#8221;50px&#8221; header_2_line_height=&#8221;1.4em&#8221; header_6_font=&#8221;Raleway|700||on|||||&#8221; header_6_font_size=&#8221;16px&#8221; header_6_letter_spacing=&#8221;5px&#8221; header_6_line_height=&#8221;1.8em&#8221; text_orientation=&#8221;justified&#8221; max_width=&#8221;700px&#8221; module_alignment=&#8221;center&#8221; custom_margin=&#8221;0px||||false|false&#8221; custom_padding=&#8221;0px||||false|false&#8221; header_2_font_size_tablet=&#8221;35px&#8221; header_2_font_size_phone=&#8221;25px&#8221; header_2_font_size_last_edited=&#8221;on|phone&#8221; text_orientation_tablet=&#8221;&#8221; text_orientation_phone=&#8221;left&#8221; text_orientation_last_edited=&#8221;on|desktop&#8221; global_colors_info=&#8221;{}&#8221;]<\/p>\n<p>Siamo alla ricerca di un analista chimico a tempo pieno per il nostro laboratorio HPLC di Alphen a\/d Rijn. Si va verso le scorie con il test dei prodotti nel quadro del controllo qualit\u00e0 e l&#8217;attivazione dell&#8217;apparecchiatura HPLC. Inoltre, \u00e8 possibile ottenere informazioni sui nuovi prodotti e sui metodi di analisi HPLC. Inoltre, \u00e8 possibile entrare in contatto con i clienti di tutto il mondo, per la presentazione di richieste e la fornitura di assistenza.<\/p>\n<p>&nbsp;<\/p>\n<p><strong>La squadra<\/strong><\/p>\n<p>Lavorate nel nostro laboratorio di Alphen aan den Rijn. Sei a capo di un team di 15 colleghi. Non abbiamo bisogno di un lungo viaggio, ma di una buona cucina e di un buon rapporto di lavoro.<\/p>\n<p>&nbsp;<\/p>\n<p><strong>Come si fa a ottenere la perfetta pulizia del pavimento?<\/strong><\/p>\n<p>La nostra \u00e8 una societ\u00e0 molto diversificata, in cui operano ingegneri, addetti alle vendite, alla logistica e alla produzione di diversi settori e nazionalit\u00e0. Le differenze tra i due tipi di immagini sono molto diverse tra loro. E questo \u00e8 un bene per la nostra organizzazione. Siamo ben disposti a vedere come si \u00e8 comportato e quali sono le sue qualit\u00e0 e i suoi servizi.<\/p>\n<ul>\n<li>HLO Analytische Chemie, di soortgelijk<\/li>\n<li>Ervaring met HPLC<\/li>\n<li>Ottime capacit\u00e0 comunicative, capacit\u00e0 di comunicazione, capacit\u00e0 di gestione del territorio<\/li>\n<li>Un&#8217;ottima conoscenza del dialetto inglese<\/li>\n<\/ul>\n<p>&nbsp;<\/p>\n<p><strong>Werkzaamheden<\/strong><\/p>\n<ul>\n<li>Controllo della qualit\u00e0 dei prodotti Antec<\/li>\n<li>Controllo dell&#8217;apparecchiatura HPLC<\/li>\n<li>Test di prototipi e software<\/li>\n<li>Nuovi metodi e prodotti di analisi<\/li>\n<li>Voci di corridoio dei clienti<\/li>\n<\/ul>\n<p>&nbsp;<\/p>\n<p><strong>Vi offriamo<\/strong><\/p>\n<ul>\n<li>Funzionalit\u00e0 di base 40 ore a settimana<\/li>\n<li>Contratto per un periodo di tempo limitato e per un vasto gruppo di lavoro<\/li>\n<li>Gestione delle attivit\u00e0 di formazione e addestramento<\/li>\n<li>Lavorare in modo flessibile<\/li>\n<li>Prima salaris, affidabile per la conservazione<\/li>\n<li>Budget per le spese personali<\/li>\n<li>Tanta disponibilit\u00e0 e sicurezza per gli iniziati.<\/li>\n<li>Reiskostenvergoeding, biglietto da visita di OV<\/li>\n<li>24 vakantiedagen (da 35 giorni)<\/li>\n<\/ul>\n<p>&nbsp;<\/p>\n<p><strong>Chi \u00e8 Antec Scientific?<\/strong><\/p>\n<p>Da oltre 32 anni Antec Scientific \u00e8 leader mondiale nella fornitura di analizzatori e reattori elettrochimici per HPLC e MS. I nostri strumenti sono utilizzati nella ricerca, nella diagnostica e nel controllo qualit\u00e0. Applicazioni convalidate per l&#8217;analisi neurochimica, ambientale, alimentare, clinica e farmaceutica sono state sviluppate con successo utilizzando i sistemi ALEXYS LC-EC. L&#8217;accoppiamento on-line dell&#8217;elettrochimica (EC) con la LC\/MS ha mostrato un grande potenziale per l&#8217;indagine del metabolismo dei farmaci e dell&#8217;ingegneria proteica. I nostri clienti sono ospedali, universit\u00e0, aziende farmaceutiche, produttori alimentari e laboratori di ricerca di tutto il mondo. La sede centrale di Antec si trova nei Paesi Bassi, con una filiale a Boston, negli Stati Uniti.<\/p>\n<p>&nbsp;<\/p>\n<p><strong>Soluzioni<\/strong><\/p>\n<p>Invia la tua domanda di assunzione con CV all&#8217;indirizzo <a href=\"mailto:careers@antecscientific.com\">careers@antecscientific.com<\/a> al dott. N.J. Reinhoud<\/p>\n<p>[\/et_pb_text][\/et_pb_column][et_pb_column type=&#8221;1_3&#8243; _builder_version=&#8221;4.16&#8243; custom_padding=&#8221;5%|5%|||false|false&#8221; global_colors_info=&#8221;{}&#8221; custom_padding__hover=&#8221;|||&#8221;][et_pb_image src=&#8221;https:\/\/antecscientific.com\/wp-content\/uploads\/2022\/09\/shutterstock_2175407917-300&#215;200.jpg&#8221; title_text=&#8221;Uomo,e,donna,partner,che,indossano,l&#8217;uniforme da scienziato,in piedi,con,le,braccia&#8221; _builder_version=&#8221;4.18.0&#8243; _module_preset=&#8221;default&#8221; locked=&#8221;off&#8221; global_colors_info=&#8221;{}&#8221;][\/et_pb_image][et_pb_button button_url=&#8221;mailto:careers@antecscientific.com&#8221; button_text=&#8221;Reageer nu!&#8221; button_alignment=&#8221;center&#8221; _builder_version=&#8221;4.18.0&#8243; _module_preset=&#8221;default&#8221; global_colors_info=&#8221;{}&#8221;][\/et_pb_button][\/et_pb_column][\/et_pb_row][\/et_pb_section]<\/p>\n","protected":false},"excerpt":{"rendered":"<p>Vacante &#8211; Analista chimico HPLCSiamo alla ricerca di un analista chimico a tempo pieno per il nostro laboratorio HPLC di Alphen a\/d Rijn. Si va verso le scorie con il test dei prodotti nel quadro del controllo qualit\u00e0 e l&#8217;attivazione dell&#8217;apparecchiatura HPLC. Inoltre, \u00e8 possibile ottenere informazioni sui nuovi prodotti e sui metodi di analisi [&hellip;]<\/p>\n","protected":false},"author":3,"featured_media":0,"parent":17048,"menu_order":0,"comment_status":"closed","ping_status":"closed","template":"","meta":{"_et_pb_use_builder":"on","_et_pb_old_content":"","_et_gb_content_width":"","footnotes":""},"class_list":["post-21175","page","type-page","status-publish","hentry"],"yoast_head":"<!-- This site is optimized with the Yoast SEO plugin v27.4 - https:\/\/yoast.com\/product\/yoast-seo-wordpress\/ -->\n<title>Analista chimico HPLC - Antec Scientific<\/title>\n<meta name=\"description\" content=\"Stiamo cercando un ricercatore per il nostro laboratorio applicativo di Alphen a\/d Rijn, con un background in chimica analitica.\" \/>\n<meta name=\"robots\" content=\"index, follow, max-snippet:-1, max-image-preview:large, max-video-preview:-1\" \/>\n<link rel=\"canonical\" href=\"https:\/\/antecscientific.com\/it\/circa\/carriera\/analista-chimico-hplc-2\/\" \/>\n<meta property=\"og:locale\" content=\"it_IT\" \/>\n<meta property=\"og:type\" content=\"article\" \/>\n<meta property=\"og:title\" content=\"Analista chimico HPLC - Antec Scientific\" \/>\n<meta property=\"og:description\" content=\"Stiamo cercando un ricercatore per il nostro laboratorio applicativo di Alphen a\/d Rijn, con un background in chimica analitica.\" \/>\n<meta property=\"og:url\" content=\"https:\/\/antecscientific.com\/it\/circa\/carriera\/analista-chimico-hplc-2\/\" \/>\n<meta property=\"og:site_name\" content=\"Antec Scientific\" \/>\n<meta property=\"article:modified_time\" content=\"2023-07-28T07:30:58+00:00\" \/>\n<meta name=\"twitter:card\" content=\"summary_large_image\" \/>\n<meta name=\"twitter:label1\" content=\"Tempo di lettura stimato\" \/>\n\t<meta name=\"twitter:data1\" content=\"5 minuti\" \/>\n<script type=\"application\/ld+json\" class=\"yoast-schema-graph\">{\"@context\":\"https:\\\/\\\/schema.org\",\"@graph\":[{\"@type\":\"WebPage\",\"@id\":\"https:\\\/\\\/antecscientific.com\\\/it\\\/circa\\\/carriera\\\/analista-chimico-hplc-2\\\/\",\"url\":\"https:\\\/\\\/antecscientific.com\\\/it\\\/circa\\\/carriera\\\/analista-chimico-hplc-2\\\/\",\"name\":\"Analista chimico HPLC - Antec Scientific\",\"isPartOf\":{\"@id\":\"https:\\\/\\\/antecscientific.com\\\/it\\\/#website\"},\"datePublished\":\"2023-06-13T15:18:14+00:00\",\"dateModified\":\"2023-07-28T07:30:58+00:00\",\"description\":\"Stiamo cercando un ricercatore per il nostro laboratorio applicativo di Alphen a\\\/d Rijn, con un background in chimica analitica.\",\"breadcrumb\":{\"@id\":\"https:\\\/\\\/antecscientific.com\\\/it\\\/circa\\\/carriera\\\/analista-chimico-hplc-2\\\/#breadcrumb\"},\"inLanguage\":\"it-IT\",\"potentialAction\":[{\"@type\":\"ReadAction\",\"target\":[\"https:\\\/\\\/antecscientific.com\\\/it\\\/circa\\\/carriera\\\/analista-chimico-hplc-2\\\/\"]}]},{\"@type\":\"BreadcrumbList\",\"@id\":\"https:\\\/\\\/antecscientific.com\\\/it\\\/circa\\\/carriera\\\/analista-chimico-hplc-2\\\/#breadcrumb\",\"itemListElement\":[{\"@type\":\"ListItem\",\"position\":1,\"name\":\"Chi Siamo\",\"item\":\"https:\\\/\\\/antecscientific.com\\\/it\\\/circa\\\/\"},{\"@type\":\"ListItem\",\"position\":2,\"name\":\"Carriera\",\"item\":\"https:\\\/\\\/antecscientific.com\\\/it\\\/circa\\\/carriera\\\/\"},{\"@type\":\"ListItem\",\"position\":3,\"name\":\"Analista chimico HPLC\"}]},{\"@type\":\"WebSite\",\"@id\":\"https:\\\/\\\/antecscientific.com\\\/it\\\/#website\",\"url\":\"https:\\\/\\\/antecscientific.com\\\/it\\\/\",\"name\":\"Antec Scientific\",\"description\":\"Supporting research to improve quality of life\",\"potentialAction\":[{\"@type\":\"SearchAction\",\"target\":{\"@type\":\"EntryPoint\",\"urlTemplate\":\"https:\\\/\\\/antecscientific.com\\\/it\\\/?s={search_term_string}\"},\"query-input\":{\"@type\":\"PropertyValueSpecification\",\"valueRequired\":true,\"valueName\":\"search_term_string\"}}],\"inLanguage\":\"it-IT\"}]}<\/script>\n<!-- \/ Yoast SEO plugin. -->","yoast_head_json":{"title":"Analista chimico HPLC - Antec Scientific","description":"Stiamo cercando un ricercatore per il nostro laboratorio applicativo di Alphen a\/d Rijn, con un background in chimica analitica.","robots":{"index":"index","follow":"follow","max-snippet":"max-snippet:-1","max-image-preview":"max-image-preview:large","max-video-preview":"max-video-preview:-1"},"canonical":"https:\/\/antecscientific.com\/it\/circa\/carriera\/analista-chimico-hplc-2\/","og_locale":"it_IT","og_type":"article","og_title":"Analista chimico HPLC - Antec Scientific","og_description":"Stiamo cercando un ricercatore per il nostro laboratorio applicativo di Alphen a\/d Rijn, con un background in chimica analitica.","og_url":"https:\/\/antecscientific.com\/it\/circa\/carriera\/analista-chimico-hplc-2\/","og_site_name":"Antec Scientific","article_modified_time":"2023-07-28T07:30:58+00:00","twitter_card":"summary_large_image","twitter_misc":{"Tempo di lettura stimato":"5 minuti"},"schema":{"@context":"https:\/\/schema.org","@graph":[{"@type":"WebPage","@id":"https:\/\/antecscientific.com\/it\/circa\/carriera\/analista-chimico-hplc-2\/","url":"https:\/\/antecscientific.com\/it\/circa\/carriera\/analista-chimico-hplc-2\/","name":"Analista chimico HPLC - Antec Scientific","isPartOf":{"@id":"https:\/\/antecscientific.com\/it\/#website"},"datePublished":"2023-06-13T15:18:14+00:00","dateModified":"2023-07-28T07:30:58+00:00","description":"Stiamo cercando un ricercatore per il nostro laboratorio applicativo di Alphen a\/d Rijn, con un background in chimica analitica.","breadcrumb":{"@id":"https:\/\/antecscientific.com\/it\/circa\/carriera\/analista-chimico-hplc-2\/#breadcrumb"},"inLanguage":"it-IT","potentialAction":[{"@type":"ReadAction","target":["https:\/\/antecscientific.com\/it\/circa\/carriera\/analista-chimico-hplc-2\/"]}]},{"@type":"BreadcrumbList","@id":"https:\/\/antecscientific.com\/it\/circa\/carriera\/analista-chimico-hplc-2\/#breadcrumb","itemListElement":[{"@type":"ListItem","position":1,"name":"Chi Siamo","item":"https:\/\/antecscientific.com\/it\/circa\/"},{"@type":"ListItem","position":2,"name":"Carriera","item":"https:\/\/antecscientific.com\/it\/circa\/carriera\/"},{"@type":"ListItem","position":3,"name":"Analista chimico HPLC"}]},{"@type":"WebSite","@id":"https:\/\/antecscientific.com\/it\/#website","url":"https:\/\/antecscientific.com\/it\/","name":"Antec Scientific","description":"Supporting research to improve quality of life","potentialAction":[{"@type":"SearchAction","target":{"@type":"EntryPoint","urlTemplate":"https:\/\/antecscientific.com\/it\/?s={search_term_string}"},"query-input":{"@type":"PropertyValueSpecification","valueRequired":true,"valueName":"search_term_string"}}],"inLanguage":"it-IT"}]}},"_links":{"self":[{"href":"https:\/\/antecscientific.com\/it\/wp-json\/wp\/v2\/pages\/21175","targetHints":{"allow":["GET"]}}],"collection":[{"href":"https:\/\/antecscientific.com\/it\/wp-json\/wp\/v2\/pages"}],"about":[{"href":"https:\/\/antecscientific.com\/it\/wp-json\/wp\/v2\/types\/page"}],"author":[{"embeddable":true,"href":"https:\/\/antecscientific.com\/it\/wp-json\/wp\/v2\/users\/3"}],"replies":[{"embeddable":true,"href":"https:\/\/antecscientific.com\/it\/wp-json\/wp\/v2\/comments?post=21175"}],"version-history":[{"count":18,"href":"https:\/\/antecscientific.com\/it\/wp-json\/wp\/v2\/pages\/21175\/revisions"}],"predecessor-version":[{"id":22003,"href":"https:\/\/antecscientific.com\/it\/wp-json\/wp\/v2\/pages\/21175\/revisions\/22003"}],"up":[{"embeddable":true,"href":"https:\/\/antecscientific.com\/it\/wp-json\/wp\/v2\/pages\/17048"}],"wp:attachment":[{"href":"https:\/\/antecscientific.com\/it\/wp-json\/wp\/v2\/media?parent=21175"}],"curies":[{"name":"wp","href":"https:\/\/api.w.org\/{rel}","templated":true}]}}