{"id":17841,"date":"2021-11-01T09:52:57","date_gmt":"2021-11-01T08:52:57","guid":{"rendered":"https:\/\/antecscientific.com\/circa\/antec-scientific\/"},"modified":"2025-10-24T17:24:46","modified_gmt":"2025-10-24T15:24:46","slug":"antec-scientific","status":"publish","type":"page","link":"https:\/\/antecscientific.com\/it\/circa\/antec-scientific\/","title":{"rendered":"Antec Scientific"},"content":{"rendered":"<p>[et_pb_section fb_built=&#8221;1&#8243; admin_label=&#8221;Header&#8221; _builder_version=&#8221;4.16&#8243; background_image=&#8221;https:\/\/antecscientific.com\/wp-content\/uploads\/2020\/11\/usa.jpg&#8221; parallax=&#8221;on&#8221; custom_padding=&#8221;2vw|0px|200px|0px|false|false&#8221; collapsed=&#8221;on&#8221; global_colors_info=&#8221;{}&#8221;][et_pb_row _builder_version=&#8221;4.16&#8243; global_colors_info=&#8221;{}&#8221;][et_pb_column type=&#8221;4_4&#8243; _builder_version=&#8221;4.16&#8243; custom_padding=&#8221;|||&#8221; global_colors_info=&#8221;{}&#8221; custom_padding__hover=&#8221;|||&#8221;][et_pb_text admin_label=&#8221;Breadcrumbs (don&#8217;t touch)&#8221; _builder_version=&#8221;4.16&#8243; text_font=&#8221;|700|||||||&#8221; text_text_color=&#8221;#ffffff&#8221; text_font_size=&#8221;15px&#8221; link_font=&#8221;|700|||||||&#8221; link_text_color=&#8221;#ffffff&#8221; link_font_size=&#8221;15px&#8221; global_colors_info=&#8221;{}&#8221;][\/et_pb_text][et_pb_text admin_label=&#8221;Big page title (don&#8217;t touch)&#8221; _builder_version=&#8221;4.16&#8243; _dynamic_attributes=&#8221;content&#8221; text_font=&#8221;||||||||&#8221; header_font=&#8221;|700|||||||&#8221; header_text_color=&#8221;#ffffff&#8221; header_font_size=&#8221;80px&#8221; header_line_height=&#8221;1.2em&#8221; header_5_font=&#8221;Raleway|700||on|||||&#8221; header_5_text_color=&#8221;#000000&#8243; header_5_font_size=&#8221;20px&#8221; header_5_letter_spacing=&#8221;0.5em&#8221; header_5_line_height=&#8221;1.8em&#8221; animation_style=&#8221;zoom&#8221; animation_intensity_zoom=&#8221;5%&#8221; header_font_size_tablet=&#8221;48px&#8221; header_font_size_phone=&#8221;32px&#8221; header_font_size_last_edited=&#8221;on|phone&#8221; header_5_font_size_tablet=&#8221;14px&#8221; header_5_font_size_phone=&#8221;12px&#8221; header_5_font_size_last_edited=&#8221;on|desktop&#8221; global_colors_info=&#8221;{}&#8221;]@ET-DC@eyJkeW5hbWljIjp0cnVlLCJjb250ZW50IjoicG9zdF90aXRsZSIsInNldHRpbmdzIjp7ImJlZm9yZSI6IjxoMT4iLCJhZnRlciI6IjxcL2gxPiJ9fQ==@[\/et_pb_text][\/et_pb_column][\/et_pb_row][\/et_pb_section][et_pb_section fb_built=&#8221;1&#8243; admin_label=&#8221;Content&#8221; _builder_version=&#8221;4.16&#8243; background_color=&#8221;#ffffff&#8221; max_width=&#8221;90%&#8221; max_width_tablet=&#8221;&#8221; max_width_phone=&#8221;100%&#8221; max_width_last_edited=&#8221;on|phone&#8221; custom_margin=&#8221;-160px||0px||false|false&#8221; custom_padding=&#8221;||0px||false|false&#8221; border_color_all=&#8221;#ffffff&#8221; border_width_left=&#8221;10vw&#8221; global_colors_info=&#8221;{}&#8221;][et_pb_row column_structure=&#8221;2_3,1_3&#8243; custom_padding_last_edited=&#8221;on|phone&#8221; _builder_version=&#8221;4.16&#8243; width=&#8221;auto&#8221; max_width=&#8221;none&#8221; custom_padding=&#8221;27px|0|27px|0px|false|false&#8221; custom_padding_tablet=&#8221;|0px||0px||true&#8221; custom_padding_phone=&#8221;|10%||0px|false|false&#8221; global_colors_info=&#8221;{}&#8221;][et_pb_column type=&#8221;2_3&#8243; _builder_version=&#8221;4.16&#8243; custom_padding=&#8221;|||&#8221; global_colors_info=&#8221;{}&#8221; custom_padding__hover=&#8221;|||&#8221;][et_pb_text admin_label=&#8221;Subtitle&#8221; _builder_version=&#8221;4.19.4&#8243; text_font=&#8221;||||||||&#8221; text_line_height=&#8221;2em&#8221; header_font=&#8221;||||||||&#8221; header_2_font=&#8221;|600||on|||||&#8221; header_2_text_color=&#8221;#df0834&#8243; header_2_font_size=&#8221;20px&#8221; header_2_line_height=&#8221;1.4em&#8221; header_6_font=&#8221;|700||on|||||&#8221; header_6_font_size=&#8221;16px&#8221; header_6_letter_spacing=&#8221;5px&#8221; header_6_line_height=&#8221;1.8em&#8221; max_width=&#8221;700px&#8221; module_alignment=&#8221;center&#8221; custom_margin=&#8221;||0px||false|false&#8221; custom_padding=&#8221;||0px||false|false&#8221; header_2_font_size_tablet=&#8221;25px&#8221; header_2_font_size_phone=&#8221;25px&#8221; header_2_font_size_last_edited=&#8221;on|phone&#8221; global_colors_info=&#8221;{}&#8221;]<\/p>\n<h2>Informazioni su Antec Scientific<\/h2>\n<p>[\/et_pb_text][et_pb_text content_last_edited=&#8221;off|desktop&#8221; admin_label=&#8221;Paragraph&#8221; _builder_version=&#8221;4.19.4&#8243; text_font=&#8221;||||||||&#8221; text_font_size=&#8221;18px&#8221; text_line_height=&#8221;2em&#8221; header_font=&#8221;||||||||&#8221; header_2_font=&#8221;Raleway|700|||||||&#8221; header_2_font_size=&#8221;50px&#8221; header_2_line_height=&#8221;1.4em&#8221; header_6_font=&#8221;Raleway|700||on|||||&#8221; header_6_font_size=&#8221;16px&#8221; header_6_letter_spacing=&#8221;5px&#8221; header_6_line_height=&#8221;1.8em&#8221; text_orientation=&#8221;justified&#8221; max_width=&#8221;700px&#8221; module_alignment=&#8221;center&#8221; custom_margin=&#8221;0px||||false|false&#8221; custom_padding=&#8221;0px||||false|false&#8221; header_2_font_size_tablet=&#8221;35px&#8221; header_2_font_size_phone=&#8221;25px&#8221; header_2_font_size_last_edited=&#8221;on|phone&#8221; text_orientation_tablet=&#8221;&#8221; text_orientation_phone=&#8221;left&#8221; text_orientation_last_edited=&#8221;on|desktop&#8221; global_colors_info=&#8221;{}&#8221;]Dalla sua fondazione nel 1990, Antec Scientific \u00e8 diventata l&#8217;azienda pi\u00f9 impegnata al mondo nella fornitura di strumentazione analitica basata sull&#8217;elettrochimica (EC). Antec Scientific \u00e8 fortemente impegnata a soddisfare ulteriormente le esigenze dei propri clienti e a continuare a sviluppare tecnologie all&#8217;avanguardia e soluzioni innovative per le sfide analitiche di oggi. I nostri strumenti coprono un&#8217;ampia gamma di applicazioni in quasi tutti i campi analitici, dalla ricerca e sviluppo alle analisi di routine.<\/p>\n<p>Per saperne di pi\u00f9 <a href=\"https:\/\/antecscientific.com\/it\/circa\/\">su Antec Scientific&#8230;.<\/a>[\/et_pb_text][et_pb_toggle title=&#8221;Informazioni su Antec Scientific&#8221; open=&#8221;on&#8221; open_toggle_text_color=&#8221;#000000&#8243; open_toggle_background_color=&#8221;#f6f9fb&#8221; closed_toggle_background_color=&#8221;RGBA(0,0,0,0)&#8221; icon_color=&#8221;#8e969e&#8221; open_icon_color=&#8221;#8e969e&#8221; admin_label=&#8221;Toggle&#8221; module_class=&#8221;substance-accordeon&#8221; _builder_version=&#8221;4.19.4&#8243; _module_preset=&#8221;default&#8221; title_text_color=&#8221;#8e969e&#8221; title_font_size=&#8221;14px&#8221; max_width=&#8221;700px&#8221; module_alignment=&#8221;center&#8221; border_width_all=&#8221;0px&#8221; border_width_bottom=&#8221;1px&#8221; border_color_bottom=&#8221;#e5e5e5&#8243; global_colors_info=&#8221;{}&#8221;]<\/p>\n<ul>\n<li><a href=\"https:\/\/antecscientific.com\/about\/antec-scientific\/careers\/\">Carriera<\/a><\/li>\n<li><a href=\"https:\/\/antecscientific.com\/it\/circa\/antec-scientific\/innovazioni\/\">Innovazioni<\/a><\/li>\n<li><a href=\"https:\/\/antecscientific.com\/it\/circa\/antec-scientific\/certificato-iso\/\">Certificato ISO<\/a><\/li>\n<li><a href=\"https:\/\/antecscientific.com\/it\/circa\/antec-scientific\/brevetti\/\">Brevetti<\/a><\/li>\n<li><a href=\"https:\/\/antecscientific.com\/it\/circa\/antec-scientific\/squadra\/\">Squadra<\/a><\/li>\n<\/ul>\n<p>[\/et_pb_toggle][\/et_pb_column][et_pb_column type=&#8221;1_3&#8243; _builder_version=&#8221;4.16&#8243; custom_padding=&#8221;5%|5%|||false|false&#8221; global_colors_info=&#8221;{}&#8221; custom_padding__hover=&#8221;|||&#8221;][et_pb_image src=&#8221;https:\/\/antecscientific.com\/wp-content\/uploads\/2021\/10\/boston-offices-300&#215;240.jpg&#8221; title_text=&#8221;uffici di boston&#8221; _builder_version=&#8221;4.16&#8243; _module_preset=&#8221;default&#8221; global_colors_info=&#8221;{}&#8221;][\/et_pb_image][et_pb_image src=&#8221;https:\/\/antecscientific.com\/wp-content\/uploads\/2024\/02\/copr_cap-300&#215;251.png&#8221; title_text=&#8221;copr_cap&#8221; url_new_window=&#8221;on&#8221; _builder_version=&#8221;4.27.4&#8243; _module_preset=&#8221;default&#8221; global_colors_info=&#8221;{}&#8221;][\/et_pb_image][et_pb_text _builder_version=&#8221;4.27.4&#8243; _module_preset=&#8221;default&#8221; link_option_url=&#8221;https:\/\/antecscientific.com\/download\/115\/docs\/8183\/corporate-capabilities-2024&#8243; link_option_url_new_window=&#8221;on&#8221; hover_enabled=&#8221;0&#8243; global_colors_info=&#8221;{}&#8221; sticky_enabled=&#8221;0&#8243;]<\/p>\n<p><em>Clicca per scaricare la brochure:  <\/em>        <ul class=\"antec-downloads view--inline\">\n                    <li class=\"download\">\n                <a href=\"https:\/\/antecscientific.com\/wp-content\/mu-plugins\/antec-downloads\/files\/webdocs\/docs\/Corporate Capabilities2025_06.pdf\" class=\"\" download>Corporate Capabilities2025_06.pdf<\/a>\n            <\/li>\n            <\/ul>\n<\/p>\n<p>[\/et_pb_text][\/et_pb_column][\/et_pb_row][\/et_pb_section][et_pb_section fb_built=&#8221;1&#8243; _builder_version=&#8221;4.16.1&#8243; _module_preset=&#8221;default&#8221; max_width=&#8221;90%&#8221; global_module=&#8221;11161&#8243; collapsed=&#8221;off&#8221; global_colors_info=&#8221;{}&#8221;][et_pb_row column_structure=&#8221;1_2,1_2&#8243; module_class=&#8221;substancetoggle&#8221; _builder_version=&#8221;4.16.0&#8243; _module_preset=&#8221;default&#8221; global_colors_info=&#8221;{}&#8221;][et_pb_column type=&#8221;1_2&#8243; _builder_version=&#8221;4.16&#8243; _module_preset=&#8221;default&#8221; global_colors_info=&#8221;{}&#8221;][\/et_pb_column][et_pb_column type=&#8221;1_2&#8243; _builder_version=&#8221;4.16&#8243; _module_preset=&#8221;default&#8221; global_colors_info=&#8221;{}&#8221;][\/et_pb_column][\/et_pb_row][\/et_pb_section]<\/p>\n","protected":false},"excerpt":{"rendered":"<p>Informazioni su Antec ScientificDalla sua fondazione nel 1990, Antec Scientific \u00e8 diventata l&#8217;azienda pi\u00f9 impegnata al mondo nella fornitura di strumentazione analitica basata sull&#8217;elettrochimica (EC). Antec Scientific \u00e8 fortemente impegnata a soddisfare ulteriormente le esigenze dei propri clienti e a continuare a sviluppare tecnologie all&#8217;avanguardia e soluzioni innovative per le sfide analitiche di oggi. I [&hellip;]<\/p>\n","protected":false},"author":3,"featured_media":0,"parent":17601,"menu_order":0,"comment_status":"closed","ping_status":"closed","template":"","meta":{"_et_pb_use_builder":"on","_et_pb_old_content":"","_et_gb_content_width":"","footnotes":""},"class_list":["post-17841","page","type-page","status-publish","hentry"],"yoast_head":"<!-- This site is optimized with the Yoast SEO plugin v27.4 - https:\/\/yoast.com\/product\/yoast-seo-wordpress\/ -->\n<title>Antec Scientific - Antec Scientific<\/title>\n<meta name=\"robots\" content=\"index, follow, max-snippet:-1, max-image-preview:large, max-video-preview:-1\" \/>\n<link rel=\"canonical\" href=\"https:\/\/antecscientific.com\/it\/circa\/antec-scientific\/\" \/>\n<meta property=\"og:locale\" content=\"it_IT\" \/>\n<meta property=\"og:type\" content=\"article\" \/>\n<meta property=\"og:title\" content=\"Antec Scientific - Antec Scientific\" \/>\n<meta property=\"og:description\" content=\"Informazioni su Antec ScientificDalla sua fondazione nel 1990, Antec Scientific \u00e8 diventata l&#039;azienda pi\u00f9 impegnata al mondo nella fornitura di strumentazione analitica basata sull&#039;elettrochimica (EC). Antec Scientific \u00e8 fortemente impegnata a soddisfare ulteriormente le esigenze dei propri clienti e a continuare a sviluppare tecnologie all&#039;avanguardia e soluzioni innovative per le sfide analitiche di oggi. I [&hellip;]\" \/>\n<meta property=\"og:url\" content=\"https:\/\/antecscientific.com\/it\/circa\/antec-scientific\/\" \/>\n<meta property=\"og:site_name\" content=\"Antec Scientific\" \/>\n<meta property=\"article:modified_time\" content=\"2025-10-24T15:24:46+00:00\" \/>\n<meta name=\"twitter:card\" content=\"summary_large_image\" \/>\n<meta name=\"twitter:label1\" content=\"Tempo di lettura stimato\" \/>\n\t<meta name=\"twitter:data1\" content=\"4 minuti\" \/>\n<script type=\"application\/ld+json\" class=\"yoast-schema-graph\">{\"@context\":\"https:\\\/\\\/schema.org\",\"@graph\":[{\"@type\":\"WebPage\",\"@id\":\"https:\\\/\\\/antecscientific.com\\\/it\\\/circa\\\/antec-scientific\\\/\",\"url\":\"https:\\\/\\\/antecscientific.com\\\/it\\\/circa\\\/antec-scientific\\\/\",\"name\":\"Antec Scientific - Antec Scientific\",\"isPartOf\":{\"@id\":\"https:\\\/\\\/antecscientific.com\\\/it\\\/#website\"},\"datePublished\":\"2021-11-01T08:52:57+00:00\",\"dateModified\":\"2025-10-24T15:24:46+00:00\",\"breadcrumb\":{\"@id\":\"https:\\\/\\\/antecscientific.com\\\/it\\\/circa\\\/antec-scientific\\\/#breadcrumb\"},\"inLanguage\":\"it-IT\",\"potentialAction\":[{\"@type\":\"ReadAction\",\"target\":[\"https:\\\/\\\/antecscientific.com\\\/it\\\/circa\\\/antec-scientific\\\/\"]}]},{\"@type\":\"BreadcrumbList\",\"@id\":\"https:\\\/\\\/antecscientific.com\\\/it\\\/circa\\\/antec-scientific\\\/#breadcrumb\",\"itemListElement\":[{\"@type\":\"ListItem\",\"position\":1,\"name\":\"Chi Siamo\",\"item\":\"https:\\\/\\\/antecscientific.com\\\/it\\\/circa\\\/\"},{\"@type\":\"ListItem\",\"position\":2,\"name\":\"Antec Scientific\"}]},{\"@type\":\"WebSite\",\"@id\":\"https:\\\/\\\/antecscientific.com\\\/it\\\/#website\",\"url\":\"https:\\\/\\\/antecscientific.com\\\/it\\\/\",\"name\":\"Antec Scientific\",\"description\":\"Supporting research to improve quality of life\",\"potentialAction\":[{\"@type\":\"SearchAction\",\"target\":{\"@type\":\"EntryPoint\",\"urlTemplate\":\"https:\\\/\\\/antecscientific.com\\\/it\\\/?s={search_term_string}\"},\"query-input\":{\"@type\":\"PropertyValueSpecification\",\"valueRequired\":true,\"valueName\":\"search_term_string\"}}],\"inLanguage\":\"it-IT\"}]}<\/script>\n<!-- \/ Yoast SEO plugin. -->","yoast_head_json":{"title":"Antec Scientific - Antec Scientific","robots":{"index":"index","follow":"follow","max-snippet":"max-snippet:-1","max-image-preview":"max-image-preview:large","max-video-preview":"max-video-preview:-1"},"canonical":"https:\/\/antecscientific.com\/it\/circa\/antec-scientific\/","og_locale":"it_IT","og_type":"article","og_title":"Antec Scientific - Antec Scientific","og_description":"Informazioni su Antec ScientificDalla sua fondazione nel 1990, Antec Scientific \u00e8 diventata l'azienda pi\u00f9 impegnata al mondo nella fornitura di strumentazione analitica basata sull'elettrochimica (EC). Antec Scientific \u00e8 fortemente impegnata a soddisfare ulteriormente le esigenze dei propri clienti e a continuare a sviluppare tecnologie all'avanguardia e soluzioni innovative per le sfide analitiche di oggi. I [&hellip;]","og_url":"https:\/\/antecscientific.com\/it\/circa\/antec-scientific\/","og_site_name":"Antec Scientific","article_modified_time":"2025-10-24T15:24:46+00:00","twitter_card":"summary_large_image","twitter_misc":{"Tempo di lettura stimato":"4 minuti"},"schema":{"@context":"https:\/\/schema.org","@graph":[{"@type":"WebPage","@id":"https:\/\/antecscientific.com\/it\/circa\/antec-scientific\/","url":"https:\/\/antecscientific.com\/it\/circa\/antec-scientific\/","name":"Antec Scientific - Antec Scientific","isPartOf":{"@id":"https:\/\/antecscientific.com\/it\/#website"},"datePublished":"2021-11-01T08:52:57+00:00","dateModified":"2025-10-24T15:24:46+00:00","breadcrumb":{"@id":"https:\/\/antecscientific.com\/it\/circa\/antec-scientific\/#breadcrumb"},"inLanguage":"it-IT","potentialAction":[{"@type":"ReadAction","target":["https:\/\/antecscientific.com\/it\/circa\/antec-scientific\/"]}]},{"@type":"BreadcrumbList","@id":"https:\/\/antecscientific.com\/it\/circa\/antec-scientific\/#breadcrumb","itemListElement":[{"@type":"ListItem","position":1,"name":"Chi Siamo","item":"https:\/\/antecscientific.com\/it\/circa\/"},{"@type":"ListItem","position":2,"name":"Antec Scientific"}]},{"@type":"WebSite","@id":"https:\/\/antecscientific.com\/it\/#website","url":"https:\/\/antecscientific.com\/it\/","name":"Antec Scientific","description":"Supporting research to improve quality of life","potentialAction":[{"@type":"SearchAction","target":{"@type":"EntryPoint","urlTemplate":"https:\/\/antecscientific.com\/it\/?s={search_term_string}"},"query-input":{"@type":"PropertyValueSpecification","valueRequired":true,"valueName":"search_term_string"}}],"inLanguage":"it-IT"}]}},"_links":{"self":[{"href":"https:\/\/antecscientific.com\/it\/wp-json\/wp\/v2\/pages\/17841","targetHints":{"allow":["GET"]}}],"collection":[{"href":"https:\/\/antecscientific.com\/it\/wp-json\/wp\/v2\/pages"}],"about":[{"href":"https:\/\/antecscientific.com\/it\/wp-json\/wp\/v2\/types\/page"}],"author":[{"embeddable":true,"href":"https:\/\/antecscientific.com\/it\/wp-json\/wp\/v2\/users\/3"}],"replies":[{"embeddable":true,"href":"https:\/\/antecscientific.com\/it\/wp-json\/wp\/v2\/comments?post=17841"}],"version-history":[{"count":23,"href":"https:\/\/antecscientific.com\/it\/wp-json\/wp\/v2\/pages\/17841\/revisions"}],"predecessor-version":[{"id":33953,"href":"https:\/\/antecscientific.com\/it\/wp-json\/wp\/v2\/pages\/17841\/revisions\/33953"}],"up":[{"embeddable":true,"href":"https:\/\/antecscientific.com\/it\/wp-json\/wp\/v2\/pages\/17601"}],"wp:attachment":[{"href":"https:\/\/antecscientific.com\/it\/wp-json\/wp\/v2\/media?parent=17841"}],"curies":[{"name":"wp","href":"https:\/\/api.w.org\/{rel}","templated":true}]}}