{"id":17379,"date":"2020-11-30T10:15:47","date_gmt":"2020-11-30T10:15:47","guid":{"rendered":"https:\/\/antecscientific.com\/condizioni-di-utilizzo\/"},"modified":"2023-02-06T13:22:09","modified_gmt":"2023-02-06T13:22:09","slug":"condizioni-di-utilizzo","status":"publish","type":"page","link":"https:\/\/antecscientific.com\/it\/condizioni-di-utilizzo\/","title":{"rendered":"Condizioni di utilizzo"},"content":{"rendered":"<p>[et_pb_section fb_built=&#8221;1&#8243; admin_label=&#8221;Header&#8221; _builder_version=&#8221;4.6.6&#8243; background_image=&#8221;https:\/\/antecscientific.com\/wp-content\/uploads\/2020\/11\/distribution1.jpg&#8221; parallax=&#8221;on&#8221; custom_padding=&#8221;2vw|0px|200px|0px|false|false&#8221; collapsed=&#8221;on&#8221;][et_pb_row _builder_version=&#8221;3.25&#8243;][et_pb_column type=&#8221;4_4&#8243; _builder_version=&#8221;3.25&#8243; custom_padding=&#8221;|||&#8221; custom_padding__hover=&#8221;|||&#8221;][et_pb_text admin_label=&#8221;Breadcrumbs (don&#8217;t touch)&#8221; _builder_version=&#8221;4.4.8&#8243; text_font=&#8221;|700|||||||&#8221; text_text_color=&#8221;#ffffff&#8221; text_font_size=&#8221;15px&#8221; link_font=&#8221;|700|||||||&#8221; link_text_color=&#8221;#ffffff&#8221; link_font_size=&#8221;15px&#8221;][\/et_pb_text][et_pb_text admin_label=&#8221;Big page title (don&#8217;t touch)&#8221; _builder_version=&#8221;4.5.6&#8243; _dynamic_attributes=&#8221;content&#8221; text_font=&#8221;||||||||&#8221; header_font=&#8221;|700|||||||&#8221; header_text_color=&#8221;#ffffff&#8221; header_font_size=&#8221;80px&#8221; header_line_height=&#8221;1.2em&#8221; header_5_font=&#8221;Raleway|700||on|||||&#8221; header_5_text_color=&#8221;#000000&#8243; header_5_font_size=&#8221;20px&#8221; header_5_letter_spacing=&#8221;0.5em&#8221; header_5_line_height=&#8221;1.8em&#8221; animation_style=&#8221;zoom&#8221; animation_intensity_zoom=&#8221;5%&#8221; header_font_size_tablet=&#8221;48px&#8221; header_font_size_phone=&#8221;32px&#8221; header_font_size_last_edited=&#8221;on|phone&#8221; header_5_font_size_tablet=&#8221;14px&#8221; header_5_font_size_phone=&#8221;12px&#8221; header_5_font_size_last_edited=&#8221;on|desktop&#8221;]@ET-DC@eyJkeW5hbWljIjp0cnVlLCJjb250ZW50IjoicG9zdF90aXRsZSIsInNldHRpbmdzIjp7ImJlZm9yZSI6IjxoMT4iLCJhZnRlciI6IjxcL2gxPiJ9fQ==@[\/et_pb_text][\/et_pb_column][\/et_pb_row][\/et_pb_section][et_pb_section fb_built=&#8221;1&#8243; admin_label=&#8221;Content&#8221; _builder_version=&#8221;4.4.8&#8243; background_color=&#8221;#ffffff&#8221; max_width=&#8221;90%&#8221; max_width_tablet=&#8221;&#8221; max_width_phone=&#8221;100%&#8221; max_width_last_edited=&#8221;on|phone&#8221; custom_margin=&#8221;-160px||0px||false|false&#8221; custom_padding=&#8221;||0px||false|false&#8221; border_color_all=&#8221;#ffffff&#8221; border_width_left=&#8221;10vw&#8221;][et_pb_row column_structure=&#8221;2_3,1_3&#8243; custom_padding_last_edited=&#8221;on|phone&#8221; _builder_version=&#8221;4.5.6&#8243; width=&#8221;auto&#8221; max_width=&#8221;none&#8221; custom_padding=&#8221;27px|0|27px|0px|false|false&#8221; custom_padding_tablet=&#8221;|0px||0px||true&#8221; custom_padding_phone=&#8221;|10%||0px|false|false&#8221;][et_pb_column type=&#8221;2_3&#8243; _builder_version=&#8221;3.25&#8243; custom_padding=&#8221;|||&#8221; custom_padding__hover=&#8221;|||&#8221;][et_pb_text admin_label=&#8221;Subtitle&#8221; _builder_version=&#8221;4.7.4&#8243; text_font=&#8221;||||||||&#8221; text_font_size=&#8221;16px&#8221; text_line_height=&#8221;2em&#8221; header_font=&#8221;||||||||&#8221; header_2_font=&#8221;|600||on|||||&#8221; header_2_text_color=&#8221;#df0834&#8243; header_2_font_size=&#8221;20px&#8221; header_2_line_height=&#8221;1.4em&#8221; header_6_font=&#8221;|700||on|||||&#8221; header_6_font_size=&#8221;16px&#8221; header_6_letter_spacing=&#8221;5px&#8221; header_6_line_height=&#8221;1.8em&#8221; max_width=&#8221;700px&#8221; module_alignment=&#8221;center&#8221; custom_margin=&#8221;||0px||false|false&#8221; custom_padding=&#8221;||0px||false|false&#8221; header_2_font_size_tablet=&#8221;25px&#8221; header_2_font_size_phone=&#8221;25px&#8221; header_2_font_size_last_edited=&#8221;on|phone&#8221;]<\/p>\n<h2>Condizioni di utilizzo<\/h2>\n<p>[\/et_pb_text][et_pb_text admin_label=&#8221;Paragraph&#8221; _builder_version=&#8221;4.7.4&#8243; text_font=&#8221;||||||||&#8221; text_font_size=&#8221;18px&#8221; text_line_height=&#8221;2em&#8221; header_font=&#8221;||||||||&#8221; header_2_font=&#8221;Raleway|700|||||||&#8221; header_2_font_size=&#8221;50px&#8221; header_2_line_height=&#8221;1.4em&#8221; header_6_font=&#8221;Raleway|700||on|||||&#8221; header_6_font_size=&#8221;16px&#8221; header_6_letter_spacing=&#8221;5px&#8221; header_6_line_height=&#8221;1.8em&#8221; text_orientation=&#8221;justified&#8221; max_width=&#8221;700px&#8221; module_alignment=&#8221;center&#8221; custom_margin=&#8221;0px||||false|false&#8221; custom_padding=&#8221;0px||||false|false&#8221; header_2_font_size_tablet=&#8221;35px&#8221; header_2_font_size_phone=&#8221;25px&#8221; header_2_font_size_last_edited=&#8221;on|phone&#8221; text_orientation_tablet=&#8221;&#8221; text_orientation_phone=&#8221;left&#8221; text_orientation_last_edited=&#8221;on|desktop&#8221;]<\/p>\n<p>L&#8217;uso di questo sito web (&#8220;Sito&#8221;) \u00e8 soggetto alle presenti condizioni d&#8217;uso (&#8220;Condizioni&#8221;). Si prega di leggere attentamente le presenti Condizioni; se non si accettano le Condizioni, non utilizzare questo sito web di Antec Leyden BV (&#8220;Antec Scientific&#8221;). L&#8217;utilizzo di questo sito web implica l&#8217;accettazione delle presenti Condizioni.<\/p>\n<p><strong>Informazioni di identificazione personale.<\/strong>  Quando vi registrate su questo Sito, vi verr\u00e0 chiesto di fornire informazioni di contatto per l&#8217;identificazione personale (ad esempio, nome, organizzazione, indirizzo e-mail e cos\u00ec via) e altre informazioni. Solo con il consenso dell&#8217;utente, utilizziamo le informazioni di contatto ottenute tramite questo Sito per inviare e-mail e posta elettronica ai clienti con le informazioni pi\u00f9 recenti sui prodotti e sui servizi, nonch\u00e9 altre informazioni che riteniamo possano essere utili all&#8217;utente.<\/p>\n<p><strong>Terzi<\/strong>. Possiamo condividere le informazioni che vi riguardano con dipendenti, affiliati, successori e agenti, rappresentanti o distributori, che sono tenuti a trattare le informazioni in conformit\u00e0 con i nostri Termini. Salvo quanto specificamente descritto nei presenti Termini, non venderemo, scambieremo o trasferiremo le informazioni dell&#8217;utente a terzi non affiliati che non siano terzi autorizzati (come, ad esempio, gli appaltatori che supportano il funzionamento di questo Sito) e altri soggetti coinvolti nella catena di distribuzione dell&#8217;e-commerce (ad esempio, venditori, fornitori di servizi), che potrebbero avere bisogno di accedere ad alcune delle informazioni personali dell&#8217;utente. Obblighiamo tali terze parti a rispettare i nostri Termini e a limitare l&#8217;accesso e l&#8217;uso dei vostri dati personali.<strong> <\/strong><\/p>\n<p><strong>Annullamento dell&#8217;iscrizione<\/strong>. Se l&#8217;utente non desidera ricevere determinate comunicazioni da parte nostra, delle nostre affiliate o dei nostri rappresentanti, pu\u00f2 annullare l&#8217;iscrizione o rifiutarsi di ricevere tali comunicazioni (1) rifiutando il servizio offerto al momento della registrazione o in altri punti di raccolta delle informazioni sul Sito, oppure (2) informandoci che non desiderate pi\u00f9 ricevere tali comunicazioni. Se l&#8217;utente annulla l&#8217;iscrizione a determinate comunicazioni, potrebbe non essere in grado di accedere ad alcuni dei nostri prodotti o servizi. Se si desidera annullare l&#8217;iscrizione alla ricezione di comunicazioni da parte di societ\u00e0 affiliate o altre terze parti con cui abbiamo condiviso i dati in conformit\u00e0 con la presente politica, si prega di contattare direttamente tali terze parti.  <strong> <\/strong><\/p>\n<p><strong>Utilizzo del Sito<\/strong>. Antec Scientific autorizza l&#8217;utente a visualizzare e scaricare i materiali presenti in questo Sito solo per uso personale e non commerciale, a condizione che vengano mantenuti tutti gli avvisi di copyright e di altri diritti di propriet\u00e0 contenuti nei materiali originali su qualsiasi copia dei materiali. L&#8217;utente non pu\u00f2 modificare in alcun modo i materiali presenti in questo Sito, n\u00e9 riprodurli o mostrarli pubblicamente, eseguirli, distribuirli o utilizzarli in altro modo per qualsiasi scopo pubblico o commerciale. Ai fini delle presenti Condizioni, \u00e8 vietato l&#8217;uso di questi materiali su qualsiasi altro sito o ambiente informatico in rete per qualsiasi scopo. I materiali di questo Sito sono protetti da copyright e qualsiasi uso non autorizzato di qualsiasi materiale di questo Sito pu\u00f2 violare il copyright, i marchi e altre leggi. In caso di violazione di uno qualsiasi dei presenti Termini, l&#8217;autorizzazione all&#8217;uso del Sito cessa automaticamente e l&#8217;utente deve distruggere immediatamente qualsiasi materiale scaricato o stampato.<\/p>\n<p><strong>Utilizzo del software<\/strong>. Se scaricate un software da questo Sito (&#8220;Software&#8221;), l&#8217;uso del Software \u00e8 soggetto ai termini di licenza del Contratto di licenza software che accompagna o viene fornito con il Software. Non \u00e8 possibile scaricare o installare il Software prima di aver letto e accettato i termini del Contratto di licenza software.<\/p>\n<p><strong>Contributi degli utenti<\/strong>. Qualsiasi materiale, informazione o altra comunicazione che l&#8217;utente trasmette o pubblica su questo Sito sar\u00e0 considerato non riservato e non di propriet\u00e0 (&#8220;Comunicazioni&#8221;). Antec Scientific non avr\u00e0 alcun obbligo in merito alle Comunicazioni. Antec Scientific e i suoi incaricati saranno liberi di copiare, divulgare, distribuire, incorporare e utilizzare in altro modo le Comunicazioni e tutti i dati, le immagini, i suoni, i testi e altri elementi in esse contenuti per qualsiasi scopo commerciale o non commerciale. All&#8217;utente \u00e8 vietato pubblicare o trasmettere a o da questo Sito qualsiasi materiale illegale, minaccioso, calunnioso, diffamatorio, osceno, pornografico o altro materiale che possa violare qualsiasi legge.<\/p>\n<p><strong>Link ad altri siti web<\/strong>. I link a siti web di terzi presenti su questo Sito sono forniti esclusivamente per comodit\u00e0 dell&#8217;utente. Se si utilizzano questi link, si lascia il Sito. Antec Scientific non ha esaminato tutti questi siti di terze parti e non controlla e non \u00e8 responsabile di nessuno di questi siti o del loro contenuto. Pertanto, Antec Scientific non approva n\u00e9 rilascia alcuna dichiarazione in merito ad essi, n\u00e9 a qualsiasi informazione, software o altri prodotti o materiali ivi presenti, n\u00e9 ai risultati che possono essere ottenuti dal loro utilizzo. Se decidete di accedere a uno qualsiasi dei siti di terzi collegati a questo Sito, lo fate interamente a vostro rischio e pericolo.<\/p>\n<p><strong>Esclusione di responsabilit\u00e0<\/strong>. IL MATERIALE FORNITO IN QUESTO SITO \u00c8 FORNITO &#8220;COS\u00cc COM&#8217;\u00c8&#8221; SENZA GARANZIE DI ALCUN TIPO, COMPRESE LE GARANZIE DI COMMERCIABILIT\u00c0, IDONEIT\u00c0 PER UNO SCOPO PARTICOLARE O NON VIOLAZIONE DELLA PROPRIET\u00c0 INTELLETTUALE. Antec Scientific non garantisce inoltre l&#8217;accuratezza e la completezza dei materiali presenti in questo sito. Antec Scientific pu\u00f2 apportare modifiche al materiale di questo Sito, o ai prodotti e ai prezzi in esso descritti, in qualsiasi momento e senza preavviso. I materiali di questo Sito possono essere obsoleti e Antec Scientific non si impegna ad aggiornarli. Le informazioni pubblicate su questo Sito possono riferirsi a prodotti, programmi o servizi non disponibili nel vostro Paese. Per informazioni sui prodotti, i programmi e i servizi disponibili, consultare il distributore Antec Scientific di zona. La legge applicabile potrebbe non consentire l&#8217;esclusione di garanzie implicite, pertanto la suddetta esclusione potrebbe non essere applicabile.<\/p>\n<p><strong>Limitazione di responsabilit\u00e0<\/strong>. In nessun caso Antec Scientific, i suoi fornitori o altre terze parti menzionate in questo sito saranno responsabili per danni di qualsiasi tipo (inclusi, senza limitazioni, quelli derivanti da perdita di profitti, perdita di dati o interruzione dell&#8217;attivit\u00e0) derivanti dall&#8217;uso, dall&#8217;impossibilit\u00e0 di usare o dai risultati dell&#8217;uso di questo sito, di qualsiasi sito web collegato a questo sito o dei materiali o delle informazioni contenute in uno o tutti questi siti, sia che si basino su garanzia, contratto, illecito o qualsiasi altra teoria legale e che siano stati informati della possibilit\u00e0 di tali danni. Se l&#8217;uso dei materiali o delle informazioni contenute in questo sito comporta la necessit\u00e0 di assistenza, riparazione o correzione di apparecchiature o dati, l&#8217;utente si assume tutti i relativi costi; la legge applicabile potrebbe non consentire l&#8217;esclusione o la limitazione di danni incidentali o consequenziali, pertanto la limitazione o l&#8217;esclusione di cui sopra potrebbe non essere applicabile all&#8217;utente.<\/p>\n<p><strong>Generale<\/strong>. Antec Scientific pu\u00f2 rivedere i presenti Termini in qualsiasi momento aggiornando questa pubblicazione. L&#8217;utente \u00e8 tenuto a visitare questa pagina di tanto in tanto per rivedere i Termini aggiornati, in quanto sono vincolanti per l&#8217;utente. Alcune disposizioni dei presenti Termini possono essere sostituite da avvisi legali o termini espressamente designati e presenti in particolari pagine del Sito. Nota: chiunque si colleghi al sito web di Antec Scientific deve rispettare le Linee guida per il collegamento al sito web di Antec Scientific e tutte le leggi applicabili.<\/p>\n<p>&nbsp;<\/p>\n<p>&nbsp;<\/p>\n<p>[\/et_pb_text][\/et_pb_column][et_pb_column type=&#8221;1_3&#8243; _builder_version=&#8221;3.25&#8243; custom_padding=&#8221;|||&#8221; custom_padding__hover=&#8221;|||&#8221;][\/et_pb_column][\/et_pb_row][\/et_pb_section]<\/p>\n","protected":false},"excerpt":{"rendered":"<p>Condizioni d&#8217;uso di questo sito web e dichiarazione sulla privacy.<\/p>\n","protected":false},"author":3,"featured_media":0,"parent":0,"menu_order":0,"comment_status":"closed","ping_status":"closed","template":"","meta":{"_et_pb_use_builder":"on","_et_pb_old_content":"","_et_gb_content_width":"","footnotes":""},"class_list":["post-17379","page","type-page","status-publish","hentry"],"yoast_head":"<!-- This site is optimized with the Yoast SEO plugin v27.3 - https:\/\/yoast.com\/product\/yoast-seo-wordpress\/ -->\n<title>Condizioni di utilizzo - Antec Scientific<\/title>\n<meta name=\"description\" content=\"Condizioni d&#039;uso di questo sito web e dichiarazione sulla privacy.\" \/>\n<meta name=\"robots\" content=\"index, follow, max-snippet:-1, max-image-preview:large, max-video-preview:-1\" \/>\n<link rel=\"canonical\" href=\"https:\/\/antecscientific.com\/it\/condizioni-di-utilizzo\/\" \/>\n<meta property=\"og:locale\" content=\"it_IT\" \/>\n<meta property=\"og:type\" content=\"article\" \/>\n<meta property=\"og:title\" content=\"Condizioni di utilizzo - Antec Scientific\" \/>\n<meta property=\"og:description\" content=\"Condizioni d&#039;uso di questo sito web e dichiarazione sulla privacy.\" \/>\n<meta property=\"og:url\" content=\"https:\/\/antecscientific.com\/it\/condizioni-di-utilizzo\/\" \/>\n<meta property=\"og:site_name\" content=\"Antec Scientific\" \/>\n<meta property=\"article:modified_time\" content=\"2023-02-06T13:22:09+00:00\" \/>\n<meta name=\"twitter:card\" content=\"summary_large_image\" \/>\n<meta name=\"twitter:label1\" content=\"Tempo di lettura stimato\" \/>\n\t<meta name=\"twitter:data1\" content=\"8 minuti\" \/>\n<script type=\"application\/ld+json\" class=\"yoast-schema-graph\">{\"@context\":\"https:\\\/\\\/schema.org\",\"@graph\":[{\"@type\":\"WebPage\",\"@id\":\"https:\\\/\\\/antecscientific.com\\\/it\\\/condizioni-di-utilizzo\\\/\",\"url\":\"https:\\\/\\\/antecscientific.com\\\/it\\\/condizioni-di-utilizzo\\\/\",\"name\":\"Condizioni di utilizzo - Antec Scientific\",\"isPartOf\":{\"@id\":\"https:\\\/\\\/antecscientific.com\\\/it\\\/#website\"},\"datePublished\":\"2020-11-30T10:15:47+00:00\",\"dateModified\":\"2023-02-06T13:22:09+00:00\",\"description\":\"Condizioni d'uso di questo sito web e dichiarazione sulla privacy.\",\"inLanguage\":\"it-IT\",\"potentialAction\":[{\"@type\":\"ReadAction\",\"target\":[\"https:\\\/\\\/antecscientific.com\\\/it\\\/condizioni-di-utilizzo\\\/\"]}]},{\"@type\":\"WebSite\",\"@id\":\"https:\\\/\\\/antecscientific.com\\\/it\\\/#website\",\"url\":\"https:\\\/\\\/antecscientific.com\\\/it\\\/\",\"name\":\"Antec Scientific\",\"description\":\"Supporting research to improve quality of life\",\"potentialAction\":[{\"@type\":\"SearchAction\",\"target\":{\"@type\":\"EntryPoint\",\"urlTemplate\":\"https:\\\/\\\/antecscientific.com\\\/it\\\/?s={search_term_string}\"},\"query-input\":{\"@type\":\"PropertyValueSpecification\",\"valueRequired\":true,\"valueName\":\"search_term_string\"}}],\"inLanguage\":\"it-IT\"}]}<\/script>\n<!-- \/ Yoast SEO plugin. -->","yoast_head_json":{"title":"Condizioni di utilizzo - Antec Scientific","description":"Condizioni d'uso di questo sito web e dichiarazione sulla privacy.","robots":{"index":"index","follow":"follow","max-snippet":"max-snippet:-1","max-image-preview":"max-image-preview:large","max-video-preview":"max-video-preview:-1"},"canonical":"https:\/\/antecscientific.com\/it\/condizioni-di-utilizzo\/","og_locale":"it_IT","og_type":"article","og_title":"Condizioni di utilizzo - Antec Scientific","og_description":"Condizioni d'uso di questo sito web e dichiarazione sulla privacy.","og_url":"https:\/\/antecscientific.com\/it\/condizioni-di-utilizzo\/","og_site_name":"Antec Scientific","article_modified_time":"2023-02-06T13:22:09+00:00","twitter_card":"summary_large_image","twitter_misc":{"Tempo di lettura stimato":"8 minuti"},"schema":{"@context":"https:\/\/schema.org","@graph":[{"@type":"WebPage","@id":"https:\/\/antecscientific.com\/it\/condizioni-di-utilizzo\/","url":"https:\/\/antecscientific.com\/it\/condizioni-di-utilizzo\/","name":"Condizioni di utilizzo - Antec Scientific","isPartOf":{"@id":"https:\/\/antecscientific.com\/it\/#website"},"datePublished":"2020-11-30T10:15:47+00:00","dateModified":"2023-02-06T13:22:09+00:00","description":"Condizioni d'uso di questo sito web e dichiarazione sulla privacy.","inLanguage":"it-IT","potentialAction":[{"@type":"ReadAction","target":["https:\/\/antecscientific.com\/it\/condizioni-di-utilizzo\/"]}]},{"@type":"WebSite","@id":"https:\/\/antecscientific.com\/it\/#website","url":"https:\/\/antecscientific.com\/it\/","name":"Antec Scientific","description":"Supporting research to improve quality of life","potentialAction":[{"@type":"SearchAction","target":{"@type":"EntryPoint","urlTemplate":"https:\/\/antecscientific.com\/it\/?s={search_term_string}"},"query-input":{"@type":"PropertyValueSpecification","valueRequired":true,"valueName":"search_term_string"}}],"inLanguage":"it-IT"}]}},"_links":{"self":[{"href":"https:\/\/antecscientific.com\/it\/wp-json\/wp\/v2\/pages\/17379","targetHints":{"allow":["GET"]}}],"collection":[{"href":"https:\/\/antecscientific.com\/it\/wp-json\/wp\/v2\/pages"}],"about":[{"href":"https:\/\/antecscientific.com\/it\/wp-json\/wp\/v2\/types\/page"}],"author":[{"embeddable":true,"href":"https:\/\/antecscientific.com\/it\/wp-json\/wp\/v2\/users\/3"}],"replies":[{"embeddable":true,"href":"https:\/\/antecscientific.com\/it\/wp-json\/wp\/v2\/comments?post=17379"}],"version-history":[{"count":8,"href":"https:\/\/antecscientific.com\/it\/wp-json\/wp\/v2\/pages\/17379\/revisions"}],"predecessor-version":[{"id":17456,"href":"https:\/\/antecscientific.com\/it\/wp-json\/wp\/v2\/pages\/17379\/revisions\/17456"}],"wp:attachment":[{"href":"https:\/\/antecscientific.com\/it\/wp-json\/wp\/v2\/media?parent=17379"}],"curies":[{"name":"wp","href":"https:\/\/api.w.org\/{rel}","templated":true}]}}