{"id":17253,"date":"2020-09-05T10:50:45","date_gmt":"2020-09-05T08:50:45","guid":{"rendered":"https:\/\/antecscientific.com\/europa\/"},"modified":"2025-12-04T14:13:01","modified_gmt":"2025-12-04T13:13:01","slug":"europa","status":"publish","type":"page","link":"https:\/\/antecscientific.com\/it\/circa\/contatto\/europa\/","title":{"rendered":"Europa"},"content":{"rendered":"<p>[et_pb_section fb_built=&#8221;1&#8243; admin_label=&#8221;Header&#8221; _builder_version=&#8221;4.16&#8243; background_image=&#8221;https:\/\/antecscientific.com\/wp-content\/uploads\/2020\/11\/distribution1.jpg&#8221; parallax=&#8221;on&#8221; custom_padding=&#8221;2vw|0px|200px|0px|false|false&#8221; collapsed=&#8221;on&#8221; global_colors_info=&#8221;{}&#8221;][et_pb_row _builder_version=&#8221;4.16&#8243; global_colors_info=&#8221;{}&#8221;][et_pb_column type=&#8221;4_4&#8243; _builder_version=&#8221;4.16&#8243; custom_padding=&#8221;|||&#8221; global_colors_info=&#8221;{}&#8221; custom_padding__hover=&#8221;|||&#8221;][et_pb_text admin_label=&#8221;Breadcrumbs (don&#8217;t touch)&#8221; _builder_version=&#8221;4.16&#8243; text_font=&#8221;|700|||||||&#8221; text_text_color=&#8221;#ffffff&#8221; text_font_size=&#8221;15px&#8221; link_font=&#8221;|700|||||||&#8221; link_text_color=&#8221;#ffffff&#8221; link_font_size=&#8221;15px&#8221; global_colors_info=&#8221;{}&#8221;]<\/p>\n\n<p>[\/et_pb_text][et_pb_text admin_label=&#8221;Big page title (don&#8217;t touch)&#8221; _builder_version=&#8221;4.16&#8243; _dynamic_attributes=&#8221;content&#8221; text_font=&#8221;||||||||&#8221; header_font=&#8221;|700|||||||&#8221; header_text_color=&#8221;#ffffff&#8221; header_font_size=&#8221;80px&#8221; header_line_height=&#8221;1.2em&#8221; header_5_font=&#8221;Raleway|700||on|||||&#8221; header_5_text_color=&#8221;#000000&#8243; header_5_font_size=&#8221;20px&#8221; header_5_letter_spacing=&#8221;0.5em&#8221; header_5_line_height=&#8221;1.8em&#8221; animation_style=&#8221;zoom&#8221; animation_intensity_zoom=&#8221;5%&#8221; header_font_size_tablet=&#8221;48px&#8221; header_font_size_phone=&#8221;32px&#8221; header_font_size_last_edited=&#8221;on|phone&#8221; header_5_font_size_tablet=&#8221;14px&#8221; header_5_font_size_phone=&#8221;12px&#8221; header_5_font_size_last_edited=&#8221;on|desktop&#8221; global_colors_info=&#8221;{}&#8221;]@ET-DC@eyJkeW5hbWljIjp0cnVlLCJjb250ZW50IjoicG9zdF90aXRsZSIsInNldHRpbmdzIjp7ImJlZm9yZSI6IjxoMT4iLCJhZnRlciI6IjxcL2gxPiJ9fQ==@[\/et_pb_text][\/et_pb_column][\/et_pb_row][\/et_pb_section][et_pb_section fb_built=&#8221;1&#8243; admin_label=&#8221;Content&#8221; _builder_version=&#8221;4.16&#8243; background_color=&#8221;#ffffff&#8221; max_width=&#8221;90%&#8221; max_width_tablet=&#8221;&#8221; max_width_phone=&#8221;100%&#8221; max_width_last_edited=&#8221;on|phone&#8221; custom_margin=&#8221;-160px||0px||false|false&#8221; custom_padding=&#8221;||0px||false|false&#8221; border_color_all=&#8221;#ffffff&#8221; border_width_left=&#8221;10vw&#8221; global_colors_info=&#8221;{}&#8221;][et_pb_row column_structure=&#8221;2_3,1_3&#8243; custom_padding_last_edited=&#8221;on|phone&#8221; _builder_version=&#8221;4.16&#8243; vertical_offset_tablet=&#8221;0&#8243; horizontal_offset_tablet=&#8221;0&#8243; width=&#8221;auto&#8221; max_width=&#8221;none&#8221; custom_padding=&#8221;27px|0|27px|0px|false|false&#8221; custom_padding_tablet=&#8221;|0px||0px||true&#8221; custom_padding_phone=&#8221;|10%||0px|false|false&#8221; z_index_tablet=&#8221;0&#8243; box_shadow_horizontal_tablet=&#8221;0px&#8221; box_shadow_vertical_tablet=&#8221;0px&#8221; box_shadow_blur_tablet=&#8221;40px&#8221; box_shadow_spread_tablet=&#8221;0px&#8221; global_colors_info=&#8221;{}&#8221;][et_pb_column type=&#8221;2_3&#8243; _builder_version=&#8221;4.16&#8243; custom_padding=&#8221;|||&#8221; global_colors_info=&#8221;{}&#8221; custom_padding__hover=&#8221;|||&#8221;][et_pb_text admin_label=&#8221;Subtitle&#8221; _builder_version=&#8221;4.27.2&#8243; text_line_height=&#8221;2em&#8221; header_2_font=&#8221;|600||on|||||&#8221; header_2_text_color=&#8221;#df0834&#8243; header_2_font_size=&#8221;20px&#8221; header_2_line_height=&#8221;1.4em&#8221; header_6_font=&#8221;|700||on|||||&#8221; header_6_font_size=&#8221;16px&#8221; header_6_letter_spacing=&#8221;5px&#8221; header_6_line_height=&#8221;1.8em&#8221; vertical_offset_tablet=&#8221;0&#8243; horizontal_offset_tablet=&#8221;0&#8243; max_width=&#8221;700px&#8221; module_alignment=&#8221;center&#8221; custom_margin=&#8221;||0px||false|false&#8221; custom_padding=&#8221;||0px||false|false&#8221; header_2_font_size_tablet=&#8221;25px&#8221; header_2_font_size_phone=&#8221;&#8221; header_2_font_size_last_edited=&#8221;on|phone&#8221; z_index_tablet=&#8221;0&#8243; text_text_shadow_horizontal_length_tablet=&#8221;0px&#8221; text_text_shadow_vertical_length_tablet=&#8221;0px&#8221; text_text_shadow_blur_strength_tablet=&#8221;1px&#8221; link_text_shadow_horizontal_length_tablet=&#8221;0px&#8221; link_text_shadow_vertical_length_tablet=&#8221;0px&#8221; link_text_shadow_blur_strength_tablet=&#8221;1px&#8221; ul_text_shadow_horizontal_length_tablet=&#8221;0px&#8221; ul_text_shadow_vertical_length_tablet=&#8221;0px&#8221; ul_text_shadow_blur_strength_tablet=&#8221;1px&#8221; ol_text_shadow_horizontal_length_tablet=&#8221;0px&#8221; ol_text_shadow_vertical_length_tablet=&#8221;0px&#8221; ol_text_shadow_blur_strength_tablet=&#8221;1px&#8221; quote_text_shadow_horizontal_length_tablet=&#8221;0px&#8221; quote_text_shadow_vertical_length_tablet=&#8221;0px&#8221; quote_text_shadow_blur_strength_tablet=&#8221;1px&#8221; header_text_shadow_horizontal_length_tablet=&#8221;0px&#8221; header_text_shadow_vertical_length_tablet=&#8221;0px&#8221; header_text_shadow_blur_strength_tablet=&#8221;1px&#8221; header_2_text_shadow_horizontal_length_tablet=&#8221;0px&#8221; header_2_text_shadow_vertical_length_tablet=&#8221;0px&#8221; header_2_text_shadow_blur_strength_tablet=&#8221;1px&#8221; header_3_text_shadow_horizontal_length_tablet=&#8221;0px&#8221; header_3_text_shadow_vertical_length_tablet=&#8221;0px&#8221; header_3_text_shadow_blur_strength_tablet=&#8221;1px&#8221; header_4_text_shadow_horizontal_length_tablet=&#8221;0px&#8221; header_4_text_shadow_vertical_length_tablet=&#8221;0px&#8221; header_4_text_shadow_blur_strength_tablet=&#8221;1px&#8221; header_5_text_shadow_horizontal_length_tablet=&#8221;0px&#8221; header_5_text_shadow_vertical_length_tablet=&#8221;0px&#8221; header_5_text_shadow_blur_strength_tablet=&#8221;1px&#8221; header_6_text_shadow_horizontal_length_tablet=&#8221;0px&#8221; header_6_text_shadow_vertical_length_tablet=&#8221;0px&#8221; header_6_text_shadow_blur_strength_tablet=&#8221;1px&#8221; box_shadow_horizontal_tablet=&#8221;0px&#8221; box_shadow_vertical_tablet=&#8221;0px&#8221; box_shadow_blur_tablet=&#8221;40px&#8221; box_shadow_spread_tablet=&#8221;0px&#8221; global_colors_info=&#8221;{}&#8221;]<\/p>\n<h2>Distributori<\/h2>\n<p>[\/et_pb_text][et_pb_text admin_label=&#8221;Paragraph&#8221; _builder_version=&#8221;4.27.4&#8243; text_font_size=&#8221;18px&#8221; text_line_height=&#8221;2em&#8221; header_2_font=&#8221;Raleway|700|||||||&#8221; header_2_font_size=&#8221;50px&#8221; header_2_line_height=&#8221;1.4em&#8221; header_6_font=&#8221;Raleway|700||on|||||&#8221; header_6_font_size=&#8221;16px&#8221; header_6_letter_spacing=&#8221;5px&#8221; header_6_line_height=&#8221;1.8em&#8221; vertical_offset_tablet=&#8221;0&#8243; horizontal_offset_tablet=&#8221;0&#8243; text_orientation=&#8221;justified&#8221; max_width=&#8221;700px&#8221; module_alignment=&#8221;center&#8221; custom_margin=&#8221;0px||||false|false&#8221; custom_padding=&#8221;0px||||false|false&#8221; hover_enabled=&#8221;0&#8243; header_2_font_size_tablet=&#8221;35px&#8221; header_2_font_size_phone=&#8221;25px&#8221; header_2_font_size_last_edited=&#8221;on|phone&#8221; z_index_tablet=&#8221;0&#8243; text_orientation_tablet=&#8221;&#8221; text_orientation_phone=&#8221;left&#8221; text_orientation_last_edited=&#8221;on|desktop&#8221; text_text_shadow_horizontal_length_tablet=&#8221;0px&#8221; text_text_shadow_vertical_length_tablet=&#8221;0px&#8221; text_text_shadow_blur_strength_tablet=&#8221;1px&#8221; link_text_shadow_horizontal_length_tablet=&#8221;0px&#8221; link_text_shadow_vertical_length_tablet=&#8221;0px&#8221; link_text_shadow_blur_strength_tablet=&#8221;1px&#8221; ul_text_shadow_horizontal_length_tablet=&#8221;0px&#8221; ul_text_shadow_vertical_length_tablet=&#8221;0px&#8221; ul_text_shadow_blur_strength_tablet=&#8221;1px&#8221; ol_text_shadow_horizontal_length_tablet=&#8221;0px&#8221; ol_text_shadow_vertical_length_tablet=&#8221;0px&#8221; ol_text_shadow_blur_strength_tablet=&#8221;1px&#8221; quote_text_shadow_horizontal_length_tablet=&#8221;0px&#8221; quote_text_shadow_vertical_length_tablet=&#8221;0px&#8221; quote_text_shadow_blur_strength_tablet=&#8221;1px&#8221; header_text_shadow_horizontal_length_tablet=&#8221;0px&#8221; header_text_shadow_vertical_length_tablet=&#8221;0px&#8221; header_text_shadow_blur_strength_tablet=&#8221;1px&#8221; header_2_text_shadow_horizontal_length_tablet=&#8221;0px&#8221; header_2_text_shadow_vertical_length_tablet=&#8221;0px&#8221; header_2_text_shadow_blur_strength_tablet=&#8221;1px&#8221; header_3_text_shadow_horizontal_length_tablet=&#8221;0px&#8221; header_3_text_shadow_vertical_length_tablet=&#8221;0px&#8221; header_3_text_shadow_blur_strength_tablet=&#8221;1px&#8221; header_4_text_shadow_horizontal_length_tablet=&#8221;0px&#8221; header_4_text_shadow_vertical_length_tablet=&#8221;0px&#8221; header_4_text_shadow_blur_strength_tablet=&#8221;1px&#8221; header_5_text_shadow_horizontal_length_tablet=&#8221;0px&#8221; header_5_text_shadow_vertical_length_tablet=&#8221;0px&#8221; header_5_text_shadow_blur_strength_tablet=&#8221;1px&#8221; header_6_text_shadow_horizontal_length_tablet=&#8221;0px&#8221; header_6_text_shadow_vertical_length_tablet=&#8221;0px&#8221; header_6_text_shadow_blur_strength_tablet=&#8221;1px&#8221; box_shadow_horizontal_tablet=&#8221;0px&#8221; box_shadow_vertical_tablet=&#8221;0px&#8221; box_shadow_blur_tablet=&#8221;40px&#8221; box_shadow_spread_tablet=&#8221;0px&#8221; global_colors_info=&#8221;{}&#8221; sticky_enabled=&#8221;0&#8243;]<\/p>\n<h3>Austria<\/h3>\n<p><strong>Antec Scientific<\/strong><br \/>T: +49 15 2900 11933<br \/>T: +31 (0)172 268 888 (HQ)<br \/>E: <a href=\"mailto:info.austria@antecscientific.com\">info.austria@antecscientific.com<\/a><br \/>W: <a href=\"http:\/\/www.antecscientific.com\" target=\"_blank\" rel=\"noopener noreferrer\">www.antecscientific.com<\/a><\/p>\n<hr size=\"1\">\n<h3>Belgio<\/h3>\n<p><strong>Antec Scientific<\/strong><br \/>T: +31 (0)172 268 888 (HQ)<br \/>E: <a href=\"mailto:info@antecscientific.com\">info@antecscientific.com<\/a><br \/>W: <a href=\"http:\/\/www.antecscientific.com\" target=\"_blank\" rel=\"noopener noreferrer\">www.antecscientific.com<\/a><\/p>\n<hr size=\"1\">\n<h3>Bosnia ed Erzegovina<\/h3>\n<p><strong>BIA d.o.o.<\/strong><br \/>T: +386 1 426 45 88<br \/>E: <a href=\"mailto:sales@bia.si\">sales@bia.si<\/a><br \/>W: <a href=\"http:\/\/www.bia.si\" target=\"_blank\" rel=\"noopener noreferrer\">www.bia.si<\/a><\/p>\n<hr size=\"1\">\n<h3>Bulgaria<\/h3>\n<p><strong>Chromtek Ltd.<\/strong><br \/>T: +359 899 366651<br \/>E: <a href=\"mailto:sales@chromtek.bg\">sales@chromtek.bg<\/a><br \/>W: <a href=\"http:\/\/www.chromtek.bg\" target=\"_blank\" rel=\"noopener noreferrer\">www.chromtek.bg<\/a><\/p>\n<hr size=\"1\">\n<h3>Croazia<\/h3>\n<p><strong>BIA d.o.o.<\/strong><br \/>T: +386 1 426 45 88<br \/>E: <a href=\"mailto:sales@bia.si\">sales@bia.si<\/a><br \/>W: <a href=\"http:\/\/www.bia.si\" target=\"_blank\" rel=\"noopener noreferrer\">www.bia.si<\/a><\/p>\n<hr size=\"1\">\n<h3>Repubblica Ceca<\/h3>\n<p><strong>Watrex Praha, s.r.o.<\/strong><br \/>T: +420 226 203 500<br \/>E: <a href=\"mailto:watrex@watrex.com\">watrex@watrex.com<\/a><br \/>W: <a href=\"https:\/\/watrex.com\" target=\"_blank\" rel=\"noopener noreferrer\">www.watrex.com<\/a><\/p>\n<hr size=\"1\">\n<h3>Danimarca<\/h3>\n<p><strong>MD Scientific ApS<\/strong><br \/>T: +45 7027 8565<br \/>E: <a href=\"mailto:info@md-scientific.dk\">info@md-scientific.dk<\/a><br \/>W: <a href=\"http:\/\/www.md-scientific.dk\" target=\"_blank\" rel=\"noopener noreferrer\">www.md-scientific.dk<\/a><\/p>\n<hr size=\"1\">\n<h3>Estonia<\/h3>\n<p><strong>Ordior Eesti<\/strong><br \/>T: +372 7307833<br \/>E: <a href=\"mailto:info@ordioreesti.ee\">info@ordioreesti.ee<\/a><br \/>W: <a href=\"http:\/\/www.ordioreesti.ee\" target=\"_blank\" rel=\"noopener noreferrer\">www.ordioreesti.ee<\/a><\/p>\n<hr size=\"1\">\n<h3>Finlandia<\/h3>\n<p><strong>Berner Oy<\/strong><br \/>T: +358 (0)20 690 761<br \/>E: <a href=\"mailto:pro.huolto@berner.fi\">pro.huolto@berner.fi<\/a><br \/>W: <a href=\"http:\/\/www.berner.fi\/pro\" target=\"_blank\" rel=\"noopener noreferrer\">www.berner.fi\/pro<\/a><\/p>\n<hr size=\"1\">\n<h3>Germania<\/h3>\n<p><strong>Antec Scientific<\/strong><br \/>T: +49 15 2900 11933<br \/>T: +31 (0)172 268 888 (HQ)<br \/>E: <a href=\"mailto:info.germany@antecscientific.com\">info.germany@antecscientific.com<\/a><br \/>W: <a href=\"http:\/\/www.antecscientific.com\" target=\"_blank\" rel=\"noopener noreferrer\">www.antecscientific.com<\/a><\/p>\n<hr size=\"1\">\n<h3>Grecia<\/h3>\n<p><strong>N. ASTERIADIS S.A.<\/strong><br \/>T: +30 2310 260 331<br \/>E: <a href=\"mailto:info@asteriadis.gr\">info@asteriadis.gr<\/a><br \/>W: <a href=\"http:\/\/www.asteriadis.gr\" target=\"_blank\" rel=\"noopener noreferrer\">www.asteriadis.gr<\/a><\/p>\n<hr size=\"1\">\n<h3>Ungheria<\/h3>\n<p><strong>ABL&amp;E &#8211; JASCO Hungary Ltd.<\/strong><br \/>T: +36 1 209 3538<br \/>E: <a href=\"mailto:info@ablelab.com\">info@ablelab.com<\/a><br \/>W: <a href=\"http:\/\/www.ablelab.com\" target=\"_blank\" rel=\"noopener noreferrer\">www.ablelab.com<\/a><\/p>\n<hr size=\"1\">\n<h3>Irlanda<\/h3>\n<p><strong>Verulam Scientific Ltd.<\/strong><br \/>T: +44 (0) 1234 381000<br \/>E: <a href=\"mailto:enquiries@verulamscientific.com\">enquiries@verulamscientific.com<\/a><br \/>W: <a href=\"http:\/\/www.verulamscientific.com\" target=\"_blank\" rel=\"noopener noreferrer\">www.verulamscientific.com<\/a><\/p>\n<hr size=\"1\">\n<h3>Italia<\/h3>\n<p><strong>Alfatech S.r.l.<\/strong><br \/>T: +39 010 469 9369<br \/>E: <a href=\"mailto:info@alfatechspa.com\">info@alfatechspa.com<\/a><br \/>W: <a href=\"http:\/\/www.alfatechspa.com\" target=\"_blank\" rel=\"noopener noreferrer\">www.alfatechspa.com<\/a><\/p>\n<hr size=\"1\">\n<h3>Paesi Bassi<\/h3>\n<p><strong>Antec Scientific<\/strong><br \/>T: +31 (0)172 268 888 (HQ)<br \/>E: <a href=\"mailto:info@antecscientific.com\">info@antecscientific.com<\/a><br \/>W: <a href=\"http:\/\/www.antecscientific.com\" target=\"_blank\" rel=\"noopener noreferrer\">www.antecscientific.com<\/a><\/p>\n<hr size=\"1\">\n<h3>Norvegia<\/h3>\n<p><strong>Matriks AS<\/strong><br \/>T: +47 22958562<br \/>E: <a href=\"mailto:post@matriks.no\">post@matriks.no<\/a><br \/>W: <a href=\"http:\/\/www.matriks.no\" target=\"_blank\" rel=\"noopener noreferrer\">www.matriks.no<\/a><\/p>\n<hr size=\"1\">\n<h3>Polonia<\/h3>\n<p><strong>SHIM-POL A.M.BORZYMOWSKI<\/strong><br \/>T: +48 22 7227048<br \/>E: <a href=\"mailto:biuro@shim-pol.pl\">biuro@shim-pol.pl<\/a><br \/>W: <a href=\"http:\/\/www.shim-pol.pl\" target=\"_blank\" rel=\"noopener noreferrer\">www.shim-pol.pl<\/a><\/p>\n<hr size=\"1\">\n<h3>Portogallo<\/h3>\n<p><strong>LusoPalex Lda<\/strong><br \/>T: +351 21 434 4740<br \/>E: <a href=\"mailto:info@lusopalex.com\">info@lusopalex.com<\/a><br \/>W: <a href=\"https:\/\/lusopalexlaboratorio.com\/en\/\" target=\"_blank\" rel=\"noopener noreferrer\">www.lusopalexlaboratorio.com<\/a><\/p>\n<hr size=\"1\">\n<h3>Romania<\/h3>\n<p><strong>ABL&amp;E &#8211; JASCO Romania S.R.L<\/strong><br \/>T: +40 264 594 286<br \/>E: <a href=\"mailto:info@ablelab.com\">info@ablelab.com<\/a><br \/>W: <a href=\"http:\/\/www.ablelab.com\" target=\"_blank\" rel=\"noopener noreferrer\">www.ablelab.com<\/a><\/p>\n<hr size=\"1\">\n<h3>Serbia e Montenegro<\/h3>\n<p><strong>ABL&amp;E &#8211; JASCO Hungary Ltd.<\/strong><br \/>T: +36 1 209 3538<br \/>E: <a href=\"mailto:info@ablelab.com\">info@ablelab.com<\/a><br \/>W: <a href=\"http:\/\/www.ablelab.com\" target=\"_blank\" rel=\"noopener noreferrer\">www.ablelab.com<\/a><\/p>\n<hr size=\"1\">\n<h3>Slovacchia<\/h3>\n<p><strong>Shimadzu Slovacchia<\/strong><br \/>T: +421 2 48200081-4<br \/>E: <a href=\"mailto:sk@shimadzu.eu\">sk@shimadzu.eu<\/a><br \/>W: <a href=\"https:\/\/www.shimadzu.sk\/home\" target=\"_blank\" rel=\"noopener noreferrer\">www.shimadzu.sk<\/a><\/p>\n<hr size=\"1\">\n<h3>Slovenia<\/h3>\n<p><strong>BIA d.o.o.<\/strong><br \/>T: +386 1 426 45 88<br \/>E: <a href=\"mailto:sales@bia.si\">sales@bia.si<\/a><br \/>W: <a href=\"http:\/\/www.bia.si\" target=\"_blank\" rel=\"noopener noreferrer\">www.bia.si<\/a><\/p>\n<hr size=\"1\">\n<h3>Spagna<\/h3>\n<p><strong>Ingenieria Analitica s.l.<\/strong><br \/>T: +34 93 590 2850<br \/>E: <a href=\"mailto:inf@ingenieria-analitica.com\">inf@ingenieria-analitica.com<\/a><br \/>W: <a href=\"http:\/\/www.ingenieria-analitica.com\" target=\"_blank\" rel=\"noopener noreferrer\">www.ingenieria-analitica.com<\/a><\/p>\n<hr size=\"1\">\n<h3>Svizzera<\/h3>\n<p><strong>Antec Scientific<\/strong><br \/>T: +49 15 2900 11933<br \/>T: +31 (0)172 268 888 (HQ)<br \/>E: <a href=\"mailto:info.swiss@antecscientific.com\">info.swiss@antecscientific.com<\/a><br \/>W: <a href=\"http:\/\/www.antecscientific.com\" target=\"_blank\" rel=\"noopener noreferrer\">www.antecscientific.com<\/a><\/p>\n<hr size=\"1\">\n<h3>Turchia<\/h3>\n<p><strong>Terralab Laboratuvar Malzemeleri San. Tic. A.S.  <\/strong><br \/>E: <a href=\"mailto:info@terralab.com.tr\">info@terralab.com.tr<\/a><br \/>W: <a href=\"https:\/\/www.terralab.com.tr\">https:\/\/www.terralab.com.tr<\/a><\/p>\n<p>\u00dcmit Mahallesi 2544. Sokak No:9 \u00dcmitk\u00f6y<br \/>06810 \u00c7ankaya \/ ANKARA<br \/>+90 (312) 472 73 96 <\/p>\n<p>e<\/p>\n<p>Esentepe Mh. E5 Karayolu D100 G\u00fcney Yanyolu<br \/>So\u011fanl\u0131k Sapa\u011f\u0131 25\/1036<br \/>34870 Kartal \/ \u0130STANBUL<br \/>+90 (216) 327 52 70 <\/p>\n<hr size=\"1\">\n<h3>Regno Unito<\/h3>\n<p><strong>Verulam Scientific Ltd.<\/strong><br \/>T: +44 (0) 1234 381000<br \/>E: <a href=\"mailto:enquiries@verulamscientific.com\">enquiries@verulamscientific.com<\/a><br \/>W: <a href=\"http:\/\/www.verulamscientific.com\" target=\"_blank\" rel=\"noopener noreferrer\">www.verulamscientific.com<\/a><\/p>\n<p>[\/et_pb_text][\/et_pb_column][et_pb_column type=&#8221;1_3&#8243; _builder_version=&#8221;4.16&#8243; custom_padding=&#8221;5%|5%|||false|false&#8221; global_colors_info=&#8221;{}&#8221; custom_padding__hover=&#8221;|||&#8221;][\/et_pb_column][\/et_pb_row][\/et_pb_section]<\/p>\n","protected":false},"excerpt":{"rendered":"<p>Distributori Antec Scientific in Europa<\/p>\n","protected":false},"author":3,"featured_media":0,"parent":17936,"menu_order":0,"comment_status":"closed","ping_status":"closed","template":"","meta":{"_et_pb_use_builder":"on","_et_pb_old_content":"","_et_gb_content_width":"","footnotes":""},"class_list":["post-17253","page","type-page","status-publish","hentry"],"yoast_head":"<!-- This site is optimized with the Yoast SEO plugin v27.3 - https:\/\/yoast.com\/product\/yoast-seo-wordpress\/ -->\n<title>Europa - Antec Scientific<\/title>\n<meta name=\"description\" content=\"Distributori Antec Scientific in Europa\" \/>\n<meta name=\"robots\" content=\"index, follow, max-snippet:-1, max-image-preview:large, max-video-preview:-1\" \/>\n<link rel=\"canonical\" href=\"https:\/\/antecscientific.com\/it\/circa\/contatto\/europa\/\" \/>\n<meta property=\"og:locale\" content=\"it_IT\" \/>\n<meta property=\"og:type\" content=\"article\" \/>\n<meta property=\"og:title\" content=\"Europa - Antec Scientific\" \/>\n<meta property=\"og:description\" content=\"Distributori Antec Scientific in Europa\" \/>\n<meta property=\"og:url\" content=\"https:\/\/antecscientific.com\/it\/circa\/contatto\/europa\/\" \/>\n<meta property=\"og:site_name\" content=\"Antec Scientific\" \/>\n<meta property=\"article:modified_time\" content=\"2025-12-04T13:13:01+00:00\" \/>\n<meta name=\"twitter:card\" content=\"summary_large_image\" \/>\n<meta name=\"twitter:label1\" content=\"Tempo di lettura stimato\" \/>\n\t<meta name=\"twitter:data1\" content=\"7 minuti\" \/>\n<script type=\"application\/ld+json\" class=\"yoast-schema-graph\">{\"@context\":\"https:\\\/\\\/schema.org\",\"@graph\":[{\"@type\":\"WebPage\",\"@id\":\"https:\\\/\\\/antecscientific.com\\\/it\\\/circa\\\/contatto\\\/europa\\\/\",\"url\":\"https:\\\/\\\/antecscientific.com\\\/it\\\/circa\\\/contatto\\\/europa\\\/\",\"name\":\"Europa - Antec Scientific\",\"isPartOf\":{\"@id\":\"https:\\\/\\\/antecscientific.com\\\/it\\\/#website\"},\"datePublished\":\"2020-09-05T08:50:45+00:00\",\"dateModified\":\"2025-12-04T13:13:01+00:00\",\"description\":\"Distributori Antec Scientific in Europa\",\"breadcrumb\":{\"@id\":\"https:\\\/\\\/antecscientific.com\\\/it\\\/circa\\\/contatto\\\/europa\\\/#breadcrumb\"},\"inLanguage\":\"it-IT\",\"potentialAction\":[{\"@type\":\"ReadAction\",\"target\":[\"https:\\\/\\\/antecscientific.com\\\/it\\\/circa\\\/contatto\\\/europa\\\/\"]}]},{\"@type\":\"BreadcrumbList\",\"@id\":\"https:\\\/\\\/antecscientific.com\\\/it\\\/circa\\\/contatto\\\/europa\\\/#breadcrumb\",\"itemListElement\":[{\"@type\":\"ListItem\",\"position\":1,\"name\":\"Chi Siamo\",\"item\":\"https:\\\/\\\/antecscientific.com\\\/it\\\/circa\\\/\"},{\"@type\":\"ListItem\",\"position\":2,\"name\":\"Contatto\",\"item\":\"https:\\\/\\\/antecscientific.com\\\/it\\\/circa\\\/contatto\\\/\"},{\"@type\":\"ListItem\",\"position\":3,\"name\":\"Europa\"}]},{\"@type\":\"WebSite\",\"@id\":\"https:\\\/\\\/antecscientific.com\\\/it\\\/#website\",\"url\":\"https:\\\/\\\/antecscientific.com\\\/it\\\/\",\"name\":\"Antec Scientific\",\"description\":\"Supporting research to improve quality of life\",\"potentialAction\":[{\"@type\":\"SearchAction\",\"target\":{\"@type\":\"EntryPoint\",\"urlTemplate\":\"https:\\\/\\\/antecscientific.com\\\/it\\\/?s={search_term_string}\"},\"query-input\":{\"@type\":\"PropertyValueSpecification\",\"valueRequired\":true,\"valueName\":\"search_term_string\"}}],\"inLanguage\":\"it-IT\"}]}<\/script>\n<!-- \/ Yoast SEO plugin. -->","yoast_head_json":{"title":"Europa - Antec Scientific","description":"Distributori Antec Scientific in Europa","robots":{"index":"index","follow":"follow","max-snippet":"max-snippet:-1","max-image-preview":"max-image-preview:large","max-video-preview":"max-video-preview:-1"},"canonical":"https:\/\/antecscientific.com\/it\/circa\/contatto\/europa\/","og_locale":"it_IT","og_type":"article","og_title":"Europa - Antec Scientific","og_description":"Distributori Antec Scientific in Europa","og_url":"https:\/\/antecscientific.com\/it\/circa\/contatto\/europa\/","og_site_name":"Antec Scientific","article_modified_time":"2025-12-04T13:13:01+00:00","twitter_card":"summary_large_image","twitter_misc":{"Tempo di lettura stimato":"7 minuti"},"schema":{"@context":"https:\/\/schema.org","@graph":[{"@type":"WebPage","@id":"https:\/\/antecscientific.com\/it\/circa\/contatto\/europa\/","url":"https:\/\/antecscientific.com\/it\/circa\/contatto\/europa\/","name":"Europa - Antec Scientific","isPartOf":{"@id":"https:\/\/antecscientific.com\/it\/#website"},"datePublished":"2020-09-05T08:50:45+00:00","dateModified":"2025-12-04T13:13:01+00:00","description":"Distributori Antec Scientific in Europa","breadcrumb":{"@id":"https:\/\/antecscientific.com\/it\/circa\/contatto\/europa\/#breadcrumb"},"inLanguage":"it-IT","potentialAction":[{"@type":"ReadAction","target":["https:\/\/antecscientific.com\/it\/circa\/contatto\/europa\/"]}]},{"@type":"BreadcrumbList","@id":"https:\/\/antecscientific.com\/it\/circa\/contatto\/europa\/#breadcrumb","itemListElement":[{"@type":"ListItem","position":1,"name":"Chi Siamo","item":"https:\/\/antecscientific.com\/it\/circa\/"},{"@type":"ListItem","position":2,"name":"Contatto","item":"https:\/\/antecscientific.com\/it\/circa\/contatto\/"},{"@type":"ListItem","position":3,"name":"Europa"}]},{"@type":"WebSite","@id":"https:\/\/antecscientific.com\/it\/#website","url":"https:\/\/antecscientific.com\/it\/","name":"Antec Scientific","description":"Supporting research to improve quality of life","potentialAction":[{"@type":"SearchAction","target":{"@type":"EntryPoint","urlTemplate":"https:\/\/antecscientific.com\/it\/?s={search_term_string}"},"query-input":{"@type":"PropertyValueSpecification","valueRequired":true,"valueName":"search_term_string"}}],"inLanguage":"it-IT"}]}},"_links":{"self":[{"href":"https:\/\/antecscientific.com\/it\/wp-json\/wp\/v2\/pages\/17253","targetHints":{"allow":["GET"]}}],"collection":[{"href":"https:\/\/antecscientific.com\/it\/wp-json\/wp\/v2\/pages"}],"about":[{"href":"https:\/\/antecscientific.com\/it\/wp-json\/wp\/v2\/types\/page"}],"author":[{"embeddable":true,"href":"https:\/\/antecscientific.com\/it\/wp-json\/wp\/v2\/users\/3"}],"replies":[{"embeddable":true,"href":"https:\/\/antecscientific.com\/it\/wp-json\/wp\/v2\/comments?post=17253"}],"version-history":[{"count":26,"href":"https:\/\/antecscientific.com\/it\/wp-json\/wp\/v2\/pages\/17253\/revisions"}],"predecessor-version":[{"id":34918,"href":"https:\/\/antecscientific.com\/it\/wp-json\/wp\/v2\/pages\/17253\/revisions\/34918"}],"up":[{"embeddable":true,"href":"https:\/\/antecscientific.com\/it\/wp-json\/wp\/v2\/pages\/17936"}],"wp:attachment":[{"href":"https:\/\/antecscientific.com\/it\/wp-json\/wp\/v2\/media?parent=17253"}],"curies":[{"name":"wp","href":"https:\/\/api.w.org\/{rel}","templated":true}]}}