{"id":17184,"date":"2020-09-05T10:51:07","date_gmt":"2020-09-05T08:51:07","guid":{"rendered":"https:\/\/antecscientific.com\/asia-pacifico\/"},"modified":"2025-10-24T17:26:49","modified_gmt":"2025-10-24T15:26:49","slug":"asia-pacifico","status":"publish","type":"page","link":"https:\/\/antecscientific.com\/it\/circa\/contatto\/asia-pacifico\/","title":{"rendered":"Asia Pacifico"},"content":{"rendered":"<p>[et_pb_section bb_built=&#8221;1&#8243; admin_label=&#8221;Header&#8221; _builder_version=&#8221;4.16&#8243; background_image=&#8221;https:\/\/antecscientific.com\/wp-content\/uploads\/2020\/11\/distribution1.jpg&#8221; parallax=&#8221;on&#8221; custom_padding=&#8221;2vw|0px|200px|0px|false|false&#8221; collapsed=&#8221;on&#8221; global_colors_info=&#8221;{}&#8221; next_background_color=&#8221;#ffffff&#8221;][et_pb_row _builder_version=&#8221;4.16&#8243; global_colors_info=&#8221;{}&#8221;][et_pb_column type=&#8221;4_4&#8243; _builder_version=&#8221;4.16&#8243; custom_padding=&#8221;|||&#8221; global_colors_info=&#8221;{}&#8221; custom_padding__hover=&#8221;|||&#8221;][et_pb_text admin_label=&#8221;Breadcrumbs (don&#8217;t touch)&#8221; _builder_version=&#8221;4.16&#8243; text_font=&#8221;|700|||||||&#8221; text_text_color=&#8221;#ffffff&#8221; text_font_size=&#8221;15px&#8221; link_font=&#8221;|700|||||||&#8221; link_text_color=&#8221;#ffffff&#8221; link_font_size=&#8221;15px&#8221; global_colors_info=&#8221;{}&#8221;]<\/p>\n\n<p>[\/et_pb_text][et_pb_text admin_label=&#8221;Big page title (don&#8217;t touch)&#8221; _builder_version=&#8221;4.16&#8243; _dynamic_attributes=&#8221;content&#8221; text_font=&#8221;||||||||&#8221; header_font=&#8221;|700|||||||&#8221; header_text_color=&#8221;#ffffff&#8221; header_font_size=&#8221;80px&#8221; header_line_height=&#8221;1.2em&#8221; header_5_font=&#8221;Raleway|700||on|||||&#8221; header_5_text_color=&#8221;#000000&#8243; header_5_font_size=&#8221;20px&#8221; header_5_letter_spacing=&#8221;0.5em&#8221; header_5_line_height=&#8221;1.8em&#8221; animation_style=&#8221;zoom&#8221; animation_intensity_zoom=&#8221;5%&#8221; header_font_size_tablet=&#8221;48px&#8221; header_font_size_phone=&#8221;32px&#8221; header_font_size_last_edited=&#8221;on|phone&#8221; header_5_font_size_tablet=&#8221;14px&#8221; header_5_font_size_phone=&#8221;12px&#8221; header_5_font_size_last_edited=&#8221;on|desktop&#8221; global_colors_info=&#8221;{}&#8221;]<\/p>\n<p>@ET-DC@eyJkeW5hbWljIjp0cnVlLCJb250ZW50IjoicG9zdF90aXRsZSIsInNldHRpbmdzIjp7ImJlZm9yZSI6IjxoMT4iLCJhZnRlciI6IjwvaDE+In19@<\/p>\n<p>[\/et_pb_text][\/et_pb_column][\/et_pb_row][\/et_pb_section][et_pb_section bb_built=&#8221;1&#8243; admin_label=&#8221;Content&#8221; _builder_version=&#8221;4.16&#8243; background_color=&#8221;#ffffff&#8221; max_width=&#8221;90%&#8221; max_width_phone=&#8221;100%&#8221; max_width_last_edited=&#8221;on|phone&#8221; custom_margin=&#8221;-160px||0px||false|false&#8221; custom_padding=&#8221;||0px||false|false&#8221; border_color_all=&#8221;#ffffff&#8221; border_width_left=&#8221;10vw&#8221; global_colors_info=&#8221;{}&#8221; prev_background_color=&#8221;#000000&#8243;][et_pb_row column_structure=&#8221;2_3,1_3&#8243; custom_padding_last_edited=&#8221;on|phone&#8221; _builder_version=&#8221;4.16&#8243; width=&#8221;auto&#8221; max_width=&#8221;none&#8221; custom_padding=&#8221;27px|0|27px|0px|false|false&#8221; custom_padding_tablet=&#8221;|0px||0px||true&#8221; custom_padding_phone=&#8221;|10%||0px|false|false&#8221; global_colors_info=&#8221;{}&#8221;][et_pb_column type=&#8221;2_3&#8243; _builder_version=&#8221;4.16&#8243; custom_padding=&#8221;|||&#8221; global_colors_info=&#8221;{}&#8221; custom_padding__hover=&#8221;|||&#8221;][et_pb_text admin_label=&#8221;Subtitle&#8221; _builder_version=&#8221;4.16&#8243; text_font=&#8221;||||||||&#8221; text_line_height=&#8221;2em&#8221; header_font=&#8221;||||||||&#8221; header_2_font=&#8221;|600||on|||||&#8221; header_2_text_color=&#8221;#df0834&#8243; header_2_font_size=&#8221;20px&#8221; header_2_line_height=&#8221;1.4em&#8221; header_6_font=&#8221;|700||on|||||&#8221; header_6_font_size=&#8221;16px&#8221; header_6_letter_spacing=&#8221;5px&#8221; header_6_line_height=&#8221;1.8em&#8221; max_width=&#8221;700px&#8221; module_alignment=&#8221;center&#8221; custom_margin=&#8221;||0px||false|false&#8221; custom_padding=&#8221;||0px||false|false&#8221; header_2_font_size_tablet=&#8221;25px&#8221; header_2_font_size_phone=&#8221;25px&#8221; header_2_font_size_last_edited=&#8221;on|phone&#8221; global_colors_info=&#8221;{}&#8221;]<\/p>\n<h2>Distributori<\/h2>\n<p>[\/et_pb_text][et_pb_text admin_label=&#8221;Paragraph&#8221; _builder_version=&#8221;4.27.4&#8243; text_font_size=&#8221;18px&#8221; text_line_height=&#8221;2em&#8221; header_2_font=&#8221;Raleway|700|||||||&#8221; header_2_font_size=&#8221;50px&#8221; header_2_line_height=&#8221;1.4em&#8221; header_6_font=&#8221;Raleway|700||on|||||&#8221; header_6_font_size=&#8221;16px&#8221; header_6_letter_spacing=&#8221;5px&#8221; header_6_line_height=&#8221;1.8em&#8221; vertical_offset_tablet=&#8221;0&#8243; horizontal_offset_tablet=&#8221;0&#8243; text_orientation=&#8221;justified&#8221; max_width=&#8221;700px&#8221; module_alignment=&#8221;center&#8221; custom_margin=&#8221;0px||||false|false&#8221; custom_padding=&#8221;0px||||false|false&#8221; header_2_font_size_tablet=&#8221;35px&#8221; header_2_font_size_phone=&#8221;25px&#8221; header_2_font_size_last_edited=&#8221;on|phone&#8221; z_index_tablet=&#8221;0&#8243; text_orientation_phone=&#8221;left&#8221; text_orientation_last_edited=&#8221;on|desktop&#8221; text_text_shadow_horizontal_length_tablet=&#8221;0px&#8221; text_text_shadow_vertical_length_tablet=&#8221;0px&#8221; text_text_shadow_blur_strength_tablet=&#8221;1px&#8221; link_text_shadow_horizontal_length_tablet=&#8221;0px&#8221; link_text_shadow_vertical_length_tablet=&#8221;0px&#8221; link_text_shadow_blur_strength_tablet=&#8221;1px&#8221; ul_text_shadow_horizontal_length_tablet=&#8221;0px&#8221; ul_text_shadow_vertical_length_tablet=&#8221;0px&#8221; ul_text_shadow_blur_strength_tablet=&#8221;1px&#8221; ol_text_shadow_horizontal_length_tablet=&#8221;0px&#8221; ol_text_shadow_vertical_length_tablet=&#8221;0px&#8221; ol_text_shadow_blur_strength_tablet=&#8221;1px&#8221; quote_text_shadow_horizontal_length_tablet=&#8221;0px&#8221; quote_text_shadow_vertical_length_tablet=&#8221;0px&#8221; quote_text_shadow_blur_strength_tablet=&#8221;1px&#8221; header_text_shadow_horizontal_length_tablet=&#8221;0px&#8221; header_text_shadow_vertical_length_tablet=&#8221;0px&#8221; header_text_shadow_blur_strength_tablet=&#8221;1px&#8221; header_2_text_shadow_horizontal_length_tablet=&#8221;0px&#8221; header_2_text_shadow_vertical_length_tablet=&#8221;0px&#8221; header_2_text_shadow_blur_strength_tablet=&#8221;1px&#8221; header_3_text_shadow_horizontal_length_tablet=&#8221;0px&#8221; header_3_text_shadow_vertical_length_tablet=&#8221;0px&#8221; header_3_text_shadow_blur_strength_tablet=&#8221;1px&#8221; header_4_text_shadow_horizontal_length_tablet=&#8221;0px&#8221; header_4_text_shadow_vertical_length_tablet=&#8221;0px&#8221; header_4_text_shadow_blur_strength_tablet=&#8221;1px&#8221; header_5_text_shadow_horizontal_length_tablet=&#8221;0px&#8221; header_5_text_shadow_vertical_length_tablet=&#8221;0px&#8221; header_5_text_shadow_blur_strength_tablet=&#8221;1px&#8221; header_6_text_shadow_horizontal_length_tablet=&#8221;0px&#8221; header_6_text_shadow_vertical_length_tablet=&#8221;0px&#8221; header_6_text_shadow_blur_strength_tablet=&#8221;1px&#8221; box_shadow_horizontal_tablet=&#8221;0px&#8221; box_shadow_vertical_tablet=&#8221;0px&#8221; box_shadow_blur_tablet=&#8221;40px&#8221; box_shadow_spread_tablet=&#8221;0px&#8221; global_colors_info=&#8221;{}&#8221; background_pattern_color=&#8221;rgba(0,0,0,0.2)&#8221; background_mask_color=&#8221;#ffffff&#8221; text_text_shadow_horizontal_length=&#8221;text_text_shadow_style,%91object Object%93&#8243; text_text_shadow_vertical_length=&#8221;text_text_shadow_style,%91object Object%93&#8243; text_text_shadow_blur_strength=&#8221;text_text_shadow_style,%91object Object%93&#8243; link_text_shadow_horizontal_length=&#8221;link_text_shadow_style,%91object Object%93&#8243; link_text_shadow_vertical_length=&#8221;link_text_shadow_style,%91object Object%93&#8243; link_text_shadow_blur_strength=&#8221;link_text_shadow_style,%91object Object%93&#8243; ul_text_shadow_horizontal_length=&#8221;ul_text_shadow_style,%91object Object%93&#8243; ul_text_shadow_vertical_length=&#8221;ul_text_shadow_style,%91object Object%93&#8243; ul_text_shadow_blur_strength=&#8221;ul_text_shadow_style,%91object Object%93&#8243; ol_text_shadow_horizontal_length=&#8221;ol_text_shadow_style,%91object Object%93&#8243; ol_text_shadow_vertical_length=&#8221;ol_text_shadow_style,%91object Object%93&#8243; ol_text_shadow_blur_strength=&#8221;ol_text_shadow_style,%91object Object%93&#8243; quote_text_shadow_horizontal_length=&#8221;quote_text_shadow_style,%91object Object%93&#8243; quote_text_shadow_vertical_length=&#8221;quote_text_shadow_style,%91object Object%93&#8243; quote_text_shadow_blur_strength=&#8221;quote_text_shadow_style,%91object Object%93&#8243; header_text_shadow_horizontal_length=&#8221;header_text_shadow_style,%91object Object%93&#8243; header_text_shadow_vertical_length=&#8221;header_text_shadow_style,%91object Object%93&#8243; header_text_shadow_blur_strength=&#8221;header_text_shadow_style,%91object Object%93&#8243; header_2_text_shadow_horizontal_length=&#8221;header_2_text_shadow_style,%91object Object%93&#8243; header_2_text_shadow_vertical_length=&#8221;header_2_text_shadow_style,%91object Object%93&#8243; header_2_text_shadow_blur_strength=&#8221;header_2_text_shadow_style,%91object Object%93&#8243; header_3_text_shadow_horizontal_length=&#8221;header_3_text_shadow_style,%91object Object%93&#8243; header_3_text_shadow_vertical_length=&#8221;header_3_text_shadow_style,%91object Object%93&#8243; header_3_text_shadow_blur_strength=&#8221;header_3_text_shadow_style,%91object Object%93&#8243; header_4_text_shadow_horizontal_length=&#8221;header_4_text_shadow_style,%91object Object%93&#8243; header_4_text_shadow_vertical_length=&#8221;header_4_text_shadow_style,%91object Object%93&#8243; header_4_text_shadow_blur_strength=&#8221;header_4_text_shadow_style,%91object Object%93&#8243; header_5_text_shadow_horizontal_length=&#8221;header_5_text_shadow_style,%91object Object%93&#8243; header_5_text_shadow_vertical_length=&#8221;header_5_text_shadow_style,%91object Object%93&#8243; header_5_text_shadow_blur_strength=&#8221;header_5_text_shadow_style,%91object Object%93&#8243; header_6_text_shadow_horizontal_length=&#8221;header_6_text_shadow_style,%91object Object%93&#8243; header_6_text_shadow_vertical_length=&#8221;header_6_text_shadow_style,%91object Object%93&#8243; header_6_text_shadow_blur_strength=&#8221;header_6_text_shadow_style,%91object Object%93&#8243;]<\/p>\n<h3>Australia<\/h3>\n<p><strong>Shimadzu Scientific Instruments<\/strong><br \/>T: +61 (2) 96844200<br \/>E: <a href=\"mailto:info@shimadzu.com.au\">info@shimadzu.com.au<\/a><br \/>W: <a href=\"http:\/\/www.shimadzu.com.au\" target=\"_blank\" rel=\"noopener noreferrer\">www.shimadzu.com.au<\/a><\/p>\n<hr size=\"1\">\n<h3>Bangladesh<\/h3>\n<p><strong>GME House<\/strong><br \/>T: +880-2-9854417<br \/>E: <a href=\"mailto:info.mgt.analytical@gmegroup.net\">info.mgt.analytical@gmegroup.net<\/a><br \/>W: <a href=\"http:\/\/www.gmegroup.net\" target=\"_blank\" rel=\"noopener noreferrer\">www.gmegroup.net<\/a><\/p>\n<hr size=\"1\">\n<h3>Cina<\/h3>\n<p><strong>Beijing ESA Technology Development<\/strong><br \/>\u5317\u4eac\u4f9d\u838e\u516b\u65b9\u79d1\u6280\u53d1\u5c55\u6709\u9650\u516c\u53f8<br \/>T: + 86 (13) 90102 2110<br \/>E: <a href=\"mailto:info@bjesa.com\">info@bjesa.com<\/a><br \/>W: <a href=\"http:\/\/www.bjesa.com\" target=\"_blank\" rel=\"noopener noreferrer\">www.bjesa.com<\/a><\/p>\n<hr size=\"1\">\n<h3>Hong-Kong<\/h3>\n<p><strong>Beijing ESA Technology Development<\/strong><br \/>\u5317\u4eac\u4f9d\u838e\u516b\u65b9\u79d1\u6280\u53d1\u5c55\u6709\u9650\u516c\u53f8<br \/>T: + 86 (13) 90102 2110<br \/>E: <a href=\"mailto:info@bjesa.com\">info@bjesa.com<\/a><br \/>W: <a href=\"http:\/\/www.bjesa.com\" target=\"_blank\" rel=\"noopener noreferrer\">www.bjesa.com<\/a><\/p>\n<hr size=\"1\">\n<h3>India<\/h3>\n<p><strong>Spinco Biotech Pvt Ltd<\/strong><br \/>T: +91 (44) 4567 8900<br \/>E: <a href=\"mailto:info@spincotech.com\">info@spincotech.com<\/a><br \/>W: <a href=\"http:\/\/www.spincotech.com\" target=\"_blank\" rel=\"noopener noreferrer\">www.spincotech.com<\/a><\/p>\n<hr size=\"1\">\n<h3>Corea<\/h3>\n<p><strong>Young In Chromass Co. Ltd.<\/strong><br \/>T:+82 (31) 428 88700<br \/>E: <a href=\"mailto:OP@youngincm.com\">OP@youngincm.com<\/a><br \/>W: <a href=\"https:\/\/kor.younglin.com\/\" target=\"_blank\" rel=\"noopener noreferrer\">www.youngincm.com<\/a><\/p>\n<p>e<\/p>\n<p><strong>Euro Science Co., Ltd.<\/strong><br \/>T: +82 (2) 5400651<br \/>E: <a href=\"mailto:euro@euroscience.co.kr\">euro@euroscience.co.kr<\/a><\/p>\n<hr size=\"1\">\n<h3>Nuova Zelanda<\/h3>\n<p><strong>Shimadzu Sc. Istr. (Oceania)<\/strong><br \/>T: +64 (9) 8397100<br \/>E: <a href=\"mailto:sales@shimadzu.co.nz\">sales@shimadzu.co.nz<\/a><br \/>W: <a href=\"http:\/\/www.shimadzu.com.au\" target=\"_blank\" rel=\"noopener noreferrer\">www.shimadzu.com.au<\/a><\/p>\n<hr size=\"1\">\n<h3>Pakistan<\/h3>\n<p><strong>H. A. Shah &amp; Sons<\/strong><br \/>T: +92 51 2348515<br \/>E: <a href=\"mailto:info@hashah.com\">info@hashah.com<\/a><br \/>W: <a href=\"http:\/\/www.hashah.com\" target=\"_blank\" rel=\"noopener noreferrer\">www.hashah.com<\/a><\/p>\n<hr size=\"1\">\n<h3>Filippine<\/h3>\n<p><strong>Shimadzu Philippine Corporation<\/strong><br \/>T: +63 2 869 9563<br \/>E: <a href=\"mailto:spcmanila@shimadzu.com.ph\">spcmanila@shimadzu.com.ph<\/a><br \/>W: <a href=\"http:\/\/www.shimadzu.com.ph\" target=\"_blank\" rel=\"noopener noreferrer\">www.shimadzu.com.ph<\/a><\/p>\n<hr size=\"1\">\n<h3>Taiwan<\/h3>\n<p><strong>Anatech Co., Ltd.<\/strong> &#8211; per ECD<br \/>T: +886 (2) 2500 6520<br \/>E: <a href=\"mailto:anatech@ms6.hinet.net\">anatech@ms6.hinet.net<\/a><br \/>W: <a href=\"https:\/\/www.anatech1984.com.tw\/\" target=\"_blank\" rel=\"noopener noreferrer\">www.anatech1984.com.tw<\/a><\/p>\n<hr size=\"1\">\n<h3>Thailandia<\/h3>\n<p><strong>ALS Analytical Lab Science Co. Ltd.<\/strong><br \/>T: +66 (2) 8818 5345<br \/>E:<a href=\"mailto:center@analabscience.com\"> center@analabscience.com<\/a><br \/>W: <a href=\"http:\/\/www.analabscience.com\" target=\"_blank\" rel=\"noopener noreferrer\">www.analabscience.com<\/a><\/p>\n<hr size=\"1\">\n<h3>Turchia<\/h3>\n<p><strong>Terralab Laboratuvar Malzemeleri San. Tic. A.S.  <\/strong><br \/>E: <a href=\"mailto:info@terralab.com.tr\">info@terralab.com.tr<\/a><br \/>W: <a href=\"https:\/\/www.terralab.com.tr\">https:\/\/www.terralab.com.tr<\/a><\/p>\n<p>\u00dcmit Mahallesi 2544. Sokak No:9 \u00dcmitk\u00f6y<br \/>06810 \u00c7ankaya \/ ANKARA<br \/>+90 (312) 472 73 96 <\/p>\n<p>e<\/p>\n<p>Esentepe Mh. E5 Karayolu D100 G\u00fcney Yanyolu<br \/>So\u011fanl\u0131k Sapa\u011f\u0131 25\/1036<br \/>34870 Kartal \/ \u0130STANBUL<br \/>+90 (216) 327 52 70 <\/p>\n<p>[\/et_pb_text][\/et_pb_column][et_pb_column type=&#8221;1_3&#8243; _builder_version=&#8221;4.16&#8243; custom_padding=&#8221;5%|5%|||false|false&#8221; global_colors_info=&#8221;{}&#8221; custom_padding__hover=&#8221;|||&#8221;][\/et_pb_column][\/et_pb_row][\/et_pb_section]<\/p>\n","protected":false},"excerpt":{"rendered":"<p>Distributori Antec Scientific in Asia e nel Pacifico.<\/p>\n","protected":false},"author":3,"featured_media":0,"parent":17936,"menu_order":0,"comment_status":"closed","ping_status":"closed","template":"","meta":{"_et_pb_use_builder":"on","_et_pb_old_content":"","_et_gb_content_width":"","footnotes":""},"class_list":["post-17184","page","type-page","status-publish","hentry"],"yoast_head":"<!-- This site is optimized with the Yoast SEO plugin v27.4 - https:\/\/yoast.com\/product\/yoast-seo-wordpress\/ -->\n<title>Asia Pacifico - Antec Scientific<\/title>\n<meta name=\"description\" content=\"Distributori Antec Scientific in Asia e nel Pacifico.\" \/>\n<meta name=\"robots\" content=\"index, follow, max-snippet:-1, max-image-preview:large, max-video-preview:-1\" \/>\n<link rel=\"canonical\" href=\"https:\/\/antecscientific.com\/it\/circa\/contatto\/asia-pacifico\/\" \/>\n<meta property=\"og:locale\" content=\"it_IT\" \/>\n<meta property=\"og:type\" content=\"article\" \/>\n<meta property=\"og:title\" content=\"Asia Pacifico - Antec Scientific\" \/>\n<meta property=\"og:description\" content=\"Distributori Antec Scientific in Asia e nel Pacifico.\" \/>\n<meta property=\"og:url\" content=\"https:\/\/antecscientific.com\/it\/circa\/contatto\/asia-pacifico\/\" \/>\n<meta property=\"og:site_name\" content=\"Antec Scientific\" \/>\n<meta property=\"article:modified_time\" content=\"2025-10-24T15:26:49+00:00\" \/>\n<meta name=\"twitter:card\" content=\"summary_large_image\" \/>\n<meta name=\"twitter:label1\" content=\"Tempo di lettura stimato\" \/>\n\t<meta name=\"twitter:data1\" content=\"7 minuti\" \/>\n<script type=\"application\/ld+json\" class=\"yoast-schema-graph\">{\"@context\":\"https:\\\/\\\/schema.org\",\"@graph\":[{\"@type\":\"WebPage\",\"@id\":\"https:\\\/\\\/antecscientific.com\\\/it\\\/circa\\\/contatto\\\/asia-pacifico\\\/\",\"url\":\"https:\\\/\\\/antecscientific.com\\\/it\\\/circa\\\/contatto\\\/asia-pacifico\\\/\",\"name\":\"Asia Pacifico - Antec Scientific\",\"isPartOf\":{\"@id\":\"https:\\\/\\\/antecscientific.com\\\/it\\\/#website\"},\"datePublished\":\"2020-09-05T08:51:07+00:00\",\"dateModified\":\"2025-10-24T15:26:49+00:00\",\"description\":\"Distributori Antec Scientific in Asia e nel Pacifico.\",\"breadcrumb\":{\"@id\":\"https:\\\/\\\/antecscientific.com\\\/it\\\/circa\\\/contatto\\\/asia-pacifico\\\/#breadcrumb\"},\"inLanguage\":\"it-IT\",\"potentialAction\":[{\"@type\":\"ReadAction\",\"target\":[\"https:\\\/\\\/antecscientific.com\\\/it\\\/circa\\\/contatto\\\/asia-pacifico\\\/\"]}]},{\"@type\":\"BreadcrumbList\",\"@id\":\"https:\\\/\\\/antecscientific.com\\\/it\\\/circa\\\/contatto\\\/asia-pacifico\\\/#breadcrumb\",\"itemListElement\":[{\"@type\":\"ListItem\",\"position\":1,\"name\":\"Chi Siamo\",\"item\":\"https:\\\/\\\/antecscientific.com\\\/it\\\/circa\\\/\"},{\"@type\":\"ListItem\",\"position\":2,\"name\":\"Contatto\",\"item\":\"https:\\\/\\\/antecscientific.com\\\/it\\\/circa\\\/contatto\\\/\"},{\"@type\":\"ListItem\",\"position\":3,\"name\":\"Asia Pacifico\"}]},{\"@type\":\"WebSite\",\"@id\":\"https:\\\/\\\/antecscientific.com\\\/it\\\/#website\",\"url\":\"https:\\\/\\\/antecscientific.com\\\/it\\\/\",\"name\":\"Antec Scientific\",\"description\":\"Supporting research to improve quality of life\",\"potentialAction\":[{\"@type\":\"SearchAction\",\"target\":{\"@type\":\"EntryPoint\",\"urlTemplate\":\"https:\\\/\\\/antecscientific.com\\\/it\\\/?s={search_term_string}\"},\"query-input\":{\"@type\":\"PropertyValueSpecification\",\"valueRequired\":true,\"valueName\":\"search_term_string\"}}],\"inLanguage\":\"it-IT\"}]}<\/script>\n<!-- \/ Yoast SEO plugin. -->","yoast_head_json":{"title":"Asia Pacifico - Antec Scientific","description":"Distributori Antec Scientific in Asia e nel Pacifico.","robots":{"index":"index","follow":"follow","max-snippet":"max-snippet:-1","max-image-preview":"max-image-preview:large","max-video-preview":"max-video-preview:-1"},"canonical":"https:\/\/antecscientific.com\/it\/circa\/contatto\/asia-pacifico\/","og_locale":"it_IT","og_type":"article","og_title":"Asia Pacifico - Antec Scientific","og_description":"Distributori Antec Scientific in Asia e nel Pacifico.","og_url":"https:\/\/antecscientific.com\/it\/circa\/contatto\/asia-pacifico\/","og_site_name":"Antec Scientific","article_modified_time":"2025-10-24T15:26:49+00:00","twitter_card":"summary_large_image","twitter_misc":{"Tempo di lettura stimato":"7 minuti"},"schema":{"@context":"https:\/\/schema.org","@graph":[{"@type":"WebPage","@id":"https:\/\/antecscientific.com\/it\/circa\/contatto\/asia-pacifico\/","url":"https:\/\/antecscientific.com\/it\/circa\/contatto\/asia-pacifico\/","name":"Asia Pacifico - Antec Scientific","isPartOf":{"@id":"https:\/\/antecscientific.com\/it\/#website"},"datePublished":"2020-09-05T08:51:07+00:00","dateModified":"2025-10-24T15:26:49+00:00","description":"Distributori Antec Scientific in Asia e nel Pacifico.","breadcrumb":{"@id":"https:\/\/antecscientific.com\/it\/circa\/contatto\/asia-pacifico\/#breadcrumb"},"inLanguage":"it-IT","potentialAction":[{"@type":"ReadAction","target":["https:\/\/antecscientific.com\/it\/circa\/contatto\/asia-pacifico\/"]}]},{"@type":"BreadcrumbList","@id":"https:\/\/antecscientific.com\/it\/circa\/contatto\/asia-pacifico\/#breadcrumb","itemListElement":[{"@type":"ListItem","position":1,"name":"Chi Siamo","item":"https:\/\/antecscientific.com\/it\/circa\/"},{"@type":"ListItem","position":2,"name":"Contatto","item":"https:\/\/antecscientific.com\/it\/circa\/contatto\/"},{"@type":"ListItem","position":3,"name":"Asia Pacifico"}]},{"@type":"WebSite","@id":"https:\/\/antecscientific.com\/it\/#website","url":"https:\/\/antecscientific.com\/it\/","name":"Antec Scientific","description":"Supporting research to improve quality of life","potentialAction":[{"@type":"SearchAction","target":{"@type":"EntryPoint","urlTemplate":"https:\/\/antecscientific.com\/it\/?s={search_term_string}"},"query-input":{"@type":"PropertyValueSpecification","valueRequired":true,"valueName":"search_term_string"}}],"inLanguage":"it-IT"}]}},"_links":{"self":[{"href":"https:\/\/antecscientific.com\/it\/wp-json\/wp\/v2\/pages\/17184","targetHints":{"allow":["GET"]}}],"collection":[{"href":"https:\/\/antecscientific.com\/it\/wp-json\/wp\/v2\/pages"}],"about":[{"href":"https:\/\/antecscientific.com\/it\/wp-json\/wp\/v2\/types\/page"}],"author":[{"embeddable":true,"href":"https:\/\/antecscientific.com\/it\/wp-json\/wp\/v2\/users\/3"}],"replies":[{"embeddable":true,"href":"https:\/\/antecscientific.com\/it\/wp-json\/wp\/v2\/comments?post=17184"}],"version-history":[{"count":18,"href":"https:\/\/antecscientific.com\/it\/wp-json\/wp\/v2\/pages\/17184\/revisions"}],"predecessor-version":[{"id":34042,"href":"https:\/\/antecscientific.com\/it\/wp-json\/wp\/v2\/pages\/17184\/revisions\/34042"}],"up":[{"embeddable":true,"href":"https:\/\/antecscientific.com\/it\/wp-json\/wp\/v2\/pages\/17936"}],"wp:attachment":[{"href":"https:\/\/antecscientific.com\/it\/wp-json\/wp\/v2\/media?parent=17184"}],"curies":[{"name":"wp","href":"https:\/\/api.w.org\/{rel}","templated":true}]}}