{"id":17086,"date":"2020-09-05T10:46:45","date_gmt":"2020-09-05T08:46:45","guid":{"rendered":"https:\/\/antecscientific.com\/innovazioni\/"},"modified":"2024-11-12T16:04:50","modified_gmt":"2024-11-12T15:04:50","slug":"innovazioni","status":"publish","type":"page","link":"https:\/\/antecscientific.com\/it\/circa\/antec-scientific\/innovazioni\/","title":{"rendered":"Innovazioni"},"content":{"rendered":"<p>[et_pb_section fb_built=&#8221;1&#8243; admin_label=&#8221;Header&#8221; _builder_version=&#8221;4.16&#8243; background_image=&#8221;https:\/\/antecscientific.com\/wp-content\/uploads\/2020\/11\/history-1.jpg&#8221; parallax=&#8221;on&#8221; custom_padding=&#8221;2vw|0px|200px|0px|false|false&#8221; collapsed=&#8221;on&#8221; global_colors_info=&#8221;{}&#8221;][et_pb_row _builder_version=&#8221;4.16&#8243; global_colors_info=&#8221;{}&#8221;][et_pb_column type=&#8221;4_4&#8243; _builder_version=&#8221;4.16&#8243; custom_padding=&#8221;|||&#8221; global_colors_info=&#8221;{}&#8221; custom_padding__hover=&#8221;|||&#8221;][et_pb_text admin_label=&#8221;Breadcrumbs (don&#8217;t touch)&#8221; _builder_version=&#8221;4.16&#8243; text_font=&#8221;|700|||||||&#8221; text_text_color=&#8221;#ffffff&#8221; text_font_size=&#8221;15px&#8221; link_font=&#8221;|700|||||||&#8221; link_text_color=&#8221;#ffffff&#8221; link_font_size=&#8221;15px&#8221; global_colors_info=&#8221;{}&#8221;][\/et_pb_text][et_pb_text admin_label=&#8221;Big page title (don&#8217;t touch)&#8221; _builder_version=&#8221;4.16&#8243; _dynamic_attributes=&#8221;content&#8221; text_font=&#8221;||||||||&#8221; header_font=&#8221;|700|||||||&#8221; header_text_color=&#8221;#ffffff&#8221; header_font_size=&#8221;80px&#8221; header_line_height=&#8221;1.2em&#8221; header_5_font=&#8221;Raleway|700||on|||||&#8221; header_5_text_color=&#8221;#000000&#8243; header_5_font_size=&#8221;20px&#8221; header_5_letter_spacing=&#8221;0.5em&#8221; header_5_line_height=&#8221;1.8em&#8221; animation_style=&#8221;zoom&#8221; animation_intensity_zoom=&#8221;5%&#8221; header_font_size_tablet=&#8221;48px&#8221; header_font_size_phone=&#8221;32px&#8221; header_font_size_last_edited=&#8221;on|phone&#8221; header_5_font_size_tablet=&#8221;14px&#8221; header_5_font_size_phone=&#8221;12px&#8221; header_5_font_size_last_edited=&#8221;on|desktop&#8221; global_colors_info=&#8221;{}&#8221;]@ET-DC@eyJkeW5hbWljIjp0cnVlLCJjb250ZW50IjoicG9zdF90aXRsZSIsInNldHRpbmdzIjp7ImJlZm9yZSI6IjxoMT4iLCJhZnRlciI6IjxcL2gxPiJ9fQ==@[\/et_pb_text][\/et_pb_column][\/et_pb_row][\/et_pb_section][et_pb_section fb_built=&#8221;1&#8243; admin_label=&#8221;Content&#8221; _builder_version=&#8221;4.16&#8243; background_color=&#8221;#ffffff&#8221; max_width=&#8221;90%&#8221; max_width_tablet=&#8221;&#8221; max_width_phone=&#8221;100%&#8221; max_width_last_edited=&#8221;on|phone&#8221; custom_margin=&#8221;-160px||0px||false|false&#8221; custom_padding=&#8221;||0px||false|false&#8221; border_color_all=&#8221;#ffffff&#8221; border_width_left=&#8221;10vw&#8221; global_colors_info=&#8221;{}&#8221;][et_pb_row column_structure=&#8221;2_3,1_3&#8243; custom_padding_last_edited=&#8221;on|phone&#8221; _builder_version=&#8221;4.16&#8243; width=&#8221;auto&#8221; max_width=&#8221;none&#8221; custom_padding=&#8221;27px|0|27px|0px|false|false&#8221; custom_padding_tablet=&#8221;|0px||0px||true&#8221; custom_padding_phone=&#8221;|10%||0px|false|false&#8221; global_colors_info=&#8221;{}&#8221;][et_pb_column type=&#8221;2_3&#8243; _builder_version=&#8221;4.16&#8243; custom_padding=&#8221;|||&#8221; global_colors_info=&#8221;{}&#8221; custom_padding__hover=&#8221;|||&#8221;][et_pb_text admin_label=&#8221;Subtitle&#8221; _builder_version=&#8221;4.27.3&#8243; text_font=&#8221;||||||||&#8221; text_line_height=&#8221;2em&#8221; header_font=&#8221;||||||||&#8221; header_2_font=&#8221;|600||on|||||&#8221; header_2_text_color=&#8221;#df0834&#8243; header_2_font_size=&#8221;20px&#8221; header_2_line_height=&#8221;1.4em&#8221; header_6_font=&#8221;|700||on|||||&#8221; header_6_font_size=&#8221;16px&#8221; header_6_letter_spacing=&#8221;5px&#8221; header_6_line_height=&#8221;1.8em&#8221; max_width=&#8221;700px&#8221; module_alignment=&#8221;center&#8221; custom_margin=&#8221;||0px||false|false&#8221; custom_padding=&#8221;||0px||false|false&#8221; hover_enabled=&#8221;0&#8243; header_2_font_size_tablet=&#8221;25px&#8221; header_2_font_size_phone=&#8221;25px&#8221; header_2_font_size_last_edited=&#8221;on|phone&#8221; global_colors_info=&#8221;{}&#8221; sticky_enabled=&#8221;0&#8243;]<\/p>\n<h2>Oltre 35 anni di innovazione<\/h2>\n<p>[\/et_pb_text][et_pb_text admin_label=&#8221;Paragraph&#8221; _builder_version=&#8221;4.27.3&#8243; text_font=&#8221;||||||||&#8221; text_font_size=&#8221;18px&#8221; text_line_height=&#8221;2em&#8221; header_font=&#8221;||||||||&#8221; header_2_font=&#8221;Raleway|700|||||||&#8221; header_2_font_size=&#8221;50px&#8221; header_2_line_height=&#8221;1.4em&#8221; header_6_font=&#8221;Raleway|700||on|||||&#8221; header_6_font_size=&#8221;16px&#8221; header_6_letter_spacing=&#8221;5px&#8221; header_6_line_height=&#8221;1.8em&#8221; text_orientation=&#8221;justified&#8221; max_width=&#8221;700px&#8221; module_alignment=&#8221;center&#8221; custom_margin=&#8221;0px||||false|false&#8221; custom_padding=&#8221;0px||||false|false&#8221; hover_enabled=&#8221;0&#8243; header_2_font_size_tablet=&#8221;35px&#8221; header_2_font_size_phone=&#8221;25px&#8221; header_2_font_size_last_edited=&#8221;on|phone&#8221; text_orientation_tablet=&#8221;&#8221; text_orientation_phone=&#8221;left&#8221; text_orientation_last_edited=&#8221;on|desktop&#8221; global_colors_info=&#8221;{}&#8221; sticky_enabled=&#8221;0&#8243;]<\/p>\n<p>Antec Scientific \u00e8 uno spin-off dell&#8217;Universit\u00e0 di Leiden (Paesi Bassi), dove a met\u00e0 degli anni &#8217;80 due scienziati hanno sviluppato una nuova cella a flusso elettrochimico utilizzando un concetto di wall-jet. Questa cella a flusso Wall-Jet ha dimostrato una robustezza, una riproducibilit\u00e0 e una sensibilit\u00e0 superiori a qualsiasi altra sul mercato ed \u00e8 stata la base, insieme alla societ\u00e0 Spark Holland, per fondare Antec Scientific. Oggi questa cella a flusso Wall-Jet, nella sua seconda generazione, \u00e8 ancora la cella elettrochimica pi\u00f9 sensibile e viene venduta con il nome commerciale <a href=\"https:\/\/antecscientific.com\/products\/instruments\/flow-cells\/sencell\/\">SenCell<\/a>.<\/p>\n<p>Per ottenere la migliore sensibilit\u00e0 di rilevamento \u00e8 stato necessario sviluppare un rivelatore elettrochimico (ECD) con un compartimento a temperatura controllata per ospitare la cella e la colonna HPLC. A met\u00e0 degli anni &#8217;90 Antec Scientific ha introdotto i primi rilevatori elettrochimici. Nel 2016 \u00e8 stata introdotta sul mercato la quarta generazione di rivelatori ECD, nota come <a href=\"https:\/\/antecscientific.com\/it\/prodotti\/strumenti\/decade-elite\/\">DECADE Elite<\/a>.<\/p>\n<p>Nel 2005, Antec \u00e8 diventata un fornitore di applicazioni HPLC\/ECD garantite e dedicate. Con l&#8217;introduzione degli <a href=\"https:\/\/antecscientific.com\/it\/prodotti\/strumenti\/analizzatori-alexys\/\">analizzatori ALEXYS<\/a>, Antec ha ottimizzato tutte le parti del sistema HPLC, come le pompe, l&#8217;autocampionatore e la fluidica, per ottenere le migliori prestazioni e facilit\u00e0 d&#8217;uso possibili. Oggi sono disponibili analizzatori ALEXYS dedicati, chiavi in mano, per un&#8217;ampia gamma di applicazioni.<\/p>\n<p>Un&#8217;altra pietra miliare \u00e8 stata raggiunta nel 2009, quando Antec Scientific ha introdotto il <a href=\"https:\/\/antecscientific.com\/it\/prodotti\/strumenti\/roxy-exceed-per-ec-ms\/\">sistema ROXY EC<\/a> nella comunit\u00e0 MS. In questo modo, l&#8217;accoppiamento on-line di EC\/MS \u00e8 diventato realt\u00e0. L&#8217;uso di reattori elettrochimici a monte della SM consente di studiare e imitare la maggior parte delle reazioni REDOX della natura in tempo reale senza alcuna interferenza biologica. Pi\u00f9 di 100 pubblicazioni peer-reviewed sono la prova di questa tecnologia in rapida crescita ed entusiasmante.<\/p>\n<p>Recentemente, l&#8217;uso della sintesi elettrochimica in soluzione bulk o in chimica di flusso ha mostrato un grande potenziale per la sintesi rapida di varianti di farmaci, metaboliti, degradanti, ecc. Le nostre <a href=\"https:\/\/antecscientific.com\/products\/instruments\/reactor-cells\/\">celle reattore<\/a> sono lo strumento ideale per queste applicazioni.<\/p>\n<p>[\/et_pb_text][\/et_pb_column][et_pb_column type=&#8221;1_3&#8243; _builder_version=&#8221;4.16&#8243; custom_padding=&#8221;5%|5%|||false|false&#8221; global_colors_info=&#8221;{}&#8221; custom_padding__hover=&#8221;|||&#8221;][et_pb_image src=&#8221;https:\/\/antecscientific.com\/wp-content\/uploads\/2020\/09\/sencell_exploded.jpg&#8221; title_text=&#8221;sencell_exploded&#8221; _builder_version=&#8221;4.16&#8243; _module_preset=&#8221;default&#8221; global_colors_info=&#8221;{}&#8221;][\/et_pb_image][\/et_pb_column][\/et_pb_row][\/et_pb_section][et_pb_section fb_built=&#8221;1&#8243; admin_label=&#8221;Download Table&#8221; _builder_version=&#8221;4.27.2&#8243; background_enable_color=&#8221;off&#8221; use_background_color_gradient=&#8221;on&#8221; background_color_gradient_stops=&#8221;#f6f9fb 50%|#ffffff 100%&#8221; background_color_gradient_start=&#8221;#f6f9fb&#8221; background_color_gradient_start_position=&#8221;50%&#8221; background_color_gradient_end=&#8221;#ffffff&#8221; max_width=&#8221;100%&#8221; max_width_tablet=&#8221;&#8221; max_width_phone=&#8221;100%&#8221; max_width_last_edited=&#8221;on|desktop&#8221; module_alignment=&#8221;center&#8221; custom_margin=&#8221;0px||0px||false|false&#8221; custom_padding=&#8221;40px||40px||false|false&#8221; global_colors_info=&#8221;{}&#8221;][et_pb_row _builder_version=&#8221;4.27.2&#8243; background_color=&#8221;rgba(0,0,0,0)&#8221; width_tablet=&#8221;&#8221; width_phone=&#8221;&#8221; width_last_edited=&#8221;on|phone&#8221; max_width=&#8221;80%&#8221; max_width_tablet=&#8221;&#8221; max_width_phone=&#8221;&#8221; max_width_last_edited=&#8221;on|phone&#8221; module_alignment=&#8221;center&#8221; custom_padding=&#8221;||||false|false&#8221; global_colors_info=&#8221;{}&#8221;][et_pb_column type=&#8221;4_4&#8243; _builder_version=&#8221;4.16&#8243; global_colors_info=&#8221;{}&#8221;][et_pb_text admin_label=&#8221;Shortcode of Table&#8221; _builder_version=&#8221;4.27.2&#8243; background_color=&#8221;#ffffff&#8221; max_width=&#8221;1200px&#8221; custom_padding=&#8221;20px|30px|30px|30px|false|false&#8221; custom_padding_tablet=&#8221;&#8221; custom_padding_phone=&#8221;|0px||0px|false|false&#8221; custom_padding_last_edited=&#8221;on|phone&#8221; module_alignment_tablet=&#8221;&#8221; module_alignment_phone=&#8221;&#8221; module_alignment_last_edited=&#8221;on|desktop&#8221; box_shadow_style=&#8221;preset1&#8243; box_shadow_blur=&#8221;40px&#8221; box_shadow_color=&#8221;rgba(0,33,91,0.17)&#8221; global_colors_info=&#8221;{}&#8221;]<\/p>\n<h3>Documento<\/h3>\n<p>&nbsp;<\/p>\n        <div class=\"antec-downloads view--list\">\n        <div class=\"list-item name thead\">Name<\/div>\n        <div class=\"list-item rev thead\">Doc#<\/div>\n        <div class=\"list-item size thead\">Size<\/div>\n        <div class=\"list-item download thead\">Download<\/div>\n\n                    <div class=\"list-item name\" data-label=\"Name\">Corporate Capabilities2025_06<\/div>\n            <div class=\"list-item rev\" data-label=\"Rev\">&nbsp;<\/div>\n            <div class=\"list-item size\" data-label=\"Size\">0.63 MB<\/div>\n            <div class=\"list-item download\" data-label=\"Download\">\n                <a href=\"https:\/\/antecscientific.com\/wp-content\/mu-plugins\/antec-downloads\/files\/webdocs\/docs\/Corporate Capabilities2025_06.pdf\" class=\"download-link\" download>Download<i class=\"zmdi zmdi-cloud-download wpfd-download\"><\/i><\/a>\n            <\/div>\n            <\/div>\n\n<p>[\/et_pb_text][\/et_pb_column][\/et_pb_row][\/et_pb_section][et_pb_section fb_built=&#8221;1&#8243; disabled_on=&#8221;on|on|on&#8221; admin_label=&#8221;Download Table&#8221; _builder_version=&#8221;4.27.2&#8243; background_enable_color=&#8221;off&#8221; use_background_color_gradient=&#8221;on&#8221; background_color_gradient_stops=&#8221;#f6f9fb 50%|#ffffff 100%&#8221; background_color_gradient_start=&#8221;#f6f9fb&#8221; background_color_gradient_start_position=&#8221;50%&#8221; background_color_gradient_end=&#8221;#ffffff&#8221; max_width_tablet=&#8221;&#8221; max_width_phone=&#8221;100%&#8221; max_width_last_edited=&#8221;on|desktop&#8221; module_alignment=&#8221;center&#8221; custom_margin=&#8221;0px||0px||false|false&#8221; custom_padding=&#8221;40px||40px||false|false&#8221; disabled=&#8221;on&#8221; locked=&#8221;off&#8221; global_colors_info=&#8221;{}&#8221;][et_pb_row _builder_version=&#8221;4.16&#8243; background_color=&#8221;rgba(0,0,0,0)&#8221; width_tablet=&#8221;&#8221; width_phone=&#8221;&#8221; width_last_edited=&#8221;on|phone&#8221; max_width=&#8221;80%&#8221; max_width_tablet=&#8221;&#8221; max_width_phone=&#8221;&#8221; max_width_last_edited=&#8221;on|phone&#8221; module_alignment=&#8221;center&#8221; global_colors_info=&#8221;{}&#8221;][et_pb_column type=&#8221;4_4&#8243; _builder_version=&#8221;4.16&#8243; global_colors_info=&#8221;{}&#8221;][et_pb_text admin_label=&#8221;Shortcode of Table&#8221; _builder_version=&#8221;4.16&#8243; background_color=&#8221;#ffffff&#8221; custom_padding=&#8221;20px|30px|30px|30px|false|false&#8221; custom_padding_tablet=&#8221;&#8221; custom_padding_phone=&#8221;|0px||0px|false|false&#8221; custom_padding_last_edited=&#8221;on|phone&#8221; box_shadow_style=&#8221;preset1&#8243; box_shadow_blur=&#8221;40px&#8221; box_shadow_color=&#8221;rgba(0,33,91,0.17)&#8221; global_colors_info=&#8221;{}&#8221;]<\/p>\n<p>[wpfd_category id=&#8221;115&#8243;]<\/p>\n<p>[\/et_pb_text][\/et_pb_column][\/et_pb_row][\/et_pb_section]<\/p>\n","protected":false},"excerpt":{"rendered":"<p>Panoramica storica delle innovazioni Antec nei rivelatori elettrochimici e nelle celle a flusso.<\/p>\n","protected":false},"author":3,"featured_media":0,"parent":17841,"menu_order":0,"comment_status":"closed","ping_status":"closed","template":"","meta":{"_et_pb_use_builder":"on","_et_pb_old_content":"","_et_gb_content_width":"","footnotes":""},"class_list":["post-17086","page","type-page","status-publish","hentry"],"yoast_head":"<!-- This site is optimized with the Yoast SEO plugin v27.3 - https:\/\/yoast.com\/product\/yoast-seo-wordpress\/ -->\n<title>Innovazioni - Antec Scientific<\/title>\n<meta name=\"description\" content=\"Panoramica storica delle innovazioni Antec nei rivelatori elettrochimici e nelle celle a flusso.\" \/>\n<meta name=\"robots\" content=\"index, follow, max-snippet:-1, max-image-preview:large, max-video-preview:-1\" \/>\n<link rel=\"canonical\" href=\"https:\/\/antecscientific.com\/it\/circa\/antec-scientific\/innovazioni\/\" \/>\n<meta property=\"og:locale\" content=\"it_IT\" \/>\n<meta property=\"og:type\" content=\"article\" \/>\n<meta property=\"og:title\" content=\"Innovazioni - Antec Scientific\" \/>\n<meta property=\"og:description\" content=\"Panoramica storica delle innovazioni Antec nei rivelatori elettrochimici e nelle celle a flusso.\" \/>\n<meta property=\"og:url\" content=\"https:\/\/antecscientific.com\/it\/circa\/antec-scientific\/innovazioni\/\" \/>\n<meta property=\"og:site_name\" content=\"Antec Scientific\" \/>\n<meta property=\"article:modified_time\" content=\"2024-11-12T15:04:50+00:00\" \/>\n<meta name=\"twitter:card\" content=\"summary_large_image\" \/>\n<meta name=\"twitter:label1\" content=\"Tempo di lettura stimato\" \/>\n\t<meta name=\"twitter:data1\" content=\"6 minuti\" \/>\n<script type=\"application\/ld+json\" class=\"yoast-schema-graph\">{\"@context\":\"https:\\\/\\\/schema.org\",\"@graph\":[{\"@type\":\"WebPage\",\"@id\":\"https:\\\/\\\/antecscientific.com\\\/it\\\/circa\\\/antec-scientific\\\/innovazioni\\\/\",\"url\":\"https:\\\/\\\/antecscientific.com\\\/it\\\/circa\\\/antec-scientific\\\/innovazioni\\\/\",\"name\":\"Innovazioni - Antec Scientific\",\"isPartOf\":{\"@id\":\"https:\\\/\\\/antecscientific.com\\\/it\\\/#website\"},\"datePublished\":\"2020-09-05T08:46:45+00:00\",\"dateModified\":\"2024-11-12T15:04:50+00:00\",\"description\":\"Panoramica storica delle innovazioni Antec nei rivelatori elettrochimici e nelle celle a flusso.\",\"breadcrumb\":{\"@id\":\"https:\\\/\\\/antecscientific.com\\\/it\\\/circa\\\/antec-scientific\\\/innovazioni\\\/#breadcrumb\"},\"inLanguage\":\"it-IT\",\"potentialAction\":[{\"@type\":\"ReadAction\",\"target\":[\"https:\\\/\\\/antecscientific.com\\\/it\\\/circa\\\/antec-scientific\\\/innovazioni\\\/\"]}]},{\"@type\":\"BreadcrumbList\",\"@id\":\"https:\\\/\\\/antecscientific.com\\\/it\\\/circa\\\/antec-scientific\\\/innovazioni\\\/#breadcrumb\",\"itemListElement\":[{\"@type\":\"ListItem\",\"position\":1,\"name\":\"Chi Siamo\",\"item\":\"https:\\\/\\\/antecscientific.com\\\/it\\\/circa\\\/\"},{\"@type\":\"ListItem\",\"position\":2,\"name\":\"Antec Scientific\",\"item\":\"https:\\\/\\\/antecscientific.com\\\/it\\\/circa\\\/antec-scientific\\\/\"},{\"@type\":\"ListItem\",\"position\":3,\"name\":\"Innovazioni\"}]},{\"@type\":\"WebSite\",\"@id\":\"https:\\\/\\\/antecscientific.com\\\/it\\\/#website\",\"url\":\"https:\\\/\\\/antecscientific.com\\\/it\\\/\",\"name\":\"Antec Scientific\",\"description\":\"Supporting research to improve quality of life\",\"potentialAction\":[{\"@type\":\"SearchAction\",\"target\":{\"@type\":\"EntryPoint\",\"urlTemplate\":\"https:\\\/\\\/antecscientific.com\\\/it\\\/?s={search_term_string}\"},\"query-input\":{\"@type\":\"PropertyValueSpecification\",\"valueRequired\":true,\"valueName\":\"search_term_string\"}}],\"inLanguage\":\"it-IT\"}]}<\/script>\n<!-- \/ Yoast SEO plugin. -->","yoast_head_json":{"title":"Innovazioni - Antec Scientific","description":"Panoramica storica delle innovazioni Antec nei rivelatori elettrochimici e nelle celle a flusso.","robots":{"index":"index","follow":"follow","max-snippet":"max-snippet:-1","max-image-preview":"max-image-preview:large","max-video-preview":"max-video-preview:-1"},"canonical":"https:\/\/antecscientific.com\/it\/circa\/antec-scientific\/innovazioni\/","og_locale":"it_IT","og_type":"article","og_title":"Innovazioni - Antec Scientific","og_description":"Panoramica storica delle innovazioni Antec nei rivelatori elettrochimici e nelle celle a flusso.","og_url":"https:\/\/antecscientific.com\/it\/circa\/antec-scientific\/innovazioni\/","og_site_name":"Antec Scientific","article_modified_time":"2024-11-12T15:04:50+00:00","twitter_card":"summary_large_image","twitter_misc":{"Tempo di lettura stimato":"6 minuti"},"schema":{"@context":"https:\/\/schema.org","@graph":[{"@type":"WebPage","@id":"https:\/\/antecscientific.com\/it\/circa\/antec-scientific\/innovazioni\/","url":"https:\/\/antecscientific.com\/it\/circa\/antec-scientific\/innovazioni\/","name":"Innovazioni - Antec Scientific","isPartOf":{"@id":"https:\/\/antecscientific.com\/it\/#website"},"datePublished":"2020-09-05T08:46:45+00:00","dateModified":"2024-11-12T15:04:50+00:00","description":"Panoramica storica delle innovazioni Antec nei rivelatori elettrochimici e nelle celle a flusso.","breadcrumb":{"@id":"https:\/\/antecscientific.com\/it\/circa\/antec-scientific\/innovazioni\/#breadcrumb"},"inLanguage":"it-IT","potentialAction":[{"@type":"ReadAction","target":["https:\/\/antecscientific.com\/it\/circa\/antec-scientific\/innovazioni\/"]}]},{"@type":"BreadcrumbList","@id":"https:\/\/antecscientific.com\/it\/circa\/antec-scientific\/innovazioni\/#breadcrumb","itemListElement":[{"@type":"ListItem","position":1,"name":"Chi Siamo","item":"https:\/\/antecscientific.com\/it\/circa\/"},{"@type":"ListItem","position":2,"name":"Antec Scientific","item":"https:\/\/antecscientific.com\/it\/circa\/antec-scientific\/"},{"@type":"ListItem","position":3,"name":"Innovazioni"}]},{"@type":"WebSite","@id":"https:\/\/antecscientific.com\/it\/#website","url":"https:\/\/antecscientific.com\/it\/","name":"Antec Scientific","description":"Supporting research to improve quality of life","potentialAction":[{"@type":"SearchAction","target":{"@type":"EntryPoint","urlTemplate":"https:\/\/antecscientific.com\/it\/?s={search_term_string}"},"query-input":{"@type":"PropertyValueSpecification","valueRequired":true,"valueName":"search_term_string"}}],"inLanguage":"it-IT"}]}},"_links":{"self":[{"href":"https:\/\/antecscientific.com\/it\/wp-json\/wp\/v2\/pages\/17086","targetHints":{"allow":["GET"]}}],"collection":[{"href":"https:\/\/antecscientific.com\/it\/wp-json\/wp\/v2\/pages"}],"about":[{"href":"https:\/\/antecscientific.com\/it\/wp-json\/wp\/v2\/types\/page"}],"author":[{"embeddable":true,"href":"https:\/\/antecscientific.com\/it\/wp-json\/wp\/v2\/users\/3"}],"replies":[{"embeddable":true,"href":"https:\/\/antecscientific.com\/it\/wp-json\/wp\/v2\/comments?post=17086"}],"version-history":[{"count":19,"href":"https:\/\/antecscientific.com\/it\/wp-json\/wp\/v2\/pages\/17086\/revisions"}],"predecessor-version":[{"id":29012,"href":"https:\/\/antecscientific.com\/it\/wp-json\/wp\/v2\/pages\/17086\/revisions\/29012"}],"up":[{"embeddable":true,"href":"https:\/\/antecscientific.com\/it\/wp-json\/wp\/v2\/pages\/17841"}],"wp:attachment":[{"href":"https:\/\/antecscientific.com\/it\/wp-json\/wp\/v2\/media?parent=17086"}],"curies":[{"name":"wp","href":"https:\/\/api.w.org\/{rel}","templated":true}]}}