{"id":16882,"date":"2020-08-30T11:43:00","date_gmt":"2020-08-30T11:43:00","guid":{"rendered":"https:\/\/antecscientific.com\/mercati\/farmaceutico\/"},"modified":"2023-05-01T20:52:52","modified_gmt":"2023-05-01T20:52:52","slug":"farmaceutico","status":"publish","type":"page","link":"https:\/\/antecscientific.com\/it\/mercati\/farmaceutico\/","title":{"rendered":"Farmaceutico"},"content":{"rendered":"<p>[et_pb_section fb_built=&#8221;1&#8243; admin_label=&#8221;Header&#8221; _builder_version=&#8221;4.16&#8243; background_image=&#8221;https:\/\/antecscientific.com\/wp-content\/uploads\/2020\/10\/markets_pharma.jpg&#8221; parallax=&#8221;on&#8221; custom_padding=&#8221;2vw|0px|200px|0px|false|false&#8221; collapsed=&#8221;on&#8221; global_colors_info=&#8221;{}&#8221;][et_pb_row _builder_version=&#8221;4.16&#8243; global_colors_info=&#8221;{}&#8221;][et_pb_column type=&#8221;4_4&#8243; _builder_version=&#8221;4.16&#8243; custom_padding=&#8221;|||&#8221; global_colors_info=&#8221;{}&#8221; custom_padding__hover=&#8221;|||&#8221;][et_pb_text admin_label=&#8221;Breadcrumbs (don&#8217;t touch)&#8221; _builder_version=&#8221;4.16&#8243; text_font=&#8221;|700|||||||&#8221; text_text_color=&#8221;#ffffff&#8221; text_font_size=&#8221;15px&#8221; link_font=&#8221;|700|||||||&#8221; link_text_color=&#8221;#ffffff&#8221; link_font_size=&#8221;15px&#8221; global_colors_info=&#8221;{}&#8221;][\/et_pb_text][et_pb_text admin_label=&#8221;Big page title (don&#8217;t touch)&#8221; _builder_version=&#8221;4.16&#8243; _dynamic_attributes=&#8221;content&#8221; text_font=&#8221;||||||||&#8221; header_font=&#8221;|700|||||||&#8221; header_text_color=&#8221;#ffffff&#8221; header_font_size=&#8221;80px&#8221; header_line_height=&#8221;1.2em&#8221; header_5_font=&#8221;Raleway|700||on|||||&#8221; header_5_text_color=&#8221;#000000&#8243; header_5_font_size=&#8221;20px&#8221; header_5_letter_spacing=&#8221;0.5em&#8221; header_5_line_height=&#8221;1.8em&#8221; animation_style=&#8221;zoom&#8221; animation_intensity_zoom=&#8221;5%&#8221; header_font_size_tablet=&#8221;48px&#8221; header_font_size_phone=&#8221;32px&#8221; header_font_size_last_edited=&#8221;on|phone&#8221; header_5_font_size_tablet=&#8221;14px&#8221; header_5_font_size_phone=&#8221;12px&#8221; header_5_font_size_last_edited=&#8221;on|desktop&#8221; global_colors_info=&#8221;{}&#8221;]@ET-DC@eyJkeW5hbWljIjp0cnVlLCJjb250ZW50IjoicG9zdF90aXRsZSIsInNldHRpbmdzIjp7ImJlZm9yZSI6IjxoMT4iLCJhZnRlciI6IjxcL2gxPiJ9fQ==@[\/et_pb_text][\/et_pb_column][\/et_pb_row][\/et_pb_section][et_pb_section fb_built=&#8221;1&#8243; admin_label=&#8221;Content&#8221; _builder_version=&#8221;4.16&#8243; background_color=&#8221;#ffffff&#8221; max_width=&#8221;90%&#8221; max_width_tablet=&#8221;&#8221; max_width_phone=&#8221;100%&#8221; max_width_last_edited=&#8221;on|phone&#8221; custom_margin=&#8221;-160px||0px||false|false&#8221; custom_padding=&#8221;||0px||false|false&#8221; border_color_all=&#8221;#ffffff&#8221; border_width_left=&#8221;10vw&#8221; global_colors_info=&#8221;{}&#8221;][et_pb_row column_structure=&#8221;2_3,1_3&#8243; custom_padding_last_edited=&#8221;on|phone&#8221; _builder_version=&#8221;4.16&#8243; width=&#8221;auto&#8221; max_width=&#8221;none&#8221; custom_padding=&#8221;27px|0|27px|0px|false|false&#8221; custom_padding_tablet=&#8221;|0px||0px||true&#8221; custom_padding_phone=&#8221;|10%||0px|false|false&#8221; global_colors_info=&#8221;{}&#8221;][et_pb_column type=&#8221;2_3&#8243; _builder_version=&#8221;4.16&#8243; custom_padding=&#8221;|||&#8221; global_colors_info=&#8221;{}&#8221; custom_padding__hover=&#8221;|||&#8221;][et_pb_text admin_label=&#8221;Subtitle&#8221; _builder_version=&#8221;4.16&#8243; text_font=&#8221;||||||||&#8221; text_line_height=&#8221;2em&#8221; header_font=&#8221;||||||||&#8221; header_2_font=&#8221;|600||on|||||&#8221; header_2_text_color=&#8221;#df0834&#8243; header_2_font_size=&#8221;20px&#8221; header_2_line_height=&#8221;1.4em&#8221; header_6_font=&#8221;|700||on|||||&#8221; header_6_font_size=&#8221;16px&#8221; header_6_letter_spacing=&#8221;5px&#8221; header_6_line_height=&#8221;1.8em&#8221; max_width=&#8221;700px&#8221; module_alignment=&#8221;center&#8221; custom_margin=&#8221;||0px||false|false&#8221; custom_padding=&#8221;||0px||false|false&#8221; header_2_font_size_tablet=&#8221;25px&#8221; header_2_font_size_phone=&#8221;25px&#8221; header_2_font_size_last_edited=&#8221;on|phone&#8221; global_colors_info=&#8221;{}&#8221;]<\/p>\n<h2>Analizzatori scientifici Antec nel settore farmaceutico<\/h2>\n<p>[\/et_pb_text][et_pb_text admin_label=&#8221;Paragraph&#8221; _builder_version=&#8221;4.19.1&#8243; text_font=&#8221;||||||||&#8221; text_font_size=&#8221;18px&#8221; text_line_height=&#8221;2em&#8221; header_font=&#8221;||||||||&#8221; header_2_font=&#8221;Raleway|700|||||||&#8221; header_2_font_size=&#8221;50px&#8221; header_2_line_height=&#8221;1.4em&#8221; header_6_font=&#8221;Raleway|700||on|||||&#8221; header_6_font_size=&#8221;16px&#8221; header_6_letter_spacing=&#8221;5px&#8221; header_6_line_height=&#8221;1.8em&#8221; text_orientation=&#8221;justified&#8221; max_width=&#8221;700px&#8221; module_alignment=&#8221;center&#8221; custom_margin=&#8221;0px||||false|false&#8221; custom_padding=&#8221;0px||||false|false&#8221; header_2_font_size_tablet=&#8221;35px&#8221; header_2_font_size_phone=&#8221;25px&#8221; header_2_font_size_last_edited=&#8221;on|phone&#8221; text_orientation_tablet=&#8221;&#8221; text_orientation_phone=&#8221;left&#8221; text_orientation_last_edited=&#8221;on|desktop&#8221; global_colors_info=&#8221;{}&#8221;]<\/p>\n<p>I test QC dei composti farmaceutici vengono eseguiti su scala mondiale da aziende farmaceutiche, laboratori di ricerca a contratto (CRO) e varie altre istituzioni. I requisiti normativi sono pi\u00f9 ampi e pi\u00f9 severi che mai e non potranno che aumentare per proteggere l&#8217;uomo e la natura. Con le Current Good Manufacturing Practices (cGMP) per i prodotti farmaceutici per uso umano vengono stabiliti standard di qualit\u00e0 per assicurare la qualit\u00e0 e la sicurezza del prodotto. L&#8217;osservanza delle norme cGMP assicura l&#8217;identit\u00e0, la forza, la qualit\u00e0 e la purezza dei prodotti farmaceutici, richiedendo ai produttori di farmaci un controllo adeguato delle operazioni di produzione. Metodi di analisi riproducibili, affidabili e robusti svolgono un ruolo fondamentale per la conformit\u00e0 alle normative.<\/p>\n<p>Gli <a href=\"https:\/\/antecscientific.com\/it\/prodotti\/strumenti\/analizzatori-alexys\/\">analizzatori ALEXYS di<\/a> Antec Scientific sono utilizzati in tutto il mondo per soddisfare gli standard normativi e di sicurezza USP ed EP per un&#8217;ampia gamma di composti. Sono stati sviluppati analizzatori dedicati che offrono sensibilit\u00e0, selettivit\u00e0 e produttivit\u00e0 eccezionali per antibiotici aminoglicosidi e macrolidi, (di-)solfuri, glicoproteine, carboidrati e molti altri prodotti farmaceutici.<\/p>\n<p>Per <strong>saperne di pi\u00f9<\/strong> sulle nostre applicazioni nell&#8217;<a href=\"https:\/\/antecscientific.com\/it\/applicazioni\/antibiotici\/\">analisi<\/a> dei <a href=\"https:\/\/antecscientific.com\/it\/applicazioni\/prodotti-farmaceutici\/\">prodotti farmaceutici<\/a> e degli <a href=\"https:\/\/antecscientific.com\/it\/applicazioni\/antibiotici\/\">antibiotici<\/a>&#8230;..<\/p>\n<p>[\/et_pb_text][\/et_pb_column][et_pb_column type=&#8221;1_3&#8243; _builder_version=&#8221;4.16&#8243; custom_padding=&#8221;5%|5%|||false|false&#8221; global_colors_info=&#8221;{}&#8221; custom_padding__hover=&#8221;|||&#8221;][et_pb_image src=&#8221;https:\/\/antecscientific.com\/wp-content\/uploads\/2020\/12\/FDA_inspection-300&#215;201.jpg&#8221; title_text=&#8221;Ispezione_FDA&#8221; _builder_version=&#8221;4.16&#8243; _module_preset=&#8221;default&#8221; global_colors_info=&#8221;{}&#8221;][\/et_pb_image][\/et_pb_column][\/et_pb_row][et_pb_row custom_padding_last_edited=&#8221;on|phone&#8221; admin_label=&#8221;Linea divisoria&#8221; _builder_version=&#8221;4.16&#8243; width=&#8221;auto&#8221; max_width=&#8221;none&#8221; custom_padding=&#8221;|0px|||false|false&#8221; custom_padding_tablet=&#8221;&#8221; custom_padding_phone=&#8221;|10%|||false|false&#8221; locked=&#8221;off&#8221; collapsed=&#8221;on&#8221; global_colors_info=&#8221;{}&#8221;][et_pb_column type=&#8221;4_4&#8243; _builder_version=&#8221;4.16&#8243; global_colors_info=&#8221;{}&#8221;][et_pb_divider color=&#8221;#dee1e6&#8243; _builder_version=&#8221;4.16&#8243; global_colors_info=&#8221;{}&#8221;][\/et_pb_divider][\/et_pb_column][\/et_pb_row][et_pb_row column_structure=&#8221;2_3,1_3&#8243; custom_padding_last_edited=&#8221;on|phone&#8221; _builder_version=&#8221;4.16&#8243; width=&#8221;auto&#8221; max_width=&#8221;none&#8221; custom_padding=&#8221;27px|0|27px|0px|false|false&#8221; custom_padding_tablet=&#8221;|0px||0px||true&#8221; custom_padding_phone=&#8221;|10%||0px|false|false&#8221; global_colors_info=&#8221;{}&#8221;][et_pb_column type=&#8221;2_3&#8243; _builder_version=&#8221;4.16&#8243; custom_padding=&#8221;|||&#8221; global_colors_info=&#8221;{}&#8221; custom_padding__hover=&#8221;|||&#8221;][et_pb_text admin_label=&#8221;Subtitle&#8221; _builder_version=&#8221;4.16&#8243; text_font=&#8221;||||||||&#8221; text_line_height=&#8221;2em&#8221; header_font=&#8221;||||||||&#8221; header_2_font=&#8221;|600||on|||||&#8221; header_2_text_color=&#8221;#df0834&#8243; header_2_font_size=&#8221;20px&#8221; header_2_line_height=&#8221;1.4em&#8221; header_6_font=&#8221;|700||on|||||&#8221; header_6_font_size=&#8221;16px&#8221; header_6_letter_spacing=&#8221;5px&#8221; header_6_line_height=&#8221;1.8em&#8221; max_width=&#8221;700px&#8221; module_alignment=&#8221;center&#8221; custom_margin=&#8221;||0px||false|false&#8221; custom_padding=&#8221;||0px||false|false&#8221; header_2_font_size_tablet=&#8221;25px&#8221; header_2_font_size_phone=&#8221;25px&#8221; header_2_font_size_last_edited=&#8221;on|phone&#8221; global_colors_info=&#8221;{}&#8221;]<\/p>\n<h2 id=\"dmet\">Metabolismo dei farmaci<\/h2>\n<p>[\/et_pb_text][et_pb_text admin_label=&#8221;Paragraph&#8221; _builder_version=&#8221;4.20.4&#8243; text_font=&#8221;||||||||&#8221; text_font_size=&#8221;18px&#8221; text_line_height=&#8221;2em&#8221; header_font=&#8221;||||||||&#8221; header_2_font=&#8221;Raleway|700|||||||&#8221; header_2_font_size=&#8221;50px&#8221; header_2_line_height=&#8221;1.4em&#8221; header_6_font=&#8221;Raleway|700||on|||||&#8221; header_6_font_size=&#8221;16px&#8221; header_6_letter_spacing=&#8221;5px&#8221; header_6_line_height=&#8221;1.8em&#8221; text_orientation=&#8221;justified&#8221; max_width=&#8221;700px&#8221; module_alignment=&#8221;center&#8221; custom_margin=&#8221;0px||||false|false&#8221; custom_padding=&#8221;0px||||false|false&#8221; hover_enabled=&#8221;0&#8243; header_2_font_size_tablet=&#8221;35px&#8221; header_2_font_size_phone=&#8221;25px&#8221; header_2_font_size_last_edited=&#8221;on|phone&#8221; text_orientation_tablet=&#8221;&#8221; text_orientation_phone=&#8221;left&#8221; text_orientation_last_edited=&#8221;on|desktop&#8221; global_colors_info=&#8221;{}&#8221; sticky_enabled=&#8221;0&#8243;]<\/p>\n<p>Una delle tante fasi dello sviluppo di un farmaco \u00e8 l&#8217;indagine sulla <strong>clearance metabolica<\/strong> di un candidato farmaco dall&#8217;organismo. La maggior parte degli xenobiotici viene metabolizzata nel fegato ed espulsa dall&#8217;organismo con le urine. Tuttavia, esiste una linea sottile tra il metabolismo dei farmaci e la tossicit\u00e0. Ci\u00f2 \u00e8 emerso chiaramente con i tragici eventi che hanno fatto seguito alle prescrizioni di talidomide per il trattamento della nausea mattutina nelle donne incinte alla fine degli anni Cinquanta. Al giorno d&#8217;oggi, gli <strong>studi ADME<\/strong> (assorbimento, distribuzione, metabolismo, escrezione) svolgono un ruolo fondamentale nella traiettoria preclinica dello sviluppo di un farmaco. La paura di approvare un farmaco che potrebbe causare difetti alla nascita o cancro ha dominato la politica della FDA statunitense fino ad oggi.<\/p>\n<p>Gli enzimi del citocromo P450 (P450) nel fegato svolgono un ruolo importante nel processo metabolico. I meccanismi di reazione si basano su reazioni di ossidazione, tra cui deaminazione, <em>N-dealchilazione<\/em>, <em>O-dealchilazione<\/em>, solfossidazione e idrossilazione di gruppi alchilici e anelli aromatici. Tradizionalmente, gli studi sul metabolismo dei farmaci si basano sull&#8217;incubazione del farmaco con microsomi di cellule epatiche.<\/p>\n<p>L&#8217;<strong>elettrochimica<\/strong> si \u00e8 dimostrata una tecnica complementare per lo studio del metabolismo ossidativo. I candidati farmaci e gli ingredienti farmaceutici attivi (API) vengono ossidati in un reattore elettrochimico collegato a un MS. I prodotti della reazione vengono immediatamente analizzati o mescolati con altre biomolecole come proteine o peptidi per studiare le reazioni dei metaboliti secondari. Sono state pubblicate diverse <a href=\"https:\/\/antecscientific.com\/download\/83\/applications-ec-ms\/2916\/210_016-roxy-literature-publications\">pubblicazioni<\/a> che mostrano la sovrapposizione e i risultati complementari dell&#8217;approccio elettrochimico e di quello microsomiale.<\/p>\n<p><strong>Per saperne di pi\u00f9:<\/strong><\/p>\n<ul>\n<li>Applicazioni dell&#8217;<a href=\"https:\/\/antecscientific.com\/it\/applicazioni\/reattori-roxy\/metabolismo-dei-farmaci\/\">elettrochimica negli<\/a> studi sul <a href=\"https:\/\/antecscientific.com\/it\/applicazioni\/reattori-roxy\/metabolismo-dei-farmaci\/\">metabolismo dei farmaci<\/a>&#8230;..<\/li>\n<li>Maggiori dettagli <a href=\"https:\/\/antecscientific.com\/it\/prodotti\/tecniche\/elettrochimica-con-rilevamento-ms\/\">sul funzionamento dell&#8217;elettrochimica con MS<\/a>&#8230;.<\/li>\n<\/ul>\n<p>&nbsp;<\/p>\n<p>[\/et_pb_text][\/et_pb_column][et_pb_column type=&#8221;1_3&#8243; _builder_version=&#8221;4.16&#8243; custom_padding=&#8221;5%|5%|||false|false&#8221; global_colors_info=&#8221;{}&#8221; custom_padding__hover=&#8221;|||&#8221;][et_pb_image src=&#8221;https:\/\/antecscientific.com\/wp-content\/uploads\/2020\/12\/drug_development_funnel.png&#8221; title_text=&#8221;tunnel_di_sviluppo_dei_farmaci&#8221; _builder_version=&#8221;4.16&#8243; _module_preset=&#8221;default&#8221; global_colors_info=&#8221;{}&#8221;][\/et_pb_image][et_pb_text _builder_version=&#8221;4.16&#8243; _module_preset=&#8221;default&#8221; global_colors_info=&#8221;{}&#8221;]<\/p>\n<p><em><small>Fig. 2. La scoperta dei farmaci \u00e8 un processo di eliminazione, che inizia con migliaia di candidati farmaci. I candidati non idonei devono essere eliminati nelle prime fasi del processo, per risparmiare tempo e denaro. L&#8217;elettrochimica si \u00e8 dimostrata un valido strumento complementare ai metodi tradizionali.<\/small><\/em><\/p>\n<p>[\/et_pb_text][\/et_pb_column][\/et_pb_row][\/et_pb_section]<\/p>\n","protected":false},"excerpt":{"rendered":"<p>Gli analizzatori ALEXYS di Antec sono utilizzati in tutto il mondo per soddisfare i requisiti normativi e di sicurezza per il controllo di qualit\u00e0 nella produzione farmaceutica.<\/p>\n","protected":false},"author":3,"featured_media":0,"parent":16810,"menu_order":0,"comment_status":"closed","ping_status":"closed","template":"","meta":{"_et_pb_use_builder":"on","_et_pb_old_content":"","_et_gb_content_width":"","footnotes":""},"class_list":["post-16882","page","type-page","status-publish","hentry"],"yoast_head":"<!-- This site is optimized with the Yoast SEO plugin v27.3 - https:\/\/yoast.com\/product\/yoast-seo-wordpress\/ -->\n<title>Farmaceutico - Antec Scientific<\/title>\n<meta name=\"description\" content=\"Gli analizzatori ALEXYS di Antec sono utilizzati in tutto il mondo per soddisfare i requisiti normativi e di sicurezza per il controllo di qualit\u00e0 nella produzione farmaceutica.\" \/>\n<meta name=\"robots\" content=\"index, follow, max-snippet:-1, max-image-preview:large, max-video-preview:-1\" \/>\n<link rel=\"canonical\" href=\"https:\/\/antecscientific.com\/it\/mercati\/farmaceutico\/\" \/>\n<meta property=\"og:locale\" content=\"it_IT\" \/>\n<meta property=\"og:type\" content=\"article\" \/>\n<meta property=\"og:title\" content=\"Farmaceutico - Antec Scientific\" \/>\n<meta property=\"og:description\" content=\"Gli analizzatori ALEXYS di Antec sono utilizzati in tutto il mondo per soddisfare i requisiti normativi e di sicurezza per il controllo di qualit\u00e0 nella produzione farmaceutica.\" \/>\n<meta property=\"og:url\" content=\"https:\/\/antecscientific.com\/it\/mercati\/farmaceutico\/\" \/>\n<meta property=\"og:site_name\" content=\"Antec Scientific\" \/>\n<meta property=\"article:modified_time\" content=\"2023-05-01T20:52:52+00:00\" \/>\n<meta name=\"twitter:card\" content=\"summary_large_image\" \/>\n<meta name=\"twitter:label1\" content=\"Tempo di lettura stimato\" \/>\n\t<meta name=\"twitter:data1\" content=\"7 minuti\" \/>\n<script type=\"application\/ld+json\" class=\"yoast-schema-graph\">{\"@context\":\"https:\\\/\\\/schema.org\",\"@graph\":[{\"@type\":\"WebPage\",\"@id\":\"https:\\\/\\\/antecscientific.com\\\/it\\\/mercati\\\/farmaceutico\\\/\",\"url\":\"https:\\\/\\\/antecscientific.com\\\/it\\\/mercati\\\/farmaceutico\\\/\",\"name\":\"Farmaceutico - Antec Scientific\",\"isPartOf\":{\"@id\":\"https:\\\/\\\/antecscientific.com\\\/it\\\/#website\"},\"datePublished\":\"2020-08-30T11:43:00+00:00\",\"dateModified\":\"2023-05-01T20:52:52+00:00\",\"description\":\"Gli analizzatori ALEXYS di Antec sono utilizzati in tutto il mondo per soddisfare i requisiti normativi e di sicurezza per il controllo di qualit\u00e0 nella produzione farmaceutica.\",\"breadcrumb\":{\"@id\":\"https:\\\/\\\/antecscientific.com\\\/it\\\/mercati\\\/farmaceutico\\\/#breadcrumb\"},\"inLanguage\":\"it-IT\",\"potentialAction\":[{\"@type\":\"ReadAction\",\"target\":[\"https:\\\/\\\/antecscientific.com\\\/it\\\/mercati\\\/farmaceutico\\\/\"]}]},{\"@type\":\"BreadcrumbList\",\"@id\":\"https:\\\/\\\/antecscientific.com\\\/it\\\/mercati\\\/farmaceutico\\\/#breadcrumb\",\"itemListElement\":[{\"@type\":\"ListItem\",\"position\":1,\"name\":\"Mercati\",\"item\":\"https:\\\/\\\/antecscientific.com\\\/it\\\/mercati\\\/\"},{\"@type\":\"ListItem\",\"position\":2,\"name\":\"Farmaceutico\"}]},{\"@type\":\"WebSite\",\"@id\":\"https:\\\/\\\/antecscientific.com\\\/it\\\/#website\",\"url\":\"https:\\\/\\\/antecscientific.com\\\/it\\\/\",\"name\":\"Antec Scientific\",\"description\":\"Supporting research to improve quality of life\",\"potentialAction\":[{\"@type\":\"SearchAction\",\"target\":{\"@type\":\"EntryPoint\",\"urlTemplate\":\"https:\\\/\\\/antecscientific.com\\\/it\\\/?s={search_term_string}\"},\"query-input\":{\"@type\":\"PropertyValueSpecification\",\"valueRequired\":true,\"valueName\":\"search_term_string\"}}],\"inLanguage\":\"it-IT\"}]}<\/script>\n<!-- \/ Yoast SEO plugin. -->","yoast_head_json":{"title":"Farmaceutico - Antec Scientific","description":"Gli analizzatori ALEXYS di Antec sono utilizzati in tutto il mondo per soddisfare i requisiti normativi e di sicurezza per il controllo di qualit\u00e0 nella produzione farmaceutica.","robots":{"index":"index","follow":"follow","max-snippet":"max-snippet:-1","max-image-preview":"max-image-preview:large","max-video-preview":"max-video-preview:-1"},"canonical":"https:\/\/antecscientific.com\/it\/mercati\/farmaceutico\/","og_locale":"it_IT","og_type":"article","og_title":"Farmaceutico - Antec Scientific","og_description":"Gli analizzatori ALEXYS di Antec sono utilizzati in tutto il mondo per soddisfare i requisiti normativi e di sicurezza per il controllo di qualit\u00e0 nella produzione farmaceutica.","og_url":"https:\/\/antecscientific.com\/it\/mercati\/farmaceutico\/","og_site_name":"Antec Scientific","article_modified_time":"2023-05-01T20:52:52+00:00","twitter_card":"summary_large_image","twitter_misc":{"Tempo di lettura stimato":"7 minuti"},"schema":{"@context":"https:\/\/schema.org","@graph":[{"@type":"WebPage","@id":"https:\/\/antecscientific.com\/it\/mercati\/farmaceutico\/","url":"https:\/\/antecscientific.com\/it\/mercati\/farmaceutico\/","name":"Farmaceutico - Antec Scientific","isPartOf":{"@id":"https:\/\/antecscientific.com\/it\/#website"},"datePublished":"2020-08-30T11:43:00+00:00","dateModified":"2023-05-01T20:52:52+00:00","description":"Gli analizzatori ALEXYS di Antec sono utilizzati in tutto il mondo per soddisfare i requisiti normativi e di sicurezza per il controllo di qualit\u00e0 nella produzione farmaceutica.","breadcrumb":{"@id":"https:\/\/antecscientific.com\/it\/mercati\/farmaceutico\/#breadcrumb"},"inLanguage":"it-IT","potentialAction":[{"@type":"ReadAction","target":["https:\/\/antecscientific.com\/it\/mercati\/farmaceutico\/"]}]},{"@type":"BreadcrumbList","@id":"https:\/\/antecscientific.com\/it\/mercati\/farmaceutico\/#breadcrumb","itemListElement":[{"@type":"ListItem","position":1,"name":"Mercati","item":"https:\/\/antecscientific.com\/it\/mercati\/"},{"@type":"ListItem","position":2,"name":"Farmaceutico"}]},{"@type":"WebSite","@id":"https:\/\/antecscientific.com\/it\/#website","url":"https:\/\/antecscientific.com\/it\/","name":"Antec Scientific","description":"Supporting research to improve quality of life","potentialAction":[{"@type":"SearchAction","target":{"@type":"EntryPoint","urlTemplate":"https:\/\/antecscientific.com\/it\/?s={search_term_string}"},"query-input":{"@type":"PropertyValueSpecification","valueRequired":true,"valueName":"search_term_string"}}],"inLanguage":"it-IT"}]}},"_links":{"self":[{"href":"https:\/\/antecscientific.com\/it\/wp-json\/wp\/v2\/pages\/16882","targetHints":{"allow":["GET"]}}],"collection":[{"href":"https:\/\/antecscientific.com\/it\/wp-json\/wp\/v2\/pages"}],"about":[{"href":"https:\/\/antecscientific.com\/it\/wp-json\/wp\/v2\/types\/page"}],"author":[{"embeddable":true,"href":"https:\/\/antecscientific.com\/it\/wp-json\/wp\/v2\/users\/3"}],"replies":[{"embeddable":true,"href":"https:\/\/antecscientific.com\/it\/wp-json\/wp\/v2\/comments?post=16882"}],"version-history":[{"count":9,"href":"https:\/\/antecscientific.com\/it\/wp-json\/wp\/v2\/pages\/16882\/revisions"}],"predecessor-version":[{"id":19469,"href":"https:\/\/antecscientific.com\/it\/wp-json\/wp\/v2\/pages\/16882\/revisions\/19469"}],"up":[{"embeddable":true,"href":"https:\/\/antecscientific.com\/it\/wp-json\/wp\/v2\/pages\/16810"}],"wp:attachment":[{"href":"https:\/\/antecscientific.com\/it\/wp-json\/wp\/v2\/media?parent=16882"}],"curies":[{"name":"wp","href":"https:\/\/api.w.org\/{rel}","templated":true}]}}