{"id":16788,"date":"2020-08-11T13:02:42","date_gmt":"2020-08-11T13:02:42","guid":{"rendered":"https:\/\/antecscientific.com\/prodotti\/strumenti\/"},"modified":"2023-02-06T13:20:23","modified_gmt":"2023-02-06T13:20:23","slug":"strumenti","status":"publish","type":"page","link":"https:\/\/antecscientific.com\/it\/prodotti\/strumenti\/","title":{"rendered":"Strumenti"},"content":{"rendered":"<p>[et_pb_section fb_built=&#8221;1&#8243; admin_label=&#8221;Header&#8221; _builder_version=&#8221;4.10.8&#8243; background_image=&#8221;https:\/\/antecscientific.com\/wp-content\/uploads\/2020\/11\/1_analyzer-1.jpg&#8221; parallax=&#8221;on&#8221; custom_padding=&#8221;2vw|0px|200px|0px|false|false&#8221; collapsed=&#8221;on&#8221; global_colors_info=&#8221;{}&#8221;][et_pb_row _builder_version=&#8221;3.25&#8243; global_colors_info=&#8221;{}&#8221;][et_pb_column type=&#8221;4_4&#8243; _builder_version=&#8221;3.25&#8243; custom_padding=&#8221;|||&#8221; global_colors_info=&#8221;{}&#8221; custom_padding__hover=&#8221;|||&#8221;][et_pb_text admin_label=&#8221;Breadcrumbs (don&#8217;t touch)&#8221; _builder_version=&#8221;4.4.8&#8243; text_font=&#8221;|700|||||||&#8221; text_text_color=&#8221;#ffffff&#8221; text_font_size=&#8221;15px&#8221; link_font=&#8221;|700|||||||&#8221; link_text_color=&#8221;#ffffff&#8221; link_font_size=&#8221;15px&#8221; global_colors_info=&#8221;{}&#8221;][\/et_pb_text][et_pb_text admin_label=&#8221;Big page title (don&#8217;t touch)&#8221; _builder_version=&#8221;4.5.6&#8243; _dynamic_attributes=&#8221;content&#8221; text_font=&#8221;||||||||&#8221; header_font=&#8221;|700|||||||&#8221; header_text_color=&#8221;#ffffff&#8221; header_font_size=&#8221;80px&#8221; header_line_height=&#8221;1.2em&#8221; header_5_font=&#8221;Raleway|700||on|||||&#8221; header_5_text_color=&#8221;#000000&#8243; header_5_font_size=&#8221;20px&#8221; header_5_letter_spacing=&#8221;0.5em&#8221; header_5_line_height=&#8221;1.8em&#8221; animation_style=&#8221;zoom&#8221; animation_intensity_zoom=&#8221;5%&#8221; header_font_size_tablet=&#8221;48px&#8221; header_font_size_phone=&#8221;32px&#8221; header_font_size_last_edited=&#8221;on|phone&#8221; header_5_font_size_tablet=&#8221;14px&#8221; header_5_font_size_phone=&#8221;12px&#8221; header_5_font_size_last_edited=&#8221;on|desktop&#8221; global_colors_info=&#8221;{}&#8221;]@ET-DC@eyJkeW5hbWljIjp0cnVlLCJjb250ZW50IjoicG9zdF90aXRsZSIsInNldHRpbmdzIjp7ImJlZm9yZSI6IjxoMT4iLCJhZnRlciI6IjxcL2gxPiJ9fQ==@[\/et_pb_text][\/et_pb_column][\/et_pb_row][\/et_pb_section][et_pb_section fb_built=&#8221;1&#8243; admin_label=&#8221;Content&#8221; _builder_version=&#8221;4.4.8&#8243; background_color=&#8221;#ffffff&#8221; max_width=&#8221;90%&#8221; max_width_tablet=&#8221;&#8221; max_width_phone=&#8221;100%&#8221; max_width_last_edited=&#8221;on|phone&#8221; custom_margin=&#8221;-160px||0px||false|false&#8221; custom_padding=&#8221;||0px||false|false&#8221; border_color_all=&#8221;#ffffff&#8221; border_width_left=&#8221;10vw&#8221; global_colors_info=&#8221;{}&#8221;][et_pb_row column_structure=&#8221;2_3,1_3&#8243; custom_padding_last_edited=&#8221;on|phone&#8221; _builder_version=&#8221;4.5.6&#8243; width=&#8221;auto&#8221; max_width=&#8221;none&#8221; custom_padding=&#8221;27px|0|27px|0px|false|false&#8221; custom_padding_tablet=&#8221;|0px||0px||true&#8221; custom_padding_phone=&#8221;|10%||0px|false|false&#8221; global_colors_info=&#8221;{}&#8221;][et_pb_column type=&#8221;2_3&#8243; _builder_version=&#8221;3.25&#8243; custom_padding=&#8221;|||&#8221; global_colors_info=&#8221;{}&#8221; custom_padding__hover=&#8221;|||&#8221;][et_pb_text admin_label=&#8221;Subtitle&#8221; _builder_version=&#8221;4.6.6&#8243; text_font=&#8221;||||||||&#8221; text_font_size=&#8221;16px&#8221; text_line_height=&#8221;2em&#8221; header_font=&#8221;||||||||&#8221; header_2_font=&#8221;|600||on|||||&#8221; header_2_text_color=&#8221;#df0834&#8243; header_2_font_size=&#8221;20px&#8221; header_2_line_height=&#8221;1.4em&#8221; header_6_font=&#8221;|700||on|||||&#8221; header_6_font_size=&#8221;16px&#8221; header_6_letter_spacing=&#8221;5px&#8221; header_6_line_height=&#8221;1.8em&#8221; max_width=&#8221;700px&#8221; module_alignment=&#8221;center&#8221; custom_margin=&#8221;||0px||false|false&#8221; custom_padding=&#8221;||0px||false|false&#8221; header_2_font_size_tablet=&#8221;25px&#8221; header_2_font_size_phone=&#8221;25px&#8221; header_2_font_size_last_edited=&#8221;on|phone&#8221; global_colors_info=&#8221;{}&#8221;]<\/p>\n<h2>Rilevamento elettrochimico<\/h2>\n<p>[\/et_pb_text][et_pb_text admin_label=&#8221;Paragraph&#8221; _builder_version=&#8221;4.6.6&#8243; text_font=&#8221;||||||||&#8221; text_font_size=&#8221;18px&#8221; text_line_height=&#8221;2em&#8221; header_font=&#8221;||||||||&#8221; header_2_font=&#8221;Raleway|700|||||||&#8221; header_2_font_size=&#8221;50px&#8221; header_2_line_height=&#8221;1.4em&#8221; header_6_font=&#8221;Raleway|700||on|||||&#8221; header_6_font_size=&#8221;16px&#8221; header_6_letter_spacing=&#8221;5px&#8221; header_6_line_height=&#8221;1.8em&#8221; text_orientation=&#8221;justified&#8221; max_width=&#8221;700px&#8221; module_alignment=&#8221;center&#8221; custom_margin=&#8221;0px||||false|false&#8221; custom_padding=&#8221;0px||||false|false&#8221; header_2_font_size_tablet=&#8221;35px&#8221; header_2_font_size_phone=&#8221;25px&#8221; header_2_font_size_last_edited=&#8221;on|phone&#8221; text_orientation_tablet=&#8221;&#8221; text_orientation_phone=&#8221;left&#8221; text_orientation_last_edited=&#8221;on|desktop&#8221; global_colors_info=&#8221;{}&#8221;]<\/p>\n<ul class=\"groot\">\n<li>Ottimizzato in ogni dettaglio<\/li>\n<li>Progettato per le prestazioni<\/li>\n<\/ul>\n<p>L&#8217;analizzatore ALEXYS\u2122 \u00e8 un sistema UHPLC con rivelazione elettrochimica progettato per soddisfare le pi\u00f9 elevate esigenze di sensibilit\u00e0 e prestazioni di rivelazione. L&#8217;ALEXYS \u00e8 facilmente aggiornabile per LC-EC a microforo e capillare. Il sistema utilizza Clarity, un software di acquisizione dati completo di tutti gli strumenti per l&#8217;acquisizione automatica dei dati, la calibrazione, l&#8217;elaborazione e la creazione di rapporti. Un analizzatore ALEXYS dispone inoltre del kit appropriato, ottimizzato per un&#8217;applicazione specifica.<\/p>\n<p>[\/et_pb_text][\/et_pb_column][et_pb_column type=&#8221;1_3&#8243; _builder_version=&#8221;4.4.8&#8243; custom_padding=&#8221;5%|5%|||false|false&#8221; global_colors_info=&#8221;{}&#8221; custom_padding__hover=&#8221;|||&#8221;][et_pb_image src=&#8221;https:\/\/antecscientific.com\/wp-content\/uploads\/2020\/08\/ALX_Elite2.jpg&#8221; title_text=&#8221;ALX_Elite2&#8243; _builder_version=&#8221;4.5.8&#8243; _module_preset=&#8221;default&#8221; global_colors_info=&#8221;{}&#8221;][\/et_pb_image][\/et_pb_column][\/et_pb_row][et_pb_row custom_padding_last_edited=&#8221;on|phone&#8221; admin_label=&#8221;Linea divisoria&#8221; _builder_version=&#8221;4.5.6&#8243; width=&#8221;auto&#8221; max_width=&#8221;none&#8221; custom_padding=&#8221;|0px|||false|false&#8221; custom_padding_tablet=&#8221;&#8221; custom_padding_phone=&#8221;|10%|||false|false&#8221; locked=&#8221;off&#8221; collapsed=&#8221;on&#8221; global_colors_info=&#8221;{}&#8221;][et_pb_column type=&#8221;4_4&#8243; _builder_version=&#8221;4.4.8&#8243; global_colors_info=&#8221;{}&#8221;][et_pb_divider color=&#8221;#dee1e6&#8243; _builder_version=&#8221;4.4.8&#8243; global_colors_info=&#8221;{}&#8221;][\/et_pb_divider][\/et_pb_column][\/et_pb_row][et_pb_row column_structure=&#8221;2_3,1_3&#8243; custom_padding_last_edited=&#8221;on|phone&#8221; _builder_version=&#8221;4.5.6&#8243; width=&#8221;auto&#8221; max_width=&#8221;none&#8221; custom_padding=&#8221;27px|0|27px|0px|false|false&#8221; custom_padding_tablet=&#8221;|0px||0px||true&#8221; custom_padding_phone=&#8221;|10%||0px|false|false&#8221; global_colors_info=&#8221;{}&#8221;][et_pb_column type=&#8221;2_3&#8243; _builder_version=&#8221;3.25&#8243; custom_padding=&#8221;|||&#8221; global_colors_info=&#8221;{}&#8221; custom_padding__hover=&#8221;|||&#8221;][et_pb_text admin_label=&#8221;Subtitle&#8221; _builder_version=&#8221;4.6.6&#8243; text_font=&#8221;||||||||&#8221; text_font_size=&#8221;16px&#8221; text_line_height=&#8221;2em&#8221; header_font=&#8221;||||||||&#8221; header_2_font=&#8221;|600||on|||||&#8221; header_2_text_color=&#8221;#df0834&#8243; header_2_font_size=&#8221;20px&#8221; header_2_line_height=&#8221;1.4em&#8221; header_6_font=&#8221;|700||on|||||&#8221; header_6_font_size=&#8221;16px&#8221; header_6_letter_spacing=&#8221;5px&#8221; header_6_line_height=&#8221;1.8em&#8221; max_width=&#8221;700px&#8221; module_alignment=&#8221;center&#8221; custom_margin=&#8221;||0px||false|false&#8221; custom_padding=&#8221;||0px||false|false&#8221; header_2_font_size_tablet=&#8221;25px&#8221; header_2_font_size_phone=&#8221;25px&#8221; header_2_font_size_last_edited=&#8221;on|phone&#8221; global_colors_info=&#8221;{}&#8221;]<\/p>\n<h2>Reattori elettrochimici<\/h2>\n<p>[\/et_pb_text][et_pb_text admin_label=&#8221;Paragraph&#8221; _builder_version=&#8221;4.6.6&#8243; text_font=&#8221;||||||||&#8221; text_font_size=&#8221;18px&#8221; text_line_height=&#8221;2em&#8221; header_font=&#8221;||||||||&#8221; header_2_font=&#8221;Raleway|700|||||||&#8221; header_2_font_size=&#8221;50px&#8221; header_2_line_height=&#8221;1.4em&#8221; header_6_font=&#8221;Raleway|700||on|||||&#8221; header_6_font_size=&#8221;16px&#8221; header_6_letter_spacing=&#8221;5px&#8221; header_6_line_height=&#8221;1.8em&#8221; text_orientation=&#8221;justified&#8221; max_width=&#8221;700px&#8221; module_alignment=&#8221;center&#8221; custom_margin=&#8221;0px||||false|false&#8221; custom_padding=&#8221;0px||||false|false&#8221; header_2_font_size_tablet=&#8221;35px&#8221; header_2_font_size_phone=&#8221;25px&#8221; header_2_font_size_last_edited=&#8221;on|phone&#8221; text_orientation_tablet=&#8221;&#8221; text_orientation_phone=&#8221;left&#8221; text_orientation_last_edited=&#8221;on|desktop&#8221; global_colors_info=&#8221;{}&#8221;]<\/p>\n<ul>\n<li>Sintesi rapida dei metaboliti<\/li>\n<li>Riduzione dei legami disolfuro<\/li>\n<\/ul>\n<p>L&#8217;accoppiamento on-line dell&#8217;elettrochimica (EC) con la LC\/MS ha mostrato un grande potenziale in campo farmaceutico per l&#8217;indagine del metabolismo dei farmaci. Offre una rapida sintesi elettrochimica dei metaboliti dei farmaci per una quantificazione affidabile mediante MS. \u00c8 stato applicato anche per la riduzione elettrochimica dei legami disolfuro, un passo importante nella mappatura delle proteine per i biofarmaci.<span id=\"eow-title\" class=\"long-title\" dir=\"ltr\" title=\"BIOS - Cella elettrochimica su chip per lo screening dei farmaci\"><\/span><\/p>\n<p>[\/et_pb_text][\/et_pb_column][et_pb_column type=&#8221;1_3&#8243; _builder_version=&#8221;4.4.8&#8243; custom_padding=&#8221;5%|5%|||false|false&#8221; global_colors_info=&#8221;{}&#8221; custom_padding__hover=&#8221;|||&#8221;][et_pb_image src=&#8221;https:\/\/antecscientific.com\/wp-content\/uploads\/2020\/09\/button_roxy_ecms_01.png&#8221; title_text=&#8221;pulsante_roxy_ecms_01&#8243; _builder_version=&#8221;4.6.6&#8243; _module_preset=&#8221;default&#8221; global_colors_info=&#8221;{}&#8221;][\/et_pb_image][\/et_pb_column][\/et_pb_row][\/et_pb_section]<\/p>\n","protected":false},"excerpt":{"rendered":"<p>Rivelatori e reattori elettrochimici<\/p>\n","protected":false},"author":3,"featured_media":0,"parent":16753,"menu_order":0,"comment_status":"closed","ping_status":"closed","template":"","meta":{"_et_pb_use_builder":"on","_et_pb_old_content":"","_et_gb_content_width":"","footnotes":""},"class_list":["post-16788","page","type-page","status-publish","hentry"],"yoast_head":"<!-- This site is optimized with the Yoast SEO plugin v27.3 - https:\/\/yoast.com\/product\/yoast-seo-wordpress\/ -->\n<title>Strumenti - Antec Scientific<\/title>\n<meta name=\"description\" content=\"Rivelatori e reattori elettrochimici\" \/>\n<meta name=\"robots\" content=\"index, follow, max-snippet:-1, max-image-preview:large, max-video-preview:-1\" \/>\n<link rel=\"canonical\" href=\"https:\/\/antecscientific.com\/it\/prodotti\/strumenti\/\" \/>\n<meta property=\"og:locale\" content=\"it_IT\" \/>\n<meta property=\"og:type\" content=\"article\" \/>\n<meta property=\"og:title\" content=\"Strumenti - Antec Scientific\" \/>\n<meta property=\"og:description\" content=\"Rivelatori e reattori elettrochimici\" \/>\n<meta property=\"og:url\" content=\"https:\/\/antecscientific.com\/it\/prodotti\/strumenti\/\" \/>\n<meta property=\"og:site_name\" content=\"Antec Scientific\" \/>\n<meta property=\"article:modified_time\" content=\"2023-02-06T13:20:23+00:00\" \/>\n<meta name=\"twitter:card\" content=\"summary_large_image\" \/>\n<meta name=\"twitter:label1\" content=\"Tempo di lettura stimato\" \/>\n\t<meta name=\"twitter:data1\" content=\"5 minuti\" \/>\n<script type=\"application\/ld+json\" class=\"yoast-schema-graph\">{\"@context\":\"https:\\\/\\\/schema.org\",\"@graph\":[{\"@type\":\"WebPage\",\"@id\":\"https:\\\/\\\/antecscientific.com\\\/it\\\/prodotti\\\/strumenti\\\/\",\"url\":\"https:\\\/\\\/antecscientific.com\\\/it\\\/prodotti\\\/strumenti\\\/\",\"name\":\"Strumenti - Antec Scientific\",\"isPartOf\":{\"@id\":\"https:\\\/\\\/antecscientific.com\\\/it\\\/#website\"},\"datePublished\":\"2020-08-11T13:02:42+00:00\",\"dateModified\":\"2023-02-06T13:20:23+00:00\",\"description\":\"Rivelatori e reattori elettrochimici\",\"breadcrumb\":{\"@id\":\"https:\\\/\\\/antecscientific.com\\\/it\\\/prodotti\\\/strumenti\\\/#breadcrumb\"},\"inLanguage\":\"it-IT\",\"potentialAction\":[{\"@type\":\"ReadAction\",\"target\":[\"https:\\\/\\\/antecscientific.com\\\/it\\\/prodotti\\\/strumenti\\\/\"]}]},{\"@type\":\"BreadcrumbList\",\"@id\":\"https:\\\/\\\/antecscientific.com\\\/it\\\/prodotti\\\/strumenti\\\/#breadcrumb\",\"itemListElement\":[{\"@type\":\"ListItem\",\"position\":1,\"name\":\"Prodotti\",\"item\":\"https:\\\/\\\/antecscientific.com\\\/it\\\/prodotti\\\/\"},{\"@type\":\"ListItem\",\"position\":2,\"name\":\"Strumenti\"}]},{\"@type\":\"WebSite\",\"@id\":\"https:\\\/\\\/antecscientific.com\\\/it\\\/#website\",\"url\":\"https:\\\/\\\/antecscientific.com\\\/it\\\/\",\"name\":\"Antec Scientific\",\"description\":\"Supporting research to improve quality of life\",\"potentialAction\":[{\"@type\":\"SearchAction\",\"target\":{\"@type\":\"EntryPoint\",\"urlTemplate\":\"https:\\\/\\\/antecscientific.com\\\/it\\\/?s={search_term_string}\"},\"query-input\":{\"@type\":\"PropertyValueSpecification\",\"valueRequired\":true,\"valueName\":\"search_term_string\"}}],\"inLanguage\":\"it-IT\"}]}<\/script>\n<!-- \/ Yoast SEO plugin. -->","yoast_head_json":{"title":"Strumenti - Antec Scientific","description":"Rivelatori e reattori elettrochimici","robots":{"index":"index","follow":"follow","max-snippet":"max-snippet:-1","max-image-preview":"max-image-preview:large","max-video-preview":"max-video-preview:-1"},"canonical":"https:\/\/antecscientific.com\/it\/prodotti\/strumenti\/","og_locale":"it_IT","og_type":"article","og_title":"Strumenti - Antec Scientific","og_description":"Rivelatori e reattori elettrochimici","og_url":"https:\/\/antecscientific.com\/it\/prodotti\/strumenti\/","og_site_name":"Antec Scientific","article_modified_time":"2023-02-06T13:20:23+00:00","twitter_card":"summary_large_image","twitter_misc":{"Tempo di lettura stimato":"5 minuti"},"schema":{"@context":"https:\/\/schema.org","@graph":[{"@type":"WebPage","@id":"https:\/\/antecscientific.com\/it\/prodotti\/strumenti\/","url":"https:\/\/antecscientific.com\/it\/prodotti\/strumenti\/","name":"Strumenti - Antec Scientific","isPartOf":{"@id":"https:\/\/antecscientific.com\/it\/#website"},"datePublished":"2020-08-11T13:02:42+00:00","dateModified":"2023-02-06T13:20:23+00:00","description":"Rivelatori e reattori elettrochimici","breadcrumb":{"@id":"https:\/\/antecscientific.com\/it\/prodotti\/strumenti\/#breadcrumb"},"inLanguage":"it-IT","potentialAction":[{"@type":"ReadAction","target":["https:\/\/antecscientific.com\/it\/prodotti\/strumenti\/"]}]},{"@type":"BreadcrumbList","@id":"https:\/\/antecscientific.com\/it\/prodotti\/strumenti\/#breadcrumb","itemListElement":[{"@type":"ListItem","position":1,"name":"Prodotti","item":"https:\/\/antecscientific.com\/it\/prodotti\/"},{"@type":"ListItem","position":2,"name":"Strumenti"}]},{"@type":"WebSite","@id":"https:\/\/antecscientific.com\/it\/#website","url":"https:\/\/antecscientific.com\/it\/","name":"Antec Scientific","description":"Supporting research to improve quality of life","potentialAction":[{"@type":"SearchAction","target":{"@type":"EntryPoint","urlTemplate":"https:\/\/antecscientific.com\/it\/?s={search_term_string}"},"query-input":{"@type":"PropertyValueSpecification","valueRequired":true,"valueName":"search_term_string"}}],"inLanguage":"it-IT"}]}},"_links":{"self":[{"href":"https:\/\/antecscientific.com\/it\/wp-json\/wp\/v2\/pages\/16788","targetHints":{"allow":["GET"]}}],"collection":[{"href":"https:\/\/antecscientific.com\/it\/wp-json\/wp\/v2\/pages"}],"about":[{"href":"https:\/\/antecscientific.com\/it\/wp-json\/wp\/v2\/types\/page"}],"author":[{"embeddable":true,"href":"https:\/\/antecscientific.com\/it\/wp-json\/wp\/v2\/users\/3"}],"replies":[{"embeddable":true,"href":"https:\/\/antecscientific.com\/it\/wp-json\/wp\/v2\/comments?post=16788"}],"version-history":[{"count":1,"href":"https:\/\/antecscientific.com\/it\/wp-json\/wp\/v2\/pages\/16788\/revisions"}],"predecessor-version":[{"id":16792,"href":"https:\/\/antecscientific.com\/it\/wp-json\/wp\/v2\/pages\/16788\/revisions\/16792"}],"up":[{"embeddable":true,"href":"https:\/\/antecscientific.com\/it\/wp-json\/wp\/v2\/pages\/16753"}],"wp:attachment":[{"href":"https:\/\/antecscientific.com\/it\/wp-json\/wp\/v2\/media?parent=16788"}],"curies":[{"name":"wp","href":"https:\/\/api.w.org\/{rel}","templated":true}]}}