{"id":35347,"date":"2026-01-18T11:18:36","date_gmt":"2026-01-18T10:18:36","guid":{"rendered":"https:\/\/antecscientific.com\/a-propos-de\/produit-mediocre\/"},"modified":"2026-01-18T11:55:31","modified_gmt":"2026-01-18T10:55:31","slug":"produit-mediocre","status":"publish","type":"page","link":"https:\/\/antecscientific.com\/fr\/a-propos-de\/carrieres\/produit-mediocre\/","title":{"rendered":"Productiemedewerker"},"content":{"rendered":"<p>[et_pb_section fb_built=\u00a0\u00bb1&Prime; admin_label=\u00a0\u00bbHeader\u00a0\u00bb _builder_version=\u00a0\u00bb4.16&Prime; background_image=\u00a0\u00bbhttps:\/\/antecscientific.com\/wp-content\/uploads\/2021\/11\/11_img.jpg\u00a0\u00bb parallax=\u00a0\u00bbon\u00a0\u00bb custom_padding=\u00a0\u00bb2vw|0px|200px|0px|false|false\u00a0\u00bb collapsed=\u00a0\u00bbon\u00a0\u00bb global_colors_info=\u00a0\u00bb{}\u00a0\u00bb][et_pb_row _builder_version=\u00a0\u00bb4.16&Prime; global_colors_info=\u00a0\u00bb{}\u00a0\u00bb][et_pb_column type=\u00a0\u00bb4_4&Prime; _builder_version=\u00a0\u00bb4.16&Prime; custom_padding=\u00a0\u00bb|||\u00a0\u00bb global_colors_info=\u00a0\u00bb{}\u00a0\u00bb custom_padding__hover=\u00a0\u00bb|||\u00a0\u00bb][et_pb_text admin_label=\u00a0\u00bbBreadcrumbs (don&rsquo;t touch)\u00a0\u00bb _builder_version=\u00a0\u00bb4.16&Prime; text_font=\u00a0\u00bb|700|||||||\u00a0\u00bb text_text_color=\u00a0\u00bb#ffffff\u00a0\u00bb text_font_size=\u00a0\u00bb15px\u00a0\u00bb link_font=\u00a0\u00bb|700|||||||\u00a0\u00bb link_text_color=\u00a0\u00bb#ffffff\u00a0\u00bb link_font_size=\u00a0\u00bb15px\u00a0\u00bb global_colors_info=\u00a0\u00bb{}\u00a0\u00bb][\/et_pb_text][et_pb_text admin_label=\u00a0\u00bbBig page title (don&rsquo;t touch)\u00a0\u00bb _builder_version=\u00a0\u00bb4.16&Prime; _dynamic_attributes=\u00a0\u00bbcontent\u00a0\u00bb text_font=\u00a0\u00bb||||||||\u00a0\u00bb header_font=\u00a0\u00bb|700|||||||\u00a0\u00bb header_text_color=\u00a0\u00bb#ffffff\u00a0\u00bb header_font_size=\u00a0\u00bb80px\u00a0\u00bb header_line_height=\u00a0\u00bb1.2em\u00a0\u00bb header_5_font=\u00a0\u00bbRaleway|700||on|||||\u00a0\u00bb header_5_text_color=\u00a0\u00bb#000000&Prime; header_5_font_size=\u00a0\u00bb20px\u00a0\u00bb header_5_letter_spacing=\u00a0\u00bb0.5em\u00a0\u00bb header_5_line_height=\u00a0\u00bb1.8em\u00a0\u00bb animation_style=\u00a0\u00bbzoom\u00a0\u00bb animation_intensity_zoom=\u00a0\u00bb5%\u00a0\u00bb header_font_size_tablet=\u00a0\u00bb48px\u00a0\u00bb header_font_size_phone=\u00a0\u00bb32px\u00a0\u00bb header_font_size_last_edited=\u00a0\u00bbon|phone\u00a0\u00bb header_5_font_size_tablet=\u00a0\u00bb14px\u00a0\u00bb header_5_font_size_phone=\u00a0\u00bb12px\u00a0\u00bb header_5_font_size_last_edited=\u00a0\u00bbon|desktop\u00a0\u00bb global_colors_info=\u00a0\u00bb{}\u00a0\u00bb]@ET-DC@eyJkeW5hbWljIjp0cnVlLCJjb250ZW50IjoicG9zdF90aXRsZSIsInNldHRpbmdzIjp7ImJlZm9yZSI6IjxoMT4iLCJhZnRlciI6IjxcL2gxPiJ9fQ==@[\/et_pb_text][\/et_pb_column][\/et_pb_row][\/et_pb_section][et_pb_section fb_built=\u00a0\u00bb1&Prime; admin_label=\u00a0\u00bbContent\u00a0\u00bb _builder_version=\u00a0\u00bb4.16&Prime; background_color=\u00a0\u00bb#ffffff\u00a0\u00bb max_width=\u00a0\u00bb90%\u00a0\u00bb max_width_tablet=\u00a0\u00bb\u00a0\u00bb max_width_phone=\u00a0\u00bb100%\u00a0\u00bb max_width_last_edited=\u00a0\u00bbon|phone\u00a0\u00bb custom_margin=\u00a0\u00bb-160px||0px||false|false\u00a0\u00bb custom_padding=\u00a0\u00bb||0px||false|false\u00a0\u00bb border_color_all=\u00a0\u00bb#ffffff\u00a0\u00bb border_width_left=\u00a0\u00bb10vw\u00a0\u00bb global_colors_info=\u00a0\u00bb{}\u00a0\u00bb][et_pb_row column_structure=\u00a0\u00bb2_3,1_3&Prime; custom_padding_last_edited=\u00a0\u00bbon|phone\u00a0\u00bb _builder_version=\u00a0\u00bb4.16&Prime; width=\u00a0\u00bbauto\u00a0\u00bb max_width=\u00a0\u00bbnone\u00a0\u00bb custom_padding=\u00a0\u00bb27px|0|27px|0px|false|false\u00a0\u00bb custom_padding_tablet=\u00a0\u00bb|0px||0px||true\u00a0\u00bb custom_padding_phone=\u00a0\u00bb|10%||0px|false|false\u00a0\u00bb global_colors_info=\u00a0\u00bb{}\u00a0\u00bb][et_pb_column type=\u00a0\u00bb2_3&Prime; _builder_version=\u00a0\u00bb4.16&Prime; custom_padding=\u00a0\u00bb|||\u00a0\u00bb global_colors_info=\u00a0\u00bb{}\u00a0\u00bb custom_padding__hover=\u00a0\u00bb|||\u00a0\u00bb][et_pb_text admin_label=\u00a0\u00bbSubtitle\u00a0\u00bb _builder_version=\u00a0\u00bb4.27.5&Prime; text_font=\u00a0\u00bb||||||||\u00a0\u00bb text_line_height=\u00a0\u00bb2em\u00a0\u00bb header_font=\u00a0\u00bb||||||||\u00a0\u00bb header_2_font=\u00a0\u00bb|600||on|||||\u00a0\u00bb header_2_text_color=\u00a0\u00bb#df0834&Prime; header_2_font_size=\u00a0\u00bb20px\u00a0\u00bb header_2_line_height=\u00a0\u00bb1.4em\u00a0\u00bb header_6_font=\u00a0\u00bb|700||on|||||\u00a0\u00bb header_6_font_size=\u00a0\u00bb16px\u00a0\u00bb header_6_letter_spacing=\u00a0\u00bb5px\u00a0\u00bb header_6_line_height=\u00a0\u00bb1.8em\u00a0\u00bb max_width=\u00a0\u00bb700px\u00a0\u00bb module_alignment=\u00a0\u00bbcenter\u00a0\u00bb custom_margin=\u00a0\u00bb||0px||false|false\u00a0\u00bb custom_padding=\u00a0\u00bb||0px||false|false\u00a0\u00bb header_2_font_size_tablet=\u00a0\u00bb25px\u00a0\u00bb header_2_font_size_phone=\u00a0\u00bb25px\u00a0\u00bb header_2_font_size_last_edited=\u00a0\u00bbon|phone\u00a0\u00bb global_colors_info=\u00a0\u00bb{}\u00a0\u00bb]<\/p>\n<h2>Productiemedewerker<\/h2>\n<p>[\/et_pb_text][et_pb_text content_last_edited=\u00a0\u00bboff|desktop\u00a0\u00bb admin_label=\u00a0\u00bbParagraph\u00a0\u00bb _builder_version=\u00a0\u00bb4.27.5&Prime; text_font=\u00a0\u00bb||||||||\u00a0\u00bb text_font_size=\u00a0\u00bb18px\u00a0\u00bb text_line_height=\u00a0\u00bb2em\u00a0\u00bb header_font=\u00a0\u00bb||||||||\u00a0\u00bb header_2_font=\u00a0\u00bbRaleway|700|||||||\u00a0\u00bb header_2_font_size=\u00a0\u00bb50px\u00a0\u00bb header_2_line_height=\u00a0\u00bb1.4em\u00a0\u00bb header_6_font=\u00a0\u00bbRaleway|700||on|||||\u00a0\u00bb header_6_font_size=\u00a0\u00bb16px\u00a0\u00bb header_6_letter_spacing=\u00a0\u00bb5px\u00a0\u00bb header_6_line_height=\u00a0\u00bb1.8em\u00a0\u00bb text_orientation=\u00a0\u00bbjustified\u00a0\u00bb max_width=\u00a0\u00bb700px\u00a0\u00bb module_alignment=\u00a0\u00bbcenter\u00a0\u00bb custom_margin=\u00a0\u00bb0px||||false|false\u00a0\u00bb custom_padding=\u00a0\u00bb0px||||false|false\u00a0\u00bb header_2_font_size_tablet=\u00a0\u00bb35px\u00a0\u00bb header_2_font_size_phone=\u00a0\u00bb25px\u00a0\u00bb header_2_font_size_last_edited=\u00a0\u00bbon|phone\u00a0\u00bb text_orientation_tablet=\u00a0\u00bb\u00a0\u00bb text_orientation_phone=\u00a0\u00bbleft\u00a0\u00bb text_orientation_last_edited=\u00a0\u00bbon|desktop\u00a0\u00bb global_colors_info=\u00a0\u00bb{}\u00a0\u00bb]<\/p>\n<p>Vous recherchez une fonction autonome au sein d&rsquo;une \u00e9quipe dynamique ? Chez Antec Scientific \u00e0 Alphen aan den Rijn, vous avez la possibilit\u00e9 de travailler dans une entreprise dynamique. Nous recherchons un nouveau coll\u00e8gue pour le domaine Logistique\/Produits. Pouvez-vous nous parler de l&rsquo;offre que nous recherchons ? Lisez la suite !    <\/p>\n<p>&nbsp;<\/p>\n<h3>Fonctionnement<\/h3>\n<p>Vous vous dirigez vers l&rsquo;atelier d&rsquo;assemblage, o\u00f9 vous devez vous occuper de l&rsquo;assemblage, du test et de la fabrication de onze appareils. Nous recherchons une personne qui, en tant que <strong>chef d&rsquo;\u00e9quipe <\/strong>exp\u00e9riment\u00e9, puisse \u00e9galement jouer un r\u00f4le dans l&rsquo;organisation et la planification de l&rsquo;entreprise. De cette mani\u00e8re, vous contribuerez \u00e0 une distribution efficace et transparente des produits aux clients dans le monde entier.  <\/p>\n<p>Les travaux sont plus faciles \u00e0 r\u00e9aliser :<\/p>\n<ul>\n<li>Planification : passage des commandes de produits aux commandes de produits<\/li>\n<li>Assemblage d&rsquo;appareils \u00e9lectroniques<\/li>\n<li>Travailler en collaboration avec des coll\u00e8gues pour un processus de production de qualit\u00e9<\/li>\n<li>Monteren et polijsten van meetcellen<\/li>\n<li>Mise en place et mise en \u0153uvre de palettes et de paquets pour la distribution<\/li>\n<\/ul>\n<p>&nbsp;<\/p>\n<p>Je travaille dans notre maison \u00e0 Alphen aan den Rijn. Je fais partie d&rsquo;une \u00e9quipe dynamique de 15 coll\u00e8gues. Nous n&rsquo;avons pas \u00e0 nous pr\u00e9occuper de l&rsquo;avenir, mais bien des projets en cours et des clients potentiels.<\/p>\n<p>&nbsp;<\/p>\n<h3>Comment faire pour que votre kandidaat soit parfait ?<\/h3>\n<p>Nous recherchons un coll\u00e8gue qui travaille avec zorgvuldig et qui a le souci du d\u00e9tail. Je dispose d&rsquo;un MBO en mati\u00e8re de travail et de n\u00e9gociation, ainsi que d&rsquo;un travail dans le domaine de l&rsquo;\u00e9lectronique.  Nous sommes une entreprise tr\u00e8s diversifi\u00e9e o\u00f9 travaillent des ing\u00e9nieurs, des chercheurs, des commerciaux, des logisticiens et des producteurs de tous les horizons et de toutes les nationalit\u00e9s. Les changements d&rsquo;orientation ont pour effet de cr\u00e9er des situations tr\u00e8s diff\u00e9rentes les unes des autres. Et cela a fait beaucoup de bien \u00e0 notre organisation. Nous sommes ravis de savoir ce que j&rsquo;ai fait et quelles sont les qualit\u00e9s et le service que j&rsquo;ai re\u00e7us.<\/p>\n<ul>\n<li>Exp\u00e9rience en \u00e9lectronique, notamment en mati\u00e8re de test, de programmation, de contr\u00f4le, de r\u00e9paration de circuits imprim\u00e9s et de travail avec des d\u00e9tecteurs et des \u00e9tiquettes.<\/li>\n<li>Les instruments de mesure, y compris le montage m\u00e9canique, le travail avec une banque de donn\u00e9es et l&rsquo;assemblage de cellules d&rsquo;assemblage.<\/li>\n<li>Affinit\u00e9 avec les processus logistiques tels que l&rsquo;exp\u00e9dition, le transport, l&#8217;emballage d&rsquo;appareils et l&rsquo;utilisation de palettes pour le transport.<\/li>\n<li>Guide des langues n\u00e9erlandaises et anglaises (\u00e9crit et oral)<\/li>\n<li>Je suis int\u00e9ress\u00e9 par le travail avec des appareils \u00e9lectriques, des ordinateurs, etc.<\/li>\n<li>Je travaille dans la r\u00e9gion West-Nederland<\/li>\n<\/ul>\n<p>&nbsp;<\/p>\n<h3>Nous vous offrons<\/h3>\n<p>Chez Antec Scientific, vous avez les moyens de vous impliquer davantage dans un environnement de travail dynamique, avec une grande diversit\u00e9 et une grande flexibilit\u00e9. Nous vous offrons un ensemble complet d&rsquo;outils d&rsquo;aide \u00e0 l&#8217;emploi, notamment des logiciels de gestion des ressources humaines : <\/p>\n<ul>\n<li>L&rsquo;utilisation d&rsquo;un vaste groupe de travail avec un bon fonctionnement et une bonne sant\u00e9.<\/li>\n<li>Formations et stages pour vous aider \u00e0 mieux vous conna\u00eetre<\/li>\n<li>Remboursement des frais de dossier d&rsquo;une carte NS Business<\/li>\n<li>24 jours ouvrables, remboursables apr\u00e8s 35 jours<\/li>\n<li>Pensioenopbouw<\/li>\n<li>L&rsquo;importance de votre travail et la possibilit\u00e9 d&rsquo;apprendre toutes les facettes du processus.<\/li>\n<li>Travailler de mani\u00e8re autonome et \u00eatre comp\u00e9titif<\/li>\n<li>Une \u00e9quipe jeune et dynamique<\/li>\n<li>F\u00eates annuelles et activit\u00e9s d&rsquo;\u00e9quipe<\/li>\n<li>Un gain de temps appr\u00e9ciable<\/li>\n<li>Prix d&rsquo;achat de l&rsquo;\u00e9lectricit\u00e9<\/li>\n<\/ul>\n<p>&nbsp;<\/p>\n<h3>Quel est le r\u00f4le de l&rsquo;homme ?<\/h3>\n<p>Antec Scientific fabrique et commercialise des appareils d&rsquo;analyse pour les laboratoires de recherche du monde entier. Nous avons mis au point des m\u00e9thodes d&rsquo;analyse permettant de mesurer les effets des produits, par le biais d&rsquo;un diagnostic et d&rsquo;un contr\u00f4le de qualit\u00e9. Quelques conseils : avec notre appareil, les cat\u00e9cholamines dans le sang peuvent \u00eatre mesur\u00e9es, ce sont des marqueurs tumoraux importants dans le traitement des cancers. En outre, nous pouvons utiliser le lactose dans des produits contenant du lactose, dans l&rsquo;int\u00e9r\u00eat de la sant\u00e9 publique. Nos clients se trouvent dans des h\u00f4pitaux, des universit\u00e9s, des entreprises pharmaceutiques, des centres de formation professionnelle et des laboratoires de recherche dans le monde entier.<\/p>\n<p>&nbsp;<\/p>\n<h3>Solliciteren<\/h3>\n<p>Envoyez un courriel avec cv \u00e0 <a href=\"mailto:careers@antecscientific.com?subject=Sollicitatie%20commercieel%20administratief%20medewerker\">careers@antecscientific.com<\/a> t.n.v. dhr. N. Reinhoud.<\/p>\n<p>[\/et_pb_text][\/et_pb_column][et_pb_column type=\u00a0\u00bb1_3&Prime; _builder_version=\u00a0\u00bb4.16&Prime; custom_padding=\u00a0\u00bb5%|5%|||false|false\u00a0\u00bb global_colors_info=\u00a0\u00bb{}\u00a0\u00bb custom_padding__hover=\u00a0\u00bb|||\u00a0\u00bb][et_pb_image src=\u00a0\u00bbhttps:\/\/antecscientific.com\/wp-content\/uploads\/2025\/12\/assemblage-300&#215;225.jpg\u00a0\u00bb title_text=\u00a0\u00bbassemblage\u00a0\u00bb _builder_version=\u00a0\u00bb4.27.5&Prime; _module_preset=\u00a0\u00bbdefault\u00a0\u00bb global_colors_info=\u00a0\u00bb{}\u00a0\u00bb][\/et_pb_image][et_pb_button button_url=\u00a0\u00bbmailto:careers@antecscientific.com?Subject=Sollicitatie%20productiemedewerker\u00a0\u00bb button_text=\u00a0\u00bbReageer nu !\u00a0\u00bb button_alignment=\u00a0\u00bbcenter\u00a0\u00bb _builder_version=\u00a0\u00bb4.27.5&Prime; _module_preset=\u00a0\u00bbdefault\u00a0\u00bb global_colors_info=\u00a0\u00bb{}\u00a0\u00bb][\/et_pb_button][et_pb_image src=\u00a0\u00bbhttps:\/\/antecscientific.com\/wp-content\/uploads\/2025\/12\/magazijn-pallets-300&#215;225.jpg\u00a0\u00bb title_text=\u00a0\u00bbmagazijn-pallets\u00a0\u00bb _builder_version=\u00a0\u00bb4.27.5&Prime; _module_preset=\u00a0\u00bbdefault\u00a0\u00bb global_colors_info=\u00a0\u00bb{}\u00a0\u00bb][\/et_pb_image][et_pb_image src=\u00a0\u00bbhttps:\/\/antecscientific.com\/wp-content\/uploads\/2025\/12\/inpakken-voor-verzending-300&#215;225.jpg\u00a0\u00bb title_text=\u00a0\u00bbinpakken-voor-verzending\u00a0\u00bb _builder_version=\u00a0\u00bb4.27.5&Prime; _module_preset=\u00a0\u00bbdefault\u00a0\u00bb global_colors_info=\u00a0\u00bb{}\u00a0\u00bb][\/et_pb_image][et_pb_image src=\u00a0\u00bbhttps:\/\/antecscientific.com\/wp-content\/uploads\/2025\/12\/20221021_144522-300&#215;225.jpg\u00a0\u00bb title_text=\u00a0\u00bb20221021_144522&Prime; _builder_version=\u00a0\u00bb4.27.5&Prime; _module_preset=\u00a0\u00bbdefault\u00a0\u00bb global_colors_info=\u00a0\u00bb{}\u00a0\u00bb][\/et_pb_image][et_pb_button button_url=\u00a0\u00bbmailto:careers@antecscientific.com?Subject=Sollicitatie%20productiemedewerker\u00a0\u00bb button_text=\u00a0\u00bbReageer nu !\u00a0\u00bb button_alignment=\u00a0\u00bbcenter\u00a0\u00bb _builder_version=\u00a0\u00bb4.27.5&Prime; _module_preset=\u00a0\u00bbdefault\u00a0\u00bb global_colors_info=\u00a0\u00bb{}\u00a0\u00bb][\/et_pb_button][\/et_pb_column][\/et_pb_row][\/et_pb_section]<\/p>\n","protected":false},"excerpt":{"rendered":"<p>ProductiemedewerkerVous recherchez une fonction autonome au sein d&rsquo;une \u00e9quipe dynamique ? Chez Antec Scientific \u00e0 Alphen aan den Rijn, vous avez la possibilit\u00e9 de travailler dans une entreprise dynamique. Nous recherchons un nouveau coll\u00e8gue pour le domaine Logistique\/Produits. Pouvez-vous nous parler de l&rsquo;offre que nous recherchons ? Lisez la suite ! &nbsp; Fonctionnement Vous vous [&hellip;]<\/p>\n","protected":false},"author":3,"featured_media":0,"parent":17141,"menu_order":0,"comment_status":"closed","ping_status":"closed","template":"","meta":{"_et_pb_use_builder":"on","_et_pb_old_content":"","_et_gb_content_width":"","footnotes":""},"class_list":["post-35347","page","type-page","status-publish","hentry"],"yoast_head":"<!-- This site is optimized with the Yoast SEO plugin v27.3 - https:\/\/yoast.com\/product\/yoast-seo-wordpress\/ -->\n<title>Productiemedewerker - Antec Scientific<\/title>\n<meta name=\"description\" content=\"Pour notre nouveau site \u00e0 Alphen aan den Rijn, nous sommes \u00e0 la recherche d&#039;un assistant administratif pour l&#039;administration des commandes, pour une dur\u00e9e de 24 \u00e0 32 heures par semaine.\" \/>\n<meta name=\"robots\" content=\"index, follow, max-snippet:-1, max-image-preview:large, max-video-preview:-1\" \/>\n<link rel=\"canonical\" href=\"https:\/\/antecscientific.com\/fr\/a-propos-de\/carrieres\/produit-mediocre\/\" \/>\n<meta property=\"og:locale\" content=\"fr_FR\" \/>\n<meta property=\"og:type\" content=\"article\" \/>\n<meta property=\"og:title\" content=\"Productiemedewerker - Antec Scientific\" \/>\n<meta property=\"og:description\" content=\"Pour notre nouveau site \u00e0 Alphen aan den Rijn, nous sommes \u00e0 la recherche d&#039;un assistant administratif pour l&#039;administration des commandes, pour une dur\u00e9e de 24 \u00e0 32 heures par semaine.\" \/>\n<meta property=\"og:url\" content=\"https:\/\/antecscientific.com\/fr\/a-propos-de\/carrieres\/produit-mediocre\/\" \/>\n<meta property=\"og:site_name\" content=\"Antec Scientific\" \/>\n<meta property=\"article:modified_time\" content=\"2026-01-18T10:55:31+00:00\" \/>\n<meta name=\"twitter:card\" content=\"summary_large_image\" \/>\n<meta name=\"twitter:label1\" content=\"Dur\u00e9e de lecture estim\u00e9e\" \/>\n\t<meta name=\"twitter:data1\" content=\"7 minutes\" \/>\n<script type=\"application\/ld+json\" class=\"yoast-schema-graph\">{\"@context\":\"https:\\\/\\\/schema.org\",\"@graph\":[{\"@type\":\"WebPage\",\"@id\":\"https:\\\/\\\/antecscientific.com\\\/fr\\\/a-propos-de\\\/carrieres\\\/produit-mediocre\\\/\",\"url\":\"https:\\\/\\\/antecscientific.com\\\/fr\\\/a-propos-de\\\/carrieres\\\/produit-mediocre\\\/\",\"name\":\"Productiemedewerker - Antec Scientific\",\"isPartOf\":{\"@id\":\"https:\\\/\\\/antecscientific.com\\\/fr\\\/#website\"},\"datePublished\":\"2026-01-18T10:18:36+00:00\",\"dateModified\":\"2026-01-18T10:55:31+00:00\",\"description\":\"Pour notre nouveau site \u00e0 Alphen aan den Rijn, nous sommes \u00e0 la recherche d'un assistant administratif pour l'administration des commandes, pour une dur\u00e9e de 24 \u00e0 32 heures par semaine.\",\"breadcrumb\":{\"@id\":\"https:\\\/\\\/antecscientific.com\\\/fr\\\/a-propos-de\\\/carrieres\\\/produit-mediocre\\\/#breadcrumb\"},\"inLanguage\":\"fr-FR\",\"potentialAction\":[{\"@type\":\"ReadAction\",\"target\":[\"https:\\\/\\\/antecscientific.com\\\/fr\\\/a-propos-de\\\/carrieres\\\/produit-mediocre\\\/\"]}]},{\"@type\":\"BreadcrumbList\",\"@id\":\"https:\\\/\\\/antecscientific.com\\\/fr\\\/a-propos-de\\\/carrieres\\\/produit-mediocre\\\/#breadcrumb\",\"itemListElement\":[{\"@type\":\"ListItem\",\"position\":1,\"name\":\"\u00c0 propos de\",\"item\":\"https:\\\/\\\/antecscientific.com\\\/fr\\\/a-propos-de\\\/\"},{\"@type\":\"ListItem\",\"position\":2,\"name\":\"Carri\u00e8res\",\"item\":\"https:\\\/\\\/antecscientific.com\\\/fr\\\/a-propos-de\\\/carrieres\\\/\"},{\"@type\":\"ListItem\",\"position\":3,\"name\":\"Productiemedewerker\"}]},{\"@type\":\"WebSite\",\"@id\":\"https:\\\/\\\/antecscientific.com\\\/fr\\\/#website\",\"url\":\"https:\\\/\\\/antecscientific.com\\\/fr\\\/\",\"name\":\"Antec Scientific\",\"description\":\"Supporting research to improve quality of life\",\"potentialAction\":[{\"@type\":\"SearchAction\",\"target\":{\"@type\":\"EntryPoint\",\"urlTemplate\":\"https:\\\/\\\/antecscientific.com\\\/fr\\\/?s={search_term_string}\"},\"query-input\":{\"@type\":\"PropertyValueSpecification\",\"valueRequired\":true,\"valueName\":\"search_term_string\"}}],\"inLanguage\":\"fr-FR\"}]}<\/script>\n<!-- \/ Yoast SEO plugin. -->","yoast_head_json":{"title":"Productiemedewerker - Antec Scientific","description":"Pour notre nouveau site \u00e0 Alphen aan den Rijn, nous sommes \u00e0 la recherche d'un assistant administratif pour l'administration des commandes, pour une dur\u00e9e de 24 \u00e0 32 heures par semaine.","robots":{"index":"index","follow":"follow","max-snippet":"max-snippet:-1","max-image-preview":"max-image-preview:large","max-video-preview":"max-video-preview:-1"},"canonical":"https:\/\/antecscientific.com\/fr\/a-propos-de\/carrieres\/produit-mediocre\/","og_locale":"fr_FR","og_type":"article","og_title":"Productiemedewerker - Antec Scientific","og_description":"Pour notre nouveau site \u00e0 Alphen aan den Rijn, nous sommes \u00e0 la recherche d'un assistant administratif pour l'administration des commandes, pour une dur\u00e9e de 24 \u00e0 32 heures par semaine.","og_url":"https:\/\/antecscientific.com\/fr\/a-propos-de\/carrieres\/produit-mediocre\/","og_site_name":"Antec Scientific","article_modified_time":"2026-01-18T10:55:31+00:00","twitter_card":"summary_large_image","twitter_misc":{"Dur\u00e9e de lecture estim\u00e9e":"7 minutes"},"schema":{"@context":"https:\/\/schema.org","@graph":[{"@type":"WebPage","@id":"https:\/\/antecscientific.com\/fr\/a-propos-de\/carrieres\/produit-mediocre\/","url":"https:\/\/antecscientific.com\/fr\/a-propos-de\/carrieres\/produit-mediocre\/","name":"Productiemedewerker - Antec Scientific","isPartOf":{"@id":"https:\/\/antecscientific.com\/fr\/#website"},"datePublished":"2026-01-18T10:18:36+00:00","dateModified":"2026-01-18T10:55:31+00:00","description":"Pour notre nouveau site \u00e0 Alphen aan den Rijn, nous sommes \u00e0 la recherche d'un assistant administratif pour l'administration des commandes, pour une dur\u00e9e de 24 \u00e0 32 heures par semaine.","breadcrumb":{"@id":"https:\/\/antecscientific.com\/fr\/a-propos-de\/carrieres\/produit-mediocre\/#breadcrumb"},"inLanguage":"fr-FR","potentialAction":[{"@type":"ReadAction","target":["https:\/\/antecscientific.com\/fr\/a-propos-de\/carrieres\/produit-mediocre\/"]}]},{"@type":"BreadcrumbList","@id":"https:\/\/antecscientific.com\/fr\/a-propos-de\/carrieres\/produit-mediocre\/#breadcrumb","itemListElement":[{"@type":"ListItem","position":1,"name":"\u00c0 propos de","item":"https:\/\/antecscientific.com\/fr\/a-propos-de\/"},{"@type":"ListItem","position":2,"name":"Carri\u00e8res","item":"https:\/\/antecscientific.com\/fr\/a-propos-de\/carrieres\/"},{"@type":"ListItem","position":3,"name":"Productiemedewerker"}]},{"@type":"WebSite","@id":"https:\/\/antecscientific.com\/fr\/#website","url":"https:\/\/antecscientific.com\/fr\/","name":"Antec Scientific","description":"Supporting research to improve quality of life","potentialAction":[{"@type":"SearchAction","target":{"@type":"EntryPoint","urlTemplate":"https:\/\/antecscientific.com\/fr\/?s={search_term_string}"},"query-input":{"@type":"PropertyValueSpecification","valueRequired":true,"valueName":"search_term_string"}}],"inLanguage":"fr-FR"}]}},"_links":{"self":[{"href":"https:\/\/antecscientific.com\/fr\/wp-json\/wp\/v2\/pages\/35347","targetHints":{"allow":["GET"]}}],"collection":[{"href":"https:\/\/antecscientific.com\/fr\/wp-json\/wp\/v2\/pages"}],"about":[{"href":"https:\/\/antecscientific.com\/fr\/wp-json\/wp\/v2\/types\/page"}],"author":[{"embeddable":true,"href":"https:\/\/antecscientific.com\/fr\/wp-json\/wp\/v2\/users\/3"}],"replies":[{"embeddable":true,"href":"https:\/\/antecscientific.com\/fr\/wp-json\/wp\/v2\/comments?post=35347"}],"version-history":[{"count":25,"href":"https:\/\/antecscientific.com\/fr\/wp-json\/wp\/v2\/pages\/35347\/revisions"}],"predecessor-version":[{"id":35520,"href":"https:\/\/antecscientific.com\/fr\/wp-json\/wp\/v2\/pages\/35347\/revisions\/35520"}],"up":[{"embeddable":true,"href":"https:\/\/antecscientific.com\/fr\/wp-json\/wp\/v2\/pages\/17141"}],"wp:attachment":[{"href":"https:\/\/antecscientific.com\/fr\/wp-json\/wp\/v2\/media?parent=35347"}],"curies":[{"name":"wp","href":"https:\/\/api.w.org\/{rel}","templated":true}]}}