{"id":34995,"date":"2025-12-17T16:50:07","date_gmt":"2025-12-17T15:50:07","guid":{"rendered":"https:\/\/antecscientific.com\/a-propos-de\/evenements\/analytica-2026\/"},"modified":"2025-12-18T17:41:31","modified_gmt":"2025-12-18T16:41:31","slug":"analytica-2026","status":"publish","type":"page","link":"https:\/\/antecscientific.com\/fr\/a-propos-de\/evenements\/analytica-2026\/","title":{"rendered":"Analytica 2026"},"content":{"rendered":"<p>[et_pb_section fb_built=\u00a0\u00bb1&Prime; admin_label=\u00a0\u00bbHeader\u00a0\u00bb _builder_version=\u00a0\u00bb4.16&Prime; background_image=\u00a0\u00bbhttps:\/\/antecscientific.com\/wp-content\/uploads\/2020\/11\/usa.jpg\u00a0\u00bb parallax=\u00a0\u00bbon\u00a0\u00bb custom_padding=\u00a0\u00bb2vw|0px|200px|0px|false|false\u00a0\u00bb collapsed=\u00a0\u00bbon\u00a0\u00bb global_colors_info=\u00a0\u00bb{}\u00a0\u00bb][et_pb_row _builder_version=\u00a0\u00bb4.16&Prime; global_colors_info=\u00a0\u00bb{}\u00a0\u00bb][et_pb_column type=\u00a0\u00bb4_4&Prime; _builder_version=\u00a0\u00bb4.16&Prime; custom_padding=\u00a0\u00bb|||\u00a0\u00bb global_colors_info=\u00a0\u00bb{}\u00a0\u00bb custom_padding__hover=\u00a0\u00bb|||\u00a0\u00bb][et_pb_text admin_label=\u00a0\u00bbBreadcrumbs (don&rsquo;t touch)\u00a0\u00bb _builder_version=\u00a0\u00bb4.16&Prime; text_font=\u00a0\u00bb|700|||||||\u00a0\u00bb text_text_color=\u00a0\u00bb#ffffff\u00a0\u00bb text_font_size=\u00a0\u00bb15px\u00a0\u00bb link_font=\u00a0\u00bb|700|||||||\u00a0\u00bb link_text_color=\u00a0\u00bb#ffffff\u00a0\u00bb link_font_size=\u00a0\u00bb15px\u00a0\u00bb global_colors_info=\u00a0\u00bb{}\u00a0\u00bb][\/et_pb_text][et_pb_text admin_label=\u00a0\u00bbBig page title (don&rsquo;t touch)\u00a0\u00bb _builder_version=\u00a0\u00bb4.16&Prime; _dynamic_attributes=\u00a0\u00bbcontent\u00a0\u00bb text_font=\u00a0\u00bb||||||||\u00a0\u00bb header_font=\u00a0\u00bb|700|||||||\u00a0\u00bb header_text_color=\u00a0\u00bb#ffffff\u00a0\u00bb header_font_size=\u00a0\u00bb80px\u00a0\u00bb header_line_height=\u00a0\u00bb1.2em\u00a0\u00bb header_5_font=\u00a0\u00bbRaleway|700||on|||||\u00a0\u00bb header_5_text_color=\u00a0\u00bb#000000&Prime; header_5_font_size=\u00a0\u00bb20px\u00a0\u00bb header_5_letter_spacing=\u00a0\u00bb0.5em\u00a0\u00bb header_5_line_height=\u00a0\u00bb1.8em\u00a0\u00bb animation_style=\u00a0\u00bbzoom\u00a0\u00bb animation_intensity_zoom=\u00a0\u00bb5%\u00a0\u00bb header_font_size_tablet=\u00a0\u00bb48px\u00a0\u00bb header_font_size_phone=\u00a0\u00bb32px\u00a0\u00bb header_font_size_last_edited=\u00a0\u00bbon|phone\u00a0\u00bb header_5_font_size_tablet=\u00a0\u00bb14px\u00a0\u00bb header_5_font_size_phone=\u00a0\u00bb12px\u00a0\u00bb header_5_font_size_last_edited=\u00a0\u00bbon|desktop\u00a0\u00bb global_colors_info=\u00a0\u00bb{}\u00a0\u00bb]@ET-DC@eyJkeW5hbWljIjp0cnVlLCJjb250ZW50IjoicG9zdF90aXRsZSIsInNldHRpbmdzIjp7ImJlZm9yZSI6IjxoMT4iLCJhZnRlciI6IjxcL2gxPiJ9fQ==@[\/et_pb_text][\/et_pb_column][\/et_pb_row][\/et_pb_section][et_pb_section fb_built=\u00a0\u00bb1&Prime; admin_label=\u00a0\u00bbContent\u00a0\u00bb _builder_version=\u00a0\u00bb4.20.4&Prime; background_color=\u00a0\u00bb#ffffff\u00a0\u00bb max_width=\u00a0\u00bb90%\u00a0\u00bb max_width_tablet=\u00a0\u00bb\u00a0\u00bb max_width_phone=\u00a0\u00bb100%\u00a0\u00bb max_width_last_edited=\u00a0\u00bbon|phone\u00a0\u00bb custom_margin=\u00a0\u00bb-160px||0px||false|false\u00a0\u00bb custom_padding=\u00a0\u00bb||0px||false|false\u00a0\u00bb border_color_all=\u00a0\u00bb#ffffff\u00a0\u00bb border_width_left=\u00a0\u00bb10vw\u00a0\u00bb global_colors_info=\u00a0\u00bb{}\u00a0\u00bb][et_pb_row column_structure=\u00a0\u00bb2_3,1_3&Prime; custom_padding_last_edited=\u00a0\u00bbon|phone\u00a0\u00bb disabled_on=\u00a0\u00bboff|off|off\u00a0\u00bb _builder_version=\u00a0\u00bb4.20.4&Prime; width=\u00a0\u00bbauto\u00a0\u00bb max_width=\u00a0\u00bbnone\u00a0\u00bb custom_padding=\u00a0\u00bb27px|0|27px|0px|false|false\u00a0\u00bb custom_padding_tablet=\u00a0\u00bb|0px||0px||true\u00a0\u00bb custom_padding_phone=\u00a0\u00bb|10%||0px|false|false\u00a0\u00bb global_colors_info=\u00a0\u00bb{}\u00a0\u00bb][et_pb_column type=\u00a0\u00bb2_3&Prime; _builder_version=\u00a0\u00bb4.16&Prime; custom_padding=\u00a0\u00bb|||\u00a0\u00bb global_colors_info=\u00a0\u00bb{}\u00a0\u00bb custom_padding__hover=\u00a0\u00bb|||\u00a0\u00bb][et_pb_text admin_label=\u00a0\u00bbSubtitle\u00a0\u00bb _builder_version=\u00a0\u00bb4.27.5&Prime; text_font=\u00a0\u00bb||||||||\u00a0\u00bb text_line_height=\u00a0\u00bb2em\u00a0\u00bb header_font=\u00a0\u00bb||||||||\u00a0\u00bb header_2_font=\u00a0\u00bb|600||on|||||\u00a0\u00bb header_2_text_color=\u00a0\u00bb#df0834&Prime; header_2_font_size=\u00a0\u00bb20px\u00a0\u00bb header_2_line_height=\u00a0\u00bb1.4em\u00a0\u00bb header_6_font=\u00a0\u00bb|700||on|||||\u00a0\u00bb header_6_font_size=\u00a0\u00bb16px\u00a0\u00bb header_6_letter_spacing=\u00a0\u00bb5px\u00a0\u00bb header_6_line_height=\u00a0\u00bb1.8em\u00a0\u00bb max_width=\u00a0\u00bb700px\u00a0\u00bb module_alignment=\u00a0\u00bbcenter\u00a0\u00bb custom_margin=\u00a0\u00bb||0px||false|false\u00a0\u00bb custom_padding=\u00a0\u00bb||0px||false|false\u00a0\u00bb header_2_font_size_tablet=\u00a0\u00bb25px\u00a0\u00bb header_2_font_size_phone=\u00a0\u00bb25px\u00a0\u00bb header_2_font_size_last_edited=\u00a0\u00bbon|phone\u00a0\u00bb overflow-x_tablet=\u00a0\u00bb\u00a0\u00bb overflow-x_phone=\u00a0\u00bb\u00a0\u00bb overflow-x_last_edited=\u00a0\u00bbon|phone\u00a0\u00bb global_colors_info=\u00a0\u00bb{}\u00a0\u00bb]<\/p>\n<h2>Analytica \u00e0 Munich<\/h2>\n<p>[\/et_pb_text][et_pb_text admin_label=\u00a0\u00bbParagraph\u00a0\u00bb _builder_version=\u00a0\u00bb4.27.5&Prime; text_font=\u00a0\u00bb||||||||\u00a0\u00bb text_font_size=\u00a0\u00bb18px\u00a0\u00bb text_line_height=\u00a0\u00bb2em\u00a0\u00bb header_font=\u00a0\u00bb||||||||\u00a0\u00bb header_2_font=\u00a0\u00bbRaleway|700|||||||\u00a0\u00bb header_2_font_size=\u00a0\u00bb50px\u00a0\u00bb header_2_line_height=\u00a0\u00bb1.4em\u00a0\u00bb header_6_font=\u00a0\u00bbRaleway|700||on|||||\u00a0\u00bb header_6_font_size=\u00a0\u00bb16px\u00a0\u00bb header_6_letter_spacing=\u00a0\u00bb5px\u00a0\u00bb header_6_line_height=\u00a0\u00bb1.8em\u00a0\u00bb text_orientation=\u00a0\u00bbjustified\u00a0\u00bb max_width=\u00a0\u00bb700px\u00a0\u00bb module_alignment=\u00a0\u00bbcenter\u00a0\u00bb custom_margin=\u00a0\u00bb0px||||false|false\u00a0\u00bb custom_padding=\u00a0\u00bb0px||||false|false\u00a0\u00bb header_2_font_size_tablet=\u00a0\u00bb35px\u00a0\u00bb header_2_font_size_phone=\u00a0\u00bb25px\u00a0\u00bb header_2_font_size_last_edited=\u00a0\u00bbon|phone\u00a0\u00bb text_orientation_tablet=\u00a0\u00bb\u00a0\u00bb text_orientation_phone=\u00a0\u00bbleft\u00a0\u00bb text_orientation_last_edited=\u00a0\u00bbon|desktop\u00a0\u00bb locked=\u00a0\u00bboff\u00a0\u00bb global_colors_info=\u00a0\u00bb{}\u00a0\u00bb]<\/p>\n<p>Visitez-nous du 24 au 27 mars 2026. Stand : A2.310<a href=\"https:\/\/exhibitors.analytica.de\/ausstellerportal\/2026\/hallenplaene\/hallenplan\/halle-a2\/?lid=a2\">(Plan du hall A2<\/a>)<\/p>\n<p>Analytica est le plus grand salon au monde consacr\u00e9 \u00e0 la technologie de laboratoire, \u00e0 l&rsquo;analyse et \u00e0 la biotechnologie, avec 1 066 exposants, environ 34 000 visiteurs et 55 000 m\u00e8tres carr\u00e9s d&rsquo;espace d&rsquo;exposition. Antec Scientific pr\u00e9sentera ses colonnes et instruments, rencontrez les experts dans le domaine de l&rsquo;\u00e9lectrochimie pour HPLC et MS !<\/p>\n<p><strong>Analyse des glucides<\/strong><\/p>\n<p>L&rsquo;analyseur de glucides ALEXYS\u2122 est une solution robuste pour tout laboratoire n\u00e9cessitant une analyse d\u00e9taill\u00e9e et pr\u00e9cise des glucides.<\/p>\n<p><strong>D\u00e9tection \u00e9lectrochimique pour la (U)HPLC<\/strong><\/p>\n<p>Le DECADE Elite est le d\u00e9tecteur \u00e9lectrochimique parfait pour votre syst\u00e8me HPLC \u00ab\u00a0tiers\u00a0\u00bb tel que Thermo Fisher Scientific, Agilent et Shimadzu.<\/p>\n<p><strong>R\u00e9acteur pour EC\/MS<\/strong><\/p>\n<p>Le couplage en ligne de l&rsquo;\u00e9lectrochimie (EC) avec la spectrom\u00e9trie de masse (MS) a montr\u00e9 un grand potentiel pour l&rsquo;\u00e9tude du m\u00e9tabolisme des m\u00e9dicaments dans les produits pharmaceutiques et pour l&rsquo;\u00e9lucidation de la structure des produits biopharmaceutiques et des prot\u00e9ines.<\/p>\n<p>[\/et_pb_text][\/et_pb_column][et_pb_column type=\u00a0\u00bb1_3&Prime; _builder_version=\u00a0\u00bb4.20.4&Prime; custom_padding=\u00a0\u00bb5%|5%|||false|false\u00a0\u00bb global_colors_info=\u00a0\u00bb{}\u00a0\u00bb custom_padding__hover=\u00a0\u00bb|||\u00a0\u00bb][et_pb_image src=\u00a0\u00bbhttps:\/\/antecscientific.com\/wp-content\/uploads\/2025\/08\/ALEXYS_1p_EliteStSt_HQ_light_S.png.webp\u00a0\u00bb title_text=\u00a0\u00bbALEXYS_1p_EliteStSt_HQ_light_S.png\u00a0\u00bb _builder_version=\u00a0\u00bb4.27.5&Prime; _module_preset=\u00a0\u00bbdefault\u00a0\u00bb max_width=\u00a0\u00bb60%\u00a0\u00bb custom_margin=\u00a0\u00bb-50px||||false|false\u00a0\u00bb global_colors_info=\u00a0\u00bb{}\u00a0\u00bb][\/et_pb_image][\/et_pb_column][\/et_pb_row][et_pb_row custom_padding_last_edited=\u00a0\u00bbon|phone\u00a0\u00bb admin_label=\u00a0\u00bbDividerline\u00a0\u00bb _builder_version=\u00a0\u00bb4.16&Prime; width=\u00a0\u00bbauto\u00a0\u00bb max_width=\u00a0\u00bbnone\u00a0\u00bb custom_padding=\u00a0\u00bb|0px|||false|false\u00a0\u00bb custom_padding_tablet=\u00a0\u00bb\u00a0\u00bb custom_padding_phone=\u00a0\u00bb|10%|||false|false\u00a0\u00bb locked=\u00a0\u00bboff\u00a0\u00bb collapsed=\u00a0\u00bbon\u00a0\u00bb global_colors_info=\u00a0\u00bb{}\u00a0\u00bb][et_pb_column type=\u00a0\u00bb4_4&Prime; _builder_version=\u00a0\u00bb4.16&Prime; global_colors_info=\u00a0\u00bb{}\u00a0\u00bb][et_pb_divider color=\u00a0\u00bb#dee1e6&Prime; _builder_version=\u00a0\u00bb4.16&Prime; global_colors_info=\u00a0\u00bb{}\u00a0\u00bb][\/et_pb_divider][\/et_pb_column][\/et_pb_row][et_pb_row column_structure=\u00a0\u00bb2_3,1_3&Prime; custom_padding_last_edited=\u00a0\u00bbon|phone\u00a0\u00bb _builder_version=\u00a0\u00bb4.16&Prime; width=\u00a0\u00bbauto\u00a0\u00bb max_width=\u00a0\u00bbnone\u00a0\u00bb custom_padding=\u00a0\u00bb27px|0|27px|0px|false|false\u00a0\u00bb custom_padding_tablet=\u00a0\u00bb|0px||0px||true\u00a0\u00bb custom_padding_phone=\u00a0\u00bb|10%||0px|false|false\u00a0\u00bb global_colors_info=\u00a0\u00bb{}\u00a0\u00bb][et_pb_column type=\u00a0\u00bb2_3&Prime; _builder_version=\u00a0\u00bb4.16&Prime; custom_padding=\u00a0\u00bb|||\u00a0\u00bb global_colors_info=\u00a0\u00bb{}\u00a0\u00bb custom_padding__hover=\u00a0\u00bb|||\u00a0\u00bb][et_pb_text admin_label=\u00a0\u00bbSubtitle\u00a0\u00bb _builder_version=\u00a0\u00bb4.27.5&Prime; text_font=\u00a0\u00bb||||||||\u00a0\u00bb text_line_height=\u00a0\u00bb2em\u00a0\u00bb header_font=\u00a0\u00bb||||||||\u00a0\u00bb header_2_font=\u00a0\u00bb|600||on|||||\u00a0\u00bb header_2_text_color=\u00a0\u00bb#df0834&Prime; header_2_font_size=\u00a0\u00bb20px\u00a0\u00bb header_2_line_height=\u00a0\u00bb1.4em\u00a0\u00bb header_6_font=\u00a0\u00bb|700||on|||||\u00a0\u00bb header_6_font_size=\u00a0\u00bb16px\u00a0\u00bb header_6_letter_spacing=\u00a0\u00bb5px\u00a0\u00bb header_6_line_height=\u00a0\u00bb1.8em\u00a0\u00bb max_width=\u00a0\u00bb700px\u00a0\u00bb module_alignment=\u00a0\u00bbcenter\u00a0\u00bb custom_margin=\u00a0\u00bb||0px||false|false\u00a0\u00bb custom_padding=\u00a0\u00bb||0px||false|false\u00a0\u00bb header_2_font_size_tablet=\u00a0\u00bb25px\u00a0\u00bb header_2_font_size_phone=\u00a0\u00bb25px\u00a0\u00bb header_2_font_size_last_edited=\u00a0\u00bbon|phone\u00a0\u00bb global_colors_info=\u00a0\u00bb{}\u00a0\u00bb]<\/p>\n<h2>Votre billet gratuit<\/h2>\n<p>[\/et_pb_text][et_pb_text admin_label=\u00a0\u00bbParagraph\u00a0\u00bb _builder_version=\u00a0\u00bb4.27.5&Prime; text_font=\u00a0\u00bb||||||||\u00a0\u00bb text_font_size=\u00a0\u00bb18px\u00a0\u00bb text_line_height=\u00a0\u00bb2em\u00a0\u00bb header_font=\u00a0\u00bb||||||||\u00a0\u00bb header_2_font=\u00a0\u00bbRaleway|700|||||||\u00a0\u00bb header_2_font_size=\u00a0\u00bb50px\u00a0\u00bb header_2_line_height=\u00a0\u00bb1.4em\u00a0\u00bb header_6_font=\u00a0\u00bbRaleway|700||on|||||\u00a0\u00bb header_6_font_size=\u00a0\u00bb16px\u00a0\u00bb header_6_letter_spacing=\u00a0\u00bb5px\u00a0\u00bb header_6_line_height=\u00a0\u00bb1.8em\u00a0\u00bb text_orientation=\u00a0\u00bbjustified\u00a0\u00bb max_width=\u00a0\u00bb700px\u00a0\u00bb module_alignment=\u00a0\u00bbcenter\u00a0\u00bb custom_margin=\u00a0\u00bb0px||||false|false\u00a0\u00bb custom_padding=\u00a0\u00bb0px||||false|false\u00a0\u00bb header_2_font_size_tablet=\u00a0\u00bb35px\u00a0\u00bb header_2_font_size_phone=\u00a0\u00bb25px\u00a0\u00bb header_2_font_size_last_edited=\u00a0\u00bbon|phone\u00a0\u00bb text_orientation_tablet=\u00a0\u00bb\u00a0\u00bb text_orientation_phone=\u00a0\u00bbleft\u00a0\u00bb text_orientation_last_edited=\u00a0\u00bbon|desktop\u00a0\u00bb locked=\u00a0\u00bboff\u00a0\u00bb global_colors_info=\u00a0\u00bb{}\u00a0\u00bb]<\/p>\n<p><strong>Voici comment obtenir votre billet pour Analytica 2026<\/strong><\/p>\n<ul>\n<li>Remplissez et envoyez le formulaire ci-dessous<\/li>\n<li>Cliquez sur le lien dans l&rsquo;e-mail de confirmation pour v\u00e9rifier l&rsquo;enregistrement (adapter le texte en fonction de notre processus).<\/li>\n<li>Nous vous enverrons le code du bon pour la carte journali\u00e8re et les instructions pour l&rsquo;utiliser par e-mail. adapter le texte selon notre processus <\/li>\n<\/ul>\n<p>&nbsp;<\/p>\n<p><strong>Inscription<\/strong><\/p>\n<ul>\n<li>Champs d&rsquo;inscription (salutation, titre, nom, nom de famille, soci\u00e9t\u00e9, ville, t\u00e9l\u00e9phone, e-mail, pays)<\/li>\n<li>En soumettant le formulaire de contact, vous acceptez qu&rsquo;Antec Scientific vous contacte par e-mail au sujet de ses propres produits, services et nouvelles. Vos donn\u00e9es ne seront utilis\u00e9es qu&rsquo;\u00e0 cette fin. Elles ne seront pas transmises \u00e0 des tiers. Dans quelques cas exceptionnels, les donn\u00e9es seront transmises \u00e0 nos partenaires commerciaux. Toutefois, cela ne s&rsquo;applique que si la distribution n&rsquo;est pas effectu\u00e9e par Antec Scientific elle-m\u00eame, mais par les partenaires de distribution situ\u00e9s dans le pays concern\u00e9.    <\/li>\n<li>Ce consentement peut \u00eatre r\u00e9voqu\u00e9 \u00e0 tout moment \u00e0 l&rsquo;avenir \u00e0 l&rsquo;adresse <a href=\"mailto:info@antecscientific.com\">info@antecscientific.com<\/a>. Notre politique de confidentialit\u00e9 s&rsquo;applique.<\/li>\n<li>Captcha, v\u00e9rification anti robot<\/li>\n<\/ul>\n<p>[\/et_pb_text][\/et_pb_column][et_pb_column type=\u00a0\u00bb1_3&Prime; _builder_version=\u00a0\u00bb4.16&Prime; custom_padding=\u00a0\u00bb5%|5%|||false|false\u00a0\u00bb global_colors_info=\u00a0\u00bb{}\u00a0\u00bb custom_padding__hover=\u00a0\u00bb|||\u00a0\u00bb][et_pb_image src=\u00a0\u00bbhttps:\/\/antecscientific.com\/wp-content\/uploads\/2025\/12\/analytica-2025-300&#215;200.jpg\u00a0\u00bb title_text=\u00a0\u00bbanalytica 2025&Prime; _builder_version=\u00a0\u00bb4.27.5&Prime; _module_preset=\u00a0\u00bbdefault\u00a0\u00bb width=\u00a0\u00bb100%\u00a0\u00bb hover_enabled=\u00a0\u00bb0&Prime; locked=\u00a0\u00bboff\u00a0\u00bb global_colors_info=\u00a0\u00bb{}\u00a0\u00bb sticky_enabled=\u00a0\u00bb0&Prime;][\/et_pb_image][\/et_pb_column][\/et_pb_row][\/et_pb_section]<\/p>\n","protected":false},"excerpt":{"rendered":"<p>Analytica \u00e0 MunichVisitez-nous du 24 au 27 mars 2026. Stand : A2.310(Plan du hall A2) Analytica est le plus grand salon au monde consacr\u00e9 \u00e0 la technologie de laboratoire, \u00e0 l&rsquo;analyse et \u00e0 la biotechnologie, avec 1 066 exposants, environ 34 000 visiteurs et 55 000 m\u00e8tres carr\u00e9s d&rsquo;espace d&rsquo;exposition. Antec Scientific pr\u00e9sentera ses colonnes [&hellip;]<\/p>\n","protected":false},"author":3,"featured_media":0,"parent":17291,"menu_order":0,"comment_status":"closed","ping_status":"closed","template":"","meta":{"_et_pb_use_builder":"on","_et_pb_old_content":"","_et_gb_content_width":"","footnotes":""},"class_list":["post-34995","page","type-page","status-publish","hentry"],"yoast_head":"<!-- This site is optimized with the Yoast SEO plugin v27.4 - https:\/\/yoast.com\/product\/yoast-seo-wordpress\/ -->\n<title>Analytica 2026 - Antec Scientific<\/title>\n<meta name=\"robots\" content=\"index, follow, max-snippet:-1, max-image-preview:large, max-video-preview:-1\" \/>\n<link rel=\"canonical\" href=\"https:\/\/antecscientific.com\/fr\/a-propos-de\/evenements\/analytica-2026\/\" \/>\n<meta property=\"og:locale\" content=\"fr_FR\" \/>\n<meta property=\"og:type\" content=\"article\" \/>\n<meta property=\"og:title\" content=\"Analytica 2026 - Antec Scientific\" \/>\n<meta property=\"og:description\" content=\"Analytica \u00e0 MunichVisitez-nous du 24 au 27 mars 2026. Stand : A2.310(Plan du hall A2) Analytica est le plus grand salon au monde consacr\u00e9 \u00e0 la technologie de laboratoire, \u00e0 l&#039;analyse et \u00e0 la biotechnologie, avec 1 066 exposants, environ 34 000 visiteurs et 55 000 m\u00e8tres carr\u00e9s d&#039;espace d&#039;exposition. Antec Scientific pr\u00e9sentera ses colonnes [&hellip;]\" \/>\n<meta property=\"og:url\" content=\"https:\/\/antecscientific.com\/fr\/a-propos-de\/evenements\/analytica-2026\/\" \/>\n<meta property=\"og:site_name\" content=\"Antec Scientific\" \/>\n<meta property=\"article:modified_time\" content=\"2025-12-18T16:41:31+00:00\" \/>\n<meta name=\"twitter:card\" content=\"summary_large_image\" \/>\n<meta name=\"twitter:label1\" content=\"Dur\u00e9e de lecture estim\u00e9e\" \/>\n\t<meta name=\"twitter:data1\" content=\"7 minutes\" \/>\n<script type=\"application\/ld+json\" class=\"yoast-schema-graph\">{\"@context\":\"https:\\\/\\\/schema.org\",\"@graph\":[{\"@type\":\"WebPage\",\"@id\":\"https:\\\/\\\/antecscientific.com\\\/fr\\\/a-propos-de\\\/evenements\\\/analytica-2026\\\/\",\"url\":\"https:\\\/\\\/antecscientific.com\\\/fr\\\/a-propos-de\\\/evenements\\\/analytica-2026\\\/\",\"name\":\"Analytica 2026 - Antec Scientific\",\"isPartOf\":{\"@id\":\"https:\\\/\\\/antecscientific.com\\\/fr\\\/#website\"},\"datePublished\":\"2025-12-17T15:50:07+00:00\",\"dateModified\":\"2025-12-18T16:41:31+00:00\",\"breadcrumb\":{\"@id\":\"https:\\\/\\\/antecscientific.com\\\/fr\\\/a-propos-de\\\/evenements\\\/analytica-2026\\\/#breadcrumb\"},\"inLanguage\":\"fr-FR\",\"potentialAction\":[{\"@type\":\"ReadAction\",\"target\":[\"https:\\\/\\\/antecscientific.com\\\/fr\\\/a-propos-de\\\/evenements\\\/analytica-2026\\\/\"]}]},{\"@type\":\"BreadcrumbList\",\"@id\":\"https:\\\/\\\/antecscientific.com\\\/fr\\\/a-propos-de\\\/evenements\\\/analytica-2026\\\/#breadcrumb\",\"itemListElement\":[{\"@type\":\"ListItem\",\"position\":1,\"name\":\"\u00c0 propos de\",\"item\":\"https:\\\/\\\/antecscientific.com\\\/fr\\\/a-propos-de\\\/\"},{\"@type\":\"ListItem\",\"position\":2,\"name\":\"\u00c9v\u00e9nements\",\"item\":\"https:\\\/\\\/antecscientific.com\\\/fr\\\/a-propos-de\\\/evenements\\\/\"},{\"@type\":\"ListItem\",\"position\":3,\"name\":\"Analytica 2026\"}]},{\"@type\":\"WebSite\",\"@id\":\"https:\\\/\\\/antecscientific.com\\\/fr\\\/#website\",\"url\":\"https:\\\/\\\/antecscientific.com\\\/fr\\\/\",\"name\":\"Antec Scientific\",\"description\":\"Supporting research to improve quality of life\",\"potentialAction\":[{\"@type\":\"SearchAction\",\"target\":{\"@type\":\"EntryPoint\",\"urlTemplate\":\"https:\\\/\\\/antecscientific.com\\\/fr\\\/?s={search_term_string}\"},\"query-input\":{\"@type\":\"PropertyValueSpecification\",\"valueRequired\":true,\"valueName\":\"search_term_string\"}}],\"inLanguage\":\"fr-FR\"}]}<\/script>\n<!-- \/ Yoast SEO plugin. -->","yoast_head_json":{"title":"Analytica 2026 - Antec Scientific","robots":{"index":"index","follow":"follow","max-snippet":"max-snippet:-1","max-image-preview":"max-image-preview:large","max-video-preview":"max-video-preview:-1"},"canonical":"https:\/\/antecscientific.com\/fr\/a-propos-de\/evenements\/analytica-2026\/","og_locale":"fr_FR","og_type":"article","og_title":"Analytica 2026 - Antec Scientific","og_description":"Analytica \u00e0 MunichVisitez-nous du 24 au 27 mars 2026. Stand : A2.310(Plan du hall A2) Analytica est le plus grand salon au monde consacr\u00e9 \u00e0 la technologie de laboratoire, \u00e0 l'analyse et \u00e0 la biotechnologie, avec 1 066 exposants, environ 34 000 visiteurs et 55 000 m\u00e8tres carr\u00e9s d'espace d'exposition. Antec Scientific pr\u00e9sentera ses colonnes [&hellip;]","og_url":"https:\/\/antecscientific.com\/fr\/a-propos-de\/evenements\/analytica-2026\/","og_site_name":"Antec Scientific","article_modified_time":"2025-12-18T16:41:31+00:00","twitter_card":"summary_large_image","twitter_misc":{"Dur\u00e9e de lecture estim\u00e9e":"7 minutes"},"schema":{"@context":"https:\/\/schema.org","@graph":[{"@type":"WebPage","@id":"https:\/\/antecscientific.com\/fr\/a-propos-de\/evenements\/analytica-2026\/","url":"https:\/\/antecscientific.com\/fr\/a-propos-de\/evenements\/analytica-2026\/","name":"Analytica 2026 - Antec Scientific","isPartOf":{"@id":"https:\/\/antecscientific.com\/fr\/#website"},"datePublished":"2025-12-17T15:50:07+00:00","dateModified":"2025-12-18T16:41:31+00:00","breadcrumb":{"@id":"https:\/\/antecscientific.com\/fr\/a-propos-de\/evenements\/analytica-2026\/#breadcrumb"},"inLanguage":"fr-FR","potentialAction":[{"@type":"ReadAction","target":["https:\/\/antecscientific.com\/fr\/a-propos-de\/evenements\/analytica-2026\/"]}]},{"@type":"BreadcrumbList","@id":"https:\/\/antecscientific.com\/fr\/a-propos-de\/evenements\/analytica-2026\/#breadcrumb","itemListElement":[{"@type":"ListItem","position":1,"name":"\u00c0 propos de","item":"https:\/\/antecscientific.com\/fr\/a-propos-de\/"},{"@type":"ListItem","position":2,"name":"\u00c9v\u00e9nements","item":"https:\/\/antecscientific.com\/fr\/a-propos-de\/evenements\/"},{"@type":"ListItem","position":3,"name":"Analytica 2026"}]},{"@type":"WebSite","@id":"https:\/\/antecscientific.com\/fr\/#website","url":"https:\/\/antecscientific.com\/fr\/","name":"Antec Scientific","description":"Supporting research to improve quality of life","potentialAction":[{"@type":"SearchAction","target":{"@type":"EntryPoint","urlTemplate":"https:\/\/antecscientific.com\/fr\/?s={search_term_string}"},"query-input":{"@type":"PropertyValueSpecification","valueRequired":true,"valueName":"search_term_string"}}],"inLanguage":"fr-FR"}]}},"_links":{"self":[{"href":"https:\/\/antecscientific.com\/fr\/wp-json\/wp\/v2\/pages\/34995","targetHints":{"allow":["GET"]}}],"collection":[{"href":"https:\/\/antecscientific.com\/fr\/wp-json\/wp\/v2\/pages"}],"about":[{"href":"https:\/\/antecscientific.com\/fr\/wp-json\/wp\/v2\/types\/page"}],"author":[{"embeddable":true,"href":"https:\/\/antecscientific.com\/fr\/wp-json\/wp\/v2\/users\/3"}],"replies":[{"embeddable":true,"href":"https:\/\/antecscientific.com\/fr\/wp-json\/wp\/v2\/comments?post=34995"}],"version-history":[{"count":10,"href":"https:\/\/antecscientific.com\/fr\/wp-json\/wp\/v2\/pages\/34995\/revisions"}],"predecessor-version":[{"id":35086,"href":"https:\/\/antecscientific.com\/fr\/wp-json\/wp\/v2\/pages\/34995\/revisions\/35086"}],"up":[{"embeddable":true,"href":"https:\/\/antecscientific.com\/fr\/wp-json\/wp\/v2\/pages\/17291"}],"wp:attachment":[{"href":"https:\/\/antecscientific.com\/fr\/wp-json\/wp\/v2\/media?parent=34995"}],"curies":[{"name":"wp","href":"https:\/\/api.w.org\/{rel}","templated":true}]}}