{"id":22848,"date":"2024-01-01T11:29:03","date_gmt":"2024-01-01T11:29:03","guid":{"rendered":"https:\/\/antecscientific.com\/a-propos-de\/carrieres\/analyste-de-chimie-hplc-3\/"},"modified":"2024-01-01T11:32:44","modified_gmt":"2024-01-01T11:32:44","slug":"analyste-de-chimie-hplc-3","status":"publish","type":"page","link":"https:\/\/antecscientific.com\/fr\/a-propos-de\/carrieres\/analyste-de-chimie-hplc-3\/","title":{"rendered":"Analyste de chimie HPLC"},"content":{"rendered":"<p>[et_pb_section fb_built=\u00a0\u00bb1&Prime; admin_label=\u00a0\u00bbHeader\u00a0\u00bb _builder_version=\u00a0\u00bb4.18.0&Prime; background_image=\u00a0\u00bbhttps:\/\/antecscientific.com\/wp-content\/uploads\/2022\/09\/11_img.jpg\u00a0\u00bb parallax=\u00a0\u00bbon\u00a0\u00bb custom_padding=\u00a0\u00bb2vw|0px|200px|0px|false|false\u00a0\u00bb collapsed=\u00a0\u00bbon\u00a0\u00bb global_colors_info=\u00a0\u00bb{}\u00a0\u00bb][et_pb_row _builder_version=\u00a0\u00bb4.16&Prime; global_colors_info=\u00a0\u00bb{}\u00a0\u00bb][et_pb_column type=\u00a0\u00bb4_4&Prime; _builder_version=\u00a0\u00bb4.16&Prime; custom_padding=\u00a0\u00bb|||\u00a0\u00bb global_colors_info=\u00a0\u00bb{}\u00a0\u00bb custom_padding__hover=\u00a0\u00bb|||\u00a0\u00bb][et_pb_text admin_label=\u00a0\u00bbBreadcrumbs (don&rsquo;t touch)\u00a0\u00bb _builder_version=\u00a0\u00bb4.16&Prime; text_font=\u00a0\u00bb|700|||||||\u00a0\u00bb text_text_color=\u00a0\u00bb#ffffff\u00a0\u00bb text_font_size=\u00a0\u00bb15px\u00a0\u00bb link_font=\u00a0\u00bb|700|||||||\u00a0\u00bb link_text_color=\u00a0\u00bb#ffffff\u00a0\u00bb link_font_size=\u00a0\u00bb15px\u00a0\u00bb global_colors_info=\u00a0\u00bb{}\u00a0\u00bb][\/et_pb_text][et_pb_text admin_label=\u00a0\u00bbBig page title (don&rsquo;t touch)\u00a0\u00bb _builder_version=\u00a0\u00bb4.16&Prime; _dynamic_attributes=\u00a0\u00bbcontent\u00a0\u00bb text_font=\u00a0\u00bb||||||||\u00a0\u00bb header_font=\u00a0\u00bb|700|||||||\u00a0\u00bb header_text_color=\u00a0\u00bb#ffffff\u00a0\u00bb header_font_size=\u00a0\u00bb80px\u00a0\u00bb header_line_height=\u00a0\u00bb1.2em\u00a0\u00bb header_5_font=\u00a0\u00bbRaleway|700||on|||||\u00a0\u00bb header_5_text_color=\u00a0\u00bb#000000&Prime; header_5_font_size=\u00a0\u00bb20px\u00a0\u00bb header_5_letter_spacing=\u00a0\u00bb0.5em\u00a0\u00bb header_5_line_height=\u00a0\u00bb1.8em\u00a0\u00bb animation_style=\u00a0\u00bbzoom\u00a0\u00bb animation_intensity_zoom=\u00a0\u00bb5%\u00a0\u00bb header_font_size_tablet=\u00a0\u00bb48px\u00a0\u00bb header_font_size_phone=\u00a0\u00bb32px\u00a0\u00bb header_font_size_last_edited=\u00a0\u00bbon|phone\u00a0\u00bb header_5_font_size_tablet=\u00a0\u00bb14px\u00a0\u00bb header_5_font_size_phone=\u00a0\u00bb12px\u00a0\u00bb header_5_font_size_last_edited=\u00a0\u00bbon|desktop\u00a0\u00bb global_colors_info=\u00a0\u00bb{}\u00a0\u00bb]@ET-DC@eyJkeW5hbWljIjp0cnVlLCJjb250ZW50IjoicG9zdF90aXRsZSIsInNldHRpbmdzIjp7ImJlZm9yZSI6IjxoMT4iLCJhZnRlciI6IjxcL2gxPiJ9fQ==@[\/et_pb_text][\/et_pb_column][\/et_pb_row][\/et_pb_section][et_pb_section fb_built=\u00a0\u00bb1&Prime; admin_label=\u00a0\u00bbContent\u00a0\u00bb _builder_version=\u00a0\u00bb4.17.6&Prime; background_color=\u00a0\u00bb#ffffff\u00a0\u00bb max_width=\u00a0\u00bb90%\u00a0\u00bb max_width_tablet=\u00a0\u00bb\u00a0\u00bb max_width_phone=\u00a0\u00bb100%\u00a0\u00bb max_width_last_edited=\u00a0\u00bbon|phone\u00a0\u00bb custom_margin=\u00a0\u00bb-160px||0px||false|false\u00a0\u00bb custom_padding=\u00a0\u00bb||0px||false|false\u00a0\u00bb border_color_all=\u00a0\u00bb#ffffff\u00a0\u00bb border_width_left=\u00a0\u00bb10vw\u00a0\u00bb global_colors_info=\u00a0\u00bb{}\u00a0\u00bb][et_pb_row column_structure=\u00a0\u00bb2_3,1_3&Prime; custom_padding_last_edited=\u00a0\u00bbon|phone\u00a0\u00bb _builder_version=\u00a0\u00bb4.16&Prime; width=\u00a0\u00bbauto\u00a0\u00bb max_width=\u00a0\u00bbnone\u00a0\u00bb custom_padding=\u00a0\u00bb27px|0|27px|0px|false|false\u00a0\u00bb custom_padding_tablet=\u00a0\u00bb|0px||0px||true\u00a0\u00bb custom_padding_phone=\u00a0\u00bb|10%||0px|false|false\u00a0\u00bb locked=\u00a0\u00bboff\u00a0\u00bb global_colors_info=\u00a0\u00bb{}\u00a0\u00bb][et_pb_column type=\u00a0\u00bb2_3&Prime; _builder_version=\u00a0\u00bb4.16&Prime; custom_padding=\u00a0\u00bb|||\u00a0\u00bb global_colors_info=\u00a0\u00bb{}\u00a0\u00bb custom_padding__hover=\u00a0\u00bb|||\u00a0\u00bb][et_pb_text admin_label=\u00a0\u00bbSubtitle\u00a0\u00bb _builder_version=\u00a0\u00bb4.18.0&Prime; text_font=\u00a0\u00bb||||||||\u00a0\u00bb text_line_height=\u00a0\u00bb2em\u00a0\u00bb header_font=\u00a0\u00bb||||||||\u00a0\u00bb header_2_font=\u00a0\u00bb|600||on|||||\u00a0\u00bb header_2_text_color=\u00a0\u00bb#df0834&Prime; header_2_font_size=\u00a0\u00bb20px\u00a0\u00bb header_2_line_height=\u00a0\u00bb1.4em\u00a0\u00bb header_6_font=\u00a0\u00bb|700||on|||||\u00a0\u00bb header_6_font_size=\u00a0\u00bb16px\u00a0\u00bb header_6_letter_spacing=\u00a0\u00bb5px\u00a0\u00bb header_6_line_height=\u00a0\u00bb1.8em\u00a0\u00bb max_width=\u00a0\u00bb700px\u00a0\u00bb module_alignment=\u00a0\u00bbcenter\u00a0\u00bb custom_margin=\u00a0\u00bb||0px||false|false\u00a0\u00bb custom_padding=\u00a0\u00bb||0px||false|false\u00a0\u00bb header_2_font_size_tablet=\u00a0\u00bb25px\u00a0\u00bb header_2_font_size_phone=\u00a0\u00bb25px\u00a0\u00bb header_2_font_size_last_edited=\u00a0\u00bbon|phone\u00a0\u00bb global_colors_info=\u00a0\u00bb{}\u00a0\u00bb]<\/p>\n<h2>Vacature &#8211; Chemisch Analist HPLC<\/h2>\n<p>[\/et_pb_text][et_pb_text admin_label=\u00a0\u00bbParagraph\u00a0\u00bb _builder_version=\u00a0\u00bb4.20.4&Prime; text_font=\u00a0\u00bb||||||||\u00a0\u00bb text_font_size=\u00a0\u00bb18px\u00a0\u00bb text_line_height=\u00a0\u00bb2em\u00a0\u00bb header_font=\u00a0\u00bb||||||||\u00a0\u00bb header_2_font=\u00a0\u00bbRaleway|700|||||||\u00a0\u00bb header_2_font_size=\u00a0\u00bb50px\u00a0\u00bb header_2_line_height=\u00a0\u00bb1.4em\u00a0\u00bb header_6_font=\u00a0\u00bbRaleway|700||on|||||\u00a0\u00bb header_6_font_size=\u00a0\u00bb16px\u00a0\u00bb header_6_letter_spacing=\u00a0\u00bb5px\u00a0\u00bb header_6_line_height=\u00a0\u00bb1.8em\u00a0\u00bb text_orientation=\u00a0\u00bbjustified\u00a0\u00bb max_width=\u00a0\u00bb700px\u00a0\u00bb module_alignment=\u00a0\u00bbcenter\u00a0\u00bb custom_margin=\u00a0\u00bb0px||||false|false\u00a0\u00bb custom_padding=\u00a0\u00bb0px||||false|false\u00a0\u00bb hover_enabled=\u00a0\u00bb0&Prime; header_2_font_size_tablet=\u00a0\u00bb35px\u00a0\u00bb header_2_font_size_phone=\u00a0\u00bb25px\u00a0\u00bb header_2_font_size_last_edited=\u00a0\u00bbon|phone\u00a0\u00bb text_orientation_tablet=\u00a0\u00bb\u00a0\u00bb text_orientation_phone=\u00a0\u00bbleft\u00a0\u00bb text_orientation_last_edited=\u00a0\u00bbon|desktop\u00a0\u00bb global_colors_info=\u00a0\u00bb{}\u00a0\u00bb sticky_enabled=\u00a0\u00bb0&Prime;]<\/p>\n<p>Nous sommes \u00e0 la recherche d&rsquo;un Analyste Chimique \u00e0 temps plein pour notre laboratoire HPLC \u00e0 Alphen a\/d Rijn. Je me dirige vers le laitier pour tester nos produits dans le cadre de la R&amp;D et du contr\u00f4le de qualit\u00e9. Vous avez un r\u00f4le \u00e0 jouer dans la mise au point de nouveaux produits et de nouvelles m\u00e9thodes d&rsquo;analyse par HPLC et d\u00e9tection \u00e9lectrochimique, ainsi que de r\u00e9acteurs pour l&rsquo;\u00e9lectrochimie et la spectrom\u00e9trie de masse. En outre, vous pouvez \u00e9galement prendre contact avec des clients du monde entier pour obtenir des informations et un soutien.<\/p>\n<p>&nbsp;<\/p>\n<p><strong>L&rsquo;\u00e9quipe<\/strong><\/p>\n<p>Je travaille dans notre laboratoire \u00e0 Alphen aan den Rijn. Je fais partie d&rsquo;une \u00e9quipe dynamique de 15 coll\u00e8gues. Nous n&rsquo;avons pas besoin de beaucoup de temps, que ce soit pour la communication d&rsquo;informations, la mise en \u0153uvre de projets ou l&rsquo;analyse des donn\u00e9es des clients.<\/p>\n<p>&nbsp;<\/p>\n<p><strong>Comment faire pour que votre kandidaat soit parfait ?<\/strong><\/p>\n<p>Nous sommes une entreprise tr\u00e8s diversifi\u00e9e o\u00f9 travaillent des ing\u00e9nieurs, des chercheurs, des commerciaux, des logisticiens et des producteurs de tous les horizons et de toutes les nationalit\u00e9s. Les changements d&rsquo;orientation ont pour effet de cr\u00e9er des situations tr\u00e8s diff\u00e9rentes les unes des autres. Et cela a fait beaucoup de bien \u00e0 notre organisation. Nous sommes ravis de savoir ce que j&rsquo;ai fait et quelles sont les qualit\u00e9s et le service que j&rsquo;ai re\u00e7us.<\/p>\n<ul>\n<li>MLO\/HLO Analytische Chemie, of soortgelijk<\/li>\n<li>Ervaring met HPLC<\/li>\n<li>Goede communicatie skills, klantgericht<\/li>\n<li>Une bonne connaissance de la langue anglaise<\/li>\n<li>Je woont in de regio (West-Nederland)<\/li>\n<\/ul>\n<p>&nbsp;<\/p>\n<p><strong>Werkzaamheden<\/strong><\/p>\n<ul>\n<li>Contr\u00f4le de qualit\u00e9 des produits Antec<\/li>\n<li>Mise en service de l&rsquo;appareil HPLC<\/li>\n<li>Test des prototypes et des logiciels<\/li>\n<li>Nouvelles m\u00e9thodes et nouveaux produits d&rsquo;analyse<\/li>\n<li>Beantwoorden vragen van klanten<\/li>\n<\/ul>\n<p>&nbsp;<\/p>\n<p><strong>Nous vous offrons<\/strong><\/p>\n<ul>\n<li>Afwisselende functie 40 heures par semaine<\/li>\n<li>Contrat pour une dur\u00e9e d\u00e9termin\u00e9e avec un lien avec un vaste groupe de travail<\/li>\n<li>Formation \u00e0 la gestion des risques d&rsquo;entreprise, y compris les stages et les formations<\/li>\n<li>Des emplois flexibles<\/li>\n<li>Prima salaris, afhankelijk van ervaring<\/li>\n<li>Budget pour le d\u00e9veloppement personnel<\/li>\n<li>Beaucoup d&rsquo;efforts et de ressources pour les personnes qui ont pris l&rsquo;initiative.<\/li>\n<li>Reiskostenvergoeding, de la carte de visite OV<\/li>\n<li>24 vakantiedagen (uitbreidbaar tot 35 dagen)<\/li>\n<\/ul>\n<p>&nbsp;<\/p>\n<p><strong>Sollicitations<\/strong><\/p>\n<p>Envoyez votre demande avec votre CV \u00e0 <a href=\"mailto:careers@antecscientific.com\">careers@antecscientific.com<\/a> au Dr. N.J. Reinhoud.<\/p>\n<p>[\/et_pb_text][\/et_pb_column][et_pb_column type=\u00a0\u00bb1_3&Prime; _builder_version=\u00a0\u00bb4.16&Prime; custom_padding=\u00a0\u00bb5%|5%|||false|false\u00a0\u00bb global_colors_info=\u00a0\u00bb{}\u00a0\u00bb custom_padding__hover=\u00a0\u00bb|||\u00a0\u00bb][et_pb_image src=\u00a0\u00bbhttps:\/\/antecscientific.com\/wp-content\/uploads\/2022\/09\/shutterstock_2175407917-300&#215;200.jpg\u00a0\u00bb title_text=\u00a0\u00bbHomme,et,femme,partenaires,portant,l&rsquo;uniforme,scientifique,debout,avec,les,bras\u00a0\u00bb _builder_version=\u00a0\u00bb4.18.0&Prime; _module_preset=\u00a0\u00bbdefault\u00a0\u00bb locked=\u00a0\u00bboff\u00a0\u00bb global_colors_info=\u00a0\u00bb{}\u00a0\u00bb][\/et_pb_image][et_pb_button button_url=\u00a0\u00bbmailto:careers@antecscientific.com\u00a0\u00bb button_text=\u00a0\u00bbReageer nu !\u00a0\u00bb button_alignment=\u00a0\u00bbcenter\u00a0\u00bb _builder_version=\u00a0\u00bb4.18.0&Prime; _module_preset=\u00a0\u00bbdefault\u00a0\u00bb global_colors_info=\u00a0\u00bb{}\u00a0\u00bb][\/et_pb_button][\/et_pb_column][\/et_pb_row][\/et_pb_section]<\/p>\n","protected":false},"excerpt":{"rendered":"<p>Vacature &#8211; Chemisch Analist HPLCNous sommes \u00e0 la recherche d&rsquo;un Analyste Chimique \u00e0 temps plein pour notre laboratoire HPLC \u00e0 Alphen a\/d Rijn. Je me dirige vers le laitier pour tester nos produits dans le cadre de la R&amp;D et du contr\u00f4le de qualit\u00e9. Vous avez un r\u00f4le \u00e0 jouer dans la mise au point [&hellip;]<\/p>\n","protected":false},"author":3,"featured_media":0,"parent":17141,"menu_order":0,"comment_status":"closed","ping_status":"closed","template":"","meta":{"_et_pb_use_builder":"on","_et_pb_old_content":"","_et_gb_content_width":"","footnotes":""},"class_list":["post-22848","page","type-page","status-publish","hentry"],"yoast_head":"<!-- This site is optimized with the Yoast SEO plugin v27.4 - https:\/\/yoast.com\/product\/yoast-seo-wordpress\/ -->\n<title>Analyste de chimie HPLC - Antec Scientific<\/title>\n<meta name=\"description\" content=\"Nous recherchons un chercheur pour notre laboratoire d&#039;application \u00e0 Alphen a\/d Rijn, avec une exp\u00e9rience en chimie analytique.\" \/>\n<meta name=\"robots\" content=\"index, follow, max-snippet:-1, max-image-preview:large, max-video-preview:-1\" \/>\n<link rel=\"canonical\" href=\"https:\/\/antecscientific.com\/fr\/a-propos-de\/carrieres\/analyste-de-chimie-hplc-3\/\" \/>\n<meta property=\"og:locale\" content=\"fr_FR\" \/>\n<meta property=\"og:type\" content=\"article\" \/>\n<meta property=\"og:title\" content=\"Analyste de chimie HPLC - Antec Scientific\" \/>\n<meta property=\"og:description\" content=\"Nous recherchons un chercheur pour notre laboratoire d&#039;application \u00e0 Alphen a\/d Rijn, avec une exp\u00e9rience en chimie analytique.\" \/>\n<meta property=\"og:url\" content=\"https:\/\/antecscientific.com\/fr\/a-propos-de\/carrieres\/analyste-de-chimie-hplc-3\/\" \/>\n<meta property=\"og:site_name\" content=\"Antec Scientific\" \/>\n<meta property=\"article:modified_time\" content=\"2024-01-01T11:32:44+00:00\" \/>\n<meta name=\"twitter:card\" content=\"summary_large_image\" \/>\n<meta name=\"twitter:label1\" content=\"Dur\u00e9e de lecture estim\u00e9e\" \/>\n\t<meta name=\"twitter:data1\" content=\"5 minutes\" \/>\n<script type=\"application\/ld+json\" class=\"yoast-schema-graph\">{\"@context\":\"https:\\\/\\\/schema.org\",\"@graph\":[{\"@type\":\"WebPage\",\"@id\":\"https:\\\/\\\/antecscientific.com\\\/fr\\\/a-propos-de\\\/carrieres\\\/analyste-de-chimie-hplc-3\\\/\",\"url\":\"https:\\\/\\\/antecscientific.com\\\/fr\\\/a-propos-de\\\/carrieres\\\/analyste-de-chimie-hplc-3\\\/\",\"name\":\"Analyste de chimie HPLC - Antec Scientific\",\"isPartOf\":{\"@id\":\"https:\\\/\\\/antecscientific.com\\\/fr\\\/#website\"},\"datePublished\":\"2024-01-01T11:29:03+00:00\",\"dateModified\":\"2024-01-01T11:32:44+00:00\",\"description\":\"Nous recherchons un chercheur pour notre laboratoire d'application \u00e0 Alphen a\\\/d Rijn, avec une exp\u00e9rience en chimie analytique.\",\"breadcrumb\":{\"@id\":\"https:\\\/\\\/antecscientific.com\\\/fr\\\/a-propos-de\\\/carrieres\\\/analyste-de-chimie-hplc-3\\\/#breadcrumb\"},\"inLanguage\":\"fr-FR\",\"potentialAction\":[{\"@type\":\"ReadAction\",\"target\":[\"https:\\\/\\\/antecscientific.com\\\/fr\\\/a-propos-de\\\/carrieres\\\/analyste-de-chimie-hplc-3\\\/\"]}]},{\"@type\":\"BreadcrumbList\",\"@id\":\"https:\\\/\\\/antecscientific.com\\\/fr\\\/a-propos-de\\\/carrieres\\\/analyste-de-chimie-hplc-3\\\/#breadcrumb\",\"itemListElement\":[{\"@type\":\"ListItem\",\"position\":1,\"name\":\"\u00c0 propos de\",\"item\":\"https:\\\/\\\/antecscientific.com\\\/fr\\\/a-propos-de\\\/\"},{\"@type\":\"ListItem\",\"position\":2,\"name\":\"Carri\u00e8res\",\"item\":\"https:\\\/\\\/antecscientific.com\\\/fr\\\/a-propos-de\\\/carrieres\\\/\"},{\"@type\":\"ListItem\",\"position\":3,\"name\":\"Analyste de chimie HPLC\"}]},{\"@type\":\"WebSite\",\"@id\":\"https:\\\/\\\/antecscientific.com\\\/fr\\\/#website\",\"url\":\"https:\\\/\\\/antecscientific.com\\\/fr\\\/\",\"name\":\"Antec Scientific\",\"description\":\"Supporting research to improve quality of life\",\"potentialAction\":[{\"@type\":\"SearchAction\",\"target\":{\"@type\":\"EntryPoint\",\"urlTemplate\":\"https:\\\/\\\/antecscientific.com\\\/fr\\\/?s={search_term_string}\"},\"query-input\":{\"@type\":\"PropertyValueSpecification\",\"valueRequired\":true,\"valueName\":\"search_term_string\"}}],\"inLanguage\":\"fr-FR\"}]}<\/script>\n<!-- \/ Yoast SEO plugin. -->","yoast_head_json":{"title":"Analyste de chimie HPLC - Antec Scientific","description":"Nous recherchons un chercheur pour notre laboratoire d'application \u00e0 Alphen a\/d Rijn, avec une exp\u00e9rience en chimie analytique.","robots":{"index":"index","follow":"follow","max-snippet":"max-snippet:-1","max-image-preview":"max-image-preview:large","max-video-preview":"max-video-preview:-1"},"canonical":"https:\/\/antecscientific.com\/fr\/a-propos-de\/carrieres\/analyste-de-chimie-hplc-3\/","og_locale":"fr_FR","og_type":"article","og_title":"Analyste de chimie HPLC - Antec Scientific","og_description":"Nous recherchons un chercheur pour notre laboratoire d'application \u00e0 Alphen a\/d Rijn, avec une exp\u00e9rience en chimie analytique.","og_url":"https:\/\/antecscientific.com\/fr\/a-propos-de\/carrieres\/analyste-de-chimie-hplc-3\/","og_site_name":"Antec Scientific","article_modified_time":"2024-01-01T11:32:44+00:00","twitter_card":"summary_large_image","twitter_misc":{"Dur\u00e9e de lecture estim\u00e9e":"5 minutes"},"schema":{"@context":"https:\/\/schema.org","@graph":[{"@type":"WebPage","@id":"https:\/\/antecscientific.com\/fr\/a-propos-de\/carrieres\/analyste-de-chimie-hplc-3\/","url":"https:\/\/antecscientific.com\/fr\/a-propos-de\/carrieres\/analyste-de-chimie-hplc-3\/","name":"Analyste de chimie HPLC - Antec Scientific","isPartOf":{"@id":"https:\/\/antecscientific.com\/fr\/#website"},"datePublished":"2024-01-01T11:29:03+00:00","dateModified":"2024-01-01T11:32:44+00:00","description":"Nous recherchons un chercheur pour notre laboratoire d'application \u00e0 Alphen a\/d Rijn, avec une exp\u00e9rience en chimie analytique.","breadcrumb":{"@id":"https:\/\/antecscientific.com\/fr\/a-propos-de\/carrieres\/analyste-de-chimie-hplc-3\/#breadcrumb"},"inLanguage":"fr-FR","potentialAction":[{"@type":"ReadAction","target":["https:\/\/antecscientific.com\/fr\/a-propos-de\/carrieres\/analyste-de-chimie-hplc-3\/"]}]},{"@type":"BreadcrumbList","@id":"https:\/\/antecscientific.com\/fr\/a-propos-de\/carrieres\/analyste-de-chimie-hplc-3\/#breadcrumb","itemListElement":[{"@type":"ListItem","position":1,"name":"\u00c0 propos de","item":"https:\/\/antecscientific.com\/fr\/a-propos-de\/"},{"@type":"ListItem","position":2,"name":"Carri\u00e8res","item":"https:\/\/antecscientific.com\/fr\/a-propos-de\/carrieres\/"},{"@type":"ListItem","position":3,"name":"Analyste de chimie HPLC"}]},{"@type":"WebSite","@id":"https:\/\/antecscientific.com\/fr\/#website","url":"https:\/\/antecscientific.com\/fr\/","name":"Antec Scientific","description":"Supporting research to improve quality of life","potentialAction":[{"@type":"SearchAction","target":{"@type":"EntryPoint","urlTemplate":"https:\/\/antecscientific.com\/fr\/?s={search_term_string}"},"query-input":{"@type":"PropertyValueSpecification","valueRequired":true,"valueName":"search_term_string"}}],"inLanguage":"fr-FR"}]}},"_links":{"self":[{"href":"https:\/\/antecscientific.com\/fr\/wp-json\/wp\/v2\/pages\/22848","targetHints":{"allow":["GET"]}}],"collection":[{"href":"https:\/\/antecscientific.com\/fr\/wp-json\/wp\/v2\/pages"}],"about":[{"href":"https:\/\/antecscientific.com\/fr\/wp-json\/wp\/v2\/types\/page"}],"author":[{"embeddable":true,"href":"https:\/\/antecscientific.com\/fr\/wp-json\/wp\/v2\/users\/3"}],"replies":[{"embeddable":true,"href":"https:\/\/antecscientific.com\/fr\/wp-json\/wp\/v2\/comments?post=22848"}],"version-history":[{"count":10,"href":"https:\/\/antecscientific.com\/fr\/wp-json\/wp\/v2\/pages\/22848\/revisions"}],"predecessor-version":[{"id":22874,"href":"https:\/\/antecscientific.com\/fr\/wp-json\/wp\/v2\/pages\/22848\/revisions\/22874"}],"up":[{"embeddable":true,"href":"https:\/\/antecscientific.com\/fr\/wp-json\/wp\/v2\/pages\/17141"}],"wp:attachment":[{"href":"https:\/\/antecscientific.com\/fr\/wp-json\/wp\/v2\/media?parent=22848"}],"curies":[{"name":"wp","href":"https:\/\/api.w.org\/{rel}","templated":true}]}}