{"id":22563,"date":"2021-12-30T18:46:36","date_gmt":"2021-12-30T17:46:36","guid":{"rendered":"https:\/\/antecscientific.com\/a-propos-de\/carrieres\/mediateur-administratif\/"},"modified":"2026-01-18T11:42:28","modified_gmt":"2026-01-18T10:42:28","slug":"mediateur-administratif","status":"publish","type":"page","link":"https:\/\/antecscientific.com\/fr\/a-propos-de\/carrieres\/mediateur-administratif\/","title":{"rendered":"M\u00e9diateur administratif"},"content":{"rendered":"<p>[et_pb_section fb_built=\u00a0\u00bb1&Prime; admin_label=\u00a0\u00bbHeader\u00a0\u00bb _builder_version=\u00a0\u00bb4.16&Prime; background_image=\u00a0\u00bbhttps:\/\/antecscientific.com\/wp-content\/uploads\/2021\/11\/11_img.jpg\u00a0\u00bb parallax=\u00a0\u00bbon\u00a0\u00bb custom_padding=\u00a0\u00bb2vw|0px|200px|0px|false|false\u00a0\u00bb collapsed=\u00a0\u00bbon\u00a0\u00bb global_colors_info=\u00a0\u00bb{}\u00a0\u00bb][et_pb_row _builder_version=\u00a0\u00bb4.16&Prime; global_colors_info=\u00a0\u00bb{}\u00a0\u00bb][et_pb_column type=\u00a0\u00bb4_4&Prime; _builder_version=\u00a0\u00bb4.16&Prime; custom_padding=\u00a0\u00bb|||\u00a0\u00bb global_colors_info=\u00a0\u00bb{}\u00a0\u00bb custom_padding__hover=\u00a0\u00bb|||\u00a0\u00bb][et_pb_text admin_label=\u00a0\u00bbBreadcrumbs (don&rsquo;t touch)\u00a0\u00bb _builder_version=\u00a0\u00bb4.16&Prime; text_font=\u00a0\u00bb|700|||||||\u00a0\u00bb text_text_color=\u00a0\u00bb#ffffff\u00a0\u00bb text_font_size=\u00a0\u00bb15px\u00a0\u00bb link_font=\u00a0\u00bb|700|||||||\u00a0\u00bb link_text_color=\u00a0\u00bb#ffffff\u00a0\u00bb link_font_size=\u00a0\u00bb15px\u00a0\u00bb global_colors_info=\u00a0\u00bb{}\u00a0\u00bb][\/et_pb_text][et_pb_text admin_label=\u00a0\u00bbBig page title (don&rsquo;t touch)\u00a0\u00bb _builder_version=\u00a0\u00bb4.16&Prime; _dynamic_attributes=\u00a0\u00bbcontent\u00a0\u00bb text_font=\u00a0\u00bb||||||||\u00a0\u00bb header_font=\u00a0\u00bb|700|||||||\u00a0\u00bb header_text_color=\u00a0\u00bb#ffffff\u00a0\u00bb header_font_size=\u00a0\u00bb80px\u00a0\u00bb header_line_height=\u00a0\u00bb1.2em\u00a0\u00bb header_5_font=\u00a0\u00bbRaleway|700||on|||||\u00a0\u00bb header_5_text_color=\u00a0\u00bb#000000&Prime; header_5_font_size=\u00a0\u00bb20px\u00a0\u00bb header_5_letter_spacing=\u00a0\u00bb0.5em\u00a0\u00bb header_5_line_height=\u00a0\u00bb1.8em\u00a0\u00bb animation_style=\u00a0\u00bbzoom\u00a0\u00bb animation_intensity_zoom=\u00a0\u00bb5%\u00a0\u00bb header_font_size_tablet=\u00a0\u00bb48px\u00a0\u00bb header_font_size_phone=\u00a0\u00bb32px\u00a0\u00bb header_font_size_last_edited=\u00a0\u00bbon|phone\u00a0\u00bb header_5_font_size_tablet=\u00a0\u00bb14px\u00a0\u00bb header_5_font_size_phone=\u00a0\u00bb12px\u00a0\u00bb header_5_font_size_last_edited=\u00a0\u00bbon|desktop\u00a0\u00bb global_colors_info=\u00a0\u00bb{}\u00a0\u00bb]@ET-DC@eyJkeW5hbWljIjp0cnVlLCJjb250ZW50IjoicG9zdF90aXRsZSIsInNldHRpbmdzIjp7ImJlZm9yZSI6IjxoMT4iLCJhZnRlciI6IjxcL2gxPiJ9fQ==@[\/et_pb_text][\/et_pb_column][\/et_pb_row][\/et_pb_section][et_pb_section fb_built=\u00a0\u00bb1&Prime; admin_label=\u00a0\u00bbContent\u00a0\u00bb _builder_version=\u00a0\u00bb4.16&Prime; background_color=\u00a0\u00bb#ffffff\u00a0\u00bb max_width=\u00a0\u00bb90%\u00a0\u00bb max_width_tablet=\u00a0\u00bb\u00a0\u00bb max_width_phone=\u00a0\u00bb100%\u00a0\u00bb max_width_last_edited=\u00a0\u00bbon|phone\u00a0\u00bb custom_margin=\u00a0\u00bb-160px||0px||false|false\u00a0\u00bb custom_padding=\u00a0\u00bb||0px||false|false\u00a0\u00bb border_color_all=\u00a0\u00bb#ffffff\u00a0\u00bb border_width_left=\u00a0\u00bb10vw\u00a0\u00bb global_colors_info=\u00a0\u00bb{}\u00a0\u00bb][et_pb_row column_structure=\u00a0\u00bb2_3,1_3&Prime; custom_padding_last_edited=\u00a0\u00bbon|phone\u00a0\u00bb _builder_version=\u00a0\u00bb4.16&Prime; width=\u00a0\u00bbauto\u00a0\u00bb max_width=\u00a0\u00bbnone\u00a0\u00bb custom_padding=\u00a0\u00bb27px|0|27px|0px|false|false\u00a0\u00bb custom_padding_tablet=\u00a0\u00bb|0px||0px||true\u00a0\u00bb custom_padding_phone=\u00a0\u00bb|10%||0px|false|false\u00a0\u00bb global_colors_info=\u00a0\u00bb{}\u00a0\u00bb][et_pb_column type=\u00a0\u00bb2_3&Prime; _builder_version=\u00a0\u00bb4.16&Prime; custom_padding=\u00a0\u00bb|||\u00a0\u00bb global_colors_info=\u00a0\u00bb{}\u00a0\u00bb custom_padding__hover=\u00a0\u00bb|||\u00a0\u00bb][et_pb_text admin_label=\u00a0\u00bbSubtitle\u00a0\u00bb _builder_version=\u00a0\u00bb4.18.0&Prime; text_font=\u00a0\u00bb||||||||\u00a0\u00bb text_line_height=\u00a0\u00bb2em\u00a0\u00bb header_font=\u00a0\u00bb||||||||\u00a0\u00bb header_2_font=\u00a0\u00bb|600||on|||||\u00a0\u00bb header_2_text_color=\u00a0\u00bb#df0834&Prime; header_2_font_size=\u00a0\u00bb20px\u00a0\u00bb header_2_line_height=\u00a0\u00bb1.4em\u00a0\u00bb header_6_font=\u00a0\u00bb|700||on|||||\u00a0\u00bb header_6_font_size=\u00a0\u00bb16px\u00a0\u00bb header_6_letter_spacing=\u00a0\u00bb5px\u00a0\u00bb header_6_line_height=\u00a0\u00bb1.8em\u00a0\u00bb max_width=\u00a0\u00bb700px\u00a0\u00bb module_alignment=\u00a0\u00bbcenter\u00a0\u00bb custom_margin=\u00a0\u00bb||0px||false|false\u00a0\u00bb custom_padding=\u00a0\u00bb||0px||false|false\u00a0\u00bb header_2_font_size_tablet=\u00a0\u00bb25px\u00a0\u00bb header_2_font_size_phone=\u00a0\u00bb25px\u00a0\u00bb header_2_font_size_last_edited=\u00a0\u00bbon|phone\u00a0\u00bb global_colors_info=\u00a0\u00bb{}\u00a0\u00bb]<\/p>\n<h2>Agent administratif commercial<\/h2>\n<p>[\/et_pb_text][et_pb_text content_last_edited=\u00a0\u00bboff|desktop\u00a0\u00bb admin_label=\u00a0\u00bbParagraph\u00a0\u00bb _builder_version=\u00a0\u00bb4.27.5&Prime; text_font=\u00a0\u00bb||||||||\u00a0\u00bb text_font_size=\u00a0\u00bb18px\u00a0\u00bb text_line_height=\u00a0\u00bb2em\u00a0\u00bb header_font=\u00a0\u00bb||||||||\u00a0\u00bb header_2_font=\u00a0\u00bbRaleway|700|||||||\u00a0\u00bb header_2_font_size=\u00a0\u00bb50px\u00a0\u00bb header_2_line_height=\u00a0\u00bb1.4em\u00a0\u00bb header_6_font=\u00a0\u00bbRaleway|700||on|||||\u00a0\u00bb header_6_font_size=\u00a0\u00bb16px\u00a0\u00bb header_6_letter_spacing=\u00a0\u00bb5px\u00a0\u00bb header_6_line_height=\u00a0\u00bb1.8em\u00a0\u00bb text_orientation=\u00a0\u00bbjustified\u00a0\u00bb max_width=\u00a0\u00bb700px\u00a0\u00bb module_alignment=\u00a0\u00bbcenter\u00a0\u00bb custom_margin=\u00a0\u00bb0px||||false|false\u00a0\u00bb custom_padding=\u00a0\u00bb0px||||false|false\u00a0\u00bb hover_enabled=\u00a0\u00bb0&Prime; header_2_font_size_tablet=\u00a0\u00bb35px\u00a0\u00bb header_2_font_size_phone=\u00a0\u00bb25px\u00a0\u00bb header_2_font_size_last_edited=\u00a0\u00bbon|phone\u00a0\u00bb text_orientation_tablet=\u00a0\u00bb\u00a0\u00bb text_orientation_phone=\u00a0\u00bbleft\u00a0\u00bb text_orientation_last_edited=\u00a0\u00bbon|desktop\u00a0\u00bb global_colors_info=\u00a0\u00bb{}\u00a0\u00bb sticky_enabled=\u00a0\u00bb0&Prime;]<\/p>\n<p>Vous \u00eates \u00e0 la recherche d&rsquo;une fonction administrative exigeante et autonome au sein d&rsquo;une grande \u00e9quipe ?<\/p>\n<p>&nbsp;<\/p>\n<h3>Fonctionnement<\/h3>\n<p>Pour notre \u00e9tablissement d&rsquo;Alphen aan den Rijn, nous sommes \u00e0 la recherche d&rsquo;un(e) assistant(e) administratif(ve) pour l&rsquo;administration des commandes, \u00e0 raison de 40 heures par semaine. Vous \u00eates tenu de respecter toutes les \u00e9tapes du processus de commande, de l&rsquo;offre \u00e0 l&rsquo;offre. De plus, nous vous donnons les moyens d&rsquo;acc\u00e9der \u00e0 une zone commerciale. Contact avec les clients pour la mise en \u0153uvre des offres ou l&rsquo;aide \u00e0 la mise en place du contenu du site web.<\/p>\n<p>&nbsp;<\/p>\n<h3>L&rsquo;\u00e9quipe<\/h3>\n<p>Je travaille dans notre maison \u00e0 Alphen aan den Rijn. Je fais partie d&rsquo;une \u00e9quipe dynamique de 15 coll\u00e8gues. Nous n&rsquo;avons pas \u00e0 nous pr\u00e9occuper de l&rsquo;avenir, mais bien des projets en cours et des clients potentiels.<\/p>\n<p>&nbsp;<\/p>\n<h3>Comment faire pour que votre kandidaat soit parfait ?<\/h3>\n<p>Nous sommes une entreprise tr\u00e8s diversifi\u00e9e o\u00f9 travaillent des ing\u00e9nieurs, des chercheurs, des commerciaux, des logisticiens et des producteurs de tous les horizons et de toutes les nationalit\u00e9s. Les changements d&rsquo;orientation ont pour effet de cr\u00e9er des situations tr\u00e8s diff\u00e9rentes les unes des autres. Et cela a fait beaucoup de bien \u00e0 notre organisation. Nous sommes ravis de savoir ce que j&rsquo;ai fait et quelles sont les qualit\u00e9s et le service que j&rsquo;ai re\u00e7us.<\/p>\n<ul>\n<li>HBO werk- en denkniveau<\/li>\n<li>Zorgvuldig in je werk, liever dubbelchecken dan fouten maken<\/li>\n<li>La prise de contact avec les clients et les leviers est une bonne chose.<\/li>\n<li>Bonne connaissance des langues n\u00e9erlandaise et anglaise (\u00e9criture\/mouvement)<\/li>\n<li>Affinit\u00e9 avec les m\u00e9dias sociaux, diffusion de contenu sur le site web<\/li>\n<li>Si vous \u00eates une petite organisation, aidez-moi \u00e0 comprendre ce que vous voulez.<\/li>\n<li>Je woont in de regio (West-Nederland)<\/li>\n<\/ul>\n<p>&nbsp;<\/p>\n<h3>Nous vous offrons<\/h3>\n<ul>\n<li>Afwisselende functie, 40 uur per week<\/li>\n<li>Contrat pour une dur\u00e9e d\u00e9termin\u00e9e avec un lien avec un vaste groupe de travail<\/li>\n<li>Formation \u00e0 la gestion des risques d&rsquo;entreprise, y compris les stages et les formations<\/li>\n<li>Travail sur son propre lieu de travail pendant la semaine<\/li>\n<li>L&rsquo;aide \u00e0 l&rsquo;achat d&rsquo;un produit dans le cadre de l&rsquo;overleg<\/li>\n<li>Beaucoup d&rsquo;efforts et de ressources pour les personnes qui ont pris l&rsquo;initiative.<\/li>\n<li>Reiskostenvergoeding, carte de visite OV\/NS<\/li>\n<li>24 jours, jusqu&rsquo;\u00e0 35 jours (pour un temps plein)<\/li>\n<li>Un \u00e9quilibre parfait entre travail et vie priv\u00e9e<\/li>\n<\/ul>\n<p>&nbsp;<\/p>\n<h3>Quel est le r\u00f4le de l&rsquo;homme ?<\/h3>\n<p>Antec Scientific fabrique et commercialise des appareils d&rsquo;analyse pour les laboratoires de recherche du monde entier. Nous avons mis au point des m\u00e9thodes d&rsquo;analyse permettant de mesurer les effets des produits, par le biais d&rsquo;un diagnostic et d&rsquo;un contr\u00f4le de qualit\u00e9. Quelques conseils : avec notre appareil, les cat\u00e9cholamines dans le sang peuvent \u00eatre mesur\u00e9es, ce sont des marqueurs tumoraux importants dans le traitement des cancers. En outre, nous pouvons utiliser le lactose dans des produits contenant du lactose, dans l&rsquo;int\u00e9r\u00eat de la sant\u00e9 publique. Nos clients se trouvent dans des h\u00f4pitaux, des universit\u00e9s, des entreprises pharmaceutiques, des centres de formation professionnelle et des laboratoires de recherche dans le monde entier.<\/p>\n<p>&nbsp;<\/p>\n<h3>Solliciteren<\/h3>\n<p>Envoyez un courriel avec cv \u00e0 <a href=\"mailto:careers@antecscientific.com?subject=Sollicitatie%20commercieel%20administratief%20medewerker\">careers@antecscientific.com<\/a> t.n.v. dhr. N. Reinhoud.<\/p>\n<p>[\/et_pb_text][\/et_pb_column][et_pb_column type=\u00a0\u00bb1_3&Prime; _builder_version=\u00a0\u00bb4.16&Prime; custom_padding=\u00a0\u00bb5%|5%|||false|false\u00a0\u00bb global_colors_info=\u00a0\u00bb{}\u00a0\u00bb custom_padding__hover=\u00a0\u00bb|||\u00a0\u00bb][et_pb_image src=\u00a0\u00bbhttps:\/\/antecscientific.com\/wp-content\/uploads\/2021\/12\/shutterstock_1017511597.jpg\u00a0\u00bb title_text=\u00a0\u00bbAdministratief medewerk(st)er\u00a0\u00bb _builder_version=\u00a0\u00bb4.16&Prime; _module_preset=\u00a0\u00bbdefault\u00a0\u00bb global_colors_info=\u00a0\u00bb{}\u00a0\u00bb][\/et_pb_image][et_pb_button button_url=\u00a0\u00bbmailto:careers@antecscientific.com?Subject=Sollicitatie%20commercieel%20administratief%20medewerker\u00a0\u00bb button_text=\u00a0\u00bbReageer nu !\u00a0\u00bb button_alignment=\u00a0\u00bbcenter\u00a0\u00bb _builder_version=\u00a0\u00bb4.20.4&Prime; _module_preset=\u00a0\u00bbdefault\u00a0\u00bb global_colors_info=\u00a0\u00bb{}\u00a0\u00bb][\/et_pb_button][\/et_pb_column][\/et_pb_row][\/et_pb_section]<\/p>\n","protected":false},"excerpt":{"rendered":"<p>Agent administratif commercialVous \u00eates \u00e0 la recherche d&rsquo;une fonction administrative exigeante et autonome au sein d&rsquo;une grande \u00e9quipe ? &nbsp; Fonctionnement Pour notre \u00e9tablissement d&rsquo;Alphen aan den Rijn, nous sommes \u00e0 la recherche d&rsquo;un(e) assistant(e) administratif(ve) pour l&rsquo;administration des commandes, \u00e0 raison de 40 heures par semaine. Vous \u00eates tenu de respecter toutes les \u00e9tapes [&hellip;]<\/p>\n","protected":false},"author":3,"featured_media":0,"parent":17141,"menu_order":0,"comment_status":"closed","ping_status":"closed","template":"","meta":{"_et_pb_use_builder":"on","_et_pb_old_content":"","_et_gb_content_width":"","footnotes":""},"class_list":["post-22563","page","type-page","status-publish","hentry"],"yoast_head":"<!-- This site is optimized with the Yoast SEO plugin v27.5 - https:\/\/yoast.com\/product\/yoast-seo-wordpress\/ -->\n<title>M\u00e9diateur administratif - Antec Scientific<\/title>\n<meta name=\"description\" content=\"Pour notre nouveau site \u00e0 Alphen aan den Rijn, nous sommes \u00e0 la recherche d&#039;un assistant administratif pour l&#039;administration des commandes, pour une dur\u00e9e de 24 \u00e0 32 heures par semaine.\" \/>\n<meta name=\"robots\" content=\"index, follow, max-snippet:-1, max-image-preview:large, max-video-preview:-1\" \/>\n<link rel=\"canonical\" href=\"https:\/\/antecscientific.com\/fr\/a-propos-de\/carrieres\/mediateur-administratif\/\" \/>\n<meta property=\"og:locale\" content=\"fr_FR\" \/>\n<meta property=\"og:type\" content=\"article\" \/>\n<meta property=\"og:title\" content=\"M\u00e9diateur administratif - Antec Scientific\" \/>\n<meta property=\"og:description\" content=\"Pour notre nouveau site \u00e0 Alphen aan den Rijn, nous sommes \u00e0 la recherche d&#039;un assistant administratif pour l&#039;administration des commandes, pour une dur\u00e9e de 24 \u00e0 32 heures par semaine.\" \/>\n<meta property=\"og:url\" content=\"https:\/\/antecscientific.com\/fr\/a-propos-de\/carrieres\/mediateur-administratif\/\" \/>\n<meta property=\"og:site_name\" content=\"Antec Scientific\" \/>\n<meta property=\"article:modified_time\" content=\"2026-01-18T10:42:28+00:00\" \/>\n<meta name=\"twitter:card\" content=\"summary_large_image\" \/>\n<meta name=\"twitter:label1\" content=\"Dur\u00e9e de lecture estim\u00e9e\" \/>\n\t<meta name=\"twitter:data1\" content=\"6 minutes\" \/>\n<script type=\"application\/ld+json\" class=\"yoast-schema-graph\">{\"@context\":\"https:\\\/\\\/schema.org\",\"@graph\":[{\"@type\":\"WebPage\",\"@id\":\"https:\\\/\\\/antecscientific.com\\\/fr\\\/a-propos-de\\\/carrieres\\\/mediateur-administratif\\\/\",\"url\":\"https:\\\/\\\/antecscientific.com\\\/fr\\\/a-propos-de\\\/carrieres\\\/mediateur-administratif\\\/\",\"name\":\"M\u00e9diateur administratif - Antec Scientific\",\"isPartOf\":{\"@id\":\"https:\\\/\\\/antecscientific.com\\\/fr\\\/#website\"},\"datePublished\":\"2021-12-30T17:46:36+00:00\",\"dateModified\":\"2026-01-18T10:42:28+00:00\",\"description\":\"Pour notre nouveau site \u00e0 Alphen aan den Rijn, nous sommes \u00e0 la recherche d'un assistant administratif pour l'administration des commandes, pour une dur\u00e9e de 24 \u00e0 32 heures par semaine.\",\"breadcrumb\":{\"@id\":\"https:\\\/\\\/antecscientific.com\\\/fr\\\/a-propos-de\\\/carrieres\\\/mediateur-administratif\\\/#breadcrumb\"},\"inLanguage\":\"fr-FR\",\"potentialAction\":[{\"@type\":\"ReadAction\",\"target\":[\"https:\\\/\\\/antecscientific.com\\\/fr\\\/a-propos-de\\\/carrieres\\\/mediateur-administratif\\\/\"]}]},{\"@type\":\"BreadcrumbList\",\"@id\":\"https:\\\/\\\/antecscientific.com\\\/fr\\\/a-propos-de\\\/carrieres\\\/mediateur-administratif\\\/#breadcrumb\",\"itemListElement\":[{\"@type\":\"ListItem\",\"position\":1,\"name\":\"\u00c0 propos de\",\"item\":\"https:\\\/\\\/antecscientific.com\\\/fr\\\/a-propos-de\\\/\"},{\"@type\":\"ListItem\",\"position\":2,\"name\":\"Carri\u00e8res\",\"item\":\"https:\\\/\\\/antecscientific.com\\\/fr\\\/a-propos-de\\\/carrieres\\\/\"},{\"@type\":\"ListItem\",\"position\":3,\"name\":\"M\u00e9diateur administratif\"}]},{\"@type\":\"WebSite\",\"@id\":\"https:\\\/\\\/antecscientific.com\\\/fr\\\/#website\",\"url\":\"https:\\\/\\\/antecscientific.com\\\/fr\\\/\",\"name\":\"Antec Scientific\",\"description\":\"Supporting research to improve quality of life\",\"potentialAction\":[{\"@type\":\"SearchAction\",\"target\":{\"@type\":\"EntryPoint\",\"urlTemplate\":\"https:\\\/\\\/antecscientific.com\\\/fr\\\/?s={search_term_string}\"},\"query-input\":{\"@type\":\"PropertyValueSpecification\",\"valueRequired\":true,\"valueName\":\"search_term_string\"}}],\"inLanguage\":\"fr-FR\"}]}<\/script>\n<!-- \/ Yoast SEO plugin. -->","yoast_head_json":{"title":"M\u00e9diateur administratif - Antec Scientific","description":"Pour notre nouveau site \u00e0 Alphen aan den Rijn, nous sommes \u00e0 la recherche d'un assistant administratif pour l'administration des commandes, pour une dur\u00e9e de 24 \u00e0 32 heures par semaine.","robots":{"index":"index","follow":"follow","max-snippet":"max-snippet:-1","max-image-preview":"max-image-preview:large","max-video-preview":"max-video-preview:-1"},"canonical":"https:\/\/antecscientific.com\/fr\/a-propos-de\/carrieres\/mediateur-administratif\/","og_locale":"fr_FR","og_type":"article","og_title":"M\u00e9diateur administratif - Antec Scientific","og_description":"Pour notre nouveau site \u00e0 Alphen aan den Rijn, nous sommes \u00e0 la recherche d'un assistant administratif pour l'administration des commandes, pour une dur\u00e9e de 24 \u00e0 32 heures par semaine.","og_url":"https:\/\/antecscientific.com\/fr\/a-propos-de\/carrieres\/mediateur-administratif\/","og_site_name":"Antec Scientific","article_modified_time":"2026-01-18T10:42:28+00:00","twitter_card":"summary_large_image","twitter_misc":{"Dur\u00e9e de lecture estim\u00e9e":"6 minutes"},"schema":{"@context":"https:\/\/schema.org","@graph":[{"@type":"WebPage","@id":"https:\/\/antecscientific.com\/fr\/a-propos-de\/carrieres\/mediateur-administratif\/","url":"https:\/\/antecscientific.com\/fr\/a-propos-de\/carrieres\/mediateur-administratif\/","name":"M\u00e9diateur administratif - Antec Scientific","isPartOf":{"@id":"https:\/\/antecscientific.com\/fr\/#website"},"datePublished":"2021-12-30T17:46:36+00:00","dateModified":"2026-01-18T10:42:28+00:00","description":"Pour notre nouveau site \u00e0 Alphen aan den Rijn, nous sommes \u00e0 la recherche d'un assistant administratif pour l'administration des commandes, pour une dur\u00e9e de 24 \u00e0 32 heures par semaine.","breadcrumb":{"@id":"https:\/\/antecscientific.com\/fr\/a-propos-de\/carrieres\/mediateur-administratif\/#breadcrumb"},"inLanguage":"fr-FR","potentialAction":[{"@type":"ReadAction","target":["https:\/\/antecscientific.com\/fr\/a-propos-de\/carrieres\/mediateur-administratif\/"]}]},{"@type":"BreadcrumbList","@id":"https:\/\/antecscientific.com\/fr\/a-propos-de\/carrieres\/mediateur-administratif\/#breadcrumb","itemListElement":[{"@type":"ListItem","position":1,"name":"\u00c0 propos de","item":"https:\/\/antecscientific.com\/fr\/a-propos-de\/"},{"@type":"ListItem","position":2,"name":"Carri\u00e8res","item":"https:\/\/antecscientific.com\/fr\/a-propos-de\/carrieres\/"},{"@type":"ListItem","position":3,"name":"M\u00e9diateur administratif"}]},{"@type":"WebSite","@id":"https:\/\/antecscientific.com\/fr\/#website","url":"https:\/\/antecscientific.com\/fr\/","name":"Antec Scientific","description":"Supporting research to improve quality of life","potentialAction":[{"@type":"SearchAction","target":{"@type":"EntryPoint","urlTemplate":"https:\/\/antecscientific.com\/fr\/?s={search_term_string}"},"query-input":{"@type":"PropertyValueSpecification","valueRequired":true,"valueName":"search_term_string"}}],"inLanguage":"fr-FR"}]}},"_links":{"self":[{"href":"https:\/\/antecscientific.com\/fr\/wp-json\/wp\/v2\/pages\/22563","targetHints":{"allow":["GET"]}}],"collection":[{"href":"https:\/\/antecscientific.com\/fr\/wp-json\/wp\/v2\/pages"}],"about":[{"href":"https:\/\/antecscientific.com\/fr\/wp-json\/wp\/v2\/types\/page"}],"author":[{"embeddable":true,"href":"https:\/\/antecscientific.com\/fr\/wp-json\/wp\/v2\/users\/3"}],"replies":[{"embeddable":true,"href":"https:\/\/antecscientific.com\/fr\/wp-json\/wp\/v2\/comments?post=22563"}],"version-history":[{"count":15,"href":"https:\/\/antecscientific.com\/fr\/wp-json\/wp\/v2\/pages\/22563\/revisions"}],"predecessor-version":[{"id":35464,"href":"https:\/\/antecscientific.com\/fr\/wp-json\/wp\/v2\/pages\/22563\/revisions\/35464"}],"up":[{"embeddable":true,"href":"https:\/\/antecscientific.com\/fr\/wp-json\/wp\/v2\/pages\/17141"}],"wp:attachment":[{"href":"https:\/\/antecscientific.com\/fr\/wp-json\/wp\/v2\/media?parent=22563"}],"curies":[{"name":"wp","href":"https:\/\/api.w.org\/{rel}","templated":true}]}}