{"id":17952,"date":"2022-01-05T20:32:35","date_gmt":"2022-01-05T20:32:35","guid":{"rendered":"https:\/\/antecscientific.com\/marches\/metabolisme\/"},"modified":"2023-05-01T20:31:27","modified_gmt":"2023-05-01T20:31:27","slug":"metabolisme","status":"publish","type":"page","link":"https:\/\/antecscientific.com\/fr\/marches\/metabolisme\/","title":{"rendered":"M\u00e9tabolisme"},"content":{"rendered":"<p>[et_pb_section fb_built=\u00a0\u00bb1&Prime; admin_label=\u00a0\u00bbHeader\u00a0\u00bb _builder_version=\u00a0\u00bb4.16&Prime; background_image=\u00a0\u00bbhttps:\/\/antecscientific.com\/wp-content\/uploads\/2020\/10\/markets_pharma.jpg\u00a0\u00bb parallax=\u00a0\u00bbon\u00a0\u00bb custom_padding=\u00a0\u00bb2vw|0px|200px|0px|false|false\u00a0\u00bb collapsed=\u00a0\u00bbon\u00a0\u00bb global_colors_info=\u00a0\u00bb{}\u00a0\u00bb][et_pb_row _builder_version=\u00a0\u00bb4.16&Prime; global_colors_info=\u00a0\u00bb{}\u00a0\u00bb][et_pb_column type=\u00a0\u00bb4_4&Prime; _builder_version=\u00a0\u00bb4.16&Prime; custom_padding=\u00a0\u00bb|||\u00a0\u00bb global_colors_info=\u00a0\u00bb{}\u00a0\u00bb custom_padding__hover=\u00a0\u00bb|||\u00a0\u00bb][et_pb_text admin_label=\u00a0\u00bbBreadcrumbs (don&rsquo;t touch)\u00a0\u00bb _builder_version=\u00a0\u00bb4.16&Prime; text_font=\u00a0\u00bb|700|||||||\u00a0\u00bb text_text_color=\u00a0\u00bb#ffffff\u00a0\u00bb text_font_size=\u00a0\u00bb15px\u00a0\u00bb link_font=\u00a0\u00bb|700|||||||\u00a0\u00bb link_text_color=\u00a0\u00bb#ffffff\u00a0\u00bb link_font_size=\u00a0\u00bb15px\u00a0\u00bb global_colors_info=\u00a0\u00bb{}\u00a0\u00bb][\/et_pb_text][et_pb_text admin_label=\u00a0\u00bbBig page title (don&rsquo;t touch)\u00a0\u00bb _builder_version=\u00a0\u00bb4.16&Prime; _dynamic_attributes=\u00a0\u00bbcontent\u00a0\u00bb text_font=\u00a0\u00bb||||||||\u00a0\u00bb header_font=\u00a0\u00bb|700|||||||\u00a0\u00bb header_text_color=\u00a0\u00bb#ffffff\u00a0\u00bb header_font_size=\u00a0\u00bb80px\u00a0\u00bb header_line_height=\u00a0\u00bb1.2em\u00a0\u00bb header_5_font=\u00a0\u00bbRaleway|700||on|||||\u00a0\u00bb header_5_text_color=\u00a0\u00bb#000000&Prime; header_5_font_size=\u00a0\u00bb20px\u00a0\u00bb header_5_letter_spacing=\u00a0\u00bb0.5em\u00a0\u00bb header_5_line_height=\u00a0\u00bb1.8em\u00a0\u00bb animation_style=\u00a0\u00bbzoom\u00a0\u00bb animation_intensity_zoom=\u00a0\u00bb5%\u00a0\u00bb header_font_size_tablet=\u00a0\u00bb48px\u00a0\u00bb header_font_size_phone=\u00a0\u00bb32px\u00a0\u00bb header_font_size_last_edited=\u00a0\u00bbon|phone\u00a0\u00bb header_5_font_size_tablet=\u00a0\u00bb14px\u00a0\u00bb header_5_font_size_phone=\u00a0\u00bb12px\u00a0\u00bb header_5_font_size_last_edited=\u00a0\u00bbon|desktop\u00a0\u00bb global_colors_info=\u00a0\u00bb{}\u00a0\u00bb]@ET-DC@eyJkeW5hbWljIjp0cnVlLCJjb250ZW50IjoicG9zdF90aXRsZSIsInNldHRpbmdzIjp7ImJlZm9yZSI6IjxoMT4iLCJhZnRlciI6IjxcL2gxPiJ9fQ==@[\/et_pb_text][\/et_pb_column][\/et_pb_row][\/et_pb_section][et_pb_section fb_built=\u00a0\u00bb1&Prime; admin_label=\u00a0\u00bbContent\u00a0\u00bb _builder_version=\u00a0\u00bb4.16&Prime; background_color=\u00a0\u00bb#ffffff\u00a0\u00bb max_width=\u00a0\u00bb90%\u00a0\u00bb max_width_tablet=\u00a0\u00bb\u00a0\u00bb max_width_phone=\u00a0\u00bb100%\u00a0\u00bb max_width_last_edited=\u00a0\u00bbon|phone\u00a0\u00bb custom_margin=\u00a0\u00bb-160px||0px||false|false\u00a0\u00bb custom_padding=\u00a0\u00bb||0px||false|false\u00a0\u00bb border_color_all=\u00a0\u00bb#ffffff\u00a0\u00bb border_width_left=\u00a0\u00bb10vw\u00a0\u00bb global_colors_info=\u00a0\u00bb{}\u00a0\u00bb][et_pb_row column_structure=\u00a0\u00bb2_3,1_3&Prime; custom_padding_last_edited=\u00a0\u00bbon|phone\u00a0\u00bb _builder_version=\u00a0\u00bb4.16&Prime; width=\u00a0\u00bbauto\u00a0\u00bb max_width=\u00a0\u00bbnone\u00a0\u00bb custom_padding=\u00a0\u00bb27px|0|27px|0px|false|false\u00a0\u00bb custom_padding_tablet=\u00a0\u00bb|0px||0px||true\u00a0\u00bb custom_padding_phone=\u00a0\u00bb|10%||0px|false|false\u00a0\u00bb global_colors_info=\u00a0\u00bb{}\u00a0\u00bb][et_pb_column type=\u00a0\u00bb2_3&Prime; _builder_version=\u00a0\u00bb4.16&Prime; custom_padding=\u00a0\u00bb|||\u00a0\u00bb global_colors_info=\u00a0\u00bb{}\u00a0\u00bb custom_padding__hover=\u00a0\u00bb|||\u00a0\u00bb][et_pb_text admin_label=\u00a0\u00bbSubtitle\u00a0\u00bb _builder_version=\u00a0\u00bb4.16&Prime; text_font=\u00a0\u00bb||||||||\u00a0\u00bb text_line_height=\u00a0\u00bb2em\u00a0\u00bb header_font=\u00a0\u00bb||||||||\u00a0\u00bb header_2_font=\u00a0\u00bb|600||on|||||\u00a0\u00bb header_2_text_color=\u00a0\u00bb#df0834&Prime; header_2_font_size=\u00a0\u00bb20px\u00a0\u00bb header_2_line_height=\u00a0\u00bb1.4em\u00a0\u00bb header_6_font=\u00a0\u00bb|700||on|||||\u00a0\u00bb header_6_font_size=\u00a0\u00bb16px\u00a0\u00bb header_6_letter_spacing=\u00a0\u00bb5px\u00a0\u00bb header_6_line_height=\u00a0\u00bb1.8em\u00a0\u00bb max_width=\u00a0\u00bb700px\u00a0\u00bb module_alignment=\u00a0\u00bbcenter\u00a0\u00bb custom_margin=\u00a0\u00bb||0px||false|false\u00a0\u00bb custom_padding=\u00a0\u00bb||0px||false|false\u00a0\u00bb header_2_font_size_tablet=\u00a0\u00bb25px\u00a0\u00bb header_2_font_size_phone=\u00a0\u00bb25px\u00a0\u00bb header_2_font_size_last_edited=\u00a0\u00bbon|phone\u00a0\u00bb global_colors_info=\u00a0\u00bb{}\u00a0\u00bb]<\/p>\n<h2>M\u00e9tabolisme des m\u00e9dicaments\/X\u00e9nobiotiques<\/h2>\n<p>[\/et_pb_text][et_pb_text admin_label=\u00a0\u00bbParagraph\u00a0\u00bb _builder_version=\u00a0\u00bb4.20.4&Prime; text_font=\u00a0\u00bb||||||||\u00a0\u00bb text_font_size=\u00a0\u00bb18px\u00a0\u00bb text_line_height=\u00a0\u00bb2em\u00a0\u00bb header_font=\u00a0\u00bb||||||||\u00a0\u00bb header_2_font=\u00a0\u00bbRaleway|700|||||||\u00a0\u00bb header_2_font_size=\u00a0\u00bb50px\u00a0\u00bb header_2_line_height=\u00a0\u00bb1.4em\u00a0\u00bb header_6_font=\u00a0\u00bbRaleway|700||on|||||\u00a0\u00bb header_6_font_size=\u00a0\u00bb16px\u00a0\u00bb header_6_letter_spacing=\u00a0\u00bb5px\u00a0\u00bb header_6_line_height=\u00a0\u00bb1.8em\u00a0\u00bb text_orientation=\u00a0\u00bbjustified\u00a0\u00bb max_width=\u00a0\u00bb700px\u00a0\u00bb module_alignment=\u00a0\u00bbcenter\u00a0\u00bb custom_margin=\u00a0\u00bb0px||||false|false\u00a0\u00bb custom_padding=\u00a0\u00bb0px||||false|false\u00a0\u00bb hover_enabled=\u00a0\u00bb0&Prime; header_2_font_size_tablet=\u00a0\u00bb35px\u00a0\u00bb header_2_font_size_phone=\u00a0\u00bb25px\u00a0\u00bb header_2_font_size_last_edited=\u00a0\u00bbon|phone\u00a0\u00bb text_orientation_tablet=\u00a0\u00bb\u00a0\u00bb text_orientation_phone=\u00a0\u00bbleft\u00a0\u00bb text_orientation_last_edited=\u00a0\u00bbon|desktop\u00a0\u00bb global_colors_info=\u00a0\u00bb{}\u00a0\u00bb sticky_enabled=\u00a0\u00bb0&Prime;]<\/p>\n<ul>\n<li>Pr\u00e9dire jusqu&rsquo;\u00e0 80 % de tous les m\u00e9tabolites d&rsquo;un m\u00e9dicament en quelques minutes<\/li>\n<li>D\u00e9couvrez des m\u00e9tabolites non d\u00e9tect\u00e9s par les exp\u00e9riences <em>in-vivo<\/em> et <em>in-vitro<\/em>.<\/li>\n<li>Acc\u00e8s aux m\u00e9tabolites et interm\u00e9diaires r\u00e9actifs de courte dur\u00e9e de vie<\/li>\n<li>R\u00e9actions de phase I et II en quelques minutes sans interactions biologiques<\/li>\n<li>Aper\u00e7u complet de la voie m\u00e9tabolique<\/li>\n<li>Compl\u00e9ter et (re)confirmer les donn\u00e9es m\u00e9taboliques <em>in-vivo<\/em> et <em>in-vitro<\/em> <\/li>\n<\/ul>\n<p>En utilisant le syst\u00e8me ROXY\u2122 Exceed d&rsquo;Antec Scientific, qui fonctionne avec chaque MS pour r\u00e9aliser une \u00e9lectrochimie-MS (EC-MS) en ligne, les \u00e9tudes du m\u00e9tabolisme des m\u00e9dicaments\/x\u00e9nobiotiques peuvent \u00eatre compl\u00e9t\u00e9es et consid\u00e9rablement <strong>acc\u00e9l\u00e9r\u00e9es<\/strong>.<\/p>\n<p>L&rsquo;EC-MS a \u00e9t\u00e9 appliqu\u00e9e avec succ\u00e8s pour la pr\u00e9diction rapide et la simulation du m\u00e9tabolisme oxydatif des m\u00e9dicaments (\u00ab\u00a0in-electro\u00a0\u00bb par opposition \u00e0 in-vivo ou in- vitro). Les m\u00e9tabolites sont form\u00e9s instantan\u00e9ment dans la cellule \u00e9lectrochimique (oxydation biomim\u00e9tique), imitant la biotransformation enzymatique des r\u00e9actions du cytochrome P450 du foie (r\u00e9action de phase I), y compris la formation d&rsquo;adduits (r\u00e9actions de phase II). Par rapport aux m\u00e9thodes conventionnelles <em>in-vivo<\/em> (par exemple, rongeurs, humains) ou <em>in-vitro<\/em> (par exemple, microsomes), des \u00e9conomies consid\u00e9rables de temps et de co\u00fbts ont \u00e9t\u00e9 prouv\u00e9es.<\/p>\n<p><strong>Lire la suite :<\/strong><\/p>\n<ul>\n<li>Applications de l&rsquo;<a href=\"https:\/\/antecscientific.com\/fr\/applications\/reacteurs-roxy\/metabolisme-des-medicaments\/\">\u00e9lectrochimie dans le m\u00e9tabolisme des m\u00e9dicaments<\/a>&#8230;..<\/li>\n<li>Plus de d\u00e9tails sur <a href=\"https:\/\/antecscientific.com\/fr\/produits\/techniques\/electrochimie-avec-detection-ms\/\">le fonctionnement de l&rsquo;\u00e9lectrochimie avec MS<\/a>&#8230;.<\/li>\n<li>En savoir plus sur le <a href=\"https:\/\/antecscientific.com\/fr\/applications\/reacteurs-roxy\/metabolisme-des-medicaments\/\">m\u00e9tabolisme des m\u00e9dicaments<\/a><\/li>\n<\/ul>\n<p>[\/et_pb_text][\/et_pb_column][et_pb_column type=\u00a0\u00bb1_3&Prime; _builder_version=\u00a0\u00bb4.16&Prime; custom_padding=\u00a0\u00bb5%|5%|||false|false\u00a0\u00bb global_colors_info=\u00a0\u00bb{}\u00a0\u00bb custom_padding__hover=\u00a0\u00bb|||\u00a0\u00bb][et_pb_image src=\u00a0\u00bbhttps:\/\/antecscientific.com\/wp-content\/uploads\/2020\/12\/drug_development_funnel.png\u00a0\u00bb title_text=\u00a0\u00bbtunnel_de_d\u00e9veloppement_de_m\u00e9dicaments\u00a0\u00bb _builder_version=\u00a0\u00bb4.16&Prime; _module_preset=\u00a0\u00bbdefault\u00a0\u00bb global_colors_info=\u00a0\u00bb{}\u00a0\u00bb][\/et_pb_image][\/et_pb_column][\/et_pb_row][\/et_pb_section]<\/p>\n","protected":false},"excerpt":{"rendered":"<p>M\u00e9tabolisme des m\u00e9dicaments\/X\u00e9nobiotiques Pr\u00e9dire jusqu&rsquo;\u00e0 80 % de tous les m\u00e9tabolites d&rsquo;un m\u00e9dicament en quelques minutes D\u00e9couvrez des m\u00e9tabolites non d\u00e9tect\u00e9s par les exp\u00e9riences in-vivo et in-vitro. Acc\u00e8s aux m\u00e9tabolites et interm\u00e9diaires r\u00e9actifs de courte dur\u00e9e de vie R\u00e9actions de phase I et II en quelques minutes sans interactions biologiques Aper\u00e7u complet de la voie [&hellip;]<\/p>\n","protected":false},"author":3,"featured_media":0,"parent":16795,"menu_order":0,"comment_status":"closed","ping_status":"closed","template":"","meta":{"_et_pb_use_builder":"on","_et_pb_old_content":"","_et_gb_content_width":"","footnotes":""},"class_list":["post-17952","page","type-page","status-publish","hentry"],"yoast_head":"<!-- This site is optimized with the Yoast SEO plugin v27.4 - https:\/\/yoast.com\/product\/yoast-seo-wordpress\/ -->\n<title>M\u00e9tabolisme - Antec Scientific<\/title>\n<meta name=\"robots\" content=\"index, follow, max-snippet:-1, max-image-preview:large, max-video-preview:-1\" \/>\n<link rel=\"canonical\" href=\"https:\/\/antecscientific.com\/fr\/marches\/metabolisme\/\" \/>\n<meta property=\"og:locale\" content=\"fr_FR\" \/>\n<meta property=\"og:type\" content=\"article\" \/>\n<meta property=\"og:title\" content=\"M\u00e9tabolisme - Antec Scientific\" \/>\n<meta property=\"og:description\" content=\"M\u00e9tabolisme des m\u00e9dicaments\/X\u00e9nobiotiques Pr\u00e9dire jusqu&#039;\u00e0 80 % de tous les m\u00e9tabolites d&#039;un m\u00e9dicament en quelques minutes D\u00e9couvrez des m\u00e9tabolites non d\u00e9tect\u00e9s par les exp\u00e9riences in-vivo et in-vitro. Acc\u00e8s aux m\u00e9tabolites et interm\u00e9diaires r\u00e9actifs de courte dur\u00e9e de vie R\u00e9actions de phase I et II en quelques minutes sans interactions biologiques Aper\u00e7u complet de la voie [&hellip;]\" \/>\n<meta property=\"og:url\" content=\"https:\/\/antecscientific.com\/fr\/marches\/metabolisme\/\" \/>\n<meta property=\"og:site_name\" content=\"Antec Scientific\" \/>\n<meta property=\"article:modified_time\" content=\"2023-05-01T20:31:27+00:00\" \/>\n<meta name=\"twitter:card\" content=\"summary_large_image\" \/>\n<meta name=\"twitter:label1\" content=\"Dur\u00e9e de lecture estim\u00e9e\" \/>\n\t<meta name=\"twitter:data1\" content=\"4 minutes\" \/>\n<script type=\"application\/ld+json\" class=\"yoast-schema-graph\">{\"@context\":\"https:\\\/\\\/schema.org\",\"@graph\":[{\"@type\":\"WebPage\",\"@id\":\"https:\\\/\\\/antecscientific.com\\\/fr\\\/marches\\\/metabolisme\\\/\",\"url\":\"https:\\\/\\\/antecscientific.com\\\/fr\\\/marches\\\/metabolisme\\\/\",\"name\":\"M\u00e9tabolisme - Antec Scientific\",\"isPartOf\":{\"@id\":\"https:\\\/\\\/antecscientific.com\\\/fr\\\/#website\"},\"datePublished\":\"2022-01-05T20:32:35+00:00\",\"dateModified\":\"2023-05-01T20:31:27+00:00\",\"breadcrumb\":{\"@id\":\"https:\\\/\\\/antecscientific.com\\\/fr\\\/marches\\\/metabolisme\\\/#breadcrumb\"},\"inLanguage\":\"fr-FR\",\"potentialAction\":[{\"@type\":\"ReadAction\",\"target\":[\"https:\\\/\\\/antecscientific.com\\\/fr\\\/marches\\\/metabolisme\\\/\"]}]},{\"@type\":\"BreadcrumbList\",\"@id\":\"https:\\\/\\\/antecscientific.com\\\/fr\\\/marches\\\/metabolisme\\\/#breadcrumb\",\"itemListElement\":[{\"@type\":\"ListItem\",\"position\":1,\"name\":\"March\u00e9s\",\"item\":\"https:\\\/\\\/antecscientific.com\\\/fr\\\/marches\\\/\"},{\"@type\":\"ListItem\",\"position\":2,\"name\":\"M\u00e9tabolisme\"}]},{\"@type\":\"WebSite\",\"@id\":\"https:\\\/\\\/antecscientific.com\\\/fr\\\/#website\",\"url\":\"https:\\\/\\\/antecscientific.com\\\/fr\\\/\",\"name\":\"Antec Scientific\",\"description\":\"Supporting research to improve quality of life\",\"potentialAction\":[{\"@type\":\"SearchAction\",\"target\":{\"@type\":\"EntryPoint\",\"urlTemplate\":\"https:\\\/\\\/antecscientific.com\\\/fr\\\/?s={search_term_string}\"},\"query-input\":{\"@type\":\"PropertyValueSpecification\",\"valueRequired\":true,\"valueName\":\"search_term_string\"}}],\"inLanguage\":\"fr-FR\"}]}<\/script>\n<!-- \/ Yoast SEO plugin. -->","yoast_head_json":{"title":"M\u00e9tabolisme - Antec Scientific","robots":{"index":"index","follow":"follow","max-snippet":"max-snippet:-1","max-image-preview":"max-image-preview:large","max-video-preview":"max-video-preview:-1"},"canonical":"https:\/\/antecscientific.com\/fr\/marches\/metabolisme\/","og_locale":"fr_FR","og_type":"article","og_title":"M\u00e9tabolisme - Antec Scientific","og_description":"M\u00e9tabolisme des m\u00e9dicaments\/X\u00e9nobiotiques Pr\u00e9dire jusqu'\u00e0 80 % de tous les m\u00e9tabolites d'un m\u00e9dicament en quelques minutes D\u00e9couvrez des m\u00e9tabolites non d\u00e9tect\u00e9s par les exp\u00e9riences in-vivo et in-vitro. Acc\u00e8s aux m\u00e9tabolites et interm\u00e9diaires r\u00e9actifs de courte dur\u00e9e de vie R\u00e9actions de phase I et II en quelques minutes sans interactions biologiques Aper\u00e7u complet de la voie [&hellip;]","og_url":"https:\/\/antecscientific.com\/fr\/marches\/metabolisme\/","og_site_name":"Antec Scientific","article_modified_time":"2023-05-01T20:31:27+00:00","twitter_card":"summary_large_image","twitter_misc":{"Dur\u00e9e de lecture estim\u00e9e":"4 minutes"},"schema":{"@context":"https:\/\/schema.org","@graph":[{"@type":"WebPage","@id":"https:\/\/antecscientific.com\/fr\/marches\/metabolisme\/","url":"https:\/\/antecscientific.com\/fr\/marches\/metabolisme\/","name":"M\u00e9tabolisme - Antec Scientific","isPartOf":{"@id":"https:\/\/antecscientific.com\/fr\/#website"},"datePublished":"2022-01-05T20:32:35+00:00","dateModified":"2023-05-01T20:31:27+00:00","breadcrumb":{"@id":"https:\/\/antecscientific.com\/fr\/marches\/metabolisme\/#breadcrumb"},"inLanguage":"fr-FR","potentialAction":[{"@type":"ReadAction","target":["https:\/\/antecscientific.com\/fr\/marches\/metabolisme\/"]}]},{"@type":"BreadcrumbList","@id":"https:\/\/antecscientific.com\/fr\/marches\/metabolisme\/#breadcrumb","itemListElement":[{"@type":"ListItem","position":1,"name":"March\u00e9s","item":"https:\/\/antecscientific.com\/fr\/marches\/"},{"@type":"ListItem","position":2,"name":"M\u00e9tabolisme"}]},{"@type":"WebSite","@id":"https:\/\/antecscientific.com\/fr\/#website","url":"https:\/\/antecscientific.com\/fr\/","name":"Antec Scientific","description":"Supporting research to improve quality of life","potentialAction":[{"@type":"SearchAction","target":{"@type":"EntryPoint","urlTemplate":"https:\/\/antecscientific.com\/fr\/?s={search_term_string}"},"query-input":{"@type":"PropertyValueSpecification","valueRequired":true,"valueName":"search_term_string"}}],"inLanguage":"fr-FR"}]}},"_links":{"self":[{"href":"https:\/\/antecscientific.com\/fr\/wp-json\/wp\/v2\/pages\/17952","targetHints":{"allow":["GET"]}}],"collection":[{"href":"https:\/\/antecscientific.com\/fr\/wp-json\/wp\/v2\/pages"}],"about":[{"href":"https:\/\/antecscientific.com\/fr\/wp-json\/wp\/v2\/types\/page"}],"author":[{"embeddable":true,"href":"https:\/\/antecscientific.com\/fr\/wp-json\/wp\/v2\/users\/3"}],"replies":[{"embeddable":true,"href":"https:\/\/antecscientific.com\/fr\/wp-json\/wp\/v2\/comments?post=17952"}],"version-history":[{"count":5,"href":"https:\/\/antecscientific.com\/fr\/wp-json\/wp\/v2\/pages\/17952\/revisions"}],"predecessor-version":[{"id":19412,"href":"https:\/\/antecscientific.com\/fr\/wp-json\/wp\/v2\/pages\/17952\/revisions\/19412"}],"up":[{"embeddable":true,"href":"https:\/\/antecscientific.com\/fr\/wp-json\/wp\/v2\/pages\/16795"}],"wp:attachment":[{"href":"https:\/\/antecscientific.com\/fr\/wp-json\/wp\/v2\/media?parent=17952"}],"curies":[{"name":"wp","href":"https:\/\/api.w.org\/{rel}","templated":true}]}}