{"id":17897,"date":"2022-09-10T11:20:15","date_gmt":"2022-09-10T11:20:15","guid":{"rendered":"https:\/\/antecscientific.com\/carrieres\/scientifique-charge-des-applications-hplc\/"},"modified":"2023-05-08T15:42:13","modified_gmt":"2023-05-08T15:42:13","slug":"scientifique-charge-des-applications-hplc","status":"publish","type":"page","link":"https:\/\/antecscientific.com\/fr\/a-propos-de\/carrieres\/scientifique-charge-des-applications-hplc\/","title":{"rendered":"Scientifique charg\u00e9 des applications HPLC"},"content":{"rendered":"<p>[et_pb_section fb_built=\u00a0\u00bb1&Prime; admin_label=\u00a0\u00bbHeader\u00a0\u00bb _builder_version=\u00a0\u00bb4.18.0&Prime; background_image=\u00a0\u00bbhttps:\/\/antecscientific.com\/wp-content\/uploads\/2022\/09\/11_img.jpg\u00a0\u00bb parallax=\u00a0\u00bbon\u00a0\u00bb custom_padding=\u00a0\u00bb2vw|0px|200px|0px|false|false\u00a0\u00bb collapsed=\u00a0\u00bbon\u00a0\u00bb global_colors_info=\u00a0\u00bb{}\u00a0\u00bb][et_pb_row _builder_version=\u00a0\u00bb4.16&Prime; global_colors_info=\u00a0\u00bb{}\u00a0\u00bb][et_pb_column type=\u00a0\u00bb4_4&Prime; _builder_version=\u00a0\u00bb4.16&Prime; custom_padding=\u00a0\u00bb|||\u00a0\u00bb global_colors_info=\u00a0\u00bb{}\u00a0\u00bb custom_padding__hover=\u00a0\u00bb|||\u00a0\u00bb][et_pb_text admin_label=\u00a0\u00bbBreadcrumbs (don&rsquo;t touch)\u00a0\u00bb _builder_version=\u00a0\u00bb4.16&Prime; text_font=\u00a0\u00bb|700|||||||\u00a0\u00bb text_text_color=\u00a0\u00bb#ffffff\u00a0\u00bb text_font_size=\u00a0\u00bb15px\u00a0\u00bb link_font=\u00a0\u00bb|700|||||||\u00a0\u00bb link_text_color=\u00a0\u00bb#ffffff\u00a0\u00bb link_font_size=\u00a0\u00bb15px\u00a0\u00bb global_colors_info=\u00a0\u00bb{}\u00a0\u00bb][\/et_pb_text][et_pb_text admin_label=\u00a0\u00bbBig page title (don&rsquo;t touch)\u00a0\u00bb _builder_version=\u00a0\u00bb4.16&Prime; _dynamic_attributes=\u00a0\u00bbcontent\u00a0\u00bb text_font=\u00a0\u00bb||||||||\u00a0\u00bb header_font=\u00a0\u00bb|700|||||||\u00a0\u00bb header_text_color=\u00a0\u00bb#ffffff\u00a0\u00bb header_font_size=\u00a0\u00bb80px\u00a0\u00bb header_line_height=\u00a0\u00bb1.2em\u00a0\u00bb header_5_font=\u00a0\u00bbRaleway|700||on|||||\u00a0\u00bb header_5_text_color=\u00a0\u00bb#000000&Prime; header_5_font_size=\u00a0\u00bb20px\u00a0\u00bb header_5_letter_spacing=\u00a0\u00bb0.5em\u00a0\u00bb header_5_line_height=\u00a0\u00bb1.8em\u00a0\u00bb animation_style=\u00a0\u00bbzoom\u00a0\u00bb animation_intensity_zoom=\u00a0\u00bb5%\u00a0\u00bb header_font_size_tablet=\u00a0\u00bb48px\u00a0\u00bb header_font_size_phone=\u00a0\u00bb32px\u00a0\u00bb header_font_size_last_edited=\u00a0\u00bbon|phone\u00a0\u00bb header_5_font_size_tablet=\u00a0\u00bb14px\u00a0\u00bb header_5_font_size_phone=\u00a0\u00bb12px\u00a0\u00bb header_5_font_size_last_edited=\u00a0\u00bbon|desktop\u00a0\u00bb global_colors_info=\u00a0\u00bb{}\u00a0\u00bb]@ET-DC@eyJkeW5hbWljIjp0cnVlLCJjb250ZW50IjoicG9zdF90aXRsZSIsInNldHRpbmdzIjp7ImJlZm9yZSI6IjxoMT4iLCJhZnRlciI6IjwvaDE+In19@[\/et_pb_text][\/et_pb_column][\/et_pb_row][\/et_pb_section][et_pb_section fb_built=\u00a0\u00bb1&Prime; admin_label=\u00a0\u00bbContent\u00a0\u00bb _builder_version=\u00a0\u00bb4.17.6&Prime; background_color=\u00a0\u00bb#ffffff\u00a0\u00bb max_width=\u00a0\u00bb90%\u00a0\u00bb max_width_tablet=\u00a0\u00bb\u00a0\u00bb max_width_phone=\u00a0\u00bb100%\u00a0\u00bb max_width_last_edited=\u00a0\u00bbon|phone\u00a0\u00bb custom_margin=\u00a0\u00bb-160px||0px||false|false\u00a0\u00bb custom_padding=\u00a0\u00bb||0px||false|false\u00a0\u00bb border_color_all=\u00a0\u00bb#ffffff\u00a0\u00bb border_width_left=\u00a0\u00bb10vw\u00a0\u00bb global_colors_info=\u00a0\u00bb{}\u00a0\u00bb][et_pb_row column_structure=\u00a0\u00bb2_3,1_3&Prime; custom_padding_last_edited=\u00a0\u00bbon|phone\u00a0\u00bb _builder_version=\u00a0\u00bb4.16&Prime; width=\u00a0\u00bbauto\u00a0\u00bb max_width=\u00a0\u00bbnone\u00a0\u00bb custom_padding=\u00a0\u00bb27px|0|27px|0px|false|false\u00a0\u00bb custom_padding_tablet=\u00a0\u00bb|0px||0px||true\u00a0\u00bb custom_padding_phone=\u00a0\u00bb|10%||0px|false|false\u00a0\u00bb locked=\u00a0\u00bboff\u00a0\u00bb global_colors_info=\u00a0\u00bb{}\u00a0\u00bb][et_pb_column type=\u00a0\u00bb2_3&Prime; _builder_version=\u00a0\u00bb4.16&Prime; custom_padding=\u00a0\u00bb|||\u00a0\u00bb global_colors_info=\u00a0\u00bb{}\u00a0\u00bb custom_padding__hover=\u00a0\u00bb|||\u00a0\u00bb][et_pb_text admin_label=\u00a0\u00bbSubtitle\u00a0\u00bb _builder_version=\u00a0\u00bb4.18.0&Prime; text_font=\u00a0\u00bb||||||||\u00a0\u00bb text_line_height=\u00a0\u00bb2em\u00a0\u00bb header_font=\u00a0\u00bb||||||||\u00a0\u00bb header_2_font=\u00a0\u00bb|600||on|||||\u00a0\u00bb header_2_text_color=\u00a0\u00bb#df0834&Prime; header_2_font_size=\u00a0\u00bb20px\u00a0\u00bb header_2_line_height=\u00a0\u00bb1.4em\u00a0\u00bb header_6_font=\u00a0\u00bb|700||on|||||\u00a0\u00bb header_6_font_size=\u00a0\u00bb16px\u00a0\u00bb header_6_letter_spacing=\u00a0\u00bb5px\u00a0\u00bb header_6_line_height=\u00a0\u00bb1.8em\u00a0\u00bb max_width=\u00a0\u00bb700px\u00a0\u00bb module_alignment=\u00a0\u00bbcenter\u00a0\u00bb custom_margin=\u00a0\u00bb||0px||false|false\u00a0\u00bb custom_padding=\u00a0\u00bb||0px||false|false\u00a0\u00bb header_2_font_size_tablet=\u00a0\u00bb25px\u00a0\u00bb header_2_font_size_phone=\u00a0\u00bb25px\u00a0\u00bb header_2_font_size_last_edited=\u00a0\u00bbon|phone\u00a0\u00bb global_colors_info=\u00a0\u00bb{}\u00a0\u00bb]<\/p>\n<h2>Description du poste &#8211; Scientifique charg\u00e9 des applications HPLC<\/h2>\n<p>[\/et_pb_text][et_pb_text admin_label=\u00a0\u00bbParagraph\u00a0\u00bb _builder_version=\u00a0\u00bb4.20.4&Prime; text_font=\u00a0\u00bb||||||||\u00a0\u00bb text_font_size=\u00a0\u00bb18px\u00a0\u00bb text_line_height=\u00a0\u00bb2em\u00a0\u00bb header_font=\u00a0\u00bb||||||||\u00a0\u00bb header_2_font=\u00a0\u00bbRaleway|700|||||||\u00a0\u00bb header_2_font_size=\u00a0\u00bb50px\u00a0\u00bb header_2_line_height=\u00a0\u00bb1.4em\u00a0\u00bb header_6_font=\u00a0\u00bbRaleway|700||on|||||\u00a0\u00bb header_6_font_size=\u00a0\u00bb16px\u00a0\u00bb header_6_letter_spacing=\u00a0\u00bb5px\u00a0\u00bb header_6_line_height=\u00a0\u00bb1.8em\u00a0\u00bb text_orientation=\u00a0\u00bbjustified\u00a0\u00bb max_width=\u00a0\u00bb700px\u00a0\u00bb module_alignment=\u00a0\u00bbcenter\u00a0\u00bb custom_margin=\u00a0\u00bb0px||||false|false\u00a0\u00bb custom_padding=\u00a0\u00bb0px||||false|false\u00a0\u00bb hover_enabled=\u00a0\u00bb0&Prime; header_2_font_size_tablet=\u00a0\u00bb35px\u00a0\u00bb header_2_font_size_phone=\u00a0\u00bb25px\u00a0\u00bb header_2_font_size_last_edited=\u00a0\u00bbon|phone\u00a0\u00bb text_orientation_tablet=\u00a0\u00bb\u00a0\u00bb text_orientation_phone=\u00a0\u00bbleft\u00a0\u00bb text_orientation_last_edited=\u00a0\u00bbon|desktop\u00a0\u00bb global_colors_info=\u00a0\u00bb{}\u00a0\u00bb sticky_enabled=\u00a0\u00bb0&Prime;]<\/p>\n<p>Nous recherchons un <strong>scientifique d&rsquo;application<\/strong> pour notre laboratoire HPLC \u00e0 Alphen a\/d Rijn, avec une exp\u00e9rience en chimie analytique. Le candidat retenu d\u00e9veloppera des m\u00e9thodes analytiques utilisant la HPLC avec d\u00e9tection \u00e9lectrochimique et des r\u00e9acteurs pour l&rsquo;\u00e9lectrochimie-MS. Vous assisterez \u00e9galement nos clients en mati\u00e8re de formation, d&rsquo;installation et de d\u00e9fis r\u00e9els. Nos scientifiques travaillent en \u00e9troite collaboration avec notre \u00e9quipe de vente, en \u00e9laborant des solutions et en fournissant des informations techniques afin d&rsquo;am\u00e9liorer la r\u00e9ussite de nos clients.<\/p>\n<p>&nbsp;<\/p>\n<h3><strong>Activit\u00e9s professionnelles<\/strong><\/h3>\n<ul>\n<li>D\u00e9veloppement et validation de nouvelles m\u00e9thodes analytiques<\/li>\n<li>Test des prototypes et des logiciels<\/li>\n<li>R\u00e9daction de publications scientifiques et de notes d&rsquo;application<\/li>\n<li>Assister les clients, r\u00e9pondre aux questions<\/li>\n<li>Assurer les formations et l&rsquo;\u00e9ducation pendant les installations sur le site du client.<\/li>\n<\/ul>\n<p>&nbsp;<\/p>\n<h3><strong>Votre profil<\/strong><\/h3>\n<ul>\n<li>Ma\u00eetrise en chimie analytique ou dans un domaine connexe.<\/li>\n<li>Exp\u00e9rience avec HPLC<\/li>\n<li>La connaissance des BPL, des BPF et de la pharmacop\u00e9e est un atout.<\/li>\n<li>Bon communicateur, clair et ax\u00e9 sur le client.<\/li>\n<li>Bonne capacit\u00e9 \u00e0 r\u00e9soudre les probl\u00e8mes<\/li>\n<li>Excellentes comp\u00e9tences \u00e9crites et orales en anglais<\/li>\n<\/ul>\n<p>&nbsp;<\/p>\n<h3><strong>Nous vous offrons<\/strong><\/h3>\n<ul>\n<li>Emploi \u00e0 temps plein (perspective d&rsquo;une nomination permanente)<\/li>\n<li>Salaire comp\u00e9titif, en fonction de l&rsquo;exp\u00e9rience<\/li>\n<li>Budget suppl\u00e9mentaire pour le d\u00e9veloppement personnel\/la formation<\/li>\n<li>Frais de voyage, ou carte de visite OV<\/li>\n<li>24 jours de vacances (extensibles \u00e0 35 jours)<\/li>\n<\/ul>\n<p>&nbsp;<\/p>\n<h3><strong>Qui est Antec Scientific ?<\/strong><\/h3>\n<p>Depuis plus de 32 ans, Antec Scientific est le premier fournisseur mondial d&rsquo;analyseurs et de r\u00e9acteurs \u00e9lectrochimiques pour HPLC et MS. Nos instruments sont utilis\u00e9s dans la recherche, le diagnostic et le contr\u00f4le qualit\u00e9. Des applications valid\u00e9es pour la neurochimie, l&rsquo;analyse environnementale, alimentaire, clinique et pharmaceutique ont \u00e9t\u00e9 d\u00e9velopp\u00e9es avec succ\u00e8s gr\u00e2ce aux syst\u00e8mes ALEXYS LC-EC. Le couplage en ligne de l&rsquo;\u00e9lectrochimie (EC) avec la LC\/MS a montr\u00e9 un grand potentiel pour l&rsquo;\u00e9tude du m\u00e9tabolisme des m\u00e9dicaments et de l&rsquo;ing\u00e9nierie des prot\u00e9ines. Nos clients sont des h\u00f4pitaux, des universit\u00e9s, des entreprises pharmaceutiques, des fabricants de produits alimentaires et des laboratoires de recherche du monde entier. Le si\u00e8ge social d&rsquo;Antec se trouve aux Pays-Bas, avec une filiale \u00e0 Boston, aux \u00c9tats-Unis.<\/p>\n<p>&nbsp;<\/p>\n<h3><strong>Comment postuler<\/strong><\/h3>\n<p>Envoyez votre candidature accompagn\u00e9e d&rsquo;un curriculum vitae \u00e0 <a href=\"mailto:careers@antecscientific.com\">careers@antecscientific.com<\/a> au Dr. N.J. Reinhoud.<\/p>\n<p>[\/et_pb_text][\/et_pb_column][et_pb_column type=\u00a0\u00bb1_3&Prime; _builder_version=\u00a0\u00bb4.16&Prime; custom_padding=\u00a0\u00bb5%|5%|||false|false\u00a0\u00bb global_colors_info=\u00a0\u00bb{}\u00a0\u00bb custom_padding__hover=\u00a0\u00bb|||\u00a0\u00bb][et_pb_image src=\u00a0\u00bbhttps:\/\/antecscientific.com\/wp-content\/uploads\/2022\/09\/shutterstock_2175407917-300&#215;200.jpg\u00a0\u00bb title_text=\u00a0\u00bbHomme,et,femme,partenaires,portant,l&rsquo;uniforme,scientifique,debout,avec,les,bras\u00a0\u00bb _builder_version=\u00a0\u00bb4.18.0&Prime; _module_preset=\u00a0\u00bbdefault\u00a0\u00bb locked=\u00a0\u00bboff\u00a0\u00bb global_colors_info=\u00a0\u00bb{}\u00a0\u00bb][\/et_pb_image][et_pb_button button_url=\u00a0\u00bbmailto:careers@antecscientific.com\u00a0\u00bb button_text=\u00a0\u00bbPostulez maintenant !\u00a0\u00bb button_alignment=\u00a0\u00bbcenter\u00a0\u00bb _builder_version=\u00a0\u00bb4.18.0&Prime; _module_preset=\u00a0\u00bbdefault\u00a0\u00bb global_colors_info=\u00a0\u00bb{}\u00a0\u00bb][\/et_pb_button][\/et_pb_column][\/et_pb_row][\/et_pb_section]<\/p>\n","protected":false},"excerpt":{"rendered":"<p>Description du poste &#8211; Scientifique charg\u00e9 des applications HPLCNous recherchons un scientifique d&rsquo;application pour notre laboratoire HPLC \u00e0 Alphen a\/d Rijn, avec une exp\u00e9rience en chimie analytique. Le candidat retenu d\u00e9veloppera des m\u00e9thodes analytiques utilisant la HPLC avec d\u00e9tection \u00e9lectrochimique et des r\u00e9acteurs pour l&rsquo;\u00e9lectrochimie-MS. Vous assisterez \u00e9galement nos clients en mati\u00e8re de formation, d&rsquo;installation [&hellip;]<\/p>\n","protected":false},"author":3,"featured_media":0,"parent":17141,"menu_order":0,"comment_status":"closed","ping_status":"closed","template":"","meta":{"_et_pb_use_builder":"on","_et_pb_old_content":"","_et_gb_content_width":"","footnotes":""},"class_list":["post-17897","page","type-page","status-publish","hentry"],"yoast_head":"<!-- This site is optimized with the Yoast SEO plugin v27.4 - https:\/\/yoast.com\/product\/yoast-seo-wordpress\/ -->\n<title>Scientifique charg\u00e9 des applications HPLC - Antec Scientific<\/title>\n<meta name=\"description\" content=\"Nous recherchons un chercheur pour notre laboratoire d&#039;application \u00e0 Alphen a\/d Rijn, avec une exp\u00e9rience en chimie analytique.\" \/>\n<meta name=\"robots\" content=\"index, follow, max-snippet:-1, max-image-preview:large, max-video-preview:-1\" \/>\n<link rel=\"canonical\" href=\"https:\/\/antecscientific.com\/fr\/a-propos-de\/carrieres\/scientifique-charge-des-applications-hplc\/\" \/>\n<meta property=\"og:locale\" content=\"fr_FR\" \/>\n<meta property=\"og:type\" content=\"article\" \/>\n<meta property=\"og:title\" content=\"Scientifique charg\u00e9 des applications HPLC - Antec Scientific\" \/>\n<meta property=\"og:description\" content=\"Nous recherchons un chercheur pour notre laboratoire d&#039;application \u00e0 Alphen a\/d Rijn, avec une exp\u00e9rience en chimie analytique.\" \/>\n<meta property=\"og:url\" content=\"https:\/\/antecscientific.com\/fr\/a-propos-de\/carrieres\/scientifique-charge-des-applications-hplc\/\" \/>\n<meta property=\"og:site_name\" content=\"Antec Scientific\" \/>\n<meta property=\"article:modified_time\" content=\"2023-05-08T15:42:13+00:00\" \/>\n<meta name=\"twitter:card\" content=\"summary_large_image\" \/>\n<meta name=\"twitter:label1\" content=\"Dur\u00e9e de lecture estim\u00e9e\" \/>\n\t<meta name=\"twitter:data1\" content=\"3 minutes\" \/>\n<script type=\"application\/ld+json\" class=\"yoast-schema-graph\">{\"@context\":\"https:\\\/\\\/schema.org\",\"@graph\":[{\"@type\":\"WebPage\",\"@id\":\"https:\\\/\\\/antecscientific.com\\\/fr\\\/a-propos-de\\\/carrieres\\\/scientifique-charge-des-applications-hplc\\\/\",\"url\":\"https:\\\/\\\/antecscientific.com\\\/fr\\\/a-propos-de\\\/carrieres\\\/scientifique-charge-des-applications-hplc\\\/\",\"name\":\"Scientifique charg\u00e9 des applications HPLC - Antec Scientific\",\"isPartOf\":{\"@id\":\"https:\\\/\\\/antecscientific.com\\\/fr\\\/#website\"},\"datePublished\":\"2022-09-10T11:20:15+00:00\",\"dateModified\":\"2023-05-08T15:42:13+00:00\",\"description\":\"Nous recherchons un chercheur pour notre laboratoire d'application \u00e0 Alphen a\\\/d Rijn, avec une exp\u00e9rience en chimie analytique.\",\"breadcrumb\":{\"@id\":\"https:\\\/\\\/antecscientific.com\\\/fr\\\/a-propos-de\\\/carrieres\\\/scientifique-charge-des-applications-hplc\\\/#breadcrumb\"},\"inLanguage\":\"fr-FR\",\"potentialAction\":[{\"@type\":\"ReadAction\",\"target\":[\"https:\\\/\\\/antecscientific.com\\\/fr\\\/a-propos-de\\\/carrieres\\\/scientifique-charge-des-applications-hplc\\\/\"]}]},{\"@type\":\"BreadcrumbList\",\"@id\":\"https:\\\/\\\/antecscientific.com\\\/fr\\\/a-propos-de\\\/carrieres\\\/scientifique-charge-des-applications-hplc\\\/#breadcrumb\",\"itemListElement\":[{\"@type\":\"ListItem\",\"position\":1,\"name\":\"\u00c0 propos de\",\"item\":\"https:\\\/\\\/antecscientific.com\\\/fr\\\/a-propos-de\\\/\"},{\"@type\":\"ListItem\",\"position\":2,\"name\":\"Carri\u00e8res\",\"item\":\"https:\\\/\\\/antecscientific.com\\\/fr\\\/a-propos-de\\\/carrieres\\\/\"},{\"@type\":\"ListItem\",\"position\":3,\"name\":\"Scientifique charg\u00e9 des applications HPLC\"}]},{\"@type\":\"WebSite\",\"@id\":\"https:\\\/\\\/antecscientific.com\\\/fr\\\/#website\",\"url\":\"https:\\\/\\\/antecscientific.com\\\/fr\\\/\",\"name\":\"Antec Scientific\",\"description\":\"Supporting research to improve quality of life\",\"potentialAction\":[{\"@type\":\"SearchAction\",\"target\":{\"@type\":\"EntryPoint\",\"urlTemplate\":\"https:\\\/\\\/antecscientific.com\\\/fr\\\/?s={search_term_string}\"},\"query-input\":{\"@type\":\"PropertyValueSpecification\",\"valueRequired\":true,\"valueName\":\"search_term_string\"}}],\"inLanguage\":\"fr-FR\"}]}<\/script>\n<!-- \/ Yoast SEO plugin. -->","yoast_head_json":{"title":"Scientifique charg\u00e9 des applications HPLC - Antec Scientific","description":"Nous recherchons un chercheur pour notre laboratoire d'application \u00e0 Alphen a\/d Rijn, avec une exp\u00e9rience en chimie analytique.","robots":{"index":"index","follow":"follow","max-snippet":"max-snippet:-1","max-image-preview":"max-image-preview:large","max-video-preview":"max-video-preview:-1"},"canonical":"https:\/\/antecscientific.com\/fr\/a-propos-de\/carrieres\/scientifique-charge-des-applications-hplc\/","og_locale":"fr_FR","og_type":"article","og_title":"Scientifique charg\u00e9 des applications HPLC - Antec Scientific","og_description":"Nous recherchons un chercheur pour notre laboratoire d'application \u00e0 Alphen a\/d Rijn, avec une exp\u00e9rience en chimie analytique.","og_url":"https:\/\/antecscientific.com\/fr\/a-propos-de\/carrieres\/scientifique-charge-des-applications-hplc\/","og_site_name":"Antec Scientific","article_modified_time":"2023-05-08T15:42:13+00:00","twitter_card":"summary_large_image","twitter_misc":{"Dur\u00e9e de lecture estim\u00e9e":"3 minutes"},"schema":{"@context":"https:\/\/schema.org","@graph":[{"@type":"WebPage","@id":"https:\/\/antecscientific.com\/fr\/a-propos-de\/carrieres\/scientifique-charge-des-applications-hplc\/","url":"https:\/\/antecscientific.com\/fr\/a-propos-de\/carrieres\/scientifique-charge-des-applications-hplc\/","name":"Scientifique charg\u00e9 des applications HPLC - Antec Scientific","isPartOf":{"@id":"https:\/\/antecscientific.com\/fr\/#website"},"datePublished":"2022-09-10T11:20:15+00:00","dateModified":"2023-05-08T15:42:13+00:00","description":"Nous recherchons un chercheur pour notre laboratoire d'application \u00e0 Alphen a\/d Rijn, avec une exp\u00e9rience en chimie analytique.","breadcrumb":{"@id":"https:\/\/antecscientific.com\/fr\/a-propos-de\/carrieres\/scientifique-charge-des-applications-hplc\/#breadcrumb"},"inLanguage":"fr-FR","potentialAction":[{"@type":"ReadAction","target":["https:\/\/antecscientific.com\/fr\/a-propos-de\/carrieres\/scientifique-charge-des-applications-hplc\/"]}]},{"@type":"BreadcrumbList","@id":"https:\/\/antecscientific.com\/fr\/a-propos-de\/carrieres\/scientifique-charge-des-applications-hplc\/#breadcrumb","itemListElement":[{"@type":"ListItem","position":1,"name":"\u00c0 propos de","item":"https:\/\/antecscientific.com\/fr\/a-propos-de\/"},{"@type":"ListItem","position":2,"name":"Carri\u00e8res","item":"https:\/\/antecscientific.com\/fr\/a-propos-de\/carrieres\/"},{"@type":"ListItem","position":3,"name":"Scientifique charg\u00e9 des applications HPLC"}]},{"@type":"WebSite","@id":"https:\/\/antecscientific.com\/fr\/#website","url":"https:\/\/antecscientific.com\/fr\/","name":"Antec Scientific","description":"Supporting research to improve quality of life","potentialAction":[{"@type":"SearchAction","target":{"@type":"EntryPoint","urlTemplate":"https:\/\/antecscientific.com\/fr\/?s={search_term_string}"},"query-input":{"@type":"PropertyValueSpecification","valueRequired":true,"valueName":"search_term_string"}}],"inLanguage":"fr-FR"}]}},"_links":{"self":[{"href":"https:\/\/antecscientific.com\/fr\/wp-json\/wp\/v2\/pages\/17897","targetHints":{"allow":["GET"]}}],"collection":[{"href":"https:\/\/antecscientific.com\/fr\/wp-json\/wp\/v2\/pages"}],"about":[{"href":"https:\/\/antecscientific.com\/fr\/wp-json\/wp\/v2\/types\/page"}],"author":[{"embeddable":true,"href":"https:\/\/antecscientific.com\/fr\/wp-json\/wp\/v2\/users\/3"}],"replies":[{"embeddable":true,"href":"https:\/\/antecscientific.com\/fr\/wp-json\/wp\/v2\/comments?post=17897"}],"version-history":[{"count":11,"href":"https:\/\/antecscientific.com\/fr\/wp-json\/wp\/v2\/pages\/17897\/revisions"}],"predecessor-version":[{"id":19936,"href":"https:\/\/antecscientific.com\/fr\/wp-json\/wp\/v2\/pages\/17897\/revisions\/19936"}],"up":[{"embeddable":true,"href":"https:\/\/antecscientific.com\/fr\/wp-json\/wp\/v2\/pages\/17141"}],"wp:attachment":[{"href":"https:\/\/antecscientific.com\/fr\/wp-json\/wp\/v2\/media?parent=17897"}],"curies":[{"name":"wp","href":"https:\/\/api.w.org\/{rel}","templated":true}]}}