{"id":17857,"date":"2022-11-28T21:24:11","date_gmt":"2022-11-28T21:24:11","guid":{"rendered":"https:\/\/antecscientific.com\/neuroscience\/reunion-sur-les-neurosciences-2022\/"},"modified":"2023-02-06T13:22:53","modified_gmt":"2023-02-06T13:22:53","slug":"reunion-sur-les-neurosciences-2022","status":"publish","type":"page","link":"https:\/\/antecscientific.com\/fr\/marches\/neuroscience\/reunion-sur-les-neurosciences-2022\/","title":{"rendered":"R\u00e9union sur les neurosciences 2022"},"content":{"rendered":"<p>[et_pb_section fb_built=\u00a0\u00bb1&Prime; admin_label=\u00a0\u00bbHeader\u00a0\u00bb _builder_version=\u00a0\u00bb4.19.1&Prime; background_image=\u00a0\u00bbhttps:\/\/antecscientific.com\/wp-content\/uploads\/2020\/10\/markets_neuro.jpg\u00a0\u00bb parallax=\u00a0\u00bbon\u00a0\u00bb custom_padding=\u00a0\u00bb2vw|0px|200px|0px|false|false\u00a0\u00bb global_colors_info=\u00a0\u00bb{}\u00a0\u00bb][et_pb_row _builder_version=\u00a0\u00bb4.16&Prime; collapsed=\u00a0\u00bbon\u00a0\u00bb global_colors_info=\u00a0\u00bb{}\u00a0\u00bb][et_pb_column type=\u00a0\u00bb4_4&Prime; _builder_version=\u00a0\u00bb4.16&Prime; custom_padding=\u00a0\u00bb|||\u00a0\u00bb global_colors_info=\u00a0\u00bb{}\u00a0\u00bb custom_padding__hover=\u00a0\u00bb|||\u00a0\u00bb][et_pb_text admin_label=\u00a0\u00bbBreadcrumbs (don&rsquo;t touch)\u00a0\u00bb _builder_version=\u00a0\u00bb4.16&Prime; text_font=\u00a0\u00bb|700|||||||\u00a0\u00bb text_text_color=\u00a0\u00bb#ffffff\u00a0\u00bb text_font_size=\u00a0\u00bb15px\u00a0\u00bb link_font=\u00a0\u00bb|700|||||||\u00a0\u00bb link_text_color=\u00a0\u00bb#ffffff\u00a0\u00bb link_font_size=\u00a0\u00bb15px\u00a0\u00bb global_colors_info=\u00a0\u00bb{}\u00a0\u00bb][\/et_pb_text][et_pb_text admin_label=\u00a0\u00bbBig page title (don&rsquo;t touch)\u00a0\u00bb _builder_version=\u00a0\u00bb4.16&Prime; _dynamic_attributes=\u00a0\u00bbcontent\u00a0\u00bb text_font=\u00a0\u00bb||||||||\u00a0\u00bb header_font=\u00a0\u00bb|700|||||||\u00a0\u00bb header_text_color=\u00a0\u00bb#ffffff\u00a0\u00bb header_font_size=\u00a0\u00bb80px\u00a0\u00bb header_line_height=\u00a0\u00bb1.2em\u00a0\u00bb header_5_font=\u00a0\u00bbRaleway|700||on|||||\u00a0\u00bb header_5_text_color=\u00a0\u00bb#000000&Prime; header_5_font_size=\u00a0\u00bb20px\u00a0\u00bb header_5_letter_spacing=\u00a0\u00bb0.5em\u00a0\u00bb header_5_line_height=\u00a0\u00bb1.8em\u00a0\u00bb animation_style=\u00a0\u00bbzoom\u00a0\u00bb animation_intensity_zoom=\u00a0\u00bb5%\u00a0\u00bb header_font_size_tablet=\u00a0\u00bb48px\u00a0\u00bb header_font_size_phone=\u00a0\u00bb32px\u00a0\u00bb header_font_size_last_edited=\u00a0\u00bbon|phone\u00a0\u00bb header_5_font_size_tablet=\u00a0\u00bb14px\u00a0\u00bb header_5_font_size_phone=\u00a0\u00bb12px\u00a0\u00bb header_5_font_size_last_edited=\u00a0\u00bbon|desktop\u00a0\u00bb global_colors_info=\u00a0\u00bb{}\u00a0\u00bb]@ET-DC@eyJkeW5hbWljIjp0cnVlLCJjb250ZW50IjoicG9zdF90aXRsZSIsInNldHRpbmdzIjp7ImJlZm9yZSI6IjxoMT4iLCJhZnRlciI6IjxcL2gxPiJ9fQ==@[\/et_pb_text][\/et_pb_column][\/et_pb_row][\/et_pb_section][et_pb_section fb_built=\u00a0\u00bb1&Prime; admin_label=\u00a0\u00bbContent\u00a0\u00bb _builder_version=\u00a0\u00bb4.16&Prime; background_color=\u00a0\u00bb#ffffff\u00a0\u00bb max_width=\u00a0\u00bb90%\u00a0\u00bb max_width_tablet=\u00a0\u00bb\u00a0\u00bb max_width_phone=\u00a0\u00bb100%\u00a0\u00bb max_width_last_edited=\u00a0\u00bbon|phone\u00a0\u00bb custom_margin=\u00a0\u00bb-160px||0px||false|false\u00a0\u00bb custom_padding=\u00a0\u00bb||0px||false|false\u00a0\u00bb border_color_all=\u00a0\u00bb#ffffff\u00a0\u00bb border_width_left=\u00a0\u00bb10vw\u00a0\u00bb global_colors_info=\u00a0\u00bb{}\u00a0\u00bb][et_pb_row column_structure=\u00a0\u00bb2_3,1_3&Prime; custom_padding_last_edited=\u00a0\u00bbon|phone\u00a0\u00bb _builder_version=\u00a0\u00bb4.16&Prime; width=\u00a0\u00bbauto\u00a0\u00bb max_width=\u00a0\u00bbnone\u00a0\u00bb custom_margin_tablet=\u00a0\u00bb\u00a0\u00bb custom_margin_phone=\u00a0\u00bb\u00a0\u00bb custom_margin_last_edited=\u00a0\u00bbon|phone\u00a0\u00bb custom_padding=\u00a0\u00bb27px|0|27px|0px|false|false\u00a0\u00bb custom_padding_tablet=\u00a0\u00bb|0px||0px||true\u00a0\u00bb custom_padding_phone=\u00a0\u00bb|10%||0px|false|false\u00a0\u00bb border_radii_tablet=\u00a0\u00bb\u00a0\u00bb border_radii_phone=\u00a0\u00bb\u00a0\u00bb border_radii_last_edited=\u00a0\u00bbon|phone\u00a0\u00bb global_colors_info=\u00a0\u00bb{}\u00a0\u00bb][et_pb_column type=\u00a0\u00bb2_3&Prime; _builder_version=\u00a0\u00bb4.16&Prime; custom_padding=\u00a0\u00bb|||\u00a0\u00bb global_colors_info=\u00a0\u00bb{}\u00a0\u00bb custom_padding__hover=\u00a0\u00bb|||\u00a0\u00bb][et_pb_text admin_label=\u00a0\u00bbSubtitle\u00a0\u00bb _builder_version=\u00a0\u00bb4.19.1&Prime; text_font=\u00a0\u00bb||||||||\u00a0\u00bb text_font_size=\u00a0\u00bb16px\u00a0\u00bb text_line_height=\u00a0\u00bb2em\u00a0\u00bb header_font=\u00a0\u00bb||||||||\u00a0\u00bb header_2_font=\u00a0\u00bb|600||on|||||\u00a0\u00bb header_2_text_color=\u00a0\u00bb#df0834&Prime; header_2_font_size=\u00a0\u00bb20px\u00a0\u00bb header_2_line_height=\u00a0\u00bb1.4em\u00a0\u00bb header_6_font=\u00a0\u00bb|700||on|||||\u00a0\u00bb header_6_font_size=\u00a0\u00bb16px\u00a0\u00bb header_6_letter_spacing=\u00a0\u00bb5px\u00a0\u00bb header_6_line_height=\u00a0\u00bb1.8em\u00a0\u00bb max_width=\u00a0\u00bb700px\u00a0\u00bb module_alignment=\u00a0\u00bbcenter\u00a0\u00bb custom_margin=\u00a0\u00bb||0px||false|false\u00a0\u00bb custom_padding=\u00a0\u00bb||0px||false|false\u00a0\u00bb header_2_font_size_tablet=\u00a0\u00bb25px\u00a0\u00bb header_2_font_size_phone=\u00a0\u00bb25px\u00a0\u00bb header_2_font_size_last_edited=\u00a0\u00bbon|phone\u00a0\u00bb global_colors_info=\u00a0\u00bb{}\u00a0\u00bb]<\/p>\n<h2>Affiches et notes d&rsquo;application<\/h2>\n<p>[\/et_pb_text][et_pb_text admin_label=\u00a0\u00bbParagraph\u00a0\u00bb _builder_version=\u00a0\u00bb4.19.1&Prime; text_font=\u00a0\u00bb||||||||\u00a0\u00bb text_font_size=\u00a0\u00bb18px\u00a0\u00bb text_line_height=\u00a0\u00bb2em\u00a0\u00bb header_font=\u00a0\u00bb||||||||\u00a0\u00bb header_2_font=\u00a0\u00bbRaleway|700|||||||\u00a0\u00bb header_2_font_size=\u00a0\u00bb50px\u00a0\u00bb header_2_line_height=\u00a0\u00bb1.4em\u00a0\u00bb header_6_font=\u00a0\u00bbRaleway|700||on|||||\u00a0\u00bb header_6_font_size=\u00a0\u00bb16px\u00a0\u00bb header_6_letter_spacing=\u00a0\u00bb5px\u00a0\u00bb header_6_line_height=\u00a0\u00bb1.8em\u00a0\u00bb text_orientation=\u00a0\u00bbjustified\u00a0\u00bb max_width=\u00a0\u00bb700px\u00a0\u00bb module_alignment=\u00a0\u00bbcenter\u00a0\u00bb custom_margin=\u00a0\u00bb0px||||false|false\u00a0\u00bb custom_padding=\u00a0\u00bb0px||||false|false\u00a0\u00bb header_2_font_size_tablet=\u00a0\u00bb35px\u00a0\u00bb header_2_font_size_phone=\u00a0\u00bb25px\u00a0\u00bb header_2_font_size_last_edited=\u00a0\u00bbon|phone\u00a0\u00bb global_colors_info=\u00a0\u00bb{}\u00a0\u00bb]<\/p>\n<p>Cliquez sur les liens ci-dessous pour t\u00e9l\u00e9charger les affiches pr\u00e9sent\u00e9es \u00e0 la r\u00e9union de Neuroscience \u00e0 San Diego, 2022.<\/p>\n<p>&nbsp;<\/p>\n<h4>T\u00e9l\u00e9charger les affiches<\/h4>\n<ul>\n<li><a href=\"\/download\/168\/neuroscience-2022\/13345\/221_256_01-monoamines-metabolites-in-brain-tissue-and-csf-sfn-2022\">L&rsquo;utilisation de la UHPLC-ECD microbore comme outil d&rsquo;analyse des neurotransmetteurs et des m\u00e9tabolites des monoamines dans la recherche sur les maladies neurod\u00e9g\u00e9n\u00e9ratives<\/a><\/li>\n<li><a href=\"\/download\/168\/neuroscience-2022\/13343\/221_258_01-ach-analysis-sfn-2022\">Am\u00e9lioration r\u00e9cente de l&rsquo;analyse des niveaux d&rsquo;ac\u00e9tylcholine dans le cerveau<\/a><\/li>\n<li><a href=\"\/download\/168\/neuroscience-2022\/13344\/221_255_01-automated-analysis-of-gaba-glutamate-sfn-2022\">Analyse automatis\u00e9e de l&rsquo;acide \u03b3-aminobutyrique (GABA) et du glutamate dans des \u00e9chantillons de microdialysat \u00e0 l&rsquo;aide d&rsquo;un r\u00e9actif OPA-sulfite en pr\u00e9colonne, d&rsquo;une s\u00e9paration UHPLC et d&rsquo;une d\u00e9tection \u00e9lectrochimique.<\/a><\/li>\n<\/ul>\n<h4> <\/h4>\n<h4>T\u00e9l\u00e9charger les notes d&rsquo;application<\/h4>\n<ul>\n<li><a href=\"\/download\/152\/application-notebooks\/11779\/213_070-application-notebook-neurotransmitters\">Livre de notes d&rsquo;application sur les neurotransmetteurs (ALEXYS)<\/a><\/li>\n<li><a href=\"\/download\/13\/neurotransmitter-applications\/1198\/213_023-acetylcholine-and-choline\">Ac\u00e9tylcholine<\/a><\/li>\n<li><a href=\"\/download\/13\/neurotransmitter-applications\/1194\/213_028-monoamines-and-metabolites\">Monoamines et m\u00e9tabolites<\/a><\/li>\n<li><a href=\"\/download\/13\/neurotransmitter-applications\/1195\/213_020-gaba-and-glutamate\">GABA et Glutamate<\/a><\/li>\n<\/ul>\n<h4> <\/h4>\n<h4>Lien vers les pages des instruments<\/h4>\n<ul>\n<li><a href=\"https:\/\/antecscientific.com\/fr\/decade-elite\/\">D\u00e9tecteur \u00e9lectrochimique : DECADE Elite<\/a><\/li>\n<li><a href=\"https:\/\/antecscientific.com\/fr\/cellules-decoulement\/sencell\/\">Flowcell : SenCell<\/a><\/li>\n<li><a href=\"https:\/\/antecscientific.com\/fr\/instruments\/analyseurs-alexys\/\">UHPLC : Analyseur de neurotransmetteurs ALEXYS<\/a><\/li>\n<\/ul>\n<p>[\/et_pb_text][\/et_pb_column][et_pb_column type=\u00a0\u00bb1_3&Prime; _builder_version=\u00a0\u00bb4.16&Prime; custom_padding=\u00a0\u00bb5%|5%|||false|false\u00a0\u00bb global_colors_info=\u00a0\u00bb{}\u00a0\u00bb custom_padding__hover=\u00a0\u00bb|||\u00a0\u00bb][et_pb_image src=\u00a0\u00bbhttps:\/\/antecscientific.com\/wp-content\/uploads\/2022\/10\/neuroscience-2022-1-300&#215;187.png\u00a0\u00bb title_text=\u00a0\u00bbneurosciences 2022-1&Prime; _builder_version=\u00a0\u00bb4.19.1&Prime; _module_preset=\u00a0\u00bbdefault\u00a0\u00bb global_colors_info=\u00a0\u00bb{}\u00a0\u00bb][\/et_pb_image][\/et_pb_column][\/et_pb_row][\/et_pb_section]<\/p>\n","protected":false},"excerpt":{"rendered":"<p>Affiches et notes d&rsquo;applicationCliquez sur les liens ci-dessous pour t\u00e9l\u00e9charger les affiches pr\u00e9sent\u00e9es \u00e0 la r\u00e9union de Neuroscience \u00e0 San Diego, 2022. &nbsp; T\u00e9l\u00e9charger les affiches L&rsquo;utilisation de la UHPLC-ECD microbore comme outil d&rsquo;analyse des neurotransmetteurs et des m\u00e9tabolites des monoamines dans la recherche sur les maladies neurod\u00e9g\u00e9n\u00e9ratives Am\u00e9lioration r\u00e9cente de l&rsquo;analyse des niveaux d&rsquo;ac\u00e9tylcholine [&hellip;]<\/p>\n","protected":false},"author":3,"featured_media":0,"parent":16718,"menu_order":0,"comment_status":"closed","ping_status":"closed","template":"","meta":{"_et_pb_use_builder":"on","_et_pb_old_content":"","_et_gb_content_width":"","footnotes":""},"class_list":["post-17857","page","type-page","status-publish","hentry"],"yoast_head":"<!-- This site is optimized with the Yoast SEO plugin v27.4 - https:\/\/yoast.com\/product\/yoast-seo-wordpress\/ -->\n<title>R\u00e9union sur les neurosciences 2022 - Antec Scientific<\/title>\n<meta name=\"robots\" content=\"index, follow, max-snippet:-1, max-image-preview:large, max-video-preview:-1\" \/>\n<link rel=\"canonical\" href=\"https:\/\/antecscientific.com\/fr\/marches\/neuroscience\/reunion-sur-les-neurosciences-2022\/\" \/>\n<meta property=\"og:locale\" content=\"fr_FR\" \/>\n<meta property=\"og:type\" content=\"article\" \/>\n<meta property=\"og:title\" content=\"R\u00e9union sur les neurosciences 2022 - Antec Scientific\" \/>\n<meta property=\"og:description\" content=\"Affiches et notes d&#039;applicationCliquez sur les liens ci-dessous pour t\u00e9l\u00e9charger les affiches pr\u00e9sent\u00e9es \u00e0 la r\u00e9union de Neuroscience \u00e0 San Diego, 2022. &nbsp; T\u00e9l\u00e9charger les affiches L&#039;utilisation de la UHPLC-ECD microbore comme outil d&#039;analyse des neurotransmetteurs et des m\u00e9tabolites des monoamines dans la recherche sur les maladies neurod\u00e9g\u00e9n\u00e9ratives Am\u00e9lioration r\u00e9cente de l&#039;analyse des niveaux d&#039;ac\u00e9tylcholine [&hellip;]\" \/>\n<meta property=\"og:url\" content=\"https:\/\/antecscientific.com\/fr\/marches\/neuroscience\/reunion-sur-les-neurosciences-2022\/\" \/>\n<meta property=\"og:site_name\" content=\"Antec Scientific\" \/>\n<meta property=\"article:modified_time\" content=\"2023-02-06T13:22:53+00:00\" \/>\n<meta name=\"twitter:card\" content=\"summary_large_image\" \/>\n<meta name=\"twitter:label1\" content=\"Dur\u00e9e de lecture estim\u00e9e\" \/>\n\t<meta name=\"twitter:data1\" content=\"4 minutes\" \/>\n<script type=\"application\/ld+json\" class=\"yoast-schema-graph\">{\"@context\":\"https:\\\/\\\/schema.org\",\"@graph\":[{\"@type\":\"WebPage\",\"@id\":\"https:\\\/\\\/antecscientific.com\\\/fr\\\/marches\\\/neuroscience\\\/reunion-sur-les-neurosciences-2022\\\/\",\"url\":\"https:\\\/\\\/antecscientific.com\\\/fr\\\/marches\\\/neuroscience\\\/reunion-sur-les-neurosciences-2022\\\/\",\"name\":\"R\u00e9union sur les neurosciences 2022 - Antec Scientific\",\"isPartOf\":{\"@id\":\"https:\\\/\\\/antecscientific.com\\\/fr\\\/#website\"},\"datePublished\":\"2022-11-28T21:24:11+00:00\",\"dateModified\":\"2023-02-06T13:22:53+00:00\",\"breadcrumb\":{\"@id\":\"https:\\\/\\\/antecscientific.com\\\/fr\\\/marches\\\/neuroscience\\\/reunion-sur-les-neurosciences-2022\\\/#breadcrumb\"},\"inLanguage\":\"fr-FR\",\"potentialAction\":[{\"@type\":\"ReadAction\",\"target\":[\"https:\\\/\\\/antecscientific.com\\\/fr\\\/marches\\\/neuroscience\\\/reunion-sur-les-neurosciences-2022\\\/\"]}]},{\"@type\":\"BreadcrumbList\",\"@id\":\"https:\\\/\\\/antecscientific.com\\\/fr\\\/marches\\\/neuroscience\\\/reunion-sur-les-neurosciences-2022\\\/#breadcrumb\",\"itemListElement\":[{\"@type\":\"ListItem\",\"position\":1,\"name\":\"March\u00e9s\",\"item\":\"https:\\\/\\\/antecscientific.com\\\/fr\\\/marches\\\/\"},{\"@type\":\"ListItem\",\"position\":2,\"name\":\"Neuroscience\",\"item\":\"https:\\\/\\\/antecscientific.com\\\/fr\\\/marches\\\/neuroscience\\\/\"},{\"@type\":\"ListItem\",\"position\":3,\"name\":\"R\u00e9union sur les neurosciences 2022\"}]},{\"@type\":\"WebSite\",\"@id\":\"https:\\\/\\\/antecscientific.com\\\/fr\\\/#website\",\"url\":\"https:\\\/\\\/antecscientific.com\\\/fr\\\/\",\"name\":\"Antec Scientific\",\"description\":\"Supporting research to improve quality of life\",\"potentialAction\":[{\"@type\":\"SearchAction\",\"target\":{\"@type\":\"EntryPoint\",\"urlTemplate\":\"https:\\\/\\\/antecscientific.com\\\/fr\\\/?s={search_term_string}\"},\"query-input\":{\"@type\":\"PropertyValueSpecification\",\"valueRequired\":true,\"valueName\":\"search_term_string\"}}],\"inLanguage\":\"fr-FR\"}]}<\/script>\n<!-- \/ Yoast SEO plugin. -->","yoast_head_json":{"title":"R\u00e9union sur les neurosciences 2022 - Antec Scientific","robots":{"index":"index","follow":"follow","max-snippet":"max-snippet:-1","max-image-preview":"max-image-preview:large","max-video-preview":"max-video-preview:-1"},"canonical":"https:\/\/antecscientific.com\/fr\/marches\/neuroscience\/reunion-sur-les-neurosciences-2022\/","og_locale":"fr_FR","og_type":"article","og_title":"R\u00e9union sur les neurosciences 2022 - Antec Scientific","og_description":"Affiches et notes d'applicationCliquez sur les liens ci-dessous pour t\u00e9l\u00e9charger les affiches pr\u00e9sent\u00e9es \u00e0 la r\u00e9union de Neuroscience \u00e0 San Diego, 2022. &nbsp; T\u00e9l\u00e9charger les affiches L'utilisation de la UHPLC-ECD microbore comme outil d'analyse des neurotransmetteurs et des m\u00e9tabolites des monoamines dans la recherche sur les maladies neurod\u00e9g\u00e9n\u00e9ratives Am\u00e9lioration r\u00e9cente de l'analyse des niveaux d'ac\u00e9tylcholine [&hellip;]","og_url":"https:\/\/antecscientific.com\/fr\/marches\/neuroscience\/reunion-sur-les-neurosciences-2022\/","og_site_name":"Antec Scientific","article_modified_time":"2023-02-06T13:22:53+00:00","twitter_card":"summary_large_image","twitter_misc":{"Dur\u00e9e de lecture estim\u00e9e":"4 minutes"},"schema":{"@context":"https:\/\/schema.org","@graph":[{"@type":"WebPage","@id":"https:\/\/antecscientific.com\/fr\/marches\/neuroscience\/reunion-sur-les-neurosciences-2022\/","url":"https:\/\/antecscientific.com\/fr\/marches\/neuroscience\/reunion-sur-les-neurosciences-2022\/","name":"R\u00e9union sur les neurosciences 2022 - Antec Scientific","isPartOf":{"@id":"https:\/\/antecscientific.com\/fr\/#website"},"datePublished":"2022-11-28T21:24:11+00:00","dateModified":"2023-02-06T13:22:53+00:00","breadcrumb":{"@id":"https:\/\/antecscientific.com\/fr\/marches\/neuroscience\/reunion-sur-les-neurosciences-2022\/#breadcrumb"},"inLanguage":"fr-FR","potentialAction":[{"@type":"ReadAction","target":["https:\/\/antecscientific.com\/fr\/marches\/neuroscience\/reunion-sur-les-neurosciences-2022\/"]}]},{"@type":"BreadcrumbList","@id":"https:\/\/antecscientific.com\/fr\/marches\/neuroscience\/reunion-sur-les-neurosciences-2022\/#breadcrumb","itemListElement":[{"@type":"ListItem","position":1,"name":"March\u00e9s","item":"https:\/\/antecscientific.com\/fr\/marches\/"},{"@type":"ListItem","position":2,"name":"Neuroscience","item":"https:\/\/antecscientific.com\/fr\/marches\/neuroscience\/"},{"@type":"ListItem","position":3,"name":"R\u00e9union sur les neurosciences 2022"}]},{"@type":"WebSite","@id":"https:\/\/antecscientific.com\/fr\/#website","url":"https:\/\/antecscientific.com\/fr\/","name":"Antec Scientific","description":"Supporting research to improve quality of life","potentialAction":[{"@type":"SearchAction","target":{"@type":"EntryPoint","urlTemplate":"https:\/\/antecscientific.com\/fr\/?s={search_term_string}"},"query-input":{"@type":"PropertyValueSpecification","valueRequired":true,"valueName":"search_term_string"}}],"inLanguage":"fr-FR"}]}},"_links":{"self":[{"href":"https:\/\/antecscientific.com\/fr\/wp-json\/wp\/v2\/pages\/17857","targetHints":{"allow":["GET"]}}],"collection":[{"href":"https:\/\/antecscientific.com\/fr\/wp-json\/wp\/v2\/pages"}],"about":[{"href":"https:\/\/antecscientific.com\/fr\/wp-json\/wp\/v2\/types\/page"}],"author":[{"embeddable":true,"href":"https:\/\/antecscientific.com\/fr\/wp-json\/wp\/v2\/users\/3"}],"replies":[{"embeddable":true,"href":"https:\/\/antecscientific.com\/fr\/wp-json\/wp\/v2\/comments?post=17857"}],"version-history":[{"count":1,"href":"https:\/\/antecscientific.com\/fr\/wp-json\/wp\/v2\/pages\/17857\/revisions"}],"predecessor-version":[{"id":17862,"href":"https:\/\/antecscientific.com\/fr\/wp-json\/wp\/v2\/pages\/17857\/revisions\/17862"}],"up":[{"embeddable":true,"href":"https:\/\/antecscientific.com\/fr\/wp-json\/wp\/v2\/pages\/16718"}],"wp:attachment":[{"href":"https:\/\/antecscientific.com\/fr\/wp-json\/wp\/v2\/media?parent=17857"}],"curies":[{"name":"wp","href":"https:\/\/api.w.org\/{rel}","templated":true}]}}