{"id":17508,"date":"2021-10-02T15:40:28","date_gmt":"2021-10-02T13:40:28","guid":{"rendered":"https:\/\/antecscientific.com\/neurotransmetteurs\/3-hydroxykynurenine\/"},"modified":"2025-09-09T12:44:35","modified_gmt":"2025-09-09T10:44:35","slug":"3-hydroxykynurenine","status":"publish","type":"page","link":"https:\/\/antecscientific.com\/fr\/applications\/neurotransmetteurs\/3-hydroxykynurenine\/","title":{"rendered":"3-Hydroxykynur\u00e9nine"},"content":{"rendered":"<p>[et_pb_section fb_built=\u00a0\u00bb1&Prime; admin_label=\u00a0\u00bbHeader\u00a0\u00bb _builder_version=\u00a0\u00bb4.16&Prime; background_image=\u00a0\u00bbhttps:\/\/antecscientific.com\/wp-content\/uploads\/2020\/07\/Untitled-3.jpg\u00a0\u00bb parallax=\u00a0\u00bbon\u00a0\u00bb custom_padding=\u00a0\u00bb2vw|0px|200px|0px|false|false\u00a0\u00bb collapsed=\u00a0\u00bbon\u00a0\u00bb global_colors_info=\u00a0\u00bb{}\u00a0\u00bb][et_pb_row _builder_version=\u00a0\u00bb4.16&Prime; global_colors_info=\u00a0\u00bb{}\u00a0\u00bb][et_pb_column type=\u00a0\u00bb4_4&Prime; _builder_version=\u00a0\u00bb4.16&Prime; custom_padding=\u00a0\u00bb|||\u00a0\u00bb global_colors_info=\u00a0\u00bb{}\u00a0\u00bb custom_padding__hover=\u00a0\u00bb|||\u00a0\u00bb][et_pb_text admin_label=\u00a0\u00bbBreadcrumbs (don&rsquo;t touch)\u00a0\u00bb _builder_version=\u00a0\u00bb4.16&Prime; text_font=\u00a0\u00bb|700|||||||\u00a0\u00bb text_text_color=\u00a0\u00bb#ffffff\u00a0\u00bb text_font_size=\u00a0\u00bb15px\u00a0\u00bb link_font=\u00a0\u00bb|700|||||||\u00a0\u00bb link_text_color=\u00a0\u00bb#ffffff\u00a0\u00bb link_font_size=\u00a0\u00bb15px\u00a0\u00bb global_colors_info=\u00a0\u00bb{}\u00a0\u00bb]<\/p>\n\n<p>[\/et_pb_text][et_pb_text admin_label=\u00a0\u00bbBig page title (don&rsquo;t touch)\u00a0\u00bb _builder_version=\u00a0\u00bb4.16&Prime; _dynamic_attributes=\u00a0\u00bbcontent\u00a0\u00bb text_font=\u00a0\u00bb||||||||\u00a0\u00bb header_font=\u00a0\u00bb|700|||||||\u00a0\u00bb header_text_color=\u00a0\u00bb#ffffff\u00a0\u00bb header_font_size=\u00a0\u00bb80px\u00a0\u00bb header_line_height=\u00a0\u00bb1.2em\u00a0\u00bb header_5_font=\u00a0\u00bbRaleway|700||on|||||\u00a0\u00bb header_5_text_color=\u00a0\u00bb#000000&Prime; header_5_font_size=\u00a0\u00bb20px\u00a0\u00bb header_5_letter_spacing=\u00a0\u00bb0.5em\u00a0\u00bb header_5_line_height=\u00a0\u00bb1.8em\u00a0\u00bb animation_style=\u00a0\u00bbzoom\u00a0\u00bb animation_intensity_zoom=\u00a0\u00bb5%\u00a0\u00bb header_font_size_tablet=\u00a0\u00bb48px\u00a0\u00bb header_font_size_phone=\u00a0\u00bb32px\u00a0\u00bb header_font_size_last_edited=\u00a0\u00bbon|phone\u00a0\u00bb header_5_font_size_tablet=\u00a0\u00bb14px\u00a0\u00bb header_5_font_size_phone=\u00a0\u00bb12px\u00a0\u00bb header_5_font_size_last_edited=\u00a0\u00bbon|desktop\u00a0\u00bb global_colors_info=\u00a0\u00bb{}\u00a0\u00bb]@ET-DC@eyJkeW5hbWljIjp0cnVlLCJjb250ZW50IjoicG9zdF90aXRsZSIsInNldHRpbmdzIjp7ImJlZm9yZSI6IjxoMT4iLCJhZnRlciI6IjwvaDE+IiwiZW5hYmxlX2h0bWwiOiJvZmYifX0=@[\/et_pb_text][\/et_pb_column][\/et_pb_row][\/et_pb_section][et_pb_section fb_built=\u00a0\u00bb1&Prime; admin_label=\u00a0\u00bbContent\u00a0\u00bb _builder_version=\u00a0\u00bb4.16&Prime; background_color=\u00a0\u00bb#ffffff\u00a0\u00bb max_width=\u00a0\u00bb90%\u00a0\u00bb max_width_tablet=\u00a0\u00bb\u00a0\u00bb max_width_phone=\u00a0\u00bb100%\u00a0\u00bb max_width_last_edited=\u00a0\u00bbon|phone\u00a0\u00bb custom_margin=\u00a0\u00bb-160px||0px||false|false\u00a0\u00bb custom_padding=\u00a0\u00bb||0px||false|false\u00a0\u00bb border_color_all=\u00a0\u00bb#ffffff\u00a0\u00bb border_width_left=\u00a0\u00bb10vw\u00a0\u00bb global_colors_info=\u00a0\u00bb{}\u00a0\u00bb][et_pb_row column_structure=\u00a0\u00bb2_3,1_3&Prime; custom_padding_last_edited=\u00a0\u00bbon|phone\u00a0\u00bb _builder_version=\u00a0\u00bb4.16&Prime; width=\u00a0\u00bbauto\u00a0\u00bb max_width=\u00a0\u00bbnone\u00a0\u00bb custom_padding=\u00a0\u00bb27px|0|27px|0px|false|false\u00a0\u00bb custom_padding_tablet=\u00a0\u00bb|0px||0px||true\u00a0\u00bb custom_padding_phone=\u00a0\u00bb|10%||0px|false|false\u00a0\u00bb global_colors_info=\u00a0\u00bb{}\u00a0\u00bb][et_pb_column type=\u00a0\u00bb2_3&Prime; _builder_version=\u00a0\u00bb4.16&Prime; custom_padding=\u00a0\u00bb|||\u00a0\u00bb global_colors_info=\u00a0\u00bb{}\u00a0\u00bb custom_padding__hover=\u00a0\u00bb|||\u00a0\u00bb][et_pb_text admin_label=\u00a0\u00bbSubtitle\u00a0\u00bb _builder_version=\u00a0\u00bb4.16&Prime; text_font=\u00a0\u00bb||||||||\u00a0\u00bb text_line_height=\u00a0\u00bb2em\u00a0\u00bb header_font=\u00a0\u00bb||||||||\u00a0\u00bb header_2_font=\u00a0\u00bb|600||on|||||\u00a0\u00bb header_2_text_color=\u00a0\u00bb#df0834&Prime; header_2_font_size=\u00a0\u00bb20px\u00a0\u00bb header_2_line_height=\u00a0\u00bb1.4em\u00a0\u00bb header_6_font=\u00a0\u00bb|700||on|||||\u00a0\u00bb header_6_font_size=\u00a0\u00bb16px\u00a0\u00bb header_6_letter_spacing=\u00a0\u00bb5px\u00a0\u00bb header_6_line_height=\u00a0\u00bb1.8em\u00a0\u00bb max_width=\u00a0\u00bb700px\u00a0\u00bb module_alignment=\u00a0\u00bbcenter\u00a0\u00bb custom_margin=\u00a0\u00bb||0px||false|false\u00a0\u00bb custom_padding=\u00a0\u00bb||0px||false|false\u00a0\u00bb header_2_font_size_tablet=\u00a0\u00bb25px\u00a0\u00bb header_2_font_size_phone=\u00a0\u00bb25px\u00a0\u00bb header_2_font_size_last_edited=\u00a0\u00bbon|phone\u00a0\u00bb global_colors_info=\u00a0\u00bb{}\u00a0\u00bb]<\/p>\n<h2>Analyseur de neurotransmetteurs ALEXYS<\/h2>\n<p>[\/et_pb_text][et_pb_text admin_label=\u00a0\u00bbParagraph\u00a0\u00bb _builder_version=\u00a0\u00bb4.16&Prime; text_font=\u00a0\u00bb||||||||\u00a0\u00bb text_font_size=\u00a0\u00bb18px\u00a0\u00bb text_line_height=\u00a0\u00bb2em\u00a0\u00bb header_font=\u00a0\u00bb||||||||\u00a0\u00bb header_2_font=\u00a0\u00bbRaleway|700|||||||\u00a0\u00bb header_2_font_size=\u00a0\u00bb50px\u00a0\u00bb header_2_line_height=\u00a0\u00bb1.4em\u00a0\u00bb header_6_font=\u00a0\u00bbRaleway|700||on|||||\u00a0\u00bb header_6_font_size=\u00a0\u00bb16px\u00a0\u00bb header_6_letter_spacing=\u00a0\u00bb5px\u00a0\u00bb header_6_line_height=\u00a0\u00bb1.8em\u00a0\u00bb text_orientation=\u00a0\u00bbjustified\u00a0\u00bb max_width=\u00a0\u00bb700px\u00a0\u00bb module_alignment=\u00a0\u00bbcenter\u00a0\u00bb custom_margin=\u00a0\u00bb0px||||false|false\u00a0\u00bb custom_padding=\u00a0\u00bb0px||||false|false\u00a0\u00bb header_2_font_size_tablet=\u00a0\u00bb35px\u00a0\u00bb header_2_font_size_phone=\u00a0\u00bb25px\u00a0\u00bb header_2_font_size_last_edited=\u00a0\u00bbon|phone\u00a0\u00bb text_orientation_tablet=\u00a0\u00bb\u00a0\u00bb text_orientation_phone=\u00a0\u00bbleft\u00a0\u00bb text_orientation_last_edited=\u00a0\u00bbon|desktop\u00a0\u00bb global_colors_info=\u00a0\u00bb{}\u00a0\u00bb]<\/p>\n<ul class=\"groot\">\n<li>Analyse sensible de la 3-hydroxy kynur\u00e9nine (3-HK)<\/li>\n<li>SenCell avec WE en carbone vitreux et pont salin<\/li>\n<li>Limites de d\u00e9tection jusqu&rsquo;\u00e0 0,4 nM<\/li>\n<\/ul>\n<p>La 3-Hydroxykynur\u00e9nine (3-HK ou 3-HKyn) est un m\u00e9tabolite de la voie de la kynur\u00e9nine, la principale voie de d\u00e9gradation du tryptophane chez les mammif\u00e8res. Pour l&rsquo;analyse de la 3-HK, un analyseur de neurotransmetteurs ALEXYS a \u00e9t\u00e9 utilis\u00e9 avec une colonne UHPLC pour une analyse rapide et efficace. Le 3-HK est \u00e9lu\u00e9 en 10 minutes et a pu \u00eatre d\u00e9tect\u00e9 jusqu&rsquo;\u00e0 une limite de d\u00e9tection (calcul\u00e9e) de 0,4 nM.<\/p>\n<p>[\/et_pb_text][\/et_pb_column][et_pb_column type=\u00a0\u00bb1_3&Prime; _builder_version=\u00a0\u00bb4.16&Prime; custom_padding=\u00a0\u00bb5%|5%|||false|false\u00a0\u00bb global_colors_info=\u00a0\u00bb{}\u00a0\u00bb custom_padding__hover=\u00a0\u00bb|||\u00a0\u00bb][et_pb_image src=\u00a0\u00bbhttps:\/\/antecscientific.com\/wp-content\/uploads\/2025\/03\/ALEXYS_1p_EliteStSt_HQ_light_S.png\u00a0\u00bb title_text=\u00a0\u00bbALEXYS front\u00a0\u00bb _builder_version=\u00a0\u00bb4.27.4&Prime; _module_preset=\u00a0\u00bbdefault\u00a0\u00bb vertical_offset_tablet=\u00a0\u00bb0&Prime; horizontal_offset_tablet=\u00a0\u00bb0&Prime; width=\u00a0\u00bb50%\u00a0\u00bb hover_enabled=\u00a0\u00bb0&Prime; z_index_tablet=\u00a0\u00bb0&Prime; box_shadow_horizontal_tablet=\u00a0\u00bb0px\u00a0\u00bb box_shadow_vertical_tablet=\u00a0\u00bb0px\u00a0\u00bb box_shadow_blur_tablet=\u00a0\u00bb40px\u00a0\u00bb box_shadow_spread_tablet=\u00a0\u00bb0px\u00a0\u00bb global_colors_info=\u00a0\u00bb{}\u00a0\u00bb custom_margin=\u00a0\u00bb-100px||||false|false\u00a0\u00bb sticky_enabled=\u00a0\u00bb0&Prime;]<\/p>\n<p>[\/et_pb_image][\/et_pb_column][\/et_pb_row][\/et_pb_section][et_pb_section fb_built=\u00a0\u00bb1&Prime; admin_label=\u00a0\u00bbDownload Table\u00a0\u00bb _builder_version=\u00a0\u00bb4.27.2&Prime; background_enable_color=\u00a0\u00bboff\u00a0\u00bb use_background_color_gradient=\u00a0\u00bbon\u00a0\u00bb background_color_gradient_stops=\u00a0\u00bb#f6f9fb 50%|#ffffff 100%\u00a0\u00bb background_color_gradient_start=\u00a0\u00bb#f6f9fb\u00a0\u00bb background_color_gradient_start_position=\u00a0\u00bb50%\u00a0\u00bb background_color_gradient_end=\u00a0\u00bb#ffffff\u00a0\u00bb max_width=\u00a0\u00bb100%\u00a0\u00bb max_width_tablet=\u00a0\u00bb\u00a0\u00bb max_width_phone=\u00a0\u00bb100%\u00a0\u00bb max_width_last_edited=\u00a0\u00bbon|desktop\u00a0\u00bb module_alignment=\u00a0\u00bbcenter\u00a0\u00bb custom_margin=\u00a0\u00bb0px||0px||false|false\u00a0\u00bb custom_padding=\u00a0\u00bb40px||40px||false|false\u00a0\u00bb global_colors_info=\u00a0\u00bb{}\u00a0\u00bb][et_pb_row _builder_version=\u00a0\u00bb4.27.2&Prime; background_color=\u00a0\u00bbrgba(0,0,0,0)\u00a0\u00bb width_tablet=\u00a0\u00bb\u00a0\u00bb width_phone=\u00a0\u00bb\u00a0\u00bb width_last_edited=\u00a0\u00bbon|phone\u00a0\u00bb max_width=\u00a0\u00bb80%\u00a0\u00bb max_width_tablet=\u00a0\u00bb\u00a0\u00bb max_width_phone=\u00a0\u00bb\u00a0\u00bb max_width_last_edited=\u00a0\u00bbon|phone\u00a0\u00bb module_alignment=\u00a0\u00bbcenter\u00a0\u00bb custom_padding=\u00a0\u00bb||||false|false\u00a0\u00bb global_colors_info=\u00a0\u00bb{}\u00a0\u00bb][et_pb_column type=\u00a0\u00bb4_4&Prime; _builder_version=\u00a0\u00bb4.16&Prime; global_colors_info=\u00a0\u00bb{}\u00a0\u00bb][et_pb_text admin_label=\u00a0\u00bbShortcode of Table\u00a0\u00bb _builder_version=\u00a0\u00bb4.27.4&Prime; background_color=\u00a0\u00bb#ffffff\u00a0\u00bb vertical_offset_tablet=\u00a0\u00bb0&Prime; horizontal_offset_tablet=\u00a0\u00bb0&Prime; max_width=\u00a0\u00bb1200px\u00a0\u00bb custom_padding=\u00a0\u00bb20px|30px|30px|30px|false|false\u00a0\u00bb custom_padding_tablet=\u00a0\u00bb\u00a0\u00bb custom_padding_phone=\u00a0\u00bb|0px||0px|false|false\u00a0\u00bb custom_padding_last_edited=\u00a0\u00bbon|phone\u00a0\u00bb z_index_tablet=\u00a0\u00bb0&Prime; module_alignment_tablet=\u00a0\u00bb\u00a0\u00bb module_alignment_phone=\u00a0\u00bb\u00a0\u00bb module_alignment_last_edited=\u00a0\u00bbon|desktop\u00a0\u00bb text_text_shadow_horizontal_length_tablet=\u00a0\u00bb0px\u00a0\u00bb text_text_shadow_vertical_length_tablet=\u00a0\u00bb0px\u00a0\u00bb text_text_shadow_blur_strength_tablet=\u00a0\u00bb1px\u00a0\u00bb link_text_shadow_horizontal_length_tablet=\u00a0\u00bb0px\u00a0\u00bb link_text_shadow_vertical_length_tablet=\u00a0\u00bb0px\u00a0\u00bb link_text_shadow_blur_strength_tablet=\u00a0\u00bb1px\u00a0\u00bb ul_text_shadow_horizontal_length_tablet=\u00a0\u00bb0px\u00a0\u00bb ul_text_shadow_vertical_length_tablet=\u00a0\u00bb0px\u00a0\u00bb ul_text_shadow_blur_strength_tablet=\u00a0\u00bb1px\u00a0\u00bb ol_text_shadow_horizontal_length_tablet=\u00a0\u00bb0px\u00a0\u00bb ol_text_shadow_vertical_length_tablet=\u00a0\u00bb0px\u00a0\u00bb ol_text_shadow_blur_strength_tablet=\u00a0\u00bb1px\u00a0\u00bb quote_text_shadow_horizontal_length_tablet=\u00a0\u00bb0px\u00a0\u00bb quote_text_shadow_vertical_length_tablet=\u00a0\u00bb0px\u00a0\u00bb quote_text_shadow_blur_strength_tablet=\u00a0\u00bb1px\u00a0\u00bb header_text_shadow_horizontal_length_tablet=\u00a0\u00bb0px\u00a0\u00bb header_text_shadow_vertical_length_tablet=\u00a0\u00bb0px\u00a0\u00bb header_text_shadow_blur_strength_tablet=\u00a0\u00bb1px\u00a0\u00bb header_2_text_shadow_horizontal_length_tablet=\u00a0\u00bb0px\u00a0\u00bb header_2_text_shadow_vertical_length_tablet=\u00a0\u00bb0px\u00a0\u00bb header_2_text_shadow_blur_strength_tablet=\u00a0\u00bb1px\u00a0\u00bb header_3_text_shadow_horizontal_length_tablet=\u00a0\u00bb0px\u00a0\u00bb header_3_text_shadow_vertical_length_tablet=\u00a0\u00bb0px\u00a0\u00bb header_3_text_shadow_blur_strength_tablet=\u00a0\u00bb1px\u00a0\u00bb header_4_text_shadow_horizontal_length_tablet=\u00a0\u00bb0px\u00a0\u00bb header_4_text_shadow_vertical_length_tablet=\u00a0\u00bb0px\u00a0\u00bb header_4_text_shadow_blur_strength_tablet=\u00a0\u00bb1px\u00a0\u00bb header_5_text_shadow_horizontal_length_tablet=\u00a0\u00bb0px\u00a0\u00bb header_5_text_shadow_vertical_length_tablet=\u00a0\u00bb0px\u00a0\u00bb header_5_text_shadow_blur_strength_tablet=\u00a0\u00bb1px\u00a0\u00bb header_6_text_shadow_horizontal_length_tablet=\u00a0\u00bb0px\u00a0\u00bb header_6_text_shadow_vertical_length_tablet=\u00a0\u00bb0px\u00a0\u00bb header_6_text_shadow_blur_strength_tablet=\u00a0\u00bb1px\u00a0\u00bb box_shadow_style=\u00a0\u00bbpreset1&Prime; box_shadow_blur=\u00a0\u00bb40px\u00a0\u00bb box_shadow_color=\u00a0\u00bbrgba(0,33,91,0.17)\u00a0\u00bb global_colors_info=\u00a0\u00bb{}\u00a0\u00bb]<\/p>\n<h3>T\u00e9l\u00e9chargements<\/h3>\n<p>&nbsp;<\/p>\n        <div class=\"antec-downloads view--list\">\n        <div class=\"list-item name thead\">Name<\/div>\n        <div class=\"list-item rev thead\">Doc#<\/div>\n        <div class=\"list-item size thead\">Size<\/div>\n        <div class=\"list-item download thead\">Download<\/div>\n\n                    <div class=\"list-item name\" data-label=\"Name\">3\u2500Hydroxykynurenine<\/div>\n            <div class=\"list-item rev\" data-label=\"Rev\">213_030_04<\/div>\n            <div class=\"list-item size\" data-label=\"Size\">0.45 MB<\/div>\n            <div class=\"list-item download\" data-label=\"Download\">\n                <a href=\"https:\/\/antecscientific.com\/wp-content\/mu-plugins\/antec-downloads\/files\/apps\/neuro\/213_030_04 - 3\u2500Hydroxykynurenine.pdf\" class=\"download-link\" download>Download<i class=\"zmdi zmdi-cloud-download wpfd-download\"><\/i><\/a>\n            <\/div>\n                    <div class=\"list-item name\" data-label=\"Name\">ALEXYS Neurotransmitter Analyzer<\/div>\n            <div class=\"list-item rev\" data-label=\"Rev\">213_027_05<\/div>\n            <div class=\"list-item size\" data-label=\"Size\">1.08 MB<\/div>\n            <div class=\"list-item download\" data-label=\"Download\">\n                <a href=\"https:\/\/antecscientific.com\/wp-content\/mu-plugins\/antec-downloads\/files\/apps\/neuro\/213_027_05 - ALEXYS Neurotransmitter Analyzer.pdf\" class=\"download-link\" download>Download<i class=\"zmdi zmdi-cloud-download wpfd-download\"><\/i><\/a>\n            <\/div>\n            <\/div>\n\n<p>[\/et_pb_text][\/et_pb_column][\/et_pb_row][\/et_pb_section][et_pb_section fb_built=\u00a0\u00bb1&Prime; disabled_on=\u00a0\u00bbon|on|on\u00a0\u00bb admin_label=\u00a0\u00bbDownload Table\u00a0\u00bb _builder_version=\u00a0\u00bb4.27.2&Prime; background_enable_color=\u00a0\u00bboff\u00a0\u00bb use_background_color_gradient=\u00a0\u00bbon\u00a0\u00bb background_color_gradient_stops=\u00a0\u00bb#f6f9fb 50%|#ffffff 100%\u00a0\u00bb background_color_gradient_start=\u00a0\u00bb#f6f9fb\u00a0\u00bb background_color_gradient_start_position=\u00a0\u00bb50%\u00a0\u00bb background_color_gradient_end=\u00a0\u00bb#ffffff\u00a0\u00bb max_width_tablet=\u00a0\u00bb\u00a0\u00bb max_width_phone=\u00a0\u00bb100%\u00a0\u00bb max_width_last_edited=\u00a0\u00bbon|desktop\u00a0\u00bb module_alignment=\u00a0\u00bbcenter\u00a0\u00bb custom_margin=\u00a0\u00bb0px||0px||false|false\u00a0\u00bb custom_padding=\u00a0\u00bb40px||40px||false|false\u00a0\u00bb disabled=\u00a0\u00bbon\u00a0\u00bb global_colors_info=\u00a0\u00bb{}\u00a0\u00bb][et_pb_row _builder_version=\u00a0\u00bb4.16&Prime; background_color=\u00a0\u00bbrgba(0,0,0,0)\u00a0\u00bb width_tablet=\u00a0\u00bb\u00a0\u00bb width_phone=\u00a0\u00bb\u00a0\u00bb width_last_edited=\u00a0\u00bbon|phone\u00a0\u00bb max_width=\u00a0\u00bb80%\u00a0\u00bb max_width_tablet=\u00a0\u00bb\u00a0\u00bb max_width_phone=\u00a0\u00bb\u00a0\u00bb max_width_last_edited=\u00a0\u00bbon|phone\u00a0\u00bb module_alignment=\u00a0\u00bbcenter\u00a0\u00bb global_colors_info=\u00a0\u00bb{}\u00a0\u00bb][et_pb_column type=\u00a0\u00bb4_4&Prime; _builder_version=\u00a0\u00bb4.16&Prime; global_colors_info=\u00a0\u00bb{}\u00a0\u00bb][et_pb_text admin_label=\u00a0\u00bbShortcode of Table\u00a0\u00bb _builder_version=\u00a0\u00bb4.16&Prime; background_color=\u00a0\u00bb#ffffff\u00a0\u00bb custom_padding=\u00a0\u00bb20px|30px|30px|30px|false|false\u00a0\u00bb custom_padding_tablet=\u00a0\u00bb\u00a0\u00bb custom_padding_phone=\u00a0\u00bb|0px||0px|false|false\u00a0\u00bb custom_padding_last_edited=\u00a0\u00bbon|phone\u00a0\u00bb box_shadow_style=\u00a0\u00bbpreset1&Prime; box_shadow_blur=\u00a0\u00bb40px\u00a0\u00bb box_shadow_color=\u00a0\u00bbrgba(0,33,91,0.17)\u00a0\u00bb global_colors_info=\u00a0\u00bb{}\u00a0\u00bb]<\/p>\n<p>\n[wpfd_category id=\u00a0\u00bb13&Prime;]<\/p>\n<p>[\/et_pb_text][\/et_pb_column][\/et_pb_row][\/et_pb_section]<\/p>\n","protected":false},"excerpt":{"rendered":"<p> Analyseur de neurotransmetteurs ALEXYS Analyse sensible de la 3-hydroxy kynur\u00e9nine (3-HK) SenCell avec WE en carbone vitreux et pont salin Limites de d\u00e9tection jusqu&rsquo;\u00e0 0,4 nM La 3-Hydroxykynur\u00e9nine (3-HK ou 3-HKyn) est un m\u00e9tabolite de la voie de la kynur\u00e9nine, la principale voie de d\u00e9gradation du tryptophane chez les mammif\u00e8res. Pour l&rsquo;analyse de la [&hellip;]<\/p>\n","protected":false},"author":3,"featured_media":0,"parent":16839,"menu_order":0,"comment_status":"closed","ping_status":"closed","template":"","meta":{"_et_pb_use_builder":"on","_et_pb_old_content":"","_et_gb_content_width":"","footnotes":""},"class_list":["post-17508","page","type-page","status-publish","hentry"],"yoast_head":"<!-- This site is optimized with the Yoast SEO plugin v27.3 - https:\/\/yoast.com\/product\/yoast-seo-wordpress\/ -->\n<title>3-Hydroxykynur\u00e9nine - Antec Scientific<\/title>\n<meta name=\"robots\" content=\"index, follow, max-snippet:-1, max-image-preview:large, max-video-preview:-1\" \/>\n<link rel=\"canonical\" href=\"https:\/\/antecscientific.com\/fr\/applications\/neurotransmetteurs\/3-hydroxykynurenine\/\" \/>\n<meta property=\"og:locale\" content=\"fr_FR\" \/>\n<meta property=\"og:type\" content=\"article\" \/>\n<meta property=\"og:title\" content=\"3-Hydroxykynur\u00e9nine - Antec Scientific\" \/>\n<meta property=\"og:description\" content=\"Analyseur de neurotransmetteurs ALEXYS Analyse sensible de la 3-hydroxy kynur\u00e9nine (3-HK) SenCell avec WE en carbone vitreux et pont salin Limites de d\u00e9tection jusqu&#039;\u00e0 0,4 nM La 3-Hydroxykynur\u00e9nine (3-HK ou 3-HKyn) est un m\u00e9tabolite de la voie de la kynur\u00e9nine, la principale voie de d\u00e9gradation du tryptophane chez les mammif\u00e8res. Pour l&#039;analyse de la [&hellip;]\" \/>\n<meta property=\"og:url\" content=\"https:\/\/antecscientific.com\/fr\/applications\/neurotransmetteurs\/3-hydroxykynurenine\/\" \/>\n<meta property=\"og:site_name\" content=\"Antec Scientific\" \/>\n<meta property=\"article:modified_time\" content=\"2025-09-09T10:44:35+00:00\" \/>\n<meta name=\"twitter:card\" content=\"summary_large_image\" \/>\n<meta name=\"twitter:label1\" content=\"Dur\u00e9e de lecture estim\u00e9e\" \/>\n\t<meta name=\"twitter:data1\" content=\"7 minutes\" \/>\n<script type=\"application\/ld+json\" class=\"yoast-schema-graph\">{\"@context\":\"https:\\\/\\\/schema.org\",\"@graph\":[{\"@type\":\"WebPage\",\"@id\":\"https:\\\/\\\/antecscientific.com\\\/fr\\\/applications\\\/neurotransmetteurs\\\/3-hydroxykynurenine\\\/\",\"url\":\"https:\\\/\\\/antecscientific.com\\\/fr\\\/applications\\\/neurotransmetteurs\\\/3-hydroxykynurenine\\\/\",\"name\":\"3-Hydroxykynur\u00e9nine - Antec Scientific\",\"isPartOf\":{\"@id\":\"https:\\\/\\\/antecscientific.com\\\/fr\\\/#website\"},\"datePublished\":\"2021-10-02T13:40:28+00:00\",\"dateModified\":\"2025-09-09T10:44:35+00:00\",\"breadcrumb\":{\"@id\":\"https:\\\/\\\/antecscientific.com\\\/fr\\\/applications\\\/neurotransmetteurs\\\/3-hydroxykynurenine\\\/#breadcrumb\"},\"inLanguage\":\"fr-FR\",\"potentialAction\":[{\"@type\":\"ReadAction\",\"target\":[\"https:\\\/\\\/antecscientific.com\\\/fr\\\/applications\\\/neurotransmetteurs\\\/3-hydroxykynurenine\\\/\"]}]},{\"@type\":\"BreadcrumbList\",\"@id\":\"https:\\\/\\\/antecscientific.com\\\/fr\\\/applications\\\/neurotransmetteurs\\\/3-hydroxykynurenine\\\/#breadcrumb\",\"itemListElement\":[{\"@type\":\"ListItem\",\"position\":1,\"name\":\"Applications\",\"item\":\"https:\\\/\\\/antecscientific.com\\\/fr\\\/applications\\\/\"},{\"@type\":\"ListItem\",\"position\":2,\"name\":\"Neurotransmetteurs\",\"item\":\"https:\\\/\\\/antecscientific.com\\\/fr\\\/applications\\\/neurotransmetteurs\\\/\"},{\"@type\":\"ListItem\",\"position\":3,\"name\":\"3-Hydroxykynur\u00e9nine\"}]},{\"@type\":\"WebSite\",\"@id\":\"https:\\\/\\\/antecscientific.com\\\/fr\\\/#website\",\"url\":\"https:\\\/\\\/antecscientific.com\\\/fr\\\/\",\"name\":\"Antec Scientific\",\"description\":\"Supporting research to improve quality of life\",\"potentialAction\":[{\"@type\":\"SearchAction\",\"target\":{\"@type\":\"EntryPoint\",\"urlTemplate\":\"https:\\\/\\\/antecscientific.com\\\/fr\\\/?s={search_term_string}\"},\"query-input\":{\"@type\":\"PropertyValueSpecification\",\"valueRequired\":true,\"valueName\":\"search_term_string\"}}],\"inLanguage\":\"fr-FR\"}]}<\/script>\n<!-- \/ Yoast SEO plugin. -->","yoast_head_json":{"title":"3-Hydroxykynur\u00e9nine - Antec Scientific","robots":{"index":"index","follow":"follow","max-snippet":"max-snippet:-1","max-image-preview":"max-image-preview:large","max-video-preview":"max-video-preview:-1"},"canonical":"https:\/\/antecscientific.com\/fr\/applications\/neurotransmetteurs\/3-hydroxykynurenine\/","og_locale":"fr_FR","og_type":"article","og_title":"3-Hydroxykynur\u00e9nine - Antec Scientific","og_description":"Analyseur de neurotransmetteurs ALEXYS Analyse sensible de la 3-hydroxy kynur\u00e9nine (3-HK) SenCell avec WE en carbone vitreux et pont salin Limites de d\u00e9tection jusqu'\u00e0 0,4 nM La 3-Hydroxykynur\u00e9nine (3-HK ou 3-HKyn) est un m\u00e9tabolite de la voie de la kynur\u00e9nine, la principale voie de d\u00e9gradation du tryptophane chez les mammif\u00e8res. Pour l'analyse de la [&hellip;]","og_url":"https:\/\/antecscientific.com\/fr\/applications\/neurotransmetteurs\/3-hydroxykynurenine\/","og_site_name":"Antec Scientific","article_modified_time":"2025-09-09T10:44:35+00:00","twitter_card":"summary_large_image","twitter_misc":{"Dur\u00e9e de lecture estim\u00e9e":"7 minutes"},"schema":{"@context":"https:\/\/schema.org","@graph":[{"@type":"WebPage","@id":"https:\/\/antecscientific.com\/fr\/applications\/neurotransmetteurs\/3-hydroxykynurenine\/","url":"https:\/\/antecscientific.com\/fr\/applications\/neurotransmetteurs\/3-hydroxykynurenine\/","name":"3-Hydroxykynur\u00e9nine - Antec Scientific","isPartOf":{"@id":"https:\/\/antecscientific.com\/fr\/#website"},"datePublished":"2021-10-02T13:40:28+00:00","dateModified":"2025-09-09T10:44:35+00:00","breadcrumb":{"@id":"https:\/\/antecscientific.com\/fr\/applications\/neurotransmetteurs\/3-hydroxykynurenine\/#breadcrumb"},"inLanguage":"fr-FR","potentialAction":[{"@type":"ReadAction","target":["https:\/\/antecscientific.com\/fr\/applications\/neurotransmetteurs\/3-hydroxykynurenine\/"]}]},{"@type":"BreadcrumbList","@id":"https:\/\/antecscientific.com\/fr\/applications\/neurotransmetteurs\/3-hydroxykynurenine\/#breadcrumb","itemListElement":[{"@type":"ListItem","position":1,"name":"Applications","item":"https:\/\/antecscientific.com\/fr\/applications\/"},{"@type":"ListItem","position":2,"name":"Neurotransmetteurs","item":"https:\/\/antecscientific.com\/fr\/applications\/neurotransmetteurs\/"},{"@type":"ListItem","position":3,"name":"3-Hydroxykynur\u00e9nine"}]},{"@type":"WebSite","@id":"https:\/\/antecscientific.com\/fr\/#website","url":"https:\/\/antecscientific.com\/fr\/","name":"Antec Scientific","description":"Supporting research to improve quality of life","potentialAction":[{"@type":"SearchAction","target":{"@type":"EntryPoint","urlTemplate":"https:\/\/antecscientific.com\/fr\/?s={search_term_string}"},"query-input":{"@type":"PropertyValueSpecification","valueRequired":true,"valueName":"search_term_string"}}],"inLanguage":"fr-FR"}]}},"_links":{"self":[{"href":"https:\/\/antecscientific.com\/fr\/wp-json\/wp\/v2\/pages\/17508","targetHints":{"allow":["GET"]}}],"collection":[{"href":"https:\/\/antecscientific.com\/fr\/wp-json\/wp\/v2\/pages"}],"about":[{"href":"https:\/\/antecscientific.com\/fr\/wp-json\/wp\/v2\/types\/page"}],"author":[{"embeddable":true,"href":"https:\/\/antecscientific.com\/fr\/wp-json\/wp\/v2\/users\/3"}],"replies":[{"embeddable":true,"href":"https:\/\/antecscientific.com\/fr\/wp-json\/wp\/v2\/comments?post=17508"}],"version-history":[{"count":15,"href":"https:\/\/antecscientific.com\/fr\/wp-json\/wp\/v2\/pages\/17508\/revisions"}],"predecessor-version":[{"id":32654,"href":"https:\/\/antecscientific.com\/fr\/wp-json\/wp\/v2\/pages\/17508\/revisions\/32654"}],"up":[{"embeddable":true,"href":"https:\/\/antecscientific.com\/fr\/wp-json\/wp\/v2\/pages\/16839"}],"wp:attachment":[{"href":"https:\/\/antecscientific.com\/fr\/wp-json\/wp\/v2\/media?parent=17508"}],"curies":[{"name":"wp","href":"https:\/\/api.w.org\/{rel}","templated":true}]}}