{"id":17364,"date":"2020-11-30T10:15:47","date_gmt":"2020-11-30T10:15:47","guid":{"rendered":"https:\/\/antecscientific.com\/conditions-dutilisation\/"},"modified":"2023-02-06T13:22:09","modified_gmt":"2023-02-06T13:22:09","slug":"conditions-dutilisation","status":"publish","type":"page","link":"https:\/\/antecscientific.com\/fr\/conditions-dutilisation\/","title":{"rendered":"Conditions d&rsquo;utilisation"},"content":{"rendered":"<p>[et_pb_section fb_built=\u00a0\u00bb1&Prime; admin_label=\u00a0\u00bbHeader\u00a0\u00bb _builder_version=\u00a0\u00bb4.6.6&Prime; background_image=\u00a0\u00bbhttps:\/\/antecscientific.com\/wp-content\/uploads\/2020\/11\/distribution1.jpg\u00a0\u00bb parallax=\u00a0\u00bbon\u00a0\u00bb custom_padding=\u00a0\u00bb2vw|0px|200px|0px|false|false\u00a0\u00bb collapsed=\u00a0\u00bbon\u00a0\u00bb][et_pb_row _builder_version=\u00a0\u00bb3.25&Prime;][et_pb_column type=\u00a0\u00bb4_4&Prime; _builder_version=\u00a0\u00bb3.25&Prime; custom_padding=\u00a0\u00bb|||\u00a0\u00bb custom_padding__hover=\u00a0\u00bb|||\u00a0\u00bb][et_pb_text admin_label=\u00a0\u00bbBreadcrumbs (don&rsquo;t touch)\u00a0\u00bb _builder_version=\u00a0\u00bb4.4.8&Prime; text_font=\u00a0\u00bb|700|||||||\u00a0\u00bb text_text_color=\u00a0\u00bb#ffffff\u00a0\u00bb text_font_size=\u00a0\u00bb15px\u00a0\u00bb link_font=\u00a0\u00bb|700|||||||\u00a0\u00bb link_text_color=\u00a0\u00bb#ffffff\u00a0\u00bb link_font_size=\u00a0\u00bb15px\u00a0\u00bb][\/et_pb_text][et_pb_text admin_label=\u00a0\u00bbBig page title (don&rsquo;t touch)\u00a0\u00bb _builder_version=\u00a0\u00bb4.5.6&Prime; _dynamic_attributes=\u00a0\u00bbcontent\u00a0\u00bb text_font=\u00a0\u00bb||||||||\u00a0\u00bb header_font=\u00a0\u00bb|700|||||||\u00a0\u00bb header_text_color=\u00a0\u00bb#ffffff\u00a0\u00bb header_font_size=\u00a0\u00bb80px\u00a0\u00bb header_line_height=\u00a0\u00bb1.2em\u00a0\u00bb header_5_font=\u00a0\u00bbRaleway|700||on|||||\u00a0\u00bb header_5_text_color=\u00a0\u00bb#000000&Prime; header_5_font_size=\u00a0\u00bb20px\u00a0\u00bb header_5_letter_spacing=\u00a0\u00bb0.5em\u00a0\u00bb header_5_line_height=\u00a0\u00bb1.8em\u00a0\u00bb animation_style=\u00a0\u00bbzoom\u00a0\u00bb animation_intensity_zoom=\u00a0\u00bb5%\u00a0\u00bb header_font_size_tablet=\u00a0\u00bb48px\u00a0\u00bb header_font_size_phone=\u00a0\u00bb32px\u00a0\u00bb header_font_size_last_edited=\u00a0\u00bbon|phone\u00a0\u00bb header_5_font_size_tablet=\u00a0\u00bb14px\u00a0\u00bb header_5_font_size_phone=\u00a0\u00bb12px\u00a0\u00bb header_5_font_size_last_edited=\u00a0\u00bbon|desktop\u00a0\u00bb]@ET-DC@eyJkeW5hbWljIjp0cnVlLCJjb250ZW50IjoicG9zdF90aXRsZSIsInNldHRpbmdzIjp7ImJlZm9yZSI6IjxoMT4iLCJhZnRlciI6IjxcL2gxPiJ9fQ==@[\/et_pb_text][\/et_pb_column][\/et_pb_row][\/et_pb_section][et_pb_section fb_built=\u00a0\u00bb1&Prime; admin_label=\u00a0\u00bbContent\u00a0\u00bb _builder_version=\u00a0\u00bb4.4.8&Prime; background_color=\u00a0\u00bb#ffffff\u00a0\u00bb max_width=\u00a0\u00bb90%\u00a0\u00bb max_width_tablet=\u00a0\u00bb\u00a0\u00bb max_width_phone=\u00a0\u00bb100%\u00a0\u00bb max_width_last_edited=\u00a0\u00bbon|phone\u00a0\u00bb custom_margin=\u00a0\u00bb-160px||0px||false|false\u00a0\u00bb custom_padding=\u00a0\u00bb||0px||false|false\u00a0\u00bb border_color_all=\u00a0\u00bb#ffffff\u00a0\u00bb border_width_left=\u00a0\u00bb10vw\u00a0\u00bb][et_pb_row column_structure=\u00a0\u00bb2_3,1_3&Prime; custom_padding_last_edited=\u00a0\u00bbon|phone\u00a0\u00bb _builder_version=\u00a0\u00bb4.5.6&Prime; width=\u00a0\u00bbauto\u00a0\u00bb max_width=\u00a0\u00bbnone\u00a0\u00bb custom_padding=\u00a0\u00bb27px|0|27px|0px|false|false\u00a0\u00bb custom_padding_tablet=\u00a0\u00bb|0px||0px||true\u00a0\u00bb custom_padding_phone=\u00a0\u00bb|10%||0px|false|false\u00a0\u00bb][et_pb_column type=\u00a0\u00bb2_3&Prime; _builder_version=\u00a0\u00bb3.25&Prime; custom_padding=\u00a0\u00bb|||\u00a0\u00bb custom_padding__hover=\u00a0\u00bb|||\u00a0\u00bb][et_pb_text admin_label=\u00a0\u00bbSubtitle\u00a0\u00bb _builder_version=\u00a0\u00bb4.7.4&Prime; text_font=\u00a0\u00bb||||||||\u00a0\u00bb text_font_size=\u00a0\u00bb16px\u00a0\u00bb text_line_height=\u00a0\u00bb2em\u00a0\u00bb header_font=\u00a0\u00bb||||||||\u00a0\u00bb header_2_font=\u00a0\u00bb|600||on|||||\u00a0\u00bb header_2_text_color=\u00a0\u00bb#df0834&Prime; header_2_font_size=\u00a0\u00bb20px\u00a0\u00bb header_2_line_height=\u00a0\u00bb1.4em\u00a0\u00bb header_6_font=\u00a0\u00bb|700||on|||||\u00a0\u00bb header_6_font_size=\u00a0\u00bb16px\u00a0\u00bb header_6_letter_spacing=\u00a0\u00bb5px\u00a0\u00bb header_6_line_height=\u00a0\u00bb1.8em\u00a0\u00bb max_width=\u00a0\u00bb700px\u00a0\u00bb module_alignment=\u00a0\u00bbcenter\u00a0\u00bb custom_margin=\u00a0\u00bb||0px||false|false\u00a0\u00bb custom_padding=\u00a0\u00bb||0px||false|false\u00a0\u00bb header_2_font_size_tablet=\u00a0\u00bb25px\u00a0\u00bb header_2_font_size_phone=\u00a0\u00bb25px\u00a0\u00bb header_2_font_size_last_edited=\u00a0\u00bbon|phone\u00a0\u00bb]<\/p>\n<h2>Conditions d&rsquo;utilisation<\/h2>\n<p>[\/et_pb_text][et_pb_text admin_label=\u00a0\u00bbParagraph\u00a0\u00bb _builder_version=\u00a0\u00bb4.7.4&Prime; text_font=\u00a0\u00bb||||||||\u00a0\u00bb text_font_size=\u00a0\u00bb18px\u00a0\u00bb text_line_height=\u00a0\u00bb2em\u00a0\u00bb header_font=\u00a0\u00bb||||||||\u00a0\u00bb header_2_font=\u00a0\u00bbRaleway|700|||||||\u00a0\u00bb header_2_font_size=\u00a0\u00bb50px\u00a0\u00bb header_2_line_height=\u00a0\u00bb1.4em\u00a0\u00bb header_6_font=\u00a0\u00bbRaleway|700||on|||||\u00a0\u00bb header_6_font_size=\u00a0\u00bb16px\u00a0\u00bb header_6_letter_spacing=\u00a0\u00bb5px\u00a0\u00bb header_6_line_height=\u00a0\u00bb1.8em\u00a0\u00bb text_orientation=\u00a0\u00bbjustified\u00a0\u00bb max_width=\u00a0\u00bb700px\u00a0\u00bb module_alignment=\u00a0\u00bbcenter\u00a0\u00bb custom_margin=\u00a0\u00bb0px||||false|false\u00a0\u00bb custom_padding=\u00a0\u00bb0px||||false|false\u00a0\u00bb header_2_font_size_tablet=\u00a0\u00bb35px\u00a0\u00bb header_2_font_size_phone=\u00a0\u00bb25px\u00a0\u00bb header_2_font_size_last_edited=\u00a0\u00bbon|phone\u00a0\u00bb text_orientation_tablet=\u00a0\u00bb\u00a0\u00bb text_orientation_phone=\u00a0\u00bbleft\u00a0\u00bb text_orientation_last_edited=\u00a0\u00bbon|desktop\u00a0\u00bb]<\/p>\n<p>Votre utilisation de ce site web (\u00ab\u00a0Site\u00a0\u00bb) est soumise aux pr\u00e9sentes conditions d&rsquo;utilisation (\u00ab\u00a0Conditions\u00a0\u00bb). Veuillez lire attentivement ces conditions, si vous ne les acceptez pas, n&rsquo;utilisez pas ce site Web d&rsquo;Antec Leyden BV (\u00ab\u00a0Antec Scientific\u00a0\u00bb). L&rsquo;utilisation de ce site web indique que vous acceptez ces conditions.<\/p>\n<p><strong>Informations d&rsquo;identification personnelle.<\/strong>  Lorsque vous vous inscrivez sur ce site, il vous sera demand\u00e9 de fournir des informations de contact permettant de vous identifier personnellement (nom, organisation, adresse \u00e9lectronique, etc.) et d&rsquo;autres informations. Uniquement avec votre consentement, nous utilisons les informations de contact obtenues via ce site pour envoyer des courriers \u00e9lectroniques et postaux fournissant aux clients les informations les plus r\u00e9centes sur les produits et les services, ainsi que d&rsquo;autres informations que nous pensons pouvoir vous \u00eatre utiles.<\/p>\n<p>Des <strong>tiers<\/strong>. Nous pouvons partager des informations vous concernant avec des employ\u00e9s, des soci\u00e9t\u00e9s affili\u00e9es, des successeurs et des agents, des repr\u00e9sentants ou des distributeurs, qui sont tenus de traiter ces informations conform\u00e9ment \u00e0 nos conditions. Sauf dans les cas sp\u00e9cifiquement d\u00e9crits dans les pr\u00e9sentes conditions, nous ne vendrons, n&rsquo;\u00e9changerons ou ne transf\u00e9rerons pas, sans votre consentement sp\u00e9cifique pr\u00e9alable, vos informations \u00e0 des tiers non affili\u00e9s autres que les tiers autoris\u00e9s (tels que, par exemple, les entrepreneurs soutenant le fonctionnement de ce site) et d&rsquo;autres personnes impliqu\u00e9es dans la cha\u00eene de distribution du commerce \u00e9lectronique (par exemple, les vendeurs, les fournisseurs de services), qui peuvent avoir besoin d&rsquo;acc\u00e9der \u00e0 certaines de vos informations personnelles. Nous obligeons ces tiers \u00e0 se conformer \u00e0 nos conditions, et limitons leur acc\u00e8s et leur utilisation de vos informations personnelles.<strong> <\/strong><\/p>\n<p><strong>Se d\u00e9sabonner<\/strong>. Si vous ne souhaitez pas recevoir certaines communications de notre part, ou de la part de nos affili\u00e9s ou repr\u00e9sentants, vous pouvez vous d\u00e9sabonner ou refuser en : (1) refusant le service propos\u00e9 lors de votre inscription ou \u00e0 d&rsquo;autres points de collecte d&rsquo;informations sur le site, ou (2) en nous informant que vous ne souhaitez plus recevoir ces communications. Si vous vous d\u00e9sabonnez de certaines communications, il se peut que vous ne puissiez pas acc\u00e9der \u00e0 certains de nos produits ou services. Si vous souhaitez vous d\u00e9sabonner de la r\u00e9ception de communications provenant de soci\u00e9t\u00e9s affili\u00e9es ou d&rsquo;autres tiers avec lesquels nous avons partag\u00e9 des donn\u00e9es conform\u00e9ment \u00e0 la pr\u00e9sente politique, veuillez contacter directement ces tiers.  <strong> <\/strong><\/p>\n<p><strong>Utilisation du site<\/strong>. Antec Scientific vous autorise \u00e0 consulter et \u00e0 t\u00e9l\u00e9charger les documents de ce site uniquement pour votre usage personnel et non commercial, \u00e0 condition que vous conserviez tous les droits d&rsquo;auteur et autres avis de propri\u00e9t\u00e9 contenus dans les documents originaux sur toute copie des documents. Vous n&rsquo;\u00eates pas autoris\u00e9 \u00e0 modifier les \u00e9l\u00e9ments du pr\u00e9sent site de quelque mani\u00e8re que ce soit, ni \u00e0 les reproduire, les afficher publiquement, les ex\u00e9cuter, les distribuer ou les utiliser de quelque mani\u00e8re que ce soit \u00e0 des fins publiques ou commerciales. Aux fins des pr\u00e9sentes conditions, toute utilisation de ces documents sur tout autre site ou environnement informatique en r\u00e9seau, \u00e0 quelque fin que ce soit, est interdite. Les documents de ce site sont prot\u00e9g\u00e9s par des droits d&rsquo;auteur et toute utilisation non autoris\u00e9e de ces documents peut constituer une violation des droits d&rsquo;auteur, des marques commerciales et d&rsquo;autres lois. Si vous enfreignez l&rsquo;une de ces conditions, votre autorisation d&rsquo;utiliser ce site prend automatiquement fin et vous devez imm\u00e9diatement d\u00e9truire tout mat\u00e9riel t\u00e9l\u00e9charg\u00e9 ou imprim\u00e9.<\/p>\n<p><strong>Utilisation du logiciel<\/strong>. Si vous t\u00e9l\u00e9chargez un logiciel \u00e0 partir de ce site (le \u00ab\u00a0logiciel\u00a0\u00bb), l&rsquo;utilisation du logiciel est soumise aux conditions de licence du contrat de licence du logiciel qui accompagne ou est fourni avec le logiciel. Vous ne pouvez pas t\u00e9l\u00e9charger ou installer le logiciel avant d&rsquo;avoir lu et accept\u00e9 les termes du contrat de licence du logiciel.<\/p>\n<p><strong>Soumissions des utilisateurs<\/strong>. Tout mat\u00e9riel, information ou autre communication que vous transmettez ou publiez sur ce site sera consid\u00e9r\u00e9 comme non confidentiel et non exclusif (les \u00ab\u00a0communications\u00a0\u00bb). Antec Scientific n&rsquo;aura aucune obligation en ce qui concerne les communications. Antec Scientific et ses repr\u00e9sentants seront libres de copier, divulguer, distribuer, incorporer et utiliser de toute autre mani\u00e8re les communications et toutes les donn\u00e9es, images, sons, textes et autres \u00e9l\u00e9ments qui y sont incorpor\u00e9s \u00e0 toutes fins commerciales ou non commerciales. Il vous est interdit de publier ou de transmettre vers ou depuis ce site tout mat\u00e9riel ill\u00e9gal, mena\u00e7ant, diffamatoire, obsc\u00e8ne, pornographique ou tout autre mat\u00e9riel qui violerait la loi.<\/p>\n<p><strong>Liens vers d&rsquo;autres sites web<\/strong>. Les liens vers des sites web tiers sur ce site sont fournis uniquement pour votre commodit\u00e9. Si vous utilisez ces liens, vous quitterez ce site. Antec Scientific n&rsquo;a pas examin\u00e9 tous ces sites tiers et ne contr\u00f4le pas et n&rsquo;est pas responsable de ces sites ou de leur contenu. Par cons\u00e9quent, Antec Scientific ne cautionne ni ne fait aucune d\u00e9claration \u00e0 leur sujet, ni sur les informations, logiciels ou autres produits ou mat\u00e9riels qui s&rsquo;y trouvent, ni sur les r\u00e9sultats qui peuvent \u00eatre obtenus en les utilisant. Si vous d\u00e9cidez d&rsquo;acc\u00e9der \u00e0 l&rsquo;un des sites tiers li\u00e9s \u00e0 ce site, vous le faites enti\u00e8rement \u00e0 vos propres risques.<\/p>\n<p><strong>Avis de non-responsabilit\u00e9<\/strong>. LE MAT\u00c9RIEL FOURNI SUR CE SITE EST FOURNI \u00ab\u00a0TEL QUEL\u00a0\u00bb SANS AUCUNE GARANTIE D&rsquo;AUCUNE SORTE, Y COMPRIS LES GARANTIES DE QUALIT\u00c9 MARCHANDE, D&rsquo;AD\u00c9QUATION \u00c0 UN USAGE PARTICULIER OU DE NON-VIOLATION DE LA PROPRI\u00c9T\u00c9 INTELLECTUELLE. De plus, Antec Scientific ne garantit pas l&rsquo;exactitude et l&rsquo;exhaustivit\u00e9 des documents de ce site. Antec Scientific peut apporter des modifications aux documents de ce site, ou aux produits et prix qui y sont d\u00e9crits, \u00e0 tout moment et sans pr\u00e9avis. Les documents de ce site peuvent \u00eatre obsol\u00e8tes, et Antec Scientific ne s&rsquo;engage pas \u00e0 mettre \u00e0 jour les documents de ce site. Les informations publi\u00e9es sur ce site peuvent faire r\u00e9f\u00e9rence \u00e0 des produits, programmes ou services qui ne sont pas disponibles dans votre pays. Consultez votre distributeur local Antec Scientific pour obtenir des informations sur les produits, les programmes et les services qui peuvent vous \u00eatre propos\u00e9s. La l\u00e9gislation en vigueur peut ne pas autoriser l&rsquo;exclusion des garanties implicites, de sorte que l&rsquo;exclusion ci-dessus peut ne pas s&rsquo;appliquer \u00e0 vous.<\/p>\n<p><strong>Limitation de la responsabilit\u00e9<\/strong>. En aucun cas, Antec Scientific, ses fournisseurs ou d&rsquo;autres tiers mentionn\u00e9s sur ce site ne pourront \u00eatre tenus responsables de quelque dommage que ce soit (y compris, mais sans s&rsquo;y limiter, ceux r\u00e9sultant d&rsquo;une perte de b\u00e9n\u00e9fices, d&rsquo;une perte de donn\u00e9es ou d&rsquo;une interruption d&rsquo;activit\u00e9) r\u00e9sultant de l&rsquo;utilisation, de l&rsquo;incapacit\u00e9 d&rsquo;utiliser ou des r\u00e9sultats de l&rsquo;utilisation de ce site, de tout site Web li\u00e9 \u00e0 ce site, ou des documents ou informations contenus dans l&rsquo;un ou l&rsquo;autre de ces sites, que ce soit sur la base d&rsquo;une garantie, d&rsquo;un contrat, d&rsquo;un d\u00e9lit ou de toute autre th\u00e9orie juridique et qu&rsquo;ils aient \u00e9t\u00e9 inform\u00e9s de la possibilit\u00e9 de tels dommages. Si votre utilisation du mat\u00e9riel ou des informations de ce site entra\u00eene la n\u00e9cessit\u00e9 d&rsquo;un entretien, d&rsquo;une r\u00e9paration ou d&rsquo;une correction de l&rsquo;\u00e9quipement ou des donn\u00e9es, vous en assumez tous les co\u00fbts. La loi applicable peut ne pas permettre l&rsquo;exclusion ou la limitation des dommages accessoires ou indirects, de sorte que la limitation ou l&rsquo;exclusion ci-dessus peut ne pas s&rsquo;appliquer \u00e0 vous.<\/p>\n<p><strong>G\u00e9n\u00e9ral<\/strong>. Antec Scientific peut r\u00e9viser ces conditions \u00e0 tout moment en mettant \u00e0 jour cette publication. Vous devez consulter cette page de temps \u00e0 autre pour prendre connaissance des conditions en vigueur, car elles vous engagent. Certaines dispositions des pr\u00e9sentes conditions peuvent \u00eatre remplac\u00e9es par des avis juridiques ou des conditions express\u00e9ment d\u00e9sign\u00e9s sur des pages particuli\u00e8res de ce site. Remarque : toute personne \u00e9tablissant un lien vers le site Web d&rsquo;Antec Scientific doit se conformer aux directives relatives \u00e0 l&rsquo;\u00e9tablissement de liens vers le site Web d&rsquo;Antec Scientific et \u00e0 toutes les lois applicables.<\/p>\n<p>&nbsp;<\/p>\n<p>&nbsp;<\/p>\n<p>[\/et_pb_text][\/et_pb_column][et_pb_column type=\u00a0\u00bb1_3&Prime; _builder_version=\u00a0\u00bb3.25&Prime; custom_padding=\u00a0\u00bb|||\u00a0\u00bb custom_padding__hover=\u00a0\u00bb|||\u00a0\u00bb][\/et_pb_column][\/et_pb_row][\/et_pb_section]<\/p>\n","protected":false},"excerpt":{"rendered":"<p>Conditions d&rsquo;utilisation de ce site web, et d\u00e9claration de confidentialit\u00e9.<\/p>\n","protected":false},"author":3,"featured_media":0,"parent":0,"menu_order":0,"comment_status":"closed","ping_status":"closed","template":"","meta":{"_et_pb_use_builder":"on","_et_pb_old_content":"","_et_gb_content_width":"","footnotes":""},"class_list":["post-17364","page","type-page","status-publish","hentry"],"yoast_head":"<!-- This site is optimized with the Yoast SEO plugin v27.4 - https:\/\/yoast.com\/product\/yoast-seo-wordpress\/ -->\n<title>Conditions d&#039;utilisation - Antec Scientific<\/title>\n<meta name=\"description\" content=\"Conditions d&#039;utilisation de ce site web, et d\u00e9claration de confidentialit\u00e9.\" \/>\n<meta name=\"robots\" content=\"index, follow, max-snippet:-1, max-image-preview:large, max-video-preview:-1\" \/>\n<link rel=\"canonical\" href=\"https:\/\/antecscientific.com\/fr\/conditions-dutilisation\/\" \/>\n<meta property=\"og:locale\" content=\"fr_FR\" \/>\n<meta property=\"og:type\" content=\"article\" \/>\n<meta property=\"og:title\" content=\"Conditions d&#039;utilisation - Antec Scientific\" \/>\n<meta property=\"og:description\" content=\"Conditions d&#039;utilisation de ce site web, et d\u00e9claration de confidentialit\u00e9.\" \/>\n<meta property=\"og:url\" content=\"https:\/\/antecscientific.com\/fr\/conditions-dutilisation\/\" \/>\n<meta property=\"og:site_name\" content=\"Antec Scientific\" \/>\n<meta property=\"article:modified_time\" content=\"2023-02-06T13:22:09+00:00\" \/>\n<meta name=\"twitter:card\" content=\"summary_large_image\" \/>\n<meta name=\"twitter:label1\" content=\"Dur\u00e9e de lecture estim\u00e9e\" \/>\n\t<meta name=\"twitter:data1\" content=\"9 minutes\" \/>\n<script type=\"application\/ld+json\" class=\"yoast-schema-graph\">{\"@context\":\"https:\\\/\\\/schema.org\",\"@graph\":[{\"@type\":\"WebPage\",\"@id\":\"https:\\\/\\\/antecscientific.com\\\/fr\\\/conditions-dutilisation\\\/\",\"url\":\"https:\\\/\\\/antecscientific.com\\\/fr\\\/conditions-dutilisation\\\/\",\"name\":\"Conditions d'utilisation - Antec Scientific\",\"isPartOf\":{\"@id\":\"https:\\\/\\\/antecscientific.com\\\/fr\\\/#website\"},\"datePublished\":\"2020-11-30T10:15:47+00:00\",\"dateModified\":\"2023-02-06T13:22:09+00:00\",\"description\":\"Conditions d'utilisation de ce site web, et d\u00e9claration de confidentialit\u00e9.\",\"inLanguage\":\"fr-FR\",\"potentialAction\":[{\"@type\":\"ReadAction\",\"target\":[\"https:\\\/\\\/antecscientific.com\\\/fr\\\/conditions-dutilisation\\\/\"]}]},{\"@type\":\"WebSite\",\"@id\":\"https:\\\/\\\/antecscientific.com\\\/fr\\\/#website\",\"url\":\"https:\\\/\\\/antecscientific.com\\\/fr\\\/\",\"name\":\"Antec Scientific\",\"description\":\"Supporting research to improve quality of life\",\"potentialAction\":[{\"@type\":\"SearchAction\",\"target\":{\"@type\":\"EntryPoint\",\"urlTemplate\":\"https:\\\/\\\/antecscientific.com\\\/fr\\\/?s={search_term_string}\"},\"query-input\":{\"@type\":\"PropertyValueSpecification\",\"valueRequired\":true,\"valueName\":\"search_term_string\"}}],\"inLanguage\":\"fr-FR\"}]}<\/script>\n<!-- \/ Yoast SEO plugin. -->","yoast_head_json":{"title":"Conditions d'utilisation - Antec Scientific","description":"Conditions d'utilisation de ce site web, et d\u00e9claration de confidentialit\u00e9.","robots":{"index":"index","follow":"follow","max-snippet":"max-snippet:-1","max-image-preview":"max-image-preview:large","max-video-preview":"max-video-preview:-1"},"canonical":"https:\/\/antecscientific.com\/fr\/conditions-dutilisation\/","og_locale":"fr_FR","og_type":"article","og_title":"Conditions d'utilisation - Antec Scientific","og_description":"Conditions d'utilisation de ce site web, et d\u00e9claration de confidentialit\u00e9.","og_url":"https:\/\/antecscientific.com\/fr\/conditions-dutilisation\/","og_site_name":"Antec Scientific","article_modified_time":"2023-02-06T13:22:09+00:00","twitter_card":"summary_large_image","twitter_misc":{"Dur\u00e9e de lecture estim\u00e9e":"9 minutes"},"schema":{"@context":"https:\/\/schema.org","@graph":[{"@type":"WebPage","@id":"https:\/\/antecscientific.com\/fr\/conditions-dutilisation\/","url":"https:\/\/antecscientific.com\/fr\/conditions-dutilisation\/","name":"Conditions d'utilisation - Antec Scientific","isPartOf":{"@id":"https:\/\/antecscientific.com\/fr\/#website"},"datePublished":"2020-11-30T10:15:47+00:00","dateModified":"2023-02-06T13:22:09+00:00","description":"Conditions d'utilisation de ce site web, et d\u00e9claration de confidentialit\u00e9.","inLanguage":"fr-FR","potentialAction":[{"@type":"ReadAction","target":["https:\/\/antecscientific.com\/fr\/conditions-dutilisation\/"]}]},{"@type":"WebSite","@id":"https:\/\/antecscientific.com\/fr\/#website","url":"https:\/\/antecscientific.com\/fr\/","name":"Antec Scientific","description":"Supporting research to improve quality of life","potentialAction":[{"@type":"SearchAction","target":{"@type":"EntryPoint","urlTemplate":"https:\/\/antecscientific.com\/fr\/?s={search_term_string}"},"query-input":{"@type":"PropertyValueSpecification","valueRequired":true,"valueName":"search_term_string"}}],"inLanguage":"fr-FR"}]}},"_links":{"self":[{"href":"https:\/\/antecscientific.com\/fr\/wp-json\/wp\/v2\/pages\/17364","targetHints":{"allow":["GET"]}}],"collection":[{"href":"https:\/\/antecscientific.com\/fr\/wp-json\/wp\/v2\/pages"}],"about":[{"href":"https:\/\/antecscientific.com\/fr\/wp-json\/wp\/v2\/types\/page"}],"author":[{"embeddable":true,"href":"https:\/\/antecscientific.com\/fr\/wp-json\/wp\/v2\/users\/3"}],"replies":[{"embeddable":true,"href":"https:\/\/antecscientific.com\/fr\/wp-json\/wp\/v2\/comments?post=17364"}],"version-history":[{"count":10,"href":"https:\/\/antecscientific.com\/fr\/wp-json\/wp\/v2\/pages\/17364\/revisions"}],"predecessor-version":[{"id":17454,"href":"https:\/\/antecscientific.com\/fr\/wp-json\/wp\/v2\/pages\/17364\/revisions\/17454"}],"wp:attachment":[{"href":"https:\/\/antecscientific.com\/fr\/wp-json\/wp\/v2\/media?parent=17364"}],"curies":[{"name":"wp","href":"https:\/\/api.w.org\/{rel}","templated":true}]}}