{"id":17230,"date":"2020-09-05T10:50:45","date_gmt":"2020-09-05T08:50:45","guid":{"rendered":"https:\/\/antecscientific.com\/europe\/"},"modified":"2025-12-04T14:12:37","modified_gmt":"2025-12-04T13:12:37","slug":"europe","status":"publish","type":"page","link":"https:\/\/antecscientific.com\/fr\/a-propos-de\/contact\/europe\/","title":{"rendered":"Europe"},"content":{"rendered":"<p>[et_pb_section fb_built=\u00a0\u00bb1&Prime; admin_label=\u00a0\u00bbHeader\u00a0\u00bb _builder_version=\u00a0\u00bb4.16&Prime; background_image=\u00a0\u00bbhttps:\/\/antecscientific.com\/wp-content\/uploads\/2020\/11\/distribution1.jpg\u00a0\u00bb parallax=\u00a0\u00bbon\u00a0\u00bb custom_padding=\u00a0\u00bb2vw|0px|200px|0px|false|false\u00a0\u00bb collapsed=\u00a0\u00bbon\u00a0\u00bb global_colors_info=\u00a0\u00bb{}\u00a0\u00bb][et_pb_row _builder_version=\u00a0\u00bb4.16&Prime; global_colors_info=\u00a0\u00bb{}\u00a0\u00bb][et_pb_column type=\u00a0\u00bb4_4&Prime; _builder_version=\u00a0\u00bb4.16&Prime; custom_padding=\u00a0\u00bb|||\u00a0\u00bb global_colors_info=\u00a0\u00bb{}\u00a0\u00bb custom_padding__hover=\u00a0\u00bb|||\u00a0\u00bb][et_pb_text admin_label=\u00a0\u00bbBreadcrumbs (don&rsquo;t touch)\u00a0\u00bb _builder_version=\u00a0\u00bb4.16&Prime; text_font=\u00a0\u00bb|700|||||||\u00a0\u00bb text_text_color=\u00a0\u00bb#ffffff\u00a0\u00bb text_font_size=\u00a0\u00bb15px\u00a0\u00bb link_font=\u00a0\u00bb|700|||||||\u00a0\u00bb link_text_color=\u00a0\u00bb#ffffff\u00a0\u00bb link_font_size=\u00a0\u00bb15px\u00a0\u00bb global_colors_info=\u00a0\u00bb{}\u00a0\u00bb]<\/p>\n\n<p>[\/et_pb_text][et_pb_text admin_label=\u00a0\u00bbBig page title (don&rsquo;t touch)\u00a0\u00bb _builder_version=\u00a0\u00bb4.16&Prime; _dynamic_attributes=\u00a0\u00bbcontent\u00a0\u00bb text_font=\u00a0\u00bb||||||||\u00a0\u00bb header_font=\u00a0\u00bb|700|||||||\u00a0\u00bb header_text_color=\u00a0\u00bb#ffffff\u00a0\u00bb header_font_size=\u00a0\u00bb80px\u00a0\u00bb header_line_height=\u00a0\u00bb1.2em\u00a0\u00bb header_5_font=\u00a0\u00bbRaleway|700||on|||||\u00a0\u00bb header_5_text_color=\u00a0\u00bb#000000&Prime; header_5_font_size=\u00a0\u00bb20px\u00a0\u00bb header_5_letter_spacing=\u00a0\u00bb0.5em\u00a0\u00bb header_5_line_height=\u00a0\u00bb1.8em\u00a0\u00bb animation_style=\u00a0\u00bbzoom\u00a0\u00bb animation_intensity_zoom=\u00a0\u00bb5%\u00a0\u00bb header_font_size_tablet=\u00a0\u00bb48px\u00a0\u00bb header_font_size_phone=\u00a0\u00bb32px\u00a0\u00bb header_font_size_last_edited=\u00a0\u00bbon|phone\u00a0\u00bb header_5_font_size_tablet=\u00a0\u00bb14px\u00a0\u00bb header_5_font_size_phone=\u00a0\u00bb12px\u00a0\u00bb header_5_font_size_last_edited=\u00a0\u00bbon|desktop\u00a0\u00bb global_colors_info=\u00a0\u00bb{}\u00a0\u00bb]@ET-DC@eyJkeW5hbWljIjp0cnVlLCJjb250ZW50IjoicG9zdF90aXRsZSIsInNldHRpbmdzIjp7ImJlZm9yZSI6IjxoMT4iLCJhZnRlciI6IjxcL2gxPiJ9fQ==@[\/et_pb_text][\/et_pb_column][\/et_pb_row][\/et_pb_section][et_pb_section fb_built=\u00a0\u00bb1&Prime; admin_label=\u00a0\u00bbContent\u00a0\u00bb _builder_version=\u00a0\u00bb4.16&Prime; background_color=\u00a0\u00bb#ffffff\u00a0\u00bb max_width=\u00a0\u00bb90%\u00a0\u00bb max_width_tablet=\u00a0\u00bb\u00a0\u00bb max_width_phone=\u00a0\u00bb100%\u00a0\u00bb max_width_last_edited=\u00a0\u00bbon|phone\u00a0\u00bb custom_margin=\u00a0\u00bb-160px||0px||false|false\u00a0\u00bb custom_padding=\u00a0\u00bb||0px||false|false\u00a0\u00bb border_color_all=\u00a0\u00bb#ffffff\u00a0\u00bb border_width_left=\u00a0\u00bb10vw\u00a0\u00bb global_colors_info=\u00a0\u00bb{}\u00a0\u00bb][et_pb_row column_structure=\u00a0\u00bb2_3,1_3&Prime; custom_padding_last_edited=\u00a0\u00bbon|phone\u00a0\u00bb _builder_version=\u00a0\u00bb4.16&Prime; vertical_offset_tablet=\u00a0\u00bb0&Prime; horizontal_offset_tablet=\u00a0\u00bb0&Prime; width=\u00a0\u00bbauto\u00a0\u00bb max_width=\u00a0\u00bbnone\u00a0\u00bb custom_padding=\u00a0\u00bb27px|0|27px|0px|false|false\u00a0\u00bb custom_padding_tablet=\u00a0\u00bb|0px||0px||true\u00a0\u00bb custom_padding_phone=\u00a0\u00bb|10%||0px|false|false\u00a0\u00bb z_index_tablet=\u00a0\u00bb0&Prime; box_shadow_horizontal_tablet=\u00a0\u00bb0px\u00a0\u00bb box_shadow_vertical_tablet=\u00a0\u00bb0px\u00a0\u00bb box_shadow_blur_tablet=\u00a0\u00bb40px\u00a0\u00bb box_shadow_spread_tablet=\u00a0\u00bb0px\u00a0\u00bb global_colors_info=\u00a0\u00bb{}\u00a0\u00bb][et_pb_column type=\u00a0\u00bb2_3&Prime; _builder_version=\u00a0\u00bb4.16&Prime; custom_padding=\u00a0\u00bb|||\u00a0\u00bb global_colors_info=\u00a0\u00bb{}\u00a0\u00bb custom_padding__hover=\u00a0\u00bb|||\u00a0\u00bb][et_pb_text admin_label=\u00a0\u00bbSubtitle\u00a0\u00bb _builder_version=\u00a0\u00bb4.27.2&Prime; text_line_height=\u00a0\u00bb2em\u00a0\u00bb header_2_font=\u00a0\u00bb|600||on|||||\u00a0\u00bb header_2_text_color=\u00a0\u00bb#df0834&Prime; header_2_font_size=\u00a0\u00bb20px\u00a0\u00bb header_2_line_height=\u00a0\u00bb1.4em\u00a0\u00bb header_6_font=\u00a0\u00bb|700||on|||||\u00a0\u00bb header_6_font_size=\u00a0\u00bb16px\u00a0\u00bb header_6_letter_spacing=\u00a0\u00bb5px\u00a0\u00bb header_6_line_height=\u00a0\u00bb1.8em\u00a0\u00bb vertical_offset_tablet=\u00a0\u00bb0&Prime; horizontal_offset_tablet=\u00a0\u00bb0&Prime; max_width=\u00a0\u00bb700px\u00a0\u00bb module_alignment=\u00a0\u00bbcenter\u00a0\u00bb custom_margin=\u00a0\u00bb||0px||false|false\u00a0\u00bb custom_padding=\u00a0\u00bb||0px||false|false\u00a0\u00bb header_2_font_size_tablet=\u00a0\u00bb25px\u00a0\u00bb header_2_font_size_phone=\u00a0\u00bb\u00a0\u00bb header_2_font_size_last_edited=\u00a0\u00bbon|phone\u00a0\u00bb z_index_tablet=\u00a0\u00bb0&Prime; text_text_shadow_horizontal_length_tablet=\u00a0\u00bb0px\u00a0\u00bb text_text_shadow_vertical_length_tablet=\u00a0\u00bb0px\u00a0\u00bb text_text_shadow_blur_strength_tablet=\u00a0\u00bb1px\u00a0\u00bb link_text_shadow_horizontal_length_tablet=\u00a0\u00bb0px\u00a0\u00bb link_text_shadow_vertical_length_tablet=\u00a0\u00bb0px\u00a0\u00bb link_text_shadow_blur_strength_tablet=\u00a0\u00bb1px\u00a0\u00bb ul_text_shadow_horizontal_length_tablet=\u00a0\u00bb0px\u00a0\u00bb ul_text_shadow_vertical_length_tablet=\u00a0\u00bb0px\u00a0\u00bb ul_text_shadow_blur_strength_tablet=\u00a0\u00bb1px\u00a0\u00bb ol_text_shadow_horizontal_length_tablet=\u00a0\u00bb0px\u00a0\u00bb ol_text_shadow_vertical_length_tablet=\u00a0\u00bb0px\u00a0\u00bb ol_text_shadow_blur_strength_tablet=\u00a0\u00bb1px\u00a0\u00bb quote_text_shadow_horizontal_length_tablet=\u00a0\u00bb0px\u00a0\u00bb quote_text_shadow_vertical_length_tablet=\u00a0\u00bb0px\u00a0\u00bb quote_text_shadow_blur_strength_tablet=\u00a0\u00bb1px\u00a0\u00bb header_text_shadow_horizontal_length_tablet=\u00a0\u00bb0px\u00a0\u00bb header_text_shadow_vertical_length_tablet=\u00a0\u00bb0px\u00a0\u00bb header_text_shadow_blur_strength_tablet=\u00a0\u00bb1px\u00a0\u00bb header_2_text_shadow_horizontal_length_tablet=\u00a0\u00bb0px\u00a0\u00bb header_2_text_shadow_vertical_length_tablet=\u00a0\u00bb0px\u00a0\u00bb header_2_text_shadow_blur_strength_tablet=\u00a0\u00bb1px\u00a0\u00bb header_3_text_shadow_horizontal_length_tablet=\u00a0\u00bb0px\u00a0\u00bb header_3_text_shadow_vertical_length_tablet=\u00a0\u00bb0px\u00a0\u00bb header_3_text_shadow_blur_strength_tablet=\u00a0\u00bb1px\u00a0\u00bb header_4_text_shadow_horizontal_length_tablet=\u00a0\u00bb0px\u00a0\u00bb header_4_text_shadow_vertical_length_tablet=\u00a0\u00bb0px\u00a0\u00bb header_4_text_shadow_blur_strength_tablet=\u00a0\u00bb1px\u00a0\u00bb header_5_text_shadow_horizontal_length_tablet=\u00a0\u00bb0px\u00a0\u00bb header_5_text_shadow_vertical_length_tablet=\u00a0\u00bb0px\u00a0\u00bb header_5_text_shadow_blur_strength_tablet=\u00a0\u00bb1px\u00a0\u00bb header_6_text_shadow_horizontal_length_tablet=\u00a0\u00bb0px\u00a0\u00bb header_6_text_shadow_vertical_length_tablet=\u00a0\u00bb0px\u00a0\u00bb header_6_text_shadow_blur_strength_tablet=\u00a0\u00bb1px\u00a0\u00bb box_shadow_horizontal_tablet=\u00a0\u00bb0px\u00a0\u00bb box_shadow_vertical_tablet=\u00a0\u00bb0px\u00a0\u00bb box_shadow_blur_tablet=\u00a0\u00bb40px\u00a0\u00bb box_shadow_spread_tablet=\u00a0\u00bb0px\u00a0\u00bb global_colors_info=\u00a0\u00bb{}\u00a0\u00bb]<\/p>\n<h2>Distributeurs<\/h2>\n<p>[\/et_pb_text][et_pb_text admin_label=\u00a0\u00bbParagraph\u00a0\u00bb _builder_version=\u00a0\u00bb4.27.4&Prime; text_font_size=\u00a0\u00bb18px\u00a0\u00bb text_line_height=\u00a0\u00bb2em\u00a0\u00bb header_2_font=\u00a0\u00bbRaleway|700|||||||\u00a0\u00bb header_2_font_size=\u00a0\u00bb50px\u00a0\u00bb header_2_line_height=\u00a0\u00bb1.4em\u00a0\u00bb header_6_font=\u00a0\u00bbRaleway|700||on|||||\u00a0\u00bb header_6_font_size=\u00a0\u00bb16px\u00a0\u00bb header_6_letter_spacing=\u00a0\u00bb5px\u00a0\u00bb header_6_line_height=\u00a0\u00bb1.8em\u00a0\u00bb vertical_offset_tablet=\u00a0\u00bb0&Prime; horizontal_offset_tablet=\u00a0\u00bb0&Prime; text_orientation=\u00a0\u00bbjustified\u00a0\u00bb max_width=\u00a0\u00bb700px\u00a0\u00bb module_alignment=\u00a0\u00bbcenter\u00a0\u00bb custom_margin=\u00a0\u00bb0px||||false|false\u00a0\u00bb custom_padding=\u00a0\u00bb0px||||false|false\u00a0\u00bb hover_enabled=\u00a0\u00bb0&Prime; header_2_font_size_tablet=\u00a0\u00bb35px\u00a0\u00bb header_2_font_size_phone=\u00a0\u00bb25px\u00a0\u00bb header_2_font_size_last_edited=\u00a0\u00bbon|phone\u00a0\u00bb z_index_tablet=\u00a0\u00bb0&Prime; text_orientation_tablet=\u00a0\u00bb\u00a0\u00bb text_orientation_phone=\u00a0\u00bbleft\u00a0\u00bb text_orientation_last_edited=\u00a0\u00bbon|desktop\u00a0\u00bb text_text_shadow_horizontal_length_tablet=\u00a0\u00bb0px\u00a0\u00bb text_text_shadow_vertical_length_tablet=\u00a0\u00bb0px\u00a0\u00bb text_text_shadow_blur_strength_tablet=\u00a0\u00bb1px\u00a0\u00bb link_text_shadow_horizontal_length_tablet=\u00a0\u00bb0px\u00a0\u00bb link_text_shadow_vertical_length_tablet=\u00a0\u00bb0px\u00a0\u00bb link_text_shadow_blur_strength_tablet=\u00a0\u00bb1px\u00a0\u00bb ul_text_shadow_horizontal_length_tablet=\u00a0\u00bb0px\u00a0\u00bb ul_text_shadow_vertical_length_tablet=\u00a0\u00bb0px\u00a0\u00bb ul_text_shadow_blur_strength_tablet=\u00a0\u00bb1px\u00a0\u00bb ol_text_shadow_horizontal_length_tablet=\u00a0\u00bb0px\u00a0\u00bb ol_text_shadow_vertical_length_tablet=\u00a0\u00bb0px\u00a0\u00bb ol_text_shadow_blur_strength_tablet=\u00a0\u00bb1px\u00a0\u00bb quote_text_shadow_horizontal_length_tablet=\u00a0\u00bb0px\u00a0\u00bb quote_text_shadow_vertical_length_tablet=\u00a0\u00bb0px\u00a0\u00bb quote_text_shadow_blur_strength_tablet=\u00a0\u00bb1px\u00a0\u00bb header_text_shadow_horizontal_length_tablet=\u00a0\u00bb0px\u00a0\u00bb header_text_shadow_vertical_length_tablet=\u00a0\u00bb0px\u00a0\u00bb header_text_shadow_blur_strength_tablet=\u00a0\u00bb1px\u00a0\u00bb header_2_text_shadow_horizontal_length_tablet=\u00a0\u00bb0px\u00a0\u00bb header_2_text_shadow_vertical_length_tablet=\u00a0\u00bb0px\u00a0\u00bb header_2_text_shadow_blur_strength_tablet=\u00a0\u00bb1px\u00a0\u00bb header_3_text_shadow_horizontal_length_tablet=\u00a0\u00bb0px\u00a0\u00bb header_3_text_shadow_vertical_length_tablet=\u00a0\u00bb0px\u00a0\u00bb header_3_text_shadow_blur_strength_tablet=\u00a0\u00bb1px\u00a0\u00bb header_4_text_shadow_horizontal_length_tablet=\u00a0\u00bb0px\u00a0\u00bb header_4_text_shadow_vertical_length_tablet=\u00a0\u00bb0px\u00a0\u00bb header_4_text_shadow_blur_strength_tablet=\u00a0\u00bb1px\u00a0\u00bb header_5_text_shadow_horizontal_length_tablet=\u00a0\u00bb0px\u00a0\u00bb header_5_text_shadow_vertical_length_tablet=\u00a0\u00bb0px\u00a0\u00bb header_5_text_shadow_blur_strength_tablet=\u00a0\u00bb1px\u00a0\u00bb header_6_text_shadow_horizontal_length_tablet=\u00a0\u00bb0px\u00a0\u00bb header_6_text_shadow_vertical_length_tablet=\u00a0\u00bb0px\u00a0\u00bb header_6_text_shadow_blur_strength_tablet=\u00a0\u00bb1px\u00a0\u00bb box_shadow_horizontal_tablet=\u00a0\u00bb0px\u00a0\u00bb box_shadow_vertical_tablet=\u00a0\u00bb0px\u00a0\u00bb box_shadow_blur_tablet=\u00a0\u00bb40px\u00a0\u00bb box_shadow_spread_tablet=\u00a0\u00bb0px\u00a0\u00bb global_colors_info=\u00a0\u00bb{}\u00a0\u00bb sticky_enabled=\u00a0\u00bb0&Prime;]<\/p>\n<h3>Autriche<\/h3>\n<p><strong>Antec Scientific<\/strong><br \/>T : +49 15 2900 11933<br \/>T : +31 (0)172 268 888 (HQ)<br \/>E : <a href=\"mailto:info.austria@antecscientific.com\">info.austria@antecscientific.com<\/a><br \/>W : <a href=\"http:\/\/www.antecscientific.com\" target=\"_blank\" rel=\"noopener noreferrer\">www.antecscientific.com<\/a><\/p>\n<hr size=\"1\">\n<h3>Belgique<\/h3>\n<p><strong>Antec Scientific<\/strong><br \/>T : +31 (0)172 268 888 (HQ)<br \/>E : <a href=\"mailto:info@antecscientific.com\">info@antecscientific.com<\/a><br \/>W : <a href=\"http:\/\/www.antecscientific.com\" target=\"_blank\" rel=\"noopener noreferrer\">www.antecscientific.com<\/a><\/p>\n<hr size=\"1\">\n<h3>Bosnie-Herz\u00e9govine<\/h3>\n<p><strong>BIA d.o.o.<\/strong><br \/>T : +386 1 426 45 88<br \/>E : <a href=\"mailto:sales@bia.si\">sales@bia.si<\/a><br \/>W : <a href=\"http:\/\/www.bia.si\" target=\"_blank\" rel=\"noopener noreferrer\">www.bia.si<\/a><\/p>\n<hr size=\"1\">\n<h3>Bulgarie<\/h3>\n<p><strong>Chromtek Ltd.<\/strong><br \/>T : +359 899 366651<br \/>E : <a href=\"mailto:sales@chromtek.bg\">sales@chromtek.bg<\/a><br \/>W : <a href=\"http:\/\/www.chromtek.bg\" target=\"_blank\" rel=\"noopener noreferrer\">www.chromtek.bg<\/a><\/p>\n<hr size=\"1\">\n<h3>Croatie<\/h3>\n<p><strong>BIA d.o.o.<\/strong><br \/>T : +386 1 426 45 88<br \/>E : <a href=\"mailto:sales@bia.si\">sales@bia.si<\/a><br \/>W : <a href=\"http:\/\/www.bia.si\" target=\"_blank\" rel=\"noopener noreferrer\">www.bia.si<\/a><\/p>\n<hr size=\"1\">\n<h3>R\u00e9publique tch\u00e8que<\/h3>\n<p><strong>Watrex Praha, s.r.o.<\/strong><br \/>T : +420 226 203 500<br \/>E : <a href=\"mailto:watrex@watrex.com\">watrex@watrex.com<\/a><br \/>W : <a href=\"https:\/\/watrex.com\" target=\"_blank\" rel=\"noopener noreferrer\">www.watrex.com<\/a><\/p>\n<hr size=\"1\">\n<h3>Danemark<\/h3>\n<p><strong>MD Scientific ApS<\/strong><br \/>T : +45 7027 8565<br \/>E : <a href=\"mailto:info@md-scientific.dk\">info@md-scientific.dk<\/a><br \/>W : <a href=\"http:\/\/www.md-scientific.dk\" target=\"_blank\" rel=\"noopener noreferrer\">www.md-scientific.dk<\/a><\/p>\n<hr size=\"1\">\n<h3>Estonie<\/h3>\n<p><strong>Ordior Eesti<\/strong><br \/>T : +372 7307833<br \/>E : <a href=\"mailto:info@ordioreesti.ee\">info@ordioreesti.ee<\/a><br \/>W : <a href=\"http:\/\/www.ordioreesti.ee\" target=\"_blank\" rel=\"noopener noreferrer\">www.ordioreesti.ee<\/a><\/p>\n<hr size=\"1\">\n<h3>Finlande<\/h3>\n<p><strong>Berner Oy<\/strong><br \/>T : +358 (0)20 690 761<br \/>E : <a href=\"mailto:pro.huolto@berner.fi\">pro.huolto@berner.fi<\/a><br \/>W : <a href=\"http:\/\/www.berner.fi\/pro\" target=\"_blank\" rel=\"noopener noreferrer\">www.berner.fi\/pro<\/a><\/p>\n<hr size=\"1\">\n<h3>Allemagne<\/h3>\n<p><strong>Antec Scientific<\/strong><br \/>T : +49 15 2900 11933<br \/>T : +31 (0)172 268 888 (HQ)<br \/>E : <a href=\"mailto:info.germany@antecscientific.com\">info.germany@antecscientific.com<\/a><br \/>W : <a href=\"http:\/\/www.antecscientific.com\" target=\"_blank\" rel=\"noopener noreferrer\">www.antecscientific.com<\/a><\/p>\n<hr size=\"1\">\n<h3>Gr\u00e8ce<\/h3>\n<p><strong>N. ASTERIADIS S.A.<\/strong><br \/>T : +30 2310 260 331<br \/>E : <a href=\"mailto:info@asteriadis.gr\">info@asteriadis.gr<\/a><br \/>W : <a href=\"http:\/\/www.asteriadis.gr\" target=\"_blank\" rel=\"noopener noreferrer\">www.asteriadis.gr<\/a><\/p>\n<hr size=\"1\">\n<h3>Hongrie<\/h3>\n<p><strong>ABL&amp;E &#8211; JASCO Hungary Ltd.<\/strong><br \/>T : +36 1 209 3538<br \/>E : <a href=\"mailto:info@ablelab.com\">info@ablelab.com<\/a><br \/>W : <a href=\"http:\/\/www.ablelab.com\" target=\"_blank\" rel=\"noopener noreferrer\">www.ablelab.com<\/a><\/p>\n<hr size=\"1\">\n<h3>Irlande<\/h3>\n<p><strong>Verulam Scientific Ltd.<\/strong><br \/>T : +44 (0) 1234 381000<br \/>E : <a href=\"mailto:enquiries@verulamscientific.com\">enquiries@verulamscientific.com<\/a><br \/>W : <a href=\"http:\/\/www.verulamscientific.com\" target=\"_blank\" rel=\"noopener noreferrer\">www.verulamscientific.com<\/a><\/p>\n<hr size=\"1\">\n<h3>Italie<\/h3>\n<p><strong>Alfatech S.r.l.<\/strong><br \/>T : +39 010 469 9369<br \/>E : <a href=\"mailto:info@alfatechspa.com\">info@alfatechspa.com<\/a><br \/>W : <a href=\"http:\/\/www.alfatechspa.com\" target=\"_blank\" rel=\"noopener noreferrer\">www.alfatechspa.com<\/a><\/p>\n<hr size=\"1\">\n<h3>Pays-Bas<\/h3>\n<p><strong>Antec Scientific<\/strong><br \/>T : +31 (0)172 268 888 (HQ)<br \/>E : <a href=\"mailto:info@antecscientific.com\">info@antecscientific.com<\/a><br \/>W : <a href=\"http:\/\/www.antecscientific.com\" target=\"_blank\" rel=\"noopener noreferrer\">www.antecscientific.com<\/a><\/p>\n<hr size=\"1\">\n<h3>Norv\u00e8ge<\/h3>\n<p><strong>Matriks AS<\/strong><br \/>T : +47 22958562<br \/>E : <a href=\"mailto:post@matriks.no\">post@matriks.no<\/a><br \/>W : <a href=\"http:\/\/www.matriks.no\" target=\"_blank\" rel=\"noopener noreferrer\">www.matriks.no<\/a><\/p>\n<hr size=\"1\">\n<h3>Pologne<\/h3>\n<p><strong>SHIM-POL A.M.BORZYMOWSKI<\/strong><br \/>T : +48 22 7227048<br \/>E : <a href=\"mailto:biuro@shim-pol.pl\">biuro@shim-pol.pl<\/a><br \/>W : <a href=\"http:\/\/www.shim-pol.pl\" target=\"_blank\" rel=\"noopener noreferrer\">www.shim-pol.pl<\/a><\/p>\n<hr size=\"1\">\n<h3>Portugal<\/h3>\n<p><strong>LusoPalex Lda<\/strong><br \/>T : +351 21 434 4740<br \/>E : <a href=\"mailto:info@lusopalex.com\">info@lusopalex.com<\/a><br \/>W : <a href=\"https:\/\/lusopalexlaboratorio.com\/en\/\" target=\"_blank\" rel=\"noopener noreferrer\">www.lusopalexlaboratorio.com<\/a><\/p>\n<hr size=\"1\">\n<h3>Roumanie<\/h3>\n<p><strong>ABL&amp;E &#8211; JASCO Romania S.R.L<\/strong><br \/>T : +40 264 594 286<br \/>E : <a href=\"mailto:info@ablelab.com\">info@ablelab.com<\/a><br \/>W : <a href=\"http:\/\/www.ablelab.com\" target=\"_blank\" rel=\"noopener noreferrer\">www.ablelab.com<\/a><\/p>\n<hr size=\"1\">\n<h3>Serbie et Mont\u00e9n\u00e9gro<\/h3>\n<p><strong>ABL&amp;E &#8211; JASCO Hungary Ltd.<\/strong><br \/>T : +36 1 209 3538<br \/>E : <a href=\"mailto:info@ablelab.com\">info@ablelab.com<\/a><br \/>W : <a href=\"http:\/\/www.ablelab.com\" target=\"_blank\" rel=\"noopener noreferrer\">www.ablelab.com<\/a><\/p>\n<hr size=\"1\">\n<h3>Slovaquie<\/h3>\n<p><strong>Shimadzu Slovaquie<\/strong><br \/>T : +421 2 48200081-4<br \/>E : <a href=\"mailto:sk@shimadzu.eu\">sk@shimadzu.eu<\/a><br \/>W : <a href=\"https:\/\/www.shimadzu.sk\/home\" target=\"_blank\" rel=\"noopener noreferrer\">www.shimadzu.sk<\/a><\/p>\n<hr size=\"1\">\n<h3>Slov\u00e9nie<\/h3>\n<p><strong>BIA d.o.o.<\/strong><br \/>T : +386 1 426 45 88<br \/>E : <a href=\"mailto:sales@bia.si\">sales@bia.si<\/a><br \/>W : <a href=\"http:\/\/www.bia.si\" target=\"_blank\" rel=\"noopener noreferrer\">www.bia.si<\/a><\/p>\n<hr size=\"1\">\n<h3>Espagne<\/h3>\n<p><strong>Ingenieria Analitica s.l.<\/strong><br \/>T : +34 93 590 2850<br \/>E : <a href=\"mailto:inf@ingenieria-analitica.com\">inf@ingenieria-analitica.com<\/a><br \/>W : <a href=\"http:\/\/www.ingenieria-analitica.com\" target=\"_blank\" rel=\"noopener noreferrer\">www.ingenieria-analitica.com<\/a><\/p>\n<hr size=\"1\">\n<h3>Suisse<\/h3>\n<p><strong>Antec Scientific<\/strong><br \/>T : +49 15 2900 11933<br \/>T : +31 (0)172 268 888 (HQ)<br \/>E : <a href=\"mailto:info.swiss@antecscientific.com\">info.swiss@antecscientific.com<\/a><br \/>W : <a href=\"http:\/\/www.antecscientific.com\" target=\"_blank\" rel=\"noopener noreferrer\">www.antecscientific.com<\/a><\/p>\n<hr size=\"1\">\n<h3>Turquie<\/h3>\n<p><strong>Terralab Laboratuvar Malzemeleri San. Tic. A.S.  <\/strong><br \/>E : <a href=\"mailto:info@terralab.com.tr\">info@terralab.com.tr<\/a><br \/>W <a href=\"https:\/\/www.terralab.com.tr\">: https:\/\/www.terralab.com.tr<\/a><\/p>\n<p>\u00dcmit Mahallesi 2544. Sokak No:9 \u00dcmitk\u00f6y<br \/>06810 \u00c7ankaya \/ ANKARA<br \/>+90 (312) 472 73 96 <\/p>\n<p>et<\/p>\n<p>Esentepe Mh. E5 Karayolu D100 G\u00fcney Yanyolu<br \/>So\u011fanl\u0131k Sapa\u011f\u0131 25\/1036<br \/>34870 Kartal \/ \u0130STANBUL<br \/>+90 (216) 327 52 70 <\/p>\n<hr size=\"1\">\n<h3>Royaume-Uni<\/h3>\n<p><strong>Verulam Scientific Ltd.<\/strong><br \/>T : +44 (0) 1234 381000<br \/>E : <a href=\"mailto:enquiries@verulamscientific.com\">enquiries@verulamscientific.com<\/a><br \/>W : <a href=\"http:\/\/www.verulamscientific.com\" target=\"_blank\" rel=\"noopener noreferrer\">www.verulamscientific.com<\/a><\/p>\n<p>[\/et_pb_text][\/et_pb_column][et_pb_column type=\u00a0\u00bb1_3&Prime; _builder_version=\u00a0\u00bb4.16&Prime; custom_padding=\u00a0\u00bb5%|5%|||false|false\u00a0\u00bb global_colors_info=\u00a0\u00bb{}\u00a0\u00bb custom_padding__hover=\u00a0\u00bb|||\u00a0\u00bb][\/et_pb_column][\/et_pb_row][\/et_pb_section]<\/p>\n","protected":false},"excerpt":{"rendered":"<p>Distributeurs Antec Scientific en Europe<\/p>\n","protected":false},"author":3,"featured_media":0,"parent":17921,"menu_order":0,"comment_status":"closed","ping_status":"closed","template":"","meta":{"_et_pb_use_builder":"on","_et_pb_old_content":"","_et_gb_content_width":"","footnotes":""},"class_list":["post-17230","page","type-page","status-publish","hentry"],"yoast_head":"<!-- This site is optimized with the Yoast SEO plugin v27.4 - https:\/\/yoast.com\/product\/yoast-seo-wordpress\/ -->\n<title>Europe - Antec Scientific<\/title>\n<meta name=\"description\" content=\"Distributeurs Antec Scientific en Europe\" \/>\n<meta name=\"robots\" content=\"index, follow, max-snippet:-1, max-image-preview:large, max-video-preview:-1\" \/>\n<link rel=\"canonical\" href=\"https:\/\/antecscientific.com\/fr\/a-propos-de\/contact\/europe\/\" \/>\n<meta property=\"og:locale\" content=\"fr_FR\" \/>\n<meta property=\"og:type\" content=\"article\" \/>\n<meta property=\"og:title\" content=\"Europe - Antec Scientific\" \/>\n<meta property=\"og:description\" content=\"Distributeurs Antec Scientific en Europe\" \/>\n<meta property=\"og:url\" content=\"https:\/\/antecscientific.com\/fr\/a-propos-de\/contact\/europe\/\" \/>\n<meta property=\"og:site_name\" content=\"Antec Scientific\" \/>\n<meta property=\"article:modified_time\" content=\"2025-12-04T13:12:37+00:00\" \/>\n<meta name=\"twitter:card\" content=\"summary_large_image\" \/>\n<meta name=\"twitter:label1\" content=\"Dur\u00e9e de lecture estim\u00e9e\" \/>\n\t<meta name=\"twitter:data1\" content=\"7 minutes\" \/>\n<script type=\"application\/ld+json\" class=\"yoast-schema-graph\">{\"@context\":\"https:\\\/\\\/schema.org\",\"@graph\":[{\"@type\":\"WebPage\",\"@id\":\"https:\\\/\\\/antecscientific.com\\\/fr\\\/a-propos-de\\\/contact\\\/europe\\\/\",\"url\":\"https:\\\/\\\/antecscientific.com\\\/fr\\\/a-propos-de\\\/contact\\\/europe\\\/\",\"name\":\"Europe - Antec Scientific\",\"isPartOf\":{\"@id\":\"https:\\\/\\\/antecscientific.com\\\/fr\\\/#website\"},\"datePublished\":\"2020-09-05T08:50:45+00:00\",\"dateModified\":\"2025-12-04T13:12:37+00:00\",\"description\":\"Distributeurs Antec Scientific en Europe\",\"breadcrumb\":{\"@id\":\"https:\\\/\\\/antecscientific.com\\\/fr\\\/a-propos-de\\\/contact\\\/europe\\\/#breadcrumb\"},\"inLanguage\":\"fr-FR\",\"potentialAction\":[{\"@type\":\"ReadAction\",\"target\":[\"https:\\\/\\\/antecscientific.com\\\/fr\\\/a-propos-de\\\/contact\\\/europe\\\/\"]}]},{\"@type\":\"BreadcrumbList\",\"@id\":\"https:\\\/\\\/antecscientific.com\\\/fr\\\/a-propos-de\\\/contact\\\/europe\\\/#breadcrumb\",\"itemListElement\":[{\"@type\":\"ListItem\",\"position\":1,\"name\":\"\u00c0 propos de\",\"item\":\"https:\\\/\\\/antecscientific.com\\\/fr\\\/a-propos-de\\\/\"},{\"@type\":\"ListItem\",\"position\":2,\"name\":\"Contact\",\"item\":\"https:\\\/\\\/antecscientific.com\\\/fr\\\/a-propos-de\\\/contact\\\/\"},{\"@type\":\"ListItem\",\"position\":3,\"name\":\"Europe\"}]},{\"@type\":\"WebSite\",\"@id\":\"https:\\\/\\\/antecscientific.com\\\/fr\\\/#website\",\"url\":\"https:\\\/\\\/antecscientific.com\\\/fr\\\/\",\"name\":\"Antec Scientific\",\"description\":\"Supporting research to improve quality of life\",\"potentialAction\":[{\"@type\":\"SearchAction\",\"target\":{\"@type\":\"EntryPoint\",\"urlTemplate\":\"https:\\\/\\\/antecscientific.com\\\/fr\\\/?s={search_term_string}\"},\"query-input\":{\"@type\":\"PropertyValueSpecification\",\"valueRequired\":true,\"valueName\":\"search_term_string\"}}],\"inLanguage\":\"fr-FR\"}]}<\/script>\n<!-- \/ Yoast SEO plugin. -->","yoast_head_json":{"title":"Europe - Antec Scientific","description":"Distributeurs Antec Scientific en Europe","robots":{"index":"index","follow":"follow","max-snippet":"max-snippet:-1","max-image-preview":"max-image-preview:large","max-video-preview":"max-video-preview:-1"},"canonical":"https:\/\/antecscientific.com\/fr\/a-propos-de\/contact\/europe\/","og_locale":"fr_FR","og_type":"article","og_title":"Europe - Antec Scientific","og_description":"Distributeurs Antec Scientific en Europe","og_url":"https:\/\/antecscientific.com\/fr\/a-propos-de\/contact\/europe\/","og_site_name":"Antec Scientific","article_modified_time":"2025-12-04T13:12:37+00:00","twitter_card":"summary_large_image","twitter_misc":{"Dur\u00e9e de lecture estim\u00e9e":"7 minutes"},"schema":{"@context":"https:\/\/schema.org","@graph":[{"@type":"WebPage","@id":"https:\/\/antecscientific.com\/fr\/a-propos-de\/contact\/europe\/","url":"https:\/\/antecscientific.com\/fr\/a-propos-de\/contact\/europe\/","name":"Europe - Antec Scientific","isPartOf":{"@id":"https:\/\/antecscientific.com\/fr\/#website"},"datePublished":"2020-09-05T08:50:45+00:00","dateModified":"2025-12-04T13:12:37+00:00","description":"Distributeurs Antec Scientific en Europe","breadcrumb":{"@id":"https:\/\/antecscientific.com\/fr\/a-propos-de\/contact\/europe\/#breadcrumb"},"inLanguage":"fr-FR","potentialAction":[{"@type":"ReadAction","target":["https:\/\/antecscientific.com\/fr\/a-propos-de\/contact\/europe\/"]}]},{"@type":"BreadcrumbList","@id":"https:\/\/antecscientific.com\/fr\/a-propos-de\/contact\/europe\/#breadcrumb","itemListElement":[{"@type":"ListItem","position":1,"name":"\u00c0 propos de","item":"https:\/\/antecscientific.com\/fr\/a-propos-de\/"},{"@type":"ListItem","position":2,"name":"Contact","item":"https:\/\/antecscientific.com\/fr\/a-propos-de\/contact\/"},{"@type":"ListItem","position":3,"name":"Europe"}]},{"@type":"WebSite","@id":"https:\/\/antecscientific.com\/fr\/#website","url":"https:\/\/antecscientific.com\/fr\/","name":"Antec Scientific","description":"Supporting research to improve quality of life","potentialAction":[{"@type":"SearchAction","target":{"@type":"EntryPoint","urlTemplate":"https:\/\/antecscientific.com\/fr\/?s={search_term_string}"},"query-input":{"@type":"PropertyValueSpecification","valueRequired":true,"valueName":"search_term_string"}}],"inLanguage":"fr-FR"}]}},"_links":{"self":[{"href":"https:\/\/antecscientific.com\/fr\/wp-json\/wp\/v2\/pages\/17230","targetHints":{"allow":["GET"]}}],"collection":[{"href":"https:\/\/antecscientific.com\/fr\/wp-json\/wp\/v2\/pages"}],"about":[{"href":"https:\/\/antecscientific.com\/fr\/wp-json\/wp\/v2\/types\/page"}],"author":[{"embeddable":true,"href":"https:\/\/antecscientific.com\/fr\/wp-json\/wp\/v2\/users\/3"}],"replies":[{"embeddable":true,"href":"https:\/\/antecscientific.com\/fr\/wp-json\/wp\/v2\/comments?post=17230"}],"version-history":[{"count":20,"href":"https:\/\/antecscientific.com\/fr\/wp-json\/wp\/v2\/pages\/17230\/revisions"}],"predecessor-version":[{"id":34907,"href":"https:\/\/antecscientific.com\/fr\/wp-json\/wp\/v2\/pages\/17230\/revisions\/34907"}],"up":[{"embeddable":true,"href":"https:\/\/antecscientific.com\/fr\/wp-json\/wp\/v2\/pages\/17921"}],"wp:attachment":[{"href":"https:\/\/antecscientific.com\/fr\/wp-json\/wp\/v2\/media?parent=17230"}],"curies":[{"name":"wp","href":"https:\/\/api.w.org\/{rel}","templated":true}]}}