{"id":17169,"date":"2020-09-05T10:51:07","date_gmt":"2020-09-05T08:51:07","guid":{"rendered":"https:\/\/antecscientific.com\/asie-pacifique\/"},"modified":"2025-10-24T17:26:49","modified_gmt":"2025-10-24T15:26:49","slug":"asie-pacifique","status":"publish","type":"page","link":"https:\/\/antecscientific.com\/fr\/a-propos-de\/contact\/asie-pacifique\/","title":{"rendered":"Asie-Pacifique"},"content":{"rendered":"<p>[et_pb_section bb_built=\u00a0\u00bb1&Prime; admin_label=\u00a0\u00bbHeader\u00a0\u00bb _builder_version=\u00a0\u00bb4.16&Prime; background_image=\u00a0\u00bbhttps:\/\/antecscientific.com\/wp-content\/uploads\/2020\/11\/distribution1.jpg\u00a0\u00bb parallax=\u00a0\u00bbon\u00a0\u00bb custom_padding=\u00a0\u00bb2vw|0px|200px|0px|false|false\u00a0\u00bb collapsed=\u00a0\u00bbon\u00a0\u00bb global_colors_info=\u00a0\u00bb{}\u00a0\u00bb next_background_color=\u00a0\u00bb#ffffff\u00a0\u00bb][et_pb_row _builder_version=\u00a0\u00bb4.16&Prime; global_colors_info=\u00a0\u00bb{}\u00a0\u00bb][et_pb_column type=\u00a0\u00bb4_4&Prime; _builder_version=\u00a0\u00bb4.16&Prime; custom_padding=\u00a0\u00bb|||\u00a0\u00bb global_colors_info=\u00a0\u00bb{}\u00a0\u00bb custom_padding__hover=\u00a0\u00bb|||\u00a0\u00bb][et_pb_text admin_label=\u00a0\u00bbBreadcrumbs (don&rsquo;t touch)\u00a0\u00bb _builder_version=\u00a0\u00bb4.16&Prime; text_font=\u00a0\u00bb|700|||||||\u00a0\u00bb text_text_color=\u00a0\u00bb#ffffff\u00a0\u00bb text_font_size=\u00a0\u00bb15px\u00a0\u00bb link_font=\u00a0\u00bb|700|||||||\u00a0\u00bb link_text_color=\u00a0\u00bb#ffffff\u00a0\u00bb link_font_size=\u00a0\u00bb15px\u00a0\u00bb global_colors_info=\u00a0\u00bb{}\u00a0\u00bb]<\/p>\n\n<p>[\/et_pb_text][et_pb_text admin_label=\u00a0\u00bbBig page title (don&rsquo;t touch)\u00a0\u00bb _builder_version=\u00a0\u00bb4.16&Prime; _dynamic_attributes=\u00a0\u00bbcontent\u00a0\u00bb text_font=\u00a0\u00bb||||||||\u00a0\u00bb header_font=\u00a0\u00bb|700|||||||\u00a0\u00bb header_text_color=\u00a0\u00bb#ffffff\u00a0\u00bb header_font_size=\u00a0\u00bb80px\u00a0\u00bb header_line_height=\u00a0\u00bb1.2em\u00a0\u00bb header_5_font=\u00a0\u00bbRaleway|700||on|||||\u00a0\u00bb header_5_text_color=\u00a0\u00bb#000000&Prime; header_5_font_size=\u00a0\u00bb20px\u00a0\u00bb header_5_letter_spacing=\u00a0\u00bb0.5em\u00a0\u00bb header_5_line_height=\u00a0\u00bb1.8em\u00a0\u00bb animation_style=\u00a0\u00bbzoom\u00a0\u00bb animation_intensity_zoom=\u00a0\u00bb5%\u00a0\u00bb header_font_size_tablet=\u00a0\u00bb48px\u00a0\u00bb header_font_size_phone=\u00a0\u00bb32px\u00a0\u00bb header_font_size_last_edited=\u00a0\u00bbon|phone\u00a0\u00bb header_5_font_size_tablet=\u00a0\u00bb14px\u00a0\u00bb header_5_font_size_phone=\u00a0\u00bb12px\u00a0\u00bb header_5_font_size_last_edited=\u00a0\u00bbon|desktop\u00a0\u00bb global_colors_info=\u00a0\u00bb{}\u00a0\u00bb]<\/p>\n<p>@ET-DC@eyJkeW5hbWljIjp0cnVlLCJjb250ZW50IjoicG9zdF90aXRsZSIsInNldHRpbmdzIjp7ImJlZm9yZSI6IjxoMT4iLCJhZnRlciI6IjwvaDE+In19@<\/p>\n<p>[\/et_pb_text][\/et_pb_column][\/et_pb_row][\/et_pb_section][et_pb_section bb_built=\u00a0\u00bb1&Prime; admin_label=\u00a0\u00bbContent\u00a0\u00bb _builder_version=\u00a0\u00bb4.16&Prime; background_color=\u00a0\u00bb#ffffff\u00a0\u00bb max_width=\u00a0\u00bb90%\u00a0\u00bb max_width_phone=\u00a0\u00bb100%\u00a0\u00bb max_width_last_edited=\u00a0\u00bbon|phone\u00a0\u00bb custom_margin=\u00a0\u00bb-160px||0px||false|false\u00a0\u00bb custom_padding=\u00a0\u00bb||0px||false|false\u00a0\u00bb border_color_all=\u00a0\u00bb#ffffff\u00a0\u00bb border_width_left=\u00a0\u00bb10vw\u00a0\u00bb global_colors_info=\u00a0\u00bb{}\u00a0\u00bb prev_background_color=\u00a0\u00bb#000000&Prime;][et_pb_row column_structure=\u00a0\u00bb2_3,1_3&Prime; custom_padding_last_edited=\u00a0\u00bbon|phone\u00a0\u00bb _builder_version=\u00a0\u00bb4.16&Prime; width=\u00a0\u00bbauto\u00a0\u00bb max_width=\u00a0\u00bbnone\u00a0\u00bb custom_padding=\u00a0\u00bb27px|0|27px|0px|false|false\u00a0\u00bb custom_padding_tablet=\u00a0\u00bb|0px||0px||true\u00a0\u00bb custom_padding_phone=\u00a0\u00bb|10%||0px|false|false\u00a0\u00bb global_colors_info=\u00a0\u00bb{}\u00a0\u00bb][et_pb_column type=\u00a0\u00bb2_3&Prime; _builder_version=\u00a0\u00bb4.16&Prime; custom_padding=\u00a0\u00bb|||\u00a0\u00bb global_colors_info=\u00a0\u00bb{}\u00a0\u00bb custom_padding__hover=\u00a0\u00bb|||\u00a0\u00bb][et_pb_text admin_label=\u00a0\u00bbSubtitle\u00a0\u00bb _builder_version=\u00a0\u00bb4.16&Prime; text_font=\u00a0\u00bb||||||||\u00a0\u00bb text_line_height=\u00a0\u00bb2em\u00a0\u00bb header_font=\u00a0\u00bb||||||||\u00a0\u00bb header_2_font=\u00a0\u00bb|600||on|||||\u00a0\u00bb header_2_text_color=\u00a0\u00bb#df0834&Prime; header_2_font_size=\u00a0\u00bb20px\u00a0\u00bb header_2_line_height=\u00a0\u00bb1.4em\u00a0\u00bb header_6_font=\u00a0\u00bb|700||on|||||\u00a0\u00bb header_6_font_size=\u00a0\u00bb16px\u00a0\u00bb header_6_letter_spacing=\u00a0\u00bb5px\u00a0\u00bb header_6_line_height=\u00a0\u00bb1.8em\u00a0\u00bb max_width=\u00a0\u00bb700px\u00a0\u00bb module_alignment=\u00a0\u00bbcenter\u00a0\u00bb custom_margin=\u00a0\u00bb||0px||false|false\u00a0\u00bb custom_padding=\u00a0\u00bb||0px||false|false\u00a0\u00bb header_2_font_size_tablet=\u00a0\u00bb25px\u00a0\u00bb header_2_font_size_phone=\u00a0\u00bb25px\u00a0\u00bb header_2_font_size_last_edited=\u00a0\u00bbon|phone\u00a0\u00bb global_colors_info=\u00a0\u00bb{}\u00a0\u00bb]<\/p>\n<h2>Distributeurs<\/h2>\n<p>[\/et_pb_text][et_pb_text admin_label=\u00a0\u00bbParagraph\u00a0\u00bb _builder_version=\u00a0\u00bb4.27.4&Prime; text_font_size=\u00a0\u00bb18px\u00a0\u00bb text_line_height=\u00a0\u00bb2em\u00a0\u00bb header_2_font=\u00a0\u00bbRaleway|700|||||||\u00a0\u00bb header_2_font_size=\u00a0\u00bb50px\u00a0\u00bb header_2_line_height=\u00a0\u00bb1.4em\u00a0\u00bb header_6_font=\u00a0\u00bbRaleway|700||on|||||\u00a0\u00bb header_6_font_size=\u00a0\u00bb16px\u00a0\u00bb header_6_letter_spacing=\u00a0\u00bb5px\u00a0\u00bb header_6_line_height=\u00a0\u00bb1.8em\u00a0\u00bb vertical_offset_tablet=\u00a0\u00bb0&Prime; horizontal_offset_tablet=\u00a0\u00bb0&Prime; text_orientation=\u00a0\u00bbjustified\u00a0\u00bb max_width=\u00a0\u00bb700px\u00a0\u00bb module_alignment=\u00a0\u00bbcenter\u00a0\u00bb custom_margin=\u00a0\u00bb0px||||false|false\u00a0\u00bb custom_padding=\u00a0\u00bb0px||||false|false\u00a0\u00bb header_2_font_size_tablet=\u00a0\u00bb35px\u00a0\u00bb header_2_font_size_phone=\u00a0\u00bb25px\u00a0\u00bb header_2_font_size_last_edited=\u00a0\u00bbon|phone\u00a0\u00bb z_index_tablet=\u00a0\u00bb0&Prime; text_orientation_phone=\u00a0\u00bbleft\u00a0\u00bb text_orientation_last_edited=\u00a0\u00bbon|desktop\u00a0\u00bb text_text_shadow_horizontal_length_tablet=\u00a0\u00bb0px\u00a0\u00bb text_text_shadow_vertical_length_tablet=\u00a0\u00bb0px\u00a0\u00bb text_text_shadow_blur_strength_tablet=\u00a0\u00bb1px\u00a0\u00bb link_text_shadow_horizontal_length_tablet=\u00a0\u00bb0px\u00a0\u00bb link_text_shadow_vertical_length_tablet=\u00a0\u00bb0px\u00a0\u00bb link_text_shadow_blur_strength_tablet=\u00a0\u00bb1px\u00a0\u00bb ul_text_shadow_horizontal_length_tablet=\u00a0\u00bb0px\u00a0\u00bb ul_text_shadow_vertical_length_tablet=\u00a0\u00bb0px\u00a0\u00bb ul_text_shadow_blur_strength_tablet=\u00a0\u00bb1px\u00a0\u00bb ol_text_shadow_horizontal_length_tablet=\u00a0\u00bb0px\u00a0\u00bb ol_text_shadow_vertical_length_tablet=\u00a0\u00bb0px\u00a0\u00bb ol_text_shadow_blur_strength_tablet=\u00a0\u00bb1px\u00a0\u00bb quote_text_shadow_horizontal_length_tablet=\u00a0\u00bb0px\u00a0\u00bb quote_text_shadow_vertical_length_tablet=\u00a0\u00bb0px\u00a0\u00bb quote_text_shadow_blur_strength_tablet=\u00a0\u00bb1px\u00a0\u00bb header_text_shadow_horizontal_length_tablet=\u00a0\u00bb0px\u00a0\u00bb header_text_shadow_vertical_length_tablet=\u00a0\u00bb0px\u00a0\u00bb header_text_shadow_blur_strength_tablet=\u00a0\u00bb1px\u00a0\u00bb header_2_text_shadow_horizontal_length_tablet=\u00a0\u00bb0px\u00a0\u00bb header_2_text_shadow_vertical_length_tablet=\u00a0\u00bb0px\u00a0\u00bb header_2_text_shadow_blur_strength_tablet=\u00a0\u00bb1px\u00a0\u00bb header_3_text_shadow_horizontal_length_tablet=\u00a0\u00bb0px\u00a0\u00bb header_3_text_shadow_vertical_length_tablet=\u00a0\u00bb0px\u00a0\u00bb header_3_text_shadow_blur_strength_tablet=\u00a0\u00bb1px\u00a0\u00bb header_4_text_shadow_horizontal_length_tablet=\u00a0\u00bb0px\u00a0\u00bb header_4_text_shadow_vertical_length_tablet=\u00a0\u00bb0px\u00a0\u00bb header_4_text_shadow_blur_strength_tablet=\u00a0\u00bb1px\u00a0\u00bb header_5_text_shadow_horizontal_length_tablet=\u00a0\u00bb0px\u00a0\u00bb header_5_text_shadow_vertical_length_tablet=\u00a0\u00bb0px\u00a0\u00bb header_5_text_shadow_blur_strength_tablet=\u00a0\u00bb1px\u00a0\u00bb header_6_text_shadow_horizontal_length_tablet=\u00a0\u00bb0px\u00a0\u00bb header_6_text_shadow_vertical_length_tablet=\u00a0\u00bb0px\u00a0\u00bb header_6_text_shadow_blur_strength_tablet=\u00a0\u00bb1px\u00a0\u00bb box_shadow_horizontal_tablet=\u00a0\u00bb0px\u00a0\u00bb box_shadow_vertical_tablet=\u00a0\u00bb0px\u00a0\u00bb box_shadow_blur_tablet=\u00a0\u00bb40px\u00a0\u00bb box_shadow_spread_tablet=\u00a0\u00bb0px\u00a0\u00bb global_colors_info=\u00a0\u00bb{}\u00a0\u00bb background_pattern_color=\u00a0\u00bbrgba(0,0,0,0.2)\u00a0\u00bb background_mask_color=\u00a0\u00bb#ffffff\u00a0\u00bb text_text_shadow_horizontal_length=\u00a0\u00bbtext_text_shadow_style,%91object Object%93&Prime; text_text_shadow_vertical_length=\u00a0\u00bbtext_text_shadow_style,%91object Object%93&Prime; text_text_shadow_blur_strength=\u00a0\u00bbtext_text_shadow_style,%91object Object%93&Prime; link_text_shadow_horizontal_length=\u00a0\u00bblink_text_shadow_style,%91object Object%93&Prime; link_text_shadow_vertical_length=\u00a0\u00bblink_text_shadow_style,%91object Object%93&Prime; link_text_shadow_blur_strength=\u00a0\u00bblink_text_shadow_style,%91object Object%93&Prime; ul_text_shadow_horizontal_length=\u00a0\u00bbul_text_shadow_style,%91object Object%93&Prime; ul_text_shadow_vertical_length=\u00a0\u00bbul_text_shadow_style,%91object Object%93&Prime; ul_text_shadow_blur_strength=\u00a0\u00bbul_text_shadow_style,%91object Object%93&Prime; ol_text_shadow_horizontal_length=\u00a0\u00bbol_text_shadow_style,%91object Object%93&Prime; ol_text_shadow_vertical_length=\u00a0\u00bbol_text_shadow_style,%91object Object%93&Prime; ol_text_shadow_blur_strength=\u00a0\u00bbol_text_shadow_style,%91object Object%93&Prime; quote_text_shadow_horizontal_length=\u00a0\u00bbquote_text_shadow_style,%91object Object%93&Prime; quote_text_shadow_vertical_length=\u00a0\u00bbquote_text_shadow_style,%91object Object%93&Prime; quote_text_shadow_blur_strength=\u00a0\u00bbquote_text_shadow_style,%91object Object%93&Prime; header_text_shadow_horizontal_length=\u00a0\u00bbheader_text_shadow_style,%91object Object%93&Prime; header_text_shadow_vertical_length=\u00a0\u00bbheader_text_shadow_style,%91object Object%93&Prime; header_text_shadow_blur_strength=\u00a0\u00bbheader_text_shadow_style,%91object Object%93&Prime; header_2_text_shadow_horizontal_length=\u00a0\u00bbheader_2_text_shadow_style,%91object Object%93&Prime; header_2_text_shadow_vertical_length=\u00a0\u00bbheader_2_text_shadow_style,%91object Object%93&Prime; header_2_text_shadow_blur_strength=\u00a0\u00bbheader_2_text_shadow_style,%91object Object%93&Prime; header_3_text_shadow_horizontal_length=\u00a0\u00bbheader_3_text_shadow_style,%91object Object%93&Prime; header_3_text_shadow_vertical_length=\u00a0\u00bbheader_3_text_shadow_style,%91object Object%93&Prime; header_3_text_shadow_blur_strength=\u00a0\u00bbheader_3_text_shadow_style,%91object Object%93&Prime; header_4_text_shadow_horizontal_length=\u00a0\u00bbheader_4_text_shadow_style,%91object Object%93&Prime; header_4_text_shadow_vertical_length=\u00a0\u00bbheader_4_text_shadow_style,%91object Object%93&Prime; header_4_text_shadow_blur_strength=\u00a0\u00bbheader_4_text_shadow_style,%91object Object%93&Prime; header_5_text_shadow_horizontal_length=\u00a0\u00bbheader_5_text_shadow_style,%91object Object%93&Prime; header_5_text_shadow_vertical_length=\u00a0\u00bbheader_5_text_shadow_style,%91object Object%93&Prime; header_5_text_shadow_blur_strength=\u00a0\u00bbheader_5_text_shadow_style,%91object Object%93&Prime; header_6_text_shadow_horizontal_length=\u00a0\u00bbheader_6_text_shadow_style,%91object Object%93&Prime; header_6_text_shadow_vertical_length=\u00a0\u00bbheader_6_text_shadow_style,%91object Object%93&Prime; header_6_text_shadow_blur_strength=\u00a0\u00bbheader_6_text_shadow_style,%91object Object%93&Prime;]<\/p>\n<h3>Australie<\/h3>\n<p><strong>Shimadzu Scientific Instruments<\/strong><br \/>T : +61 (2) 96844200<br \/>E : <a href=\"mailto:info@shimadzu.com.au\">info@shimadzu.com.au<\/a><br \/>W : <a href=\"http:\/\/www.shimadzu.com.au\" target=\"_blank\" rel=\"noopener noreferrer\">www.shimadzu.com.au<\/a><\/p>\n<hr size=\"1\">\n<h3>Bangladesh<\/h3>\n<p><strong>GME House<\/strong><br \/>T : +880-2-9854417<br \/>E : <a href=\"mailto:info.mgt.analytical@gmegroup.net\">info.mgt.analytical@gmegroup.net<\/a><br \/>W : <a href=\"http:\/\/www.gmegroup.net\" target=\"_blank\" rel=\"noopener noreferrer\">www.gmegroup.net<\/a><\/p>\n<hr size=\"1\">\n<h3>Chine<\/h3>\n<p><strong>Beijing ESA Technology Development<\/strong><br \/>\u5317\u4eac\u4f9d\u838e\u516b\u65b9\u79d1\u6280\u53d1\u5c55\u6709\u9650\u516c\u53f8<br \/>T : + 86 (13) 90102 2110<br \/>E : <a href=\"mailto:info@bjesa.com\">info@bjesa.com<\/a><br \/>W : <a href=\"http:\/\/www.bjesa.com\" target=\"_blank\" rel=\"noopener noreferrer\">www.bjesa.com<\/a><\/p>\n<hr size=\"1\">\n<h3>Hong-Kong<\/h3>\n<p><strong>Beijing ESA Technology Development<\/strong><br \/>\u5317\u4eac\u4f9d\u838e\u516b\u65b9\u79d1\u6280\u53d1\u5c55\u6709\u9650\u516c\u53f8<br \/>T : + 86 (13) 90102 2110<br \/>E : <a href=\"mailto:info@bjesa.com\">info@bjesa.com<\/a><br \/>W : <a href=\"http:\/\/www.bjesa.com\" target=\"_blank\" rel=\"noopener noreferrer\">www.bjesa.com<\/a><\/p>\n<hr size=\"1\">\n<h3>Inde<\/h3>\n<p><strong>Spinco Biotech Pvt Ltd<\/strong><br \/>T : +91 (44) 4567 8900<br \/>E : <a href=\"mailto:info@spincotech.com\">info@spincotech.com<\/a><br \/>W : <a href=\"http:\/\/www.spincotech.com\" target=\"_blank\" rel=\"noopener noreferrer\">www.spincotech.com<\/a><\/p>\n<hr size=\"1\">\n<h3>Cor\u00e9e<\/h3>\n<p><strong>Young In Chromass Co. Ltd.<\/strong><br \/>T:+82 (31) 428 8700<br \/>E : <a href=\"mailto:OP@youngincm.com\">OP@youngincm.com<\/a><br \/>W : <a href=\"https:\/\/kor.younglin.com\/\" target=\"_blank\" rel=\"noopener noreferrer\">www.youngincm.com<\/a><\/p>\n<p>et<\/p>\n<p><strong>Euro Science Co., Ltd.<\/strong><br \/>T : +82 (2) 5400651<br \/>E : <a href=\"mailto:euro@euroscience.co.kr\">euro@euroscience.co.kr<\/a><\/p>\n<hr size=\"1\">\n<h3>Nouvelle-Z\u00e9lande<\/h3>\n<p><strong>Shimadzu Sc. Instr. (Oc\u00e9anie)<\/strong><br \/>T : +64 (9) 8397100<br \/>E : <a href=\"mailto:sales@shimadzu.co.nz\">sales@shimadzu.co.nz<\/a><br \/>W : <a href=\"http:\/\/www.shimadzu.com.au\" target=\"_blank\" rel=\"noopener noreferrer\">www.shimadzu.com.au<\/a><\/p>\n<hr size=\"1\">\n<h3>Pakistan<\/h3>\n<p><strong>H. A. Shah &amp; Sons<\/strong><br \/>T : +92 51 2348515<br \/>E : <a href=\"mailto:info@hashah.com\">info@hashah.com<\/a><br \/>W : <a href=\"http:\/\/www.hashah.com\" target=\"_blank\" rel=\"noopener noreferrer\">www.hashah.com<\/a><\/p>\n<hr size=\"1\">\n<h3>Philippines<\/h3>\n<p><strong>Shimadzu Philippine Corporation<\/strong><br \/>T : +63 2 869 9563<br \/>E : <a href=\"mailto:spcmanila@shimadzu.com.ph\">spcmanila@shimadzu.com.ph<\/a><br \/>W : <a href=\"http:\/\/www.shimadzu.com.ph\" target=\"_blank\" rel=\"noopener noreferrer\">www.shimadzu.com.ph<\/a><\/p>\n<hr size=\"1\">\n<h3>Taiwan<\/h3>\n<p><strong>Anatech Co., Ltd.<\/strong> &#8211; pour le DPE<br \/>T : +886 (2) 2500 6520<br \/>E : <a href=\"mailto:anatech@ms6.hinet.net\">anatech@ms6.hinet.net<\/a><br \/>W : <a href=\"https:\/\/www.anatech1984.com.tw\/\" target=\"_blank\" rel=\"noopener noreferrer\">www.anatech1984.com.tw<\/a><\/p>\n<hr size=\"1\">\n<h3>Tha\u00eflande<\/h3>\n<p><strong>ALS Analytical Lab Science Co. Ltd.<\/strong><br \/>T : +66 (2) 8818 5345<br \/>E :<a href=\"mailto:center@analabscience.com\"> center@analabscience.com<\/a><br \/>W : <a href=\"http:\/\/www.analabscience.com\" target=\"_blank\" rel=\"noopener noreferrer\">www.analabscience.com<\/a><\/p>\n<hr size=\"1\">\n<h3>Turquie<\/h3>\n<p><strong>Terralab Laboratuvar Malzemeleri San. Tic. A.S.  <\/strong><br \/>E : <a href=\"mailto:info@terralab.com.tr\">info@terralab.com.tr<\/a><br \/>W <a href=\"https:\/\/www.terralab.com.tr\">: https:\/\/www.terralab.com.tr<\/a><\/p>\n<p>\u00dcmit Mahallesi 2544. Sokak No:9 \u00dcmitk\u00f6y<br \/>06810 \u00c7ankaya \/ ANKARA<br \/>+90 (312) 472 73 96 <\/p>\n<p>et<\/p>\n<p>Esentepe Mh. E5 Karayolu D100 G\u00fcney Yanyolu<br \/>So\u011fanl\u0131k Sapa\u011f\u0131 25\/1036<br \/>34870 Kartal \/ \u0130STANBUL<br \/>+90 (216) 327 52 70 <\/p>\n<p>[\/et_pb_text][\/et_pb_column][et_pb_column type=\u00a0\u00bb1_3&Prime; _builder_version=\u00a0\u00bb4.16&Prime; custom_padding=\u00a0\u00bb5%|5%|||false|false\u00a0\u00bb global_colors_info=\u00a0\u00bb{}\u00a0\u00bb custom_padding__hover=\u00a0\u00bb|||\u00a0\u00bb][\/et_pb_column][\/et_pb_row][\/et_pb_section]<\/p>\n","protected":false},"excerpt":{"rendered":"<p>Distributeurs Antec Scientific en Asie et dans le Pacifique.<\/p>\n","protected":false},"author":3,"featured_media":0,"parent":17921,"menu_order":0,"comment_status":"closed","ping_status":"closed","template":"","meta":{"_et_pb_use_builder":"on","_et_pb_old_content":"","_et_gb_content_width":"","footnotes":""},"class_list":["post-17169","page","type-page","status-publish","hentry"],"yoast_head":"<!-- This site is optimized with the Yoast SEO plugin v27.4 - https:\/\/yoast.com\/product\/yoast-seo-wordpress\/ -->\n<title>Asie-Pacifique - Antec Scientific<\/title>\n<meta name=\"description\" content=\"Distributeurs Antec Scientific en Asie et dans le Pacifique.\" \/>\n<meta name=\"robots\" content=\"index, follow, max-snippet:-1, max-image-preview:large, max-video-preview:-1\" \/>\n<link rel=\"canonical\" href=\"https:\/\/antecscientific.com\/fr\/a-propos-de\/contact\/asie-pacifique\/\" \/>\n<meta property=\"og:locale\" content=\"fr_FR\" \/>\n<meta property=\"og:type\" content=\"article\" \/>\n<meta property=\"og:title\" content=\"Asie-Pacifique - Antec Scientific\" \/>\n<meta property=\"og:description\" content=\"Distributeurs Antec Scientific en Asie et dans le Pacifique.\" \/>\n<meta property=\"og:url\" content=\"https:\/\/antecscientific.com\/fr\/a-propos-de\/contact\/asie-pacifique\/\" \/>\n<meta property=\"og:site_name\" content=\"Antec Scientific\" \/>\n<meta property=\"article:modified_time\" content=\"2025-10-24T15:26:49+00:00\" \/>\n<meta name=\"twitter:card\" content=\"summary_large_image\" \/>\n<meta name=\"twitter:label1\" content=\"Dur\u00e9e de lecture estim\u00e9e\" \/>\n\t<meta name=\"twitter:data1\" content=\"7 minutes\" \/>\n<script type=\"application\/ld+json\" class=\"yoast-schema-graph\">{\"@context\":\"https:\\\/\\\/schema.org\",\"@graph\":[{\"@type\":\"WebPage\",\"@id\":\"https:\\\/\\\/antecscientific.com\\\/fr\\\/a-propos-de\\\/contact\\\/asie-pacifique\\\/\",\"url\":\"https:\\\/\\\/antecscientific.com\\\/fr\\\/a-propos-de\\\/contact\\\/asie-pacifique\\\/\",\"name\":\"Asie-Pacifique - Antec Scientific\",\"isPartOf\":{\"@id\":\"https:\\\/\\\/antecscientific.com\\\/fr\\\/#website\"},\"datePublished\":\"2020-09-05T08:51:07+00:00\",\"dateModified\":\"2025-10-24T15:26:49+00:00\",\"description\":\"Distributeurs Antec Scientific en Asie et dans le Pacifique.\",\"breadcrumb\":{\"@id\":\"https:\\\/\\\/antecscientific.com\\\/fr\\\/a-propos-de\\\/contact\\\/asie-pacifique\\\/#breadcrumb\"},\"inLanguage\":\"fr-FR\",\"potentialAction\":[{\"@type\":\"ReadAction\",\"target\":[\"https:\\\/\\\/antecscientific.com\\\/fr\\\/a-propos-de\\\/contact\\\/asie-pacifique\\\/\"]}]},{\"@type\":\"BreadcrumbList\",\"@id\":\"https:\\\/\\\/antecscientific.com\\\/fr\\\/a-propos-de\\\/contact\\\/asie-pacifique\\\/#breadcrumb\",\"itemListElement\":[{\"@type\":\"ListItem\",\"position\":1,\"name\":\"\u00c0 propos de\",\"item\":\"https:\\\/\\\/antecscientific.com\\\/fr\\\/a-propos-de\\\/\"},{\"@type\":\"ListItem\",\"position\":2,\"name\":\"Contact\",\"item\":\"https:\\\/\\\/antecscientific.com\\\/fr\\\/a-propos-de\\\/contact\\\/\"},{\"@type\":\"ListItem\",\"position\":3,\"name\":\"Asie-Pacifique\"}]},{\"@type\":\"WebSite\",\"@id\":\"https:\\\/\\\/antecscientific.com\\\/fr\\\/#website\",\"url\":\"https:\\\/\\\/antecscientific.com\\\/fr\\\/\",\"name\":\"Antec Scientific\",\"description\":\"Supporting research to improve quality of life\",\"potentialAction\":[{\"@type\":\"SearchAction\",\"target\":{\"@type\":\"EntryPoint\",\"urlTemplate\":\"https:\\\/\\\/antecscientific.com\\\/fr\\\/?s={search_term_string}\"},\"query-input\":{\"@type\":\"PropertyValueSpecification\",\"valueRequired\":true,\"valueName\":\"search_term_string\"}}],\"inLanguage\":\"fr-FR\"}]}<\/script>\n<!-- \/ Yoast SEO plugin. -->","yoast_head_json":{"title":"Asie-Pacifique - Antec Scientific","description":"Distributeurs Antec Scientific en Asie et dans le Pacifique.","robots":{"index":"index","follow":"follow","max-snippet":"max-snippet:-1","max-image-preview":"max-image-preview:large","max-video-preview":"max-video-preview:-1"},"canonical":"https:\/\/antecscientific.com\/fr\/a-propos-de\/contact\/asie-pacifique\/","og_locale":"fr_FR","og_type":"article","og_title":"Asie-Pacifique - Antec Scientific","og_description":"Distributeurs Antec Scientific en Asie et dans le Pacifique.","og_url":"https:\/\/antecscientific.com\/fr\/a-propos-de\/contact\/asie-pacifique\/","og_site_name":"Antec Scientific","article_modified_time":"2025-10-24T15:26:49+00:00","twitter_card":"summary_large_image","twitter_misc":{"Dur\u00e9e de lecture estim\u00e9e":"7 minutes"},"schema":{"@context":"https:\/\/schema.org","@graph":[{"@type":"WebPage","@id":"https:\/\/antecscientific.com\/fr\/a-propos-de\/contact\/asie-pacifique\/","url":"https:\/\/antecscientific.com\/fr\/a-propos-de\/contact\/asie-pacifique\/","name":"Asie-Pacifique - Antec Scientific","isPartOf":{"@id":"https:\/\/antecscientific.com\/fr\/#website"},"datePublished":"2020-09-05T08:51:07+00:00","dateModified":"2025-10-24T15:26:49+00:00","description":"Distributeurs Antec Scientific en Asie et dans le Pacifique.","breadcrumb":{"@id":"https:\/\/antecscientific.com\/fr\/a-propos-de\/contact\/asie-pacifique\/#breadcrumb"},"inLanguage":"fr-FR","potentialAction":[{"@type":"ReadAction","target":["https:\/\/antecscientific.com\/fr\/a-propos-de\/contact\/asie-pacifique\/"]}]},{"@type":"BreadcrumbList","@id":"https:\/\/antecscientific.com\/fr\/a-propos-de\/contact\/asie-pacifique\/#breadcrumb","itemListElement":[{"@type":"ListItem","position":1,"name":"\u00c0 propos de","item":"https:\/\/antecscientific.com\/fr\/a-propos-de\/"},{"@type":"ListItem","position":2,"name":"Contact","item":"https:\/\/antecscientific.com\/fr\/a-propos-de\/contact\/"},{"@type":"ListItem","position":3,"name":"Asie-Pacifique"}]},{"@type":"WebSite","@id":"https:\/\/antecscientific.com\/fr\/#website","url":"https:\/\/antecscientific.com\/fr\/","name":"Antec Scientific","description":"Supporting research to improve quality of life","potentialAction":[{"@type":"SearchAction","target":{"@type":"EntryPoint","urlTemplate":"https:\/\/antecscientific.com\/fr\/?s={search_term_string}"},"query-input":{"@type":"PropertyValueSpecification","valueRequired":true,"valueName":"search_term_string"}}],"inLanguage":"fr-FR"}]}},"_links":{"self":[{"href":"https:\/\/antecscientific.com\/fr\/wp-json\/wp\/v2\/pages\/17169","targetHints":{"allow":["GET"]}}],"collection":[{"href":"https:\/\/antecscientific.com\/fr\/wp-json\/wp\/v2\/pages"}],"about":[{"href":"https:\/\/antecscientific.com\/fr\/wp-json\/wp\/v2\/types\/page"}],"author":[{"embeddable":true,"href":"https:\/\/antecscientific.com\/fr\/wp-json\/wp\/v2\/users\/3"}],"replies":[{"embeddable":true,"href":"https:\/\/antecscientific.com\/fr\/wp-json\/wp\/v2\/comments?post=17169"}],"version-history":[{"count":16,"href":"https:\/\/antecscientific.com\/fr\/wp-json\/wp\/v2\/pages\/17169\/revisions"}],"predecessor-version":[{"id":34044,"href":"https:\/\/antecscientific.com\/fr\/wp-json\/wp\/v2\/pages\/17169\/revisions\/34044"}],"up":[{"embeddable":true,"href":"https:\/\/antecscientific.com\/fr\/wp-json\/wp\/v2\/pages\/17921"}],"wp:attachment":[{"href":"https:\/\/antecscientific.com\/fr\/wp-json\/wp\/v2\/media?parent=17169"}],"curies":[{"name":"wp","href":"https:\/\/api.w.org\/{rel}","templated":true}]}}