{"id":16943,"date":"2020-09-01T18:25:21","date_gmt":"2020-09-01T16:25:21","guid":{"rendered":"https:\/\/antecscientific.com\/instruments\/roxy-exceed-pour-ec-ms\/"},"modified":"2024-11-03T19:47:23","modified_gmt":"2024-11-03T18:47:23","slug":"roxy-exceed-pour-ec-ms","status":"publish","type":"page","link":"https:\/\/antecscientific.com\/fr\/produits\/instruments\/roxy-exceed-pour-ec-ms\/","title":{"rendered":"ROXY Exceed pour EC-MS"},"content":{"rendered":"<p>[et_pb_section fb_built=\u00a0\u00bb1&Prime; admin_label=\u00a0\u00bbHeader\u00a0\u00bb _builder_version=\u00a0\u00bb4.16&Prime; background_image=\u00a0\u00bbhttps:\/\/antecscientific.com\/wp-content\/uploads\/2020\/11\/6_potentiostat.jpg\u00a0\u00bb parallax=\u00a0\u00bbon\u00a0\u00bb custom_padding=\u00a0\u00bb2vw|0px|200px|0px|false|false\u00a0\u00bb collapsed=\u00a0\u00bbon\u00a0\u00bb global_colors_info=\u00a0\u00bb{}\u00a0\u00bb][et_pb_row _builder_version=\u00a0\u00bb4.16&Prime; global_colors_info=\u00a0\u00bb{}\u00a0\u00bb][et_pb_column type=\u00a0\u00bb4_4&Prime; _builder_version=\u00a0\u00bb4.16&Prime; custom_padding=\u00a0\u00bb|||\u00a0\u00bb global_colors_info=\u00a0\u00bb{}\u00a0\u00bb custom_padding__hover=\u00a0\u00bb|||\u00a0\u00bb][et_pb_text admin_label=\u00a0\u00bbBreadcrumbs (don&rsquo;t touch)\u00a0\u00bb _builder_version=\u00a0\u00bb4.16&Prime; text_font=\u00a0\u00bb|700|||||||\u00a0\u00bb text_text_color=\u00a0\u00bb#ffffff\u00a0\u00bb text_font_size=\u00a0\u00bb15px\u00a0\u00bb link_font=\u00a0\u00bb|700|||||||\u00a0\u00bb link_text_color=\u00a0\u00bb#ffffff\u00a0\u00bb link_font_size=\u00a0\u00bb15px\u00a0\u00bb global_colors_info=\u00a0\u00bb{}\u00a0\u00bb][\/et_pb_text][et_pb_text admin_label=\u00a0\u00bbBig page title (don&rsquo;t touch)\u00a0\u00bb _builder_version=\u00a0\u00bb4.16&Prime; _dynamic_attributes=\u00a0\u00bbcontent\u00a0\u00bb text_font=\u00a0\u00bb||||||||\u00a0\u00bb header_font=\u00a0\u00bb|700|||||||\u00a0\u00bb header_text_color=\u00a0\u00bb#ffffff\u00a0\u00bb header_font_size=\u00a0\u00bb80px\u00a0\u00bb header_line_height=\u00a0\u00bb1.2em\u00a0\u00bb header_5_font=\u00a0\u00bbRaleway|700||on|||||\u00a0\u00bb header_5_text_color=\u00a0\u00bb#000000&Prime; header_5_font_size=\u00a0\u00bb20px\u00a0\u00bb header_5_letter_spacing=\u00a0\u00bb0.5em\u00a0\u00bb header_5_line_height=\u00a0\u00bb1.8em\u00a0\u00bb animation_style=\u00a0\u00bbzoom\u00a0\u00bb animation_intensity_zoom=\u00a0\u00bb5%\u00a0\u00bb header_font_size_tablet=\u00a0\u00bb48px\u00a0\u00bb header_font_size_phone=\u00a0\u00bb32px\u00a0\u00bb header_font_size_last_edited=\u00a0\u00bbon|phone\u00a0\u00bb header_5_font_size_tablet=\u00a0\u00bb14px\u00a0\u00bb header_5_font_size_phone=\u00a0\u00bb12px\u00a0\u00bb header_5_font_size_last_edited=\u00a0\u00bbon|desktop\u00a0\u00bb global_colors_info=\u00a0\u00bb{}\u00a0\u00bb]@ET-DC@eyJkeW5hbWljIjp0cnVlLCJjb250ZW50IjoicG9zdF90aXRsZSIsInNldHRpbmdzIjp7ImJlZm9yZSI6IjxoMT4iLCJhZnRlciI6IjxcL2gxPiJ9fQ==@[\/et_pb_text][\/et_pb_column][\/et_pb_row][\/et_pb_section][et_pb_section fb_built=\u00a0\u00bb1&Prime; admin_label=\u00a0\u00bbContent\u00a0\u00bb _builder_version=\u00a0\u00bb4.16&Prime; background_color=\u00a0\u00bb#ffffff\u00a0\u00bb max_width=\u00a0\u00bb90%\u00a0\u00bb max_width_tablet=\u00a0\u00bb\u00a0\u00bb max_width_phone=\u00a0\u00bb100%\u00a0\u00bb max_width_last_edited=\u00a0\u00bbon|phone\u00a0\u00bb custom_margin=\u00a0\u00bb-160px||0px||false|false\u00a0\u00bb custom_padding=\u00a0\u00bb||0px||false|false\u00a0\u00bb border_color_all=\u00a0\u00bb#ffffff\u00a0\u00bb border_width_left=\u00a0\u00bb10vw\u00a0\u00bb global_colors_info=\u00a0\u00bb{}\u00a0\u00bb][et_pb_row column_structure=\u00a0\u00bb2_3,1_3&Prime; custom_padding_last_edited=\u00a0\u00bbon|phone\u00a0\u00bb _builder_version=\u00a0\u00bb4.16&Prime; width=\u00a0\u00bbauto\u00a0\u00bb max_width=\u00a0\u00bbnone\u00a0\u00bb custom_padding=\u00a0\u00bb27px|0|27px|0px|false|false\u00a0\u00bb custom_padding_tablet=\u00a0\u00bb|0px||0px||true\u00a0\u00bb custom_padding_phone=\u00a0\u00bb|10%||0px|false|false\u00a0\u00bb global_colors_info=\u00a0\u00bb{}\u00a0\u00bb][et_pb_column type=\u00a0\u00bb2_3&Prime; _builder_version=\u00a0\u00bb4.16&Prime; custom_padding=\u00a0\u00bb|||\u00a0\u00bb global_colors_info=\u00a0\u00bb{}\u00a0\u00bb custom_padding__hover=\u00a0\u00bb|||\u00a0\u00bb][et_pb_text admin_label=\u00a0\u00bbSubtitle\u00a0\u00bb _builder_version=\u00a0\u00bb4.16&Prime; text_font=\u00a0\u00bb||||||||\u00a0\u00bb text_line_height=\u00a0\u00bb2em\u00a0\u00bb header_font=\u00a0\u00bb||||||||\u00a0\u00bb header_2_font=\u00a0\u00bb|600||on|||||\u00a0\u00bb header_2_text_color=\u00a0\u00bb#df0834&Prime; header_2_font_size=\u00a0\u00bb20px\u00a0\u00bb header_2_line_height=\u00a0\u00bb1.4em\u00a0\u00bb header_6_font=\u00a0\u00bb|700||on|||||\u00a0\u00bb header_6_font_size=\u00a0\u00bb16px\u00a0\u00bb header_6_letter_spacing=\u00a0\u00bb5px\u00a0\u00bb header_6_line_height=\u00a0\u00bb1.8em\u00a0\u00bb max_width=\u00a0\u00bb700px\u00a0\u00bb module_alignment=\u00a0\u00bbcenter\u00a0\u00bb custom_margin=\u00a0\u00bb||0px||false|false\u00a0\u00bb custom_padding=\u00a0\u00bb||0px||false|false\u00a0\u00bb header_2_font_size_tablet=\u00a0\u00bb25px\u00a0\u00bb header_2_font_size_phone=\u00a0\u00bb25px\u00a0\u00bb header_2_font_size_last_edited=\u00a0\u00bbon|phone\u00a0\u00bb global_colors_info=\u00a0\u00bb{}\u00a0\u00bb]<\/p>\n<h2>ROXY Exceed<\/h2>\n<p>[\/et_pb_text][et_pb_text admin_label=\u00a0\u00bbParagraph\u00a0\u00bb _builder_version=\u00a0\u00bb4.16&Prime; text_font=\u00a0\u00bb||||||||\u00a0\u00bb text_font_size=\u00a0\u00bb18px\u00a0\u00bb text_line_height=\u00a0\u00bb2em\u00a0\u00bb header_font=\u00a0\u00bb||||||||\u00a0\u00bb header_2_font=\u00a0\u00bbRaleway|700|||||||\u00a0\u00bb header_2_font_size=\u00a0\u00bb50px\u00a0\u00bb header_2_line_height=\u00a0\u00bb1.4em\u00a0\u00bb header_6_font=\u00a0\u00bbRaleway|700||on|||||\u00a0\u00bb header_6_font_size=\u00a0\u00bb16px\u00a0\u00bb header_6_letter_spacing=\u00a0\u00bb5px\u00a0\u00bb header_6_line_height=\u00a0\u00bb1.8em\u00a0\u00bb text_orientation=\u00a0\u00bbjustified\u00a0\u00bb max_width=\u00a0\u00bb700px\u00a0\u00bb module_alignment=\u00a0\u00bbcenter\u00a0\u00bb custom_margin=\u00a0\u00bb0px||||false|false\u00a0\u00bb custom_padding=\u00a0\u00bb0px||||false|false\u00a0\u00bb header_2_font_size_tablet=\u00a0\u00bb35px\u00a0\u00bb header_2_font_size_phone=\u00a0\u00bb25px\u00a0\u00bb header_2_font_size_last_edited=\u00a0\u00bbon|phone\u00a0\u00bb text_orientation_tablet=\u00a0\u00bb\u00a0\u00bb text_orientation_phone=\u00a0\u00bbleft\u00a0\u00bb text_orientation_last_edited=\u00a0\u00bbon|desktop\u00a0\u00bb global_colors_info=\u00a0\u00bb{}\u00a0\u00bb]<\/p>\n<ul class=\"groot\">\n<li>Convient pour les EC-MS en ligne et hors ligne.<\/li>\n<li>Mode DC, Scan et Pulse enti\u00e8rement programmable<\/li>\n<li>Compatible avec tous les syst\u00e8mes LC-MS<\/li>\n<\/ul>\n<p>Le ROXY\u2122 Exceed est un potentiostat de nouvelle g\u00e9n\u00e9ration d\u00e9di\u00e9 au couplage de l&rsquo;\u00e9lectrochimie avec la spectrom\u00e9trie de masse (EC-MS). En <strong>mode en ligne<\/strong>, le ROXY Exceed peut \u00eatre utilis\u00e9 en mode perfusion directe, pour l&rsquo;analyse par injection de flux, ou avec tout type de syst\u00e8me LC-MS. Des applications et des publications sont disponibles pour l&rsquo;utilisation de la ROXY en HDX-MS, en prot\u00e9omique LC-MS descendante ou ascendante. En <strong>mode hors ligne<\/strong>, le ROXY Exceed est principalement utilis\u00e9 pour la synth\u00e8se \u00e9lectrochimique et pour la collecte des produits g\u00e9n\u00e9r\u00e9s par voie \u00e9lectrochimique. Les fractions recueillies sont utilis\u00e9es pour des analyses ult\u00e9rieures.<\/p>\n<p>Le potentiostat est bas\u00e9 sur une \u00e9lectronique de pointe. Il dispose d&rsquo;une large gamme de tension et de courant, respectivement de \u00b1 4,9 V et de 1 nA &#8211; 100 mA. Il prend en charge diff\u00e9rents modes de fonctionnement, DC, Scan et Pulse, pour des rendements \u00e9lev\u00e9s dans les applications les plus difficiles. L&rsquo;Exceed peut \u00eatre contr\u00f4l\u00e9 via une fermeture de contact depuis n&rsquo;importe quel syst\u00e8me LC-MS en utilisant le logiciel Dialogue (Antec Scientific) ou Chromeleon\u2122 CDS (Thermo Fisher Scientific).[\/et_pb_text][\/et_pb_column][et_pb_column type=\u00a0\u00bb1_3&Prime; _builder_version=\u00a0\u00bb4.16&Prime; custom_padding=\u00a0\u00bb5%|5%|||false|false\u00a0\u00bb global_colors_info=\u00a0\u00bb{}\u00a0\u00bb custom_padding__hover=\u00a0\u00bb|||\u00a0\u00bb][et_pb_image src=\u00a0\u00bbhttps:\/\/antecscientific.com\/wp-content\/uploads\/2020\/08\/roxy_ecms_01.png\u00a0\u00bb title_text=\u00a0\u00bbroxy_ecms_01&Prime; _builder_version=\u00a0\u00bb4.16&Prime; _module_preset=\u00a0\u00bbdefault\u00a0\u00bb global_colors_info=\u00a0\u00bb{}\u00a0\u00bb][\/et_pb_image][et_pb_text admin_label=\u00a0\u00bbParagraph\u00a0\u00bb _builder_version=\u00a0\u00bb4.16&Prime; text_font=\u00a0\u00bb||||||||\u00a0\u00bb text_font_size=\u00a0\u00bb18px\u00a0\u00bb text_line_height=\u00a0\u00bb2em\u00a0\u00bb header_font=\u00a0\u00bb||||||||\u00a0\u00bb header_2_font=\u00a0\u00bbRaleway|700|||||||\u00a0\u00bb header_2_font_size=\u00a0\u00bb50px\u00a0\u00bb header_2_line_height=\u00a0\u00bb1.4em\u00a0\u00bb header_6_font=\u00a0\u00bbRaleway|700||on|||||\u00a0\u00bb header_6_font_size=\u00a0\u00bb16px\u00a0\u00bb header_6_letter_spacing=\u00a0\u00bb5px\u00a0\u00bb header_6_line_height=\u00a0\u00bb1.8em\u00a0\u00bb text_orientation=\u00a0\u00bbjustified\u00a0\u00bb max_width=\u00a0\u00bb700px\u00a0\u00bb module_alignment=\u00a0\u00bbcenter\u00a0\u00bb custom_margin=\u00a0\u00bb50px||||false|false\u00a0\u00bb custom_padding=\u00a0\u00bb50px||||false|false\u00a0\u00bb header_2_font_size_tablet=\u00a0\u00bb35px\u00a0\u00bb header_2_font_size_phone=\u00a0\u00bb25px\u00a0\u00bb header_2_font_size_last_edited=\u00a0\u00bbon|phone\u00a0\u00bb text_orientation_tablet=\u00a0\u00bb\u00a0\u00bb text_orientation_phone=\u00a0\u00bbleft\u00a0\u00bb text_orientation_last_edited=\u00a0\u00bbon|desktop\u00a0\u00bb global_colors_info=\u00a0\u00bb{}\u00a0\u00bb]<iframe frameborder=\"0\" width=\"400\" height=\"250\" src=\"https:\/\/76f00744.flowpaper.com\/RoxyExceed\/#PreviewMode=Miniature\" scrolling=\"no\" marginwidth=\"30\" marginheight=\"30\" allowfullscreen=\"\"><\/iframe>[\/et_pb_text][et_pb_text _builder_version=\u00a0\u00bb4.19.0&Prime; _module_preset=\u00a0\u00bbdefault\u00a0\u00bb global_colors_info=\u00a0\u00bb{}\u00a0\u00bb]<\/p>\n<p>Cliquez pour ouvrir la brochure.<\/p>\n<p>[\/et_pb_text][\/et_pb_column][\/et_pb_row][\/et_pb_section][et_pb_section fb_built=\u00a0\u00bb1&Prime; admin_label=\u00a0\u00bbDownload Table\u00a0\u00bb _builder_version=\u00a0\u00bb4.27.2&Prime; background_enable_color=\u00a0\u00bboff\u00a0\u00bb use_background_color_gradient=\u00a0\u00bbon\u00a0\u00bb background_color_gradient_stops=\u00a0\u00bb#f6f9fb 50%|#ffffff 100%\u00a0\u00bb background_color_gradient_start=\u00a0\u00bb#f6f9fb\u00a0\u00bb background_color_gradient_start_position=\u00a0\u00bb50%\u00a0\u00bb background_color_gradient_end=\u00a0\u00bb#ffffff\u00a0\u00bb max_width=\u00a0\u00bb100%\u00a0\u00bb max_width_tablet=\u00a0\u00bb\u00a0\u00bb max_width_phone=\u00a0\u00bb100%\u00a0\u00bb max_width_last_edited=\u00a0\u00bbon|desktop\u00a0\u00bb module_alignment=\u00a0\u00bbcenter\u00a0\u00bb custom_margin=\u00a0\u00bb0px||0px||false|false\u00a0\u00bb custom_padding=\u00a0\u00bb40px||40px||false|false\u00a0\u00bb global_colors_info=\u00a0\u00bb{}\u00a0\u00bb][et_pb_row _builder_version=\u00a0\u00bb4.27.2&Prime; background_color=\u00a0\u00bbrgba(0,0,0,0)\u00a0\u00bb width_tablet=\u00a0\u00bb\u00a0\u00bb width_phone=\u00a0\u00bb\u00a0\u00bb width_last_edited=\u00a0\u00bbon|phone\u00a0\u00bb max_width=\u00a0\u00bb80%\u00a0\u00bb max_width_tablet=\u00a0\u00bb\u00a0\u00bb max_width_phone=\u00a0\u00bb\u00a0\u00bb max_width_last_edited=\u00a0\u00bbon|phone\u00a0\u00bb module_alignment=\u00a0\u00bbcenter\u00a0\u00bb custom_padding=\u00a0\u00bb||||false|false\u00a0\u00bb global_colors_info=\u00a0\u00bb{}\u00a0\u00bb][et_pb_column type=\u00a0\u00bb4_4&Prime; _builder_version=\u00a0\u00bb4.16&Prime; global_colors_info=\u00a0\u00bb{}\u00a0\u00bb][et_pb_text admin_label=\u00a0\u00bbShortcode of Table\u00a0\u00bb _builder_version=\u00a0\u00bb4.27.2&Prime; background_color=\u00a0\u00bb#ffffff\u00a0\u00bb max_width=\u00a0\u00bb1200px\u00a0\u00bb custom_padding=\u00a0\u00bb20px|30px|30px|30px|false|false\u00a0\u00bb custom_padding_tablet=\u00a0\u00bb\u00a0\u00bb custom_padding_phone=\u00a0\u00bb|0px||0px|false|false\u00a0\u00bb custom_padding_last_edited=\u00a0\u00bbon|phone\u00a0\u00bb hover_enabled=\u00a0\u00bb0&Prime; module_alignment_tablet=\u00a0\u00bb\u00a0\u00bb module_alignment_phone=\u00a0\u00bb\u00a0\u00bb module_alignment_last_edited=\u00a0\u00bbon|desktop\u00a0\u00bb box_shadow_style=\u00a0\u00bbpreset1&Prime; box_shadow_blur=\u00a0\u00bb40px\u00a0\u00bb box_shadow_color=\u00a0\u00bbrgba(0,33,91,0.17)\u00a0\u00bb global_colors_info=\u00a0\u00bb{}\u00a0\u00bb sticky_enabled=\u00a0\u00bb0&Prime;]<\/p>\n<h3>Brochure et manuels d&rsquo;utilisation<\/h3>\n<p>&nbsp;<\/p>\n        <div class=\"antec-downloads view--list\">\n        <div class=\"list-item name thead\">Name<\/div>\n        <div class=\"list-item rev thead\">Doc#<\/div>\n        <div class=\"list-item size thead\">Size<\/div>\n        <div class=\"list-item download thead\">Download<\/div>\n\n                    <div class=\"list-item name\" data-label=\"Name\">ROXY Exceed<\/div>\n            <div class=\"list-item rev\" data-label=\"Rev\">&nbsp;<\/div>\n            <div class=\"list-item size\" data-label=\"Size\">0.74 MB<\/div>\n            <div class=\"list-item download\" data-label=\"Download\">\n                <a href=\"https:\/\/antecscientific.com\/wp-content\/mu-plugins\/antec-downloads\/files\/brochures\/ROXY\/ROXY Exceed.pdf\" class=\"download-link\" download>Download<i class=\"zmdi zmdi-cloud-download wpfd-download\"><\/i><\/a>\n            <\/div>\n                    <div class=\"list-item name\" data-label=\"Name\">ROXY Exceed user manual<\/div>\n            <div class=\"list-item rev\" data-label=\"Rev\">211_0010_08<\/div>\n            <div class=\"list-item size\" data-label=\"Size\">1.74 MB<\/div>\n            <div class=\"list-item download\" data-label=\"Download\">\n                <a href=\"https:\/\/antecscientific.com\/wp-content\/mu-plugins\/antec-downloads\/files\/manuals\/roxy_exceed\/211_0010_08 - ROXY Exceed user manual.pdf\" class=\"download-link\" download>Download<i class=\"zmdi zmdi-cloud-download wpfd-download\"><\/i><\/a>\n            <\/div>\n                    <div class=\"list-item name\" data-label=\"Name\">ROXY Exceed EC Installation guide<\/div>\n            <div class=\"list-item rev\" data-label=\"Rev\">211_7011_03<\/div>\n            <div class=\"list-item size\" data-label=\"Size\">1.00 MB<\/div>\n            <div class=\"list-item download\" data-label=\"Download\">\n                <a href=\"https:\/\/antecscientific.com\/wp-content\/mu-plugins\/antec-downloads\/files\/manuals\/roxy_exceed\/211_7011_03 - ROXY Exceed EC Installation guide.pdf\" class=\"download-link\" download>Download<i class=\"zmdi zmdi-cloud-download wpfd-download\"><\/i><\/a>\n            <\/div>\n                    <div class=\"list-item name\" data-label=\"Name\">ROXY Exceed EC system Installation Requirements<\/div>\n            <div class=\"list-item rev\" data-label=\"Rev\">211_7050_03<\/div>\n            <div class=\"list-item size\" data-label=\"Size\">0.52 MB<\/div>\n            <div class=\"list-item download\" data-label=\"Download\">\n                <a href=\"https:\/\/antecscientific.com\/wp-content\/mu-plugins\/antec-downloads\/files\/manuals\/roxy_exceed\/211_7050_03 - ROXY Exceed EC system Installation Requirements.pdf\" class=\"download-link\" download>Download<i class=\"zmdi zmdi-cloud-download wpfd-download\"><\/i><\/a>\n            <\/div>\n            <\/div>\n\n<p>[\/et_pb_text][\/et_pb_column][\/et_pb_row][\/et_pb_section][et_pb_section fb_built=\u00a0\u00bb1&Prime; disabled_on=\u00a0\u00bbon|on|on\u00a0\u00bb admin_label=\u00a0\u00bbDownload Table\u00a0\u00bb _builder_version=\u00a0\u00bb4.27.2&Prime; background_enable_color=\u00a0\u00bboff\u00a0\u00bb use_background_color_gradient=\u00a0\u00bbon\u00a0\u00bb background_color_gradient_stops=\u00a0\u00bb#f6f9fb 50%|#ffffff 100%\u00a0\u00bb background_color_gradient_start=\u00a0\u00bb#f6f9fb\u00a0\u00bb background_color_gradient_start_position=\u00a0\u00bb50%\u00a0\u00bb background_color_gradient_end=\u00a0\u00bb#ffffff\u00a0\u00bb max_width_tablet=\u00a0\u00bb\u00a0\u00bb max_width_phone=\u00a0\u00bb100%\u00a0\u00bb max_width_last_edited=\u00a0\u00bbon|desktop\u00a0\u00bb module_alignment=\u00a0\u00bbcenter\u00a0\u00bb custom_margin=\u00a0\u00bb0px||0px||false|false\u00a0\u00bb custom_padding=\u00a0\u00bb40px||40px||false|false\u00a0\u00bb disabled=\u00a0\u00bbon\u00a0\u00bb global_colors_info=\u00a0\u00bb{}\u00a0\u00bb][et_pb_row _builder_version=\u00a0\u00bb4.16&Prime; background_color=\u00a0\u00bbrgba(0,0,0,0)\u00a0\u00bb width_tablet=\u00a0\u00bb\u00a0\u00bb width_phone=\u00a0\u00bb\u00a0\u00bb width_last_edited=\u00a0\u00bbon|phone\u00a0\u00bb max_width=\u00a0\u00bb80%\u00a0\u00bb max_width_tablet=\u00a0\u00bb\u00a0\u00bb max_width_phone=\u00a0\u00bb\u00a0\u00bb max_width_last_edited=\u00a0\u00bbon|phone\u00a0\u00bb module_alignment=\u00a0\u00bbcenter\u00a0\u00bb global_colors_info=\u00a0\u00bb{}\u00a0\u00bb][et_pb_column type=\u00a0\u00bb4_4&Prime; _builder_version=\u00a0\u00bb4.16&Prime; global_colors_info=\u00a0\u00bb{}\u00a0\u00bb][et_pb_text admin_label=\u00a0\u00bbShortcode of Table\u00a0\u00bb _builder_version=\u00a0\u00bb4.16&Prime; background_color=\u00a0\u00bb#ffffff\u00a0\u00bb custom_padding=\u00a0\u00bb20px|30px|30px|30px|false|false\u00a0\u00bb custom_padding_tablet=\u00a0\u00bb\u00a0\u00bb custom_padding_phone=\u00a0\u00bb|0px||0px|false|false\u00a0\u00bb custom_padding_last_edited=\u00a0\u00bbon|phone\u00a0\u00bb box_shadow_style=\u00a0\u00bbpreset1&Prime; box_shadow_blur=\u00a0\u00bb40px\u00a0\u00bb box_shadow_color=\u00a0\u00bbrgba(0,33,91,0.17)\u00a0\u00bb global_colors_info=\u00a0\u00bb{}\u00a0\u00bb]<\/p>\n<p>[wpfd_category id=\u00a0\u00bb30&Prime;]<\/p>\n<p>[\/et_pb_text][\/et_pb_column][\/et_pb_row][\/et_pb_section]<\/p>\n","protected":false},"excerpt":{"rendered":"<p>Le ROXY Exceed est un potentiostat pour les cellules de r\u00e9acteurs \u00e9lectrochimiques. Dans une installation \u00e0 flux continu, les produits de la r\u00e9action sont analys\u00e9s par SM.  <\/p>\n","protected":false},"author":3,"featured_media":0,"parent":16776,"menu_order":0,"comment_status":"closed","ping_status":"closed","template":"","meta":{"_et_pb_use_builder":"on","_et_pb_old_content":"","_et_gb_content_width":"","footnotes":""},"class_list":["post-16943","page","type-page","status-publish","hentry"],"yoast_head":"<!-- This site is optimized with the Yoast SEO plugin v27.3 - https:\/\/yoast.com\/product\/yoast-seo-wordpress\/ -->\n<title>ROXY Exceed pour EC-MS - Antec Scientific<\/title>\n<meta name=\"description\" content=\"Le ROXY Exceed est un potentiostat pour les cellules de r\u00e9acteurs \u00e9lectrochimiques. Dans une installation \u00e0 flux continu, les produits de la r\u00e9action sont analys\u00e9s par SM.\" \/>\n<meta name=\"robots\" content=\"index, follow, max-snippet:-1, max-image-preview:large, max-video-preview:-1\" \/>\n<link rel=\"canonical\" href=\"https:\/\/antecscientific.com\/fr\/produits\/instruments\/roxy-exceed-pour-ec-ms\/\" \/>\n<meta property=\"og:locale\" content=\"fr_FR\" \/>\n<meta property=\"og:type\" content=\"article\" \/>\n<meta property=\"og:title\" content=\"ROXY Exceed pour EC-MS - Antec Scientific\" \/>\n<meta property=\"og:description\" content=\"Le ROXY Exceed est un potentiostat pour les cellules de r\u00e9acteurs \u00e9lectrochimiques. Dans une installation \u00e0 flux continu, les produits de la r\u00e9action sont analys\u00e9s par SM.\" \/>\n<meta property=\"og:url\" content=\"https:\/\/antecscientific.com\/fr\/produits\/instruments\/roxy-exceed-pour-ec-ms\/\" \/>\n<meta property=\"og:site_name\" content=\"Antec Scientific\" \/>\n<meta property=\"article:modified_time\" content=\"2024-11-03T18:47:23+00:00\" \/>\n<meta name=\"twitter:card\" content=\"summary_large_image\" \/>\n<meta name=\"twitter:label1\" content=\"Dur\u00e9e de lecture estim\u00e9e\" \/>\n\t<meta name=\"twitter:data1\" content=\"7 minutes\" \/>\n<script type=\"application\/ld+json\" class=\"yoast-schema-graph\">{\"@context\":\"https:\\\/\\\/schema.org\",\"@graph\":[{\"@type\":\"WebPage\",\"@id\":\"https:\\\/\\\/antecscientific.com\\\/fr\\\/produits\\\/instruments\\\/roxy-exceed-pour-ec-ms\\\/\",\"url\":\"https:\\\/\\\/antecscientific.com\\\/fr\\\/produits\\\/instruments\\\/roxy-exceed-pour-ec-ms\\\/\",\"name\":\"ROXY Exceed pour EC-MS - Antec Scientific\",\"isPartOf\":{\"@id\":\"https:\\\/\\\/antecscientific.com\\\/fr\\\/#website\"},\"datePublished\":\"2020-09-01T16:25:21+00:00\",\"dateModified\":\"2024-11-03T18:47:23+00:00\",\"description\":\"Le ROXY Exceed est un potentiostat pour les cellules de r\u00e9acteurs \u00e9lectrochimiques. Dans une installation \u00e0 flux continu, les produits de la r\u00e9action sont analys\u00e9s par SM.\",\"breadcrumb\":{\"@id\":\"https:\\\/\\\/antecscientific.com\\\/fr\\\/produits\\\/instruments\\\/roxy-exceed-pour-ec-ms\\\/#breadcrumb\"},\"inLanguage\":\"fr-FR\",\"potentialAction\":[{\"@type\":\"ReadAction\",\"target\":[\"https:\\\/\\\/antecscientific.com\\\/fr\\\/produits\\\/instruments\\\/roxy-exceed-pour-ec-ms\\\/\"]}]},{\"@type\":\"BreadcrumbList\",\"@id\":\"https:\\\/\\\/antecscientific.com\\\/fr\\\/produits\\\/instruments\\\/roxy-exceed-pour-ec-ms\\\/#breadcrumb\",\"itemListElement\":[{\"@type\":\"ListItem\",\"position\":1,\"name\":\"Produits\",\"item\":\"https:\\\/\\\/antecscientific.com\\\/fr\\\/produits\\\/\"},{\"@type\":\"ListItem\",\"position\":2,\"name\":\"Instruments\",\"item\":\"https:\\\/\\\/antecscientific.com\\\/fr\\\/produits\\\/instruments\\\/\"},{\"@type\":\"ListItem\",\"position\":3,\"name\":\"ROXY Exceed pour EC-MS\"}]},{\"@type\":\"WebSite\",\"@id\":\"https:\\\/\\\/antecscientific.com\\\/fr\\\/#website\",\"url\":\"https:\\\/\\\/antecscientific.com\\\/fr\\\/\",\"name\":\"Antec Scientific\",\"description\":\"Supporting research to improve quality of life\",\"potentialAction\":[{\"@type\":\"SearchAction\",\"target\":{\"@type\":\"EntryPoint\",\"urlTemplate\":\"https:\\\/\\\/antecscientific.com\\\/fr\\\/?s={search_term_string}\"},\"query-input\":{\"@type\":\"PropertyValueSpecification\",\"valueRequired\":true,\"valueName\":\"search_term_string\"}}],\"inLanguage\":\"fr-FR\"}]}<\/script>\n<!-- \/ Yoast SEO plugin. -->","yoast_head_json":{"title":"ROXY Exceed pour EC-MS - Antec Scientific","description":"Le ROXY Exceed est un potentiostat pour les cellules de r\u00e9acteurs \u00e9lectrochimiques. Dans une installation \u00e0 flux continu, les produits de la r\u00e9action sont analys\u00e9s par SM.","robots":{"index":"index","follow":"follow","max-snippet":"max-snippet:-1","max-image-preview":"max-image-preview:large","max-video-preview":"max-video-preview:-1"},"canonical":"https:\/\/antecscientific.com\/fr\/produits\/instruments\/roxy-exceed-pour-ec-ms\/","og_locale":"fr_FR","og_type":"article","og_title":"ROXY Exceed pour EC-MS - Antec Scientific","og_description":"Le ROXY Exceed est un potentiostat pour les cellules de r\u00e9acteurs \u00e9lectrochimiques. Dans une installation \u00e0 flux continu, les produits de la r\u00e9action sont analys\u00e9s par SM.","og_url":"https:\/\/antecscientific.com\/fr\/produits\/instruments\/roxy-exceed-pour-ec-ms\/","og_site_name":"Antec Scientific","article_modified_time":"2024-11-03T18:47:23+00:00","twitter_card":"summary_large_image","twitter_misc":{"Dur\u00e9e de lecture estim\u00e9e":"7 minutes"},"schema":{"@context":"https:\/\/schema.org","@graph":[{"@type":"WebPage","@id":"https:\/\/antecscientific.com\/fr\/produits\/instruments\/roxy-exceed-pour-ec-ms\/","url":"https:\/\/antecscientific.com\/fr\/produits\/instruments\/roxy-exceed-pour-ec-ms\/","name":"ROXY Exceed pour EC-MS - Antec Scientific","isPartOf":{"@id":"https:\/\/antecscientific.com\/fr\/#website"},"datePublished":"2020-09-01T16:25:21+00:00","dateModified":"2024-11-03T18:47:23+00:00","description":"Le ROXY Exceed est un potentiostat pour les cellules de r\u00e9acteurs \u00e9lectrochimiques. Dans une installation \u00e0 flux continu, les produits de la r\u00e9action sont analys\u00e9s par SM.","breadcrumb":{"@id":"https:\/\/antecscientific.com\/fr\/produits\/instruments\/roxy-exceed-pour-ec-ms\/#breadcrumb"},"inLanguage":"fr-FR","potentialAction":[{"@type":"ReadAction","target":["https:\/\/antecscientific.com\/fr\/produits\/instruments\/roxy-exceed-pour-ec-ms\/"]}]},{"@type":"BreadcrumbList","@id":"https:\/\/antecscientific.com\/fr\/produits\/instruments\/roxy-exceed-pour-ec-ms\/#breadcrumb","itemListElement":[{"@type":"ListItem","position":1,"name":"Produits","item":"https:\/\/antecscientific.com\/fr\/produits\/"},{"@type":"ListItem","position":2,"name":"Instruments","item":"https:\/\/antecscientific.com\/fr\/produits\/instruments\/"},{"@type":"ListItem","position":3,"name":"ROXY Exceed pour EC-MS"}]},{"@type":"WebSite","@id":"https:\/\/antecscientific.com\/fr\/#website","url":"https:\/\/antecscientific.com\/fr\/","name":"Antec Scientific","description":"Supporting research to improve quality of life","potentialAction":[{"@type":"SearchAction","target":{"@type":"EntryPoint","urlTemplate":"https:\/\/antecscientific.com\/fr\/?s={search_term_string}"},"query-input":{"@type":"PropertyValueSpecification","valueRequired":true,"valueName":"search_term_string"}}],"inLanguage":"fr-FR"}]}},"_links":{"self":[{"href":"https:\/\/antecscientific.com\/fr\/wp-json\/wp\/v2\/pages\/16943","targetHints":{"allow":["GET"]}}],"collection":[{"href":"https:\/\/antecscientific.com\/fr\/wp-json\/wp\/v2\/pages"}],"about":[{"href":"https:\/\/antecscientific.com\/fr\/wp-json\/wp\/v2\/types\/page"}],"author":[{"embeddable":true,"href":"https:\/\/antecscientific.com\/fr\/wp-json\/wp\/v2\/users\/3"}],"replies":[{"embeddable":true,"href":"https:\/\/antecscientific.com\/fr\/wp-json\/wp\/v2\/comments?post=16943"}],"version-history":[{"count":16,"href":"https:\/\/antecscientific.com\/fr\/wp-json\/wp\/v2\/pages\/16943\/revisions"}],"predecessor-version":[{"id":27873,"href":"https:\/\/antecscientific.com\/fr\/wp-json\/wp\/v2\/pages\/16943\/revisions\/27873"}],"up":[{"embeddable":true,"href":"https:\/\/antecscientific.com\/fr\/wp-json\/wp\/v2\/pages\/16776"}],"wp:attachment":[{"href":"https:\/\/antecscientific.com\/fr\/wp-json\/wp\/v2\/media?parent=16943"}],"curies":[{"name":"wp","href":"https:\/\/api.w.org\/{rel}","templated":true}]}}