{"id":16863,"date":"2020-08-30T11:43:00","date_gmt":"2020-08-30T11:43:00","guid":{"rendered":"https:\/\/antecscientific.com\/marches\/pharmaceutique\/"},"modified":"2023-05-01T20:57:33","modified_gmt":"2023-05-01T20:57:33","slug":"pharmaceutique","status":"publish","type":"page","link":"https:\/\/antecscientific.com\/fr\/marches\/pharmaceutique\/","title":{"rendered":"Pharmaceutique"},"content":{"rendered":"<p>[et_pb_section fb_built=\u00a0\u00bb1&Prime; admin_label=\u00a0\u00bbHeader\u00a0\u00bb _builder_version=\u00a0\u00bb4.16&Prime; background_image=\u00a0\u00bbhttps:\/\/antecscientific.com\/wp-content\/uploads\/2020\/10\/markets_pharma.jpg\u00a0\u00bb parallax=\u00a0\u00bbon\u00a0\u00bb custom_padding=\u00a0\u00bb2vw|0px|200px|0px|false|false\u00a0\u00bb collapsed=\u00a0\u00bbon\u00a0\u00bb global_colors_info=\u00a0\u00bb{}\u00a0\u00bb][et_pb_row _builder_version=\u00a0\u00bb4.16&Prime; global_colors_info=\u00a0\u00bb{}\u00a0\u00bb][et_pb_column type=\u00a0\u00bb4_4&Prime; _builder_version=\u00a0\u00bb4.16&Prime; custom_padding=\u00a0\u00bb|||\u00a0\u00bb global_colors_info=\u00a0\u00bb{}\u00a0\u00bb custom_padding__hover=\u00a0\u00bb|||\u00a0\u00bb][et_pb_text admin_label=\u00a0\u00bbBreadcrumbs (don&rsquo;t touch)\u00a0\u00bb _builder_version=\u00a0\u00bb4.16&Prime; text_font=\u00a0\u00bb|700|||||||\u00a0\u00bb text_text_color=\u00a0\u00bb#ffffff\u00a0\u00bb text_font_size=\u00a0\u00bb15px\u00a0\u00bb link_font=\u00a0\u00bb|700|||||||\u00a0\u00bb link_text_color=\u00a0\u00bb#ffffff\u00a0\u00bb link_font_size=\u00a0\u00bb15px\u00a0\u00bb global_colors_info=\u00a0\u00bb{}\u00a0\u00bb][\/et_pb_text][et_pb_text admin_label=\u00a0\u00bbBig page title (don&rsquo;t touch)\u00a0\u00bb _builder_version=\u00a0\u00bb4.16&Prime; _dynamic_attributes=\u00a0\u00bbcontent\u00a0\u00bb text_font=\u00a0\u00bb||||||||\u00a0\u00bb header_font=\u00a0\u00bb|700|||||||\u00a0\u00bb header_text_color=\u00a0\u00bb#ffffff\u00a0\u00bb header_font_size=\u00a0\u00bb80px\u00a0\u00bb header_line_height=\u00a0\u00bb1.2em\u00a0\u00bb header_5_font=\u00a0\u00bbRaleway|700||on|||||\u00a0\u00bb header_5_text_color=\u00a0\u00bb#000000&Prime; header_5_font_size=\u00a0\u00bb20px\u00a0\u00bb header_5_letter_spacing=\u00a0\u00bb0.5em\u00a0\u00bb header_5_line_height=\u00a0\u00bb1.8em\u00a0\u00bb animation_style=\u00a0\u00bbzoom\u00a0\u00bb animation_intensity_zoom=\u00a0\u00bb5%\u00a0\u00bb header_font_size_tablet=\u00a0\u00bb48px\u00a0\u00bb header_font_size_phone=\u00a0\u00bb32px\u00a0\u00bb header_font_size_last_edited=\u00a0\u00bbon|phone\u00a0\u00bb header_5_font_size_tablet=\u00a0\u00bb14px\u00a0\u00bb header_5_font_size_phone=\u00a0\u00bb12px\u00a0\u00bb header_5_font_size_last_edited=\u00a0\u00bbon|desktop\u00a0\u00bb global_colors_info=\u00a0\u00bb{}\u00a0\u00bb]@ET-DC@eyJkeW5hbWljIjp0cnVlLCJjb250ZW50IjoicG9zdF90aXRsZSIsInNldHRpbmdzIjp7ImJlZm9yZSI6IjxoMT4iLCJhZnRlciI6IjxcL2gxPiJ9fQ==@[\/et_pb_text][\/et_pb_column][\/et_pb_row][\/et_pb_section][et_pb_section fb_built=\u00a0\u00bb1&Prime; admin_label=\u00a0\u00bbContent\u00a0\u00bb _builder_version=\u00a0\u00bb4.16&Prime; background_color=\u00a0\u00bb#ffffff\u00a0\u00bb max_width=\u00a0\u00bb90%\u00a0\u00bb max_width_tablet=\u00a0\u00bb\u00a0\u00bb max_width_phone=\u00a0\u00bb100%\u00a0\u00bb max_width_last_edited=\u00a0\u00bbon|phone\u00a0\u00bb custom_margin=\u00a0\u00bb-160px||0px||false|false\u00a0\u00bb custom_padding=\u00a0\u00bb||0px||false|false\u00a0\u00bb border_color_all=\u00a0\u00bb#ffffff\u00a0\u00bb border_width_left=\u00a0\u00bb10vw\u00a0\u00bb global_colors_info=\u00a0\u00bb{}\u00a0\u00bb][et_pb_row column_structure=\u00a0\u00bb2_3,1_3&Prime; custom_padding_last_edited=\u00a0\u00bbon|phone\u00a0\u00bb _builder_version=\u00a0\u00bb4.16&Prime; width=\u00a0\u00bbauto\u00a0\u00bb max_width=\u00a0\u00bbnone\u00a0\u00bb custom_padding=\u00a0\u00bb27px|0|27px|0px|false|false\u00a0\u00bb custom_padding_tablet=\u00a0\u00bb|0px||0px||true\u00a0\u00bb custom_padding_phone=\u00a0\u00bb|10%||0px|false|false\u00a0\u00bb global_colors_info=\u00a0\u00bb{}\u00a0\u00bb][et_pb_column type=\u00a0\u00bb2_3&Prime; _builder_version=\u00a0\u00bb4.16&Prime; custom_padding=\u00a0\u00bb|||\u00a0\u00bb global_colors_info=\u00a0\u00bb{}\u00a0\u00bb custom_padding__hover=\u00a0\u00bb|||\u00a0\u00bb][et_pb_text admin_label=\u00a0\u00bbSubtitle\u00a0\u00bb _builder_version=\u00a0\u00bb4.16&Prime; text_font=\u00a0\u00bb||||||||\u00a0\u00bb text_line_height=\u00a0\u00bb2em\u00a0\u00bb header_font=\u00a0\u00bb||||||||\u00a0\u00bb header_2_font=\u00a0\u00bb|600||on|||||\u00a0\u00bb header_2_text_color=\u00a0\u00bb#df0834&Prime; header_2_font_size=\u00a0\u00bb20px\u00a0\u00bb header_2_line_height=\u00a0\u00bb1.4em\u00a0\u00bb header_6_font=\u00a0\u00bb|700||on|||||\u00a0\u00bb header_6_font_size=\u00a0\u00bb16px\u00a0\u00bb header_6_letter_spacing=\u00a0\u00bb5px\u00a0\u00bb header_6_line_height=\u00a0\u00bb1.8em\u00a0\u00bb max_width=\u00a0\u00bb700px\u00a0\u00bb module_alignment=\u00a0\u00bbcenter\u00a0\u00bb custom_margin=\u00a0\u00bb||0px||false|false\u00a0\u00bb custom_padding=\u00a0\u00bb||0px||false|false\u00a0\u00bb header_2_font_size_tablet=\u00a0\u00bb25px\u00a0\u00bb header_2_font_size_phone=\u00a0\u00bb25px\u00a0\u00bb header_2_font_size_last_edited=\u00a0\u00bbon|phone\u00a0\u00bb global_colors_info=\u00a0\u00bb{}\u00a0\u00bb]<\/p>\n<h2>Analyseurs scientifiques d&rsquo;Antec dans le secteur pharmaceutique<\/h2>\n<p>[\/et_pb_text][et_pb_text admin_label=\u00a0\u00bbParagraph\u00a0\u00bb _builder_version=\u00a0\u00bb4.19.1&Prime; text_font=\u00a0\u00bb||||||||\u00a0\u00bb text_font_size=\u00a0\u00bb18px\u00a0\u00bb text_line_height=\u00a0\u00bb2em\u00a0\u00bb header_font=\u00a0\u00bb||||||||\u00a0\u00bb header_2_font=\u00a0\u00bbRaleway|700|||||||\u00a0\u00bb header_2_font_size=\u00a0\u00bb50px\u00a0\u00bb header_2_line_height=\u00a0\u00bb1.4em\u00a0\u00bb header_6_font=\u00a0\u00bbRaleway|700||on|||||\u00a0\u00bb header_6_font_size=\u00a0\u00bb16px\u00a0\u00bb header_6_letter_spacing=\u00a0\u00bb5px\u00a0\u00bb header_6_line_height=\u00a0\u00bb1.8em\u00a0\u00bb text_orientation=\u00a0\u00bbjustified\u00a0\u00bb max_width=\u00a0\u00bb700px\u00a0\u00bb module_alignment=\u00a0\u00bbcenter\u00a0\u00bb custom_margin=\u00a0\u00bb0px||||false|false\u00a0\u00bb custom_padding=\u00a0\u00bb0px||||false|false\u00a0\u00bb header_2_font_size_tablet=\u00a0\u00bb35px\u00a0\u00bb header_2_font_size_phone=\u00a0\u00bb25px\u00a0\u00bb header_2_font_size_last_edited=\u00a0\u00bbon|phone\u00a0\u00bb text_orientation_tablet=\u00a0\u00bb\u00a0\u00bb text_orientation_phone=\u00a0\u00bbleft\u00a0\u00bb text_orientation_last_edited=\u00a0\u00bbon|desktop\u00a0\u00bb global_colors_info=\u00a0\u00bb{}\u00a0\u00bb]<\/p>\n<p>Les essais contr\u00f4le qualit\u00e9 (CQ) des m\u00e9dicaments sont r\u00e9alis\u00e9s \u00e0 l&rsquo;\u00e9chelle mondiale par des soci\u00e9t\u00e9s pharmaceutiques, des laboratoires de recherche sous contrat (CRO) et diverses autres institutions. Les exigences r\u00e9glementaires sont plus larges et plus strictes que jamais et ne feront qu&rsquo;augmenter pour prot\u00e9ger l&rsquo;homme et la nature. Les bonnes pratiques de fabrication actuelles (GMP) pour les produits pharmaceutiques \u00e0 usage humain fixent des normes pour garantir la qualit\u00e9 et la s\u00e9curit\u00e9 des produits. Le respect des r\u00e8gles cGMP garantit l&rsquo;identit\u00e9, l\u2019efficacit\u00e9, la qualit\u00e9 et la puret\u00e9 des produits pharmaceutiques en exigeant que les fabricants de m\u00e9dicaments contr\u00f4lent de mani\u00e8re ad\u00e9quate les op\u00e9rations de fabrication. Les m\u00e9thodes d&rsquo;analyse reproductibles, fiables et robustes jouent un r\u00f4le essentiel dans la conformit\u00e9 r\u00e9glementaire.<\/p>\n<p>Les <a href=\"https:\/\/antecscientific.com\/fr\/produits\/instruments\/analyseurs-alexys\/\">analyseurs ALEXYS d&rsquo;<\/a> Antec Scientific sont utilis\u00e9s dans le monde entier pour r\u00e9pondre aux normes r\u00e9glementaires et de s\u00e9curit\u00e9 USP et EP pour une large gamme de compos\u00e9s. Des analyseurs d\u00e9di\u00e9s ont \u00e9t\u00e9 d\u00e9velopp\u00e9s, offrant une sensibilit\u00e9, une s\u00e9lectivit\u00e9 et un d\u00e9bit exceptionnels pour les antibiotiques aminoglycosides et macrolides, les (di-) sulfures, les glycoprot\u00e9ines, les glucides et de nombreux autres produits pharmaceutiques.<\/p>\n<p>Pour en savoir <strong>plus<\/strong> sur nos applications dans le domaine de l&rsquo;<a href=\"https:\/\/antecscientific.com\/fr\/applications\/antibiotiques\/\">analyse des<\/a> <a href=\"https:\/\/antecscientific.com\/fr\/applications\/produits-pharmaceutiques\/\">produits pharmaceutiques<\/a> et des <a href=\"https:\/\/antecscientific.com\/fr\/applications\/antibiotiques\/\">antibiotiques<\/a>, <strong>consultez le<\/strong> site &#8230;&#8230;<\/p>\n<p>[\/et_pb_text][\/et_pb_column][et_pb_column type=\u00a0\u00bb1_3&Prime; _builder_version=\u00a0\u00bb4.16&Prime; custom_padding=\u00a0\u00bb5%|5%|||false|false\u00a0\u00bb global_colors_info=\u00a0\u00bb{}\u00a0\u00bb custom_padding__hover=\u00a0\u00bb|||\u00a0\u00bb][et_pb_image src=\u00a0\u00bbhttps:\/\/antecscientific.com\/wp-content\/uploads\/2020\/12\/FDA_inspection-300&#215;201.jpg\u00a0\u00bb title_text=\u00a0\u00bbInspection de la FDA\u00a0\u00bb _builder_version=\u00a0\u00bb4.16&Prime; _module_preset=\u00a0\u00bbdefault\u00a0\u00bb global_colors_info=\u00a0\u00bb{}\u00a0\u00bb][\/et_pb_image][\/et_pb_column][\/et_pb_row][et_pb_row custom_padding_last_edited=\u00a0\u00bbon|phone\u00a0\u00bb admin_label=\u00a0\u00bbDividerline\u00a0\u00bb _builder_version=\u00a0\u00bb4.16&Prime; width=\u00a0\u00bbauto\u00a0\u00bb max_width=\u00a0\u00bbnone\u00a0\u00bb custom_padding=\u00a0\u00bb|0px|||false|false\u00a0\u00bb custom_padding_tablet=\u00a0\u00bb\u00a0\u00bb custom_padding_phone=\u00a0\u00bb|10%|||false|false\u00a0\u00bb locked=\u00a0\u00bboff\u00a0\u00bb collapsed=\u00a0\u00bbon\u00a0\u00bb global_colors_info=\u00a0\u00bb{}\u00a0\u00bb][et_pb_column type=\u00a0\u00bb4_4&Prime; _builder_version=\u00a0\u00bb4.16&Prime; global_colors_info=\u00a0\u00bb{}\u00a0\u00bb][et_pb_divider color=\u00a0\u00bb#dee1e6&Prime; _builder_version=\u00a0\u00bb4.16&Prime; global_colors_info=\u00a0\u00bb{}\u00a0\u00bb][\/et_pb_divider][\/et_pb_column][\/et_pb_row][et_pb_row column_structure=\u00a0\u00bb2_3,1_3&Prime; custom_padding_last_edited=\u00a0\u00bbon|phone\u00a0\u00bb _builder_version=\u00a0\u00bb4.16&Prime; width=\u00a0\u00bbauto\u00a0\u00bb max_width=\u00a0\u00bbnone\u00a0\u00bb custom_padding=\u00a0\u00bb27px|0|27px|0px|false|false\u00a0\u00bb custom_padding_tablet=\u00a0\u00bb|0px||0px||true\u00a0\u00bb custom_padding_phone=\u00a0\u00bb|10%||0px|false|false\u00a0\u00bb global_colors_info=\u00a0\u00bb{}\u00a0\u00bb][et_pb_column type=\u00a0\u00bb2_3&Prime; _builder_version=\u00a0\u00bb4.16&Prime; custom_padding=\u00a0\u00bb|||\u00a0\u00bb global_colors_info=\u00a0\u00bb{}\u00a0\u00bb custom_padding__hover=\u00a0\u00bb|||\u00a0\u00bb][et_pb_text admin_label=\u00a0\u00bbSubtitle\u00a0\u00bb _builder_version=\u00a0\u00bb4.16&Prime; text_font=\u00a0\u00bb||||||||\u00a0\u00bb text_line_height=\u00a0\u00bb2em\u00a0\u00bb header_font=\u00a0\u00bb||||||||\u00a0\u00bb header_2_font=\u00a0\u00bb|600||on|||||\u00a0\u00bb header_2_text_color=\u00a0\u00bb#df0834&Prime; header_2_font_size=\u00a0\u00bb20px\u00a0\u00bb header_2_line_height=\u00a0\u00bb1.4em\u00a0\u00bb header_6_font=\u00a0\u00bb|700||on|||||\u00a0\u00bb header_6_font_size=\u00a0\u00bb16px\u00a0\u00bb header_6_letter_spacing=\u00a0\u00bb5px\u00a0\u00bb header_6_line_height=\u00a0\u00bb1.8em\u00a0\u00bb max_width=\u00a0\u00bb700px\u00a0\u00bb module_alignment=\u00a0\u00bbcenter\u00a0\u00bb custom_margin=\u00a0\u00bb||0px||false|false\u00a0\u00bb custom_padding=\u00a0\u00bb||0px||false|false\u00a0\u00bb header_2_font_size_tablet=\u00a0\u00bb25px\u00a0\u00bb header_2_font_size_phone=\u00a0\u00bb25px\u00a0\u00bb header_2_font_size_last_edited=\u00a0\u00bbon|phone\u00a0\u00bb global_colors_info=\u00a0\u00bb{}\u00a0\u00bb]<\/p>\n<h2 id=\"dmet\">M\u00e9tabolisme des m\u00e9dicaments<\/h2>\n<p>[\/et_pb_text][et_pb_text admin_label=\u00a0\u00bbParagraph\u00a0\u00bb _builder_version=\u00a0\u00bb4.20.4&Prime; text_font=\u00a0\u00bb||||||||\u00a0\u00bb text_font_size=\u00a0\u00bb18px\u00a0\u00bb text_line_height=\u00a0\u00bb2em\u00a0\u00bb header_font=\u00a0\u00bb||||||||\u00a0\u00bb header_2_font=\u00a0\u00bbRaleway|700|||||||\u00a0\u00bb header_2_font_size=\u00a0\u00bb50px\u00a0\u00bb header_2_line_height=\u00a0\u00bb1.4em\u00a0\u00bb header_6_font=\u00a0\u00bbRaleway|700||on|||||\u00a0\u00bb header_6_font_size=\u00a0\u00bb16px\u00a0\u00bb header_6_letter_spacing=\u00a0\u00bb5px\u00a0\u00bb header_6_line_height=\u00a0\u00bb1.8em\u00a0\u00bb text_orientation=\u00a0\u00bbjustified\u00a0\u00bb max_width=\u00a0\u00bb700px\u00a0\u00bb module_alignment=\u00a0\u00bbcenter\u00a0\u00bb custom_margin=\u00a0\u00bb0px||||false|false\u00a0\u00bb custom_padding=\u00a0\u00bb0px||||false|false\u00a0\u00bb hover_enabled=\u00a0\u00bb0&Prime; header_2_font_size_tablet=\u00a0\u00bb35px\u00a0\u00bb header_2_font_size_phone=\u00a0\u00bb25px\u00a0\u00bb header_2_font_size_last_edited=\u00a0\u00bbon|phone\u00a0\u00bb text_orientation_tablet=\u00a0\u00bb\u00a0\u00bb text_orientation_phone=\u00a0\u00bbleft\u00a0\u00bb text_orientation_last_edited=\u00a0\u00bbon|desktop\u00a0\u00bb global_colors_info=\u00a0\u00bb{}\u00a0\u00bb sticky_enabled=\u00a0\u00bb0&Prime;]<\/p>\n<p>L&rsquo;une des nombreuses \u00e9tapes du d\u00e9veloppement d&rsquo;un m\u00e9dicament est l&rsquo;\u00e9tude de la <strong>clairance m\u00e9tabolique<\/strong> d&rsquo;un candidat m\u00e9dicament dans l&rsquo;organisme. La plupart des x\u00e9nobiotiques sont m\u00e9tabolis\u00e9s dans le foie et excr\u00e9t\u00e9s du corps dans l&rsquo;urine. Cependant, la fronti\u00e8re entre le m\u00e9tabolisme et la toxicit\u00e9 des m\u00e9dicaments est mince. Cela est apparu clairement lors des \u00e9v\u00e9nements tragiques qui ont suivi la prescription de thalidomide pour le traitement des naus\u00e9es matinales chez les femmes enceintes \u00e0 la fin des ann\u00e9es 1950. De nos jours, les <strong>\u00e9tudes ADME<\/strong> (absorption, distribution, m\u00e9tabolisme, excr\u00e9tion) jouent un r\u00f4le cl\u00e9 dans la trajectoire pr\u00e9clinique du d\u00e9veloppement des m\u00e9dicaments. La crainte d&rsquo;approuver un m\u00e9dicament susceptible de provoquer des malformations cong\u00e9nitales ou des cancers a domin\u00e9 la politique de la FDA am\u00e9ricaine jusqu&rsquo;\u00e0 ce jour.<\/p>\n<p>Les enzymes du cytochrome P450 (P450) dans le foie jouent un r\u00f4le important dans le processus m\u00e9tabolique. Les m\u00e9canismes de r\u00e9action sont bas\u00e9s sur des r\u00e9actions d&rsquo;oxydation, notamment la d\u00e9samination, la <em>N-d\u00e9alkylation<\/em>, la <em>O-d\u00e9alkylation<\/em>, la sulfoxydation et l&rsquo;hydroxylation des groupes alkyle et des cycles aromatiques. Traditionnellement, les \u00e9tudes sur le m\u00e9tabolisme des m\u00e9dicaments sont bas\u00e9es sur l&rsquo;incubation du m\u00e9dicament avec des microsomes de cellules h\u00e9patiques.<\/p>\n<p>L&rsquo;<strong>\u00e9lectrochimie<\/strong> s&rsquo;est av\u00e9r\u00e9e \u00eatre une technique compl\u00e9mentaire pour \u00e9tudier le m\u00e9tabolisme oxydatif. Les candidats m\u00e9dicaments et les principes actifs de m\u00e9dicaments (API) sont oxyd\u00e9s dans un r\u00e9acteur \u00e9lectrochimique connect\u00e9 \u00e0 un MS. Les produits de la r\u00e9action sont imm\u00e9diatement analys\u00e9s, ou m\u00e9lang\u00e9s \u00e0 d&rsquo;autres biomol\u00e9cules telles que des prot\u00e9ines ou des peptides pour \u00e9tudier les r\u00e9actions des m\u00e9tabolites secondaires. Plusieurs <a href=\"https:\/\/antecscientific.com\/download\/83\/applications-ec-ms\/2916\/210_016-roxy-literature-publications\">publications<\/a> sont parues montrant le chevauchement et les r\u00e9sultats compl\u00e9mentaires de l&rsquo;approche \u00e9lectrochimique et microsomale.<\/p>\n<p><strong>Lire la suite :<\/strong><\/p>\n<ul>\n<li>Applications de l&rsquo;\u00e9lectrochimie dans <a href=\"https:\/\/antecscientific.com\/fr\/applications\/reacteurs-roxy\/metabolisme-des-medicaments\/\">les \u00e9tudes sur le \u00e9lectrochimie<\/a> dans les&#8230;..<\/li>\n<li>Plus de d\u00e9tails sur <a href=\"https:\/\/antecscientific.com\/fr\/produits\/techniques\/electrochimie-avec-detection-ms\/\">le fonctionnement de l&rsquo;\u00e9lectrochimie avec MS<\/a>&#8230;.<\/li>\n<\/ul>\n<p>&nbsp;<\/p>\n<p>[\/et_pb_text][\/et_pb_column][et_pb_column type=\u00a0\u00bb1_3&Prime; _builder_version=\u00a0\u00bb4.16&Prime; custom_padding=\u00a0\u00bb5%|5%|||false|false\u00a0\u00bb global_colors_info=\u00a0\u00bb{}\u00a0\u00bb custom_padding__hover=\u00a0\u00bb|||\u00a0\u00bb][et_pb_image src=\u00a0\u00bbhttps:\/\/antecscientific.com\/wp-content\/uploads\/2020\/12\/drug_development_funnel.png\u00a0\u00bb title_text=\u00a0\u00bbtunnel_de_d\u00e9veloppement_de_m\u00e9dicaments\u00a0\u00bb _builder_version=\u00a0\u00bb4.16&Prime; _module_preset=\u00a0\u00bbdefault\u00a0\u00bb global_colors_info=\u00a0\u00bb{}\u00a0\u00bb][\/et_pb_image][et_pb_text _builder_version=\u00a0\u00bb4.16&Prime; _module_preset=\u00a0\u00bbdefault\u00a0\u00bb global_colors_info=\u00a0\u00bb{}\u00a0\u00bb]<\/p>\n<p><em><small>Fig. 2. La d\u00e9couverte de m\u00e9dicaments est un processus d&rsquo;\u00e9limination, qui commence par des milliers de candidats m\u00e9dicaments. Les candidats inadapt\u00e9s doivent \u00eatre \u00e9limin\u00e9s d\u00e8s le d\u00e9but du processus, afin de gagner du temps et de l&rsquo;argent. L&rsquo;\u00e9lectrochimie s&rsquo;est av\u00e9r\u00e9e \u00eatre un outil pr\u00e9cieux et compl\u00e9mentaire aux m\u00e9thodes traditionnelles.<\/small><\/em><\/p>\n<p>[\/et_pb_text][\/et_pb_column][\/et_pb_row][\/et_pb_section]<\/p>\n","protected":false},"excerpt":{"rendered":"<p>Les analyseurs ALEXYS d&rsquo;Antec sont utilis\u00e9s dans le monde entier pour r\u00e9pondre aux exigences r\u00e9glementaires et de s\u00e9curit\u00e9 pour le contr\u00f4le de la qualit\u00e9 dans la fabrication pharmaceutique.<\/p>\n","protected":false},"author":3,"featured_media":0,"parent":16795,"menu_order":0,"comment_status":"closed","ping_status":"closed","template":"","meta":{"_et_pb_use_builder":"on","_et_pb_old_content":"","_et_gb_content_width":"","footnotes":""},"class_list":["post-16863","page","type-page","status-publish","hentry"],"yoast_head":"<!-- This site is optimized with the Yoast SEO plugin v27.3 - https:\/\/yoast.com\/product\/yoast-seo-wordpress\/ -->\n<title>Pharmaceutique - Antec Scientific<\/title>\n<meta name=\"description\" content=\"Les analyseurs ALEXYS d&#039;Antec sont utilis\u00e9s dans le monde entier pour r\u00e9pondre aux exigences r\u00e9glementaires et de s\u00e9curit\u00e9 pour le contr\u00f4le de la qualit\u00e9 dans la fabrication pharmaceutique.\" \/>\n<meta name=\"robots\" content=\"index, follow, max-snippet:-1, max-image-preview:large, max-video-preview:-1\" \/>\n<link rel=\"canonical\" href=\"https:\/\/antecscientific.com\/fr\/marches\/pharmaceutique\/\" \/>\n<meta property=\"og:locale\" content=\"fr_FR\" \/>\n<meta property=\"og:type\" content=\"article\" \/>\n<meta property=\"og:title\" content=\"Pharmaceutique - Antec Scientific\" \/>\n<meta property=\"og:description\" content=\"Les analyseurs ALEXYS d&#039;Antec sont utilis\u00e9s dans le monde entier pour r\u00e9pondre aux exigences r\u00e9glementaires et de s\u00e9curit\u00e9 pour le contr\u00f4le de la qualit\u00e9 dans la fabrication pharmaceutique.\" \/>\n<meta property=\"og:url\" content=\"https:\/\/antecscientific.com\/fr\/marches\/pharmaceutique\/\" \/>\n<meta property=\"og:site_name\" content=\"Antec Scientific\" \/>\n<meta property=\"article:modified_time\" content=\"2023-05-01T20:57:33+00:00\" \/>\n<meta name=\"twitter:card\" content=\"summary_large_image\" \/>\n<meta name=\"twitter:label1\" content=\"Dur\u00e9e de lecture estim\u00e9e\" \/>\n\t<meta name=\"twitter:data1\" content=\"8 minutes\" \/>\n<script type=\"application\/ld+json\" class=\"yoast-schema-graph\">{\"@context\":\"https:\\\/\\\/schema.org\",\"@graph\":[{\"@type\":\"WebPage\",\"@id\":\"https:\\\/\\\/antecscientific.com\\\/fr\\\/marches\\\/pharmaceutique\\\/\",\"url\":\"https:\\\/\\\/antecscientific.com\\\/fr\\\/marches\\\/pharmaceutique\\\/\",\"name\":\"Pharmaceutique - Antec Scientific\",\"isPartOf\":{\"@id\":\"https:\\\/\\\/antecscientific.com\\\/fr\\\/#website\"},\"datePublished\":\"2020-08-30T11:43:00+00:00\",\"dateModified\":\"2023-05-01T20:57:33+00:00\",\"description\":\"Les analyseurs ALEXYS d'Antec sont utilis\u00e9s dans le monde entier pour r\u00e9pondre aux exigences r\u00e9glementaires et de s\u00e9curit\u00e9 pour le contr\u00f4le de la qualit\u00e9 dans la fabrication pharmaceutique.\",\"breadcrumb\":{\"@id\":\"https:\\\/\\\/antecscientific.com\\\/fr\\\/marches\\\/pharmaceutique\\\/#breadcrumb\"},\"inLanguage\":\"fr-FR\",\"potentialAction\":[{\"@type\":\"ReadAction\",\"target\":[\"https:\\\/\\\/antecscientific.com\\\/fr\\\/marches\\\/pharmaceutique\\\/\"]}]},{\"@type\":\"BreadcrumbList\",\"@id\":\"https:\\\/\\\/antecscientific.com\\\/fr\\\/marches\\\/pharmaceutique\\\/#breadcrumb\",\"itemListElement\":[{\"@type\":\"ListItem\",\"position\":1,\"name\":\"March\u00e9s\",\"item\":\"https:\\\/\\\/antecscientific.com\\\/fr\\\/marches\\\/\"},{\"@type\":\"ListItem\",\"position\":2,\"name\":\"Pharmaceutique\"}]},{\"@type\":\"WebSite\",\"@id\":\"https:\\\/\\\/antecscientific.com\\\/fr\\\/#website\",\"url\":\"https:\\\/\\\/antecscientific.com\\\/fr\\\/\",\"name\":\"Antec Scientific\",\"description\":\"Supporting research to improve quality of life\",\"potentialAction\":[{\"@type\":\"SearchAction\",\"target\":{\"@type\":\"EntryPoint\",\"urlTemplate\":\"https:\\\/\\\/antecscientific.com\\\/fr\\\/?s={search_term_string}\"},\"query-input\":{\"@type\":\"PropertyValueSpecification\",\"valueRequired\":true,\"valueName\":\"search_term_string\"}}],\"inLanguage\":\"fr-FR\"}]}<\/script>\n<!-- \/ Yoast SEO plugin. -->","yoast_head_json":{"title":"Pharmaceutique - Antec Scientific","description":"Les analyseurs ALEXYS d'Antec sont utilis\u00e9s dans le monde entier pour r\u00e9pondre aux exigences r\u00e9glementaires et de s\u00e9curit\u00e9 pour le contr\u00f4le de la qualit\u00e9 dans la fabrication pharmaceutique.","robots":{"index":"index","follow":"follow","max-snippet":"max-snippet:-1","max-image-preview":"max-image-preview:large","max-video-preview":"max-video-preview:-1"},"canonical":"https:\/\/antecscientific.com\/fr\/marches\/pharmaceutique\/","og_locale":"fr_FR","og_type":"article","og_title":"Pharmaceutique - Antec Scientific","og_description":"Les analyseurs ALEXYS d'Antec sont utilis\u00e9s dans le monde entier pour r\u00e9pondre aux exigences r\u00e9glementaires et de s\u00e9curit\u00e9 pour le contr\u00f4le de la qualit\u00e9 dans la fabrication pharmaceutique.","og_url":"https:\/\/antecscientific.com\/fr\/marches\/pharmaceutique\/","og_site_name":"Antec Scientific","article_modified_time":"2023-05-01T20:57:33+00:00","twitter_card":"summary_large_image","twitter_misc":{"Dur\u00e9e de lecture estim\u00e9e":"8 minutes"},"schema":{"@context":"https:\/\/schema.org","@graph":[{"@type":"WebPage","@id":"https:\/\/antecscientific.com\/fr\/marches\/pharmaceutique\/","url":"https:\/\/antecscientific.com\/fr\/marches\/pharmaceutique\/","name":"Pharmaceutique - Antec Scientific","isPartOf":{"@id":"https:\/\/antecscientific.com\/fr\/#website"},"datePublished":"2020-08-30T11:43:00+00:00","dateModified":"2023-05-01T20:57:33+00:00","description":"Les analyseurs ALEXYS d'Antec sont utilis\u00e9s dans le monde entier pour r\u00e9pondre aux exigences r\u00e9glementaires et de s\u00e9curit\u00e9 pour le contr\u00f4le de la qualit\u00e9 dans la fabrication pharmaceutique.","breadcrumb":{"@id":"https:\/\/antecscientific.com\/fr\/marches\/pharmaceutique\/#breadcrumb"},"inLanguage":"fr-FR","potentialAction":[{"@type":"ReadAction","target":["https:\/\/antecscientific.com\/fr\/marches\/pharmaceutique\/"]}]},{"@type":"BreadcrumbList","@id":"https:\/\/antecscientific.com\/fr\/marches\/pharmaceutique\/#breadcrumb","itemListElement":[{"@type":"ListItem","position":1,"name":"March\u00e9s","item":"https:\/\/antecscientific.com\/fr\/marches\/"},{"@type":"ListItem","position":2,"name":"Pharmaceutique"}]},{"@type":"WebSite","@id":"https:\/\/antecscientific.com\/fr\/#website","url":"https:\/\/antecscientific.com\/fr\/","name":"Antec Scientific","description":"Supporting research to improve quality of life","potentialAction":[{"@type":"SearchAction","target":{"@type":"EntryPoint","urlTemplate":"https:\/\/antecscientific.com\/fr\/?s={search_term_string}"},"query-input":{"@type":"PropertyValueSpecification","valueRequired":true,"valueName":"search_term_string"}}],"inLanguage":"fr-FR"}]}},"_links":{"self":[{"href":"https:\/\/antecscientific.com\/fr\/wp-json\/wp\/v2\/pages\/16863","targetHints":{"allow":["GET"]}}],"collection":[{"href":"https:\/\/antecscientific.com\/fr\/wp-json\/wp\/v2\/pages"}],"about":[{"href":"https:\/\/antecscientific.com\/fr\/wp-json\/wp\/v2\/types\/page"}],"author":[{"embeddable":true,"href":"https:\/\/antecscientific.com\/fr\/wp-json\/wp\/v2\/users\/3"}],"replies":[{"embeddable":true,"href":"https:\/\/antecscientific.com\/fr\/wp-json\/wp\/v2\/comments?post=16863"}],"version-history":[{"count":21,"href":"https:\/\/antecscientific.com\/fr\/wp-json\/wp\/v2\/pages\/16863\/revisions"}],"predecessor-version":[{"id":19472,"href":"https:\/\/antecscientific.com\/fr\/wp-json\/wp\/v2\/pages\/16863\/revisions\/19472"}],"up":[{"embeddable":true,"href":"https:\/\/antecscientific.com\/fr\/wp-json\/wp\/v2\/pages\/16795"}],"wp:attachment":[{"href":"https:\/\/antecscientific.com\/fr\/wp-json\/wp\/v2\/media?parent=16863"}],"curies":[{"name":"wp","href":"https:\/\/api.w.org\/{rel}","templated":true}]}}