{"id":35355,"date":"2026-01-18T11:18:36","date_gmt":"2026-01-18T10:18:36","guid":{"rendered":"https:\/\/antecscientific.com\/acerca-de\/productos-medewerker\/"},"modified":"2026-01-18T11:55:33","modified_gmt":"2026-01-18T10:55:33","slug":"productos-medewerker","status":"publish","type":"page","link":"https:\/\/antecscientific.com\/es\/acerca-de\/carreras\/productos-medewerker\/","title":{"rendered":"Proveedor de productos"},"content":{"rendered":"<p>[et_pb_section fb_built=\u00bb1&#8243; admin_label=\u00bbHeader\u00bb _builder_version=\u00bb4.16&#8243; background_image=\u00bbhttps:\/\/antecscientific.com\/wp-content\/uploads\/2021\/11\/11_img.jpg\u00bb parallax=\u00bbon\u00bb custom_padding=\u00bb2vw|0px|200px|0px|false|false\u00bb collapsed=\u00bbon\u00bb global_colors_info=\u00bb{}\u00bb][et_pb_row _builder_version=\u00bb4.16&#8243; global_colors_info=\u00bb{}\u00bb][et_pb_column type=\u00bb4_4&#8243; _builder_version=\u00bb4.16&#8243; custom_padding=\u00bb|||\u00bb global_colors_info=\u00bb{}\u00bb custom_padding__hover=\u00bb|||\u00bb][et_pb_text admin_label=\u00bbBreadcrumbs (don&#8217;t touch)\u00bb _builder_version=\u00bb4.16&#8243; text_font=\u00bb|700|||||||\u00bb text_text_color=\u00bb#ffffff\u00bb text_font_size=\u00bb15px\u00bb link_font=\u00bb|700|||||||\u00bb link_text_color=\u00bb#ffffff\u00bb link_font_size=\u00bb15px\u00bb global_colors_info=\u00bb{}\u00bb][\/et_pb_text][et_pb_text admin_label=\u00bbBig page title (don&#8217;t touch)\u00bb _builder_version=\u00bb4.16&#8243; _dynamic_attributes=\u00bbcontent\u00bb text_font=\u00bb||||||||\u00bb header_font=\u00bb|700|||||||\u00bb header_text_color=\u00bb#ffffff\u00bb header_font_size=\u00bb80px\u00bb header_line_height=\u00bb1.2em\u00bb header_5_font=\u00bbRaleway|700||on|||||\u00bb header_5_text_color=\u00bb#000000&#8243; header_5_font_size=\u00bb20px\u00bb header_5_letter_spacing=\u00bb0.5em\u00bb header_5_line_height=\u00bb1.8em\u00bb animation_style=\u00bbzoom\u00bb animation_intensity_zoom=\u00bb5%\u00bb header_font_size_tablet=\u00bb48px\u00bb header_font_size_phone=\u00bb32px\u00bb header_font_size_last_edited=\u00bbon|phone\u00bb header_5_font_size_tablet=\u00bb14px\u00bb header_5_font_size_phone=\u00bb12px\u00bb header_5_font_size_last_edited=\u00bbon|desktop\u00bb global_colors_info=\u00bb{}\u00bb]@ET-DC@eyJkeW5hbWljIjp0cnVlLCJjb250ZW50IjoicG9zdF90aXRsZSIsInNldHRpbmdzIjp7ImJlZm9yZSI6IjxoMT4iLCJhZnRlciI6IjxcL2gxPiJ9fQ==@[\/et_pb_text][\/et_pb_column][\/et_pb_row][\/et_pb_section][et_pb_section fb_built=\u00bb1&#8243; admin_label=\u00bbContent\u00bb _builder_version=\u00bb4.16&#8243; background_color=\u00bb#ffffff\u00bb max_width=\u00bb90%\u00bb max_width_tablet=\u00bb\u00bb max_width_phone=\u00bb100%\u00bb max_width_last_edited=\u00bbon|phone\u00bb custom_margin=\u00bb-160px||0px||false|false\u00bb custom_padding=\u00bb||0px||false|false\u00bb border_color_all=\u00bb#ffffff\u00bb border_width_left=\u00bb10vw\u00bb global_colors_info=\u00bb{}\u00bb][et_pb_row column_structure=\u00bb2_3,1_3&#8243; custom_padding_last_edited=\u00bbon|phone\u00bb _builder_version=\u00bb4.16&#8243; width=\u00bbauto\u00bb max_width=\u00bbnone\u00bb custom_padding=\u00bb27px|0|27px|0px|false|false\u00bb custom_padding_tablet=\u00bb|0px||0px||true\u00bb custom_padding_phone=\u00bb|10%||0px|false|false\u00bb global_colors_info=\u00bb{}\u00bb][et_pb_column type=\u00bb2_3&#8243; _builder_version=\u00bb4.16&#8243; custom_padding=\u00bb|||\u00bb global_colors_info=\u00bb{}\u00bb custom_padding__hover=\u00bb|||\u00bb][et_pb_text admin_label=\u00bbSubtitle\u00bb _builder_version=\u00bb4.27.5&#8243; text_font=\u00bb||||||||\u00bb text_line_height=\u00bb2em\u00bb header_font=\u00bb||||||||\u00bb header_2_font=\u00bb|600||on|||||\u00bb header_2_text_color=\u00bb#df0834&#8243; header_2_font_size=\u00bb20px\u00bb header_2_line_height=\u00bb1.4em\u00bb header_6_font=\u00bb|700||on|||||\u00bb header_6_font_size=\u00bb16px\u00bb header_6_letter_spacing=\u00bb5px\u00bb header_6_line_height=\u00bb1.8em\u00bb max_width=\u00bb700px\u00bb module_alignment=\u00bbcenter\u00bb custom_margin=\u00bb||0px||false|false\u00bb custom_padding=\u00bb||0px||false|false\u00bb header_2_font_size_tablet=\u00bb25px\u00bb header_2_font_size_phone=\u00bb25px\u00bb header_2_font_size_last_edited=\u00bbon|phone\u00bb global_colors_info=\u00bb{}\u00bb]<\/p>\n<h2>Proveedor de productos<\/h2>\n<p>[\/et_pb_text][et_pb_text content_last_edited=\u00bboff|desktop\u00bb admin_label=\u00bbParagraph\u00bb _builder_version=\u00bb4.27.5&#8243; text_font=\u00bb||||||||\u00bb text_font_size=\u00bb18px\u00bb text_line_height=\u00bb2em\u00bb header_font=\u00bb||||||||\u00bb header_2_font=\u00bbRaleway|700|||||||\u00bb header_2_font_size=\u00bb50px\u00bb header_2_line_height=\u00bb1.4em\u00bb header_6_font=\u00bbRaleway|700||on|||||\u00bb header_6_font_size=\u00bb16px\u00bb header_6_letter_spacing=\u00bb5px\u00bb header_6_line_height=\u00bb1.8em\u00bb text_orientation=\u00bbjustified\u00bb max_width=\u00bb700px\u00bb module_alignment=\u00bbcenter\u00bb custom_margin=\u00bb0px||||false|false\u00bb custom_padding=\u00bb0px||||false|false\u00bb header_2_font_size_tablet=\u00bb35px\u00bb header_2_font_size_phone=\u00bb25px\u00bb header_2_font_size_last_edited=\u00bbon|phone\u00bb text_orientation_tablet=\u00bb\u00bb text_orientation_phone=\u00bbleft\u00bb text_orientation_last_edited=\u00bbon|desktop\u00bb global_colors_info=\u00bb{}\u00bb]<\/p>\n<p>\u00bfDeseas trabajar en un equipo din\u00e1mico? En Antec Scientific, en Alphen aan den Rijn, tienes la oportunidad de trabajar en un entorno laboral din\u00e1mico. Buscamos un nuevo compa\u00f1ero para el \u00e1rea de Log\u00edstica\/Productos. \u00bfEres la persona que buscamos? M\u00e1s informaci\u00f3n    <\/p>\n<p>&nbsp;<\/p>\n<h3>Functieomschrijving<\/h3>\n<p>Ac\u00e9rcate al taller de montaje, donde te encargar\u00e1s de ensamblar, probar y verificar nuestros equipos. Buscamos a alguien que, como <strong>jefe de equipo <\/strong>, tambi\u00e9n participe en el desarrollo y la planificaci\u00f3n de la empresa. Adem\u00e1s, te ayudamos a hacer llegar los productos a los clientes de todo el mundo de forma segura y eficaz.  <\/p>\n<p>Je werkzaamheden bestaan uit:<\/p>\n<ul>\n<li>Planificaci\u00f3n: pasar de pedidos de compra a pedidos de producci\u00f3n<\/li>\n<li>Montaje de equipos electr\u00f3nicos<\/li>\n<li>Colaboraci\u00f3n con colegas para un proceso de producci\u00f3n sostenible<\/li>\n<li>Monteren en polijsten van meetcellen<\/li>\n<li>Carga y descarga de palets y paquetes para la venta<\/li>\n<\/ul>\n<p>&nbsp;<\/p>\n<p>Trabaja en nuestra oficina de Alphen aan den Rijn. Forma parte de un equipo de 15 compa\u00f1eros. No nos preocupamos por el tiempo, sino por los proyectos en curso y los clientes satisfechos.<\/p>\n<p>&nbsp;<\/p>\n<h3>\u00bfQu\u00e9 hace que tu boda sea perfecta?<\/h3>\n<p>Buscamos a un compa\u00f1ero que trabaje con entusiasmo y atenci\u00f3n al detalle. Je hebt bij voorkeur een MBO werk- en denkniveau, bij voorkeur in de richting van elektronica.  Somos una empresa muy diversa en la que colaboran ingenieros, investigadores, comerciales, log\u00edsticos y operarios de producci\u00f3n de distintos sectores y nacionalidades. A trav\u00e9s de las distintas opciones, se obtienen im\u00e1genes sorprendentes. En dat past dan weer erg goed bij ons als organisatie. Nos alegramos de su trabajo y de los conocimientos y experiencia que ha adquirido.<\/p>\n<ul>\n<li>Ervaring met elektronica, zoals het testen, programmeren, controleren, repareren van PCB&#8217;s en het werken met detectoren en bekabeling<\/li>\n<li>Herramientas de trabajo, mantenimiento con montaje mec\u00e1nico fijo, trabajo con un banco de trabajo y montaje de celdas de reuni\u00f3n<\/li>\n<li>Afinidad con los procesos log\u00edsticos, como el transporte de mercanc\u00edas, el transporte de mercanc\u00edas, el envasado de equipos y el transporte de palets para su entrega.<\/li>\n<li>Goede beheersing van de Nederlandse of Engelse taal (schriftelijk en mondeling)<\/li>\n<li>Je hebt interesse en het werken met elektrische apparatuur, computers, etc<\/li>\n<li>Je woont in de regio West-Nederland<\/li>\n<\/ul>\n<p>&nbsp;<\/p>\n<h3>Le ofrecemos<\/h3>\n<p>En Antec Scientific te ofrecemos la posibilidad de integrarte en un entorno de trabajo din\u00e1mico y con gran capacidad de adaptaci\u00f3n. Te ofrecemos un paquete completo de cursos de formaci\u00f3n profesional, entre otros: <\/p>\n<ul>\n<li>La visi\u00f3n de una gran empresa que funciona bien y se adapta a tus necesidades<\/li>\n<li>Cursos y formaci\u00f3n para ayudarte a progresar<\/li>\n<li>Reiskostenvergoeding of een NS Business kaart<\/li>\n<li>24 vakantiedagen, uitbreidbaar naar 35 dagen<\/li>\n<li>Pensioenopbouw<\/li>\n<li>Veelzijdigheid in je werk en de mogelijkheid om alle facetten van het proces te leren<\/li>\n<li>Trabajar en igualdad de condiciones y mejorar la calidad de vida<\/li>\n<li>Un gran equipo<\/li>\n<li>Fiestas de fin de a\u00f1o o actividades de equipo<\/li>\n<li>Aantrekkelijke winstdeling<\/li>\n<li>Kerstpakket en dinero<\/li>\n<\/ul>\n<p>&nbsp;<\/p>\n<h3>C\u00f3mo estamos<\/h3>\n<p>Antec Scientific fabrica y distribuye equipos de an\u00e1lisis para laboratorios de investigaci\u00f3n de todo el mundo. Aplicamos m\u00e9todos de an\u00e1lisis para el diagn\u00f3stico y el control de la calidad de los alimentos. Un par de indicaciones: con nuestro aparato se pueden medir las catecolaminas en la sangre, marcadores tumorales importantes en el diagn\u00f3stico del c\u00e1ncer. Adem\u00e1s, podemos a\u00f1adir la lactosa a los productos l\u00e1cteos enriquecidos con lactosa con el fin de garantizar la seguridad alimentaria. Nuestros clientes son universidades, centros de ense\u00f1anza superior, empresas farmac\u00e9uticas, productores agroalimentarios y laboratorios de investigaci\u00f3n de todo el mundo.<\/p>\n<p>&nbsp;<\/p>\n<h3>Solliciteren<\/h3>\n<p>Stuur een email met cv naar <a href=\"mailto:careers@antecscientific.com?subject=Sollicitatie%20commercieel%20administratief%20medewerker\">careers@antecscientific.com<\/a> t.n.v. dhr. N. Reinhoud.<\/p>\n<p>[\/et_pb_text][\/et_pb_column][et_pb_column type=\u00bb1_3&#8243; _builder_version=\u00bb4.16&#8243; custom_padding=\u00bb5%|5%|||false|false\u00bb global_colors_info=\u00bb{}\u00bb custom_padding__hover=\u00bb|||\u00bb][et_pb_image src=\u00bbhttps:\/\/antecscientific.com\/wp-content\/uploads\/2025\/12\/assemblage-300&#215;225.jpg\u00bb title_text=\u00bbmontaje\u00bb _builder_version=\u00bb4.27.5&#8243; _module_preset=\u00bbdefault\u00bb global_colors_info=\u00bb{}\u00bb][\/et_pb_image][et_pb_button button_url=\u00bbmailto:careers@antecscientific.com?Subject=Sollicitatie%20productiemedewerker\u00bb button_text=\u00bb\u00a1Reageer nu!\u00bb button_alignment=\u00bbcenter\u00bb _builder_version=\u00bb4.27.5&#8243; _module_preset=\u00bbdefault\u00bb global_colors_info=\u00bb{}\u00bb][\/et_pb_button][et_pb_image src=\u00bbhttps:\/\/antecscientific.com\/wp-content\/uploads\/2025\/12\/magazijn-pallets-300&#215;225.jpg\u00bb title_text=\u00bbmagazijn-pallets\u00bb _builder_version=\u00bb4.27.5&#8243; _module_preset=\u00bbdefault\u00bb global_colors_info=\u00bb{}\u00bb][\/et_pb_image][et_pb_image src=\u00bbhttps:\/\/antecscientific.com\/wp-content\/uploads\/2025\/12\/inpakken-voor-verzending-300&#215;225.jpg\u00bb title_text=\u00bbinpakken-voor-verzending\u00bb _builder_version=\u00bb4.27.5&#8243; _module_preset=\u00bbdefault\u00bb global_colors_info=\u00bb{}\u00bb][\/et_pb_image][et_pb_image src=\u00bbhttps:\/\/antecscientific.com\/wp-content\/uploads\/2025\/12\/20221021_144522-300&#215;225.jpg\u00bb title_text=\u00bb20221021_144522&#8243; _builder_version=\u00bb4.27.5&#8243; _module_preset=\u00bbdefault\u00bb global_colors_info=\u00bb{}\u00bb][\/et_pb_image][et_pb_button button_url=\u00bbmailto:careers@antecscientific.com?Subject=Sollicitatie%20productiemedewerker\u00bb button_text=\u00bb\u00a1Reageer nu!\u00bb button_alignment=\u00bbcenter\u00bb _builder_version=\u00bb4.27.5&#8243; _module_preset=\u00bbdefault\u00bb global_colors_info=\u00bb{}\u00bb][\/et_pb_button][\/et_pb_column][\/et_pb_row][\/et_pb_section]<\/p>\n","protected":false},"excerpt":{"rendered":"<p>Proveedor de productos\u00bfDeseas trabajar en un equipo din\u00e1mico? En Antec Scientific, en Alphen aan den Rijn, tienes la oportunidad de trabajar en un entorno laboral din\u00e1mico. Buscamos un nuevo compa\u00f1ero para el \u00e1rea de Log\u00edstica\/Productos. \u00bfEres la persona que buscamos? M\u00e1s informaci\u00f3n &nbsp; Functieomschrijving Ac\u00e9rcate al taller de montaje, donde te encargar\u00e1s de ensamblar, probar [&hellip;]<\/p>\n","protected":false},"author":3,"featured_media":0,"parent":15080,"menu_order":0,"comment_status":"closed","ping_status":"closed","template":"","meta":{"_et_pb_use_builder":"on","_et_pb_old_content":"","_et_gb_content_width":"","footnotes":""},"class_list":["post-35355","page","type-page","status-publish","hentry"],"yoast_head":"<!-- This site is optimized with the Yoast SEO plugin v27.3 - https:\/\/yoast.com\/product\/yoast-seo-wordpress\/ -->\n<title>Proveedor de productos - Antec Scientific<\/title>\n<meta name=\"description\" content=\"Para nuestra nueva sede en Alphen aan den Rijn buscamos un administrativo para la administraci\u00f3n de pedidos, de 24 a 32 horas semanales.\" \/>\n<meta name=\"robots\" content=\"index, follow, max-snippet:-1, max-image-preview:large, max-video-preview:-1\" \/>\n<link rel=\"canonical\" href=\"https:\/\/antecscientific.com\/es\/acerca-de\/carreras\/productos-medewerker\/\" \/>\n<meta property=\"og:locale\" content=\"es_ES\" \/>\n<meta property=\"og:type\" content=\"article\" \/>\n<meta property=\"og:title\" content=\"Proveedor de productos - Antec Scientific\" \/>\n<meta property=\"og:description\" content=\"Para nuestra nueva sede en Alphen aan den Rijn buscamos un administrativo para la administraci\u00f3n de pedidos, de 24 a 32 horas semanales.\" \/>\n<meta property=\"og:url\" content=\"https:\/\/antecscientific.com\/es\/acerca-de\/carreras\/productos-medewerker\/\" \/>\n<meta property=\"og:site_name\" content=\"Antec Scientific\" \/>\n<meta property=\"article:modified_time\" content=\"2026-01-18T10:55:33+00:00\" \/>\n<meta name=\"twitter:card\" content=\"summary_large_image\" \/>\n<meta name=\"twitter:label1\" content=\"Tiempo de lectura\" \/>\n\t<meta name=\"twitter:data1\" content=\"7 minutos\" \/>\n<script type=\"application\/ld+json\" class=\"yoast-schema-graph\">{\"@context\":\"https:\\\/\\\/schema.org\",\"@graph\":[{\"@type\":\"WebPage\",\"@id\":\"https:\\\/\\\/antecscientific.com\\\/es\\\/acerca-de\\\/carreras\\\/productos-medewerker\\\/\",\"url\":\"https:\\\/\\\/antecscientific.com\\\/es\\\/acerca-de\\\/carreras\\\/productos-medewerker\\\/\",\"name\":\"Proveedor de productos - Antec Scientific\",\"isPartOf\":{\"@id\":\"https:\\\/\\\/antecscientific.com\\\/es\\\/#website\"},\"datePublished\":\"2026-01-18T10:18:36+00:00\",\"dateModified\":\"2026-01-18T10:55:33+00:00\",\"description\":\"Para nuestra nueva sede en Alphen aan den Rijn buscamos un administrativo para la administraci\u00f3n de pedidos, de 24 a 32 horas semanales.\",\"breadcrumb\":{\"@id\":\"https:\\\/\\\/antecscientific.com\\\/es\\\/acerca-de\\\/carreras\\\/productos-medewerker\\\/#breadcrumb\"},\"inLanguage\":\"es\",\"potentialAction\":[{\"@type\":\"ReadAction\",\"target\":[\"https:\\\/\\\/antecscientific.com\\\/es\\\/acerca-de\\\/carreras\\\/productos-medewerker\\\/\"]}]},{\"@type\":\"BreadcrumbList\",\"@id\":\"https:\\\/\\\/antecscientific.com\\\/es\\\/acerca-de\\\/carreras\\\/productos-medewerker\\\/#breadcrumb\",\"itemListElement\":[{\"@type\":\"ListItem\",\"position\":1,\"name\":\"Acerca de\",\"item\":\"https:\\\/\\\/antecscientific.com\\\/es\\\/acerca-de\\\/\"},{\"@type\":\"ListItem\",\"position\":2,\"name\":\"Empleo\",\"item\":\"https:\\\/\\\/antecscientific.com\\\/es\\\/acerca-de\\\/carreras\\\/\"},{\"@type\":\"ListItem\",\"position\":3,\"name\":\"Proveedor de productos\"}]},{\"@type\":\"WebSite\",\"@id\":\"https:\\\/\\\/antecscientific.com\\\/es\\\/#website\",\"url\":\"https:\\\/\\\/antecscientific.com\\\/es\\\/\",\"name\":\"Antec Scientific\",\"description\":\"Supporting research to improve quality of life\",\"potentialAction\":[{\"@type\":\"SearchAction\",\"target\":{\"@type\":\"EntryPoint\",\"urlTemplate\":\"https:\\\/\\\/antecscientific.com\\\/es\\\/?s={search_term_string}\"},\"query-input\":{\"@type\":\"PropertyValueSpecification\",\"valueRequired\":true,\"valueName\":\"search_term_string\"}}],\"inLanguage\":\"es\"}]}<\/script>\n<!-- \/ Yoast SEO plugin. -->","yoast_head_json":{"title":"Proveedor de productos - Antec Scientific","description":"Para nuestra nueva sede en Alphen aan den Rijn buscamos un administrativo para la administraci\u00f3n de pedidos, de 24 a 32 horas semanales.","robots":{"index":"index","follow":"follow","max-snippet":"max-snippet:-1","max-image-preview":"max-image-preview:large","max-video-preview":"max-video-preview:-1"},"canonical":"https:\/\/antecscientific.com\/es\/acerca-de\/carreras\/productos-medewerker\/","og_locale":"es_ES","og_type":"article","og_title":"Proveedor de productos - Antec Scientific","og_description":"Para nuestra nueva sede en Alphen aan den Rijn buscamos un administrativo para la administraci\u00f3n de pedidos, de 24 a 32 horas semanales.","og_url":"https:\/\/antecscientific.com\/es\/acerca-de\/carreras\/productos-medewerker\/","og_site_name":"Antec Scientific","article_modified_time":"2026-01-18T10:55:33+00:00","twitter_card":"summary_large_image","twitter_misc":{"Tiempo de lectura":"7 minutos"},"schema":{"@context":"https:\/\/schema.org","@graph":[{"@type":"WebPage","@id":"https:\/\/antecscientific.com\/es\/acerca-de\/carreras\/productos-medewerker\/","url":"https:\/\/antecscientific.com\/es\/acerca-de\/carreras\/productos-medewerker\/","name":"Proveedor de productos - Antec Scientific","isPartOf":{"@id":"https:\/\/antecscientific.com\/es\/#website"},"datePublished":"2026-01-18T10:18:36+00:00","dateModified":"2026-01-18T10:55:33+00:00","description":"Para nuestra nueva sede en Alphen aan den Rijn buscamos un administrativo para la administraci\u00f3n de pedidos, de 24 a 32 horas semanales.","breadcrumb":{"@id":"https:\/\/antecscientific.com\/es\/acerca-de\/carreras\/productos-medewerker\/#breadcrumb"},"inLanguage":"es","potentialAction":[{"@type":"ReadAction","target":["https:\/\/antecscientific.com\/es\/acerca-de\/carreras\/productos-medewerker\/"]}]},{"@type":"BreadcrumbList","@id":"https:\/\/antecscientific.com\/es\/acerca-de\/carreras\/productos-medewerker\/#breadcrumb","itemListElement":[{"@type":"ListItem","position":1,"name":"Acerca de","item":"https:\/\/antecscientific.com\/es\/acerca-de\/"},{"@type":"ListItem","position":2,"name":"Empleo","item":"https:\/\/antecscientific.com\/es\/acerca-de\/carreras\/"},{"@type":"ListItem","position":3,"name":"Proveedor de productos"}]},{"@type":"WebSite","@id":"https:\/\/antecscientific.com\/es\/#website","url":"https:\/\/antecscientific.com\/es\/","name":"Antec Scientific","description":"Supporting research to improve quality of life","potentialAction":[{"@type":"SearchAction","target":{"@type":"EntryPoint","urlTemplate":"https:\/\/antecscientific.com\/es\/?s={search_term_string}"},"query-input":{"@type":"PropertyValueSpecification","valueRequired":true,"valueName":"search_term_string"}}],"inLanguage":"es"}]}},"_links":{"self":[{"href":"https:\/\/antecscientific.com\/es\/wp-json\/wp\/v2\/pages\/35355","targetHints":{"allow":["GET"]}}],"collection":[{"href":"https:\/\/antecscientific.com\/es\/wp-json\/wp\/v2\/pages"}],"about":[{"href":"https:\/\/antecscientific.com\/es\/wp-json\/wp\/v2\/types\/page"}],"author":[{"embeddable":true,"href":"https:\/\/antecscientific.com\/es\/wp-json\/wp\/v2\/users\/3"}],"replies":[{"embeddable":true,"href":"https:\/\/antecscientific.com\/es\/wp-json\/wp\/v2\/comments?post=35355"}],"version-history":[{"count":39,"href":"https:\/\/antecscientific.com\/es\/wp-json\/wp\/v2\/pages\/35355\/revisions"}],"predecessor-version":[{"id":35523,"href":"https:\/\/antecscientific.com\/es\/wp-json\/wp\/v2\/pages\/35355\/revisions\/35523"}],"up":[{"embeddable":true,"href":"https:\/\/antecscientific.com\/es\/wp-json\/wp\/v2\/pages\/15080"}],"wp:attachment":[{"href":"https:\/\/antecscientific.com\/es\/wp-json\/wp\/v2\/media?parent=35355"}],"curies":[{"name":"wp","href":"https:\/\/api.w.org\/{rel}","templated":true}]}}