{"id":24336,"date":"2024-05-19T20:27:55","date_gmt":"2024-05-19T18:27:55","guid":{"rendered":"https:\/\/antecscientific.com\/productos\/columnas\/bit-trampa-de-iones-de-borato\/"},"modified":"2025-01-30T08:52:21","modified_gmt":"2025-01-30T07:52:21","slug":"bit-trampa-de-iones-de-borato","status":"publish","type":"page","link":"https:\/\/antecscientific.com\/es\/productos\/columnas\/bit-trampa-de-iones-de-borato\/","title":{"rendered":"Trampa de iones de borato"},"content":{"rendered":"<p>[et_pb_section fb_built=\u00bb1&#8243; admin_label=\u00bbHeader\u00bb _builder_version=\u00bb4.20.4&#8243; background_image=\u00bbhttps:\/\/antecscientific.com\/wp-content\/uploads\/2023\/05\/web_column_balls7.jpg\u00bb parallax=\u00bbon\u00bb custom_padding=\u00bb2vw|0px|200px|0px|false|false\u00bb collapsed=\u00bbon\u00bb global_colors_info=\u00bb{}\u00bb][et_pb_row _builder_version=\u00bb4.16&#8243; global_colors_info=\u00bb{}\u00bb][et_pb_column type=\u00bb4_4&#8243; _builder_version=\u00bb4.16&#8243; custom_padding=\u00bb|||\u00bb global_colors_info=\u00bb{}\u00bb custom_padding__hover=\u00bb|||\u00bb][et_pb_text admin_label=\u00bbBreadcrumbs (don&#8217;t touch)\u00bb _builder_version=\u00bb4.16&#8243; text_font=\u00bb|700|||||||\u00bb text_text_color=\u00bb#ffffff\u00bb text_font_size=\u00bb15px\u00bb link_font=\u00bb|700|||||||\u00bb link_text_color=\u00bb#ffffff\u00bb link_font_size=\u00bb15px\u00bb global_colors_info=\u00bb{}\u00bb][\/et_pb_text][et_pb_text admin_label=\u00bbBig page title (don&#8217;t touch)\u00bb _builder_version=\u00bb4.16&#8243; _dynamic_attributes=\u00bbcontent\u00bb text_font=\u00bb||||||||\u00bb header_font=\u00bb|700|||||||\u00bb header_text_color=\u00bb#ffffff\u00bb header_font_size=\u00bb80px\u00bb header_line_height=\u00bb1.2em\u00bb header_5_font=\u00bbRaleway|700||on|||||\u00bb header_5_text_color=\u00bb#000000&#8243; header_5_font_size=\u00bb20px\u00bb header_5_letter_spacing=\u00bb0.5em\u00bb header_5_line_height=\u00bb1.8em\u00bb animation_style=\u00bbzoom\u00bb animation_intensity_zoom=\u00bb5%\u00bb header_font_size_tablet=\u00bb48px\u00bb header_font_size_phone=\u00bb32px\u00bb header_font_size_last_edited=\u00bbon|phone\u00bb header_5_font_size_tablet=\u00bb14px\u00bb header_5_font_size_phone=\u00bb12px\u00bb header_5_font_size_last_edited=\u00bbon|desktop\u00bb global_colors_info=\u00bb{}\u00bb]@ET-DC@eyJkeW5hbWljIjp0cnVlLCJjb250ZW50IjoicG9zdF90aXRsZSIsInNldHRpbmdzIjp7ImJlZm9yZSI6IjxoMT4iLCJhZnRlciI6IjxcL2gxPiJ9fQ==@[\/et_pb_text][\/et_pb_column][\/et_pb_row][\/et_pb_section][et_pb_section fb_built=\u00bb1&#8243; admin_label=\u00bbContent\u00bb _builder_version=\u00bb4.20.4&#8243; background_color=\u00bb#ffffff\u00bb max_width=\u00bb90%\u00bb max_width_tablet=\u00bb\u00bb max_width_phone=\u00bb100%\u00bb max_width_last_edited=\u00bbon|phone\u00bb custom_margin=\u00bb-160px||0px||false|false\u00bb custom_padding=\u00bb||0px||false|false\u00bb border_color_all=\u00bb#ffffff\u00bb border_width_left=\u00bb10vw\u00bb global_colors_info=\u00bb{}\u00bb][et_pb_row column_structure=\u00bb2_3,1_3&#8243; custom_padding_last_edited=\u00bbon|phone\u00bb _builder_version=\u00bb4.16&#8243; width=\u00bbauto\u00bb max_width=\u00bbnone\u00bb custom_padding=\u00bb27px|0|27px|0px|false|false\u00bb custom_padding_tablet=\u00bb|0px||0px||true\u00bb custom_padding_phone=\u00bb|10%||0px|false|false\u00bb global_colors_info=\u00bb{}\u00bb][et_pb_column type=\u00bb2_3&#8243; _builder_version=\u00bb4.16&#8243; custom_padding=\u00bb|||\u00bb global_colors_info=\u00bb{}\u00bb custom_padding__hover=\u00bb|||\u00bb][et_pb_text admin_label=\u00bbSubtitle\u00bb _builder_version=\u00bb4.27.3&#8243; text_font=\u00bb||||||||\u00bb text_line_height=\u00bb2em\u00bb header_font=\u00bb||||||||\u00bb header_2_font=\u00bb|600||on|||||\u00bb header_2_text_color=\u00bb#df0834&#8243; header_2_font_size=\u00bb20px\u00bb header_2_line_height=\u00bb1.4em\u00bb header_6_font=\u00bb|700||on|||||\u00bb header_6_font_size=\u00bb16px\u00bb header_6_letter_spacing=\u00bb5px\u00bb header_6_line_height=\u00bb1.8em\u00bb max_width=\u00bb700px\u00bb module_alignment=\u00bbcenter\u00bb custom_margin=\u00bb||0px||false|false\u00bb custom_padding=\u00bb||0px||false|false\u00bb header_2_font_size_tablet=\u00bb25px\u00bb header_2_font_size_phone=\u00bb25px\u00bb header_2_font_size_last_edited=\u00bbon|phone\u00bb global_colors_info=\u00bb{}\u00bb]<\/p>\n<h2>Columna trampa de iones de borato (BIT)<\/h2>\n<p>[\/et_pb_text][et_pb_text admin_label=\u00bbParagraph\u00bb _builder_version=\u00bb4.27.3&#8243; text_font=\u00bb||||||||\u00bb text_font_size=\u00bb18px\u00bb text_line_height=\u00bb2em\u00bb header_font=\u00bb||||||||\u00bb header_2_font=\u00bbRaleway|700|||||||\u00bb header_2_font_size=\u00bb50px\u00bb header_2_line_height=\u00bb1.4em\u00bb header_6_font=\u00bbRaleway|700||on|||||\u00bb header_6_font_size=\u00bb16px\u00bb header_6_letter_spacing=\u00bb5px\u00bb header_6_line_height=\u00bb1.8em\u00bb text_orientation=\u00bbjustified\u00bb max_width=\u00bb700px\u00bb module_alignment=\u00bbcenter\u00bb custom_margin=\u00bb0px||||false|false\u00bb custom_padding=\u00bb0px||||false|false\u00bb header_2_font_size_tablet=\u00bb35px\u00bb header_2_font_size_phone=\u00bb25px\u00bb header_2_font_size_last_edited=\u00bbon|phone\u00bb text_orientation_tablet=\u00bb\u00bb text_orientation_phone=\u00bbleft\u00bb text_orientation_last_edited=\u00bbon|desktop\u00bb global_colors_info=\u00bb{}\u00bb]<\/p>\n<ul>\n<li>Elevada capacidad de retenci\u00f3n de boratos<\/li>\n<li>F\u00e1cil instalaci\u00f3n entre la bomba y el inyector<\/li>\n<li>Columna de 4 x 50 mm, resina de 10 \u00b5m<\/li>\n<\/ul>\n<p>En el an\u00e1lisis de hidratos de carbono, la forma del pico de ciertos az\u00facares, como la manosa, la fructosa y los alcoholes de az\u00facar, se deteriora cuando hay restos de borato en el disolvente. Estos contaminantes de borato pueden proceder del sistema de agua desionizada del laboratorio. Para eliminar la presencia de iones de borato y garantizar un rendimiento \u00f3ptimo, Antec Scientific introdujo la columna trampa de iones de borato (BIT). La columna trampa est\u00e1 disponible como columna de 4,0 mm ID x 50 mm y se instala en l\u00ednea entre la bomba y el inyector del sistema HPAEC-PAD.   <\/p>\n<p>[\/et_pb_text][\/et_pb_column][et_pb_column type=\u00bb1_3&#8243; _builder_version=\u00bb4.16&#8243; custom_padding=\u00bb5%|5%|||false|false\u00bb global_colors_info=\u00bb{}\u00bb custom_padding__hover=\u00bb|||\u00bb][et_pb_image src=\u00bbhttps:\/\/antecscientific.com\/wp-content\/uploads\/2024\/11\/BIT-column.png\u00bb title_text=\u00bbColumna BIT\u00bb _builder_version=\u00bb4.27.3&#8243; _module_preset=\u00bbdefault\u00bb global_colors_info=\u00bb{}\u00bb][\/et_pb_image][et_pb_text _builder_version=\u00bb4.27.3&#8243; _module_preset=\u00bbdefault\u00bb hover_enabled=\u00bb0&#8243; locked=\u00bboff\u00bb global_colors_info=\u00bb{}\u00bb sticky_enabled=\u00bb0&#8243;]<em>Con y sin columna BIT. Sin trampa, los picos de manosa muestran una cola significativa por la presencia de trazas de iones borato en la fase m\u00f3vil, v\u00e9ase la traza inferior con flecha.<br \/>\n<\/em>[\/et_pb_text][\/et_pb_column][\/et_pb_row][et_pb_row custom_padding_last_edited=\u00bbon|phone\u00bb disabled_on=\u00bbon|on|on\u00bb admin_label=\u00bbL\u00ednea divisoria\u00bb _builder_version=\u00bb4.27.3&#8243; width=\u00bbauto\u00bb max_width=\u00bbnone\u00bb custom_padding=\u00bb|0px|||false|false\u00bb custom_padding_tablet=\u00bb\u00bb custom_padding_phone=\u00bb|10%|||false|false\u00bb disabled=\u00bbon\u00bb locked=\u00bboff\u00bb collapsed=\u00bbon\u00bb global_colors_info=\u00bb{}\u00bb][et_pb_column type=\u00bb4_4&#8243; _builder_version=\u00bb4.16&#8243; global_colors_info=\u00bb{}\u00bb][et_pb_divider color=\u00bb#dee1e6&#8243; _builder_version=\u00bb4.16&#8243; global_colors_info=\u00bb{}\u00bb][\/et_pb_divider][\/et_pb_column][\/et_pb_row][et_pb_row column_structure=\u00bb2_3,1_3&#8243; custom_padding_last_edited=\u00bbon|phone\u00bb disabled_on=\u00bbon|on|on\u00bb _builder_version=\u00bb4.27.3&#8243; width=\u00bbauto\u00bb max_width=\u00bbnone\u00bb custom_padding=\u00bb27px|0|27px|0px|false|false\u00bb custom_padding_tablet=\u00bb|0px||0px||true\u00bb custom_padding_phone=\u00bb|10%||0px|false|false\u00bb disabled=\u00bbon\u00bb global_colors_info=\u00bb{}\u00bb][et_pb_column type=\u00bb2_3&#8243; _builder_version=\u00bb4.16&#8243; custom_padding=\u00bb|||\u00bb global_colors_info=\u00bb{}\u00bb custom_padding__hover=\u00bb|||\u00bb][et_pb_text admin_label=\u00bbSubtitle\u00bb _builder_version=\u00bb4.27.0&#8243; text_font=\u00bb||||||||\u00bb text_line_height=\u00bb2em\u00bb header_font=\u00bb||||||||\u00bb header_2_font=\u00bb|600||on|||||\u00bb header_2_text_color=\u00bb#df0834&#8243; header_2_font_size=\u00bb20px\u00bb header_2_line_height=\u00bb1.4em\u00bb header_6_font=\u00bb|700||on|||||\u00bb header_6_font_size=\u00bb16px\u00bb header_6_letter_spacing=\u00bb5px\u00bb header_6_line_height=\u00bb1.8em\u00bb max_width=\u00bb700px\u00bb module_alignment=\u00bbcenter\u00bb custom_margin=\u00bb||0px||false|false\u00bb custom_padding=\u00bb||0px||false|false\u00bb header_2_font_size_tablet=\u00bb25px\u00bb header_2_font_size_phone=\u00bb25px\u00bb header_2_font_size_last_edited=\u00bbon|phone\u00bb global_colors_info=\u00bb{}\u00bb]<\/p>\n<h2>Iones borato<\/h2>\n<p>[\/et_pb_text][et_pb_text admin_label=\u00bbParagraph\u00bb _builder_version=\u00bb4.27.0&#8243; text_font=\u00bb||||||||\u00bb text_font_size=\u00bb18px\u00bb text_line_height=\u00bb2em\u00bb header_font=\u00bb||||||||\u00bb header_2_font=\u00bbRaleway|700|||||||\u00bb header_2_font_size=\u00bb50px\u00bb header_2_line_height=\u00bb1.4em\u00bb header_6_font=\u00bbRaleway|700||on|||||\u00bb header_6_font_size=\u00bb16px\u00bb header_6_letter_spacing=\u00bb5px\u00bb header_6_line_height=\u00bb1.8em\u00bb text_orientation=\u00bbjustified\u00bb max_width=\u00bb700px\u00bb module_alignment=\u00bbcenter\u00bb custom_margin=\u00bb0px||||false|false\u00bb custom_padding=\u00bb0px||||false|false\u00bb header_2_font_size_tablet=\u00bb35px\u00bb header_2_font_size_phone=\u00bb25px\u00bb header_2_font_size_last_edited=\u00bbon|phone\u00bb text_orientation_tablet=\u00bb\u00bb text_orientation_phone=\u00bbleft\u00bb text_orientation_last_edited=\u00bbon|desktop\u00bb global_colors_info=\u00bb{}\u00bb]Una de las principales fuentes de contaminantes de borato en las fases m\u00f3viles de hidr\u00f3xido es el agua del sistema de agua desionizada (DI) del laboratorio. Durante la producci\u00f3n de agua desionizada con dicho sistema, el boro y el s\u00edlice son los primeros iones que irrumpen en el agua purificada cuando la resina de intercambio i\u00f3nico se acerca a su agotamiento, porque est\u00e1n mal retenidos.<\/p>\n<p>La mayor parte del boro est\u00e1 presente como \u00e1cido b\u00f3rico a pH neutro. El borato no es muy conductor en forma de \u00e1cido b\u00f3rico, por lo que peque\u00f1as trazas de borato en el rango bajo de ppb no afectar\u00e1n significativamente a la resistividad del agua desionizada producida con el lecho de resina marginal. Por esta raz\u00f3n, el operador del sistema de agua desionizada de un laboratorio anal\u00edtico puede no ser consciente de que el borato est\u00e1 en el agua desionizada que utiliza para preparar el eluyente.<\/p>\n<p>Adem\u00e1s, debe evitarse en todo momento el uso de botellas de vidrio de borosilicato en el an\u00e1lisis HPAEC-PAD, porque el borato puede lixiviarse del material de vidrio a pH alto. Por eso, nuestro analizador de carbohidratos ALEXYS est\u00e1 equipado con botellas de eluyente de copol\u00edmero de polipropileno (PPCO). Estas botellas de pl\u00e1stico PPCO son inertes a pH alto.<br \/>\n[\/et_pb_text][\/et_pb_column][et_pb_column type=\u00bb1_3&#8243; _builder_version=\u00bb4.16&#8243; custom_padding=\u00bb5%|5%|||false|false\u00bb global_colors_info=\u00bb{}\u00bb custom_padding__hover=\u00bb|||\u00bb][\/et_pb_column][\/et_pb_row][\/et_pb_section][et_pb_section fb_built=\u00bb1&#8243; admin_label=\u00bbDownload Table\u00bb _builder_version=\u00bb4.27.2&#8243; background_enable_color=\u00bboff\u00bb use_background_color_gradient=\u00bbon\u00bb background_color_gradient_stops=\u00bb#f6f9fb 50%|#ffffff 100%\u00bb background_color_gradient_start=\u00bb#f6f9fb\u00bb background_color_gradient_start_position=\u00bb50%\u00bb background_color_gradient_end=\u00bb#ffffff\u00bb max_width=\u00bb100%\u00bb max_width_tablet=\u00bb\u00bb max_width_phone=\u00bb100%\u00bb max_width_last_edited=\u00bbon|desktop\u00bb module_alignment=\u00bbcenter\u00bb custom_margin=\u00bb0px||0px||false|false\u00bb custom_padding=\u00bb40px||40px||false|false\u00bb global_colors_info=\u00bb{}\u00bb][et_pb_row _builder_version=\u00bb4.27.2&#8243; background_color=\u00bbrgba(0,0,0,0)\u00bb width_tablet=\u00bb\u00bb width_phone=\u00bb\u00bb width_last_edited=\u00bbon|phone\u00bb max_width=\u00bb80%\u00bb max_width_tablet=\u00bb\u00bb max_width_phone=\u00bb\u00bb max_width_last_edited=\u00bbon|phone\u00bb module_alignment=\u00bbcenter\u00bb custom_padding=\u00bb||||false|false\u00bb global_colors_info=\u00bb{}\u00bb][et_pb_column type=\u00bb4_4&#8243; _builder_version=\u00bb4.16&#8243; global_colors_info=\u00bb{}\u00bb][et_pb_text admin_label=\u00bbShortcode of Table\u00bb _builder_version=\u00bb4.27.3&#8243; background_color=\u00bb#ffffff\u00bb max_width=\u00bb1200px\u00bb custom_padding=\u00bb20px|30px|30px|30px|false|false\u00bb custom_padding_tablet=\u00bb\u00bb custom_padding_phone=\u00bb|0px||0px|false|false\u00bb custom_padding_last_edited=\u00bbon|phone\u00bb module_alignment_tablet=\u00bb\u00bb module_alignment_phone=\u00bb\u00bb module_alignment_last_edited=\u00bbon|desktop\u00bb box_shadow_style=\u00bbpreset1&#8243; box_shadow_blur=\u00bb40px\u00bb box_shadow_color=\u00bbrgba(0,33,91,0.17)\u00bb global_colors_info=\u00bb{}\u00bb]<\/p>\n<h3>Folleto y manual de usuario<\/h3>\n<p>&nbsp;<\/p>\n        <div class=\"antec-downloads view--list\">\n        <div class=\"list-item name thead\">Name<\/div>\n        <div class=\"list-item rev thead\">Doc#<\/div>\n        <div class=\"list-item size thead\">Size<\/div>\n        <div class=\"list-item download thead\">Download<\/div>\n\n                    <div class=\"list-item name\" data-label=\"Name\">Borate Ion Trap (BIT)<\/div>\n            <div class=\"list-item rev\" data-label=\"Rev\">&nbsp;<\/div>\n            <div class=\"list-item size\" data-label=\"Size\">0.21 MB<\/div>\n            <div class=\"list-item download\" data-label=\"Download\">\n                <a href=\"https:\/\/antecscientific.com\/wp-content\/mu-plugins\/antec-downloads\/files\/brochures\/ALEXYS\/Borate Ion Trap (BIT).pdf\" class=\"download-link\" download>Download<i class=\"zmdi zmdi-cloud-download wpfd-download\"><\/i><\/a>\n            <\/div>\n                    <div class=\"list-item name\" data-label=\"Name\">Borate ion trap column care<\/div>\n            <div class=\"list-item rev\" data-label=\"Rev\">260_0005B_03<\/div>\n            <div class=\"list-item size\" data-label=\"Size\">0.43 MB<\/div>\n            <div class=\"list-item download\" data-label=\"Download\">\n                <a href=\"https:\/\/antecscientific.com\/wp-content\/mu-plugins\/antec-downloads\/files\/manuals\/sweetsep\/260_0005B_03 - Borate ion trap column care.pdf\" class=\"download-link\" download>Download<i class=\"zmdi zmdi-cloud-download wpfd-download\"><\/i><\/a>\n            <\/div>\n                    <div class=\"list-item name\" data-label=\"Name\">Borate ion trap column care - 2.1 mm<\/div>\n            <div class=\"list-item rev\" data-label=\"Rev\">260_0005H_01<\/div>\n            <div class=\"list-item size\" data-label=\"Size\">0.43 MB<\/div>\n            <div class=\"list-item download\" data-label=\"Download\">\n                <a href=\"https:\/\/antecscientific.com\/wp-content\/mu-plugins\/antec-downloads\/files\/manuals\/sweetsep\/260_0005H_01 - Borate ion trap column care - 2.1 mm.pdf\" class=\"download-link\" download>Download<i class=\"zmdi zmdi-cloud-download wpfd-download\"><\/i><\/a>\n            <\/div>\n                    <div class=\"list-item name\" data-label=\"Name\">SweetSep Columns<\/div>\n            <div class=\"list-item rev\" data-label=\"Rev\">&nbsp;<\/div>\n            <div class=\"list-item size\" data-label=\"Size\">2.29 MB<\/div>\n            <div class=\"list-item download\" data-label=\"Download\">\n                <a href=\"https:\/\/antecscientific.com\/wp-content\/mu-plugins\/antec-downloads\/files\/brochures\/ALEXYS\/SweetSep Columns.pdf\" class=\"download-link\" download>Download<i class=\"zmdi zmdi-cloud-download wpfd-download\"><\/i><\/a>\n            <\/div>\n            <\/div>\n\n<p>[\/et_pb_text][\/et_pb_column][\/et_pb_row][\/et_pb_section][et_pb_section fb_built=\u00bb1&#8243; disabled_on=\u00bbon|on|on\u00bb admin_label=\u00bbDownload Table\u00bb _builder_version=\u00bb4.27.2&#8243; background_enable_color=\u00bboff\u00bb use_background_color_gradient=\u00bbon\u00bb background_color_gradient_stops=\u00bb#f6f9fb 50%|#ffffff 100%\u00bb background_color_gradient_start=\u00bb#f6f9fb\u00bb background_color_gradient_start_position=\u00bb50%\u00bb background_color_gradient_end=\u00bb#ffffff\u00bb max_width_tablet=\u00bb\u00bb max_width_phone=\u00bb100%\u00bb max_width_last_edited=\u00bbon|desktop\u00bb module_alignment=\u00bbcenter\u00bb custom_margin=\u00bb0px||0px||false|false\u00bb custom_padding=\u00bb40px||40px||false|false\u00bb disabled=\u00bbon\u00bb global_colors_info=\u00bb{}\u00bb][et_pb_row _builder_version=\u00bb4.16&#8243; background_color=\u00bbrgba(0,0,0,0)\u00bb width_tablet=\u00bb\u00bb width_phone=\u00bb\u00bb width_last_edited=\u00bbon|phone\u00bb max_width=\u00bb80%\u00bb max_width_tablet=\u00bb\u00bb max_width_phone=\u00bb\u00bb max_width_last_edited=\u00bbon|phone\u00bb module_alignment=\u00bbcenter\u00bb global_colors_info=\u00bb{}\u00bb][et_pb_column type=\u00bb4_4&#8243; _builder_version=\u00bb4.16&#8243; global_colors_info=\u00bb{}\u00bb][et_pb_text admin_label=\u00bbShortcode of Table\u00bb _builder_version=\u00bb4.20.4&#8243; background_color=\u00bb#ffffff\u00bb custom_padding=\u00bb20px|30px|30px|30px|false|false\u00bb custom_padding_tablet=\u00bb\u00bb custom_padding_phone=\u00bb|0px||0px|false|false\u00bb custom_padding_last_edited=\u00bbon|phone\u00bb box_shadow_style=\u00bbpreset1&#8243; box_shadow_blur=\u00bb40px\u00bb box_shadow_color=\u00bbrgba(0,33,91,0.17)\u00bb global_colors_info=\u00bb{}\u00bb][wpfd_category id=\u00bb210&#8243;]<br \/>\n[\/et_pb_text][\/et_pb_column][\/et_pb_row][\/et_pb_section]<\/p>\n","protected":false},"excerpt":{"rendered":"<p>Columna trampa de iones de borato (BIT) Elevada capacidad de retenci\u00f3n de boratos F\u00e1cil instalaci\u00f3n entre la bomba y el inyector Columna de 4 x 50 mm, resina de 10 \u00b5m En el an\u00e1lisis de hidratos de carbono, la forma del pico de ciertos az\u00facares, como la manosa, la fructosa y los alcoholes de az\u00facar, [&hellip;]<\/p>\n","protected":false},"author":3,"featured_media":0,"parent":19089,"menu_order":0,"comment_status":"closed","ping_status":"closed","template":"","meta":{"_et_pb_use_builder":"on","_et_pb_old_content":"","_et_gb_content_width":"","footnotes":""},"class_list":["post-24336","page","type-page","status-publish","hentry"],"yoast_head":"<!-- This site is optimized with the Yoast SEO plugin v27.4 - https:\/\/yoast.com\/product\/yoast-seo-wordpress\/ -->\n<title>Trampa de iones de borato - Antec Scientific<\/title>\n<meta name=\"description\" content=\"Una columna para eliminar selectivamente los iones borato de la fase m\u00f3vil, para mejorar el an\u00e1lisis HPAEC de los hidratos de carbono.\" \/>\n<meta name=\"robots\" content=\"index, follow, max-snippet:-1, max-image-preview:large, max-video-preview:-1\" \/>\n<link rel=\"canonical\" href=\"https:\/\/antecscientific.com\/es\/productos\/columnas\/bit-trampa-de-iones-de-borato\/\" \/>\n<meta property=\"og:locale\" content=\"es_ES\" \/>\n<meta property=\"og:type\" content=\"article\" \/>\n<meta property=\"og:title\" content=\"Trampa de iones de borato - Antec Scientific\" \/>\n<meta property=\"og:description\" content=\"Una columna para eliminar selectivamente los iones borato de la fase m\u00f3vil, para mejorar el an\u00e1lisis HPAEC de los hidratos de carbono.\" \/>\n<meta property=\"og:url\" content=\"https:\/\/antecscientific.com\/es\/productos\/columnas\/bit-trampa-de-iones-de-borato\/\" \/>\n<meta property=\"og:site_name\" content=\"Antec Scientific\" \/>\n<meta property=\"article:modified_time\" content=\"2025-01-30T07:52:21+00:00\" \/>\n<meta name=\"twitter:card\" content=\"summary_large_image\" \/>\n<meta name=\"twitter:label1\" content=\"Tiempo de lectura\" \/>\n\t<meta name=\"twitter:data1\" content=\"9 minutos\" \/>\n<script type=\"application\/ld+json\" class=\"yoast-schema-graph\">{\"@context\":\"https:\\\/\\\/schema.org\",\"@graph\":[{\"@type\":\"WebPage\",\"@id\":\"https:\\\/\\\/antecscientific.com\\\/es\\\/productos\\\/columnas\\\/bit-trampa-de-iones-de-borato\\\/\",\"url\":\"https:\\\/\\\/antecscientific.com\\\/es\\\/productos\\\/columnas\\\/bit-trampa-de-iones-de-borato\\\/\",\"name\":\"Trampa de iones de borato - Antec Scientific\",\"isPartOf\":{\"@id\":\"https:\\\/\\\/antecscientific.com\\\/es\\\/#website\"},\"datePublished\":\"2024-05-19T18:27:55+00:00\",\"dateModified\":\"2025-01-30T07:52:21+00:00\",\"description\":\"Una columna para eliminar selectivamente los iones borato de la fase m\u00f3vil, para mejorar el an\u00e1lisis HPAEC de los hidratos de carbono.\",\"breadcrumb\":{\"@id\":\"https:\\\/\\\/antecscientific.com\\\/es\\\/productos\\\/columnas\\\/bit-trampa-de-iones-de-borato\\\/#breadcrumb\"},\"inLanguage\":\"es\",\"potentialAction\":[{\"@type\":\"ReadAction\",\"target\":[\"https:\\\/\\\/antecscientific.com\\\/es\\\/productos\\\/columnas\\\/bit-trampa-de-iones-de-borato\\\/\"]}]},{\"@type\":\"BreadcrumbList\",\"@id\":\"https:\\\/\\\/antecscientific.com\\\/es\\\/productos\\\/columnas\\\/bit-trampa-de-iones-de-borato\\\/#breadcrumb\",\"itemListElement\":[{\"@type\":\"ListItem\",\"position\":1,\"name\":\"Productos\",\"item\":\"https:\\\/\\\/antecscientific.com\\\/es\\\/productos\\\/\"},{\"@type\":\"ListItem\",\"position\":2,\"name\":\"Columnas\",\"item\":\"https:\\\/\\\/antecscientific.com\\\/es\\\/productos\\\/columnas\\\/\"},{\"@type\":\"ListItem\",\"position\":3,\"name\":\"Trampa de iones de borato\"}]},{\"@type\":\"WebSite\",\"@id\":\"https:\\\/\\\/antecscientific.com\\\/es\\\/#website\",\"url\":\"https:\\\/\\\/antecscientific.com\\\/es\\\/\",\"name\":\"Antec Scientific\",\"description\":\"Supporting research to improve quality of life\",\"potentialAction\":[{\"@type\":\"SearchAction\",\"target\":{\"@type\":\"EntryPoint\",\"urlTemplate\":\"https:\\\/\\\/antecscientific.com\\\/es\\\/?s={search_term_string}\"},\"query-input\":{\"@type\":\"PropertyValueSpecification\",\"valueRequired\":true,\"valueName\":\"search_term_string\"}}],\"inLanguage\":\"es\"}]}<\/script>\n<!-- \/ Yoast SEO plugin. -->","yoast_head_json":{"title":"Trampa de iones de borato - Antec Scientific","description":"Una columna para eliminar selectivamente los iones borato de la fase m\u00f3vil, para mejorar el an\u00e1lisis HPAEC de los hidratos de carbono.","robots":{"index":"index","follow":"follow","max-snippet":"max-snippet:-1","max-image-preview":"max-image-preview:large","max-video-preview":"max-video-preview:-1"},"canonical":"https:\/\/antecscientific.com\/es\/productos\/columnas\/bit-trampa-de-iones-de-borato\/","og_locale":"es_ES","og_type":"article","og_title":"Trampa de iones de borato - Antec Scientific","og_description":"Una columna para eliminar selectivamente los iones borato de la fase m\u00f3vil, para mejorar el an\u00e1lisis HPAEC de los hidratos de carbono.","og_url":"https:\/\/antecscientific.com\/es\/productos\/columnas\/bit-trampa-de-iones-de-borato\/","og_site_name":"Antec Scientific","article_modified_time":"2025-01-30T07:52:21+00:00","twitter_card":"summary_large_image","twitter_misc":{"Tiempo de lectura":"9 minutos"},"schema":{"@context":"https:\/\/schema.org","@graph":[{"@type":"WebPage","@id":"https:\/\/antecscientific.com\/es\/productos\/columnas\/bit-trampa-de-iones-de-borato\/","url":"https:\/\/antecscientific.com\/es\/productos\/columnas\/bit-trampa-de-iones-de-borato\/","name":"Trampa de iones de borato - Antec Scientific","isPartOf":{"@id":"https:\/\/antecscientific.com\/es\/#website"},"datePublished":"2024-05-19T18:27:55+00:00","dateModified":"2025-01-30T07:52:21+00:00","description":"Una columna para eliminar selectivamente los iones borato de la fase m\u00f3vil, para mejorar el an\u00e1lisis HPAEC de los hidratos de carbono.","breadcrumb":{"@id":"https:\/\/antecscientific.com\/es\/productos\/columnas\/bit-trampa-de-iones-de-borato\/#breadcrumb"},"inLanguage":"es","potentialAction":[{"@type":"ReadAction","target":["https:\/\/antecscientific.com\/es\/productos\/columnas\/bit-trampa-de-iones-de-borato\/"]}]},{"@type":"BreadcrumbList","@id":"https:\/\/antecscientific.com\/es\/productos\/columnas\/bit-trampa-de-iones-de-borato\/#breadcrumb","itemListElement":[{"@type":"ListItem","position":1,"name":"Productos","item":"https:\/\/antecscientific.com\/es\/productos\/"},{"@type":"ListItem","position":2,"name":"Columnas","item":"https:\/\/antecscientific.com\/es\/productos\/columnas\/"},{"@type":"ListItem","position":3,"name":"Trampa de iones de borato"}]},{"@type":"WebSite","@id":"https:\/\/antecscientific.com\/es\/#website","url":"https:\/\/antecscientific.com\/es\/","name":"Antec Scientific","description":"Supporting research to improve quality of life","potentialAction":[{"@type":"SearchAction","target":{"@type":"EntryPoint","urlTemplate":"https:\/\/antecscientific.com\/es\/?s={search_term_string}"},"query-input":{"@type":"PropertyValueSpecification","valueRequired":true,"valueName":"search_term_string"}}],"inLanguage":"es"}]}},"_links":{"self":[{"href":"https:\/\/antecscientific.com\/es\/wp-json\/wp\/v2\/pages\/24336","targetHints":{"allow":["GET"]}}],"collection":[{"href":"https:\/\/antecscientific.com\/es\/wp-json\/wp\/v2\/pages"}],"about":[{"href":"https:\/\/antecscientific.com\/es\/wp-json\/wp\/v2\/types\/page"}],"author":[{"embeddable":true,"href":"https:\/\/antecscientific.com\/es\/wp-json\/wp\/v2\/users\/3"}],"replies":[{"embeddable":true,"href":"https:\/\/antecscientific.com\/es\/wp-json\/wp\/v2\/comments?post=24336"}],"version-history":[{"count":17,"href":"https:\/\/antecscientific.com\/es\/wp-json\/wp\/v2\/pages\/24336\/revisions"}],"predecessor-version":[{"id":30698,"href":"https:\/\/antecscientific.com\/es\/wp-json\/wp\/v2\/pages\/24336\/revisions\/30698"}],"up":[{"embeddable":true,"href":"https:\/\/antecscientific.com\/es\/wp-json\/wp\/v2\/pages\/19089"}],"wp:attachment":[{"href":"https:\/\/antecscientific.com\/es\/wp-json\/wp\/v2\/media?parent=24336"}],"curies":[{"name":"wp","href":"https:\/\/api.w.org\/{rel}","templated":true}]}}