{"id":22083,"date":"2023-08-08T19:59:55","date_gmt":"2023-08-08T19:59:55","guid":{"rendered":"https:\/\/antecscientific.com\/acerca-de\/eventos\/epnoe-2023\/"},"modified":"2023-08-08T20:17:18","modified_gmt":"2023-08-08T20:17:18","slug":"epnoe-2023","status":"publish","type":"page","link":"https:\/\/antecscientific.com\/es\/acerca-de\/eventos\/epnoe-2023\/","title":{"rendered":"EPNOE 2023"},"content":{"rendered":"<p>[et_pb_section fb_built=\u00bb1&#8243; admin_label=\u00bbHeader\u00bb _builder_version=\u00bb4.16&#8243; background_image=\u00bbhttps:\/\/antecscientific.com\/wp-content\/uploads\/2020\/11\/usa.jpg\u00bb parallax=\u00bbon\u00bb custom_padding=\u00bb2vw|0px|200px|0px|false|false\u00bb collapsed=\u00bbon\u00bb global_colors_info=\u00bb{}\u00bb][et_pb_row _builder_version=\u00bb4.16&#8243; global_colors_info=\u00bb{}\u00bb][et_pb_column type=\u00bb4_4&#8243; _builder_version=\u00bb4.16&#8243; custom_padding=\u00bb|||\u00bb global_colors_info=\u00bb{}\u00bb custom_padding__hover=\u00bb|||\u00bb][et_pb_text admin_label=\u00bbBreadcrumbs (don&#8217;t touch)\u00bb _builder_version=\u00bb4.16&#8243; text_font=\u00bb|700|||||||\u00bb text_text_color=\u00bb#ffffff\u00bb text_font_size=\u00bb15px\u00bb link_font=\u00bb|700|||||||\u00bb link_text_color=\u00bb#ffffff\u00bb link_font_size=\u00bb15px\u00bb global_colors_info=\u00bb{}\u00bb][\/et_pb_text][et_pb_text admin_label=\u00bbBig page title (don&#8217;t touch)\u00bb _builder_version=\u00bb4.16&#8243; _dynamic_attributes=\u00bbcontent\u00bb text_font=\u00bb||||||||\u00bb header_font=\u00bb|700|||||||\u00bb header_text_color=\u00bb#ffffff\u00bb header_font_size=\u00bb80px\u00bb header_line_height=\u00bb1.2em\u00bb header_5_font=\u00bbRaleway|700||on|||||\u00bb header_5_text_color=\u00bb#000000&#8243; header_5_font_size=\u00bb20px\u00bb header_5_letter_spacing=\u00bb0.5em\u00bb header_5_line_height=\u00bb1.8em\u00bb animation_style=\u00bbzoom\u00bb animation_intensity_zoom=\u00bb5%\u00bb header_font_size_tablet=\u00bb48px\u00bb header_font_size_phone=\u00bb32px\u00bb header_font_size_last_edited=\u00bbon|phone\u00bb header_5_font_size_tablet=\u00bb14px\u00bb header_5_font_size_phone=\u00bb12px\u00bb header_5_font_size_last_edited=\u00bbon|desktop\u00bb global_colors_info=\u00bb{}\u00bb]@ET-DC@eyJkeW5hbWljIjp0cnVlLCJjb250ZW50IjoicG9zdF90aXRsZSIsInNldHRpbmdzIjp7ImJlZm9yZSI6IjxoMT4iLCJhZnRlciI6IjxcL2gxPiJ9fQ==@[\/et_pb_text][\/et_pb_column][\/et_pb_row][\/et_pb_section][et_pb_section fb_built=\u00bb1&#8243; admin_label=\u00bbContent\u00bb _builder_version=\u00bb4.16&#8243; background_color=\u00bb#ffffff\u00bb max_width=\u00bb90%\u00bb max_width_tablet=\u00bb\u00bb max_width_phone=\u00bb100%\u00bb max_width_last_edited=\u00bbon|phone\u00bb custom_margin=\u00bb-160px||0px||false|false\u00bb custom_padding=\u00bb||0px||false|false\u00bb border_color_all=\u00bb#ffffff\u00bb border_width_left=\u00bb10vw\u00bb global_colors_info=\u00bb{}\u00bb][et_pb_row column_structure=\u00bb2_3,1_3&#8243; custom_padding_last_edited=\u00bbon|phone\u00bb _builder_version=\u00bb4.16&#8243; width=\u00bbauto\u00bb max_width=\u00bbnone\u00bb custom_padding=\u00bb27px|0|27px|0px|false|false\u00bb custom_padding_tablet=\u00bb|0px||0px||true\u00bb custom_padding_phone=\u00bb|10%||0px|false|false\u00bb global_colors_info=\u00bb{}\u00bb][et_pb_column type=\u00bb2_3&#8243; _builder_version=\u00bb4.16&#8243; custom_padding=\u00bb|||\u00bb global_colors_info=\u00bb{}\u00bb custom_padding__hover=\u00bb|||\u00bb][et_pb_text admin_label=\u00bbSubtitle\u00bb _builder_version=\u00bb4.20.4&#8243; text_font=\u00bb||||||||\u00bb text_line_height=\u00bb2em\u00bb header_font=\u00bb||||||||\u00bb header_2_font=\u00bb|600||on|||||\u00bb header_2_text_color=\u00bb#df0834&#8243; header_2_font_size=\u00bb20px\u00bb header_2_line_height=\u00bb1.4em\u00bb header_6_font=\u00bb|700||on|||||\u00bb header_6_font_size=\u00bb16px\u00bb header_6_letter_spacing=\u00bb5px\u00bb header_6_line_height=\u00bb1.8em\u00bb max_width=\u00bb700px\u00bb module_alignment=\u00bbcenter\u00bb custom_margin=\u00bb||0px||false|false\u00bb custom_padding=\u00bb||0px||false|false\u00bb hover_enabled=\u00bb0&#8243; header_2_font_size_tablet=\u00bb25px\u00bb header_2_font_size_phone=\u00bb25px\u00bb header_2_font_size_last_edited=\u00bbon|phone\u00bb global_colors_info=\u00bb{}\u00bb sticky_enabled=\u00bb0&#8243;]<\/p>\n<h2>EPNOE 2023 &#8211; Conferencia sobre polisac\u00e1ridos<\/h2>\n<p>[\/et_pb_text][et_pb_text admin_label=\u00bbParagraph\u00bb _builder_version=\u00bb4.20.4&#8243; text_font=\u00bb||||||||\u00bb text_font_size=\u00bb18px\u00bb text_line_height=\u00bb2em\u00bb header_font=\u00bb||||||||\u00bb header_2_font=\u00bbRaleway|700|||||||\u00bb header_2_font_size=\u00bb50px\u00bb header_2_line_height=\u00bb1.4em\u00bb header_6_font=\u00bbRaleway|700||on|||||\u00bb header_6_font_size=\u00bb16px\u00bb header_6_letter_spacing=\u00bb5px\u00bb header_6_line_height=\u00bb1.8em\u00bb text_orientation=\u00bbjustified\u00bb max_width=\u00bb700px\u00bb module_alignment=\u00bbcenter\u00bb custom_margin=\u00bb0px||||false|false\u00bb custom_padding=\u00bb0px||||false|false\u00bb header_2_font_size_tablet=\u00bb35px\u00bb header_2_font_size_phone=\u00bb25px\u00bb header_2_font_size_last_edited=\u00bbon|phone\u00bb text_orientation_tablet=\u00bb\u00bb text_orientation_phone=\u00bbleft\u00bb text_orientation_last_edited=\u00bbon|desktop\u00bb locked=\u00bboff\u00bb global_colors_info=\u00bb{}\u00bb]<\/p>\n<p>En la <a href=\"https:\/\/www.tugraz.at\/events\/epnoe2023\/home\">EPNOE 2023<\/a> &#8211; 8th International Polysaccharides Conference en la Universidad Tecnol\u00f3gica de Graz, Austria, presentaremos un p\u00f3ster sobre nuestra nueva l\u00ednea de columnas para carbohidratos, <a href=\"https:\/\/antecscientific.com\/es\/productos\/columnas\/sweetsep\/\">la SweetSep\u2122<\/a>. Las columnas est\u00e1n fabricadas para la separaci\u00f3n r\u00e1pida y superior de todas las clases de carbohidratos mediante cromatograf\u00eda de intercambio ani\u00f3nico de alto rendimiento con detecci\u00f3n PAD o MS.<\/p>\n<p>&nbsp;<\/p>\n<p><strong>P\u00f3ster S1-P12 &#8211; Nueva fase estacionaria para el an\u00e1lisis de carbohidratos<\/strong><\/p>\n<p>Se mostrar\u00e1n separaciones de az\u00facares neutros y \u00e1cidos ur\u00f3nicos en hidrolizados de biomasa, monosac\u00e1ridos de glicoprote\u00ednas, N-glicanos intactos, fructo-oligosac\u00e1ridos (FOS) y muestras de miel.<\/p>\n<p>[\/et_pb_text][\/et_pb_column][et_pb_column type=\u00bb1_3&#8243; _builder_version=\u00bb4.16&#8243; custom_padding=\u00bb5%|5%|||false|false\u00bb global_colors_info=\u00bb{}\u00bb custom_padding__hover=\u00bb|||\u00bb][et_pb_image src=\u00bbhttps:\/\/antecscientific.com\/wp-content\/uploads\/2023\/08\/epnoe_2023.jpg\u00bb title_text=\u00bbepnoe_2023&#8243; url=\u00bbhttps:\/\/antecscientific.com\/wp-admin\/admin-ajax.php?juwpfisadmin=false&amp;action=wpfd&amp;task=file.download&amp;wpfd_category_id=52&amp;wpfd_file_id=21105&#8243; _builder_version=\u00bb4.20.4&#8243; _module_preset=\u00bbdefault\u00bb width=\u00bb100%\u00bb custom_margin=\u00bb-50px||||false|false\u00bb global_colors_info=\u00bb{}\u00bb][\/et_pb_image][\/et_pb_column][\/et_pb_row][et_pb_row custom_padding_last_edited=\u00bbon|phone\u00bb admin_label=\u00bbL\u00ednea divisoria\u00bb _builder_version=\u00bb4.16&#8243; width=\u00bbauto\u00bb max_width=\u00bbnone\u00bb custom_padding=\u00bb|0px|||false|false\u00bb custom_padding_tablet=\u00bb\u00bb custom_padding_phone=\u00bb|10%|||false|false\u00bb locked=\u00bboff\u00bb collapsed=\u00bbon\u00bb global_colors_info=\u00bb{}\u00bb][et_pb_column type=\u00bb4_4&#8243; _builder_version=\u00bb4.16&#8243; global_colors_info=\u00bb{}\u00bb][et_pb_divider color=\u00bb#dee1e6&#8243; _builder_version=\u00bb4.16&#8243; global_colors_info=\u00bb{}\u00bb][\/et_pb_divider][\/et_pb_column][\/et_pb_row][et_pb_row column_structure=\u00bb2_3,1_3&#8243; custom_padding_last_edited=\u00bbon|phone\u00bb _builder_version=\u00bb4.20.4&#8243; width=\u00bbauto\u00bb max_width=\u00bbnone\u00bb custom_padding=\u00bb27px|0|27px|0px|false|false\u00bb custom_padding_tablet=\u00bb|0px||0px||true\u00bb custom_padding_phone=\u00bb|10%||0px|false|false\u00bb hide_and_show=\u00bbhide\u00bb global_colors_info=\u00bb{}\u00bb][et_pb_column type=\u00bb2_3&#8243; _builder_version=\u00bb4.16&#8243; custom_padding=\u00bb|||\u00bb global_colors_info=\u00bb{}\u00bb custom_padding__hover=\u00bb|||\u00bb][et_pb_text admin_label=\u00bbSubtitle\u00bb _builder_version=\u00bb4.20.4&#8243; text_font=\u00bb||||||||\u00bb text_line_height=\u00bb2em\u00bb header_font=\u00bb||||||||\u00bb header_2_font=\u00bb|600||on|||||\u00bb header_2_text_color=\u00bb#df0834&#8243; header_2_font_size=\u00bb20px\u00bb header_2_line_height=\u00bb1.4em\u00bb header_6_font=\u00bb|700||on|||||\u00bb header_6_font_size=\u00bb16px\u00bb header_6_letter_spacing=\u00bb5px\u00bb header_6_line_height=\u00bb1.8em\u00bb max_width=\u00bb700px\u00bb module_alignment=\u00bbcenter\u00bb custom_margin=\u00bb||0px||false|false\u00bb custom_padding=\u00bb||0px||false|false\u00bb header_2_font_size_tablet=\u00bb25px\u00bb header_2_font_size_phone=\u00bb25px\u00bb header_2_font_size_last_edited=\u00bbon|phone\u00bb global_colors_info=\u00bb{}\u00bb]<\/p>\n<h2>Visite nuestros carteles<\/h2>\n<p>[\/et_pb_text][et_pb_text admin_label=\u00bbParagraph\u00bb _builder_version=\u00bb4.20.4&#8243; text_font=\u00bb||||||||\u00bb text_font_size=\u00bb18px\u00bb text_line_height=\u00bb2em\u00bb header_font=\u00bb||||||||\u00bb header_2_font=\u00bbRaleway|700|||||||\u00bb header_2_font_size=\u00bb50px\u00bb header_2_line_height=\u00bb1.4em\u00bb header_6_font=\u00bbRaleway|700||on|||||\u00bb header_6_font_size=\u00bb16px\u00bb header_6_letter_spacing=\u00bb5px\u00bb header_6_line_height=\u00bb1.8em\u00bb text_orientation=\u00bbjustified\u00bb max_width=\u00bb700px\u00bb module_alignment=\u00bbcenter\u00bb custom_margin=\u00bb0px||||false|false\u00bb custom_padding=\u00bb0px||||false|false\u00bb header_2_font_size_tablet=\u00bb35px\u00bb header_2_font_size_phone=\u00bb25px\u00bb header_2_font_size_last_edited=\u00bbon|phone\u00bb text_orientation_tablet=\u00bb\u00bb text_orientation_phone=\u00bbleft\u00bb text_orientation_last_edited=\u00bbon|desktop\u00bb locked=\u00bboff\u00bb global_colors_info=\u00bb{}\u00bb]<\/p>\n<h3>P\u00f3sters relacionados con los productos cient\u00edficos de Antec<\/h3>\n<h3>Sesi\u00f3n de carteles 1<\/h3>\n<p><strong>Lunes, 19 de junio,<\/strong> 09.40 h &#8211; 10.30 h, 12.30 h &#8211; 14.00 h, 15.30 h &#8211; 16.30 h<br \/><strong>Martes, 20 de junio,<\/strong> 09:40 h &#8211; 10:30 h<\/p>\n<p><strong>P-FOOD11:<\/strong> An\u00e1lisis de carbohidratos en alimentos mediante una nueva columna de intercambio ani\u00f3nico SweetSep\u2122 AEX200<br \/><u>C. Marvelous<\/u>, H.J. Brouwer, T. Mulder, M. Eysberg, N.J. Reinhoud, D. Vetter<br \/>Antec Scientific, Alphen a\/d Rijn, Pa\u00edses Bajos<\/p>\n<p><strong>P-OMIC20:<\/strong> SweetSep\u2122 una nueva columna para el an\u00e1lisis composicional de glicanos mediante HPAEC-PAD\/MS<br \/><u>J.P. Chervet<\/u>, C. Marvelous, H.J. Brouwer, T. Mulder, D. Vetter<br \/>Antec Scientific, Alphen a\/d Rijn, Pa\u00edses Bajos<\/p>\n<p><strong>P-PHAR24:<\/strong> Utilizaci\u00f3n de EC-MS para la monitorizaci\u00f3n en l\u00ednea de productos de degradaci\u00f3n por oxidaci\u00f3n de APIs<strong><br \/>\n  <br \/>\n<\/strong>F. Vymyslicky, Praga\/CZ, T. Krizek, Praga\/CZ, J. Hert, Praga\/CZ<\/p>\n<p>&nbsp;<\/p>\n<h3>Sesi\u00f3n de carteles 2<\/h3>\n<p><strong>Martes, 20 de junio,<\/strong> de 15.30 a 16.30 horas<br \/><strong>Mi\u00e9rcoles, 21 de junio,<\/strong> 09.40 h &#8211; 10.30 h, 12.30 h &#8211; 14.00 h, 15.30 h &#8211; 16.30 h<\/p>\n<p><strong>P-STPH24:<\/strong> SweetSep\u2122 AEX200 una nueva fase estacionaria para la separaci\u00f3n r\u00e1pida y de alta resoluci\u00f3n de carbohidratos mediante HPAEC-PAD.<br \/><u>H.J. Brouwer<\/u>, J.P. Chervet, C. Marvelous, T. Mulder, M. Eysberg, N.J. Reinhoud<br \/>Antec Scientific, Alphen a\/d Rijn, Pa\u00edses Bajos<\/p>\n<p>[\/et_pb_text][\/et_pb_column][et_pb_column type=\u00bb1_3&#8243; _builder_version=\u00bb4.16&#8243; custom_padding=\u00bb5%|5%|||false|false\u00bb global_colors_info=\u00bb{}\u00bb custom_padding__hover=\u00bb|||\u00bb][\/et_pb_column][\/et_pb_row][\/et_pb_section][et_pb_section fb_built=\u00bb1&#8243; admin_label=\u00bbDownload Table\u00bb _builder_version=\u00bb4.20.4&#8243; background_enable_color=\u00bboff\u00bb use_background_color_gradient=\u00bbon\u00bb background_color_gradient_stops=\u00bb#f6f9fb 50%|#ffffff 100%\u00bb background_color_gradient_start=\u00bb#f6f9fb\u00bb background_color_gradient_start_position=\u00bb50%\u00bb background_color_gradient_end=\u00bb#ffffff\u00bb max_width_tablet=\u00bb\u00bb max_width_phone=\u00bb100%\u00bb max_width_last_edited=\u00bbon|desktop\u00bb module_alignment=\u00bbcenter\u00bb custom_margin=\u00bb0px||0px||false|false\u00bb custom_padding=\u00bb40px||40px||false|false\u00bb hide_and_show=\u00bbhide\u00bb hide_from=\u00bboff|off|off|off|off|off|off|off|off|off|off|off|off|off|off\u00bb locked=\u00bboff\u00bb global_colors_info=\u00bb{}\u00bb][et_pb_row _builder_version=\u00bb4.16&#8243; background_color=\u00bbrgba(0,0,0,0)\u00bb width_tablet=\u00bb\u00bb width_phone=\u00bb\u00bb width_last_edited=\u00bbon|phone\u00bb max_width=\u00bb80%\u00bb max_width_tablet=\u00bb\u00bb max_width_phone=\u00bb\u00bb max_width_last_edited=\u00bbon|phone\u00bb module_alignment=\u00bbcenter\u00bb global_colors_info=\u00bb{}\u00bb][et_pb_column type=\u00bb4_4&#8243; _builder_version=\u00bb4.16&#8243; global_colors_info=\u00bb{}\u00bb][et_pb_text admin_label=\u00bbShortcode of Table\u00bb _builder_version=\u00bb4.20.4&#8243; background_color=\u00bb#ffffff\u00bb custom_padding=\u00bb20px|30px|30px|30px|false|false\u00bb custom_padding_tablet=\u00bb\u00bb custom_padding_phone=\u00bb|0px||0px|false|false\u00bb custom_padding_last_edited=\u00bbon|phone\u00bb box_shadow_style=\u00bbpreset1&#8243; box_shadow_blur=\u00bb40px\u00bb box_shadow_color=\u00bbrgba(0,33,91,0.17)\u00bb global_colors_info=\u00bb{}\u00bb]<\/p>\n<p>[wpfd_category id=\u00bb210&#8243;]<\/p>\n<p>[\/et_pb_text][\/et_pb_column][\/et_pb_row][\/et_pb_section]<\/p>\n","protected":false},"excerpt":{"rendered":"<p>EPNOE 2023 &#8211; Conferencia sobre polisac\u00e1ridosEn la EPNOE 2023 &#8211; 8th International Polysaccharides Conference en la Universidad Tecnol\u00f3gica de Graz, Austria, presentaremos un p\u00f3ster sobre nuestra nueva l\u00ednea de columnas para carbohidratos, la SweetSep\u2122. Las columnas est\u00e1n fabricadas para la separaci\u00f3n r\u00e1pida y superior de todas las clases de carbohidratos mediante cromatograf\u00eda de intercambio ani\u00f3nico [&hellip;]<\/p>\n","protected":false},"author":3,"featured_media":0,"parent":15104,"menu_order":0,"comment_status":"closed","ping_status":"closed","template":"","meta":{"_et_pb_use_builder":"on","_et_pb_old_content":"","_et_gb_content_width":"","footnotes":""},"class_list":["post-22083","page","type-page","status-publish","hentry"],"yoast_head":"<!-- This site is optimized with the Yoast SEO plugin v27.4 - https:\/\/yoast.com\/product\/yoast-seo-wordpress\/ -->\n<title>EPNOE 2023 - Antec Scientific<\/title>\n<meta name=\"robots\" content=\"index, follow, max-snippet:-1, max-image-preview:large, max-video-preview:-1\" \/>\n<link rel=\"canonical\" href=\"https:\/\/antecscientific.com\/es\/acerca-de\/eventos\/epnoe-2023\/\" \/>\n<meta property=\"og:locale\" content=\"es_ES\" \/>\n<meta property=\"og:type\" content=\"article\" \/>\n<meta property=\"og:title\" content=\"EPNOE 2023 - Antec Scientific\" \/>\n<meta property=\"og:description\" content=\"EPNOE 2023 - Conferencia sobre polisac\u00e1ridosEn la EPNOE 2023 - 8th International Polysaccharides Conference en la Universidad Tecnol\u00f3gica de Graz, Austria, presentaremos un p\u00f3ster sobre nuestra nueva l\u00ednea de columnas para carbohidratos, la SweetSep\u2122. Las columnas est\u00e1n fabricadas para la separaci\u00f3n r\u00e1pida y superior de todas las clases de carbohidratos mediante cromatograf\u00eda de intercambio ani\u00f3nico [&hellip;]\" \/>\n<meta property=\"og:url\" content=\"https:\/\/antecscientific.com\/es\/acerca-de\/eventos\/epnoe-2023\/\" \/>\n<meta property=\"og:site_name\" content=\"Antec Scientific\" \/>\n<meta property=\"article:modified_time\" content=\"2023-08-08T20:17:18+00:00\" \/>\n<meta name=\"twitter:card\" content=\"summary_large_image\" \/>\n<meta name=\"twitter:label1\" content=\"Tiempo de lectura\" \/>\n\t<meta name=\"twitter:data1\" content=\"7 minutos\" \/>\n<script type=\"application\/ld+json\" class=\"yoast-schema-graph\">{\"@context\":\"https:\\\/\\\/schema.org\",\"@graph\":[{\"@type\":\"WebPage\",\"@id\":\"https:\\\/\\\/antecscientific.com\\\/es\\\/acerca-de\\\/eventos\\\/epnoe-2023\\\/\",\"url\":\"https:\\\/\\\/antecscientific.com\\\/es\\\/acerca-de\\\/eventos\\\/epnoe-2023\\\/\",\"name\":\"EPNOE 2023 - Antec Scientific\",\"isPartOf\":{\"@id\":\"https:\\\/\\\/antecscientific.com\\\/es\\\/#website\"},\"datePublished\":\"2023-08-08T19:59:55+00:00\",\"dateModified\":\"2023-08-08T20:17:18+00:00\",\"breadcrumb\":{\"@id\":\"https:\\\/\\\/antecscientific.com\\\/es\\\/acerca-de\\\/eventos\\\/epnoe-2023\\\/#breadcrumb\"},\"inLanguage\":\"es\",\"potentialAction\":[{\"@type\":\"ReadAction\",\"target\":[\"https:\\\/\\\/antecscientific.com\\\/es\\\/acerca-de\\\/eventos\\\/epnoe-2023\\\/\"]}]},{\"@type\":\"BreadcrumbList\",\"@id\":\"https:\\\/\\\/antecscientific.com\\\/es\\\/acerca-de\\\/eventos\\\/epnoe-2023\\\/#breadcrumb\",\"itemListElement\":[{\"@type\":\"ListItem\",\"position\":1,\"name\":\"Acerca de\",\"item\":\"https:\\\/\\\/antecscientific.com\\\/es\\\/acerca-de\\\/\"},{\"@type\":\"ListItem\",\"position\":2,\"name\":\"Eventos\",\"item\":\"https:\\\/\\\/antecscientific.com\\\/es\\\/acerca-de\\\/eventos\\\/\"},{\"@type\":\"ListItem\",\"position\":3,\"name\":\"EPNOE 2023\"}]},{\"@type\":\"WebSite\",\"@id\":\"https:\\\/\\\/antecscientific.com\\\/es\\\/#website\",\"url\":\"https:\\\/\\\/antecscientific.com\\\/es\\\/\",\"name\":\"Antec Scientific\",\"description\":\"Supporting research to improve quality of life\",\"potentialAction\":[{\"@type\":\"SearchAction\",\"target\":{\"@type\":\"EntryPoint\",\"urlTemplate\":\"https:\\\/\\\/antecscientific.com\\\/es\\\/?s={search_term_string}\"},\"query-input\":{\"@type\":\"PropertyValueSpecification\",\"valueRequired\":true,\"valueName\":\"search_term_string\"}}],\"inLanguage\":\"es\"}]}<\/script>\n<!-- \/ Yoast SEO plugin. -->","yoast_head_json":{"title":"EPNOE 2023 - Antec Scientific","robots":{"index":"index","follow":"follow","max-snippet":"max-snippet:-1","max-image-preview":"max-image-preview:large","max-video-preview":"max-video-preview:-1"},"canonical":"https:\/\/antecscientific.com\/es\/acerca-de\/eventos\/epnoe-2023\/","og_locale":"es_ES","og_type":"article","og_title":"EPNOE 2023 - Antec Scientific","og_description":"EPNOE 2023 - Conferencia sobre polisac\u00e1ridosEn la EPNOE 2023 - 8th International Polysaccharides Conference en la Universidad Tecnol\u00f3gica de Graz, Austria, presentaremos un p\u00f3ster sobre nuestra nueva l\u00ednea de columnas para carbohidratos, la SweetSep\u2122. Las columnas est\u00e1n fabricadas para la separaci\u00f3n r\u00e1pida y superior de todas las clases de carbohidratos mediante cromatograf\u00eda de intercambio ani\u00f3nico [&hellip;]","og_url":"https:\/\/antecscientific.com\/es\/acerca-de\/eventos\/epnoe-2023\/","og_site_name":"Antec Scientific","article_modified_time":"2023-08-08T20:17:18+00:00","twitter_card":"summary_large_image","twitter_misc":{"Tiempo de lectura":"7 minutos"},"schema":{"@context":"https:\/\/schema.org","@graph":[{"@type":"WebPage","@id":"https:\/\/antecscientific.com\/es\/acerca-de\/eventos\/epnoe-2023\/","url":"https:\/\/antecscientific.com\/es\/acerca-de\/eventos\/epnoe-2023\/","name":"EPNOE 2023 - Antec Scientific","isPartOf":{"@id":"https:\/\/antecscientific.com\/es\/#website"},"datePublished":"2023-08-08T19:59:55+00:00","dateModified":"2023-08-08T20:17:18+00:00","breadcrumb":{"@id":"https:\/\/antecscientific.com\/es\/acerca-de\/eventos\/epnoe-2023\/#breadcrumb"},"inLanguage":"es","potentialAction":[{"@type":"ReadAction","target":["https:\/\/antecscientific.com\/es\/acerca-de\/eventos\/epnoe-2023\/"]}]},{"@type":"BreadcrumbList","@id":"https:\/\/antecscientific.com\/es\/acerca-de\/eventos\/epnoe-2023\/#breadcrumb","itemListElement":[{"@type":"ListItem","position":1,"name":"Acerca de","item":"https:\/\/antecscientific.com\/es\/acerca-de\/"},{"@type":"ListItem","position":2,"name":"Eventos","item":"https:\/\/antecscientific.com\/es\/acerca-de\/eventos\/"},{"@type":"ListItem","position":3,"name":"EPNOE 2023"}]},{"@type":"WebSite","@id":"https:\/\/antecscientific.com\/es\/#website","url":"https:\/\/antecscientific.com\/es\/","name":"Antec Scientific","description":"Supporting research to improve quality of life","potentialAction":[{"@type":"SearchAction","target":{"@type":"EntryPoint","urlTemplate":"https:\/\/antecscientific.com\/es\/?s={search_term_string}"},"query-input":{"@type":"PropertyValueSpecification","valueRequired":true,"valueName":"search_term_string"}}],"inLanguage":"es"}]}},"_links":{"self":[{"href":"https:\/\/antecscientific.com\/es\/wp-json\/wp\/v2\/pages\/22083","targetHints":{"allow":["GET"]}}],"collection":[{"href":"https:\/\/antecscientific.com\/es\/wp-json\/wp\/v2\/pages"}],"about":[{"href":"https:\/\/antecscientific.com\/es\/wp-json\/wp\/v2\/types\/page"}],"author":[{"embeddable":true,"href":"https:\/\/antecscientific.com\/es\/wp-json\/wp\/v2\/users\/3"}],"replies":[{"embeddable":true,"href":"https:\/\/antecscientific.com\/es\/wp-json\/wp\/v2\/comments?post=22083"}],"version-history":[{"count":33,"href":"https:\/\/antecscientific.com\/es\/wp-json\/wp\/v2\/pages\/22083\/revisions"}],"predecessor-version":[{"id":22239,"href":"https:\/\/antecscientific.com\/es\/wp-json\/wp\/v2\/pages\/22083\/revisions\/22239"}],"up":[{"embeddable":true,"href":"https:\/\/antecscientific.com\/es\/wp-json\/wp\/v2\/pages\/15104"}],"wp:attachment":[{"href":"https:\/\/antecscientific.com\/es\/wp-json\/wp\/v2\/media?parent=22083"}],"curies":[{"name":"wp","href":"https:\/\/api.w.org\/{rel}","templated":true}]}}