{"id":21176,"date":"2023-06-13T15:18:14","date_gmt":"2023-06-13T15:18:14","guid":{"rendered":"https:\/\/antecscientific.com\/acerca-de\/carreras\/analista-quimico-hplc-2\/"},"modified":"2023-07-28T07:30:57","modified_gmt":"2023-07-28T07:30:57","slug":"analista-quimico-hplc-2","status":"publish","type":"page","link":"https:\/\/antecscientific.com\/es\/acerca-de\/carreras\/analista-quimico-hplc-2\/","title":{"rendered":"Analista qu\u00edmico HPLC"},"content":{"rendered":"<p>[et_pb_section fb_built=\u00bb1&#8243; admin_label=\u00bbHeader\u00bb _builder_version=\u00bb4.18.0&#8243; background_image=\u00bbhttps:\/\/antecscientific.com\/wp-content\/uploads\/2022\/09\/11_img.jpg\u00bb parallax=\u00bbon\u00bb custom_padding=\u00bb2vw|0px|200px|0px|false|false\u00bb collapsed=\u00bbon\u00bb global_colors_info=\u00bb{}\u00bb][et_pb_row _builder_version=\u00bb4.16&#8243; global_colors_info=\u00bb{}\u00bb][et_pb_column type=\u00bb4_4&#8243; _builder_version=\u00bb4.16&#8243; custom_padding=\u00bb|||\u00bb global_colors_info=\u00bb{}\u00bb custom_padding__hover=\u00bb|||\u00bb][et_pb_text admin_label=\u00bbBreadcrumbs (don&#8217;t touch)\u00bb _builder_version=\u00bb4.16&#8243; text_font=\u00bb|700|||||||\u00bb text_text_color=\u00bb#ffffff\u00bb text_font_size=\u00bb15px\u00bb link_font=\u00bb|700|||||||\u00bb link_text_color=\u00bb#ffffff\u00bb link_font_size=\u00bb15px\u00bb global_colors_info=\u00bb{}\u00bb][\/et_pb_text][et_pb_text admin_label=\u00bbBig page title (don&#8217;t touch)\u00bb _builder_version=\u00bb4.16&#8243; _dynamic_attributes=\u00bbcontent\u00bb text_font=\u00bb||||||||\u00bb header_font=\u00bb|700|||||||\u00bb header_text_color=\u00bb#ffffff\u00bb header_font_size=\u00bb80px\u00bb header_line_height=\u00bb1.2em\u00bb header_5_font=\u00bbRaleway|700||on|||||\u00bb header_5_text_color=\u00bb#000000&#8243; header_5_font_size=\u00bb20px\u00bb header_5_letter_spacing=\u00bb0.5em\u00bb header_5_line_height=\u00bb1.8em\u00bb animation_style=\u00bbzoom\u00bb animation_intensity_zoom=\u00bb5%\u00bb header_font_size_tablet=\u00bb48px\u00bb header_font_size_phone=\u00bb32px\u00bb header_font_size_last_edited=\u00bbon|phone\u00bb header_5_font_size_tablet=\u00bb14px\u00bb header_5_font_size_phone=\u00bb12px\u00bb header_5_font_size_last_edited=\u00bbon|desktop\u00bb global_colors_info=\u00bb{}\u00bb]@ET-DC@eyJkeW5hbWljIjp0cnVlLCJjb250ZW50IjoicG9zdF90aXRsZSIsInNldHRpbmdzIjp7ImJlZm9yZSI6IjxoMT4iLCJhZnRlciI6IjxcL2gxPiJ9fQ==@[\/et_pb_text][\/et_pb_column][\/et_pb_row][\/et_pb_section][et_pb_section fb_built=\u00bb1&#8243; admin_label=\u00bbContent\u00bb _builder_version=\u00bb4.17.6&#8243; background_color=\u00bb#ffffff\u00bb max_width=\u00bb90%\u00bb max_width_tablet=\u00bb\u00bb max_width_phone=\u00bb100%\u00bb max_width_last_edited=\u00bbon|phone\u00bb custom_margin=\u00bb-160px||0px||false|false\u00bb custom_padding=\u00bb||0px||false|false\u00bb border_color_all=\u00bb#ffffff\u00bb border_width_left=\u00bb10vw\u00bb global_colors_info=\u00bb{}\u00bb][et_pb_row column_structure=\u00bb2_3,1_3&#8243; custom_padding_last_edited=\u00bbon|phone\u00bb _builder_version=\u00bb4.16&#8243; width=\u00bbauto\u00bb max_width=\u00bbnone\u00bb custom_padding=\u00bb27px|0|27px|0px|false|false\u00bb custom_padding_tablet=\u00bb|0px||0px||true\u00bb custom_padding_phone=\u00bb|10%||0px|false|false\u00bb locked=\u00bboff\u00bb global_colors_info=\u00bb{}\u00bb][et_pb_column type=\u00bb2_3&#8243; _builder_version=\u00bb4.16&#8243; custom_padding=\u00bb|||\u00bb global_colors_info=\u00bb{}\u00bb custom_padding__hover=\u00bb|||\u00bb][et_pb_text admin_label=\u00bbSubtitle\u00bb _builder_version=\u00bb4.18.0&#8243; text_font=\u00bb||||||||\u00bb text_line_height=\u00bb2em\u00bb header_font=\u00bb||||||||\u00bb header_2_font=\u00bb|600||on|||||\u00bb header_2_text_color=\u00bb#df0834&#8243; header_2_font_size=\u00bb20px\u00bb header_2_line_height=\u00bb1.4em\u00bb header_6_font=\u00bb|700||on|||||\u00bb header_6_font_size=\u00bb16px\u00bb header_6_letter_spacing=\u00bb5px\u00bb header_6_line_height=\u00bb1.8em\u00bb max_width=\u00bb700px\u00bb module_alignment=\u00bbcenter\u00bb custom_margin=\u00bb||0px||false|false\u00bb custom_padding=\u00bb||0px||false|false\u00bb header_2_font_size_tablet=\u00bb25px\u00bb header_2_font_size_phone=\u00bb25px\u00bb header_2_font_size_last_edited=\u00bbon|phone\u00bb global_colors_info=\u00bb{}\u00bb]<\/p>\n<h2>Vacante &#8211; Analista qu\u00edmico HPLC<\/h2>\n<p>[\/et_pb_text][et_pb_text admin_label=\u00bbParagraph\u00bb _builder_version=\u00bb4.20.4&#8243; text_font=\u00bb||||||||\u00bb text_font_size=\u00bb18px\u00bb text_line_height=\u00bb2em\u00bb header_font=\u00bb||||||||\u00bb header_2_font=\u00bbRaleway|700|||||||\u00bb header_2_font_size=\u00bb50px\u00bb header_2_line_height=\u00bb1.4em\u00bb header_6_font=\u00bbRaleway|700||on|||||\u00bb header_6_font_size=\u00bb16px\u00bb header_6_letter_spacing=\u00bb5px\u00bb header_6_line_height=\u00bb1.8em\u00bb text_orientation=\u00bbjustified\u00bb max_width=\u00bb700px\u00bb module_alignment=\u00bbcenter\u00bb custom_margin=\u00bb0px||||false|false\u00bb custom_padding=\u00bb0px||||false|false\u00bb header_2_font_size_tablet=\u00bb35px\u00bb header_2_font_size_phone=\u00bb25px\u00bb header_2_font_size_last_edited=\u00bbon|phone\u00bb text_orientation_tablet=\u00bb\u00bb text_orientation_phone=\u00bbleft\u00bb text_orientation_last_edited=\u00bbon|desktop\u00bb global_colors_info=\u00bb{}\u00bb]<\/p>\n<p>Estamos buscando un Analista Qu\u00edmico a tiempo completo para nuestro laboratorio de HPLC en Alphen a\/d Rijn. La escoria se somete a pruebas de control de calidad de nuestros productos y se utiliza un equipo de HPLC. Tambi\u00e9n le ayuda a desarrollar nuevos productos y m\u00e9todos de an\u00e1lisis HPLC. Adem\u00e1s, tambi\u00e9n puede ponerse en contacto con clientes de todo el mundo para informarse sobre sus necesidades y recibir asistencia.<\/p>\n<p>&nbsp;<\/p>\n<p><strong>El equipo<\/strong><\/p>\n<p>Trabaja en nuestro laboratorio de Alphen aan den Rijn. Forma parte de un equipo de 15 compa\u00f1eros. We houden niet van lang vergaderen, wel van lekkere koffie\/thee en gezellige bedrijfsuitjes.<\/p>\n<p>&nbsp;<\/p>\n<p><strong>\u00bfQu\u00e9 hace que tu boda sea perfecta?<\/strong><\/p>\n<p>Somos una empresa muy diversa en la que colaboran ingenieros, investigadores, comerciales, log\u00edsticos y operarios de producci\u00f3n de distintos sectores y nacionalidades. A trav\u00e9s de las distintas opciones, se obtienen im\u00e1genes sorprendentes. En dat past dan weer erg goed bij ons als organisatie. Nos alegramos de su trabajo y de los conocimientos y experiencia que ha adquirido.<\/p>\n<ul>\n<li>HLO Analytische Chemie, de soortgelijk<\/li>\n<li>Ervaring met HPLC<\/li>\n<li>Buena capacidad de comunicaci\u00f3n, experiencia profesional<\/li>\n<li>Goede beheersing van de Engelse taal<\/li>\n<\/ul>\n<p>&nbsp;<\/p>\n<p><strong>Werkzaamheden<\/strong><\/p>\n<ul>\n<li>Control de calidad Productos Antec<\/li>\n<li>Mantenimiento de equipos HPLC<\/li>\n<li>Pruebas de prototipos y software<\/li>\n<li>Nuevos m\u00e9todos de an\u00e1lisis y productos<\/li>\n<li>Informaci\u00f3n de contacto de los clientes<\/li>\n<\/ul>\n<p>&nbsp;<\/p>\n<p><strong>Le ofrecemos<\/strong><\/p>\n<ul>\n<li>Funciones afines 40 horas semanales<\/li>\n<li>Contrato por tiempo indefinido basado en una amplia gama de servicios<\/li>\n<li>Cursos de formaci\u00f3n y seminarios de formaci\u00f3n profesional<\/li>\n<li>Trabajos flexibles<\/li>\n<li>Prima salaris, afhankelijk van ervaring<\/li>\n<li>Presupuesto para gastos personales<\/li>\n<li>Mucha seguridad y comodidad para los emprendedores.<\/li>\n<li>Reiskostenvergoeding, tarjeta de visita de OV<\/li>\n<li>24 semanas (hasta 35 d\u00edas)<\/li>\n<\/ul>\n<p>&nbsp;<\/p>\n<p><strong>\u00bfQui\u00e9n es Antec Scientific?<\/strong><\/p>\n<p>Durante m\u00e1s de 32 a\u00f1os Antec Scientific ha sido el proveedor l\u00edder mundial de analizadores electroqu\u00edmicos y reactores para HPLC y MS. Nuestros instrumentos se utilizan en investigaci\u00f3n, diagn\u00f3stico y control de calidad. Se han desarrollado con \u00e9xito aplicaciones validadas para an\u00e1lisis neuroqu\u00edmicos, medioambientales, alimentarios, cl\u00ednicos y farmac\u00e9uticos utilizando los sistemas ALEXYS LC-EC. El acoplamiento en l\u00ednea de la electroqu\u00edmica (EC) con la LC\/MS ha mostrado un gran potencial para la investigaci\u00f3n del metabolismo de f\u00e1rmacos y la ingenier\u00eda de prote\u00ednas. Nuestros clientes son hospitales, universidades, empresas farmac\u00e9uticas, fabricantes de alimentos y laboratorios de investigaci\u00f3n de todo el mundo. Antec tiene su sede en los Pa\u00edses Bajos y una filial en Boston (EE.UU.).<\/p>\n<p>&nbsp;<\/p>\n<p><strong>Servicios<\/strong><\/p>\n<p>Env\u00ede su solicitud con CV a <a href=\"mailto:careers@antecscientific.com\">careers@antecscientific.com<\/a> a dr. N.J. Reinhoud<\/p>\n<p>[\/et_pb_text][\/et_pb_column][et_pb_column type=\u00bb1_3&#8243; _builder_version=\u00bb4.16&#8243; custom_padding=\u00bb5%|5%|||false|false\u00bb global_colors_info=\u00bb{}\u00bb custom_padding__hover=\u00bb|||\u00bb][et_pb_image src=\u00bbhttps:\/\/antecscientific.com\/wp-content\/uploads\/2022\/09\/shutterstock_2175407917-300&#215;200.jpg\u00bb title_text=\u00bbHombre,Y,Mujer,Compa\u00f1eros,Vistiendo,Uniforme,Cient\u00edfico,De,Pie,Con,Brazos\u00bb _builder_version=\u00bb4.18.0&#8243; _module_preset=\u00bbdefault\u00bb locked=\u00bboff\u00bb global_colors_info=\u00bb{}\u00bb][\/et_pb_image][et_pb_button button_url=\u00bbmailto:careers@antecscientific.com\u00bb button_text=\u00bb\u00a1Reageer nu!\u00bb button_alignment=\u00bbcenter\u00bb _builder_version=\u00bb4.18.0&#8243; _module_preset=\u00bbdefault\u00bb global_colors_info=\u00bb{}\u00bb][\/et_pb_button][\/et_pb_column][\/et_pb_row][\/et_pb_section]<\/p>\n","protected":false},"excerpt":{"rendered":"<p>Vacante &#8211; Analista qu\u00edmico HPLCEstamos buscando un Analista Qu\u00edmico a tiempo completo para nuestro laboratorio de HPLC en Alphen a\/d Rijn. La escoria se somete a pruebas de control de calidad de nuestros productos y se utiliza un equipo de HPLC. Tambi\u00e9n le ayuda a desarrollar nuevos productos y m\u00e9todos de an\u00e1lisis HPLC. Adem\u00e1s, tambi\u00e9n [&hellip;]<\/p>\n","protected":false},"author":3,"featured_media":0,"parent":15080,"menu_order":0,"comment_status":"closed","ping_status":"closed","template":"","meta":{"_et_pb_use_builder":"on","_et_pb_old_content":"","_et_gb_content_width":"","footnotes":""},"class_list":["post-21176","page","type-page","status-publish","hentry"],"yoast_head":"<!-- This site is optimized with the Yoast SEO plugin v27.3 - https:\/\/yoast.com\/product\/yoast-seo-wordpress\/ -->\n<title>Analista qu\u00edmico HPLC - Antec Scientific<\/title>\n<meta name=\"description\" content=\"Buscamos un cient\u00edfico investigador para nuestro laboratorio de aplicaciones de Alphen a\/d Rijn, con experiencia en qu\u00edmica anal\u00edtica.\" \/>\n<meta name=\"robots\" content=\"index, follow, max-snippet:-1, max-image-preview:large, max-video-preview:-1\" \/>\n<link rel=\"canonical\" href=\"https:\/\/antecscientific.com\/es\/acerca-de\/carreras\/analista-quimico-hplc-2\/\" \/>\n<meta property=\"og:locale\" content=\"es_ES\" \/>\n<meta property=\"og:type\" content=\"article\" \/>\n<meta property=\"og:title\" content=\"Analista qu\u00edmico HPLC - Antec Scientific\" \/>\n<meta property=\"og:description\" content=\"Buscamos un cient\u00edfico investigador para nuestro laboratorio de aplicaciones de Alphen a\/d Rijn, con experiencia en qu\u00edmica anal\u00edtica.\" \/>\n<meta property=\"og:url\" content=\"https:\/\/antecscientific.com\/es\/acerca-de\/carreras\/analista-quimico-hplc-2\/\" \/>\n<meta property=\"og:site_name\" content=\"Antec Scientific\" \/>\n<meta property=\"article:modified_time\" content=\"2023-07-28T07:30:57+00:00\" \/>\n<meta name=\"twitter:card\" content=\"summary_large_image\" \/>\n<meta name=\"twitter:label1\" content=\"Tiempo de lectura\" \/>\n\t<meta name=\"twitter:data1\" content=\"5 minutos\" \/>\n<script type=\"application\/ld+json\" class=\"yoast-schema-graph\">{\"@context\":\"https:\\\/\\\/schema.org\",\"@graph\":[{\"@type\":\"WebPage\",\"@id\":\"https:\\\/\\\/antecscientific.com\\\/es\\\/acerca-de\\\/carreras\\\/analista-quimico-hplc-2\\\/\",\"url\":\"https:\\\/\\\/antecscientific.com\\\/es\\\/acerca-de\\\/carreras\\\/analista-quimico-hplc-2\\\/\",\"name\":\"Analista qu\u00edmico HPLC - Antec Scientific\",\"isPartOf\":{\"@id\":\"https:\\\/\\\/antecscientific.com\\\/es\\\/#website\"},\"datePublished\":\"2023-06-13T15:18:14+00:00\",\"dateModified\":\"2023-07-28T07:30:57+00:00\",\"description\":\"Buscamos un cient\u00edfico investigador para nuestro laboratorio de aplicaciones de Alphen a\\\/d Rijn, con experiencia en qu\u00edmica anal\u00edtica.\",\"breadcrumb\":{\"@id\":\"https:\\\/\\\/antecscientific.com\\\/es\\\/acerca-de\\\/carreras\\\/analista-quimico-hplc-2\\\/#breadcrumb\"},\"inLanguage\":\"es\",\"potentialAction\":[{\"@type\":\"ReadAction\",\"target\":[\"https:\\\/\\\/antecscientific.com\\\/es\\\/acerca-de\\\/carreras\\\/analista-quimico-hplc-2\\\/\"]}]},{\"@type\":\"BreadcrumbList\",\"@id\":\"https:\\\/\\\/antecscientific.com\\\/es\\\/acerca-de\\\/carreras\\\/analista-quimico-hplc-2\\\/#breadcrumb\",\"itemListElement\":[{\"@type\":\"ListItem\",\"position\":1,\"name\":\"Acerca de\",\"item\":\"https:\\\/\\\/antecscientific.com\\\/es\\\/acerca-de\\\/\"},{\"@type\":\"ListItem\",\"position\":2,\"name\":\"Empleo\",\"item\":\"https:\\\/\\\/antecscientific.com\\\/es\\\/acerca-de\\\/carreras\\\/\"},{\"@type\":\"ListItem\",\"position\":3,\"name\":\"Analista qu\u00edmico HPLC\"}]},{\"@type\":\"WebSite\",\"@id\":\"https:\\\/\\\/antecscientific.com\\\/es\\\/#website\",\"url\":\"https:\\\/\\\/antecscientific.com\\\/es\\\/\",\"name\":\"Antec Scientific\",\"description\":\"Supporting research to improve quality of life\",\"potentialAction\":[{\"@type\":\"SearchAction\",\"target\":{\"@type\":\"EntryPoint\",\"urlTemplate\":\"https:\\\/\\\/antecscientific.com\\\/es\\\/?s={search_term_string}\"},\"query-input\":{\"@type\":\"PropertyValueSpecification\",\"valueRequired\":true,\"valueName\":\"search_term_string\"}}],\"inLanguage\":\"es\"}]}<\/script>\n<!-- \/ Yoast SEO plugin. -->","yoast_head_json":{"title":"Analista qu\u00edmico HPLC - Antec Scientific","description":"Buscamos un cient\u00edfico investigador para nuestro laboratorio de aplicaciones de Alphen a\/d Rijn, con experiencia en qu\u00edmica anal\u00edtica.","robots":{"index":"index","follow":"follow","max-snippet":"max-snippet:-1","max-image-preview":"max-image-preview:large","max-video-preview":"max-video-preview:-1"},"canonical":"https:\/\/antecscientific.com\/es\/acerca-de\/carreras\/analista-quimico-hplc-2\/","og_locale":"es_ES","og_type":"article","og_title":"Analista qu\u00edmico HPLC - Antec Scientific","og_description":"Buscamos un cient\u00edfico investigador para nuestro laboratorio de aplicaciones de Alphen a\/d Rijn, con experiencia en qu\u00edmica anal\u00edtica.","og_url":"https:\/\/antecscientific.com\/es\/acerca-de\/carreras\/analista-quimico-hplc-2\/","og_site_name":"Antec Scientific","article_modified_time":"2023-07-28T07:30:57+00:00","twitter_card":"summary_large_image","twitter_misc":{"Tiempo de lectura":"5 minutos"},"schema":{"@context":"https:\/\/schema.org","@graph":[{"@type":"WebPage","@id":"https:\/\/antecscientific.com\/es\/acerca-de\/carreras\/analista-quimico-hplc-2\/","url":"https:\/\/antecscientific.com\/es\/acerca-de\/carreras\/analista-quimico-hplc-2\/","name":"Analista qu\u00edmico HPLC - Antec Scientific","isPartOf":{"@id":"https:\/\/antecscientific.com\/es\/#website"},"datePublished":"2023-06-13T15:18:14+00:00","dateModified":"2023-07-28T07:30:57+00:00","description":"Buscamos un cient\u00edfico investigador para nuestro laboratorio de aplicaciones de Alphen a\/d Rijn, con experiencia en qu\u00edmica anal\u00edtica.","breadcrumb":{"@id":"https:\/\/antecscientific.com\/es\/acerca-de\/carreras\/analista-quimico-hplc-2\/#breadcrumb"},"inLanguage":"es","potentialAction":[{"@type":"ReadAction","target":["https:\/\/antecscientific.com\/es\/acerca-de\/carreras\/analista-quimico-hplc-2\/"]}]},{"@type":"BreadcrumbList","@id":"https:\/\/antecscientific.com\/es\/acerca-de\/carreras\/analista-quimico-hplc-2\/#breadcrumb","itemListElement":[{"@type":"ListItem","position":1,"name":"Acerca de","item":"https:\/\/antecscientific.com\/es\/acerca-de\/"},{"@type":"ListItem","position":2,"name":"Empleo","item":"https:\/\/antecscientific.com\/es\/acerca-de\/carreras\/"},{"@type":"ListItem","position":3,"name":"Analista qu\u00edmico HPLC"}]},{"@type":"WebSite","@id":"https:\/\/antecscientific.com\/es\/#website","url":"https:\/\/antecscientific.com\/es\/","name":"Antec Scientific","description":"Supporting research to improve quality of life","potentialAction":[{"@type":"SearchAction","target":{"@type":"EntryPoint","urlTemplate":"https:\/\/antecscientific.com\/es\/?s={search_term_string}"},"query-input":{"@type":"PropertyValueSpecification","valueRequired":true,"valueName":"search_term_string"}}],"inLanguage":"es"}]}},"_links":{"self":[{"href":"https:\/\/antecscientific.com\/es\/wp-json\/wp\/v2\/pages\/21176","targetHints":{"allow":["GET"]}}],"collection":[{"href":"https:\/\/antecscientific.com\/es\/wp-json\/wp\/v2\/pages"}],"about":[{"href":"https:\/\/antecscientific.com\/es\/wp-json\/wp\/v2\/types\/page"}],"author":[{"embeddable":true,"href":"https:\/\/antecscientific.com\/es\/wp-json\/wp\/v2\/users\/3"}],"replies":[{"embeddable":true,"href":"https:\/\/antecscientific.com\/es\/wp-json\/wp\/v2\/comments?post=21176"}],"version-history":[{"count":14,"href":"https:\/\/antecscientific.com\/es\/wp-json\/wp\/v2\/pages\/21176\/revisions"}],"predecessor-version":[{"id":22001,"href":"https:\/\/antecscientific.com\/es\/wp-json\/wp\/v2\/pages\/21176\/revisions\/22001"}],"up":[{"embeddable":true,"href":"https:\/\/antecscientific.com\/es\/wp-json\/wp\/v2\/pages\/15080"}],"wp:attachment":[{"href":"https:\/\/antecscientific.com\/es\/wp-json\/wp\/v2\/media?parent=21176"}],"curies":[{"name":"wp","href":"https:\/\/api.w.org\/{rel}","templated":true}]}}