{"id":15440,"date":"2022-09-10T11:20:15","date_gmt":"2022-09-10T11:20:15","guid":{"rendered":"https:\/\/antecscientific.com\/carreras\/cientifico-de-aplicaciones-hplc\/"},"modified":"2024-01-12T10:57:34","modified_gmt":"2024-01-12T10:57:34","slug":"cientifico-de-aplicaciones-hplc","status":"publish","type":"page","link":"https:\/\/antecscientific.com\/es\/acerca-de\/carreras\/cientifico-de-aplicaciones-hplc\/","title":{"rendered":"Cient\u00edfico de aplicaciones HPLC"},"content":{"rendered":"<p>[et_pb_section fb_built=\u00bb1&#8243; admin_label=\u00bbHeader\u00bb _builder_version=\u00bb4.18.0&#8243; background_image=\u00bbhttps:\/\/antecscientific.com\/wp-content\/uploads\/2022\/09\/11_img.jpg\u00bb parallax=\u00bbon\u00bb custom_padding=\u00bb2vw|0px|200px|0px|false|false\u00bb collapsed=\u00bbon\u00bb global_colors_info=\u00bb{}\u00bb][et_pb_row _builder_version=\u00bb4.16&#8243; global_colors_info=\u00bb{}\u00bb][et_pb_column type=\u00bb4_4&#8243; _builder_version=\u00bb4.16&#8243; custom_padding=\u00bb|||\u00bb global_colors_info=\u00bb{}\u00bb custom_padding__hover=\u00bb|||\u00bb][et_pb_text admin_label=\u00bbBreadcrumbs (don&#8217;t touch)\u00bb _builder_version=\u00bb4.16&#8243; text_font=\u00bb|700|||||||\u00bb text_text_color=\u00bb#ffffff\u00bb text_font_size=\u00bb15px\u00bb link_font=\u00bb|700|||||||\u00bb link_text_color=\u00bb#ffffff\u00bb link_font_size=\u00bb15px\u00bb global_colors_info=\u00bb{}\u00bb][\/et_pb_text][et_pb_text admin_label=\u00bbBig page title (don&#8217;t touch)\u00bb _builder_version=\u00bb4.16&#8243; _dynamic_attributes=\u00bbcontent\u00bb text_font=\u00bb||||||||\u00bb header_font=\u00bb|700|||||||\u00bb header_text_color=\u00bb#ffffff\u00bb header_font_size=\u00bb80px\u00bb header_line_height=\u00bb1.2em\u00bb header_5_font=\u00bbRaleway|700||on|||||\u00bb header_5_text_color=\u00bb#000000&#8243; header_5_font_size=\u00bb20px\u00bb header_5_letter_spacing=\u00bb0.5em\u00bb header_5_line_height=\u00bb1.8em\u00bb animation_style=\u00bbzoom\u00bb animation_intensity_zoom=\u00bb5%\u00bb header_font_size_tablet=\u00bb48px\u00bb header_font_size_phone=\u00bb32px\u00bb header_font_size_last_edited=\u00bbon|phone\u00bb header_5_font_size_tablet=\u00bb14px\u00bb header_5_font_size_phone=\u00bb12px\u00bb header_5_font_size_last_edited=\u00bbon|desktop\u00bb global_colors_info=\u00bb{}\u00bb]@ET-DC@eyJkeW5hbWljIjp0cnVlLCJjb250ZW50IjoicG9zdF90aXRsZSIsInNldHRpbmdzIjp7ImJlZm9yZSI6IjxoMT4iLCJhZnRlciI6IjxcL2gxPiJ9fQ==@[\/et_pb_text][\/et_pb_column][\/et_pb_row][\/et_pb_section][et_pb_section fb_built=\u00bb1&#8243; admin_label=\u00bbContent\u00bb _builder_version=\u00bb4.17.6&#8243; background_color=\u00bb#ffffff\u00bb max_width=\u00bb90%\u00bb max_width_tablet=\u00bb\u00bb max_width_phone=\u00bb100%\u00bb max_width_last_edited=\u00bbon|phone\u00bb custom_margin=\u00bb-160px||0px||false|false\u00bb custom_padding=\u00bb||0px||false|false\u00bb border_color_all=\u00bb#ffffff\u00bb border_width_left=\u00bb10vw\u00bb global_colors_info=\u00bb{}\u00bb][et_pb_row column_structure=\u00bb2_3,1_3&#8243; custom_padding_last_edited=\u00bbon|phone\u00bb _builder_version=\u00bb4.16&#8243; width=\u00bbauto\u00bb max_width=\u00bbnone\u00bb custom_padding=\u00bb27px|0|27px|0px|false|false\u00bb custom_padding_tablet=\u00bb|0px||0px||true\u00bb custom_padding_phone=\u00bb|10%||0px|false|false\u00bb locked=\u00bboff\u00bb global_colors_info=\u00bb{}\u00bb][et_pb_column type=\u00bb2_3&#8243; _builder_version=\u00bb4.16&#8243; custom_padding=\u00bb|||\u00bb global_colors_info=\u00bb{}\u00bb custom_padding__hover=\u00bb|||\u00bb][et_pb_text admin_label=\u00bbSubtitle\u00bb _builder_version=\u00bb4.18.0&#8243; text_font=\u00bb||||||||\u00bb text_line_height=\u00bb2em\u00bb header_font=\u00bb||||||||\u00bb header_2_font=\u00bb|600||on|||||\u00bb header_2_text_color=\u00bb#df0834&#8243; header_2_font_size=\u00bb20px\u00bb header_2_line_height=\u00bb1.4em\u00bb header_6_font=\u00bb|700||on|||||\u00bb header_6_font_size=\u00bb16px\u00bb header_6_letter_spacing=\u00bb5px\u00bb header_6_line_height=\u00bb1.8em\u00bb max_width=\u00bb700px\u00bb module_alignment=\u00bbcenter\u00bb custom_margin=\u00bb||0px||false|false\u00bb custom_padding=\u00bb||0px||false|false\u00bb header_2_font_size_tablet=\u00bb25px\u00bb header_2_font_size_phone=\u00bb25px\u00bb header_2_font_size_last_edited=\u00bbon|phone\u00bb global_colors_info=\u00bb{}\u00bb]<\/p>\n<h2>Descripci\u00f3n del trabajo &#8211; HPLC Application Scientist<\/h2>\n<p>[\/et_pb_text][et_pb_text admin_label=\u00bbParagraph\u00bb _builder_version=\u00bb4.18.0&#8243; text_font=\u00bb||||||||\u00bb text_font_size=\u00bb18px\u00bb text_line_height=\u00bb2em\u00bb header_font=\u00bb||||||||\u00bb header_2_font=\u00bbRaleway|700|||||||\u00bb header_2_font_size=\u00bb50px\u00bb header_2_line_height=\u00bb1.4em\u00bb header_6_font=\u00bbRaleway|700||on|||||\u00bb header_6_font_size=\u00bb16px\u00bb header_6_letter_spacing=\u00bb5px\u00bb header_6_line_height=\u00bb1.8em\u00bb text_orientation=\u00bbjustified\u00bb max_width=\u00bb700px\u00bb module_alignment=\u00bbcenter\u00bb custom_margin=\u00bb0px||||false|false\u00bb custom_padding=\u00bb0px||||false|false\u00bb header_2_font_size_tablet=\u00bb35px\u00bb header_2_font_size_phone=\u00bb25px\u00bb header_2_font_size_last_edited=\u00bbon|phone\u00bb text_orientation_tablet=\u00bb\u00bb text_orientation_phone=\u00bbleft\u00bb text_orientation_last_edited=\u00bbon|desktop\u00bb global_colors_info=\u00bb{}\u00bb]<\/p>\n<p>Buscamos un <strong>cient\u00edfico de aplicaciones<\/strong> para nuestro laboratorio de HPLC en Alphen a\/d Rijn, con experiencia en qu\u00edmica anal\u00edtica. El candidato seleccionado desarrollar\u00e1 m\u00e9todos anal\u00edticos utilizando HPLC con detecci\u00f3n electroqu\u00edmica y reactores para electroqu\u00edmica-MS. Tambi\u00e9n ayudar\u00e1 a nuestros clientes con la formaci\u00f3n, la instalaci\u00f3n y los retos de la vida real. Nuestros cient\u00edficos colaboran estrechamente con nuestro equipo de ventas, desarrollando soluciones y proporcionando informaci\u00f3n t\u00e9cnica para que nuestros clientes tengan m\u00e1s \u00e9xito.<\/p>\n<p>&nbsp;<\/p>\n<h3><strong>Actividades laborales<\/strong><\/h3>\n<ul>\n<li>Desarrollo y validaci\u00f3n de nuevos m\u00e9todos anal\u00edticos<\/li>\n<li>Probar prototipos y software<\/li>\n<li>Redacci\u00f3n de publicaciones cient\u00edficas y notas de aplicaci\u00f3n<\/li>\n<li>Apoyo a los clientes, respuesta a sus preguntas<\/li>\n<li>Impartir formaci\u00f3n y educaci\u00f3n durante las instalaciones en las instalaciones del cliente.<\/li>\n<\/ul>\n<p>&nbsp;<\/p>\n<h3><strong>Tu perfil<\/strong><\/h3>\n<ul>\n<li>M\u00e1ster en qu\u00edmica anal\u00edtica o campo relacionado<\/li>\n<li>Experiencia con HPLC<\/li>\n<li>Es imprescindible estar familiarizado con las BPL, las BPF y la farmacopea.<\/li>\n<li>Comunicador bueno y claro, con orientaci\u00f3n al cliente<\/li>\n<li>Buena capacidad de resoluci\u00f3n de problemas<\/li>\n<li>Excelente expresi\u00f3n oral y escrita en ingl\u00e9s<\/li>\n<\/ul>\n<p>&nbsp;<\/p>\n<h3><strong>Le ofrecemos<\/strong><\/h3>\n<ul>\n<li>Empleo a tiempo completo (perspectiva de nombramiento permanente)<\/li>\n<li>Salario competitivo, en funci\u00f3n de la experiencia<\/li>\n<li>Presupuesto adicional para desarrollo personal\/formaci\u00f3n<\/li>\n<li>Gastos de viaje, o tarjeta de visita OV<\/li>\n<li>24 d\u00edas de vacaciones (ampliables a 35 d\u00edas)<\/li>\n<\/ul>\n<p>&nbsp;<\/p>\n<h3><strong>\u00bfQui\u00e9n es Antec Scientific?<\/strong><\/h3>\n<p>Durante m\u00e1s de 32 a\u00f1os Antec Scientific ha sido el proveedor l\u00edder mundial de analizadores electroqu\u00edmicos y reactores para HPLC y MS. Nuestros instrumentos se utilizan en investigaci\u00f3n, diagn\u00f3stico y control de calidad. Se han desarrollado con \u00e9xito aplicaciones validadas para an\u00e1lisis neuroqu\u00edmicos, medioambientales, alimentarios, cl\u00ednicos y farmac\u00e9uticos utilizando los sistemas ALEXYS LC-EC. El acoplamiento en l\u00ednea de la electroqu\u00edmica (EC) con la LC\/MS ha mostrado un gran potencial para la investigaci\u00f3n del metabolismo de f\u00e1rmacos y la ingenier\u00eda de prote\u00ednas. Nuestros clientes son hospitales, universidades, empresas farmac\u00e9uticas, fabricantes de alimentos y laboratorios de investigaci\u00f3n de todo el mundo. Antec tiene su sede en los Pa\u00edses Bajos y una filial en Boston (EE.UU.).<\/p>\n<p>&nbsp;<\/p>\n<h3><strong>C\u00f3mo solicitarlo<\/strong><\/h3>\n<p>Env\u00ede su candidatura con curr\u00edculum vitae a <a href=\"mailto:careers@antecscientific.com\">careers@antecscientific.com<\/a> a dr. N.J. Reinhoud.<\/p>\n<p>[\/et_pb_text][\/et_pb_column][et_pb_column type=\u00bb1_3&#8243; _builder_version=\u00bb4.16&#8243; custom_padding=\u00bb5%|5%|||false|false\u00bb global_colors_info=\u00bb{}\u00bb custom_padding__hover=\u00bb|||\u00bb][et_pb_image src=\u00bbhttps:\/\/antecscientific.com\/wp-content\/uploads\/2022\/09\/shutterstock_2175407917-300&#215;200.jpg\u00bb title_text=\u00bbHombre,Y,Mujer,Compa\u00f1eros,Vistiendo,Uniforme,Cient\u00edfico,De,Pie,Con,Brazos\u00bb _builder_version=\u00bb4.18.0&#8243; _module_preset=\u00bbdefault\u00bb locked=\u00bboff\u00bb global_colors_info=\u00bb{}\u00bb][\/et_pb_image][et_pb_button button_url=\u00bbmailto:careers@antecscientific.com\u00bb button_text=\u00bb\u00a1Inscr\u00edbete ya!\u00bb button_alignment=\u00bbcenter\u00bb _builder_version=\u00bb4.18.0&#8243; _module_preset=\u00bbdefault\u00bb global_colors_info=\u00bb{}\u00bb][\/et_pb_button][\/et_pb_column][\/et_pb_row][\/et_pb_section]<\/p>\n","protected":false},"excerpt":{"rendered":"<p>Descripci\u00f3n del trabajo &#8211; HPLC Application ScientistBuscamos un cient\u00edfico de aplicaciones para nuestro laboratorio de HPLC en Alphen a\/d Rijn, con experiencia en qu\u00edmica anal\u00edtica. El candidato seleccionado desarrollar\u00e1 m\u00e9todos anal\u00edticos utilizando HPLC con detecci\u00f3n electroqu\u00edmica y reactores para electroqu\u00edmica-MS. Tambi\u00e9n ayudar\u00e1 a nuestros clientes con la formaci\u00f3n, la instalaci\u00f3n y los retos de la [&hellip;]<\/p>\n","protected":false},"author":3,"featured_media":0,"parent":15080,"menu_order":0,"comment_status":"closed","ping_status":"closed","template":"","meta":{"_et_pb_use_builder":"on","_et_pb_old_content":"","_et_gb_content_width":"","footnotes":""},"class_list":["post-15440","page","type-page","status-publish","hentry"],"yoast_head":"<!-- This site is optimized with the Yoast SEO plugin v27.4 - https:\/\/yoast.com\/product\/yoast-seo-wordpress\/ -->\n<title>Cient\u00edfico de aplicaciones HPLC - Antec Scientific<\/title>\n<meta name=\"description\" content=\"Buscamos un cient\u00edfico investigador para nuestro laboratorio de aplicaciones de Alphen a\/d Rijn, con experiencia en qu\u00edmica anal\u00edtica.\" \/>\n<meta name=\"robots\" content=\"index, follow, max-snippet:-1, max-image-preview:large, max-video-preview:-1\" \/>\n<link rel=\"canonical\" href=\"https:\/\/antecscientific.com\/es\/acerca-de\/carreras\/cientifico-de-aplicaciones-hplc\/\" \/>\n<meta property=\"og:locale\" content=\"es_ES\" \/>\n<meta property=\"og:type\" content=\"article\" \/>\n<meta property=\"og:title\" content=\"Cient\u00edfico de aplicaciones HPLC - Antec Scientific\" \/>\n<meta property=\"og:description\" content=\"Buscamos un cient\u00edfico investigador para nuestro laboratorio de aplicaciones de Alphen a\/d Rijn, con experiencia en qu\u00edmica anal\u00edtica.\" \/>\n<meta property=\"og:url\" content=\"https:\/\/antecscientific.com\/es\/acerca-de\/carreras\/cientifico-de-aplicaciones-hplc\/\" \/>\n<meta property=\"og:site_name\" content=\"Antec Scientific\" \/>\n<meta property=\"article:modified_time\" content=\"2024-01-12T10:57:34+00:00\" \/>\n<meta name=\"twitter:card\" content=\"summary_large_image\" \/>\n<meta name=\"twitter:label1\" content=\"Tiempo de lectura\" \/>\n\t<meta name=\"twitter:data1\" content=\"5 minutos\" \/>\n<script type=\"application\/ld+json\" class=\"yoast-schema-graph\">{\"@context\":\"https:\\\/\\\/schema.org\",\"@graph\":[{\"@type\":\"WebPage\",\"@id\":\"https:\\\/\\\/antecscientific.com\\\/es\\\/acerca-de\\\/carreras\\\/cientifico-de-aplicaciones-hplc\\\/\",\"url\":\"https:\\\/\\\/antecscientific.com\\\/es\\\/acerca-de\\\/carreras\\\/cientifico-de-aplicaciones-hplc\\\/\",\"name\":\"Cient\u00edfico de aplicaciones HPLC - Antec Scientific\",\"isPartOf\":{\"@id\":\"https:\\\/\\\/antecscientific.com\\\/es\\\/#website\"},\"datePublished\":\"2022-09-10T11:20:15+00:00\",\"dateModified\":\"2024-01-12T10:57:34+00:00\",\"description\":\"Buscamos un cient\u00edfico investigador para nuestro laboratorio de aplicaciones de Alphen a\\\/d Rijn, con experiencia en qu\u00edmica anal\u00edtica.\",\"breadcrumb\":{\"@id\":\"https:\\\/\\\/antecscientific.com\\\/es\\\/acerca-de\\\/carreras\\\/cientifico-de-aplicaciones-hplc\\\/#breadcrumb\"},\"inLanguage\":\"es\",\"potentialAction\":[{\"@type\":\"ReadAction\",\"target\":[\"https:\\\/\\\/antecscientific.com\\\/es\\\/acerca-de\\\/carreras\\\/cientifico-de-aplicaciones-hplc\\\/\"]}]},{\"@type\":\"BreadcrumbList\",\"@id\":\"https:\\\/\\\/antecscientific.com\\\/es\\\/acerca-de\\\/carreras\\\/cientifico-de-aplicaciones-hplc\\\/#breadcrumb\",\"itemListElement\":[{\"@type\":\"ListItem\",\"position\":1,\"name\":\"Acerca de\",\"item\":\"https:\\\/\\\/antecscientific.com\\\/es\\\/acerca-de\\\/\"},{\"@type\":\"ListItem\",\"position\":2,\"name\":\"Empleo\",\"item\":\"https:\\\/\\\/antecscientific.com\\\/es\\\/acerca-de\\\/carreras\\\/\"},{\"@type\":\"ListItem\",\"position\":3,\"name\":\"Cient\u00edfico de aplicaciones HPLC\"}]},{\"@type\":\"WebSite\",\"@id\":\"https:\\\/\\\/antecscientific.com\\\/es\\\/#website\",\"url\":\"https:\\\/\\\/antecscientific.com\\\/es\\\/\",\"name\":\"Antec Scientific\",\"description\":\"Supporting research to improve quality of life\",\"potentialAction\":[{\"@type\":\"SearchAction\",\"target\":{\"@type\":\"EntryPoint\",\"urlTemplate\":\"https:\\\/\\\/antecscientific.com\\\/es\\\/?s={search_term_string}\"},\"query-input\":{\"@type\":\"PropertyValueSpecification\",\"valueRequired\":true,\"valueName\":\"search_term_string\"}}],\"inLanguage\":\"es\"}]}<\/script>\n<!-- \/ Yoast SEO plugin. -->","yoast_head_json":{"title":"Cient\u00edfico de aplicaciones HPLC - Antec Scientific","description":"Buscamos un cient\u00edfico investigador para nuestro laboratorio de aplicaciones de Alphen a\/d Rijn, con experiencia en qu\u00edmica anal\u00edtica.","robots":{"index":"index","follow":"follow","max-snippet":"max-snippet:-1","max-image-preview":"max-image-preview:large","max-video-preview":"max-video-preview:-1"},"canonical":"https:\/\/antecscientific.com\/es\/acerca-de\/carreras\/cientifico-de-aplicaciones-hplc\/","og_locale":"es_ES","og_type":"article","og_title":"Cient\u00edfico de aplicaciones HPLC - Antec Scientific","og_description":"Buscamos un cient\u00edfico investigador para nuestro laboratorio de aplicaciones de Alphen a\/d Rijn, con experiencia en qu\u00edmica anal\u00edtica.","og_url":"https:\/\/antecscientific.com\/es\/acerca-de\/carreras\/cientifico-de-aplicaciones-hplc\/","og_site_name":"Antec Scientific","article_modified_time":"2024-01-12T10:57:34+00:00","twitter_card":"summary_large_image","twitter_misc":{"Tiempo de lectura":"5 minutos"},"schema":{"@context":"https:\/\/schema.org","@graph":[{"@type":"WebPage","@id":"https:\/\/antecscientific.com\/es\/acerca-de\/carreras\/cientifico-de-aplicaciones-hplc\/","url":"https:\/\/antecscientific.com\/es\/acerca-de\/carreras\/cientifico-de-aplicaciones-hplc\/","name":"Cient\u00edfico de aplicaciones HPLC - Antec Scientific","isPartOf":{"@id":"https:\/\/antecscientific.com\/es\/#website"},"datePublished":"2022-09-10T11:20:15+00:00","dateModified":"2024-01-12T10:57:34+00:00","description":"Buscamos un cient\u00edfico investigador para nuestro laboratorio de aplicaciones de Alphen a\/d Rijn, con experiencia en qu\u00edmica anal\u00edtica.","breadcrumb":{"@id":"https:\/\/antecscientific.com\/es\/acerca-de\/carreras\/cientifico-de-aplicaciones-hplc\/#breadcrumb"},"inLanguage":"es","potentialAction":[{"@type":"ReadAction","target":["https:\/\/antecscientific.com\/es\/acerca-de\/carreras\/cientifico-de-aplicaciones-hplc\/"]}]},{"@type":"BreadcrumbList","@id":"https:\/\/antecscientific.com\/es\/acerca-de\/carreras\/cientifico-de-aplicaciones-hplc\/#breadcrumb","itemListElement":[{"@type":"ListItem","position":1,"name":"Acerca de","item":"https:\/\/antecscientific.com\/es\/acerca-de\/"},{"@type":"ListItem","position":2,"name":"Empleo","item":"https:\/\/antecscientific.com\/es\/acerca-de\/carreras\/"},{"@type":"ListItem","position":3,"name":"Cient\u00edfico de aplicaciones HPLC"}]},{"@type":"WebSite","@id":"https:\/\/antecscientific.com\/es\/#website","url":"https:\/\/antecscientific.com\/es\/","name":"Antec Scientific","description":"Supporting research to improve quality of life","potentialAction":[{"@type":"SearchAction","target":{"@type":"EntryPoint","urlTemplate":"https:\/\/antecscientific.com\/es\/?s={search_term_string}"},"query-input":{"@type":"PropertyValueSpecification","valueRequired":true,"valueName":"search_term_string"}}],"inLanguage":"es"}]}},"_links":{"self":[{"href":"https:\/\/antecscientific.com\/es\/wp-json\/wp\/v2\/pages\/15440","targetHints":{"allow":["GET"]}}],"collection":[{"href":"https:\/\/antecscientific.com\/es\/wp-json\/wp\/v2\/pages"}],"about":[{"href":"https:\/\/antecscientific.com\/es\/wp-json\/wp\/v2\/types\/page"}],"author":[{"embeddable":true,"href":"https:\/\/antecscientific.com\/es\/wp-json\/wp\/v2\/users\/3"}],"replies":[{"embeddable":true,"href":"https:\/\/antecscientific.com\/es\/wp-json\/wp\/v2\/comments?post=15440"}],"version-history":[{"count":3,"href":"https:\/\/antecscientific.com\/es\/wp-json\/wp\/v2\/pages\/15440\/revisions"}],"predecessor-version":[{"id":22944,"href":"https:\/\/antecscientific.com\/es\/wp-json\/wp\/v2\/pages\/15440\/revisions\/22944"}],"up":[{"embeddable":true,"href":"https:\/\/antecscientific.com\/es\/wp-json\/wp\/v2\/pages\/15080"}],"wp:attachment":[{"href":"https:\/\/antecscientific.com\/es\/wp-json\/wp\/v2\/media?parent=15440"}],"curies":[{"name":"wp","href":"https:\/\/api.w.org\/{rel}","templated":true}]}}