{"id":15328,"date":"2021-11-01T09:52:57","date_gmt":"2021-11-01T08:52:57","guid":{"rendered":"https:\/\/antecscientific.com\/antec-cientifico\/"},"modified":"2025-10-24T17:24:45","modified_gmt":"2025-10-24T15:24:45","slug":"antec-scientific","status":"publish","type":"page","link":"https:\/\/antecscientific.com\/es\/acerca-de\/antec-scientific\/","title":{"rendered":"Antec Scientific"},"content":{"rendered":"<p>[et_pb_section fb_built=\u00bb1&#8243; admin_label=\u00bbHeader\u00bb _builder_version=\u00bb4.16&#8243; background_image=\u00bbhttps:\/\/antecscientific.com\/wp-content\/uploads\/2020\/11\/usa.jpg\u00bb parallax=\u00bbon\u00bb custom_padding=\u00bb2vw|0px|200px|0px|false|false\u00bb collapsed=\u00bbon\u00bb global_colors_info=\u00bb{}\u00bb][et_pb_row _builder_version=\u00bb4.16&#8243; global_colors_info=\u00bb{}\u00bb][et_pb_column type=\u00bb4_4&#8243; _builder_version=\u00bb4.16&#8243; custom_padding=\u00bb|||\u00bb global_colors_info=\u00bb{}\u00bb custom_padding__hover=\u00bb|||\u00bb][et_pb_text admin_label=\u00bbBreadcrumbs (don&#8217;t touch)\u00bb _builder_version=\u00bb4.16&#8243; text_font=\u00bb|700|||||||\u00bb text_text_color=\u00bb#ffffff\u00bb text_font_size=\u00bb15px\u00bb link_font=\u00bb|700|||||||\u00bb link_text_color=\u00bb#ffffff\u00bb link_font_size=\u00bb15px\u00bb global_colors_info=\u00bb{}\u00bb][\/et_pb_text][et_pb_text admin_label=\u00bbBig page title (don&#8217;t touch)\u00bb _builder_version=\u00bb4.16&#8243; _dynamic_attributes=\u00bbcontent\u00bb text_font=\u00bb||||||||\u00bb header_font=\u00bb|700|||||||\u00bb header_text_color=\u00bb#ffffff\u00bb header_font_size=\u00bb80px\u00bb header_line_height=\u00bb1.2em\u00bb header_5_font=\u00bbRaleway|700||on|||||\u00bb header_5_text_color=\u00bb#000000&#8243; header_5_font_size=\u00bb20px\u00bb header_5_letter_spacing=\u00bb0.5em\u00bb header_5_line_height=\u00bb1.8em\u00bb animation_style=\u00bbzoom\u00bb animation_intensity_zoom=\u00bb5%\u00bb header_font_size_tablet=\u00bb48px\u00bb header_font_size_phone=\u00bb32px\u00bb header_font_size_last_edited=\u00bbon|phone\u00bb header_5_font_size_tablet=\u00bb14px\u00bb header_5_font_size_phone=\u00bb12px\u00bb header_5_font_size_last_edited=\u00bbon|desktop\u00bb global_colors_info=\u00bb{}\u00bb]@ET-DC@eyJkeW5hbWljIjp0cnVlLCJjb250ZW50IjoicG9zdF90aXRsZSIsInNldHRpbmdzIjp7ImJlZm9yZSI6IjxoMT4iLCJhZnRlciI6IjxcL2gxPiJ9fQ==@[\/et_pb_text][\/et_pb_column][\/et_pb_row][\/et_pb_section][et_pb_section fb_built=\u00bb1&#8243; admin_label=\u00bbContent\u00bb _builder_version=\u00bb4.16&#8243; background_color=\u00bb#ffffff\u00bb max_width=\u00bb90%\u00bb max_width_tablet=\u00bb\u00bb max_width_phone=\u00bb100%\u00bb max_width_last_edited=\u00bbon|phone\u00bb custom_margin=\u00bb-160px||0px||false|false\u00bb custom_padding=\u00bb||0px||false|false\u00bb border_color_all=\u00bb#ffffff\u00bb border_width_left=\u00bb10vw\u00bb global_colors_info=\u00bb{}\u00bb][et_pb_row column_structure=\u00bb2_3,1_3&#8243; custom_padding_last_edited=\u00bbon|phone\u00bb _builder_version=\u00bb4.16&#8243; width=\u00bbauto\u00bb max_width=\u00bbnone\u00bb custom_padding=\u00bb27px|0|27px|0px|false|false\u00bb custom_padding_tablet=\u00bb|0px||0px||true\u00bb custom_padding_phone=\u00bb|10%||0px|false|false\u00bb global_colors_info=\u00bb{}\u00bb][et_pb_column type=\u00bb2_3&#8243; _builder_version=\u00bb4.16&#8243; custom_padding=\u00bb|||\u00bb global_colors_info=\u00bb{}\u00bb custom_padding__hover=\u00bb|||\u00bb][et_pb_text admin_label=\u00bbSubtitle\u00bb _builder_version=\u00bb4.19.4&#8243; text_font=\u00bb||||||||\u00bb text_line_height=\u00bb2em\u00bb header_font=\u00bb||||||||\u00bb header_2_font=\u00bb|600||on|||||\u00bb header_2_text_color=\u00bb#df0834&#8243; header_2_font_size=\u00bb20px\u00bb header_2_line_height=\u00bb1.4em\u00bb header_6_font=\u00bb|700||on|||||\u00bb header_6_font_size=\u00bb16px\u00bb header_6_letter_spacing=\u00bb5px\u00bb header_6_line_height=\u00bb1.8em\u00bb max_width=\u00bb700px\u00bb module_alignment=\u00bbcenter\u00bb custom_margin=\u00bb||0px||false|false\u00bb custom_padding=\u00bb||0px||false|false\u00bb header_2_font_size_tablet=\u00bb25px\u00bb header_2_font_size_phone=\u00bb25px\u00bb header_2_font_size_last_edited=\u00bbon|phone\u00bb global_colors_info=\u00bb{}\u00bb]<\/p>\n<h2>Acerca de Antec Scientific<\/h2>\n<p>[\/et_pb_text][et_pb_text content_last_edited=\u00bboff|desktop\u00bb admin_label=\u00bbParagraph\u00bb _builder_version=\u00bb4.19.4&#8243; text_font=\u00bb||||||||\u00bb text_font_size=\u00bb18px\u00bb text_line_height=\u00bb2em\u00bb header_font=\u00bb||||||||\u00bb header_2_font=\u00bbRaleway|700|||||||\u00bb header_2_font_size=\u00bb50px\u00bb header_2_line_height=\u00bb1.4em\u00bb header_6_font=\u00bbRaleway|700||on|||||\u00bb header_6_font_size=\u00bb16px\u00bb header_6_letter_spacing=\u00bb5px\u00bb header_6_line_height=\u00bb1.8em\u00bb text_orientation=\u00bbjustified\u00bb max_width=\u00bb700px\u00bb module_alignment=\u00bbcenter\u00bb custom_margin=\u00bb0px||||false|false\u00bb custom_padding=\u00bb0px||||false|false\u00bb header_2_font_size_tablet=\u00bb35px\u00bb header_2_font_size_phone=\u00bb25px\u00bb header_2_font_size_last_edited=\u00bbon|phone\u00bb text_orientation_tablet=\u00bb\u00bb text_orientation_phone=\u00bbleft\u00bb text_orientation_last_edited=\u00bbon|desktop\u00bb global_colors_info=\u00bb{}\u00bb]Desde su fundaci\u00f3n en 1990, Antec Scientific se ha convertido en la empresa m\u00e1s dedicada del mundo al suministro de instrumentaci\u00f3n anal\u00edtica basada en la Electroqu\u00edmica (EC), Antec Scientific est\u00e1 firmemente comprometida a seguir satisfaciendo plenamente las necesidades de sus clientes, as\u00ed como a continuar desarrollando tecnolog\u00edas de vanguardia y soluciones innovadoras para los retos anal\u00edticos actuales. Nuestros instrumentos cubren una amplia gama de aplicaciones en casi cualquier campo anal\u00edtico, desde la investigaci\u00f3n y el desarrollo hasta el an\u00e1lisis rutinario.<\/p>\n<p>Leer m\u00e1s <a href=\"https:\/\/antecscientific.com\/es\/acerca-de\/\">sobre Antec Scientific&#8230;.<\/a>[\/et_pb_text][et_pb_toggle title=\u00bbAcerca de Antec Scientific\u00bb open=\u00bbon\u00bb open_toggle_text_color=\u00bb#000000&#8243; open_toggle_background_color=\u00bb#f6f9fb\u00bb closed_toggle_background_color=\u00bbRGBA(0,0,0,0)\u00bb icon_color=\u00bb#8e969e\u00bb open_icon_color=\u00bb#8e969e\u00bb admin_label=\u00bbToggle\u00bb module_class=\u00bbsubstance-accordeon\u00bb _builder_version=\u00bb4.19.4&#8243; _module_preset=\u00bbdefault\u00bb title_text_color=\u00bb#8e969e\u00bb title_font_size=\u00bb14px\u00bb max_width=\u00bb700px\u00bb module_alignment=\u00bbcenter\u00bb border_width_all=\u00bb0px\u00bb border_width_bottom=\u00bb1px\u00bb border_color_bottom=\u00bb#e5e5e5&#8243; global_colors_info=\u00bb{}\u00bb]<\/p>\n<ul>\n<li><a href=\"https:\/\/antecscientific.com\/about\/antec-scientific\/careers\/\">Carreras<\/a><\/li>\n<li><a href=\"https:\/\/antecscientific.com\/es\/acerca-de\/antec-scientific\/innovaciones\/\">Innovaciones<\/a><\/li>\n<li><a href=\"https:\/\/antecscientific.com\/es\/acerca-de\/antec-scientific\/certificado-iso\/\">Certificado ISO<\/a><\/li>\n<li><a href=\"https:\/\/antecscientific.com\/es\/acerca-de\/antec-scientific\/patentes\/\">Patentes<\/a><\/li>\n<li><a href=\"https:\/\/antecscientific.com\/es\/acerca-de\/antec-scientific\/equipo\/\">Equipo<\/a><\/li>\n<\/ul>\n<p>[\/et_pb_toggle][\/et_pb_column][et_pb_column type=\u00bb1_3&#8243; _builder_version=\u00bb4.16&#8243; custom_padding=\u00bb5%|5%|||false|false\u00bb global_colors_info=\u00bb{}\u00bb custom_padding__hover=\u00bb|||\u00bb][et_pb_image src=\u00bbhttps:\/\/antecscientific.com\/wp-content\/uploads\/2021\/10\/boston-offices-300&#215;240.jpg\u00bb title_text=\u00bboficinas de boston\u00bb _builder_version=\u00bb4.16&#8243; _module_preset=\u00bbdefault\u00bb global_colors_info=\u00bb{}\u00bb][\/et_pb_image][et_pb_image src=\u00bbhttps:\/\/antecscientific.com\/wp-content\/uploads\/2024\/02\/copr_cap-300&#215;251.png\u00bb title_text=\u00bbcopr_cap\u00bb url_new_window=\u00bbon\u00bb _builder_version=\u00bb4.27.4&#8243; _module_preset=\u00bbdefault\u00bb global_colors_info=\u00bb{}\u00bb][\/et_pb_image][et_pb_text _builder_version=\u00bb4.27.4&#8243; _module_preset=\u00bbdefault\u00bb link_option_url=\u00bbhttps:\/\/antecscientific.com\/download\/115\/docs\/8183\/corporate-capabilities-2024&#8243; link_option_url_new_window=\u00bbon\u00bb hover_enabled=\u00bb0&#8243; global_colors_info=\u00bb{}\u00bb sticky_enabled=\u00bb0&#8243;]<\/p>\n<p><em>Haz clic para descargar el folleto:  <\/em>        <ul class=\"antec-downloads view--inline\">\n                    <li class=\"download\">\n                <a href=\"https:\/\/antecscientific.com\/wp-content\/mu-plugins\/antec-downloads\/files\/webdocs\/docs\/Corporate Capabilities2025_06.pdf\" class=\"\" download>Corporate Capabilities2025_06.pdf<\/a>\n            <\/li>\n            <\/ul>\n<\/p>\n<p>[\/et_pb_text][\/et_pb_column][\/et_pb_row][\/et_pb_section][et_pb_section fb_built=\u00bb1&#8243; _builder_version=\u00bb4.16.1&#8243; _module_preset=\u00bbdefault\u00bb max_width=\u00bb90%\u00bb global_module=\u00bb11161&#8243; collapsed=\u00bboff\u00bb global_colors_info=\u00bb{}\u00bb][et_pb_row column_structure=\u00bb1_2,1_2&#8243; module_class=\u00bbsubstancetoggle\u00bb _builder_version=\u00bb4.16.0&#8243; _module_preset=\u00bbdefault\u00bb global_colors_info=\u00bb{}\u00bb][et_pb_column type=\u00bb1_2&#8243; _builder_version=\u00bb4.16&#8243; _module_preset=\u00bbdefault\u00bb global_colors_info=\u00bb{}\u00bb][\/et_pb_column][et_pb_column type=\u00bb1_2&#8243; _builder_version=\u00bb4.16&#8243; _module_preset=\u00bbdefault\u00bb global_colors_info=\u00bb{}\u00bb][\/et_pb_column][\/et_pb_row][\/et_pb_section]<\/p>\n","protected":false},"excerpt":{"rendered":"<p>Acerca de Antec ScientificDesde su fundaci\u00f3n en 1990, Antec Scientific se ha convertido en la empresa m\u00e1s dedicada del mundo al suministro de instrumentaci\u00f3n anal\u00edtica basada en la Electroqu\u00edmica (EC), Antec Scientific est\u00e1 firmemente comprometida a seguir satisfaciendo plenamente las necesidades de sus clientes, as\u00ed como a continuar desarrollando tecnolog\u00edas de vanguardia y soluciones innovadoras [&hellip;]<\/p>\n","protected":false},"author":3,"featured_media":0,"parent":15364,"menu_order":0,"comment_status":"closed","ping_status":"closed","template":"","meta":{"_et_pb_use_builder":"on","_et_pb_old_content":"","_et_gb_content_width":"","footnotes":""},"class_list":["post-15328","page","type-page","status-publish","hentry"],"yoast_head":"<!-- This site is optimized with the Yoast SEO plugin v27.3 - https:\/\/yoast.com\/product\/yoast-seo-wordpress\/ -->\n<title>Antec Scientific - Antec Scientific<\/title>\n<meta name=\"robots\" content=\"index, follow, max-snippet:-1, max-image-preview:large, max-video-preview:-1\" \/>\n<link rel=\"canonical\" href=\"https:\/\/antecscientific.com\/es\/acerca-de\/antec-scientific\/\" \/>\n<meta property=\"og:locale\" content=\"es_ES\" \/>\n<meta property=\"og:type\" content=\"article\" \/>\n<meta property=\"og:title\" content=\"Antec Scientific - Antec Scientific\" \/>\n<meta property=\"og:description\" content=\"Acerca de Antec ScientificDesde su fundaci\u00f3n en 1990, Antec Scientific se ha convertido en la empresa m\u00e1s dedicada del mundo al suministro de instrumentaci\u00f3n anal\u00edtica basada en la Electroqu\u00edmica (EC), Antec Scientific est\u00e1 firmemente comprometida a seguir satisfaciendo plenamente las necesidades de sus clientes, as\u00ed como a continuar desarrollando tecnolog\u00edas de vanguardia y soluciones innovadoras [&hellip;]\" \/>\n<meta property=\"og:url\" content=\"https:\/\/antecscientific.com\/es\/acerca-de\/antec-scientific\/\" \/>\n<meta property=\"og:site_name\" content=\"Antec Scientific\" \/>\n<meta property=\"article:modified_time\" content=\"2025-10-24T15:24:45+00:00\" \/>\n<meta name=\"twitter:card\" content=\"summary_large_image\" \/>\n<meta name=\"twitter:label1\" content=\"Tiempo de lectura\" \/>\n\t<meta name=\"twitter:data1\" content=\"2 minutos\" \/>\n<script type=\"application\/ld+json\" class=\"yoast-schema-graph\">{\"@context\":\"https:\\\/\\\/schema.org\",\"@graph\":[{\"@type\":\"WebPage\",\"@id\":\"https:\\\/\\\/antecscientific.com\\\/es\\\/acerca-de\\\/antec-scientific\\\/\",\"url\":\"https:\\\/\\\/antecscientific.com\\\/es\\\/acerca-de\\\/antec-scientific\\\/\",\"name\":\"Antec Scientific - Antec Scientific\",\"isPartOf\":{\"@id\":\"https:\\\/\\\/antecscientific.com\\\/es\\\/#website\"},\"datePublished\":\"2021-11-01T08:52:57+00:00\",\"dateModified\":\"2025-10-24T15:24:45+00:00\",\"breadcrumb\":{\"@id\":\"https:\\\/\\\/antecscientific.com\\\/es\\\/acerca-de\\\/antec-scientific\\\/#breadcrumb\"},\"inLanguage\":\"es\",\"potentialAction\":[{\"@type\":\"ReadAction\",\"target\":[\"https:\\\/\\\/antecscientific.com\\\/es\\\/acerca-de\\\/antec-scientific\\\/\"]}]},{\"@type\":\"BreadcrumbList\",\"@id\":\"https:\\\/\\\/antecscientific.com\\\/es\\\/acerca-de\\\/antec-scientific\\\/#breadcrumb\",\"itemListElement\":[{\"@type\":\"ListItem\",\"position\":1,\"name\":\"Acerca de\",\"item\":\"https:\\\/\\\/antecscientific.com\\\/es\\\/acerca-de\\\/\"},{\"@type\":\"ListItem\",\"position\":2,\"name\":\"Antec Scientific\"}]},{\"@type\":\"WebSite\",\"@id\":\"https:\\\/\\\/antecscientific.com\\\/es\\\/#website\",\"url\":\"https:\\\/\\\/antecscientific.com\\\/es\\\/\",\"name\":\"Antec Scientific\",\"description\":\"Supporting research to improve quality of life\",\"potentialAction\":[{\"@type\":\"SearchAction\",\"target\":{\"@type\":\"EntryPoint\",\"urlTemplate\":\"https:\\\/\\\/antecscientific.com\\\/es\\\/?s={search_term_string}\"},\"query-input\":{\"@type\":\"PropertyValueSpecification\",\"valueRequired\":true,\"valueName\":\"search_term_string\"}}],\"inLanguage\":\"es\"}]}<\/script>\n<!-- \/ Yoast SEO plugin. -->","yoast_head_json":{"title":"Antec Scientific - Antec Scientific","robots":{"index":"index","follow":"follow","max-snippet":"max-snippet:-1","max-image-preview":"max-image-preview:large","max-video-preview":"max-video-preview:-1"},"canonical":"https:\/\/antecscientific.com\/es\/acerca-de\/antec-scientific\/","og_locale":"es_ES","og_type":"article","og_title":"Antec Scientific - Antec Scientific","og_description":"Acerca de Antec ScientificDesde su fundaci\u00f3n en 1990, Antec Scientific se ha convertido en la empresa m\u00e1s dedicada del mundo al suministro de instrumentaci\u00f3n anal\u00edtica basada en la Electroqu\u00edmica (EC), Antec Scientific est\u00e1 firmemente comprometida a seguir satisfaciendo plenamente las necesidades de sus clientes, as\u00ed como a continuar desarrollando tecnolog\u00edas de vanguardia y soluciones innovadoras [&hellip;]","og_url":"https:\/\/antecscientific.com\/es\/acerca-de\/antec-scientific\/","og_site_name":"Antec Scientific","article_modified_time":"2025-10-24T15:24:45+00:00","twitter_card":"summary_large_image","twitter_misc":{"Tiempo de lectura":"2 minutos"},"schema":{"@context":"https:\/\/schema.org","@graph":[{"@type":"WebPage","@id":"https:\/\/antecscientific.com\/es\/acerca-de\/antec-scientific\/","url":"https:\/\/antecscientific.com\/es\/acerca-de\/antec-scientific\/","name":"Antec Scientific - Antec Scientific","isPartOf":{"@id":"https:\/\/antecscientific.com\/es\/#website"},"datePublished":"2021-11-01T08:52:57+00:00","dateModified":"2025-10-24T15:24:45+00:00","breadcrumb":{"@id":"https:\/\/antecscientific.com\/es\/acerca-de\/antec-scientific\/#breadcrumb"},"inLanguage":"es","potentialAction":[{"@type":"ReadAction","target":["https:\/\/antecscientific.com\/es\/acerca-de\/antec-scientific\/"]}]},{"@type":"BreadcrumbList","@id":"https:\/\/antecscientific.com\/es\/acerca-de\/antec-scientific\/#breadcrumb","itemListElement":[{"@type":"ListItem","position":1,"name":"Acerca de","item":"https:\/\/antecscientific.com\/es\/acerca-de\/"},{"@type":"ListItem","position":2,"name":"Antec Scientific"}]},{"@type":"WebSite","@id":"https:\/\/antecscientific.com\/es\/#website","url":"https:\/\/antecscientific.com\/es\/","name":"Antec Scientific","description":"Supporting research to improve quality of life","potentialAction":[{"@type":"SearchAction","target":{"@type":"EntryPoint","urlTemplate":"https:\/\/antecscientific.com\/es\/?s={search_term_string}"},"query-input":{"@type":"PropertyValueSpecification","valueRequired":true,"valueName":"search_term_string"}}],"inLanguage":"es"}]}},"_links":{"self":[{"href":"https:\/\/antecscientific.com\/es\/wp-json\/wp\/v2\/pages\/15328","targetHints":{"allow":["GET"]}}],"collection":[{"href":"https:\/\/antecscientific.com\/es\/wp-json\/wp\/v2\/pages"}],"about":[{"href":"https:\/\/antecscientific.com\/es\/wp-json\/wp\/v2\/types\/page"}],"author":[{"embeddable":true,"href":"https:\/\/antecscientific.com\/es\/wp-json\/wp\/v2\/users\/3"}],"replies":[{"embeddable":true,"href":"https:\/\/antecscientific.com\/es\/wp-json\/wp\/v2\/comments?post=15328"}],"version-history":[{"count":24,"href":"https:\/\/antecscientific.com\/es\/wp-json\/wp\/v2\/pages\/15328\/revisions"}],"predecessor-version":[{"id":33952,"href":"https:\/\/antecscientific.com\/es\/wp-json\/wp\/v2\/pages\/15328\/revisions\/33952"}],"up":[{"embeddable":true,"href":"https:\/\/antecscientific.com\/es\/wp-json\/wp\/v2\/pages\/15364"}],"wp:attachment":[{"href":"https:\/\/antecscientific.com\/es\/wp-json\/wp\/v2\/media?parent=15328"}],"curies":[{"name":"wp","href":"https:\/\/api.w.org\/{rel}","templated":true}]}}