{"id":15298,"date":"2021-10-12T09:08:21","date_gmt":"2021-10-12T09:08:21","guid":{"rendered":"https:\/\/antecscientific.com\/mercados\/alimentos\/"},"modified":"2023-01-09T12:33:38","modified_gmt":"2023-01-09T12:33:38","slug":"alimentos","status":"publish","type":"page","link":"https:\/\/antecscientific.com\/es\/mercados\/alimentos\/","title":{"rendered":"Alimentos"},"content":{"rendered":"<p>[et_pb_section fb_built=\u00bb1&#8243; admin_label=\u00bbHeader\u00bb _builder_version=\u00bb4.16&#8243; background_image=\u00bbhttps:\/\/antecscientific.com\/wp-content\/uploads\/2020\/10\/markets_food.jpg\u00bb parallax=\u00bbon\u00bb custom_padding=\u00bb2vw|0px|200px|0px|false|false\u00bb global_colors_info=\u00bb{}\u00bb][et_pb_row _builder_version=\u00bb4.16&#8243; collapsed=\u00bbon\u00bb global_colors_info=\u00bb{}\u00bb][et_pb_column type=\u00bb4_4&#8243; _builder_version=\u00bb4.16&#8243; custom_padding=\u00bb|||\u00bb global_colors_info=\u00bb{}\u00bb custom_padding__hover=\u00bb|||\u00bb][et_pb_text admin_label=\u00bbBreadcrumbs (don&#8217;t touch)\u00bb _builder_version=\u00bb4.16&#8243; text_font=\u00bb|700|||||||\u00bb text_text_color=\u00bb#ffffff\u00bb text_font_size=\u00bb15px\u00bb link_font=\u00bb|700|||||||\u00bb link_text_color=\u00bb#ffffff\u00bb link_font_size=\u00bb15px\u00bb global_colors_info=\u00bb{}\u00bb][\/et_pb_text][et_pb_text admin_label=\u00bbBig page title (don&#8217;t touch)\u00bb _builder_version=\u00bb4.16&#8243; _dynamic_attributes=\u00bbcontent\u00bb text_font=\u00bb||||||||\u00bb header_font=\u00bb|700|||||||\u00bb header_text_color=\u00bb#ffffff\u00bb header_font_size=\u00bb80px\u00bb header_line_height=\u00bb1.2em\u00bb header_5_font=\u00bbRaleway|700||on|||||\u00bb header_5_text_color=\u00bb#000000&#8243; header_5_font_size=\u00bb20px\u00bb header_5_letter_spacing=\u00bb0.5em\u00bb header_5_line_height=\u00bb1.8em\u00bb animation_style=\u00bbzoom\u00bb animation_intensity_zoom=\u00bb5%\u00bb header_font_size_tablet=\u00bb48px\u00bb header_font_size_phone=\u00bb32px\u00bb header_font_size_last_edited=\u00bbon|phone\u00bb header_5_font_size_tablet=\u00bb14px\u00bb header_5_font_size_phone=\u00bb12px\u00bb header_5_font_size_last_edited=\u00bbon|desktop\u00bb global_colors_info=\u00bb{}\u00bb]@ET-DC@eyJkeW5hbWljIjp0cnVlLCJjb250ZW50IjoicG9zdF90aXRsZSIsInNldHRpbmdzIjp7ImJlZm9yZSI6IjxoMT4iLCJhZnRlciI6IjxcL2gxPiJ9fQ==@[\/et_pb_text][\/et_pb_column][\/et_pb_row][\/et_pb_section][et_pb_section fb_built=\u00bb1&#8243; admin_label=\u00bbContent\u00bb _builder_version=\u00bb4.16&#8243; background_color=\u00bb#ffffff\u00bb max_width=\u00bb90%\u00bb max_width_tablet=\u00bb\u00bb max_width_phone=\u00bb100%\u00bb max_width_last_edited=\u00bbon|phone\u00bb custom_margin=\u00bb-160px||0px||false|false\u00bb custom_padding=\u00bb||0px||false|false\u00bb border_color_all=\u00bb#ffffff\u00bb border_width_left=\u00bb10vw\u00bb global_colors_info=\u00bb{}\u00bb][et_pb_row column_structure=\u00bb2_3,1_3&#8243; custom_padding_last_edited=\u00bbon|phone\u00bb _builder_version=\u00bb4.16&#8243; width=\u00bbauto\u00bb max_width=\u00bbnone\u00bb custom_padding=\u00bb27px|0|27px|0px|false|false\u00bb custom_padding_tablet=\u00bb|0px||0px||true\u00bb custom_padding_phone=\u00bb0px|10%|0px||false|false\u00bb global_colors_info=\u00bb{}\u00bb][et_pb_column type=\u00bb2_3&#8243; _builder_version=\u00bb4.16&#8243; custom_padding=\u00bb|||\u00bb global_colors_info=\u00bb{}\u00bb custom_padding__hover=\u00bb|||\u00bb][et_pb_text admin_label=\u00bbSubtitle\u00bb _builder_version=\u00bb4.19.1&#8243; text_font=\u00bb||||||||\u00bb text_font_size=\u00bb16px\u00bb text_line_height=\u00bb2em\u00bb header_font=\u00bb||||||||\u00bb header_2_font=\u00bb|600||on|||||\u00bb header_2_text_color=\u00bb#df0834&#8243; header_2_font_size=\u00bb20px\u00bb header_2_line_height=\u00bb1.4em\u00bb header_6_font=\u00bb|700||on|||||\u00bb header_6_font_size=\u00bb16px\u00bb header_6_letter_spacing=\u00bb5px\u00bb header_6_line_height=\u00bb1.8em\u00bb max_width=\u00bb700px\u00bb module_alignment=\u00bbcenter\u00bb custom_margin=\u00bb||0px||false|false\u00bb custom_padding=\u00bb||0px||false|false\u00bb header_2_font_size_tablet=\u00bb25px\u00bb header_2_font_size_phone=\u00bb25px\u00bb header_2_font_size_last_edited=\u00bbon|phone\u00bb global_colors_info=\u00bb{}\u00bb]<\/p>\n<h2>Analizadores de alimentos de Antec<\/h2>\n<p>[\/et_pb_text][et_pb_text admin_label=\u00bbParagraph\u00bb _builder_version=\u00bb4.19.1&#8243; text_font=\u00bb||||||||\u00bb text_font_size=\u00bb18px\u00bb text_line_height=\u00bb2em\u00bb header_font=\u00bb||||||||\u00bb header_2_font=\u00bbRaleway|700|||||||\u00bb header_2_font_size=\u00bb50px\u00bb header_2_line_height=\u00bb1.4em\u00bb header_6_font=\u00bbRaleway|700||on|||||\u00bb header_6_font_size=\u00bb16px\u00bb header_6_letter_spacing=\u00bb5px\u00bb header_6_line_height=\u00bb1.8em\u00bb text_orientation=\u00bbjustified\u00bb max_width=\u00bb700px\u00bb module_alignment=\u00bbcenter\u00bb custom_margin=\u00bb0px||||false|false\u00bb custom_padding=\u00bb0px||||false|false\u00bb hover_enabled=\u00bb0&#8243; header_2_font_size_tablet=\u00bb35px\u00bb header_2_font_size_phone=\u00bb25px\u00bb header_2_font_size_last_edited=\u00bbon|phone\u00bb global_colors_info=\u00bb{}\u00bb sticky_enabled=\u00bb0&#8243;]<\/p>\n<p>La globalizaci\u00f3n de las cadenas de suministro de alimentos e ingredientes alimentarios ha tra\u00eddo consigo una mayor variedad y precios m\u00e1s bajos, pero tambi\u00e9n una mayor necesidad de control de calidad tanto de las materias primas como de los productos alimentarios procesados. Adem\u00e1s de las enfermedades humanas, los problemas de seguridad alimentaria pueden causar p\u00e9rdidas econ\u00f3micas a productores, transformadores y consumidores, y poner en peligro la competitividad internacional de la industria agr\u00edcola.<\/p>\n<p><strong>M\u00e1s<\/strong> informaci\u00f3n sobre nuestras aplicaciones en <a href=\"https:\/\/antecscientific.com\/es\/alimentos\/\">An\u00e1lisis de alimentos<\/a>&#8230;.<br \/>y <a href=\"https:\/\/antecscientific.com\/es\/carbohidratos\/\">an\u00e1lisis de hidratos de<\/a> carbono &#8230;.<\/p>\n<p>[\/et_pb_text][\/et_pb_column][et_pb_column type=\u00bb1_3&#8243; _builder_version=\u00bb4.16&#8243; custom_padding=\u00bb5%|5%|||false|false\u00bb global_colors_info=\u00bb{}\u00bb custom_padding__hover=\u00bb|||\u00bb][et_pb_image src=\u00bbhttps:\/\/antecscientific.com\/wp-content\/uploads\/2022\/10\/ALEXYS_2022_1-217&#215;300.png\u00bb title_text=\u00bbALEXYS_2022_1&#8243; _builder_version=\u00bb4.18.0&#8243; global_colors_info=\u00bb{}\u00bb][\/et_pb_image][\/et_pb_column][\/et_pb_row][\/et_pb_section]<\/p>\n","protected":false},"excerpt":{"rendered":"<p>Analizadores de alimentos de AntecLa globalizaci\u00f3n de las cadenas de suministro de alimentos e ingredientes alimentarios ha tra\u00eddo consigo una mayor variedad y precios m\u00e1s bajos, pero tambi\u00e9n una mayor necesidad de control de calidad tanto de las materias primas como de los productos alimentarios procesados. Adem\u00e1s de las enfermedades humanas, los problemas de seguridad [&hellip;]<\/p>\n","protected":false},"author":3,"featured_media":0,"parent":14884,"menu_order":0,"comment_status":"closed","ping_status":"closed","template":"","meta":{"_et_pb_use_builder":"on","_et_pb_old_content":"","_et_gb_content_width":"","footnotes":""},"class_list":["post-15298","page","type-page","status-publish","hentry"],"yoast_head":"<!-- This site is optimized with the Yoast SEO plugin v27.4 - https:\/\/yoast.com\/product\/yoast-seo-wordpress\/ -->\n<title>Alimentos - Antec Scientific<\/title>\n<meta name=\"description\" content=\"La globalizaci\u00f3n de las cadenas de suministro de alimentos e ingredientes alimentarios ha tra\u00eddo consigo una mayor variedad y precios m\u00e1s bajos, pero tambi\u00e9n una mayor necesidad de control de calidad.\" \/>\n<meta name=\"robots\" content=\"index, follow, max-snippet:-1, max-image-preview:large, max-video-preview:-1\" \/>\n<link rel=\"canonical\" href=\"https:\/\/antecscientific.com\/es\/mercados\/alimentos\/\" \/>\n<meta property=\"og:locale\" content=\"es_ES\" \/>\n<meta property=\"og:type\" content=\"article\" \/>\n<meta property=\"og:title\" content=\"Alimentos - Antec Scientific\" \/>\n<meta property=\"og:description\" content=\"La globalizaci\u00f3n de las cadenas de suministro de alimentos e ingredientes alimentarios ha tra\u00eddo consigo una mayor variedad y precios m\u00e1s bajos, pero tambi\u00e9n una mayor necesidad de control de calidad.\" \/>\n<meta property=\"og:url\" content=\"https:\/\/antecscientific.com\/es\/mercados\/alimentos\/\" \/>\n<meta property=\"og:site_name\" content=\"Antec Scientific\" \/>\n<meta property=\"article:modified_time\" content=\"2023-01-09T12:33:38+00:00\" \/>\n<meta name=\"twitter:card\" content=\"summary_large_image\" \/>\n<meta name=\"twitter:label1\" content=\"Tiempo de lectura\" \/>\n\t<meta name=\"twitter:data1\" content=\"3 minutos\" \/>\n<script type=\"application\/ld+json\" class=\"yoast-schema-graph\">{\"@context\":\"https:\\\/\\\/schema.org\",\"@graph\":[{\"@type\":\"WebPage\",\"@id\":\"https:\\\/\\\/antecscientific.com\\\/es\\\/mercados\\\/alimentos\\\/\",\"url\":\"https:\\\/\\\/antecscientific.com\\\/es\\\/mercados\\\/alimentos\\\/\",\"name\":\"Alimentos - Antec Scientific\",\"isPartOf\":{\"@id\":\"https:\\\/\\\/antecscientific.com\\\/es\\\/#website\"},\"datePublished\":\"2021-10-12T09:08:21+00:00\",\"dateModified\":\"2023-01-09T12:33:38+00:00\",\"description\":\"La globalizaci\u00f3n de las cadenas de suministro de alimentos e ingredientes alimentarios ha tra\u00eddo consigo una mayor variedad y precios m\u00e1s bajos, pero tambi\u00e9n una mayor necesidad de control de calidad.\",\"breadcrumb\":{\"@id\":\"https:\\\/\\\/antecscientific.com\\\/es\\\/mercados\\\/alimentos\\\/#breadcrumb\"},\"inLanguage\":\"es\",\"potentialAction\":[{\"@type\":\"ReadAction\",\"target\":[\"https:\\\/\\\/antecscientific.com\\\/es\\\/mercados\\\/alimentos\\\/\"]}]},{\"@type\":\"BreadcrumbList\",\"@id\":\"https:\\\/\\\/antecscientific.com\\\/es\\\/mercados\\\/alimentos\\\/#breadcrumb\",\"itemListElement\":[{\"@type\":\"ListItem\",\"position\":1,\"name\":\"Mercados\",\"item\":\"https:\\\/\\\/antecscientific.com\\\/es\\\/mercados\\\/\"},{\"@type\":\"ListItem\",\"position\":2,\"name\":\"Alimentos\"}]},{\"@type\":\"WebSite\",\"@id\":\"https:\\\/\\\/antecscientific.com\\\/es\\\/#website\",\"url\":\"https:\\\/\\\/antecscientific.com\\\/es\\\/\",\"name\":\"Antec Scientific\",\"description\":\"Supporting research to improve quality of life\",\"potentialAction\":[{\"@type\":\"SearchAction\",\"target\":{\"@type\":\"EntryPoint\",\"urlTemplate\":\"https:\\\/\\\/antecscientific.com\\\/es\\\/?s={search_term_string}\"},\"query-input\":{\"@type\":\"PropertyValueSpecification\",\"valueRequired\":true,\"valueName\":\"search_term_string\"}}],\"inLanguage\":\"es\"}]}<\/script>\n<!-- \/ Yoast SEO plugin. -->","yoast_head_json":{"title":"Alimentos - Antec Scientific","description":"La globalizaci\u00f3n de las cadenas de suministro de alimentos e ingredientes alimentarios ha tra\u00eddo consigo una mayor variedad y precios m\u00e1s bajos, pero tambi\u00e9n una mayor necesidad de control de calidad.","robots":{"index":"index","follow":"follow","max-snippet":"max-snippet:-1","max-image-preview":"max-image-preview:large","max-video-preview":"max-video-preview:-1"},"canonical":"https:\/\/antecscientific.com\/es\/mercados\/alimentos\/","og_locale":"es_ES","og_type":"article","og_title":"Alimentos - Antec Scientific","og_description":"La globalizaci\u00f3n de las cadenas de suministro de alimentos e ingredientes alimentarios ha tra\u00eddo consigo una mayor variedad y precios m\u00e1s bajos, pero tambi\u00e9n una mayor necesidad de control de calidad.","og_url":"https:\/\/antecscientific.com\/es\/mercados\/alimentos\/","og_site_name":"Antec Scientific","article_modified_time":"2023-01-09T12:33:38+00:00","twitter_card":"summary_large_image","twitter_misc":{"Tiempo de lectura":"3 minutos"},"schema":{"@context":"https:\/\/schema.org","@graph":[{"@type":"WebPage","@id":"https:\/\/antecscientific.com\/es\/mercados\/alimentos\/","url":"https:\/\/antecscientific.com\/es\/mercados\/alimentos\/","name":"Alimentos - Antec Scientific","isPartOf":{"@id":"https:\/\/antecscientific.com\/es\/#website"},"datePublished":"2021-10-12T09:08:21+00:00","dateModified":"2023-01-09T12:33:38+00:00","description":"La globalizaci\u00f3n de las cadenas de suministro de alimentos e ingredientes alimentarios ha tra\u00eddo consigo una mayor variedad y precios m\u00e1s bajos, pero tambi\u00e9n una mayor necesidad de control de calidad.","breadcrumb":{"@id":"https:\/\/antecscientific.com\/es\/mercados\/alimentos\/#breadcrumb"},"inLanguage":"es","potentialAction":[{"@type":"ReadAction","target":["https:\/\/antecscientific.com\/es\/mercados\/alimentos\/"]}]},{"@type":"BreadcrumbList","@id":"https:\/\/antecscientific.com\/es\/mercados\/alimentos\/#breadcrumb","itemListElement":[{"@type":"ListItem","position":1,"name":"Mercados","item":"https:\/\/antecscientific.com\/es\/mercados\/"},{"@type":"ListItem","position":2,"name":"Alimentos"}]},{"@type":"WebSite","@id":"https:\/\/antecscientific.com\/es\/#website","url":"https:\/\/antecscientific.com\/es\/","name":"Antec Scientific","description":"Supporting research to improve quality of life","potentialAction":[{"@type":"SearchAction","target":{"@type":"EntryPoint","urlTemplate":"https:\/\/antecscientific.com\/es\/?s={search_term_string}"},"query-input":{"@type":"PropertyValueSpecification","valueRequired":true,"valueName":"search_term_string"}}],"inLanguage":"es"}]}},"_links":{"self":[{"href":"https:\/\/antecscientific.com\/es\/wp-json\/wp\/v2\/pages\/15298","targetHints":{"allow":["GET"]}}],"collection":[{"href":"https:\/\/antecscientific.com\/es\/wp-json\/wp\/v2\/pages"}],"about":[{"href":"https:\/\/antecscientific.com\/es\/wp-json\/wp\/v2\/types\/page"}],"author":[{"embeddable":true,"href":"https:\/\/antecscientific.com\/es\/wp-json\/wp\/v2\/users\/3"}],"replies":[{"embeddable":true,"href":"https:\/\/antecscientific.com\/es\/wp-json\/wp\/v2\/comments?post=15298"}],"version-history":[{"count":10,"href":"https:\/\/antecscientific.com\/es\/wp-json\/wp\/v2\/pages\/15298\/revisions"}],"predecessor-version":[{"id":15356,"href":"https:\/\/antecscientific.com\/es\/wp-json\/wp\/v2\/pages\/15298\/revisions\/15356"}],"up":[{"embeddable":true,"href":"https:\/\/antecscientific.com\/es\/wp-json\/wp\/v2\/pages\/14884"}],"wp:attachment":[{"href":"https:\/\/antecscientific.com\/es\/wp-json\/wp\/v2\/media?parent=15298"}],"curies":[{"name":"wp","href":"https:\/\/api.w.org\/{rel}","templated":true}]}}