{"id":15235,"date":"2020-12-17T22:08:25","date_gmt":"2020-12-17T22:08:25","guid":{"rendered":"https:\/\/antecscientific.com\/aplicaciones\/"},"modified":"2023-05-23T08:47:02","modified_gmt":"2023-05-23T08:47:02","slug":"aplicaciones","status":"publish","type":"page","link":"https:\/\/antecscientific.com\/es\/aplicaciones\/","title":{"rendered":"Aplicaciones"},"content":{"rendered":"<p>[et_pb_section fb_built=\u00bb1&#8243; admin_label=\u00bbHeader\u00bb _builder_version=\u00bb4.16&#8243; background_image=\u00bbhttps:\/\/antecscientific.com\/wp-content\/uploads\/2020\/11\/usa.jpg\u00bb parallax=\u00bbon\u00bb custom_padding=\u00bb2vw|0px|200px|0px|false|false\u00bb collapsed=\u00bbon\u00bb global_colors_info=\u00bb{}\u00bb][et_pb_row _builder_version=\u00bb4.16&#8243; global_colors_info=\u00bb{}\u00bb][et_pb_column type=\u00bb4_4&#8243; _builder_version=\u00bb4.16&#8243; custom_padding=\u00bb|||\u00bb global_colors_info=\u00bb{}\u00bb custom_padding__hover=\u00bb|||\u00bb][et_pb_text admin_label=\u00bbBreadcrumbs (don&#8217;t touch)\u00bb _builder_version=\u00bb4.16&#8243; text_font=\u00bb|700|||||||\u00bb text_text_color=\u00bb#ffffff\u00bb text_font_size=\u00bb15px\u00bb link_font=\u00bb|700|||||||\u00bb link_text_color=\u00bb#ffffff\u00bb link_font_size=\u00bb15px\u00bb global_colors_info=\u00bb{}\u00bb][\/et_pb_text][et_pb_text admin_label=\u00bbBig page title (don&#8217;t touch)\u00bb _builder_version=\u00bb4.16&#8243; _dynamic_attributes=\u00bbcontent\u00bb text_font=\u00bb||||||||\u00bb header_font=\u00bb|700|||||||\u00bb header_text_color=\u00bb#ffffff\u00bb header_font_size=\u00bb80px\u00bb header_line_height=\u00bb1.2em\u00bb header_5_font=\u00bbRaleway|700||on|||||\u00bb header_5_text_color=\u00bb#000000&#8243; header_5_font_size=\u00bb20px\u00bb header_5_letter_spacing=\u00bb0.5em\u00bb header_5_line_height=\u00bb1.8em\u00bb animation_style=\u00bbzoom\u00bb animation_intensity_zoom=\u00bb5%\u00bb header_font_size_tablet=\u00bb48px\u00bb header_font_size_phone=\u00bb32px\u00bb header_font_size_last_edited=\u00bbon|phone\u00bb header_5_font_size_tablet=\u00bb14px\u00bb header_5_font_size_phone=\u00bb12px\u00bb header_5_font_size_last_edited=\u00bbon|desktop\u00bb global_colors_info=\u00bb{}\u00bb]@ET-DC@eyJkeW5hbWljIjp0cnVlLCJjb250ZW50IjoicG9zdF90aXRsZSIsInNldHRpbmdzIjp7ImJlZm9yZSI6IjxoMT4iLCJhZnRlciI6IjxcL2gxPiJ9fQ==@[\/et_pb_text][\/et_pb_column][\/et_pb_row][\/et_pb_section][et_pb_section fb_built=\u00bb1&#8243; admin_label=\u00bbContent\u00bb _builder_version=\u00bb4.16&#8243; background_color=\u00bb#ffffff\u00bb max_width=\u00bb90%\u00bb max_width_tablet=\u00bb\u00bb max_width_phone=\u00bb100%\u00bb max_width_last_edited=\u00bbon|phone\u00bb custom_margin=\u00bb-160px||0px||false|false\u00bb custom_padding=\u00bb||0px||false|false\u00bb border_color_all=\u00bb#ffffff\u00bb border_width_left=\u00bb10vw\u00bb global_colors_info=\u00bb{}\u00bb][et_pb_row custom_padding_last_edited=\u00bboff|desktop\u00bb _builder_version=\u00bb4.16&#8243; custom_padding=\u00bb27px|0px|0|0px|false|false\u00bb custom_padding_tablet=\u00bb|0px||0px||true\u00bb global_colors_info=\u00bb{}\u00bb][et_pb_column type=\u00bb4_4&#8243; _builder_version=\u00bb4.16&#8243; custom_padding=\u00bb|||\u00bb global_colors_info=\u00bb{}\u00bb custom_padding__hover=\u00bb|||\u00bb][et_pb_text _builder_version=\u00bb4.19.1&#8243; text_font=\u00bb||||||||\u00bb text_line_height=\u00bb2em\u00bb header_font=\u00bb||||||||\u00bb header_2_font=\u00bbRaleway|700|||||||\u00bb header_2_font_size=\u00bb50px\u00bb header_2_line_height=\u00bb1.4em\u00bb header_6_font=\u00bbRaleway|700||on|||||\u00bb header_6_font_size=\u00bb16px\u00bb header_6_letter_spacing=\u00bb5px\u00bb header_6_line_height=\u00bb1.8em\u00bb module_alignment=\u00bbcenter\u00bb header_2_font_size_tablet=\u00bb35px\u00bb header_2_font_size_phone=\u00bb25px\u00bb header_2_font_size_last_edited=\u00bbon|phone\u00bb global_colors_info=\u00bb{}\u00bb]<\/p>\n<h3><span style=\"color: #df0834;\">Conozca las aplicaciones de Antec<\/span><\/h3>\n<p>M\u00e1s informaci\u00f3n sobre las aplicaciones de los instrumentos de Antec en las distintas \u00e1reas de investigaci\u00f3n: &#8230;.<\/p>\n<p>[\/et_pb_text][\/et_pb_column][\/et_pb_row][\/et_pb_section][et_pb_section fb_built=\u00bb1&#8243; _builder_version=\u00bb4.19.1&#8243; _module_preset=\u00bbdefault\u00bb global_module=\u00bb8815&#8243; global_colors_info=\u00bb{}\u00bb][et_pb_row column_structure=\u00bb1_2,1_2&#8243; module_class=\u00bbsubstancetoggle\u00bb _builder_version=\u00bb4.19.1&#8243; _module_preset=\u00bbdefault\u00bb global_colors_info=\u00bb{}\u00bb][et_pb_column type=\u00bb1_2&#8243; _builder_version=\u00bb4.16&#8243; _module_preset=\u00bbdefault\u00bb global_colors_info=\u00bb{}\u00bb][et_pb_text _builder_version=\u00bb4.19.1&#8243; _module_preset=\u00bbdefault\u00bb header_2_font_size=\u00bb18px\u00bb global_colors_info=\u00bb{}\u00bb]<\/p>\n<h2>Detectores y analizadores electroqu\u00edmicos<\/h2>\n<p>[\/et_pb_text][et_pb_toggle title=\u00bbAntibi\u00f3ticos\u00bb open_toggle_text_color=\u00bb#000000&#8243; open_toggle_background_color=\u00bb#f6f9fb\u00bb closed_toggle_background_color=\u00bbRGBA(0,0,0,0)\u00bb icon_color=\u00bb#8e969e\u00bb open_icon_color=\u00bb#8e969e\u00bb module_class=\u00bbsubstance-accordeon\u00bb _builder_version=\u00bb4.19.1&#8243; _module_preset=\u00bbdefault\u00bb title_text_color=\u00bb#8e969e\u00bb title_font_size=\u00bb14px\u00bb border_width_all=\u00bb0px\u00bb border_width_bottom=\u00bb1px\u00bb border_color_bottom=\u00bb#e5e5e5&#8243; global_colors_info=\u00bb{}\u00bb]<\/p>\n<ul>\n<li><a href=\"https:\/\/antecscientific.com\/es\/aplicaciones\/antibioticos\/\">Antibi\u00f3ticos<\/a>\n<ul>\n<li><a href=\"https:\/\/antecscientific.com\/es\/aplicaciones\/antibioticos\/aminoglucosidos\/\">Antibi\u00f3ticos aminogluc\u00f3sidos<br \/>\n<span style=\"font-size: small;\">Amikacina, Framicetina, Gentamicina, Kanamicina, Lincomicina, Netilmicina, Neomicina, Espectinomicina, Estreptomicina, Tobramicina<\/span><\/a><\/li>\n<li><a href=\"https:\/\/antecscientific.com\/applications\/antibiotics\/azithromycin-and-erythromycin\/\">Antibi\u00f3ticos macr\u00f3lidos<br \/>\n<\/a><a href=\"https:\/\/antecscientific.com\/applications\/antibiotics\/azithromycin-and-erythromycin\/\">Ery-, Azitromicina<\/a><\/li>\n<\/ul>\n<\/li>\n<\/ul>\n<p>[\/et_pb_toggle][et_pb_toggle title=\u00bbCarbohidratos\u00bb open_toggle_text_color=\u00bb#000000&#8243; open_toggle_background_color=\u00bb#f6f9fb\u00bb closed_toggle_background_color=\u00bbRGBA(0,0,0,0)\u00bb icon_color=\u00bb#8e969e\u00bb open_icon_color=\u00bb#8e969e\u00bb module_class=\u00bbsubstance-accordeon\u00bb _builder_version=\u00bb4.20.4&#8243; _module_preset=\u00bbdefault\u00bb title_text_color=\u00bb#8e969e\u00bb title_font_size=\u00bb14px\u00bb border_width_all=\u00bb0px\u00bb border_width_bottom=\u00bb1px\u00bb border_color_bottom=\u00bb#e5e5e5&#8243; global_colors_info=\u00bb{}\u00bb]<\/p>\n<ul>\n<li><a href=\"https:\/\/antecscientific.com\/es\/aplicaciones\/alimentos\/carbohidratos\/\">Los carbohidratos en la alimentaci\u00f3n y las ciencias de la vida<\/a><\/li>\n<li><a href=\"https:\/\/antecscientific.com\/es\/aplicaciones\/alimentos\/productos-sin-lactosa\/\">Productos sin lactosa<\/a><\/li>\n<\/ul>\n<p>[\/et_pb_toggle][et_pb_toggle title=\u00bbCl\u00ednica y diagn\u00f3stico\u00bb open_toggle_text_color=\u00bb#000000&#8243; open_toggle_background_color=\u00bb#f6f9fb\u00bb closed_toggle_background_color=\u00bbRGBA(0,0,0,0)\u00bb icon_color=\u00bb#8e969e\u00bb open_icon_color=\u00bb#8e969e\u00bb module_class=\u00bbsubstance-accordeon\u00bb _builder_version=\u00bb4.20.4&#8243; _module_preset=\u00bbdefault\u00bb title_text_color=\u00bb#8e969e\u00bb title_font_size=\u00bb14px\u00bb border_width_all=\u00bb0px\u00bb border_width_bottom=\u00bb1px\u00bb border_color_bottom=\u00bb#e5e5e5&#8243; global_colors_info=\u00bb{}\u00bb]<\/p>\n<ul>\n<li><a href=\"https:\/\/antecscientific.com\/es\/aplicaciones\/diagnostico\/\">Cl\u00ednica y diagn\u00f3stico<\/a>\n<ul>\n<li><a href=\"https:\/\/antecscientific.com\/es\/aplicaciones\/diagnostico\/catecolaminas-en-orina-o-plasma\/\">Catecolaminas en orina o plasma<\/a><\/li>\n<li><a href=\"https:\/\/antecscientific.com\/es\/aplicaciones\/diagnostico\/metanefrinas-en-orina\/\">Metanefrinas en orina<\/a><\/li>\n<li><a href=\"https:\/\/antecscientific.com\/es\/aplicaciones\/diagnostico\/serotonina-en-orina-o-plasma\/\">Serotonina en orina o plasma<\/a><\/li>\n<li><a href=\"https:\/\/antecscientific.com\/es\/aplicaciones\/diagnostico\/metanefrinas-en-orina\/\">VMA HVA 5 HIAA en orina<\/a><\/li>\n<li><a href=\"https:\/\/antecscientific.com\/es\/aplicaciones\/diagnostico\/fluorodesoxiglucosa\/\">Fluorodesoxiglucosa<\/a><\/li>\n<li><a href=\"https:\/\/antecscientific.com\/es\/aplicaciones\/neurotransmisores\/glutation-y-disulfuros\/\">Glutati\u00f3n y disulfuros<\/a><\/li>\n<li><a href=\"https:\/\/antecscientific.com\/es\/aplicaciones\/diagnostico\/homocisteina-en-plasma\/\">Homociste\u00edna en plasma<\/a><\/li>\n<li><a href=\"https:\/\/antecscientific.com\/es\/aplicaciones\/diagnostico\/yoduro-en-orina\/\">Yoduro en orina<\/a><\/li>\n<li><a href=\"https:\/\/antecscientific.com\/es\/aplicaciones\/diagnostico\/vitaminas\/\">Vitaminas<\/a><\/li>\n<\/ul>\n<\/li>\n<\/ul>\n<p>[\/et_pb_toggle][et_pb_toggle title=\u00bbAlimentos\u00bb open_toggle_text_color=\u00bb#000000&#8243; open_toggle_background_color=\u00bb#f6f9fb\u00bb closed_toggle_background_color=\u00bbRGBA(0,0,0,0)\u00bb icon_color=\u00bb#8e969e\u00bb open_icon_color=\u00bb#8e969e\u00bb module_class=\u00bbsubstance-accordeon\u00bb _builder_version=\u00bb4.20.4&#8243; _module_preset=\u00bbdefault\u00bb title_text_color=\u00bb#8e969e\u00bb title_font_size=\u00bb14px\u00bb border_width_all=\u00bb0px\u00bb border_width_bottom=\u00bb1px\u00bb border_color_bottom=\u00bb#e5e5e5&#8243; global_colors_info=\u00bb{}\u00bb]<\/p>\n<ul>\n<li><a href=\"https:\/\/antecscientific.com\/es\/aplicaciones\/alimentos\/\">Alimentos<\/a>\n<ul>\n<li><a href=\"https:\/\/antecscientific.com\/es\/aplicaciones\/alimentos\/bisfenol-a-en-el-agua-potable\/\">Bisfenol A en el agua<\/a><\/li>\n<li><a href=\"https:\/\/antecscientific.com\/es\/aplicaciones\/alimentos\/carbohidratos\/\">Los carbohidratos en la alimentaci\u00f3n y las ciencias de la vida<\/a><\/li>\n<li><a href=\"https:\/\/antecscientific.com\/es\/aplicaciones\/alimentos\/peroxido-de-hidrogeno\/\">Per\u00f3xido de hidr\u00f3geno<\/a><\/li>\n<li><a href=\"https:\/\/antecscientific.com\/es\/aplicaciones\/alimentos\/yoduro-en-la-leche\/\">Yoduro en la leche<\/a><\/li>\n<li><a href=\"https:\/\/antecscientific.com\/es\/aplicaciones\/alimentos\/productos-sin-lactosa\/\">Productos sin lactosa<\/a><\/li>\n<li><a href=\"https:\/\/antecscientific.com\/es\/aplicaciones\/alimentos\/polifenoles-en-los-alimentos\/\">Polifenoles en los alimentos<\/a><\/li>\n<li><a href=\"https:\/\/antecscientific.com\/es\/aplicaciones\/alimentos\/fitosteroles-en-los-alimentos\/\">Fitosteroles en los alimentos<\/a><\/li>\n<\/ul>\n<\/li>\n<\/ul>\n<p>[\/et_pb_toggle][et_pb_toggle title=\u00bbMedio ambiente\u00bb open_toggle_text_color=\u00bb#000000&#8243; open_toggle_background_color=\u00bb#f6f9fb\u00bb closed_toggle_background_color=\u00bbRGBA(0,0,0,0)\u00bb icon_color=\u00bb#8e969e\u00bb open_icon_color=\u00bb#8e969e\u00bb module_class=\u00bbsubstance-accordeon\u00bb _builder_version=\u00bb4.20.4&#8243; _module_preset=\u00bbdefault\u00bb title_text_color=\u00bb#8e969e\u00bb title_font_size=\u00bb14px\u00bb border_width_all=\u00bb0px\u00bb border_width_bottom=\u00bb1px\u00bb border_color_bottom=\u00bb#e5e5e5&#8243; global_colors_info=\u00bb{}\u00bb]<\/p>\n<ul>\n<li><a href=\"https:\/\/antecscientific.com\/es\/aplicaciones\/medio-ambiente-2\/\">Medio ambiente<\/a>\n<ul>\n<li><a href=\"https:\/\/antecscientific.com\/es\/aplicaciones\/medio-ambiente-2\/fenoles\/\">Fenoles EPA en el agua<\/a><\/li>\n<li><a href=\"https:\/\/antecscientific.com\/es\/aplicaciones\/medio-ambiente-2\/glifosato-y-ampa\/\">Glifosato y ampa<\/a><\/li>\n<\/ul>\n<\/li>\n<\/ul>\n<p>[\/et_pb_toggle][et_pb_toggle title=\u00bbNeurociencia\u00bb open_toggle_text_color=\u00bb#000000&#8243; open_toggle_background_color=\u00bb#f6f9fb\u00bb closed_toggle_background_color=\u00bbRGBA(0,0,0,0)\u00bb icon_color=\u00bb#8e969e\u00bb open_icon_color=\u00bb#8e969e\u00bb module_class=\u00bbsubstance-accordeon\u00bb _builder_version=\u00bb4.20.4&#8243; _module_preset=\u00bbdefault\u00bb title_text_color=\u00bb#8e969e\u00bb title_font_size=\u00bb14px\u00bb border_width_all=\u00bb0px\u00bb border_width_bottom=\u00bb1px\u00bb border_color_bottom=\u00bb#e5e5e5&#8243; global_colors_info=\u00bb{}\u00bb]<\/p>\n<ul>\n<li><a href=\"https:\/\/antecscientific.com\/es\/aplicaciones\/neurotransmisores\/\">Neurociencia<\/a>\n<ul>\n<li><a href=\"https:\/\/antecscientific.com\/es\/aplicaciones\/neurotransmisores\/monoaminas-y-metabolitos\/\">Monoaminas y metabolitos<\/a><\/li>\n<li><a href=\"https:\/\/antecscientific.com\/es\/aplicaciones\/neurotransmisores\/gaba-y-glutamato\/\">GABA y Glutamato<\/a><\/li>\n<li><a href=\"https:\/\/antecscientific.com\/es\/aplicaciones\/neurotransmisores\/colina-y-acetilcolina\/\">Colina y acetilcolina<\/a><\/li>\n<li><a href=\"https:\/\/antecscientific.com\/es\/aplicaciones\/neurotransmisores\/microdialisis-en-linea-de-monoaminas\/\">DM en l\u00ednea de monoaminas<\/a><\/li>\n<li><a href=\"https:\/\/antecscientific.com\/es\/aplicaciones\/neurotransmisores\/glutation-y-disulfuros\/\">Glutati\u00f3n y disulfuros<\/a><\/li>\n<li><a href=\"https:\/\/antecscientific.com\/es\/aplicaciones\/neurotransmisores\/3-hidroxicinurenina\/\">3-Hidroxicinurenina<\/a><\/li>\n<\/ul>\n<\/li>\n<\/ul>\n<p>[\/et_pb_toggle][et_pb_toggle title=\u00bbProductos farmac\u00e9uticos\u00bb open_toggle_text_color=\u00bb#000000&#8243; open_toggle_background_color=\u00bb#f6f9fb\u00bb closed_toggle_background_color=\u00bbRGBA(0,0,0,0)\u00bb icon_color=\u00bb#8e969e\u00bb open_icon_color=\u00bb#8e969e\u00bb module_class=\u00bbsubstance-accordeon\u00bb _builder_version=\u00bb4.19.1&#8243; _module_preset=\u00bbdefault\u00bb title_text_color=\u00bb#8e969e\u00bb title_font_size=\u00bb14px\u00bb border_width_all=\u00bb0px\u00bb border_width_bottom=\u00bb1px\u00bb border_color_bottom=\u00bb#e5e5e5&#8243; global_colors_info=\u00bb{}\u00bb]<\/p>\n<ul>\n<li><a href=\"https:\/\/antecscientific.com\/es\/aplicaciones\/productos-farmaceuticos\/\">Productos farmac\u00e9uticos<\/a>\n<ul>\n<li><a href=\"https:\/\/antecscientific.com\/es\/aplicaciones\/antibioticos\/aminoglucosidos\/\">Aminogluc\u00f3sidos<\/a><\/li>\n<li><a href=\"https:\/\/antecscientific.com\/es\/aplicaciones\/productos-farmaceuticos\/farmacos-antipsicoticos\/\">F\u00e1rmacos antipsic\u00f3ticos<br \/><span style=\"font-size: small;\">Clozapina, Olanzapina y Risperidona<\/span><\/a><\/li>\n<li><a href=\"https:\/\/antecscientific.com\/applications\/pharmaceuticals\/articaine-with-epinephrine\/\">Artica\u00edna con epinefrina<\/a><\/li>\n<li><a href=\"https:\/\/antecscientific.com\/es\/aplicaciones\/productos-farmaceuticos\/betadex-sulfobutil-eter-sodico\/\">Betadex sulfobutil \u00e9ter s\u00f3dico<\/a><\/li>\n<li><a href=\"https:\/\/antecscientific.com\/es\/aplicaciones\/productos-farmaceuticos\/etilenglicol-en-hidroxietilalmidon\/\">Etilenglicol<\/a><\/li>\n<li><a href=\"https:\/\/antecscientific.com\/es\/aplicaciones\/productos-farmaceuticos\/heparina\/\">Heparina<\/a><\/li>\n<li><a href=\"https:\/\/antecscientific.com\/es\/aplicaciones\/diagnostico\/fluorodesoxiglucosa\/\">Trazador de im\u00e1genes PET &#8211; FDG<\/a><\/li>\n<\/ul>\n<\/li>\n<\/ul>\n<p>[\/et_pb_toggle][\/et_pb_column][et_pb_column type=\u00bb1_2&#8243; _builder_version=\u00bb4.16&#8243; _module_preset=\u00bbdefault\u00bb global_colors_info=\u00bb{}\u00bb][et_pb_text _builder_version=\u00bb4.19.1&#8243; _module_preset=\u00bbdefault\u00bb header_2_font_size=\u00bb18px\u00bb global_colors_info=\u00bb{}\u00bb]<\/p>\n<h2>Reactores electroqu\u00edmicos para MS y s\u00edntesis<\/h2>\n<p>[\/et_pb_text][et_pb_toggle title=\u00bbReactores para prote\u00f3mica\u00bb open_toggle_text_color=\u00bb#000000&#8243; open_toggle_background_color=\u00bb#f6f9fb\u00bb closed_toggle_background_color=\u00bbRGBA(0,0,0,0)\u00bb icon_color=\u00bb#8e969e\u00bb open_icon_color=\u00bb#8e969e\u00bb module_class=\u00bbsubstance-accordeon\u00bb _builder_version=\u00bb4.19.1&#8243; _module_preset=\u00bbdefault\u00bb title_text_color=\u00bb#8e969e\u00bb title_font_size=\u00bb14px\u00bb border_width_all=\u00bb0px\u00bb border_width_bottom=\u00bb1px\u00bb border_color_bottom=\u00bb#e5e5e5&#8243; global_colors_info=\u00bb{}\u00bb]<\/p>\n<ul>\n<li><a href=\"https:\/\/antecscientific.com\/applications\/disulfide-bond-reduction\/\">Ingenier\u00eda de anticuerpos<\/a><\/li>\n<li><a href=\"https:\/\/antecscientific.com\/applications\/disulfide-bond-reduction\/\">Reducci\u00f3n del enlace disulfuro<\/a><\/li>\n<\/ul>\n<p>[\/et_pb_toggle][et_pb_toggle title=\u00bbReactores para el metabolismo de f\u00e1rmacos\u00bb open_toggle_text_color=\u00bb#000000&#8243; open_toggle_background_color=\u00bb#f6f9fb\u00bb closed_toggle_background_color=\u00bbRGBA(0,0,0,0)\u00bb icon_color=\u00bb#8e969e\u00bb open_icon_color=\u00bb#8e969e\u00bb module_class=\u00bbsubstance-accordeon\u00bb _builder_version=\u00bb4.19.1&#8243; _module_preset=\u00bbdefault\u00bb title_text_color=\u00bb#8e969e\u00bb title_font_size=\u00bb14px\u00bb border_width_all=\u00bb0px\u00bb border_width_bottom=\u00bb1px\u00bb border_color_bottom=\u00bb#e5e5e5&#8243; global_colors_info=\u00bb{}\u00bb]<\/p>\n<ul>\n<li><a href=\"https:\/\/antecscientific.com\/applications\/drug-metabolism\/\">Reactores para el metabolismo de f\u00e1rmacos<br \/>\n<span style=\"font-size: small;\">Metabolismo de f\u00e1rmacos y xenobi\u00f3ticos, imitaci\u00f3n del metabolismo de fase 1 y 2, metabolismo oxidativo, cribado automatizado de reacciones REDOX.<\/span><\/a><\/li>\n<\/ul>\n<p>[\/et_pb_toggle][et_pb_toggle title=\u00bbDegradaci\u00f3n medioambiental\u00bb open_toggle_text_color=\u00bb#000000&#8243; open_toggle_background_color=\u00bb#f6f9fb\u00bb closed_toggle_background_color=\u00bbRGBA(0,0,0,0)\u00bb icon_color=\u00bb#8e969e\u00bb open_icon_color=\u00bb#8e969e\u00bb module_class=\u00bbsubstance-accordeon\u00bb _builder_version=\u00bb4.19.1&#8243; _module_preset=\u00bbdefault\u00bb title_text_color=\u00bb#8e969e\u00bb title_font_size=\u00bb14px\u00bb border_width_all=\u00bb0px\u00bb border_width_bottom=\u00bb1px\u00bb border_color_bottom=\u00bb#e5e5e5&#8243; global_colors_info=\u00bb{}\u00bb]<\/p>\n<ul>\n<li><a href=\"https:\/\/antecscientific.com\/applications\/degradation\/\">Degradaci\u00f3n medioambiental<br \/>\n<span style=\"font-size: small;\">Degradaci\u00f3n de COP, Transformaci\u00f3n oxidativa y s\u00edntesis de TP, Residuos y agua potable<\/span><\/a><\/li>\n<\/ul>\n<p>[\/et_pb_toggle][et_pb_toggle title=\u00bbLipid\u00f3mica \/ Oxidaci\u00f3n de l\u00edpidos\u00bb open_toggle_text_color=\u00bb#000000&#8243; open_toggle_background_color=\u00bb#f6f9fb\u00bb closed_toggle_background_color=\u00bbRGBA(0,0,0,0)\u00bb icon_color=\u00bb#8e969e\u00bb open_icon_color=\u00bb#8e969e\u00bb module_class=\u00bbsubstance-accordeon\u00bb _builder_version=\u00bb4.19.1&#8243; _module_preset=\u00bbdefault\u00bb title_text_color=\u00bb#8e969e\u00bb title_font_size=\u00bb14px\u00bb border_width_all=\u00bb0px\u00bb border_width_bottom=\u00bb1px\u00bb border_color_bottom=\u00bb#e5e5e5&#8243; global_colors_info=\u00bb{}\u00bb]<\/p>\n<ul>\n<li><a href=\"https:\/\/antecscientific.com\/applications\/lipid-oxidation\/\">Lipid\u00f3mica \/ Oxidaci\u00f3n de l\u00edpidos<span style=\"font-size: small;\"><br \/>Colesterol\/Oxisterol, Fosfol\u00edpidos, \u00c9steres met\u00edlicos de \u00e1cidos grasos (FAME)<\/span><\/a><\/li>\n<\/ul>\n<p>[\/et_pb_toggle][et_pb_toggle title=\u00bbReactores de s\u00edntesis\u00bb open_toggle_text_color=\u00bb#000000&#8243; open_toggle_background_color=\u00bb#f6f9fb\u00bb closed_toggle_background_color=\u00bbRGBA(0,0,0,0)\u00bb icon_color=\u00bb#8e969e\u00bb open_icon_color=\u00bb#8e969e\u00bb module_class=\u00bbsubstance-accordeon\u00bb _builder_version=\u00bb4.19.1&#8243; _module_preset=\u00bbdefault\u00bb title_text_color=\u00bb#8e969e\u00bb title_font_size=\u00bb14px\u00bb border_width_all=\u00bb0px\u00bb border_width_bottom=\u00bb1px\u00bb border_color_bottom=\u00bb#e5e5e5&#8243; global_colors_info=\u00bb{}\u00bb]<\/p>\n<ul>\n<li><a href=\"https:\/\/antecscientific.com\/applications\/synthesis\/\">Reactores de s\u00edntesis<br \/><span style=\"font-size: small;\">S\u00edntesis electroqu\u00edmica de metabolitos\/degradantes, s\u00edntesis de cantidades de \u00b5g, escalado<br \/><\/span><\/a><\/li>\n<\/ul>\n<p>[\/et_pb_toggle][\/et_pb_column][\/et_pb_row][\/et_pb_section]<\/p>\n","protected":false},"excerpt":{"rendered":"<p>Men\u00fa Aplicaci\u00f3n<\/p>\n","protected":false},"author":3,"featured_media":0,"parent":0,"menu_order":0,"comment_status":"closed","ping_status":"closed","template":"","meta":{"_et_pb_use_builder":"on","_et_pb_old_content":"","_et_gb_content_width":"","footnotes":""},"class_list":["post-15235","page","type-page","status-publish","hentry"],"yoast_head":"<!-- This site is optimized with the Yoast SEO plugin v27.5 - https:\/\/yoast.com\/product\/yoast-seo-wordpress\/ -->\n<title>Aplicaciones - Antec Scientific<\/title>\n<meta name=\"description\" content=\"Men\u00fa Aplicaciones\" \/>\n<meta name=\"robots\" content=\"noindex, follow\" \/>\n<meta property=\"og:locale\" content=\"es_ES\" \/>\n<meta property=\"og:type\" content=\"article\" \/>\n<meta property=\"og:title\" content=\"Aplicaciones - Antec Scientific\" \/>\n<meta property=\"og:description\" content=\"Men\u00fa Aplicaciones\" \/>\n<meta property=\"og:url\" content=\"https:\/\/antecscientific.com\/es\/aplicaciones\/\" \/>\n<meta property=\"og:site_name\" content=\"Antec Scientific\" \/>\n<meta property=\"article:modified_time\" content=\"2023-05-23T08:47:02+00:00\" \/>\n<meta name=\"twitter:card\" content=\"summary_large_image\" \/>\n<meta name=\"twitter:label1\" content=\"Tiempo de lectura\" \/>\n\t<meta name=\"twitter:data1\" content=\"8 minutos\" \/>\n<script type=\"application\/ld+json\" class=\"yoast-schema-graph\">{\"@context\":\"https:\\\/\\\/schema.org\",\"@graph\":[{\"@type\":\"WebPage\",\"@id\":\"https:\\\/\\\/antecscientific.com\\\/es\\\/aplicaciones\\\/\",\"url\":\"https:\\\/\\\/antecscientific.com\\\/es\\\/aplicaciones\\\/\",\"name\":\"Aplicaciones - Antec Scientific\",\"isPartOf\":{\"@id\":\"https:\\\/\\\/antecscientific.com\\\/es\\\/#website\"},\"datePublished\":\"2020-12-17T22:08:25+00:00\",\"dateModified\":\"2023-05-23T08:47:02+00:00\",\"description\":\"Men\u00fa Aplicaciones\",\"inLanguage\":\"es\",\"potentialAction\":[{\"@type\":\"ReadAction\",\"target\":[\"https:\\\/\\\/antecscientific.com\\\/es\\\/aplicaciones\\\/\"]}]},{\"@type\":\"WebSite\",\"@id\":\"https:\\\/\\\/antecscientific.com\\\/es\\\/#website\",\"url\":\"https:\\\/\\\/antecscientific.com\\\/es\\\/\",\"name\":\"Antec Scientific\",\"description\":\"Supporting research to improve quality of life\",\"potentialAction\":[{\"@type\":\"SearchAction\",\"target\":{\"@type\":\"EntryPoint\",\"urlTemplate\":\"https:\\\/\\\/antecscientific.com\\\/es\\\/?s={search_term_string}\"},\"query-input\":{\"@type\":\"PropertyValueSpecification\",\"valueRequired\":true,\"valueName\":\"search_term_string\"}}],\"inLanguage\":\"es\"}]}<\/script>\n<!-- \/ Yoast SEO plugin. -->","yoast_head_json":{"title":"Aplicaciones - Antec Scientific","description":"Men\u00fa Aplicaciones","robots":{"index":"noindex","follow":"follow"},"og_locale":"es_ES","og_type":"article","og_title":"Aplicaciones - Antec Scientific","og_description":"Men\u00fa Aplicaciones","og_url":"https:\/\/antecscientific.com\/es\/aplicaciones\/","og_site_name":"Antec Scientific","article_modified_time":"2023-05-23T08:47:02+00:00","twitter_card":"summary_large_image","twitter_misc":{"Tiempo de lectura":"8 minutos"},"schema":{"@context":"https:\/\/schema.org","@graph":[{"@type":"WebPage","@id":"https:\/\/antecscientific.com\/es\/aplicaciones\/","url":"https:\/\/antecscientific.com\/es\/aplicaciones\/","name":"Aplicaciones - Antec Scientific","isPartOf":{"@id":"https:\/\/antecscientific.com\/es\/#website"},"datePublished":"2020-12-17T22:08:25+00:00","dateModified":"2023-05-23T08:47:02+00:00","description":"Men\u00fa Aplicaciones","inLanguage":"es","potentialAction":[{"@type":"ReadAction","target":["https:\/\/antecscientific.com\/es\/aplicaciones\/"]}]},{"@type":"WebSite","@id":"https:\/\/antecscientific.com\/es\/#website","url":"https:\/\/antecscientific.com\/es\/","name":"Antec Scientific","description":"Supporting research to improve quality of life","potentialAction":[{"@type":"SearchAction","target":{"@type":"EntryPoint","urlTemplate":"https:\/\/antecscientific.com\/es\/?s={search_term_string}"},"query-input":{"@type":"PropertyValueSpecification","valueRequired":true,"valueName":"search_term_string"}}],"inLanguage":"es"}]}},"_links":{"self":[{"href":"https:\/\/antecscientific.com\/es\/wp-json\/wp\/v2\/pages\/15235","targetHints":{"allow":["GET"]}}],"collection":[{"href":"https:\/\/antecscientific.com\/es\/wp-json\/wp\/v2\/pages"}],"about":[{"href":"https:\/\/antecscientific.com\/es\/wp-json\/wp\/v2\/types\/page"}],"author":[{"embeddable":true,"href":"https:\/\/antecscientific.com\/es\/wp-json\/wp\/v2\/users\/3"}],"replies":[{"embeddable":true,"href":"https:\/\/antecscientific.com\/es\/wp-json\/wp\/v2\/comments?post=15235"}],"version-history":[{"count":35,"href":"https:\/\/antecscientific.com\/es\/wp-json\/wp\/v2\/pages\/15235\/revisions"}],"predecessor-version":[{"id":20686,"href":"https:\/\/antecscientific.com\/es\/wp-json\/wp\/v2\/pages\/15235\/revisions\/20686"}],"wp:attachment":[{"href":"https:\/\/antecscientific.com\/es\/wp-json\/wp\/v2\/media?parent=15235"}],"curies":[{"name":"wp","href":"https:\/\/api.w.org\/{rel}","templated":true}]}}