{"id":15205,"date":"2020-09-05T10:50:45","date_gmt":"2020-09-05T08:50:45","guid":{"rendered":"https:\/\/antecscientific.com\/europa\/"},"modified":"2025-12-04T14:13:00","modified_gmt":"2025-12-04T13:13:00","slug":"europa","status":"publish","type":"page","link":"https:\/\/antecscientific.com\/es\/acerca-de\/contacte-con\/europa\/","title":{"rendered":"Europa"},"content":{"rendered":"<p>[et_pb_section fb_built=\u00bb1&#8243; admin_label=\u00bbHeader\u00bb _builder_version=\u00bb4.16&#8243; background_image=\u00bbhttps:\/\/antecscientific.com\/wp-content\/uploads\/2020\/11\/distribution1.jpg\u00bb parallax=\u00bbon\u00bb custom_padding=\u00bb2vw|0px|200px|0px|false|false\u00bb collapsed=\u00bbon\u00bb global_colors_info=\u00bb{}\u00bb][et_pb_row _builder_version=\u00bb4.16&#8243; global_colors_info=\u00bb{}\u00bb][et_pb_column type=\u00bb4_4&#8243; _builder_version=\u00bb4.16&#8243; custom_padding=\u00bb|||\u00bb global_colors_info=\u00bb{}\u00bb custom_padding__hover=\u00bb|||\u00bb][et_pb_text admin_label=\u00bbBreadcrumbs (don&#8217;t touch)\u00bb _builder_version=\u00bb4.16&#8243; text_font=\u00bb|700|||||||\u00bb text_text_color=\u00bb#ffffff\u00bb text_font_size=\u00bb15px\u00bb link_font=\u00bb|700|||||||\u00bb link_text_color=\u00bb#ffffff\u00bb link_font_size=\u00bb15px\u00bb global_colors_info=\u00bb{}\u00bb]<\/p>\n\n<p>[\/et_pb_text][et_pb_text admin_label=\u00bbBig page title (don&#8217;t touch)\u00bb _builder_version=\u00bb4.16&#8243; _dynamic_attributes=\u00bbcontent\u00bb text_font=\u00bb||||||||\u00bb header_font=\u00bb|700|||||||\u00bb header_text_color=\u00bb#ffffff\u00bb header_font_size=\u00bb80px\u00bb header_line_height=\u00bb1.2em\u00bb header_5_font=\u00bbRaleway|700||on|||||\u00bb header_5_text_color=\u00bb#000000&#8243; header_5_font_size=\u00bb20px\u00bb header_5_letter_spacing=\u00bb0.5em\u00bb header_5_line_height=\u00bb1.8em\u00bb animation_style=\u00bbzoom\u00bb animation_intensity_zoom=\u00bb5%\u00bb header_font_size_tablet=\u00bb48px\u00bb header_font_size_phone=\u00bb32px\u00bb header_font_size_last_edited=\u00bbon|phone\u00bb header_5_font_size_tablet=\u00bb14px\u00bb header_5_font_size_phone=\u00bb12px\u00bb header_5_font_size_last_edited=\u00bbon|desktop\u00bb global_colors_info=\u00bb{}\u00bb]@ET-DC@eyJkeW5hbWljIjp0cnVlLCJjb250ZW50IjoicG9zdF90aXRsZSIsInNldHRpbmdzIjp7ImJlZm9yZSI6IjxoMT4iLCJhZnRlciI6IjxcL2gxPiJ9fQ==@[\/et_pb_text][\/et_pb_column][\/et_pb_row][\/et_pb_section][et_pb_section fb_built=\u00bb1&#8243; admin_label=\u00bbContent\u00bb _builder_version=\u00bb4.16&#8243; background_color=\u00bb#ffffff\u00bb max_width=\u00bb90%\u00bb max_width_tablet=\u00bb\u00bb max_width_phone=\u00bb100%\u00bb max_width_last_edited=\u00bbon|phone\u00bb custom_margin=\u00bb-160px||0px||false|false\u00bb custom_padding=\u00bb||0px||false|false\u00bb border_color_all=\u00bb#ffffff\u00bb border_width_left=\u00bb10vw\u00bb global_colors_info=\u00bb{}\u00bb][et_pb_row column_structure=\u00bb2_3,1_3&#8243; custom_padding_last_edited=\u00bbon|phone\u00bb _builder_version=\u00bb4.16&#8243; vertical_offset_tablet=\u00bb0&#8243; horizontal_offset_tablet=\u00bb0&#8243; width=\u00bbauto\u00bb max_width=\u00bbnone\u00bb custom_padding=\u00bb27px|0|27px|0px|false|false\u00bb custom_padding_tablet=\u00bb|0px||0px||true\u00bb custom_padding_phone=\u00bb|10%||0px|false|false\u00bb z_index_tablet=\u00bb0&#8243; box_shadow_horizontal_tablet=\u00bb0px\u00bb box_shadow_vertical_tablet=\u00bb0px\u00bb box_shadow_blur_tablet=\u00bb40px\u00bb box_shadow_spread_tablet=\u00bb0px\u00bb global_colors_info=\u00bb{}\u00bb][et_pb_column type=\u00bb2_3&#8243; _builder_version=\u00bb4.16&#8243; custom_padding=\u00bb|||\u00bb global_colors_info=\u00bb{}\u00bb custom_padding__hover=\u00bb|||\u00bb][et_pb_text admin_label=\u00bbSubtitle\u00bb _builder_version=\u00bb4.27.2&#8243; text_line_height=\u00bb2em\u00bb header_2_font=\u00bb|600||on|||||\u00bb header_2_text_color=\u00bb#df0834&#8243; header_2_font_size=\u00bb20px\u00bb header_2_line_height=\u00bb1.4em\u00bb header_6_font=\u00bb|700||on|||||\u00bb header_6_font_size=\u00bb16px\u00bb header_6_letter_spacing=\u00bb5px\u00bb header_6_line_height=\u00bb1.8em\u00bb vertical_offset_tablet=\u00bb0&#8243; horizontal_offset_tablet=\u00bb0&#8243; max_width=\u00bb700px\u00bb module_alignment=\u00bbcenter\u00bb custom_margin=\u00bb||0px||false|false\u00bb custom_padding=\u00bb||0px||false|false\u00bb header_2_font_size_tablet=\u00bb25px\u00bb header_2_font_size_phone=\u00bb\u00bb header_2_font_size_last_edited=\u00bbon|phone\u00bb z_index_tablet=\u00bb0&#8243; text_text_shadow_horizontal_length_tablet=\u00bb0px\u00bb text_text_shadow_vertical_length_tablet=\u00bb0px\u00bb text_text_shadow_blur_strength_tablet=\u00bb1px\u00bb link_text_shadow_horizontal_length_tablet=\u00bb0px\u00bb link_text_shadow_vertical_length_tablet=\u00bb0px\u00bb link_text_shadow_blur_strength_tablet=\u00bb1px\u00bb ul_text_shadow_horizontal_length_tablet=\u00bb0px\u00bb ul_text_shadow_vertical_length_tablet=\u00bb0px\u00bb ul_text_shadow_blur_strength_tablet=\u00bb1px\u00bb ol_text_shadow_horizontal_length_tablet=\u00bb0px\u00bb ol_text_shadow_vertical_length_tablet=\u00bb0px\u00bb ol_text_shadow_blur_strength_tablet=\u00bb1px\u00bb quote_text_shadow_horizontal_length_tablet=\u00bb0px\u00bb quote_text_shadow_vertical_length_tablet=\u00bb0px\u00bb quote_text_shadow_blur_strength_tablet=\u00bb1px\u00bb header_text_shadow_horizontal_length_tablet=\u00bb0px\u00bb header_text_shadow_vertical_length_tablet=\u00bb0px\u00bb header_text_shadow_blur_strength_tablet=\u00bb1px\u00bb header_2_text_shadow_horizontal_length_tablet=\u00bb0px\u00bb header_2_text_shadow_vertical_length_tablet=\u00bb0px\u00bb header_2_text_shadow_blur_strength_tablet=\u00bb1px\u00bb header_3_text_shadow_horizontal_length_tablet=\u00bb0px\u00bb header_3_text_shadow_vertical_length_tablet=\u00bb0px\u00bb header_3_text_shadow_blur_strength_tablet=\u00bb1px\u00bb header_4_text_shadow_horizontal_length_tablet=\u00bb0px\u00bb header_4_text_shadow_vertical_length_tablet=\u00bb0px\u00bb header_4_text_shadow_blur_strength_tablet=\u00bb1px\u00bb header_5_text_shadow_horizontal_length_tablet=\u00bb0px\u00bb header_5_text_shadow_vertical_length_tablet=\u00bb0px\u00bb header_5_text_shadow_blur_strength_tablet=\u00bb1px\u00bb header_6_text_shadow_horizontal_length_tablet=\u00bb0px\u00bb header_6_text_shadow_vertical_length_tablet=\u00bb0px\u00bb header_6_text_shadow_blur_strength_tablet=\u00bb1px\u00bb box_shadow_horizontal_tablet=\u00bb0px\u00bb box_shadow_vertical_tablet=\u00bb0px\u00bb box_shadow_blur_tablet=\u00bb40px\u00bb box_shadow_spread_tablet=\u00bb0px\u00bb global_colors_info=\u00bb{}\u00bb]<\/p>\n<h2>Distribuidores<\/h2>\n<p>[\/et_pb_text][et_pb_text admin_label=\u00bbParagraph\u00bb _builder_version=\u00bb4.27.4&#8243; text_font_size=\u00bb18px\u00bb text_line_height=\u00bb2em\u00bb header_2_font=\u00bbRaleway|700|||||||\u00bb header_2_font_size=\u00bb50px\u00bb header_2_line_height=\u00bb1.4em\u00bb header_6_font=\u00bbRaleway|700||on|||||\u00bb header_6_font_size=\u00bb16px\u00bb header_6_letter_spacing=\u00bb5px\u00bb header_6_line_height=\u00bb1.8em\u00bb vertical_offset_tablet=\u00bb0&#8243; horizontal_offset_tablet=\u00bb0&#8243; text_orientation=\u00bbjustified\u00bb max_width=\u00bb700px\u00bb module_alignment=\u00bbcenter\u00bb custom_margin=\u00bb0px||||false|false\u00bb custom_padding=\u00bb0px||||false|false\u00bb hover_enabled=\u00bb0&#8243; header_2_font_size_tablet=\u00bb35px\u00bb header_2_font_size_phone=\u00bb25px\u00bb header_2_font_size_last_edited=\u00bbon|phone\u00bb z_index_tablet=\u00bb0&#8243; text_orientation_tablet=\u00bb\u00bb text_orientation_phone=\u00bbleft\u00bb text_orientation_last_edited=\u00bbon|desktop\u00bb text_text_shadow_horizontal_length_tablet=\u00bb0px\u00bb text_text_shadow_vertical_length_tablet=\u00bb0px\u00bb text_text_shadow_blur_strength_tablet=\u00bb1px\u00bb link_text_shadow_horizontal_length_tablet=\u00bb0px\u00bb link_text_shadow_vertical_length_tablet=\u00bb0px\u00bb link_text_shadow_blur_strength_tablet=\u00bb1px\u00bb ul_text_shadow_horizontal_length_tablet=\u00bb0px\u00bb ul_text_shadow_vertical_length_tablet=\u00bb0px\u00bb ul_text_shadow_blur_strength_tablet=\u00bb1px\u00bb ol_text_shadow_horizontal_length_tablet=\u00bb0px\u00bb ol_text_shadow_vertical_length_tablet=\u00bb0px\u00bb ol_text_shadow_blur_strength_tablet=\u00bb1px\u00bb quote_text_shadow_horizontal_length_tablet=\u00bb0px\u00bb quote_text_shadow_vertical_length_tablet=\u00bb0px\u00bb quote_text_shadow_blur_strength_tablet=\u00bb1px\u00bb header_text_shadow_horizontal_length_tablet=\u00bb0px\u00bb header_text_shadow_vertical_length_tablet=\u00bb0px\u00bb header_text_shadow_blur_strength_tablet=\u00bb1px\u00bb header_2_text_shadow_horizontal_length_tablet=\u00bb0px\u00bb header_2_text_shadow_vertical_length_tablet=\u00bb0px\u00bb header_2_text_shadow_blur_strength_tablet=\u00bb1px\u00bb header_3_text_shadow_horizontal_length_tablet=\u00bb0px\u00bb header_3_text_shadow_vertical_length_tablet=\u00bb0px\u00bb header_3_text_shadow_blur_strength_tablet=\u00bb1px\u00bb header_4_text_shadow_horizontal_length_tablet=\u00bb0px\u00bb header_4_text_shadow_vertical_length_tablet=\u00bb0px\u00bb header_4_text_shadow_blur_strength_tablet=\u00bb1px\u00bb header_5_text_shadow_horizontal_length_tablet=\u00bb0px\u00bb header_5_text_shadow_vertical_length_tablet=\u00bb0px\u00bb header_5_text_shadow_blur_strength_tablet=\u00bb1px\u00bb header_6_text_shadow_horizontal_length_tablet=\u00bb0px\u00bb header_6_text_shadow_vertical_length_tablet=\u00bb0px\u00bb header_6_text_shadow_blur_strength_tablet=\u00bb1px\u00bb box_shadow_horizontal_tablet=\u00bb0px\u00bb box_shadow_vertical_tablet=\u00bb0px\u00bb box_shadow_blur_tablet=\u00bb40px\u00bb box_shadow_spread_tablet=\u00bb0px\u00bb global_colors_info=\u00bb{}\u00bb sticky_enabled=\u00bb0&#8243;]<\/p>\n<h3>Austria<\/h3>\n<p><strong>Antec Scientific<\/strong><br \/>T: +49 15 2900 11933<br \/>T: +31 (0)172 268 888 (HQ)<br \/>E: <a href=\"mailto:info.austria@antecscientific.com\">info.austria@antecscientific.com<\/a><br \/>W: <a href=\"http:\/\/www.antecscientific.com\" target=\"_blank\" rel=\"noopener noreferrer\">www.antecscientific.com<\/a><\/p>\n<hr size=\"1\">\n<h3>B\u00e9lgica<\/h3>\n<p><strong>Antec Scientific<\/strong><br \/>T: +31 (0)172 268 888 (HQ)<br \/>E: <a href=\"mailto:info@antecscientific.com\">info@antecscientific.com<\/a><br \/>W: <a href=\"http:\/\/www.antecscientific.com\" target=\"_blank\" rel=\"noopener noreferrer\">www.antecscientific.com<\/a><\/p>\n<hr size=\"1\">\n<h3>Bosnia y Herzegovina<\/h3>\n<p><strong>BIA d.o.o.<\/strong><br \/>T: +386 1 426 45 88<br \/>E: <a href=\"mailto:sales@bia.si\">sales@bia.si<\/a><br \/>W: <a href=\"http:\/\/www.bia.si\" target=\"_blank\" rel=\"noopener noreferrer\">www.bia.si<\/a><\/p>\n<hr size=\"1\">\n<h3>Bulgaria<\/h3>\n<p><strong>Chromtek Ltd.<\/strong><br \/>T: +359 899 366651<br \/>E: <a href=\"mailto:sales@chromtek.bg\">sales@chromtek.bg<\/a><br \/>W: <a href=\"http:\/\/www.chromtek.bg\" target=\"_blank\" rel=\"noopener noreferrer\">www.chromtek.bg<\/a><\/p>\n<hr size=\"1\">\n<h3>Croacia<\/h3>\n<p><strong>BIA d.o.o.<\/strong><br \/>T: +386 1 426 45 88<br \/>E: <a href=\"mailto:sales@bia.si\">sales@bia.si<\/a><br \/>W: <a href=\"http:\/\/www.bia.si\" target=\"_blank\" rel=\"noopener noreferrer\">www.bia.si<\/a><\/p>\n<hr size=\"1\">\n<h3>Rep\u00fablica Checa<\/h3>\n<p><strong>Watrex Praha, s.r.o.<\/strong><br \/>T: +420 226 203 500<br \/>E: <a href=\"mailto:watrex@watrex.com\">watrex@watrex.com<\/a><br \/>W: <a href=\"https:\/\/watrex.com\" target=\"_blank\" rel=\"noopener noreferrer\">www.watrex.com<\/a><\/p>\n<hr size=\"1\">\n<h3>Dinamarca<\/h3>\n<p><strong>MD Scientific ApS<\/strong><br \/>T: +45 7027 8565<br \/>E: <a href=\"mailto:info@md-scientific.dk\">info@md-scientific.dk<\/a><br \/>W: <a href=\"http:\/\/www.md-scientific.dk\" target=\"_blank\" rel=\"noopener noreferrer\">www.md-scientific.dk<\/a><\/p>\n<hr size=\"1\">\n<h3>Estonia<\/h3>\n<p><strong>Ordior Eesti<\/strong><br \/>T: +372 7307833<br \/>E: <a href=\"mailto:info@ordioreesti.ee\">info@ordioreesti.ee<\/a><br \/>W: <a href=\"http:\/\/www.ordioreesti.ee\" target=\"_blank\" rel=\"noopener noreferrer\">www.ordioreesti.ee<\/a><\/p>\n<hr size=\"1\">\n<h3>Finlandia<\/h3>\n<p><strong>Berner Oy<\/strong><br \/>T: +358 (0)20 690 761<br \/>E: <a href=\"mailto:pro.huolto@berner.fi\">pro.huolto@berner.fi<\/a><br \/>W: <a href=\"http:\/\/www.berner.fi\/pro\" target=\"_blank\" rel=\"noopener noreferrer\">www.berner.fi\/pro<\/a><\/p>\n<hr size=\"1\">\n<h3>Alemania<\/h3>\n<p><strong>Antec Scientific<\/strong><br \/>T: +49 15 2900 11933<br \/>T: +31 (0)172 268 888 (HQ)<br \/>E: <a href=\"mailto:info.germany@antecscientific.com\">info.germany@antecscientific.com<\/a><br \/>W: <a href=\"http:\/\/www.antecscientific.com\" target=\"_blank\" rel=\"noopener noreferrer\">www.antecscientific.com<\/a><\/p>\n<hr size=\"1\">\n<h3>Grecia<\/h3>\n<p><strong>N. ASTERIADIS S.A.<\/strong><br \/>T: +30 2310 260 331<br \/>E: <a href=\"mailto:info@asteriadis.gr\">info@asteriadis.gr<\/a><br \/>W: <a href=\"http:\/\/www.asteriadis.gr\" target=\"_blank\" rel=\"noopener noreferrer\">www.asteriadis.gr<\/a><\/p>\n<hr size=\"1\">\n<h3>Hungr\u00eda<\/h3>\n<p><strong>ABL&amp;E &#8211; JASCO Hungary Ltd.<\/strong><br \/>T: +36 1 209 3538<br \/>E: <a href=\"mailto:info@ablelab.com\">info@ablelab.com<\/a><br \/>W: <a href=\"http:\/\/www.ablelab.com\" target=\"_blank\" rel=\"noopener noreferrer\">www.ablelab.com<\/a><\/p>\n<hr size=\"1\">\n<h3>Irlanda<\/h3>\n<p><strong>Verulam Scientific Ltd.<\/strong><br \/>T: +44 (0) 1234 381000<br \/>E: <a href=\"mailto:enquiries@verulamscientific.com\">enquiries@verulamscientific.com<\/a><br \/>W: <a href=\"http:\/\/www.verulamscientific.com\" target=\"_blank\" rel=\"noopener noreferrer\">www.verulamscientific.com<\/a><\/p>\n<hr size=\"1\">\n<h3>Italia<\/h3>\n<p><strong>Alfatech S.r.l.<\/strong><br \/>T: +39 010 469 9369<br \/>E: <a href=\"mailto:info@alfatechspa.com\">info@alfatechspa.com<\/a><br \/>W: <a href=\"http:\/\/www.alfatechspa.com\" target=\"_blank\" rel=\"noopener noreferrer\">www.alfatechspa.com<\/a><\/p>\n<hr size=\"1\">\n<h3>Pa\u00edses Bajos<\/h3>\n<p><strong>Antec Scientific<\/strong><br \/>T: +31 (0)172 268 888 (HQ)<br \/>E: <a href=\"mailto:info@antecscientific.com\">info@antecscientific.com<\/a><br \/>W: <a href=\"http:\/\/www.antecscientific.com\" target=\"_blank\" rel=\"noopener noreferrer\">www.antecscientific.com<\/a><\/p>\n<hr size=\"1\">\n<h3>Noruega<\/h3>\n<p><strong>Matriks AS<\/strong><br \/>T: +47 22958562<br \/>E: <a href=\"mailto:post@matriks.no\">post@matriks.no<\/a><br \/>W: <a href=\"http:\/\/www.matriks.no\" target=\"_blank\" rel=\"noopener noreferrer\">www.matriks.no<\/a><\/p>\n<hr size=\"1\">\n<h3>Polonia<\/h3>\n<p><strong>SHIM-POL A.M.BORZYMOWSKI<\/strong><br \/>T: +48 22 7227048<br \/>E: <a href=\"mailto:biuro@shim-pol.pl\">biuro@shim-pol.pl<\/a><br \/>W: <a href=\"http:\/\/www.shim-pol.pl\" target=\"_blank\" rel=\"noopener noreferrer\">www.shim-pol.pl<\/a><\/p>\n<hr size=\"1\">\n<h3>Portugal<\/h3>\n<p><strong>LusoPalex Lda<\/strong><br \/>T: +351 21 434 4740<br \/>E: <a href=\"mailto:info@lusopalex.com\">info@lusopalex.com<\/a><br \/>W: <a href=\"https:\/\/lusopalexlaboratorio.com\/en\/\" target=\"_blank\" rel=\"noopener noreferrer\">www.lusopalexlaboratorio.com<\/a><\/p>\n<hr size=\"1\">\n<h3>Ruman\u00eda<\/h3>\n<p><strong>ABL&amp;E &#8211; JASCO Romania S.R.L<\/strong><br \/>T: +40 264 594 286<br \/>E: <a href=\"mailto:info@ablelab.com\">info@ablelab.com<\/a><br \/>W: <a href=\"http:\/\/www.ablelab.com\" target=\"_blank\" rel=\"noopener noreferrer\">www.ablelab.com<\/a><\/p>\n<hr size=\"1\">\n<h3>Serbia y Montenegro<\/h3>\n<p><strong>ABL&amp;E &#8211; JASCO Hungary Ltd.<\/strong><br \/>T: +36 1 209 3538<br \/>E: <a href=\"mailto:info@ablelab.com\">info@ablelab.com<\/a><br \/>W: <a href=\"http:\/\/www.ablelab.com\" target=\"_blank\" rel=\"noopener noreferrer\">www.ablelab.com<\/a><\/p>\n<hr size=\"1\">\n<h3>Eslovaquia<\/h3>\n<p><strong>Shimadzu Eslovaquia<\/strong><br \/>T: +421 2 48200081-4<br \/>E: <a href=\"mailto:sk@shimadzu.eu\">sk@shimadzu.eu<\/a><br \/>W: <a href=\"https:\/\/www.shimadzu.sk\/home\" target=\"_blank\" rel=\"noopener noreferrer\">www.shimadzu.sk<\/a><\/p>\n<hr size=\"1\">\n<h3>Eslovenia<\/h3>\n<p><strong>BIA d.o.o.<\/strong><br \/>T: +386 1 426 45 88<br \/>E: <a href=\"mailto:sales@bia.si\">sales@bia.si<\/a><br \/>W: <a href=\"http:\/\/www.bia.si\" target=\"_blank\" rel=\"noopener noreferrer\">www.bia.si<\/a><\/p>\n<hr size=\"1\">\n<h3>Espa\u00f1a<\/h3>\n<p><strong>Ingenieria Analitica s.l.<\/strong><br \/>T: +34 93 590 2850<br \/>E: <a href=\"mailto:inf@ingenieria-analitica.com\">inf@ingenieria-analitica.com<\/a><br \/>W: <a href=\"http:\/\/www.ingenieria-analitica.com\" target=\"_blank\" rel=\"noopener noreferrer\">www.ingenieria-analitica.com<\/a><\/p>\n<hr size=\"1\">\n<h3>Suiza<\/h3>\n<p><strong>Antec Scientific<\/strong><br \/>T: +49 15 2900 11933<br \/>T: +31 (0)172 268 888 (HQ)<br \/>E: <a href=\"mailto:info.swiss@antecscientific.com\">info.swiss@antecscientific.com<\/a><br \/>W: <a href=\"http:\/\/www.antecscientific.com\" target=\"_blank\" rel=\"noopener noreferrer\">www.antecscientific.com<\/a><\/p>\n<hr size=\"1\">\n<h3>Turqu\u00eda<\/h3>\n<p><strong>Terralab Laboratuvar Malzemeleri San. Tic. A.S.  <\/strong><br \/>E: <a href=\"mailto:info@terralab.com.tr\">info@terralab.com.tr<\/a><br \/>W: <a href=\"https:\/\/www.terralab.com.tr\">https:\/\/www.terralab.com.tr<\/a><\/p>\n<p>\u00dcmit Mahallesi 2544. Sokak No:9 \u00dcmitk\u00f6y<br \/>06810 \u00c7ankaya \/ ANKARA<br \/>+90 (312) 472 73 96 <\/p>\n<p>y<\/p>\n<p>Esentepe Mh. E5 Karayolu D100 G\u00fcney Yanyolu<br \/>So\u011fanl\u0131k Sapa\u011f\u0131 25\/1036<br \/>34870 Kartal \/ \u0130STANBUL<br \/>+90 (216) 327 52 70 <\/p>\n<hr size=\"1\">\n<h3>Reino Unido<\/h3>\n<p><strong>Verulam Scientific Ltd.<\/strong><br \/>T: +44 (0) 1234 381000<br \/>E: <a href=\"mailto:enquiries@verulamscientific.com\">enquiries@verulamscientific.com<\/a><br \/>W: <a href=\"http:\/\/www.verulamscientific.com\" target=\"_blank\" rel=\"noopener noreferrer\">www.verulamscientific.com<\/a><\/p>\n<p>[\/et_pb_text][\/et_pb_column][et_pb_column type=\u00bb1_3&#8243; _builder_version=\u00bb4.16&#8243; custom_padding=\u00bb5%|5%|||false|false\u00bb global_colors_info=\u00bb{}\u00bb custom_padding__hover=\u00bb|||\u00bb][\/et_pb_column][\/et_pb_row][\/et_pb_section]<\/p>\n","protected":false},"excerpt":{"rendered":"<p>Distribuidores de Antec Scientific en Europa<\/p>\n","protected":false},"author":3,"featured_media":0,"parent":15375,"menu_order":0,"comment_status":"closed","ping_status":"closed","template":"","meta":{"_et_pb_use_builder":"on","_et_pb_old_content":"","_et_gb_content_width":"","footnotes":""},"class_list":["post-15205","page","type-page","status-publish","hentry"],"yoast_head":"<!-- This site is optimized with the Yoast SEO plugin v27.4 - https:\/\/yoast.com\/product\/yoast-seo-wordpress\/ -->\n<title>Europa - Antec Scientific<\/title>\n<meta name=\"description\" content=\"Distribuidores de Antec Scientific en Europa\" \/>\n<meta name=\"robots\" content=\"index, follow, max-snippet:-1, max-image-preview:large, max-video-preview:-1\" \/>\n<link rel=\"canonical\" href=\"https:\/\/antecscientific.com\/es\/acerca-de\/contacte-con\/europa\/\" \/>\n<meta property=\"og:locale\" content=\"es_ES\" \/>\n<meta property=\"og:type\" content=\"article\" \/>\n<meta property=\"og:title\" content=\"Europa - Antec Scientific\" \/>\n<meta property=\"og:description\" content=\"Distribuidores de Antec Scientific en Europa\" \/>\n<meta property=\"og:url\" content=\"https:\/\/antecscientific.com\/es\/acerca-de\/contacte-con\/europa\/\" \/>\n<meta property=\"og:site_name\" content=\"Antec Scientific\" \/>\n<meta property=\"article:modified_time\" content=\"2025-12-04T13:13:00+00:00\" \/>\n<meta name=\"twitter:card\" content=\"summary_large_image\" \/>\n<meta name=\"twitter:label1\" content=\"Tiempo de lectura\" \/>\n\t<meta name=\"twitter:data1\" content=\"7 minutos\" \/>\n<script type=\"application\/ld+json\" class=\"yoast-schema-graph\">{\"@context\":\"https:\\\/\\\/schema.org\",\"@graph\":[{\"@type\":\"WebPage\",\"@id\":\"https:\\\/\\\/antecscientific.com\\\/es\\\/acerca-de\\\/contacte-con\\\/europa\\\/\",\"url\":\"https:\\\/\\\/antecscientific.com\\\/es\\\/acerca-de\\\/contacte-con\\\/europa\\\/\",\"name\":\"Europa - Antec Scientific\",\"isPartOf\":{\"@id\":\"https:\\\/\\\/antecscientific.com\\\/es\\\/#website\"},\"datePublished\":\"2020-09-05T08:50:45+00:00\",\"dateModified\":\"2025-12-04T13:13:00+00:00\",\"description\":\"Distribuidores de Antec Scientific en Europa\",\"breadcrumb\":{\"@id\":\"https:\\\/\\\/antecscientific.com\\\/es\\\/acerca-de\\\/contacte-con\\\/europa\\\/#breadcrumb\"},\"inLanguage\":\"es\",\"potentialAction\":[{\"@type\":\"ReadAction\",\"target\":[\"https:\\\/\\\/antecscientific.com\\\/es\\\/acerca-de\\\/contacte-con\\\/europa\\\/\"]}]},{\"@type\":\"BreadcrumbList\",\"@id\":\"https:\\\/\\\/antecscientific.com\\\/es\\\/acerca-de\\\/contacte-con\\\/europa\\\/#breadcrumb\",\"itemListElement\":[{\"@type\":\"ListItem\",\"position\":1,\"name\":\"Acerca de\",\"item\":\"https:\\\/\\\/antecscientific.com\\\/es\\\/acerca-de\\\/\"},{\"@type\":\"ListItem\",\"position\":2,\"name\":\"Contacte con\",\"item\":\"https:\\\/\\\/antecscientific.com\\\/es\\\/acerca-de\\\/contacte-con\\\/\"},{\"@type\":\"ListItem\",\"position\":3,\"name\":\"Europa\"}]},{\"@type\":\"WebSite\",\"@id\":\"https:\\\/\\\/antecscientific.com\\\/es\\\/#website\",\"url\":\"https:\\\/\\\/antecscientific.com\\\/es\\\/\",\"name\":\"Antec Scientific\",\"description\":\"Supporting research to improve quality of life\",\"potentialAction\":[{\"@type\":\"SearchAction\",\"target\":{\"@type\":\"EntryPoint\",\"urlTemplate\":\"https:\\\/\\\/antecscientific.com\\\/es\\\/?s={search_term_string}\"},\"query-input\":{\"@type\":\"PropertyValueSpecification\",\"valueRequired\":true,\"valueName\":\"search_term_string\"}}],\"inLanguage\":\"es\"}]}<\/script>\n<!-- \/ Yoast SEO plugin. -->","yoast_head_json":{"title":"Europa - Antec Scientific","description":"Distribuidores de Antec Scientific en Europa","robots":{"index":"index","follow":"follow","max-snippet":"max-snippet:-1","max-image-preview":"max-image-preview:large","max-video-preview":"max-video-preview:-1"},"canonical":"https:\/\/antecscientific.com\/es\/acerca-de\/contacte-con\/europa\/","og_locale":"es_ES","og_type":"article","og_title":"Europa - Antec Scientific","og_description":"Distribuidores de Antec Scientific en Europa","og_url":"https:\/\/antecscientific.com\/es\/acerca-de\/contacte-con\/europa\/","og_site_name":"Antec Scientific","article_modified_time":"2025-12-04T13:13:00+00:00","twitter_card":"summary_large_image","twitter_misc":{"Tiempo de lectura":"7 minutos"},"schema":{"@context":"https:\/\/schema.org","@graph":[{"@type":"WebPage","@id":"https:\/\/antecscientific.com\/es\/acerca-de\/contacte-con\/europa\/","url":"https:\/\/antecscientific.com\/es\/acerca-de\/contacte-con\/europa\/","name":"Europa - Antec Scientific","isPartOf":{"@id":"https:\/\/antecscientific.com\/es\/#website"},"datePublished":"2020-09-05T08:50:45+00:00","dateModified":"2025-12-04T13:13:00+00:00","description":"Distribuidores de Antec Scientific en Europa","breadcrumb":{"@id":"https:\/\/antecscientific.com\/es\/acerca-de\/contacte-con\/europa\/#breadcrumb"},"inLanguage":"es","potentialAction":[{"@type":"ReadAction","target":["https:\/\/antecscientific.com\/es\/acerca-de\/contacte-con\/europa\/"]}]},{"@type":"BreadcrumbList","@id":"https:\/\/antecscientific.com\/es\/acerca-de\/contacte-con\/europa\/#breadcrumb","itemListElement":[{"@type":"ListItem","position":1,"name":"Acerca de","item":"https:\/\/antecscientific.com\/es\/acerca-de\/"},{"@type":"ListItem","position":2,"name":"Contacte con","item":"https:\/\/antecscientific.com\/es\/acerca-de\/contacte-con\/"},{"@type":"ListItem","position":3,"name":"Europa"}]},{"@type":"WebSite","@id":"https:\/\/antecscientific.com\/es\/#website","url":"https:\/\/antecscientific.com\/es\/","name":"Antec Scientific","description":"Supporting research to improve quality of life","potentialAction":[{"@type":"SearchAction","target":{"@type":"EntryPoint","urlTemplate":"https:\/\/antecscientific.com\/es\/?s={search_term_string}"},"query-input":{"@type":"PropertyValueSpecification","valueRequired":true,"valueName":"search_term_string"}}],"inLanguage":"es"}]}},"_links":{"self":[{"href":"https:\/\/antecscientific.com\/es\/wp-json\/wp\/v2\/pages\/15205","targetHints":{"allow":["GET"]}}],"collection":[{"href":"https:\/\/antecscientific.com\/es\/wp-json\/wp\/v2\/pages"}],"about":[{"href":"https:\/\/antecscientific.com\/es\/wp-json\/wp\/v2\/types\/page"}],"author":[{"embeddable":true,"href":"https:\/\/antecscientific.com\/es\/wp-json\/wp\/v2\/users\/3"}],"replies":[{"embeddable":true,"href":"https:\/\/antecscientific.com\/es\/wp-json\/wp\/v2\/comments?post=15205"}],"version-history":[{"count":29,"href":"https:\/\/antecscientific.com\/es\/wp-json\/wp\/v2\/pages\/15205\/revisions"}],"predecessor-version":[{"id":34917,"href":"https:\/\/antecscientific.com\/es\/wp-json\/wp\/v2\/pages\/15205\/revisions\/34917"}],"up":[{"embeddable":true,"href":"https:\/\/antecscientific.com\/es\/wp-json\/wp\/v2\/pages\/15375"}],"wp:attachment":[{"href":"https:\/\/antecscientific.com\/es\/wp-json\/wp\/v2\/media?parent=15205"}],"curies":[{"name":"wp","href":"https:\/\/api.w.org\/{rel}","templated":true}]}}