{"id":15195,"date":"2020-11-30T10:15:47","date_gmt":"2020-11-30T10:15:47","guid":{"rendered":"https:\/\/antecscientific.com\/condiciones-de-uso\/"},"modified":"2023-01-09T12:33:31","modified_gmt":"2023-01-09T12:33:31","slug":"condiciones-de-uso","status":"publish","type":"page","link":"https:\/\/antecscientific.com\/es\/condiciones-de-uso\/","title":{"rendered":"Condiciones de uso"},"content":{"rendered":"<p>[et_pb_section fb_built=\u00bb1&#8243; admin_label=\u00bbHeader\u00bb _builder_version=\u00bb4.6.6&#8243; background_image=\u00bbhttps:\/\/antecscientific.com\/wp-content\/uploads\/2020\/11\/distribution1.jpg\u00bb parallax=\u00bbon\u00bb custom_padding=\u00bb2vw|0px|200px|0px|false|false\u00bb collapsed=\u00bbon\u00bb][et_pb_row _builder_version=\u00bb3.25&#8243;][et_pb_column type=\u00bb4_4&#8243; _builder_version=\u00bb3.25&#8243; custom_padding=\u00bb|||\u00bb custom_padding__hover=\u00bb|||\u00bb][et_pb_text admin_label=\u00bbBreadcrumbs (don&#8217;t touch)\u00bb _builder_version=\u00bb4.4.8&#8243; text_font=\u00bb|700|||||||\u00bb text_text_color=\u00bb#ffffff\u00bb text_font_size=\u00bb15px\u00bb link_font=\u00bb|700|||||||\u00bb link_text_color=\u00bb#ffffff\u00bb link_font_size=\u00bb15px\u00bb][\/et_pb_text][et_pb_text admin_label=\u00bbBig page title (don&#8217;t touch)\u00bb _builder_version=\u00bb4.5.6&#8243; _dynamic_attributes=\u00bbcontent\u00bb text_font=\u00bb||||||||\u00bb header_font=\u00bb|700|||||||\u00bb header_text_color=\u00bb#ffffff\u00bb header_font_size=\u00bb80px\u00bb header_line_height=\u00bb1.2em\u00bb header_5_font=\u00bbRaleway|700||on|||||\u00bb header_5_text_color=\u00bb#000000&#8243; header_5_font_size=\u00bb20px\u00bb header_5_letter_spacing=\u00bb0.5em\u00bb header_5_line_height=\u00bb1.8em\u00bb animation_style=\u00bbzoom\u00bb animation_intensity_zoom=\u00bb5%\u00bb header_font_size_tablet=\u00bb48px\u00bb header_font_size_phone=\u00bb32px\u00bb header_font_size_last_edited=\u00bbon|phone\u00bb header_5_font_size_tablet=\u00bb14px\u00bb header_5_font_size_phone=\u00bb12px\u00bb header_5_font_size_last_edited=\u00bbon|desktop\u00bb]@ET-DC@eyJkeW5hbWljIjp0cnVlLCJjb250ZW50IjoicG9zdF90aXRsZSIsInNldHRpbmdzIjp7ImJlZm9yZSI6IjxoMT4iLCJhZnRlciI6IjxcL2gxPiJ9fQ==@[\/et_pb_text][\/et_pb_column][\/et_pb_row][\/et_pb_section][et_pb_section fb_built=\u00bb1&#8243; admin_label=\u00bbContent\u00bb _builder_version=\u00bb4.4.8&#8243; background_color=\u00bb#ffffff\u00bb max_width=\u00bb90%\u00bb max_width_tablet=\u00bb\u00bb max_width_phone=\u00bb100%\u00bb max_width_last_edited=\u00bbon|phone\u00bb custom_margin=\u00bb-160px||0px||false|false\u00bb custom_padding=\u00bb||0px||false|false\u00bb border_color_all=\u00bb#ffffff\u00bb border_width_left=\u00bb10vw\u00bb][et_pb_row column_structure=\u00bb2_3,1_3&#8243; custom_padding_last_edited=\u00bbon|phone\u00bb _builder_version=\u00bb4.5.6&#8243; width=\u00bbauto\u00bb max_width=\u00bbnone\u00bb custom_padding=\u00bb27px|0|27px|0px|false|false\u00bb custom_padding_tablet=\u00bb|0px||0px||true\u00bb custom_padding_phone=\u00bb|10%||0px|false|false\u00bb][et_pb_column type=\u00bb2_3&#8243; _builder_version=\u00bb3.25&#8243; custom_padding=\u00bb|||\u00bb custom_padding__hover=\u00bb|||\u00bb][et_pb_text admin_label=\u00bbSubtitle\u00bb _builder_version=\u00bb4.7.4&#8243; text_font=\u00bb||||||||\u00bb text_font_size=\u00bb16px\u00bb text_line_height=\u00bb2em\u00bb header_font=\u00bb||||||||\u00bb header_2_font=\u00bb|600||on|||||\u00bb header_2_text_color=\u00bb#df0834&#8243; header_2_font_size=\u00bb20px\u00bb header_2_line_height=\u00bb1.4em\u00bb header_6_font=\u00bb|700||on|||||\u00bb header_6_font_size=\u00bb16px\u00bb header_6_letter_spacing=\u00bb5px\u00bb header_6_line_height=\u00bb1.8em\u00bb max_width=\u00bb700px\u00bb module_alignment=\u00bbcenter\u00bb custom_margin=\u00bb||0px||false|false\u00bb custom_padding=\u00bb||0px||false|false\u00bb header_2_font_size_tablet=\u00bb25px\u00bb header_2_font_size_phone=\u00bb25px\u00bb header_2_font_size_last_edited=\u00bbon|phone\u00bb]<\/p>\n<h2>Condiciones de uso<\/h2>\n<p>[\/et_pb_text][et_pb_text admin_label=\u00bbParagraph\u00bb _builder_version=\u00bb4.7.4&#8243; text_font=\u00bb||||||||\u00bb text_font_size=\u00bb18px\u00bb text_line_height=\u00bb2em\u00bb header_font=\u00bb||||||||\u00bb header_2_font=\u00bbRaleway|700|||||||\u00bb header_2_font_size=\u00bb50px\u00bb header_2_line_height=\u00bb1.4em\u00bb header_6_font=\u00bbRaleway|700||on|||||\u00bb header_6_font_size=\u00bb16px\u00bb header_6_letter_spacing=\u00bb5px\u00bb header_6_line_height=\u00bb1.8em\u00bb text_orientation=\u00bbjustified\u00bb max_width=\u00bb700px\u00bb module_alignment=\u00bbcenter\u00bb custom_margin=\u00bb0px||||false|false\u00bb custom_padding=\u00bb0px||||false|false\u00bb header_2_font_size_tablet=\u00bb35px\u00bb header_2_font_size_phone=\u00bb25px\u00bb header_2_font_size_last_edited=\u00bbon|phone\u00bb text_orientation_tablet=\u00bb\u00bb text_orientation_phone=\u00bbleft\u00bb text_orientation_last_edited=\u00bbon|desktop\u00bb]<\/p>\n<p>El uso de este sitio web (\u00abSitio\u00bb) est\u00e1 sujeto a las presentes condiciones de uso (\u00abCondiciones\u00bb). Lea atentamente estas Condiciones; si no las acepta, no utilice este sitio web de Antec Leyden BV (\u00abAntec Scientific\u00bb). El uso de este sitio web indica que usted acepta estas Condiciones.<\/p>\n<p><strong>Informaci\u00f3n de identificaci\u00f3n personal.<\/strong>  Cuando se registre a trav\u00e9s de este Sitio, se le pedir\u00e1 que proporcione informaci\u00f3n de contacto que le identifique personalmente (por ejemplo, nombre, organizaci\u00f3n, direcci\u00f3n de correo electr\u00f3nico, etc.) y otros datos. S\u00f3lo con su consentimiento, utilizamos la informaci\u00f3n de contacto obtenida a trav\u00e9s de este Sitio para enviar correo electr\u00f3nico y correo postal a los clientes con la informaci\u00f3n m\u00e1s reciente sobre productos y servicios, as\u00ed como otra informaci\u00f3n que creemos que puede ser \u00fatil para usted.<\/p>\n<p><strong>Terceros<\/strong>. Podemos compartir informaci\u00f3n sobre usted con empleados, afiliados, sucesores y agentes, representantes o distribuidores, que est\u00e1n obligados a tratar la informaci\u00f3n de acuerdo con nuestras Condiciones. Excepto en los casos descritos espec\u00edficamente en estas Condiciones, no venderemos, comercializaremos ni transferiremos su informaci\u00f3n a terceros no afiliados, salvo a terceros autorizados (como, por ejemplo, contratistas que prestan apoyo al funcionamiento de este Sitio) y a otros implicados en la cadena de distribuci\u00f3n del comercio electr\u00f3nico (por ejemplo, vendedores, proveedores de servicios), que pueden necesitar acceder a parte de su informaci\u00f3n personal. Obligamos a dichos terceros a cumplir nuestras Condiciones, y limitamos su acceso y uso de su informaci\u00f3n personal.<strong> <\/strong><\/p>\n<p><strong>Darse de baja<\/strong>. Si no desea recibir determinadas comunicaciones nuestras, o de nuestras filiales o representantes, puede darse de baja o rechazarlas mediante: (1) rechazando el servicio ofrecido al registrarse o en otros puntos de recogida de informaci\u00f3n del Sitio, o (2) inform\u00e1ndonos de que ya no desea recibir dichas comunicaciones. Si cancela su suscripci\u00f3n a determinadas comunicaciones, es posible que no pueda acceder a algunos de nuestros productos o servicios. Si desea darse de baja de la recepci\u00f3n de comunicaciones de filiales u otros terceros con los que hayamos compartido datos de acuerdo con esta pol\u00edtica, p\u00f3ngase en contacto directamente con dichos terceros.  <strong> <\/strong><\/p>\n<p><strong>Uso del sitio<\/strong>. Antec Scientific le autoriza a ver y descargar los materiales de este Sitio s\u00f3lo para su uso personal y no comercial, siempre que conserve todos los avisos de derechos de autor y otros avisos de propiedad contenidos en los materiales originales en cualquier copia de los materiales. Usted no puede modificar los materiales de este sitio de ninguna manera ni reproducirlos o mostrarlos p\u00fablicamente, ejecutarlos o distribuirlos o utilizarlos de cualquier otro modo con fines p\u00fablicos o comerciales. A los efectos de estas Condiciones, queda prohibido cualquier uso de estos materiales en cualquier otro Sitio o entorno inform\u00e1tico en red para cualquier fin. Los materiales de este sitio est\u00e1n protegidos por derechos de autor y cualquier uso no autorizado de cualquier material de este sitio puede violar los derechos de autor, marcas registradas y otras leyes. Si incumple cualquiera de estas Condiciones, su autorizaci\u00f3n para utilizar este Sitio quedar\u00e1 autom\u00e1ticamente anulada y deber\u00e1 destruir inmediatamente cualquier material descargado o impreso.<\/p>\n<p><strong>Uso del software<\/strong>. Si descarga software de este Sitio (\u00abSoftware\u00bb), el uso del Software est\u00e1 sujeto a los t\u00e9rminos de licencia del Contrato de Licencia de Software que acompa\u00f1a o se proporciona con el Software. No podr\u00e1 descargar ni instalar el Software hasta que haya le\u00eddo y aceptado los t\u00e9rminos del Acuerdo de Licencia del Software.<\/p>\n<p><strong>Env\u00edos de usuarios<\/strong>. Cualquier material, informaci\u00f3n u otra comunicaci\u00f3n que transmita o publique en este Sitio se considerar\u00e1 no confidencial y sin derechos de propiedad (\u00abComunicaciones\u00bb). Antec Scientific no tendr\u00e1 ninguna obligaci\u00f3n con respecto a las Comunicaciones. Antec Scientific y sus designados ser\u00e1n libres de copiar, divulgar, distribuir, incorporar y utilizar de cualquier otro modo las Comunicaciones y todos los datos, im\u00e1genes, sonidos, textos y otros elementos incorporados a las mismas para todos y cada uno de los fines comerciales o no comerciales. Se le proh\u00edbe publicar o transmitir a o desde este Sitio cualquier material ilegal, amenazador, calumnioso, difamatorio, obsceno, pornogr\u00e1fico o de otro tipo que infrinja cualquier ley.<\/p>\n<p><strong>Enlaces a otros sitios web<\/strong>. Los enlaces a sitios web de terceros en este Sitio se proporcionan \u00fanicamente para su comodidad. Si utiliza estos enlaces, abandonar\u00e1 este Sitio. Antec Scientific no ha revisado todos estos sitios de terceros y no controla ni es responsable de ninguno de estos sitios ni de su contenido. Por lo tanto, Antec Scientific no respalda ni hace ninguna declaraci\u00f3n sobre ellos, ni sobre ninguna informaci\u00f3n, software u otros productos o materiales que se encuentren en ellos, ni sobre ning\u00fan resultado que pueda obtenerse de su uso. Si decide acceder a cualquiera de los sitios de terceros vinculados a este Sitio, lo har\u00e1 por su cuenta y riesgo.<\/p>\n<p><strong>Descargo de responsabilidad<\/strong>. LOS MATERIALES PROPORCIONADOS EN ESTE SITIO SE FACILITAN \u00abTAL CUAL\u00bb, SIN GARANT\u00cdAS DE NING\u00daN TIPO, INCLUIDAS LAS GARANT\u00cdAS DE COMERCIABILIDAD, IDONEIDAD PARA UN FIN DETERMINADO O NO INFRACCI\u00d3N DE LA PROPIEDAD INTELECTUAL. Antec Scientific tampoco garantiza la exactitud e integridad de los materiales de este Sitio. Antec Scientific puede realizar cambios en los materiales de este Sitio, o en los productos y precios descritos en ellos, en cualquier momento y sin previo aviso. Los materiales de este Sitio pueden no estar actualizados y Antec Scientific no se compromete a actualizarlos. La informaci\u00f3n publicada en este Sitio puede hacer referencia a productos, programas o servicios que no est\u00e9n disponibles en su pa\u00eds. Consulte a su distribuidor local de Antec Scientific para obtener informaci\u00f3n sobre los productos, programas y servicios que pueden estar a su disposici\u00f3n. Es posible que la legislaci\u00f3n aplicable no permita la exclusi\u00f3n de garant\u00edas impl\u00edcitas, por lo que es posible que la exclusi\u00f3n anterior no se aplique en su caso.<\/p>\n<p><strong>Limitaci\u00f3n de responsabilidad<\/strong>. En ning\u00fan caso Antec Scientific, sus proveedores u otras terceras partes mencionadas en este sitio ser\u00e1n responsables de ning\u00fan da\u00f1o (incluyendo, sin limitaci\u00f3n, los resultantes de la p\u00e9rdida de beneficios, p\u00e9rdida de datos o interrupci\u00f3n del negocio) que surja del uso, incapacidad de uso o los resultados del uso de este sitio, cualquier sitio web vinculado a este sitio o los materiales o informaci\u00f3n contenidos en cualquiera o todos esos sitios, ya sea basado en garant\u00eda, contrato, agravio o cualquier otra teor\u00eda legal y ya sea advertido de la posibilidad de tales da\u00f1os. Si el uso que usted hace de los materiales o la informaci\u00f3n de este sitio da lugar a la necesidad de revisar, reparar o corregir equipos o datos, usted asume todos los costes derivados de ello. Es posible que la legislaci\u00f3n aplicable no permita la exclusi\u00f3n o limitaci\u00f3n de los da\u00f1os incidentales o consecuentes, por lo que es posible que la limitaci\u00f3n o exclusi\u00f3n anterior no se aplique en su caso.<\/p>\n<p><strong>General<\/strong>. Antec Scientific puede revisar estas Condiciones en cualquier momento actualizando esta publicaci\u00f3n. Debe visitar esta p\u00e1gina de vez en cuando para revisar las Condiciones vigentes en ese momento, ya que son vinculantes para usted. Ciertas disposiciones de estas Condiciones pueden ser sustituidas por avisos legales o condiciones expresamente designados y ubicados en p\u00e1ginas concretas de este Sitio. Nota: Cualquier persona que enlace con el sitio web de Antec Scientific debe cumplir las Directrices para enlazar con el sitio web de Antec Scientific y todas las leyes aplicables.<\/p>\n<p>&nbsp;<\/p>\n<p>&nbsp;<\/p>\n<p>[\/et_pb_text][\/et_pb_column][et_pb_column type=\u00bb1_3&#8243; _builder_version=\u00bb3.25&#8243; custom_padding=\u00bb|||\u00bb custom_padding__hover=\u00bb|||\u00bb][\/et_pb_column][\/et_pb_row][\/et_pb_section]<\/p>\n","protected":false},"excerpt":{"rendered":"<p>Condiciones de uso de este sitio web y declaraci\u00f3n de privacidad.<\/p>\n","protected":false},"author":3,"featured_media":0,"parent":0,"menu_order":0,"comment_status":"closed","ping_status":"closed","template":"","meta":{"_et_pb_use_builder":"on","_et_pb_old_content":"","_et_gb_content_width":"","footnotes":""},"class_list":["post-15195","page","type-page","status-publish","hentry"],"yoast_head":"<!-- This site is optimized with the Yoast SEO plugin v27.4 - https:\/\/yoast.com\/product\/yoast-seo-wordpress\/ -->\n<title>Condiciones de uso - Antec Scientific<\/title>\n<meta name=\"description\" content=\"Condiciones de uso de este sitio web y declaraci\u00f3n de privacidad.\" \/>\n<meta name=\"robots\" content=\"index, follow, max-snippet:-1, max-image-preview:large, max-video-preview:-1\" \/>\n<link rel=\"canonical\" href=\"https:\/\/antecscientific.com\/es\/condiciones-de-uso\/\" \/>\n<meta property=\"og:locale\" content=\"es_ES\" \/>\n<meta property=\"og:type\" content=\"article\" \/>\n<meta property=\"og:title\" content=\"Condiciones de uso - Antec Scientific\" \/>\n<meta property=\"og:description\" content=\"Condiciones de uso de este sitio web y declaraci\u00f3n de privacidad.\" \/>\n<meta property=\"og:url\" content=\"https:\/\/antecscientific.com\/es\/condiciones-de-uso\/\" \/>\n<meta property=\"og:site_name\" content=\"Antec Scientific\" \/>\n<meta property=\"article:modified_time\" content=\"2023-01-09T12:33:31+00:00\" \/>\n<meta name=\"twitter:card\" content=\"summary_large_image\" \/>\n<meta name=\"twitter:label1\" content=\"Tiempo de lectura\" \/>\n\t<meta name=\"twitter:data1\" content=\"9 minutos\" \/>\n<script type=\"application\/ld+json\" class=\"yoast-schema-graph\">{\"@context\":\"https:\\\/\\\/schema.org\",\"@graph\":[{\"@type\":\"WebPage\",\"@id\":\"https:\\\/\\\/antecscientific.com\\\/es\\\/condiciones-de-uso\\\/\",\"url\":\"https:\\\/\\\/antecscientific.com\\\/es\\\/condiciones-de-uso\\\/\",\"name\":\"Condiciones de uso - Antec Scientific\",\"isPartOf\":{\"@id\":\"https:\\\/\\\/antecscientific.com\\\/es\\\/#website\"},\"datePublished\":\"2020-11-30T10:15:47+00:00\",\"dateModified\":\"2023-01-09T12:33:31+00:00\",\"description\":\"Condiciones de uso de este sitio web y declaraci\u00f3n de privacidad.\",\"inLanguage\":\"es\",\"potentialAction\":[{\"@type\":\"ReadAction\",\"target\":[\"https:\\\/\\\/antecscientific.com\\\/es\\\/condiciones-de-uso\\\/\"]}]},{\"@type\":\"WebSite\",\"@id\":\"https:\\\/\\\/antecscientific.com\\\/es\\\/#website\",\"url\":\"https:\\\/\\\/antecscientific.com\\\/es\\\/\",\"name\":\"Antec Scientific\",\"description\":\"Supporting research to improve quality of life\",\"potentialAction\":[{\"@type\":\"SearchAction\",\"target\":{\"@type\":\"EntryPoint\",\"urlTemplate\":\"https:\\\/\\\/antecscientific.com\\\/es\\\/?s={search_term_string}\"},\"query-input\":{\"@type\":\"PropertyValueSpecification\",\"valueRequired\":true,\"valueName\":\"search_term_string\"}}],\"inLanguage\":\"es\"}]}<\/script>\n<!-- \/ Yoast SEO plugin. -->","yoast_head_json":{"title":"Condiciones de uso - Antec Scientific","description":"Condiciones de uso de este sitio web y declaraci\u00f3n de privacidad.","robots":{"index":"index","follow":"follow","max-snippet":"max-snippet:-1","max-image-preview":"max-image-preview:large","max-video-preview":"max-video-preview:-1"},"canonical":"https:\/\/antecscientific.com\/es\/condiciones-de-uso\/","og_locale":"es_ES","og_type":"article","og_title":"Condiciones de uso - Antec Scientific","og_description":"Condiciones de uso de este sitio web y declaraci\u00f3n de privacidad.","og_url":"https:\/\/antecscientific.com\/es\/condiciones-de-uso\/","og_site_name":"Antec Scientific","article_modified_time":"2023-01-09T12:33:31+00:00","twitter_card":"summary_large_image","twitter_misc":{"Tiempo de lectura":"9 minutos"},"schema":{"@context":"https:\/\/schema.org","@graph":[{"@type":"WebPage","@id":"https:\/\/antecscientific.com\/es\/condiciones-de-uso\/","url":"https:\/\/antecscientific.com\/es\/condiciones-de-uso\/","name":"Condiciones de uso - Antec Scientific","isPartOf":{"@id":"https:\/\/antecscientific.com\/es\/#website"},"datePublished":"2020-11-30T10:15:47+00:00","dateModified":"2023-01-09T12:33:31+00:00","description":"Condiciones de uso de este sitio web y declaraci\u00f3n de privacidad.","inLanguage":"es","potentialAction":[{"@type":"ReadAction","target":["https:\/\/antecscientific.com\/es\/condiciones-de-uso\/"]}]},{"@type":"WebSite","@id":"https:\/\/antecscientific.com\/es\/#website","url":"https:\/\/antecscientific.com\/es\/","name":"Antec Scientific","description":"Supporting research to improve quality of life","potentialAction":[{"@type":"SearchAction","target":{"@type":"EntryPoint","urlTemplate":"https:\/\/antecscientific.com\/es\/?s={search_term_string}"},"query-input":{"@type":"PropertyValueSpecification","valueRequired":true,"valueName":"search_term_string"}}],"inLanguage":"es"}]}},"_links":{"self":[{"href":"https:\/\/antecscientific.com\/es\/wp-json\/wp\/v2\/pages\/15195","targetHints":{"allow":["GET"]}}],"collection":[{"href":"https:\/\/antecscientific.com\/es\/wp-json\/wp\/v2\/pages"}],"about":[{"href":"https:\/\/antecscientific.com\/es\/wp-json\/wp\/v2\/types\/page"}],"author":[{"embeddable":true,"href":"https:\/\/antecscientific.com\/es\/wp-json\/wp\/v2\/users\/3"}],"replies":[{"embeddable":true,"href":"https:\/\/antecscientific.com\/es\/wp-json\/wp\/v2\/comments?post=15195"}],"version-history":[{"count":10,"href":"https:\/\/antecscientific.com\/es\/wp-json\/wp\/v2\/pages\/15195\/revisions"}],"predecessor-version":[{"id":15273,"href":"https:\/\/antecscientific.com\/es\/wp-json\/wp\/v2\/pages\/15195\/revisions\/15273"}],"wp:attachment":[{"href":"https:\/\/antecscientific.com\/es\/wp-json\/wp\/v2\/media?parent=15195"}],"curies":[{"name":"wp","href":"https:\/\/api.w.org\/{rel}","templated":true}]}}