{"id":15132,"date":"2020-10-23T09:35:04","date_gmt":"2020-10-23T09:35:04","guid":{"rendered":"https:\/\/antecscientific.com\/eventos\/suscribase-a\/"},"modified":"2023-01-09T12:33:04","modified_gmt":"2023-01-09T12:33:04","slug":"suscribase-a","status":"publish","type":"page","link":"https:\/\/antecscientific.com\/es\/acerca-de\/eventos\/suscribase-a\/","title":{"rendered":"Suscr\u00edbase a"},"content":{"rendered":"<p>[et_pb_section fb_built=\u00bb1&#8243; admin_label=\u00bbHeader\u00bb _builder_version=\u00bb4.16&#8243; background_image=\u00bbhttps:\/\/antecscientific.com\/wp-content\/uploads\/2020\/11\/distribution2-e1604353515149.jpg\u00bb parallax=\u00bbon\u00bb custom_padding=\u00bb2vw|0px|200px|0px|false|false\u00bb collapsed=\u00bbon\u00bb global_colors_info=\u00bb{}\u00bb][et_pb_row _builder_version=\u00bb4.16&#8243; global_colors_info=\u00bb{}\u00bb][et_pb_column type=\u00bb4_4&#8243; _builder_version=\u00bb4.16&#8243; custom_padding=\u00bb|||\u00bb global_colors_info=\u00bb{}\u00bb custom_padding__hover=\u00bb|||\u00bb][et_pb_text admin_label=\u00bbBreadcrumbs (don&#8217;t touch)\u00bb _builder_version=\u00bb4.16&#8243; text_font=\u00bb|700|||||||\u00bb text_text_color=\u00bb#ffffff\u00bb text_font_size=\u00bb15px\u00bb link_font=\u00bb|700|||||||\u00bb link_text_color=\u00bb#ffffff\u00bb link_font_size=\u00bb15px\u00bb global_colors_info=\u00bb{}\u00bb][\/et_pb_text][et_pb_text admin_label=\u00bbBig page title (don&#8217;t touch)\u00bb _builder_version=\u00bb4.16&#8243; _dynamic_attributes=\u00bbcontent\u00bb text_font=\u00bb||||||||\u00bb header_font=\u00bb|700|||||||\u00bb header_text_color=\u00bb#ffffff\u00bb header_font_size=\u00bb80px\u00bb header_line_height=\u00bb1.2em\u00bb header_5_font=\u00bbRaleway|700||on|||||\u00bb header_5_text_color=\u00bb#000000&#8243; header_5_font_size=\u00bb20px\u00bb header_5_letter_spacing=\u00bb0.5em\u00bb header_5_line_height=\u00bb1.8em\u00bb animation_style=\u00bbzoom\u00bb animation_intensity_zoom=\u00bb5%\u00bb header_font_size_tablet=\u00bb48px\u00bb header_font_size_phone=\u00bb32px\u00bb header_font_size_last_edited=\u00bbon|phone\u00bb header_5_font_size_tablet=\u00bb14px\u00bb header_5_font_size_phone=\u00bb12px\u00bb header_5_font_size_last_edited=\u00bbon|desktop\u00bb global_colors_info=\u00bb{}\u00bb]@ET-DC@eyJkeW5hbWljIjp0cnVlLCJjb250ZW50IjoicG9zdF90aXRsZSIsInNldHRpbmdzIjp7ImJlZm9yZSI6IjxoMT4iLCJhZnRlciI6IjxcL2gxPiJ9fQ==@[\/et_pb_text][\/et_pb_column][\/et_pb_row][\/et_pb_section][et_pb_section fb_built=\u00bb1&#8243; admin_label=\u00bbContent\u00bb _builder_version=\u00bb4.16&#8243; background_enable_color=\u00bboff\u00bb max_width=\u00bb90%\u00bb max_width_tablet=\u00bb\u00bb max_width_phone=\u00bb100%\u00bb max_width_last_edited=\u00bbon|phone\u00bb custom_margin=\u00bb-160px||0px||false|false\u00bb custom_padding=\u00bb||0px||false|false\u00bb border_color_all=\u00bb#ffffff\u00bb border_width_left=\u00bb10vw\u00bb locked=\u00bboff\u00bb global_colors_info=\u00bb{}\u00bb][et_pb_row custom_padding_last_edited=\u00bboff|desktop\u00bb _builder_version=\u00bb4.16&#8243; width=\u00bbauto\u00bb max_width=\u00bbnone\u00bb custom_padding=\u00bb|30px||30px|false|false\u00bb custom_padding_tablet=\u00bb|0px||0px||true\u00bb global_colors_info=\u00bb{}\u00bb][et_pb_column type=\u00bb4_4&#8243; _builder_version=\u00bb4.16&#8243; custom_padding=\u00bb|||\u00bb global_colors_info=\u00bb{}\u00bb custom_padding__hover=\u00bb|||\u00bb][et_pb_text admin_label=\u00bbSubtitle\u00bb _builder_version=\u00bb4.16&#8243; text_font=\u00bb||||||||\u00bb text_font_size=\u00bb16px\u00bb text_line_height=\u00bb2em\u00bb header_font=\u00bb||||||||\u00bb header_2_font=\u00bb|600||on|||||\u00bb header_2_text_color=\u00bb#df0834&#8243; header_2_font_size=\u00bb20px\u00bb header_2_line_height=\u00bb1.4em\u00bb header_6_font=\u00bb|700||on|||||\u00bb header_6_font_size=\u00bb16px\u00bb header_6_letter_spacing=\u00bb5px\u00bb header_6_line_height=\u00bb1.8em\u00bb module_alignment=\u00bbcenter\u00bb custom_margin=\u00bb||0px||false|false\u00bb custom_padding=\u00bb||0px||false|false\u00bb header_2_font_size_tablet=\u00bb25px\u00bb header_2_font_size_phone=\u00bb25px\u00bb header_2_font_size_last_edited=\u00bbon|phone\u00bb global_colors_info=\u00bb{}\u00bb]<\/p>\n<h2>Manteng\u00e1monos en contacto.<\/h2>\n<p>[\/et_pb_text][et_pb_text admin_label=\u00bbParagraph\u00bb _builder_version=\u00bb4.16&#8243; text_font=\u00bb||||||||\u00bb text_font_size=\u00bb18px\u00bb text_line_height=\u00bb2em\u00bb header_font=\u00bb||||||||\u00bb header_2_font=\u00bbRaleway|700|||||||\u00bb header_2_font_size=\u00bb50px\u00bb header_2_line_height=\u00bb1.4em\u00bb header_6_font=\u00bbRaleway|700||on|||||\u00bb header_6_font_size=\u00bb16px\u00bb header_6_letter_spacing=\u00bb5px\u00bb header_6_line_height=\u00bb1.8em\u00bb text_orientation=\u00bbjustified\u00bb module_alignment=\u00bbcenter\u00bb custom_margin=\u00bb0px||||false|false\u00bb custom_padding=\u00bb0px||||false|false\u00bb header_2_font_size_tablet=\u00bb35px\u00bb header_2_font_size_phone=\u00bb25px\u00bb header_2_font_size_last_edited=\u00bbon|phone\u00bb text_orientation_tablet=\u00bb\u00bb text_orientation_phone=\u00bbleft\u00bb text_orientation_last_edited=\u00bbon|desktop\u00bb global_colors_info=\u00bb{}\u00bb]<\/p>\n<p>Suscr\u00edbase a nuestro bolet\u00edn y mant\u00e9ngase informado sobre actualizaciones de productos, notas de aplicaci\u00f3n y otras noticias relacionadas con productos relevantes dentro de sus campos de inter\u00e9s.<\/p>\n<p>[\/et_pb_text][et_pb_code _builder_version=\u00bb4.19.1&#8243; _module_preset=\u00bbdefault\u00bb hover_enabled=\u00bb0&#8243; global_colors_info=\u00bb{}\u00bb sticky_enabled=\u00bb0&#8243;]<!-- Begin Mailchimp Signup Form --><!-- [et_pb_line_break_holder] --><meta content=\"text\/html; charset=unicode\" http-equiv=\"Content-Type\"><!-- [et_pb_line_break_holder] --><link rel=\"stylesheet\" type=\"text\/css\" href=\"\/\/cdn-images.mailchimp.com\/embedcode\/classic-10_7.css\"><!-- [et_pb_line_break_holder] --><\/p>\n<style type=\"text\/css\"><!-- [et_pb_line_break_holder] -->\t#mc_embed_signup{background:#fff; clear:left; font:14px Helvetica,Arial,sans-serif; }<!-- [et_pb_line_break_holder] -->\t\/* Add your own Mailchimp form style overrides in your site stylesheet or in this style block.<!-- [et_pb_line_break_holder] -->\t   We recommend moving this block and the preceding CSS link to the HEAD of your HTML file. *\/<!-- [et_pb_line_break_holder] --><\/style>\n<p><!-- [et_pb_line_break_holder] --><\/p>\n<form action=\"https:\/\/antecscientific.us7.list-manage.com\/subscribe\/post?u=a1a1cbe89b6bb6a592c0e63a8&amp;id=52e3405dbd\" method=\"post\" id=\"mc-embedded-subscribe-form\" name=\"mc-embedded-subscribe-form\" class=\"validate\" target=\"_blank\" novalidate=\"\"><!-- [et_pb_line_break_holder] --><meta name=\"GENERATOR\" content=\"MSHTML 11.00.10570.1001\"><\/HEAD><!-- [et_pb_line_break_holder] --><!-- [et_pb_line_break_holder] --><\/p>\n<div id=\"mc_embed_signup\"><!-- [et_pb_line_break_holder] -->    <\/p>\n<div id=\"mc_embed_signup_scroll\"><!-- [et_pb_line_break_holder] -->\t<\/p>\n<h2>Suscr\u00edbase a<\/h2>\n<p><!-- [et_pb_line_break_holder] --><\/p>\n<div class=\"indicates-required\"><span class=\"asterisk\">*<\/span> indica que es necesario<\/div>\n<p><!-- [et_pb_line_break_holder] --><\/p>\n<div class=\"indicates-required\">   <\/div>\n<p><!-- [et_pb_line_break_holder] --><\/p>\n<div class=\"indicates-required\"><!-- [et_pb_line_break_holder] --><\/p>\n<table style=\"HEIGHT: 173px; WIDTH: 389px; BORDER-COLLAPSE: collapse\" bordercolor=\"000000\" cellspacing=\"0\" cellpadding=\"2\" width=\"389\" border=\"0\"><!-- [et_pb_line_break_holder] -->  <!-- [et_pb_line_break_holder] -->  <\/p>\n<tr><!-- [et_pb_line_break_holder] -->    <\/p>\n<td>  Direcci\u00f3n de correo electr\u00f3nico<\/td>\n<p><!-- [et_pb_line_break_holder] -->    <\/p>\n<td> <!-- [et_pb_line_break_holder] -->\t<input name=\"EMAIL\" class=\"required email\" id=\"mce-EMAIL\"><\/td>\n<\/tr>\n<p><!-- [et_pb_line_break_holder] -->  <\/p>\n<tr><!-- [et_pb_line_break_holder] -->    <\/p>\n<td>  Nombre  <\/td>\n<p><!-- [et_pb_line_break_holder] -->    <\/p>\n<td> <!-- [et_pb_line_break_holder] -->\t<input name=\"FNAME\" id=\"mce-FNAME\">  <\/td>\n<\/tr>\n<p><!-- [et_pb_line_break_holder] -->  <\/p>\n<tr><!-- [et_pb_line_break_holder] -->    <\/p>\n<td>  Apellido  <\/td>\n<p><!-- [et_pb_line_break_holder] -->    <\/p>\n<td> <!-- [et_pb_line_break_holder] -->\t<input name=\"LNAME\" id=\"mce-LNAME\">  <\/td>\n<\/tr>\n<p><!-- [et_pb_line_break_holder] -->  <\/p>\n<tr><!-- [et_pb_line_break_holder] -->    <\/p>\n<td>  Empresa  <\/td>\n<p><!-- [et_pb_line_break_holder] -->    <\/p>\n<td> <!-- [et_pb_line_break_holder] -->\t<input name=\"MMERGE3\" id=\"mce-MMERGE3\">  <\/td>\n<\/tr>\n<p><!-- [et_pb_line_break_holder] -->  <\/p>\n<tr><!-- [et_pb_line_break_holder] -->    <\/p>\n<td>  Saludo  <\/td>\n<p><!-- [et_pb_line_break_holder] -->    <\/p>\n<td> <!-- [et_pb_line_break_holder] -->\t<input name=\"MMERGE5\" id=\"mce-MMERGE5\">  <\/td>\n<\/tr>\n<p><!-- [et_pb_line_break_holder] -->  <\/p>\n<tr><!-- [et_pb_line_break_holder] -->    <\/p>\n<td>  Pa\u00eds  <\/td>\n<p><!-- [et_pb_line_break_holder] -->    <\/p>\n<td> <!-- [et_pb_line_break_holder] -->\t<input name=\"MMERGE4\" id=\"mce-MMERGE4\">  <\/td>\n<\/tr>\n<\/table><\/div>\n<p><!-- [et_pb_line_break_holder] --><\/p>\n<div class=\"mc-field-group\"><!-- [et_pb_line_break_holder] -->\t<label for=\"mce-EMAIL\"> <!-- [et_pb_line_break_holder] --><\/label><!-- [et_pb_line_break_holder] --><\/div>\n<p><!-- [et_pb_line_break_holder] --><\/p>\n<div class=\"mc-field-group\"> <!-- [et_pb_line_break_holder] --><\/div>\n<p><!-- [et_pb_line_break_holder] --><\/p>\n<div class=\"mc-field-group\"><!-- [et_pb_line_break_holder] -->    <strong>Campos de inter\u00e9s  <\/strong><!-- [et_pb_line_break_holder] --><\/div>\n<p><!-- [et_pb_line_break_holder] --><\/p>\n<div class=\"mc-field-group input-group\"><!-- [et_pb_line_break_holder] -->    <\/p>\n<ul>\n<li><input type=\"checkbox\" value=\"1\" name=\"group[78925][1]\" id=\"mce-group[78925]-78925-0\"><label for=\"mce-group[78925]-78925-0\">HPLC con detecci\u00f3n electroqu\u00edmica<\/label><!-- [et_pb_line_break_holder] --><\/li>\n<li><input type=\"checkbox\" value=\"2\" name=\"group[78925][2]\" id=\"mce-group[78925]-78925-1\"><label for=\"mce-group[78925]-78925-1\">Reactores CE para EM<\/label><!-- [et_pb_line_break_holder] --><\/li>\n<li><input type=\"checkbox\" value=\"4\" name=\"group[78925][4]\" id=\"mce-group[78925]-78925-2\"><label for=\"mce-group[78925]-78925-2\">Neurociencia<\/label><!-- [et_pb_line_break_holder] --><\/li>\n<li><input type=\"checkbox\" value=\"8\" name=\"group[78925][8]\" id=\"mce-group[78925]-78925-3\"><label for=\"mce-group[78925]-78925-3\">Productos farmac\u00e9uticos, antibi\u00f3ticos<\/label><!-- [et_pb_line_break_holder] --><\/li>\n<li><input type=\"checkbox\" value=\"16\" name=\"group[78925][16]\" id=\"mce-group[78925]-78925-4\"><label for=\"mce-group[78925]-78925-4\">Qu\u00edmica cl\u00ednica<\/label><!-- [et_pb_line_break_holder] --><\/li>\n<li><input type=\"checkbox\" value=\"32\" name=\"group[78925][32]\" id=\"mce-group[78925]-78925-5\"><label for=\"mce-group[78925]-78925-5\">Alimentos<\/label><!-- [et_pb_line_break_holder] --><\/li>\n<li><input type=\"checkbox\" value=\"64\" name=\"group[78925][64]\" id=\"mce-group[78925]-78925-6\"><label for=\"mce-group[78925]-78925-6\">Prote\u00ednas, reducci\u00f3n del enlace disulfuro<\/label><!-- [et_pb_line_break_holder] --><\/li>\n<li><input type=\"checkbox\" value=\"128\" name=\"group[78925][128]\" id=\"mce-group[78925]-78925-7\"><label for=\"mce-group[78925]-78925-7\">Metabolismo de f\u00e1rmacos, pruebas de estabilidad<\/label><!-- [et_pb_line_break_holder] --><\/li>\n<li><input type=\"checkbox\" value=\"256\" name=\"group[78925][256]\" id=\"mce-group[78925]-78925-8\"><label for=\"mce-group[78925]-78925-8\">Todos los mailers<\/label><\/li>\n<p><!-- [et_pb_line_break_holder] --><\/ul>\n<p><!-- [et_pb_line_break_holder] --><\/ul>\n<\/div>\n<p><!-- [et_pb_line_break_holder] -->\t<\/p>\n<div id=\"mce-responses\" class=\"clear\"><!-- [et_pb_line_break_holder] -->\t\t<\/p>\n<div class=\"response\" id=\"mce-error-response\" style=\"DISPLAY: none\"><\/div>\n<p><!-- [et_pb_line_break_holder] -->\t\t<\/p>\n<div class=\"response\" id=\"mce-success-response\" style=\"DISPLAY: none\"><\/div>\n<p><!-- [et_pb_line_break_holder] -->\t<\/div>\n<p><!-- real people should not fill this in and expect good things - do not remove this or risk form bot signups--><!-- [et_pb_line_break_holder] -->    <\/p>\n<div aria-hidden=\"true\" style=\"POSITION: absolute; LEFT: -5000px\"><input name=\"b_a1a1cbe89b6bb6a592c0e63a8_52e3405dbd\" tabindex=\"-1\"><\/div>\n<p><!-- [et_pb_line_break_holder] -->    <\/p>\n<div class=\"clear\"><input type=\"submit\" value=\"Suscr\u00edbase a\" name=\"subscribe\" id=\"mc-embedded-subscribe\" class=\"button\"><\/div>\n<p><!-- [et_pb_line_break_holder] -->    <\/div>\n<p><\/FORM><!-- [et_pb_line_break_holder] --><\/div>\n<p><!-- [et_pb_line_break_holder] --><script type=\"text\/javascript\" src=\"\/\/s3.amazonaws.com\/downloads.mailchimp.com\/js\/mc-validate.js\"><\/script><script type=\"text\/javascript\">(function($){window.fnames=newArray();window.ftypes=newArray();fnames[0]='EMAIL';ftypes[0]='email';fnames[1]='FNAME';ftypes[1]='text';fnames[2]='LNAME';ftypes[2]='text';fnames[3]='MMERGE3';ftypes[3]='text';fnames[5]='MMERGE5';ftypes[5]='text';fnames[4]='MMERGE4';ftypes[4]='text';}(jQuery));var $mcj = jQuery.noConflict(true);<\/script><!-- [et_pb_line_break_holder] --><!--End mc_embed_signup--><!-- [et_pb_line_break_holder] --><\/form>\n<p>[\/et_pb_code][\/et_pb_column][\/et_pb_row][\/et_pb_section]<\/p>\n","protected":false},"excerpt":{"rendered":"<p>Suscr\u00edbase a los boletines de Antec.<\/p>\n","protected":false},"author":3,"featured_media":0,"parent":15104,"menu_order":0,"comment_status":"closed","ping_status":"closed","template":"","meta":{"_et_pb_use_builder":"on","_et_pb_old_content":"","_et_gb_content_width":"","footnotes":""},"class_list":["post-15132","page","type-page","status-publish","hentry"],"yoast_head":"<!-- This site is optimized with the Yoast SEO plugin v27.4 - https:\/\/yoast.com\/product\/yoast-seo-wordpress\/ -->\n<title>Suscr\u00edbase a - Antec Scientific<\/title>\n<meta name=\"description\" content=\"Suscr\u00edbase a los boletines de Antec.\" \/>\n<meta name=\"robots\" content=\"index, follow, max-snippet:-1, max-image-preview:large, max-video-preview:-1\" \/>\n<link rel=\"canonical\" href=\"https:\/\/antecscientific.com\/es\/acerca-de\/eventos\/suscribase-a\/\" \/>\n<meta property=\"og:locale\" content=\"es_ES\" \/>\n<meta property=\"og:type\" content=\"article\" \/>\n<meta property=\"og:title\" content=\"Suscr\u00edbase a - Antec Scientific\" \/>\n<meta property=\"og:description\" content=\"Suscr\u00edbase a los boletines de Antec.\" \/>\n<meta property=\"og:url\" content=\"https:\/\/antecscientific.com\/es\/acerca-de\/eventos\/suscribase-a\/\" \/>\n<meta property=\"og:site_name\" content=\"Antec Scientific\" \/>\n<meta property=\"article:modified_time\" content=\"2023-01-09T12:33:04+00:00\" \/>\n<meta name=\"twitter:card\" content=\"summary_large_image\" \/>\n<meta name=\"twitter:label1\" content=\"Tiempo de lectura\" \/>\n\t<meta name=\"twitter:data1\" content=\"3 minutos\" \/>\n<script type=\"application\/ld+json\" class=\"yoast-schema-graph\">{\"@context\":\"https:\\\/\\\/schema.org\",\"@graph\":[{\"@type\":\"WebPage\",\"@id\":\"https:\\\/\\\/antecscientific.com\\\/es\\\/acerca-de\\\/eventos\\\/suscribase-a\\\/\",\"url\":\"https:\\\/\\\/antecscientific.com\\\/es\\\/acerca-de\\\/eventos\\\/suscribase-a\\\/\",\"name\":\"Suscr\u00edbase a - Antec Scientific\",\"isPartOf\":{\"@id\":\"https:\\\/\\\/antecscientific.com\\\/es\\\/#website\"},\"datePublished\":\"2020-10-23T09:35:04+00:00\",\"dateModified\":\"2023-01-09T12:33:04+00:00\",\"description\":\"Suscr\u00edbase a los boletines de Antec.\",\"breadcrumb\":{\"@id\":\"https:\\\/\\\/antecscientific.com\\\/es\\\/acerca-de\\\/eventos\\\/suscribase-a\\\/#breadcrumb\"},\"inLanguage\":\"es\",\"potentialAction\":[{\"@type\":\"ReadAction\",\"target\":[\"https:\\\/\\\/antecscientific.com\\\/es\\\/acerca-de\\\/eventos\\\/suscribase-a\\\/\"]}]},{\"@type\":\"BreadcrumbList\",\"@id\":\"https:\\\/\\\/antecscientific.com\\\/es\\\/acerca-de\\\/eventos\\\/suscribase-a\\\/#breadcrumb\",\"itemListElement\":[{\"@type\":\"ListItem\",\"position\":1,\"name\":\"Acerca de\",\"item\":\"https:\\\/\\\/antecscientific.com\\\/es\\\/acerca-de\\\/\"},{\"@type\":\"ListItem\",\"position\":2,\"name\":\"Eventos\",\"item\":\"https:\\\/\\\/antecscientific.com\\\/es\\\/acerca-de\\\/eventos\\\/\"},{\"@type\":\"ListItem\",\"position\":3,\"name\":\"Suscr\u00edbase a\"}]},{\"@type\":\"WebSite\",\"@id\":\"https:\\\/\\\/antecscientific.com\\\/es\\\/#website\",\"url\":\"https:\\\/\\\/antecscientific.com\\\/es\\\/\",\"name\":\"Antec Scientific\",\"description\":\"Supporting research to improve quality of life\",\"potentialAction\":[{\"@type\":\"SearchAction\",\"target\":{\"@type\":\"EntryPoint\",\"urlTemplate\":\"https:\\\/\\\/antecscientific.com\\\/es\\\/?s={search_term_string}\"},\"query-input\":{\"@type\":\"PropertyValueSpecification\",\"valueRequired\":true,\"valueName\":\"search_term_string\"}}],\"inLanguage\":\"es\"}]}<\/script>\n<!-- \/ Yoast SEO plugin. -->","yoast_head_json":{"title":"Suscr\u00edbase a - Antec Scientific","description":"Suscr\u00edbase a los boletines de Antec.","robots":{"index":"index","follow":"follow","max-snippet":"max-snippet:-1","max-image-preview":"max-image-preview:large","max-video-preview":"max-video-preview:-1"},"canonical":"https:\/\/antecscientific.com\/es\/acerca-de\/eventos\/suscribase-a\/","og_locale":"es_ES","og_type":"article","og_title":"Suscr\u00edbase a - Antec Scientific","og_description":"Suscr\u00edbase a los boletines de Antec.","og_url":"https:\/\/antecscientific.com\/es\/acerca-de\/eventos\/suscribase-a\/","og_site_name":"Antec Scientific","article_modified_time":"2023-01-09T12:33:04+00:00","twitter_card":"summary_large_image","twitter_misc":{"Tiempo de lectura":"3 minutos"},"schema":{"@context":"https:\/\/schema.org","@graph":[{"@type":"WebPage","@id":"https:\/\/antecscientific.com\/es\/acerca-de\/eventos\/suscribase-a\/","url":"https:\/\/antecscientific.com\/es\/acerca-de\/eventos\/suscribase-a\/","name":"Suscr\u00edbase a - Antec Scientific","isPartOf":{"@id":"https:\/\/antecscientific.com\/es\/#website"},"datePublished":"2020-10-23T09:35:04+00:00","dateModified":"2023-01-09T12:33:04+00:00","description":"Suscr\u00edbase a los boletines de Antec.","breadcrumb":{"@id":"https:\/\/antecscientific.com\/es\/acerca-de\/eventos\/suscribase-a\/#breadcrumb"},"inLanguage":"es","potentialAction":[{"@type":"ReadAction","target":["https:\/\/antecscientific.com\/es\/acerca-de\/eventos\/suscribase-a\/"]}]},{"@type":"BreadcrumbList","@id":"https:\/\/antecscientific.com\/es\/acerca-de\/eventos\/suscribase-a\/#breadcrumb","itemListElement":[{"@type":"ListItem","position":1,"name":"Acerca de","item":"https:\/\/antecscientific.com\/es\/acerca-de\/"},{"@type":"ListItem","position":2,"name":"Eventos","item":"https:\/\/antecscientific.com\/es\/acerca-de\/eventos\/"},{"@type":"ListItem","position":3,"name":"Suscr\u00edbase a"}]},{"@type":"WebSite","@id":"https:\/\/antecscientific.com\/es\/#website","url":"https:\/\/antecscientific.com\/es\/","name":"Antec Scientific","description":"Supporting research to improve quality of life","potentialAction":[{"@type":"SearchAction","target":{"@type":"EntryPoint","urlTemplate":"https:\/\/antecscientific.com\/es\/?s={search_term_string}"},"query-input":{"@type":"PropertyValueSpecification","valueRequired":true,"valueName":"search_term_string"}}],"inLanguage":"es"}]}},"_links":{"self":[{"href":"https:\/\/antecscientific.com\/es\/wp-json\/wp\/v2\/pages\/15132","targetHints":{"allow":["GET"]}}],"collection":[{"href":"https:\/\/antecscientific.com\/es\/wp-json\/wp\/v2\/pages"}],"about":[{"href":"https:\/\/antecscientific.com\/es\/wp-json\/wp\/v2\/types\/page"}],"author":[{"embeddable":true,"href":"https:\/\/antecscientific.com\/es\/wp-json\/wp\/v2\/users\/3"}],"replies":[{"embeddable":true,"href":"https:\/\/antecscientific.com\/es\/wp-json\/wp\/v2\/comments?post=15132"}],"version-history":[{"count":1,"href":"https:\/\/antecscientific.com\/es\/wp-json\/wp\/v2\/pages\/15132\/revisions"}],"predecessor-version":[{"id":15135,"href":"https:\/\/antecscientific.com\/es\/wp-json\/wp\/v2\/pages\/15132\/revisions\/15135"}],"up":[{"embeddable":true,"href":"https:\/\/antecscientific.com\/es\/wp-json\/wp\/v2\/pages\/15104"}],"wp:attachment":[{"href":"https:\/\/antecscientific.com\/es\/wp-json\/wp\/v2\/media?parent=15132"}],"curies":[{"name":"wp","href":"https:\/\/api.w.org\/{rel}","templated":true}]}}