{"id":15120,"date":"2020-09-05T10:51:07","date_gmt":"2020-09-05T08:51:07","guid":{"rendered":"https:\/\/antecscientific.com\/asia-pacifico\/"},"modified":"2025-10-24T17:26:48","modified_gmt":"2025-10-24T15:26:48","slug":"asia-pacifico","status":"publish","type":"page","link":"https:\/\/antecscientific.com\/es\/acerca-de\/contacte-con\/asia-pacifico\/","title":{"rendered":"Asia-Pac\u00edfico"},"content":{"rendered":"<p>[et_pb_section bb_built=\u00bb1&#8243; admin_label=\u00bbHeader\u00bb _builder_version=\u00bb4.16&#8243; background_image=\u00bbhttps:\/\/antecscientific.com\/wp-content\/uploads\/2020\/11\/distribution1.jpg\u00bb parallax=\u00bbon\u00bb custom_padding=\u00bb2vw|0px|200px|0px|false|false\u00bb collapsed=\u00bbon\u00bb global_colors_info=\u00bb{}\u00bb next_background_color=\u00bb#ffffff\u00bb][et_pb_row _builder_version=\u00bb4.16&#8243; global_colors_info=\u00bb{}\u00bb][et_pb_column type=\u00bb4_4&#8243; _builder_version=\u00bb4.16&#8243; custom_padding=\u00bb|||\u00bb global_colors_info=\u00bb{}\u00bb custom_padding__hover=\u00bb|||\u00bb][et_pb_text admin_label=\u00bbBreadcrumbs (don&#8217;t touch)\u00bb _builder_version=\u00bb4.16&#8243; text_font=\u00bb|700|||||||\u00bb text_text_color=\u00bb#ffffff\u00bb text_font_size=\u00bb15px\u00bb link_font=\u00bb|700|||||||\u00bb link_text_color=\u00bb#ffffff\u00bb link_font_size=\u00bb15px\u00bb global_colors_info=\u00bb{}\u00bb]<\/p>\n\n<p>[\/et_pb_text][et_pb_text admin_label=\u00bbBig page title (don&#8217;t touch)\u00bb _builder_version=\u00bb4.16&#8243; _dynamic_attributes=\u00bbcontent\u00bb text_font=\u00bb||||||||\u00bb header_font=\u00bb|700|||||||\u00bb header_text_color=\u00bb#ffffff\u00bb header_font_size=\u00bb80px\u00bb header_line_height=\u00bb1.2em\u00bb header_5_font=\u00bbRaleway|700||on|||||\u00bb header_5_text_color=\u00bb#000000&#8243; header_5_font_size=\u00bb20px\u00bb header_5_letter_spacing=\u00bb0.5em\u00bb header_5_line_height=\u00bb1.8em\u00bb animation_style=\u00bbzoom\u00bb animation_intensity_zoom=\u00bb5%\u00bb header_font_size_tablet=\u00bb48px\u00bb header_font_size_phone=\u00bb32px\u00bb header_font_size_last_edited=\u00bbon|phone\u00bb header_5_font_size_tablet=\u00bb14px\u00bb header_5_font_size_phone=\u00bb12px\u00bb header_5_font_size_last_edited=\u00bbon|desktop\u00bb global_colors_info=\u00bb{}\u00bb]<\/p>\n<p>@ET-DC@eyJkeW5hbWljIjp0cnVlLCJjb250ZW50IjoicG9zdF90aXRsZSIsInNldHRpbmdzIjp7ImJlZm9yZSI6IjxoMT4iLCJhZnRlciI6IjwvaDE+In19@<\/p>\n<p>[\/et_pb_text][\/et_pb_column][\/et_pb_row][\/et_pb_section][et_pb_section bb_built=\u00bb1&#8243; admin_label=\u00bbContent\u00bb _builder_version=\u00bb4.16&#8243; background_color=\u00bb#ffffff\u00bb max_width=\u00bb90%\u00bb max_width_phone=\u00bb100%\u00bb max_width_last_edited=\u00bbon|phone\u00bb custom_margin=\u00bb-160px||0px||false|false\u00bb custom_padding=\u00bb||0px||false|false\u00bb border_color_all=\u00bb#ffffff\u00bb border_width_left=\u00bb10vw\u00bb global_colors_info=\u00bb{}\u00bb prev_background_color=\u00bb#000000&#8243;][et_pb_row column_structure=\u00bb2_3,1_3&#8243; custom_padding_last_edited=\u00bbon|phone\u00bb _builder_version=\u00bb4.16&#8243; width=\u00bbauto\u00bb max_width=\u00bbnone\u00bb custom_padding=\u00bb27px|0|27px|0px|false|false\u00bb custom_padding_tablet=\u00bb|0px||0px||true\u00bb custom_padding_phone=\u00bb|10%||0px|false|false\u00bb global_colors_info=\u00bb{}\u00bb][et_pb_column type=\u00bb2_3&#8243; _builder_version=\u00bb4.16&#8243; custom_padding=\u00bb|||\u00bb global_colors_info=\u00bb{}\u00bb custom_padding__hover=\u00bb|||\u00bb][et_pb_text admin_label=\u00bbSubtitle\u00bb _builder_version=\u00bb4.16&#8243; text_font=\u00bb||||||||\u00bb text_line_height=\u00bb2em\u00bb header_font=\u00bb||||||||\u00bb header_2_font=\u00bb|600||on|||||\u00bb header_2_text_color=\u00bb#df0834&#8243; header_2_font_size=\u00bb20px\u00bb header_2_line_height=\u00bb1.4em\u00bb header_6_font=\u00bb|700||on|||||\u00bb header_6_font_size=\u00bb16px\u00bb header_6_letter_spacing=\u00bb5px\u00bb header_6_line_height=\u00bb1.8em\u00bb max_width=\u00bb700px\u00bb module_alignment=\u00bbcenter\u00bb custom_margin=\u00bb||0px||false|false\u00bb custom_padding=\u00bb||0px||false|false\u00bb header_2_font_size_tablet=\u00bb25px\u00bb header_2_font_size_phone=\u00bb25px\u00bb header_2_font_size_last_edited=\u00bbon|phone\u00bb global_colors_info=\u00bb{}\u00bb]<\/p>\n<h2>Distribuidores<\/h2>\n<p>[\/et_pb_text][et_pb_text admin_label=\u00bbParagraph\u00bb _builder_version=\u00bb4.27.4&#8243; text_font_size=\u00bb18px\u00bb text_line_height=\u00bb2em\u00bb header_2_font=\u00bbRaleway|700|||||||\u00bb header_2_font_size=\u00bb50px\u00bb header_2_line_height=\u00bb1.4em\u00bb header_6_font=\u00bbRaleway|700||on|||||\u00bb header_6_font_size=\u00bb16px\u00bb header_6_letter_spacing=\u00bb5px\u00bb header_6_line_height=\u00bb1.8em\u00bb vertical_offset_tablet=\u00bb0&#8243; horizontal_offset_tablet=\u00bb0&#8243; text_orientation=\u00bbjustified\u00bb max_width=\u00bb700px\u00bb module_alignment=\u00bbcenter\u00bb custom_margin=\u00bb0px||||false|false\u00bb custom_padding=\u00bb0px||||false|false\u00bb header_2_font_size_tablet=\u00bb35px\u00bb header_2_font_size_phone=\u00bb25px\u00bb header_2_font_size_last_edited=\u00bbon|phone\u00bb z_index_tablet=\u00bb0&#8243; text_orientation_phone=\u00bbleft\u00bb text_orientation_last_edited=\u00bbon|desktop\u00bb text_text_shadow_horizontal_length_tablet=\u00bb0px\u00bb text_text_shadow_vertical_length_tablet=\u00bb0px\u00bb text_text_shadow_blur_strength_tablet=\u00bb1px\u00bb link_text_shadow_horizontal_length_tablet=\u00bb0px\u00bb link_text_shadow_vertical_length_tablet=\u00bb0px\u00bb link_text_shadow_blur_strength_tablet=\u00bb1px\u00bb ul_text_shadow_horizontal_length_tablet=\u00bb0px\u00bb ul_text_shadow_vertical_length_tablet=\u00bb0px\u00bb ul_text_shadow_blur_strength_tablet=\u00bb1px\u00bb ol_text_shadow_horizontal_length_tablet=\u00bb0px\u00bb ol_text_shadow_vertical_length_tablet=\u00bb0px\u00bb ol_text_shadow_blur_strength_tablet=\u00bb1px\u00bb quote_text_shadow_horizontal_length_tablet=\u00bb0px\u00bb quote_text_shadow_vertical_length_tablet=\u00bb0px\u00bb quote_text_shadow_blur_strength_tablet=\u00bb1px\u00bb header_text_shadow_horizontal_length_tablet=\u00bb0px\u00bb header_text_shadow_vertical_length_tablet=\u00bb0px\u00bb header_text_shadow_blur_strength_tablet=\u00bb1px\u00bb header_2_text_shadow_horizontal_length_tablet=\u00bb0px\u00bb header_2_text_shadow_vertical_length_tablet=\u00bb0px\u00bb header_2_text_shadow_blur_strength_tablet=\u00bb1px\u00bb header_3_text_shadow_horizontal_length_tablet=\u00bb0px\u00bb header_3_text_shadow_vertical_length_tablet=\u00bb0px\u00bb header_3_text_shadow_blur_strength_tablet=\u00bb1px\u00bb header_4_text_shadow_horizontal_length_tablet=\u00bb0px\u00bb header_4_text_shadow_vertical_length_tablet=\u00bb0px\u00bb header_4_text_shadow_blur_strength_tablet=\u00bb1px\u00bb header_5_text_shadow_horizontal_length_tablet=\u00bb0px\u00bb header_5_text_shadow_vertical_length_tablet=\u00bb0px\u00bb header_5_text_shadow_blur_strength_tablet=\u00bb1px\u00bb header_6_text_shadow_horizontal_length_tablet=\u00bb0px\u00bb header_6_text_shadow_vertical_length_tablet=\u00bb0px\u00bb header_6_text_shadow_blur_strength_tablet=\u00bb1px\u00bb box_shadow_horizontal_tablet=\u00bb0px\u00bb box_shadow_vertical_tablet=\u00bb0px\u00bb box_shadow_blur_tablet=\u00bb40px\u00bb box_shadow_spread_tablet=\u00bb0px\u00bb global_colors_info=\u00bb{}\u00bb background_pattern_color=\u00bbrgba(0,0,0,0.2)\u00bb background_mask_color=\u00bb#ffffff\u00bb text_text_shadow_horizontal_length=\u00bbtext_text_shadow_style,%91object Object%93&#8243; text_text_shadow_vertical_length=\u00bbtext_text_shadow_style,%91object Object%93&#8243; text_text_shadow_blur_strength=\u00bbtext_text_shadow_style,%91object Object%93&#8243; link_text_shadow_horizontal_length=\u00bblink_text_shadow_style,%91object Object%93&#8243; link_text_shadow_vertical_length=\u00bblink_text_shadow_style,%91object Object%93&#8243; link_text_shadow_blur_strength=\u00bblink_text_shadow_style,%91object Object%93&#8243; ul_text_shadow_horizontal_length=\u00bbul_text_shadow_style,%91object Object%93&#8243; ul_text_shadow_vertical_length=\u00bbul_text_shadow_style,%91object Object%93&#8243; ul_text_shadow_blur_strength=\u00bbul_text_shadow_style,%91object Object%93&#8243; ol_text_shadow_horizontal_length=\u00bbol_text_shadow_style,%91object Object%93&#8243; ol_text_shadow_vertical_length=\u00bbol_text_shadow_style,%91object Object%93&#8243; ol_text_shadow_blur_strength=\u00bbol_text_shadow_style,%91object Object%93&#8243; quote_text_shadow_horizontal_length=\u00bbquote_text_shadow_style,%91object Object%93&#8243; quote_text_shadow_vertical_length=\u00bbquote_text_shadow_style,%91object Object%93&#8243; quote_text_shadow_blur_strength=\u00bbquote_text_shadow_style,%91object Object%93&#8243; header_text_shadow_horizontal_length=\u00bbheader_text_shadow_style,%91object Object%93&#8243; header_text_shadow_vertical_length=\u00bbheader_text_shadow_style,%91object Object%93&#8243; header_text_shadow_blur_strength=\u00bbheader_text_shadow_style,%91object Object%93&#8243; header_2_text_shadow_horizontal_length=\u00bbheader_2_text_shadow_style,%91object Object%93&#8243; header_2_text_shadow_vertical_length=\u00bbheader_2_text_shadow_style,%91object Object%93&#8243; header_2_text_shadow_blur_strength=\u00bbheader_2_text_shadow_style,%91object Object%93&#8243; header_3_text_shadow_horizontal_length=\u00bbheader_3_text_shadow_style,%91object Object%93&#8243; header_3_text_shadow_vertical_length=\u00bbheader_3_text_shadow_style,%91object Object%93&#8243; header_3_text_shadow_blur_strength=\u00bbheader_3_text_shadow_style,%91object Object%93&#8243; header_4_text_shadow_horizontal_length=\u00bbheader_4_text_shadow_style,%91object Object%93&#8243; header_4_text_shadow_vertical_length=\u00bbheader_4_text_shadow_style,%91object Object%93&#8243; header_4_text_shadow_blur_strength=\u00bbheader_4_text_shadow_style,%91object Object%93&#8243; header_5_text_shadow_horizontal_length=\u00bbheader_5_text_shadow_style,%91object Object%93&#8243; header_5_text_shadow_vertical_length=\u00bbheader_5_text_shadow_style,%91object Object%93&#8243; header_5_text_shadow_blur_strength=\u00bbheader_5_text_shadow_style,%91object Object%93&#8243; header_6_text_shadow_horizontal_length=\u00bbheader_6_text_shadow_style,%91object Object%93&#8243; header_6_text_shadow_vertical_length=\u00bbheader_6_text_shadow_style,%91object Object%93&#8243; header_6_text_shadow_blur_strength=\u00bbheader_6_text_shadow_style,%91object Object%93&#8243;]<\/p>\n<h3>Australia<\/h3>\n<p><strong>Shimadzu Scientific Instruments<\/strong><br \/>T: +61 (2) 96844200<br \/>E: <a href=\"mailto:info@shimadzu.com.au\">info@shimadzu.com.au<\/a><br \/>W: <a href=\"http:\/\/www.shimadzu.com.au\" target=\"_blank\" rel=\"noopener noreferrer\">www.shimadzu.com.au<\/a><\/p>\n<hr size=\"1\">\n<h3>Bangladesh<\/h3>\n<p><strong>Casa GME<\/strong><br \/>T: +880-2-9854417<br \/>E: <a href=\"mailto:info.mgt.analytical@gmegroup.net\">info.mgt.analytical@gmegroup.net<\/a><br \/>W: <a href=\"http:\/\/www.gmegroup.net\" target=\"_blank\" rel=\"noopener noreferrer\">www.gmegroup.net<\/a><\/p>\n<hr size=\"1\">\n<h3>China<\/h3>\n<p><strong>Beijing ESA Technology Development<\/strong><br \/>\u5317\u4eac\u4f9d\u838e\u516b\u65b9\u79d1\u6280\u53d1\u5c55\u6709\u9650\u516c\u53f8<br \/>T: + 86 (13) 90102 2110<br \/>E: <a href=\"mailto:info@bjesa.com\">info@bjesa.com<\/a><br \/>W: <a href=\"http:\/\/www.bjesa.com\" target=\"_blank\" rel=\"noopener noreferrer\">www.bjesa.com<\/a><\/p>\n<hr size=\"1\">\n<h3>Hong-Kong<\/h3>\n<p><strong>Beijing ESA Technology Development<\/strong><br \/>\u5317\u4eac\u4f9d\u838e\u516b\u65b9\u79d1\u6280\u53d1\u5c55\u6709\u9650\u516c\u53f8<br \/>T: + 86 (13) 90102 2110<br \/>E: <a href=\"mailto:info@bjesa.com\">info@bjesa.com<\/a><br \/>W: <a href=\"http:\/\/www.bjesa.com\" target=\"_blank\" rel=\"noopener noreferrer\">www.bjesa.com<\/a><\/p>\n<hr size=\"1\">\n<h3>India<\/h3>\n<p><strong>Spinco Biotech Pvt Ltd<\/strong><br \/>T: +91 (44) 4567 8900<br \/>E: <a href=\"mailto:info@spincotech.com\">info@spincotech.com<\/a><br \/>W: <a href=\"http:\/\/www.spincotech.com\" target=\"_blank\" rel=\"noopener noreferrer\">www.spincotech.com<\/a><\/p>\n<hr size=\"1\">\n<h3>Corea<\/h3>\n<p><strong>Young In Chromass Co. Ltd.<\/strong><br \/>T:+82 (31) 428 8700<br \/>E: <a href=\"mailto:OP@youngincm.com\">OP@youngincm.com<\/a><br \/>W: <a href=\"https:\/\/kor.younglin.com\/\" target=\"_blank\" rel=\"noopener noreferrer\">www.youngincm.com<\/a><\/p>\n<p>y<\/p>\n<p><strong>Euro Science Co., Ltd.<\/strong><br \/>T: +82 (2) 5400651<br \/>E: <a href=\"mailto:euro@euroscience.co.kr\">euro@euroscience.co.kr<\/a><\/p>\n<hr size=\"1\">\n<h3>Nueva Zelanda<\/h3>\n<p><strong>Shimadzu Sc. Instr. (Ocean\u00eda)<\/strong><br \/>T: +64 (9) 8397100<br \/>E: <a href=\"mailto:sales@shimadzu.co.nz\">sales@shimadzu.co.nz<\/a><br \/>W: <a href=\"http:\/\/www.shimadzu.com.au\" target=\"_blank\" rel=\"noopener noreferrer\">www.shimadzu.com.au<\/a><\/p>\n<hr size=\"1\">\n<h3>Pakist\u00e1n<\/h3>\n<p><strong>H. A. Shah &amp; Sons<\/strong><br \/>T: +92 51 2348515<br \/>E: <a href=\"mailto:info@hashah.com\">info@hashah.com<\/a><br \/>W: <a href=\"http:\/\/www.hashah.com\" target=\"_blank\" rel=\"noopener noreferrer\">www.hashah.com<\/a><\/p>\n<hr size=\"1\">\n<h3>Filipinas<\/h3>\n<p><strong>Shimadzu Philippine Corporation<\/strong><br \/>T: +63 2 869 9563<br \/>E: <a href=\"mailto:spcmanila@shimadzu.com.ph\">spcmanila@shimadzu.com.ph<\/a><br \/>W: <a href=\"http:\/\/www.shimadzu.com.ph\" target=\"_blank\" rel=\"noopener noreferrer\">www.shimadzu.com.ph<\/a><\/p>\n<hr size=\"1\">\n<h3>Taiw\u00e1n<\/h3>\n<p><strong>Anatech Co., Ltd.<\/strong> &#8211; para ECD<br \/>T: +886 (2) 2500 6520<br \/>E: <a href=\"mailto:anatech@ms6.hinet.net\">anatech@ms6.hinet.net<\/a><br \/>W: <a href=\"https:\/\/www.anatech1984.com.tw\/\" target=\"_blank\" rel=\"noopener noreferrer\">www.anatech1984.com.tw<\/a><\/p>\n<hr size=\"1\">\n<h3>Tailandia<\/h3>\n<p><strong>ALS Analytical Lab Science Co. Ltd.<\/strong><br \/>T: +66 (2) 8818 5345<br \/>E:<a href=\"mailto:center@analabscience.com\"> center@analabscience.com<\/a><br \/>W: <a href=\"http:\/\/www.analabscience.com\" target=\"_blank\" rel=\"noopener noreferrer\">www.analabscience.com<\/a><\/p>\n<hr size=\"1\">\n<h3>Turqu\u00eda<\/h3>\n<p><strong>Terralab Laboratuvar Malzemeleri San. Tic. A.S.  <\/strong><br \/>E: <a href=\"mailto:info@terralab.com.tr\">info@terralab.com.tr<\/a><br \/>W: <a href=\"https:\/\/www.terralab.com.tr\">https:\/\/www.terralab.com.tr<\/a><\/p>\n<p>\u00dcmit Mahallesi 2544. Sokak No:9 \u00dcmitk\u00f6y<br \/>06810 \u00c7ankaya \/ ANKARA<br \/>+90 (312) 472 73 96 <\/p>\n<p>y<\/p>\n<p>Esentepe Mh. E5 Karayolu D100 G\u00fcney Yanyolu<br \/>So\u011fanl\u0131k Sapa\u011f\u0131 25\/1036<br \/>34870 Kartal \/ \u0130STANBUL<br \/>+90 (216) 327 52 70 <\/p>\n<p>[\/et_pb_text][\/et_pb_column][et_pb_column type=\u00bb1_3&#8243; _builder_version=\u00bb4.16&#8243; custom_padding=\u00bb5%|5%|||false|false\u00bb global_colors_info=\u00bb{}\u00bb custom_padding__hover=\u00bb|||\u00bb][\/et_pb_column][\/et_pb_row][\/et_pb_section]<\/p>\n","protected":false},"excerpt":{"rendered":"<p>Distribuidores de Antec Scientific en Asia y el Pac\u00edfico.<\/p>\n","protected":false},"author":3,"featured_media":0,"parent":15375,"menu_order":0,"comment_status":"closed","ping_status":"closed","template":"","meta":{"_et_pb_use_builder":"on","_et_pb_old_content":"","_et_gb_content_width":"","footnotes":""},"class_list":["post-15120","page","type-page","status-publish","hentry"],"yoast_head":"<!-- This site is optimized with the Yoast SEO plugin v27.3 - https:\/\/yoast.com\/product\/yoast-seo-wordpress\/ -->\n<title>Asia-Pac\u00edfico - Antec Scientific<\/title>\n<meta name=\"description\" content=\"Distribuidores de Antec Scientific en Asia y el Pac\u00edfico.\" \/>\n<meta name=\"robots\" content=\"index, follow, max-snippet:-1, max-image-preview:large, max-video-preview:-1\" \/>\n<link rel=\"canonical\" href=\"https:\/\/antecscientific.com\/es\/acerca-de\/contacte-con\/asia-pacifico\/\" \/>\n<meta property=\"og:locale\" content=\"es_ES\" \/>\n<meta property=\"og:type\" content=\"article\" \/>\n<meta property=\"og:title\" content=\"Asia-Pac\u00edfico - Antec Scientific\" \/>\n<meta property=\"og:description\" content=\"Distribuidores de Antec Scientific en Asia y el Pac\u00edfico.\" \/>\n<meta property=\"og:url\" content=\"https:\/\/antecscientific.com\/es\/acerca-de\/contacte-con\/asia-pacifico\/\" \/>\n<meta property=\"og:site_name\" content=\"Antec Scientific\" \/>\n<meta property=\"article:modified_time\" content=\"2025-10-24T15:26:48+00:00\" \/>\n<meta name=\"twitter:card\" content=\"summary_large_image\" \/>\n<meta name=\"twitter:label1\" content=\"Tiempo de lectura\" \/>\n\t<meta name=\"twitter:data1\" content=\"7 minutos\" \/>\n<script type=\"application\/ld+json\" class=\"yoast-schema-graph\">{\"@context\":\"https:\\\/\\\/schema.org\",\"@graph\":[{\"@type\":\"WebPage\",\"@id\":\"https:\\\/\\\/antecscientific.com\\\/es\\\/acerca-de\\\/contacte-con\\\/asia-pacifico\\\/\",\"url\":\"https:\\\/\\\/antecscientific.com\\\/es\\\/acerca-de\\\/contacte-con\\\/asia-pacifico\\\/\",\"name\":\"Asia-Pac\u00edfico - Antec Scientific\",\"isPartOf\":{\"@id\":\"https:\\\/\\\/antecscientific.com\\\/es\\\/#website\"},\"datePublished\":\"2020-09-05T08:51:07+00:00\",\"dateModified\":\"2025-10-24T15:26:48+00:00\",\"description\":\"Distribuidores de Antec Scientific en Asia y el Pac\u00edfico.\",\"breadcrumb\":{\"@id\":\"https:\\\/\\\/antecscientific.com\\\/es\\\/acerca-de\\\/contacte-con\\\/asia-pacifico\\\/#breadcrumb\"},\"inLanguage\":\"es\",\"potentialAction\":[{\"@type\":\"ReadAction\",\"target\":[\"https:\\\/\\\/antecscientific.com\\\/es\\\/acerca-de\\\/contacte-con\\\/asia-pacifico\\\/\"]}]},{\"@type\":\"BreadcrumbList\",\"@id\":\"https:\\\/\\\/antecscientific.com\\\/es\\\/acerca-de\\\/contacte-con\\\/asia-pacifico\\\/#breadcrumb\",\"itemListElement\":[{\"@type\":\"ListItem\",\"position\":1,\"name\":\"Acerca de\",\"item\":\"https:\\\/\\\/antecscientific.com\\\/es\\\/acerca-de\\\/\"},{\"@type\":\"ListItem\",\"position\":2,\"name\":\"Contacte con\",\"item\":\"https:\\\/\\\/antecscientific.com\\\/es\\\/acerca-de\\\/contacte-con\\\/\"},{\"@type\":\"ListItem\",\"position\":3,\"name\":\"Asia-Pac\u00edfico\"}]},{\"@type\":\"WebSite\",\"@id\":\"https:\\\/\\\/antecscientific.com\\\/es\\\/#website\",\"url\":\"https:\\\/\\\/antecscientific.com\\\/es\\\/\",\"name\":\"Antec Scientific\",\"description\":\"Supporting research to improve quality of life\",\"potentialAction\":[{\"@type\":\"SearchAction\",\"target\":{\"@type\":\"EntryPoint\",\"urlTemplate\":\"https:\\\/\\\/antecscientific.com\\\/es\\\/?s={search_term_string}\"},\"query-input\":{\"@type\":\"PropertyValueSpecification\",\"valueRequired\":true,\"valueName\":\"search_term_string\"}}],\"inLanguage\":\"es\"}]}<\/script>\n<!-- \/ Yoast SEO plugin. -->","yoast_head_json":{"title":"Asia-Pac\u00edfico - Antec Scientific","description":"Distribuidores de Antec Scientific en Asia y el Pac\u00edfico.","robots":{"index":"index","follow":"follow","max-snippet":"max-snippet:-1","max-image-preview":"max-image-preview:large","max-video-preview":"max-video-preview:-1"},"canonical":"https:\/\/antecscientific.com\/es\/acerca-de\/contacte-con\/asia-pacifico\/","og_locale":"es_ES","og_type":"article","og_title":"Asia-Pac\u00edfico - Antec Scientific","og_description":"Distribuidores de Antec Scientific en Asia y el Pac\u00edfico.","og_url":"https:\/\/antecscientific.com\/es\/acerca-de\/contacte-con\/asia-pacifico\/","og_site_name":"Antec Scientific","article_modified_time":"2025-10-24T15:26:48+00:00","twitter_card":"summary_large_image","twitter_misc":{"Tiempo de lectura":"7 minutos"},"schema":{"@context":"https:\/\/schema.org","@graph":[{"@type":"WebPage","@id":"https:\/\/antecscientific.com\/es\/acerca-de\/contacte-con\/asia-pacifico\/","url":"https:\/\/antecscientific.com\/es\/acerca-de\/contacte-con\/asia-pacifico\/","name":"Asia-Pac\u00edfico - Antec Scientific","isPartOf":{"@id":"https:\/\/antecscientific.com\/es\/#website"},"datePublished":"2020-09-05T08:51:07+00:00","dateModified":"2025-10-24T15:26:48+00:00","description":"Distribuidores de Antec Scientific en Asia y el Pac\u00edfico.","breadcrumb":{"@id":"https:\/\/antecscientific.com\/es\/acerca-de\/contacte-con\/asia-pacifico\/#breadcrumb"},"inLanguage":"es","potentialAction":[{"@type":"ReadAction","target":["https:\/\/antecscientific.com\/es\/acerca-de\/contacte-con\/asia-pacifico\/"]}]},{"@type":"BreadcrumbList","@id":"https:\/\/antecscientific.com\/es\/acerca-de\/contacte-con\/asia-pacifico\/#breadcrumb","itemListElement":[{"@type":"ListItem","position":1,"name":"Acerca de","item":"https:\/\/antecscientific.com\/es\/acerca-de\/"},{"@type":"ListItem","position":2,"name":"Contacte con","item":"https:\/\/antecscientific.com\/es\/acerca-de\/contacte-con\/"},{"@type":"ListItem","position":3,"name":"Asia-Pac\u00edfico"}]},{"@type":"WebSite","@id":"https:\/\/antecscientific.com\/es\/#website","url":"https:\/\/antecscientific.com\/es\/","name":"Antec Scientific","description":"Supporting research to improve quality of life","potentialAction":[{"@type":"SearchAction","target":{"@type":"EntryPoint","urlTemplate":"https:\/\/antecscientific.com\/es\/?s={search_term_string}"},"query-input":{"@type":"PropertyValueSpecification","valueRequired":true,"valueName":"search_term_string"}}],"inLanguage":"es"}]}},"_links":{"self":[{"href":"https:\/\/antecscientific.com\/es\/wp-json\/wp\/v2\/pages\/15120","targetHints":{"allow":["GET"]}}],"collection":[{"href":"https:\/\/antecscientific.com\/es\/wp-json\/wp\/v2\/pages"}],"about":[{"href":"https:\/\/antecscientific.com\/es\/wp-json\/wp\/v2\/types\/page"}],"author":[{"embeddable":true,"href":"https:\/\/antecscientific.com\/es\/wp-json\/wp\/v2\/users\/3"}],"replies":[{"embeddable":true,"href":"https:\/\/antecscientific.com\/es\/wp-json\/wp\/v2\/comments?post=15120"}],"version-history":[{"count":13,"href":"https:\/\/antecscientific.com\/es\/wp-json\/wp\/v2\/pages\/15120\/revisions"}],"predecessor-version":[{"id":34041,"href":"https:\/\/antecscientific.com\/es\/wp-json\/wp\/v2\/pages\/15120\/revisions\/34041"}],"up":[{"embeddable":true,"href":"https:\/\/antecscientific.com\/es\/wp-json\/wp\/v2\/pages\/15375"}],"wp:attachment":[{"href":"https:\/\/antecscientific.com\/es\/wp-json\/wp\/v2\/media?parent=15120"}],"curies":[{"name":"wp","href":"https:\/\/api.w.org\/{rel}","templated":true}]}}