{"id":14923,"date":"2020-08-30T11:43:00","date_gmt":"2020-08-30T11:43:00","guid":{"rendered":"https:\/\/antecscientific.com\/mercados\/farmaceutica\/"},"modified":"2023-05-01T20:52:44","modified_gmt":"2023-05-01T20:52:44","slug":"farmaceutica","status":"publish","type":"page","link":"https:\/\/antecscientific.com\/es\/mercados\/farmaceutica\/","title":{"rendered":"Farmac\u00e9utica"},"content":{"rendered":"<p>[et_pb_section fb_built=\u00bb1&#8243; admin_label=\u00bbHeader\u00bb _builder_version=\u00bb4.16&#8243; background_image=\u00bbhttps:\/\/antecscientific.com\/wp-content\/uploads\/2020\/10\/markets_pharma.jpg\u00bb parallax=\u00bbon\u00bb custom_padding=\u00bb2vw|0px|200px|0px|false|false\u00bb collapsed=\u00bbon\u00bb global_colors_info=\u00bb{}\u00bb][et_pb_row _builder_version=\u00bb4.16&#8243; global_colors_info=\u00bb{}\u00bb][et_pb_column type=\u00bb4_4&#8243; _builder_version=\u00bb4.16&#8243; custom_padding=\u00bb|||\u00bb global_colors_info=\u00bb{}\u00bb custom_padding__hover=\u00bb|||\u00bb][et_pb_text admin_label=\u00bbBreadcrumbs (don&#8217;t touch)\u00bb _builder_version=\u00bb4.16&#8243; text_font=\u00bb|700|||||||\u00bb text_text_color=\u00bb#ffffff\u00bb text_font_size=\u00bb15px\u00bb link_font=\u00bb|700|||||||\u00bb link_text_color=\u00bb#ffffff\u00bb link_font_size=\u00bb15px\u00bb global_colors_info=\u00bb{}\u00bb][\/et_pb_text][et_pb_text admin_label=\u00bbBig page title (don&#8217;t touch)\u00bb _builder_version=\u00bb4.16&#8243; _dynamic_attributes=\u00bbcontent\u00bb text_font=\u00bb||||||||\u00bb header_font=\u00bb|700|||||||\u00bb header_text_color=\u00bb#ffffff\u00bb header_font_size=\u00bb80px\u00bb header_line_height=\u00bb1.2em\u00bb header_5_font=\u00bbRaleway|700||on|||||\u00bb header_5_text_color=\u00bb#000000&#8243; header_5_font_size=\u00bb20px\u00bb header_5_letter_spacing=\u00bb0.5em\u00bb header_5_line_height=\u00bb1.8em\u00bb animation_style=\u00bbzoom\u00bb animation_intensity_zoom=\u00bb5%\u00bb header_font_size_tablet=\u00bb48px\u00bb header_font_size_phone=\u00bb32px\u00bb header_font_size_last_edited=\u00bbon|phone\u00bb header_5_font_size_tablet=\u00bb14px\u00bb header_5_font_size_phone=\u00bb12px\u00bb header_5_font_size_last_edited=\u00bbon|desktop\u00bb global_colors_info=\u00bb{}\u00bb]@ET-DC@eyJkeW5hbWljIjp0cnVlLCJjb250ZW50IjoicG9zdF90aXRsZSIsInNldHRpbmdzIjp7ImJlZm9yZSI6IjxoMT4iLCJhZnRlciI6IjxcL2gxPiJ9fQ==@[\/et_pb_text][\/et_pb_column][\/et_pb_row][\/et_pb_section][et_pb_section fb_built=\u00bb1&#8243; admin_label=\u00bbContent\u00bb _builder_version=\u00bb4.16&#8243; background_color=\u00bb#ffffff\u00bb max_width=\u00bb90%\u00bb max_width_tablet=\u00bb\u00bb max_width_phone=\u00bb100%\u00bb max_width_last_edited=\u00bbon|phone\u00bb custom_margin=\u00bb-160px||0px||false|false\u00bb custom_padding=\u00bb||0px||false|false\u00bb border_color_all=\u00bb#ffffff\u00bb border_width_left=\u00bb10vw\u00bb global_colors_info=\u00bb{}\u00bb][et_pb_row column_structure=\u00bb2_3,1_3&#8243; custom_padding_last_edited=\u00bbon|phone\u00bb _builder_version=\u00bb4.16&#8243; width=\u00bbauto\u00bb max_width=\u00bbnone\u00bb custom_padding=\u00bb27px|0|27px|0px|false|false\u00bb custom_padding_tablet=\u00bb|0px||0px||true\u00bb custom_padding_phone=\u00bb|10%||0px|false|false\u00bb global_colors_info=\u00bb{}\u00bb][et_pb_column type=\u00bb2_3&#8243; _builder_version=\u00bb4.16&#8243; custom_padding=\u00bb|||\u00bb global_colors_info=\u00bb{}\u00bb custom_padding__hover=\u00bb|||\u00bb][et_pb_text admin_label=\u00bbSubtitle\u00bb _builder_version=\u00bb4.16&#8243; text_font=\u00bb||||||||\u00bb text_line_height=\u00bb2em\u00bb header_font=\u00bb||||||||\u00bb header_2_font=\u00bb|600||on|||||\u00bb header_2_text_color=\u00bb#df0834&#8243; header_2_font_size=\u00bb20px\u00bb header_2_line_height=\u00bb1.4em\u00bb header_6_font=\u00bb|700||on|||||\u00bb header_6_font_size=\u00bb16px\u00bb header_6_letter_spacing=\u00bb5px\u00bb header_6_line_height=\u00bb1.8em\u00bb max_width=\u00bb700px\u00bb module_alignment=\u00bbcenter\u00bb custom_margin=\u00bb||0px||false|false\u00bb custom_padding=\u00bb||0px||false|false\u00bb header_2_font_size_tablet=\u00bb25px\u00bb header_2_font_size_phone=\u00bb25px\u00bb header_2_font_size_last_edited=\u00bbon|phone\u00bb global_colors_info=\u00bb{}\u00bb]<\/p>\n<h2>Analizadores cient\u00edficos Antec en el sector farmac\u00e9utico<\/h2>\n<p>[\/et_pb_text][et_pb_text admin_label=\u00bbParagraph\u00bb _builder_version=\u00bb4.19.1&#8243; text_font=\u00bb||||||||\u00bb text_font_size=\u00bb18px\u00bb text_line_height=\u00bb2em\u00bb header_font=\u00bb||||||||\u00bb header_2_font=\u00bbRaleway|700|||||||\u00bb header_2_font_size=\u00bb50px\u00bb header_2_line_height=\u00bb1.4em\u00bb header_6_font=\u00bbRaleway|700||on|||||\u00bb header_6_font_size=\u00bb16px\u00bb header_6_letter_spacing=\u00bb5px\u00bb header_6_line_height=\u00bb1.8em\u00bb text_orientation=\u00bbjustified\u00bb max_width=\u00bb700px\u00bb module_alignment=\u00bbcenter\u00bb custom_margin=\u00bb0px||||false|false\u00bb custom_padding=\u00bb0px||||false|false\u00bb header_2_font_size_tablet=\u00bb35px\u00bb header_2_font_size_phone=\u00bb25px\u00bb header_2_font_size_last_edited=\u00bbon|phone\u00bb text_orientation_tablet=\u00bb\u00bb text_orientation_phone=\u00bbleft\u00bb text_orientation_last_edited=\u00bbon|desktop\u00bb global_colors_info=\u00bb{}\u00bb]<\/p>\n<p>Las empresas farmac\u00e9uticas, los laboratorios de investigaci\u00f3n por contrato (CRO) y otras instituciones realizan pruebas de control de calidad de compuestos farmac\u00e9uticos a escala mundial. Los requisitos normativos son m\u00e1s amplios y estrictos que nunca y no har\u00e1n sino aumentar para proteger al ser humano y a la naturaleza. Las Buenas Pr\u00e1cticas de Fabricaci\u00f3n (BPF) de productos farmac\u00e9uticos de uso humano establecen normas de calidad para garantizar la calidad y seguridad del producto. El cumplimiento de las normas cGMP garantiza la identidad, potencia, calidad y pureza de los productos farmac\u00e9uticos al exigir que los fabricantes de medicamentos controlen adecuadamente las operaciones de fabricaci\u00f3n. Los m\u00e9todos de an\u00e1lisis reproducibles, fiables y s\u00f3lidos desempe\u00f1an un papel fundamental en el cumplimiento de la normativa.<\/p>\n<p> <a href=\"https:\/\/antecscientific.com\/es\/productos\/instrumentos\/analizadores-alexys\/\">Los analizadores ALEXYS<\/a> de Antec Scientific se utilizan en todo el mundo para cumplir las normas reglamentarias y de seguridad USP y EP para una amplia gama de compuestos. Se han desarrollado analizadores espec\u00edficos que ofrecen una sensibilidad, selectividad y rendimiento excepcionales para los antibi\u00f3ticos aminogluc\u00f3sidos y macr\u00f3lidos, (di-) sulfuros, glicoprote\u00ednas, carbohidratos y muchos otros productos farmac\u00e9uticos.<\/p>\n<p><strong>M\u00e1s<\/strong> informaci\u00f3n sobre nuestras aplicaciones en el <a href=\"https:\/\/antecscientific.com\/es\/aplicaciones\/antibioticos\/\">an\u00e1lisis de<\/a> <a href=\"https:\/\/antecscientific.com\/es\/aplicaciones\/productos-farmaceuticos\/\">productos farmac\u00e9uticos<\/a> y <a href=\"https:\/\/antecscientific.com\/es\/aplicaciones\/antibioticos\/\">antibi\u00f3ticos<\/a>&#8230;..<\/p>\n<p>[\/et_pb_text][\/et_pb_column][et_pb_column type=\u00bb1_3&#8243; _builder_version=\u00bb4.16&#8243; custom_padding=\u00bb5%|5%|||false|false\u00bb global_colors_info=\u00bb{}\u00bb custom_padding__hover=\u00bb|||\u00bb][et_pb_image src=\u00bbhttps:\/\/antecscientific.com\/wp-content\/uploads\/2020\/12\/FDA_inspection-300&#215;201.jpg\u00bb title_text=\u00bbFDA_inspecci\u00f3n\u00bb _builder_version=\u00bb4.16&#8243; _module_preset=\u00bbdefault\u00bb global_colors_info=\u00bb{}\u00bb][\/et_pb_image][\/et_pb_column][\/et_pb_row][et_pb_row custom_padding_last_edited=\u00bbon|phone\u00bb admin_label=\u00bbL\u00ednea divisoria\u00bb _builder_version=\u00bb4.16&#8243; width=\u00bbauto\u00bb max_width=\u00bbnone\u00bb custom_padding=\u00bb|0px|||false|false\u00bb custom_padding_tablet=\u00bb\u00bb custom_padding_phone=\u00bb|10%|||false|false\u00bb locked=\u00bboff\u00bb collapsed=\u00bbon\u00bb global_colors_info=\u00bb{}\u00bb][et_pb_column type=\u00bb4_4&#8243; _builder_version=\u00bb4.16&#8243; global_colors_info=\u00bb{}\u00bb][et_pb_divider color=\u00bb#dee1e6&#8243; _builder_version=\u00bb4.16&#8243; global_colors_info=\u00bb{}\u00bb][\/et_pb_divider][\/et_pb_column][\/et_pb_row][et_pb_row column_structure=\u00bb2_3,1_3&#8243; custom_padding_last_edited=\u00bbon|phone\u00bb _builder_version=\u00bb4.16&#8243; width=\u00bbauto\u00bb max_width=\u00bbnone\u00bb custom_padding=\u00bb27px|0|27px|0px|false|false\u00bb custom_padding_tablet=\u00bb|0px||0px||true\u00bb custom_padding_phone=\u00bb|10%||0px|false|false\u00bb global_colors_info=\u00bb{}\u00bb][et_pb_column type=\u00bb2_3&#8243; _builder_version=\u00bb4.16&#8243; custom_padding=\u00bb|||\u00bb global_colors_info=\u00bb{}\u00bb custom_padding__hover=\u00bb|||\u00bb][et_pb_text admin_label=\u00bbSubtitle\u00bb _builder_version=\u00bb4.16&#8243; text_font=\u00bb||||||||\u00bb text_line_height=\u00bb2em\u00bb header_font=\u00bb||||||||\u00bb header_2_font=\u00bb|600||on|||||\u00bb header_2_text_color=\u00bb#df0834&#8243; header_2_font_size=\u00bb20px\u00bb header_2_line_height=\u00bb1.4em\u00bb header_6_font=\u00bb|700||on|||||\u00bb header_6_font_size=\u00bb16px\u00bb header_6_letter_spacing=\u00bb5px\u00bb header_6_line_height=\u00bb1.8em\u00bb max_width=\u00bb700px\u00bb module_alignment=\u00bbcenter\u00bb custom_margin=\u00bb||0px||false|false\u00bb custom_padding=\u00bb||0px||false|false\u00bb header_2_font_size_tablet=\u00bb25px\u00bb header_2_font_size_phone=\u00bb25px\u00bb header_2_font_size_last_edited=\u00bbon|phone\u00bb global_colors_info=\u00bb{}\u00bb]<\/p>\n<h2 id=\"dmet\">Metabolismo de los f\u00e1rmacos<\/h2>\n<p>[\/et_pb_text][et_pb_text admin_label=\u00bbParagraph\u00bb _builder_version=\u00bb4.20.4&#8243; text_font=\u00bb||||||||\u00bb text_font_size=\u00bb18px\u00bb text_line_height=\u00bb2em\u00bb header_font=\u00bb||||||||\u00bb header_2_font=\u00bbRaleway|700|||||||\u00bb header_2_font_size=\u00bb50px\u00bb header_2_line_height=\u00bb1.4em\u00bb header_6_font=\u00bbRaleway|700||on|||||\u00bb header_6_font_size=\u00bb16px\u00bb header_6_letter_spacing=\u00bb5px\u00bb header_6_line_height=\u00bb1.8em\u00bb text_orientation=\u00bbjustified\u00bb max_width=\u00bb700px\u00bb module_alignment=\u00bbcenter\u00bb custom_margin=\u00bb0px||||false|false\u00bb custom_padding=\u00bb0px||||false|false\u00bb hover_enabled=\u00bb0&#8243; header_2_font_size_tablet=\u00bb35px\u00bb header_2_font_size_phone=\u00bb25px\u00bb header_2_font_size_last_edited=\u00bbon|phone\u00bb text_orientation_tablet=\u00bb\u00bb text_orientation_phone=\u00bbleft\u00bb text_orientation_last_edited=\u00bbon|desktop\u00bb global_colors_info=\u00bb{}\u00bb sticky_enabled=\u00bb0&#8243;]<\/p>\n<p>Uno de los muchos pasos en el desarrollo de f\u00e1rmacos es la investigaci\u00f3n de la <strong>eliminaci\u00f3n metab\u00f3lica<\/strong> de un candidato a f\u00e1rmaco del organismo. La mayor\u00eda de los xenobi\u00f3ticos se metabolizan en el h\u00edgado y se eliminan del organismo a trav\u00e9s de la orina. Sin embargo, existe una delgada l\u00ednea entre el metabolismo de los f\u00e1rmacos y su toxicidad. Esto qued\u00f3 claro con los tr\u00e1gicos acontecimientos que siguieron a las prescripciones de talidomida para el tratamiento de las n\u00e1useas matutinas (n\u00e1useas) en mujeres embarazadas a finales de los a\u00f1os cincuenta. Hoy en d\u00eda, <strong>los estudios ADME<\/strong> (absorci\u00f3n, distribuci\u00f3n, metabolismo, excreci\u00f3n) desempe\u00f1an un papel clave en la trayectoria precl\u00ednica del desarrollo de f\u00e1rmacos. El temor a aprobar un medicamento que pudiera causar defectos de nacimiento o c\u00e1ncer ha dominado la pol\u00edtica de la FDA estadounidense hasta nuestros d\u00edas.<\/p>\n<p>Las enzimas del citocromo P450 (P450) del h\u00edgado desempe\u00f1an un papel importante en el proceso metab\u00f3lico. Los mecanismos de reacci\u00f3n se basan en reacciones de oxidaci\u00f3n que incluyen desaminaci\u00f3n, <em>N-dealquilaci\u00f3n<\/em>, <em>O-dealquilaci\u00f3n<\/em>, sulfoxidaci\u00f3n e hidroxilaci\u00f3n de grupos alquilo y anillos arom\u00e1ticos. Tradicionalmente, los estudios de metabolismo de f\u00e1rmacos se basan en la incubaci\u00f3n del f\u00e1rmaco con microsomas de c\u00e9lulas hep\u00e1ticas.<\/p>\n<p><strong>La electroqu\u00edmica<\/strong> ha demostrado ser una t\u00e9cnica complementaria para estudiar el metabolismo oxidativo. Los candidatos a f\u00e1rmacos y los principios activos farmac\u00e9uticos (API) se oxidan en un reactor electroqu\u00edmico conectado a un MS. Los productos de la reacci\u00f3n se analizan inmediatamente o se mezclan con otras biomol\u00e9culas, como prote\u00ednas o p\u00e9ptidos, para estudiar las reacciones de metabolitos secundarios. Han aparecido varias <a href=\"https:\/\/antecscientific.com\/download\/83\/applications-ec-ms\/2916\/210_016-roxy-literature-publications\">publicaciones<\/a> que muestran el solapamiento y los resultados complementarios del enfoque electroqu\u00edmico y micros\u00f3mico.<\/p>\n<p><strong>M\u00e1s informaci\u00f3n:<\/strong><\/p>\n<ul>\n<li>Aplicaciones de la <a href=\"https:\/\/antecscientific.com\/es\/aplicaciones\/reactores-roxy\/metabolismo-de-los-farmacos\/\">electroqu\u00edmica a<\/a> los estudios <a href=\"https:\/\/antecscientific.com\/es\/aplicaciones\/reactores-roxy\/metabolismo-de-los-farmacos\/\">sobre el metabolismo de los<\/a> medicamentos &#8230;..<\/li>\n<li>M\u00e1s detalles <a href=\"https:\/\/antecscientific.com\/es\/productos\/tecnicas\/electroquimica-con-deteccion-ms\/\">sobre el funcionamiento de la electroqu\u00edmica con EM<\/a>&#8230;.<\/li>\n<\/ul>\n<p>&nbsp;<\/p>\n<p>[\/et_pb_text][\/et_pb_column][et_pb_column type=\u00bb1_3&#8243; _builder_version=\u00bb4.16&#8243; custom_padding=\u00bb5%|5%|||false|false\u00bb global_colors_info=\u00bb{}\u00bb custom_padding__hover=\u00bb|||\u00bb][et_pb_image src=\u00bbhttps:\/\/antecscientific.com\/wp-content\/uploads\/2020\/12\/drug_development_funnel.png\u00bb title_text=\u00bbt\u00fanel_de_desarrollo_de_f\u00e1rmacos\u00bb _builder_version=\u00bb4.16&#8243; _module_preset=\u00bbdefault\u00bb global_colors_info=\u00bb{}\u00bb][\/et_pb_image][et_pb_text _builder_version=\u00bb4.16&#8243; _module_preset=\u00bbdefault\u00bb global_colors_info=\u00bb{}\u00bb]<\/p>\n<p><em><small>Fig. 2. El descubrimiento de f\u00e1rmacos es un proceso de eliminaci\u00f3n, que comienza con miles de candidatos a f\u00e1rmacos. Los candidatos no aptos deben eliminarse al principio del proceso, para ahorrar tiempo y dinero. La electroqu\u00edmica ha demostrado ser una valiosa herramienta complementaria de los m\u00e9todos tradicionales.<\/small><\/em><\/p>\n<p>[\/et_pb_text][\/et_pb_column][\/et_pb_row][\/et_pb_section]<\/p>\n","protected":false},"excerpt":{"rendered":"<p>Los analizadores ALEXYS de Antec se utilizan en todo el mundo para cumplir los requisitos normativos y de seguridad para el control de calidad en la fabricaci\u00f3n de productos farmac\u00e9uticos.<\/p>\n","protected":false},"author":3,"featured_media":0,"parent":14884,"menu_order":0,"comment_status":"closed","ping_status":"closed","template":"","meta":{"_et_pb_use_builder":"on","_et_pb_old_content":"","_et_gb_content_width":"","footnotes":""},"class_list":["post-14923","page","type-page","status-publish","hentry"],"yoast_head":"<!-- This site is optimized with the Yoast SEO plugin v27.3 - https:\/\/yoast.com\/product\/yoast-seo-wordpress\/ -->\n<title>Farmac\u00e9utica - Antec Scientific<\/title>\n<meta name=\"description\" content=\"Los analizadores ALEXYS de Antec se utilizan en todo el mundo para cumplir los requisitos normativos y de seguridad para el control de calidad en la fabricaci\u00f3n de productos farmac\u00e9uticos.\" \/>\n<meta name=\"robots\" content=\"index, follow, max-snippet:-1, max-image-preview:large, max-video-preview:-1\" \/>\n<link rel=\"canonical\" href=\"https:\/\/antecscientific.com\/es\/mercados\/farmaceutica\/\" \/>\n<meta property=\"og:locale\" content=\"es_ES\" \/>\n<meta property=\"og:type\" content=\"article\" \/>\n<meta property=\"og:title\" content=\"Farmac\u00e9utica - Antec Scientific\" \/>\n<meta property=\"og:description\" content=\"Los analizadores ALEXYS de Antec se utilizan en todo el mundo para cumplir los requisitos normativos y de seguridad para el control de calidad en la fabricaci\u00f3n de productos farmac\u00e9uticos.\" \/>\n<meta property=\"og:url\" content=\"https:\/\/antecscientific.com\/es\/mercados\/farmaceutica\/\" \/>\n<meta property=\"og:site_name\" content=\"Antec Scientific\" \/>\n<meta property=\"article:modified_time\" content=\"2023-05-01T20:52:44+00:00\" \/>\n<meta name=\"twitter:card\" content=\"summary_large_image\" \/>\n<meta name=\"twitter:label1\" content=\"Tiempo de lectura\" \/>\n\t<meta name=\"twitter:data1\" content=\"8 minutos\" \/>\n<script type=\"application\/ld+json\" class=\"yoast-schema-graph\">{\"@context\":\"https:\\\/\\\/schema.org\",\"@graph\":[{\"@type\":\"WebPage\",\"@id\":\"https:\\\/\\\/antecscientific.com\\\/es\\\/mercados\\\/farmaceutica\\\/\",\"url\":\"https:\\\/\\\/antecscientific.com\\\/es\\\/mercados\\\/farmaceutica\\\/\",\"name\":\"Farmac\u00e9utica - Antec Scientific\",\"isPartOf\":{\"@id\":\"https:\\\/\\\/antecscientific.com\\\/es\\\/#website\"},\"datePublished\":\"2020-08-30T11:43:00+00:00\",\"dateModified\":\"2023-05-01T20:52:44+00:00\",\"description\":\"Los analizadores ALEXYS de Antec se utilizan en todo el mundo para cumplir los requisitos normativos y de seguridad para el control de calidad en la fabricaci\u00f3n de productos farmac\u00e9uticos.\",\"breadcrumb\":{\"@id\":\"https:\\\/\\\/antecscientific.com\\\/es\\\/mercados\\\/farmaceutica\\\/#breadcrumb\"},\"inLanguage\":\"es\",\"potentialAction\":[{\"@type\":\"ReadAction\",\"target\":[\"https:\\\/\\\/antecscientific.com\\\/es\\\/mercados\\\/farmaceutica\\\/\"]}]},{\"@type\":\"BreadcrumbList\",\"@id\":\"https:\\\/\\\/antecscientific.com\\\/es\\\/mercados\\\/farmaceutica\\\/#breadcrumb\",\"itemListElement\":[{\"@type\":\"ListItem\",\"position\":1,\"name\":\"Mercados\",\"item\":\"https:\\\/\\\/antecscientific.com\\\/es\\\/mercados\\\/\"},{\"@type\":\"ListItem\",\"position\":2,\"name\":\"Farmac\u00e9utica\"}]},{\"@type\":\"WebSite\",\"@id\":\"https:\\\/\\\/antecscientific.com\\\/es\\\/#website\",\"url\":\"https:\\\/\\\/antecscientific.com\\\/es\\\/\",\"name\":\"Antec Scientific\",\"description\":\"Supporting research to improve quality of life\",\"potentialAction\":[{\"@type\":\"SearchAction\",\"target\":{\"@type\":\"EntryPoint\",\"urlTemplate\":\"https:\\\/\\\/antecscientific.com\\\/es\\\/?s={search_term_string}\"},\"query-input\":{\"@type\":\"PropertyValueSpecification\",\"valueRequired\":true,\"valueName\":\"search_term_string\"}}],\"inLanguage\":\"es\"}]}<\/script>\n<!-- \/ Yoast SEO plugin. -->","yoast_head_json":{"title":"Farmac\u00e9utica - Antec Scientific","description":"Los analizadores ALEXYS de Antec se utilizan en todo el mundo para cumplir los requisitos normativos y de seguridad para el control de calidad en la fabricaci\u00f3n de productos farmac\u00e9uticos.","robots":{"index":"index","follow":"follow","max-snippet":"max-snippet:-1","max-image-preview":"max-image-preview:large","max-video-preview":"max-video-preview:-1"},"canonical":"https:\/\/antecscientific.com\/es\/mercados\/farmaceutica\/","og_locale":"es_ES","og_type":"article","og_title":"Farmac\u00e9utica - Antec Scientific","og_description":"Los analizadores ALEXYS de Antec se utilizan en todo el mundo para cumplir los requisitos normativos y de seguridad para el control de calidad en la fabricaci\u00f3n de productos farmac\u00e9uticos.","og_url":"https:\/\/antecscientific.com\/es\/mercados\/farmaceutica\/","og_site_name":"Antec Scientific","article_modified_time":"2023-05-01T20:52:44+00:00","twitter_card":"summary_large_image","twitter_misc":{"Tiempo de lectura":"8 minutos"},"schema":{"@context":"https:\/\/schema.org","@graph":[{"@type":"WebPage","@id":"https:\/\/antecscientific.com\/es\/mercados\/farmaceutica\/","url":"https:\/\/antecscientific.com\/es\/mercados\/farmaceutica\/","name":"Farmac\u00e9utica - Antec Scientific","isPartOf":{"@id":"https:\/\/antecscientific.com\/es\/#website"},"datePublished":"2020-08-30T11:43:00+00:00","dateModified":"2023-05-01T20:52:44+00:00","description":"Los analizadores ALEXYS de Antec se utilizan en todo el mundo para cumplir los requisitos normativos y de seguridad para el control de calidad en la fabricaci\u00f3n de productos farmac\u00e9uticos.","breadcrumb":{"@id":"https:\/\/antecscientific.com\/es\/mercados\/farmaceutica\/#breadcrumb"},"inLanguage":"es","potentialAction":[{"@type":"ReadAction","target":["https:\/\/antecscientific.com\/es\/mercados\/farmaceutica\/"]}]},{"@type":"BreadcrumbList","@id":"https:\/\/antecscientific.com\/es\/mercados\/farmaceutica\/#breadcrumb","itemListElement":[{"@type":"ListItem","position":1,"name":"Mercados","item":"https:\/\/antecscientific.com\/es\/mercados\/"},{"@type":"ListItem","position":2,"name":"Farmac\u00e9utica"}]},{"@type":"WebSite","@id":"https:\/\/antecscientific.com\/es\/#website","url":"https:\/\/antecscientific.com\/es\/","name":"Antec Scientific","description":"Supporting research to improve quality of life","potentialAction":[{"@type":"SearchAction","target":{"@type":"EntryPoint","urlTemplate":"https:\/\/antecscientific.com\/es\/?s={search_term_string}"},"query-input":{"@type":"PropertyValueSpecification","valueRequired":true,"valueName":"search_term_string"}}],"inLanguage":"es"}]}},"_links":{"self":[{"href":"https:\/\/antecscientific.com\/es\/wp-json\/wp\/v2\/pages\/14923","targetHints":{"allow":["GET"]}}],"collection":[{"href":"https:\/\/antecscientific.com\/es\/wp-json\/wp\/v2\/pages"}],"about":[{"href":"https:\/\/antecscientific.com\/es\/wp-json\/wp\/v2\/types\/page"}],"author":[{"embeddable":true,"href":"https:\/\/antecscientific.com\/es\/wp-json\/wp\/v2\/users\/3"}],"replies":[{"embeddable":true,"href":"https:\/\/antecscientific.com\/es\/wp-json\/wp\/v2\/comments?post=14923"}],"version-history":[{"count":6,"href":"https:\/\/antecscientific.com\/es\/wp-json\/wp\/v2\/pages\/14923\/revisions"}],"predecessor-version":[{"id":19463,"href":"https:\/\/antecscientific.com\/es\/wp-json\/wp\/v2\/pages\/14923\/revisions\/19463"}],"up":[{"embeddable":true,"href":"https:\/\/antecscientific.com\/es\/wp-json\/wp\/v2\/pages\/14884"}],"wp:attachment":[{"href":"https:\/\/antecscientific.com\/es\/wp-json\/wp\/v2\/media?parent=14923"}],"curies":[{"name":"wp","href":"https:\/\/api.w.org\/{rel}","templated":true}]}}