{"id":14905,"date":"2020-08-11T17:25:38","date_gmt":"2020-08-11T15:25:38","guid":{"rendered":"https:\/\/antecscientific.com\/productos\/celdas-de-flujo\/celula-vt03\/"},"modified":"2024-11-03T20:15:44","modified_gmt":"2024-11-03T19:15:44","slug":"celula-vt03","status":"publish","type":"page","link":"https:\/\/antecscientific.com\/es\/productos\/celdas-de-flujo\/celula-vt03\/","title":{"rendered":"C\u00e9lula VT03"},"content":{"rendered":"<p>[et_pb_section fb_built=\u00bb1&#8243; admin_label=\u00bbHeader\u00bb _builder_version=\u00bb4.16&#8243; background_image=\u00bbhttps:\/\/antecscientific.com\/wp-content\/uploads\/2020\/12\/VT_cell_sb3.jpg\u00bb parallax=\u00bbon\u00bb custom_padding=\u00bb2vw|0px|200px|0px|false|false\u00bb collapsed=\u00bbon\u00bb global_colors_info=\u00bb{}\u00bb][et_pb_row _builder_version=\u00bb4.16&#8243; global_colors_info=\u00bb{}\u00bb][et_pb_column type=\u00bb4_4&#8243; _builder_version=\u00bb4.16&#8243; custom_padding=\u00bb|||\u00bb global_colors_info=\u00bb{}\u00bb custom_padding__hover=\u00bb|||\u00bb][et_pb_text admin_label=\u00bbBreadcrumbs (don&#8217;t touch)\u00bb _builder_version=\u00bb4.16&#8243; text_font=\u00bb|700|||||||\u00bb text_text_color=\u00bb#ffffff\u00bb text_font_size=\u00bb15px\u00bb link_font=\u00bb|700|||||||\u00bb link_text_color=\u00bb#ffffff\u00bb link_font_size=\u00bb15px\u00bb global_colors_info=\u00bb{}\u00bb][\/et_pb_text][et_pb_text admin_label=\u00bbBig page title (don&#8217;t touch)\u00bb _builder_version=\u00bb4.16&#8243; _dynamic_attributes=\u00bbcontent\u00bb text_font=\u00bb||||||||\u00bb header_font=\u00bb|700|||||||\u00bb header_text_color=\u00bb#ffffff\u00bb header_font_size=\u00bb80px\u00bb header_line_height=\u00bb1.2em\u00bb header_5_font=\u00bbRaleway|700||on|||||\u00bb header_5_text_color=\u00bb#000000&#8243; header_5_font_size=\u00bb20px\u00bb header_5_letter_spacing=\u00bb0.5em\u00bb header_5_line_height=\u00bb1.8em\u00bb animation_style=\u00bbzoom\u00bb animation_intensity_zoom=\u00bb5%\u00bb header_font_size_tablet=\u00bb48px\u00bb header_font_size_phone=\u00bb32px\u00bb header_font_size_last_edited=\u00bbon|phone\u00bb header_5_font_size_tablet=\u00bb14px\u00bb header_5_font_size_phone=\u00bb12px\u00bb header_5_font_size_last_edited=\u00bbon|desktop\u00bb global_colors_info=\u00bb{}\u00bb]@ET-DC@eyJkeW5hbWljIjp0cnVlLCJjb250ZW50IjoicG9zdF90aXRsZSIsInNldHRpbmdzIjp7ImJlZm9yZSI6IjxoMT4iLCJhZnRlciI6IjxcL2gxPiJ9fQ==@[\/et_pb_text][\/et_pb_column][\/et_pb_row][\/et_pb_section][et_pb_section fb_built=\u00bb1&#8243; admin_label=\u00bbContent\u00bb _builder_version=\u00bb4.16&#8243; background_color=\u00bb#ffffff\u00bb max_width=\u00bb90%\u00bb max_width_tablet=\u00bb\u00bb max_width_phone=\u00bb100%\u00bb max_width_last_edited=\u00bbon|phone\u00bb custom_margin=\u00bb-160px||0px||false|false\u00bb custom_padding=\u00bb||0px||false|false\u00bb border_color_all=\u00bb#ffffff\u00bb border_width_left=\u00bb10vw\u00bb global_colors_info=\u00bb{}\u00bb][et_pb_row column_structure=\u00bb2_3,1_3&#8243; custom_padding_last_edited=\u00bbon|phone\u00bb _builder_version=\u00bb4.16&#8243; width=\u00bbauto\u00bb max_width=\u00bbnone\u00bb custom_padding=\u00bb27px|0|27px|0px|false|false\u00bb custom_padding_tablet=\u00bb|0px||0px||true\u00bb custom_padding_phone=\u00bb|10%||0px|false|false\u00bb global_colors_info=\u00bb{}\u00bb][et_pb_column type=\u00bb2_3&#8243; _builder_version=\u00bb4.16&#8243; custom_padding=\u00bb|||\u00bb global_colors_info=\u00bb{}\u00bb custom_padding__hover=\u00bb|||\u00bb][et_pb_text admin_label=\u00bbSubtitle\u00bb _builder_version=\u00bb4.16&#8243; text_font=\u00bb||||||||\u00bb text_line_height=\u00bb2em\u00bb header_font=\u00bb||||||||\u00bb header_2_font=\u00bb|600||on|||||\u00bb header_2_text_color=\u00bb#df0834&#8243; header_2_font_size=\u00bb20px\u00bb header_2_line_height=\u00bb1.4em\u00bb header_6_font=\u00bb|700||on|||||\u00bb header_6_font_size=\u00bb16px\u00bb header_6_letter_spacing=\u00bb5px\u00bb header_6_line_height=\u00bb1.8em\u00bb max_width=\u00bb700px\u00bb module_alignment=\u00bbcenter\u00bb custom_margin=\u00bb||0px||false|false\u00bb custom_padding=\u00bb||0px||false|false\u00bb header_2_font_size_tablet=\u00bb25px\u00bb header_2_font_size_phone=\u00bb25px\u00bb header_2_font_size_last_edited=\u00bbon|phone\u00bb global_colors_info=\u00bb{}\u00bb]<\/p>\n<h2>C\u00e9lula de flujo de m\u00e1xima sensibilidad<\/h2>\n<p>[\/et_pb_text][et_pb_text admin_label=\u00bbParagraph\u00bb _builder_version=\u00bb4.16&#8243; text_font=\u00bb||||||||\u00bb text_font_size=\u00bb18px\u00bb text_line_height=\u00bb2em\u00bb header_font=\u00bb||||||||\u00bb header_2_font=\u00bbRaleway|700|||||||\u00bb header_2_font_size=\u00bb50px\u00bb header_2_line_height=\u00bb1.4em\u00bb header_6_font=\u00bbRaleway|700||on|||||\u00bb header_6_font_size=\u00bb16px\u00bb header_6_letter_spacing=\u00bb5px\u00bb header_6_line_height=\u00bb1.8em\u00bb text_orientation=\u00bbjustified\u00bb max_width=\u00bb700px\u00bb module_alignment=\u00bbcenter\u00bb custom_margin=\u00bb0px||||false|false\u00bb custom_padding=\u00bb0px||||false|false\u00bb header_2_font_size_tablet=\u00bb35px\u00bb header_2_font_size_phone=\u00bb25px\u00bb header_2_font_size_last_edited=\u00bbon|phone\u00bb text_orientation_tablet=\u00bb\u00bb text_orientation_phone=\u00bbleft\u00bb text_orientation_last_edited=\u00bbon|desktop\u00bb global_colors_info=\u00bb{}\u00bb]<\/p>\n<ul class=\"groot\">\n<li>Estabilizaci\u00f3n r\u00e1pida<\/li>\n<li>Larga vida \u00fatil (5 a\u00f1os de garant\u00eda)<\/li>\n<li>Hasta 5 nL de volumen de trabajo<\/li>\n<li>F\u00e1cil mantenimiento<\/li>\n<\/ul>\n<p>Tras numerosas pruebas, se determin\u00f3 que la configuraci\u00f3n de chorro mural confinado daba excelentes resultados. Adem\u00e1s, descubrimos que la calidad del material utilizado y el proceso de acabado del electrodo de trabajo afectaban en gran medida al rendimiento del detector EC.<\/p>\n<p>Mientras que las c\u00e9lulas de flujo de la competencia se deterioran con el uso, el rendimiento de la c\u00e9lula de flujo VT03 aumenta con el uso. El VT03 requiere tiempos de estabilizaci\u00f3n inusualmente cortos: se puede esperar un an\u00e1lisis de trazas en la media hora siguiente a la puesta en marcha. Tenemos tanta confianza en nuestra c\u00e9lula de flujo VT03 que garantizamos la c\u00e9lula de flujo de carbono v\u00edtreo durante un per\u00edodo de 5 a\u00f1os.<\/p>\n<p>La VT03 est\u00e1 disponible con electrodos de trabajo de carbono v\u00edtreo, platino, oro y plata. Una selecci\u00f3n de electrodos de trabajo junto con electrodos de referencia de puente salino, ISAAC y HyREF garantiza la compatibilidad con cualquier tipo de an\u00e1lisis HPLC.<\/p>\n<p>[\/et_pb_text][\/et_pb_column][et_pb_column type=\u00bb1_3&#8243; _builder_version=\u00bb4.16&#8243; custom_padding=\u00bb5%|5%|||false|false\u00bb global_colors_info=\u00bb{}\u00bb custom_padding__hover=\u00bb|||\u00bb][et_pb_image src=\u00bbhttps:\/\/antecscientific.com\/wp-content\/uploads\/2020\/08\/vt03cell.gif\u00bb title_text=\u00bbvt03cell\u00bb _builder_version=\u00bb4.16&#8243; _module_preset=\u00bbdefault\u00bb global_colors_info=\u00bb{}\u00bb][\/et_pb_image][\/et_pb_column][\/et_pb_row][\/et_pb_section][et_pb_section fb_built=\u00bb1&#8243; admin_label=\u00bbDownload Table\u00bb _builder_version=\u00bb4.27.2&#8243; background_enable_color=\u00bboff\u00bb use_background_color_gradient=\u00bbon\u00bb background_color_gradient_stops=\u00bb#f6f9fb 50%|#ffffff 100%\u00bb background_color_gradient_start=\u00bb#f6f9fb\u00bb background_color_gradient_start_position=\u00bb50%\u00bb background_color_gradient_end=\u00bb#ffffff\u00bb max_width=\u00bb100%\u00bb max_width_tablet=\u00bb\u00bb max_width_phone=\u00bb100%\u00bb max_width_last_edited=\u00bbon|desktop\u00bb module_alignment=\u00bbcenter\u00bb custom_margin=\u00bb0px||0px||false|false\u00bb custom_padding=\u00bb40px||40px||false|false\u00bb global_colors_info=\u00bb{}\u00bb][et_pb_row _builder_version=\u00bb4.27.2&#8243; background_color=\u00bbrgba(0,0,0,0)\u00bb width_tablet=\u00bb\u00bb width_phone=\u00bb\u00bb width_last_edited=\u00bbon|phone\u00bb max_width=\u00bb80%\u00bb max_width_tablet=\u00bb\u00bb max_width_phone=\u00bb\u00bb max_width_last_edited=\u00bbon|phone\u00bb module_alignment=\u00bbcenter\u00bb custom_padding=\u00bb||||false|false\u00bb global_colors_info=\u00bb{}\u00bb][et_pb_column type=\u00bb4_4&#8243; _builder_version=\u00bb4.16&#8243; global_colors_info=\u00bb{}\u00bb][et_pb_text admin_label=\u00bbShortcode of Table\u00bb _builder_version=\u00bb4.27.2&#8243; background_color=\u00bb#ffffff\u00bb max_width=\u00bb1200px\u00bb custom_padding=\u00bb20px|30px|30px|30px|false|false\u00bb custom_padding_tablet=\u00bb\u00bb custom_padding_phone=\u00bb|0px||0px|false|false\u00bb custom_padding_last_edited=\u00bbon|phone\u00bb hover_enabled=\u00bb0&#8243; module_alignment_tablet=\u00bb\u00bb module_alignment_phone=\u00bb\u00bb module_alignment_last_edited=\u00bbon|desktop\u00bb box_shadow_style=\u00bbpreset1&#8243; box_shadow_blur=\u00bb40px\u00bb box_shadow_color=\u00bbrgba(0,33,91,0.17)\u00bb global_colors_info=\u00bb{}\u00bb sticky_enabled=\u00bb0&#8243;]<\/p>\n<h3>Manual del usuario<\/h3>\n<p>&nbsp;<\/p>\n<p>        <div class=\"antec-downloads view--list\">\n        <div class=\"list-item name thead\">Name<\/div>\n        <div class=\"list-item rev thead\">Doc#<\/div>\n        <div class=\"list-item size thead\">Size<\/div>\n        <div class=\"list-item download thead\">Download<\/div>\n\n                    <div class=\"list-item name\" data-label=\"Name\">VT-03 flow cell user manual<\/div>\n            <div class=\"list-item rev\" data-label=\"Rev\">110_0010_09<\/div>\n            <div class=\"list-item size\" data-label=\"Size\">0.64 MB<\/div>\n            <div class=\"list-item download\" data-label=\"Download\">\n                <a href=\"https:\/\/antecscientific.com\/wp-content\/mu-plugins\/antec-downloads\/files\/manuals\/cells\/110_0010_09 - VT-03 flow cell user manual.pdf\" class=\"download-link\" download>Download<i class=\"zmdi zmdi-cloud-download wpfd-download\"><\/i><\/a>\n            <\/div>\n            <\/div>\n[\/et_pb_text][\/et_pb_column][\/et_pb_row][\/et_pb_section]<\/p>\n","protected":false},"excerpt":{"rendered":"<p>La c\u00e9lula VT03 es una c\u00e9lula de flujo de alta sensibilidad para HPLC con detecci\u00f3n EC. La c\u00e9lula tiene un tiempo de estabilizaci\u00f3n muy corto.<\/p>\n","protected":false},"author":3,"featured_media":0,"parent":14901,"menu_order":0,"comment_status":"closed","ping_status":"closed","template":"","meta":{"_et_pb_use_builder":"on","_et_pb_old_content":"","_et_gb_content_width":"","footnotes":""},"class_list":["post-14905","page","type-page","status-publish","hentry"],"yoast_head":"<!-- This site is optimized with the Yoast SEO plugin v27.4 - https:\/\/yoast.com\/product\/yoast-seo-wordpress\/ -->\n<title>C\u00e9lula VT03 - Antec Scientific<\/title>\n<meta name=\"description\" content=\"La c\u00e9lula VT03 es una c\u00e9lula de flujo de alta sensibilidad para HPLC con detecci\u00f3n EC. La c\u00e9lula tiene un tiempo de estabilizaci\u00f3n muy corto.\" \/>\n<meta name=\"robots\" content=\"index, follow, max-snippet:-1, max-image-preview:large, max-video-preview:-1\" \/>\n<link rel=\"canonical\" href=\"https:\/\/antecscientific.com\/es\/productos\/celdas-de-flujo\/celula-vt03\/\" \/>\n<meta property=\"og:locale\" content=\"es_ES\" \/>\n<meta property=\"og:type\" content=\"article\" \/>\n<meta property=\"og:title\" content=\"C\u00e9lula VT03 - Antec Scientific\" \/>\n<meta property=\"og:description\" content=\"La c\u00e9lula VT03 es una c\u00e9lula de flujo de alta sensibilidad para HPLC con detecci\u00f3n EC. La c\u00e9lula tiene un tiempo de estabilizaci\u00f3n muy corto.\" \/>\n<meta property=\"og:url\" content=\"https:\/\/antecscientific.com\/es\/productos\/celdas-de-flujo\/celula-vt03\/\" \/>\n<meta property=\"og:site_name\" content=\"Antec Scientific\" \/>\n<meta property=\"article:modified_time\" content=\"2024-11-03T19:15:44+00:00\" \/>\n<meta name=\"twitter:card\" content=\"summary_large_image\" \/>\n<meta name=\"twitter:label1\" content=\"Tiempo de lectura\" \/>\n\t<meta name=\"twitter:data1\" content=\"5 minutos\" \/>\n<script type=\"application\/ld+json\" class=\"yoast-schema-graph\">{\"@context\":\"https:\\\/\\\/schema.org\",\"@graph\":[{\"@type\":\"WebPage\",\"@id\":\"https:\\\/\\\/antecscientific.com\\\/es\\\/productos\\\/celdas-de-flujo\\\/celula-vt03\\\/\",\"url\":\"https:\\\/\\\/antecscientific.com\\\/es\\\/productos\\\/celdas-de-flujo\\\/celula-vt03\\\/\",\"name\":\"C\u00e9lula VT03 - Antec Scientific\",\"isPartOf\":{\"@id\":\"https:\\\/\\\/antecscientific.com\\\/es\\\/#website\"},\"datePublished\":\"2020-08-11T15:25:38+00:00\",\"dateModified\":\"2024-11-03T19:15:44+00:00\",\"description\":\"La c\u00e9lula VT03 es una c\u00e9lula de flujo de alta sensibilidad para HPLC con detecci\u00f3n EC. La c\u00e9lula tiene un tiempo de estabilizaci\u00f3n muy corto.\",\"breadcrumb\":{\"@id\":\"https:\\\/\\\/antecscientific.com\\\/es\\\/productos\\\/celdas-de-flujo\\\/celula-vt03\\\/#breadcrumb\"},\"inLanguage\":\"es\",\"potentialAction\":[{\"@type\":\"ReadAction\",\"target\":[\"https:\\\/\\\/antecscientific.com\\\/es\\\/productos\\\/celdas-de-flujo\\\/celula-vt03\\\/\"]}]},{\"@type\":\"BreadcrumbList\",\"@id\":\"https:\\\/\\\/antecscientific.com\\\/es\\\/productos\\\/celdas-de-flujo\\\/celula-vt03\\\/#breadcrumb\",\"itemListElement\":[{\"@type\":\"ListItem\",\"position\":1,\"name\":\"Productos\",\"item\":\"https:\\\/\\\/antecscientific.com\\\/es\\\/productos\\\/\"},{\"@type\":\"ListItem\",\"position\":2,\"name\":\"Celdas de flujo\",\"item\":\"https:\\\/\\\/antecscientific.com\\\/es\\\/productos\\\/celdas-de-flujo\\\/\"},{\"@type\":\"ListItem\",\"position\":3,\"name\":\"C\u00e9lula VT03\"}]},{\"@type\":\"WebSite\",\"@id\":\"https:\\\/\\\/antecscientific.com\\\/es\\\/#website\",\"url\":\"https:\\\/\\\/antecscientific.com\\\/es\\\/\",\"name\":\"Antec Scientific\",\"description\":\"Supporting research to improve quality of life\",\"potentialAction\":[{\"@type\":\"SearchAction\",\"target\":{\"@type\":\"EntryPoint\",\"urlTemplate\":\"https:\\\/\\\/antecscientific.com\\\/es\\\/?s={search_term_string}\"},\"query-input\":{\"@type\":\"PropertyValueSpecification\",\"valueRequired\":true,\"valueName\":\"search_term_string\"}}],\"inLanguage\":\"es\"}]}<\/script>\n<!-- \/ Yoast SEO plugin. -->","yoast_head_json":{"title":"C\u00e9lula VT03 - Antec Scientific","description":"La c\u00e9lula VT03 es una c\u00e9lula de flujo de alta sensibilidad para HPLC con detecci\u00f3n EC. La c\u00e9lula tiene un tiempo de estabilizaci\u00f3n muy corto.","robots":{"index":"index","follow":"follow","max-snippet":"max-snippet:-1","max-image-preview":"max-image-preview:large","max-video-preview":"max-video-preview:-1"},"canonical":"https:\/\/antecscientific.com\/es\/productos\/celdas-de-flujo\/celula-vt03\/","og_locale":"es_ES","og_type":"article","og_title":"C\u00e9lula VT03 - Antec Scientific","og_description":"La c\u00e9lula VT03 es una c\u00e9lula de flujo de alta sensibilidad para HPLC con detecci\u00f3n EC. La c\u00e9lula tiene un tiempo de estabilizaci\u00f3n muy corto.","og_url":"https:\/\/antecscientific.com\/es\/productos\/celdas-de-flujo\/celula-vt03\/","og_site_name":"Antec Scientific","article_modified_time":"2024-11-03T19:15:44+00:00","twitter_card":"summary_large_image","twitter_misc":{"Tiempo de lectura":"5 minutos"},"schema":{"@context":"https:\/\/schema.org","@graph":[{"@type":"WebPage","@id":"https:\/\/antecscientific.com\/es\/productos\/celdas-de-flujo\/celula-vt03\/","url":"https:\/\/antecscientific.com\/es\/productos\/celdas-de-flujo\/celula-vt03\/","name":"C\u00e9lula VT03 - Antec Scientific","isPartOf":{"@id":"https:\/\/antecscientific.com\/es\/#website"},"datePublished":"2020-08-11T15:25:38+00:00","dateModified":"2024-11-03T19:15:44+00:00","description":"La c\u00e9lula VT03 es una c\u00e9lula de flujo de alta sensibilidad para HPLC con detecci\u00f3n EC. La c\u00e9lula tiene un tiempo de estabilizaci\u00f3n muy corto.","breadcrumb":{"@id":"https:\/\/antecscientific.com\/es\/productos\/celdas-de-flujo\/celula-vt03\/#breadcrumb"},"inLanguage":"es","potentialAction":[{"@type":"ReadAction","target":["https:\/\/antecscientific.com\/es\/productos\/celdas-de-flujo\/celula-vt03\/"]}]},{"@type":"BreadcrumbList","@id":"https:\/\/antecscientific.com\/es\/productos\/celdas-de-flujo\/celula-vt03\/#breadcrumb","itemListElement":[{"@type":"ListItem","position":1,"name":"Productos","item":"https:\/\/antecscientific.com\/es\/productos\/"},{"@type":"ListItem","position":2,"name":"Celdas de flujo","item":"https:\/\/antecscientific.com\/es\/productos\/celdas-de-flujo\/"},{"@type":"ListItem","position":3,"name":"C\u00e9lula VT03"}]},{"@type":"WebSite","@id":"https:\/\/antecscientific.com\/es\/#website","url":"https:\/\/antecscientific.com\/es\/","name":"Antec Scientific","description":"Supporting research to improve quality of life","potentialAction":[{"@type":"SearchAction","target":{"@type":"EntryPoint","urlTemplate":"https:\/\/antecscientific.com\/es\/?s={search_term_string}"},"query-input":{"@type":"PropertyValueSpecification","valueRequired":true,"valueName":"search_term_string"}}],"inLanguage":"es"}]}},"_links":{"self":[{"href":"https:\/\/antecscientific.com\/es\/wp-json\/wp\/v2\/pages\/14905","targetHints":{"allow":["GET"]}}],"collection":[{"href":"https:\/\/antecscientific.com\/es\/wp-json\/wp\/v2\/pages"}],"about":[{"href":"https:\/\/antecscientific.com\/es\/wp-json\/wp\/v2\/types\/page"}],"author":[{"embeddable":true,"href":"https:\/\/antecscientific.com\/es\/wp-json\/wp\/v2\/users\/3"}],"replies":[{"embeddable":true,"href":"https:\/\/antecscientific.com\/es\/wp-json\/wp\/v2\/comments?post=14905"}],"version-history":[{"count":18,"href":"https:\/\/antecscientific.com\/es\/wp-json\/wp\/v2\/pages\/14905\/revisions"}],"predecessor-version":[{"id":27999,"href":"https:\/\/antecscientific.com\/es\/wp-json\/wp\/v2\/pages\/14905\/revisions\/27999"}],"up":[{"embeddable":true,"href":"https:\/\/antecscientific.com\/es\/wp-json\/wp\/v2\/pages\/14901"}],"wp:attachment":[{"href":"https:\/\/antecscientific.com\/es\/wp-json\/wp\/v2\/media?parent=14905"}],"curies":[{"name":"wp","href":"https:\/\/api.w.org\/{rel}","templated":true}]}}