{"id":35346,"date":"2026-01-18T11:18:36","date_gmt":"2026-01-18T10:18:36","guid":{"rendered":"https:\/\/antecscientific.com\/ueber\/productie-medewerker\/"},"modified":"2026-01-18T11:55:32","modified_gmt":"2026-01-18T10:55:32","slug":"productie-medewerker","status":"publish","type":"page","link":"https:\/\/antecscientific.com\/de\/ueber\/karriere\/productie-medewerker\/","title":{"rendered":"Productiemedewerker"},"content":{"rendered":"<p>[et_pb_section fb_built=&#8220;1&#8243; admin_label=&#8220;Header&#8220; _builder_version=&#8220;4.16&#8243; background_image=&#8220;https:\/\/antecscientific.com\/wp-content\/uploads\/2021\/11\/11_img.jpg&#8220; parallax=&#8220;on&#8220; custom_padding=&#8220;2vw|0px|200px|0px|false|false&#8220; collapsed=&#8220;on&#8220; global_colors_info=&#8220;{}&#8220;][et_pb_row _builder_version=&#8220;4.16&#8243; global_colors_info=&#8220;{}&#8220;][et_pb_column type=&#8220;4_4&#8243; _builder_version=&#8220;4.16&#8243; custom_padding=&#8220;|||&#8220; global_colors_info=&#8220;{}&#8220; custom_padding__hover=&#8220;|||&#8220;][et_pb_text admin_label=&#8220;Breadcrumbs (don&#8217;t touch)&#8220; _builder_version=&#8220;4.16&#8243; text_font=&#8220;|700|||||||&#8220; text_text_color=&#8220;#ffffff&#8220; text_font_size=&#8220;15px&#8220; link_font=&#8220;|700|||||||&#8220; link_text_color=&#8220;#ffffff&#8220; link_font_size=&#8220;15px&#8220; global_colors_info=&#8220;{}&#8220;][\/et_pb_text][et_pb_text admin_label=&#8220;Big page title (don&#8217;t touch)&#8220; _builder_version=&#8220;4.16&#8243; _dynamic_attributes=&#8220;content&#8220; text_font=&#8220;||||||||&#8220; header_font=&#8220;|700|||||||&#8220; header_text_color=&#8220;#ffffff&#8220; header_font_size=&#8220;80px&#8220; header_line_height=&#8220;1.2em&#8220; header_5_font=&#8220;Raleway|700||on|||||&#8220; header_5_text_color=&#8220;#000000&#8243; header_5_font_size=&#8220;20px&#8220; header_5_letter_spacing=&#8220;0.5em&#8220; header_5_line_height=&#8220;1.8em&#8220; animation_style=&#8220;zoom&#8220; animation_intensity_zoom=&#8220;5%&#8220; header_font_size_tablet=&#8220;48px&#8220; header_font_size_phone=&#8220;32px&#8220; header_font_size_last_edited=&#8220;on|phone&#8220; header_5_font_size_tablet=&#8220;14px&#8220; header_5_font_size_phone=&#8220;12px&#8220; header_5_font_size_last_edited=&#8220;on|desktop&#8220; global_colors_info=&#8220;{}&#8220;]@ET-DC@eyJkeW5hbWljIjp0cnVlLCJjb250ZW50IjoicG9zdF90aXRsZSIsInNldHRpbmdzIjp7ImJlZm9yZSI6IjxoMT4iLCJhZnRlciI6IjxcL2gxPiJ9fQ==@[\/et_pb_text][\/et_pb_column][\/et_pb_row][\/et_pb_section][et_pb_section fb_built=&#8220;1&#8243; admin_label=&#8220;Content&#8220; _builder_version=&#8220;4.16&#8243; background_color=&#8220;#ffffff&#8220; max_width=&#8220;90%&#8220; max_width_tablet=&#8220;&#8220; max_width_phone=&#8220;100%&#8220; max_width_last_edited=&#8220;on|phone&#8220; custom_margin=&#8220;-160px||0px||false|false&#8220; custom_padding=&#8220;||0px||false|false&#8220; border_color_all=&#8220;#ffffff&#8220; border_width_left=&#8220;10vw&#8220; global_colors_info=&#8220;{}&#8220;][et_pb_row column_structure=&#8220;2_3,1_3&#8243; custom_padding_last_edited=&#8220;on|phone&#8220; _builder_version=&#8220;4.16&#8243; width=&#8220;auto&#8220; max_width=&#8220;none&#8220; custom_padding=&#8220;27px|0|27px|0px|false|false&#8220; custom_padding_tablet=&#8220;|0px||0px||true&#8220; custom_padding_phone=&#8220;|10%||0px|false|false&#8220; global_colors_info=&#8220;{}&#8220;][et_pb_column type=&#8220;2_3&#8243; _builder_version=&#8220;4.16&#8243; custom_padding=&#8220;|||&#8220; global_colors_info=&#8220;{}&#8220; custom_padding__hover=&#8220;|||&#8220;][et_pb_text admin_label=&#8220;Subtitle&#8220; _builder_version=&#8220;4.27.5&#8243; text_font=&#8220;||||||||&#8220; text_line_height=&#8220;2em&#8220; header_font=&#8220;||||||||&#8220; header_2_font=&#8220;|600||on|||||&#8220; header_2_text_color=&#8220;#df0834&#8243; header_2_font_size=&#8220;20px&#8220; header_2_line_height=&#8220;1.4em&#8220; header_6_font=&#8220;|700||on|||||&#8220; header_6_font_size=&#8220;16px&#8220; header_6_letter_spacing=&#8220;5px&#8220; header_6_line_height=&#8220;1.8em&#8220; max_width=&#8220;700px&#8220; module_alignment=&#8220;center&#8220; custom_margin=&#8220;||0px||false|false&#8220; custom_padding=&#8220;||0px||false|false&#8220; header_2_font_size_tablet=&#8220;25px&#8220; header_2_font_size_phone=&#8220;25px&#8220; header_2_font_size_last_edited=&#8220;on|phone&#8220; global_colors_info=&#8220;{}&#8220;]<\/p>\n<h2>Productiemedewerker<\/h2>\n<p>[\/et_pb_text][et_pb_text content_last_edited=&#8220;off|desktop&#8220; admin_label=&#8220;Paragraph&#8220; _builder_version=&#8220;4.27.5&#8243; text_font=&#8220;||||||||&#8220; text_font_size=&#8220;18px&#8220; text_line_height=&#8220;2em&#8220; header_font=&#8220;||||||||&#8220; header_2_font=&#8220;Raleway|700|||||||&#8220; header_2_font_size=&#8220;50px&#8220; header_2_line_height=&#8220;1.4em&#8220; header_6_font=&#8220;Raleway|700||on|||||&#8220; header_6_font_size=&#8220;16px&#8220; header_6_letter_spacing=&#8220;5px&#8220; header_6_line_height=&#8220;1.8em&#8220; text_orientation=&#8220;justified&#8220; max_width=&#8220;700px&#8220; module_alignment=&#8220;center&#8220; custom_margin=&#8220;0px||||false|false&#8220; custom_padding=&#8220;0px||||false|false&#8220; header_2_font_size_tablet=&#8220;35px&#8220; header_2_font_size_phone=&#8220;25px&#8220; header_2_font_size_last_edited=&#8220;on|phone&#8220; text_orientation_tablet=&#8220;&#8220; text_orientation_phone=&#8220;left&#8220; text_orientation_last_edited=&#8220;on|desktop&#8220; global_colors_info=&#8220;{}&#8220;]<\/p>\n<p>Suchen Sie eine selbst\u00e4ndige T\u00e4tigkeit in einem gut funktionierenden Team? Bei Antec Scientific in Alphen aan den Rijn haben Sie die M\u00f6glichkeit, in einem dynamischen Arbeitsumfeld zu arbeiten. Wir suchen eine neue Kollegin oder einen neuen Kollegen f\u00fcr die Abteilung Logistiek\/Productie. Sind Sie derjenige, den wir suchen? Lesen Sie weiter!    <\/p>\n<p>&nbsp;<\/p>\n<h3>Funktionelle Beschreibung<\/h3>\n<p>Sie gehen zur Montageabteilung, in der Sie f\u00fcr die Montage, das Testen und die Herstellung von Ger\u00e4ten zust\u00e4ndig sind. Wir suchen jemanden, der als erfahrener <strong>Teamleader <\/strong>auch bei der Planung und dem Aufbau der Anlage mitwirkt. So helfen Sie uns, Produkte schnell und effizient an Kunden in aller Welt zu liefern.  <\/p>\n<p>Je werkzaamheden bestaan uit:<\/p>\n<ul>\n<li>Planung: doorzetten van verkooporders naar productieorders<\/li>\n<li>Zusammenbau von elektronischen Ger\u00e4ten<\/li>\n<li>Samenwerken mit Kollegen f\u00fcr einen reibungslosen Produktivit\u00e4tsprozess<\/li>\n<li>Monteren en polijsten van meetcellen<\/li>\n<li>Opbouwen en klaarzetten van pallets en pakketten voor verzending<\/li>\n<\/ul>\n<p>&nbsp;<\/p>\n<p>Je komt te werken op ons kantoor in Alphen aan den Rijn. Er geh\u00f6rt zu einem gut funktionierenden Team von 15 Kolleginnen und Kollegen. Wir haben keine langen Wartezeiten, aber wir sind bereit, uns auf neue Projekte einzulassen und Klienten zu beraten.<\/p>\n<p>&nbsp;<\/p>\n<h3>Was macht die perfekte Kandidatur aus?<\/h3>\n<p>Wir suchen eine Kollegin, die geduldig und detailverliebt arbeitet. Sie arbeiten auf dem Niveau eines MBO, auf elektronischem Niveau und in der Elektronikbranche.  Wir sind ein breit gef\u00e4chertes Unternehmen, in dem Ingenieure, Techniker, Vertriebsmitarbeiter, Logistiker und Produktmanager aus verschiedenen Regionen und L\u00e4ndern zusammenarbeiten. Nur durch die Verschmelzung entstehen verr\u00e4terische Eindr\u00fccke. En dat past dan erg goed bij ons als organisatie. Wir wissen, wie ich mich f\u00fchle und welche F\u00e4higkeiten und Erfahrungen ich mitbringe.<\/p>\n<ul>\n<li>Ervaring met elektronica, zoals het test, programmeren, controleren, repareren van PCB&#8217;s en het werken met detectoren en bekabeling<\/li>\n<li>Instrumentele vaardigheden, bijvoorbeeld ervaring met fijnmechanische montage, werken met een draaibank en het assembleren van meetcellen<\/li>\n<li>Affinit\u00e4t zu logistischen Prozessen, wie z.B. dem Ausladen, dem Einpacken von Ger\u00e4ten und dem Aufstellen von Paletten f\u00fcr den Verkauf<\/li>\n<li>Goede beheersing van de Nederlandse of Engelse taal (schriftelijk en mondeling)<\/li>\n<li>Je hebt interesse in het werken met elektrische apparatuur, computers, etc.<\/li>\n<li>Je woont in de regio West-Nederland<\/li>\n<\/ul>\n<p>&nbsp;<\/p>\n<h3>Wir bieten Ihnen<\/h3>\n<p>Bei Antec Scientific haben Sie die M\u00f6glichkeit, sich in einer dynamischen Arbeitsumgebung mit viel Flexibilit\u00e4t und Flexibilit\u00e4t zurechtzufinden. Wir bieten Ihnen ein umfangreiches Paket an Arbeitsmitteln, wie z.B.: <\/p>\n<ul>\n<li>Uitzicht op een vast dienstverband bij goed functioneren en wederzijdse tevredenheid<\/li>\n<li>Schulungen und Trainings, um sich weiterzubilden<\/li>\n<li>Reiskostenvergoeding von einer NS Business kaart<\/li>\n<li>24 vakantiedagen, uitbreidbaar naar 35 dagen<\/li>\n<li>Pensioenopbouw<\/li>\n<li>Vertrauen in Ihre Arbeit und die Bereitschaft, alle Facetten des Prozesses zu beherrschen<\/li>\n<li>Selbstst\u00e4ndig arbeiten und Verantwortung \u00fcbernehmen<\/li>\n<li>Ein starkes, gemeinsames Team<\/li>\n<li>Jaarlijkse feestjes of teamactiviteiten<\/li>\n<li>Eine fantastische Aussicht<\/li>\n<li>Kerstpakket in geld<\/li>\n<\/ul>\n<p>&nbsp;<\/p>\n<h3>Wie sind wir<\/h3>\n<p>Antec Scientific entwickelt und vertreibt Analyseger\u00e4te f\u00fcr Forschungslaboratorien in der ganzen Welt. Wir wenden Analysemethoden an, um Stoffe zu diagnostizieren und die Qualit\u00e4t zu kontrollieren. Een paar voorbeelden: met onze apparatuur kunnen catecholamines in bloed worden gemeten, belangrijke tumor markers in bestrijding van kanker. Wir k\u00f6nnen die gehaltvolle Laktose in laktosehaltigen Produkten unter dem Gesichtspunkt der Unbedenklichkeit beibehalten. Zu unseren Kunden geh\u00f6ren Schulen, Universit\u00e4ten, landwirtschaftliche Betriebe, Lebensmittelhersteller und Forschungslabors in der ganzen Welt.<\/p>\n<p>&nbsp;<\/p>\n<h3>Solliciteren<\/h3>\n<p>Stuur een email met cv naar <a href=\"mailto:careers@antecscientific.com?subject=Sollicitatie%20commercieel%20administratief%20medewerker\">careers@antecscientific.com<\/a> t.n.v. dhr. N. Reinhoud.<\/p>\n<p>[\/et_pb_text][\/et_pb_column][et_pb_column type=&#8220;1_3&#8243; _builder_version=&#8220;4.16&#8243; custom_padding=&#8220;5%|5%|||false|false&#8220; global_colors_info=&#8220;{}&#8220; custom_padding__hover=&#8220;|||&#8220;][et_pb_image src=&#8220;https:\/\/antecscientific.com\/wp-content\/uploads\/2025\/12\/assemblage-300&#215;225.jpg&#8220; title_text=&#8220;Assemblage&#8220; _builder_version=&#8220;4.27.5&#8243; _module_preset=&#8220;default&#8220; global_colors_info=&#8220;{}&#8220;][\/et_pb_image][et_pb_button button_url=&#8220;mailto:careers@antecscientific.com?Subject=Sollicitatie%20productiemedewerker&#8220; button_text=&#8220;Reageer nu!&#8220; button_alignment=&#8220;center&#8220; _builder_version=&#8220;4.27.5&#8243; _module_preset=&#8220;default&#8220; global_colors_info=&#8220;{}&#8220;][\/et_pb_button][et_pb_image src=&#8220;https:\/\/antecscientific.com\/wp-content\/uploads\/2025\/12\/magazijn-pallets-300&#215;225.jpg&#8220; title_text=&#8220;magazinierte Paletten&#8220; _builder_version=&#8220;4.27.5&#8243; _module_preset=&#8220;default&#8220; global_colors_info=&#8220;{}&#8220;][\/et_pb_image][et_pb_image src=&#8220;https:\/\/antecscientific.com\/wp-content\/uploads\/2025\/12\/inpakken-voor-verzending-300&#215;225.jpg&#8220; title_text=&#8220;inpakken-voor-verzending&#8220; _builder_version=&#8220;4.27.5&#8243; _module_preset=&#8220;default&#8220; global_colors_info=&#8220;{}&#8220;][\/et_pb_image][et_pb_image src=&#8220;https:\/\/antecscientific.com\/wp-content\/uploads\/2025\/12\/20221021_144522-300&#215;225.jpg&#8220; title_text=&#8220;20221021_144522&#8243; _builder_version=&#8220;4.27.5&#8243; _module_preset=&#8220;default&#8220; global_colors_info=&#8220;{}&#8220;][\/et_pb_image][et_pb_button button_url=&#8220;mailto:careers@antecscientific.com?Subject=Sollicitatie%20productiemedewerker&#8220; button_text=&#8220;Reageer nu!&#8220; button_alignment=&#8220;center&#8220; _builder_version=&#8220;4.27.5&#8243; _module_preset=&#8220;default&#8220; global_colors_info=&#8220;{}&#8220;][\/et_pb_button][\/et_pb_column][\/et_pb_row][\/et_pb_section]<\/p>\n","protected":false},"excerpt":{"rendered":"<p>ProductiemedewerkerSuchen Sie eine selbst\u00e4ndige T\u00e4tigkeit in einem gut funktionierenden Team? Bei Antec Scientific in Alphen aan den Rijn haben Sie die M\u00f6glichkeit, in einem dynamischen Arbeitsumfeld zu arbeiten. Wir suchen eine neue Kollegin oder einen neuen Kollegen f\u00fcr die Abteilung Logistiek\/Productie. Sind Sie derjenige, den wir suchen? Lesen Sie weiter! &nbsp; Funktionelle Beschreibung Sie gehen [&hellip;]<\/p>\n","protected":false},"author":3,"featured_media":0,"parent":13034,"menu_order":0,"comment_status":"closed","ping_status":"closed","template":"","meta":{"_et_pb_use_builder":"on","_et_pb_old_content":"","_et_gb_content_width":"","footnotes":""},"class_list":["post-35346","page","type-page","status-publish","hentry"],"yoast_head":"<!-- This site is optimized with the Yoast SEO plugin v27.3 - https:\/\/yoast.com\/product\/yoast-seo-wordpress\/ -->\n<title>Productiemedewerker - Antec Scientific<\/title>\n<meta name=\"description\" content=\"F\u00fcr unseren neuen Standort in Alphen aan den Rijn suchen wir eine\/n Verwaltungsangestellte\/n f\u00fcr die Auftragsverwaltung f\u00fcr 24-32 Stunden pro Woche.\" \/>\n<meta name=\"robots\" content=\"index, follow, max-snippet:-1, max-image-preview:large, max-video-preview:-1\" \/>\n<link rel=\"canonical\" href=\"https:\/\/antecscientific.com\/de\/ueber\/karriere\/productie-medewerker\/\" \/>\n<meta property=\"og:locale\" content=\"de_DE\" \/>\n<meta property=\"og:type\" content=\"article\" \/>\n<meta property=\"og:title\" content=\"Productiemedewerker - Antec Scientific\" \/>\n<meta property=\"og:description\" content=\"F\u00fcr unseren neuen Standort in Alphen aan den Rijn suchen wir eine\/n Verwaltungsangestellte\/n f\u00fcr die Auftragsverwaltung f\u00fcr 24-32 Stunden pro Woche.\" \/>\n<meta property=\"og:url\" content=\"https:\/\/antecscientific.com\/de\/ueber\/karriere\/productie-medewerker\/\" \/>\n<meta property=\"og:site_name\" content=\"Antec Scientific\" \/>\n<meta property=\"article:modified_time\" content=\"2026-01-18T10:55:32+00:00\" \/>\n<meta name=\"twitter:card\" content=\"summary_large_image\" \/>\n<meta name=\"twitter:label1\" content=\"Gesch\u00e4tzte Lesezeit\" \/>\n\t<meta name=\"twitter:data1\" content=\"6\u00a0Minuten\" \/>\n<script type=\"application\/ld+json\" class=\"yoast-schema-graph\">{\"@context\":\"https:\\\/\\\/schema.org\",\"@graph\":[{\"@type\":\"WebPage\",\"@id\":\"https:\\\/\\\/antecscientific.com\\\/de\\\/ueber\\\/karriere\\\/productie-medewerker\\\/\",\"url\":\"https:\\\/\\\/antecscientific.com\\\/de\\\/ueber\\\/karriere\\\/productie-medewerker\\\/\",\"name\":\"Productiemedewerker - Antec Scientific\",\"isPartOf\":{\"@id\":\"https:\\\/\\\/antecscientific.com\\\/de\\\/#website\"},\"datePublished\":\"2026-01-18T10:18:36+00:00\",\"dateModified\":\"2026-01-18T10:55:32+00:00\",\"description\":\"F\u00fcr unseren neuen Standort in Alphen aan den Rijn suchen wir eine\\\/n Verwaltungsangestellte\\\/n f\u00fcr die Auftragsverwaltung f\u00fcr 24-32 Stunden pro Woche.\",\"breadcrumb\":{\"@id\":\"https:\\\/\\\/antecscientific.com\\\/de\\\/ueber\\\/karriere\\\/productie-medewerker\\\/#breadcrumb\"},\"inLanguage\":\"de\",\"potentialAction\":[{\"@type\":\"ReadAction\",\"target\":[\"https:\\\/\\\/antecscientific.com\\\/de\\\/ueber\\\/karriere\\\/productie-medewerker\\\/\"]}]},{\"@type\":\"BreadcrumbList\",\"@id\":\"https:\\\/\\\/antecscientific.com\\\/de\\\/ueber\\\/karriere\\\/productie-medewerker\\\/#breadcrumb\",\"itemListElement\":[{\"@type\":\"ListItem\",\"position\":1,\"name\":\"\u00dcber\",\"item\":\"https:\\\/\\\/antecscientific.com\\\/de\\\/ueber\\\/\"},{\"@type\":\"ListItem\",\"position\":2,\"name\":\"Karriere\",\"item\":\"https:\\\/\\\/antecscientific.com\\\/de\\\/ueber\\\/karriere\\\/\"},{\"@type\":\"ListItem\",\"position\":3,\"name\":\"Productiemedewerker\"}]},{\"@type\":\"WebSite\",\"@id\":\"https:\\\/\\\/antecscientific.com\\\/de\\\/#website\",\"url\":\"https:\\\/\\\/antecscientific.com\\\/de\\\/\",\"name\":\"Antec Scientific\",\"description\":\"Supporting research to improve quality of life\",\"potentialAction\":[{\"@type\":\"SearchAction\",\"target\":{\"@type\":\"EntryPoint\",\"urlTemplate\":\"https:\\\/\\\/antecscientific.com\\\/de\\\/?s={search_term_string}\"},\"query-input\":{\"@type\":\"PropertyValueSpecification\",\"valueRequired\":true,\"valueName\":\"search_term_string\"}}],\"inLanguage\":\"de\"}]}<\/script>\n<!-- \/ Yoast SEO plugin. -->","yoast_head_json":{"title":"Productiemedewerker - Antec Scientific","description":"F\u00fcr unseren neuen Standort in Alphen aan den Rijn suchen wir eine\/n Verwaltungsangestellte\/n f\u00fcr die Auftragsverwaltung f\u00fcr 24-32 Stunden pro Woche.","robots":{"index":"index","follow":"follow","max-snippet":"max-snippet:-1","max-image-preview":"max-image-preview:large","max-video-preview":"max-video-preview:-1"},"canonical":"https:\/\/antecscientific.com\/de\/ueber\/karriere\/productie-medewerker\/","og_locale":"de_DE","og_type":"article","og_title":"Productiemedewerker - Antec Scientific","og_description":"F\u00fcr unseren neuen Standort in Alphen aan den Rijn suchen wir eine\/n Verwaltungsangestellte\/n f\u00fcr die Auftragsverwaltung f\u00fcr 24-32 Stunden pro Woche.","og_url":"https:\/\/antecscientific.com\/de\/ueber\/karriere\/productie-medewerker\/","og_site_name":"Antec Scientific","article_modified_time":"2026-01-18T10:55:32+00:00","twitter_card":"summary_large_image","twitter_misc":{"Gesch\u00e4tzte Lesezeit":"6\u00a0Minuten"},"schema":{"@context":"https:\/\/schema.org","@graph":[{"@type":"WebPage","@id":"https:\/\/antecscientific.com\/de\/ueber\/karriere\/productie-medewerker\/","url":"https:\/\/antecscientific.com\/de\/ueber\/karriere\/productie-medewerker\/","name":"Productiemedewerker - Antec Scientific","isPartOf":{"@id":"https:\/\/antecscientific.com\/de\/#website"},"datePublished":"2026-01-18T10:18:36+00:00","dateModified":"2026-01-18T10:55:32+00:00","description":"F\u00fcr unseren neuen Standort in Alphen aan den Rijn suchen wir eine\/n Verwaltungsangestellte\/n f\u00fcr die Auftragsverwaltung f\u00fcr 24-32 Stunden pro Woche.","breadcrumb":{"@id":"https:\/\/antecscientific.com\/de\/ueber\/karriere\/productie-medewerker\/#breadcrumb"},"inLanguage":"de","potentialAction":[{"@type":"ReadAction","target":["https:\/\/antecscientific.com\/de\/ueber\/karriere\/productie-medewerker\/"]}]},{"@type":"BreadcrumbList","@id":"https:\/\/antecscientific.com\/de\/ueber\/karriere\/productie-medewerker\/#breadcrumb","itemListElement":[{"@type":"ListItem","position":1,"name":"\u00dcber","item":"https:\/\/antecscientific.com\/de\/ueber\/"},{"@type":"ListItem","position":2,"name":"Karriere","item":"https:\/\/antecscientific.com\/de\/ueber\/karriere\/"},{"@type":"ListItem","position":3,"name":"Productiemedewerker"}]},{"@type":"WebSite","@id":"https:\/\/antecscientific.com\/de\/#website","url":"https:\/\/antecscientific.com\/de\/","name":"Antec Scientific","description":"Supporting research to improve quality of life","potentialAction":[{"@type":"SearchAction","target":{"@type":"EntryPoint","urlTemplate":"https:\/\/antecscientific.com\/de\/?s={search_term_string}"},"query-input":{"@type":"PropertyValueSpecification","valueRequired":true,"valueName":"search_term_string"}}],"inLanguage":"de"}]}},"_links":{"self":[{"href":"https:\/\/antecscientific.com\/de\/wp-json\/wp\/v2\/pages\/35346","targetHints":{"allow":["GET"]}}],"collection":[{"href":"https:\/\/antecscientific.com\/de\/wp-json\/wp\/v2\/pages"}],"about":[{"href":"https:\/\/antecscientific.com\/de\/wp-json\/wp\/v2\/types\/page"}],"author":[{"embeddable":true,"href":"https:\/\/antecscientific.com\/de\/wp-json\/wp\/v2\/users\/3"}],"replies":[{"embeddable":true,"href":"https:\/\/antecscientific.com\/de\/wp-json\/wp\/v2\/comments?post=35346"}],"version-history":[{"count":27,"href":"https:\/\/antecscientific.com\/de\/wp-json\/wp\/v2\/pages\/35346\/revisions"}],"predecessor-version":[{"id":35521,"href":"https:\/\/antecscientific.com\/de\/wp-json\/wp\/v2\/pages\/35346\/revisions\/35521"}],"up":[{"embeddable":true,"href":"https:\/\/antecscientific.com\/de\/wp-json\/wp\/v2\/pages\/13034"}],"wp:attachment":[{"href":"https:\/\/antecscientific.com\/de\/wp-json\/wp\/v2\/media?parent=35346"}],"curies":[{"name":"wp","href":"https:\/\/api.w.org\/{rel}","templated":true}]}}