{"id":35004,"date":"2025-12-17T16:50:07","date_gmt":"2025-12-17T15:50:07","guid":{"rendered":"https:\/\/antecscientific.com\/ueber\/veranstaltungen\/analytica-2026\/"},"modified":"2025-12-18T17:41:32","modified_gmt":"2025-12-18T16:41:32","slug":"analytica-2026","status":"publish","type":"page","link":"https:\/\/antecscientific.com\/de\/ueber\/veranstaltungen\/analytica-2026\/","title":{"rendered":"Analytica 2026"},"content":{"rendered":"<p>[et_pb_section fb_built=&#8220;1&#8243; admin_label=&#8220;Header&#8220; _builder_version=&#8220;4.16&#8243; background_image=&#8220;https:\/\/antecscientific.com\/wp-content\/uploads\/2020\/11\/usa.jpg&#8220; parallax=&#8220;on&#8220; custom_padding=&#8220;2vw|0px|200px|0px|false|false&#8220; collapsed=&#8220;on&#8220; global_colors_info=&#8220;{}&#8220;][et_pb_row _builder_version=&#8220;4.16&#8243; global_colors_info=&#8220;{}&#8220;][et_pb_column type=&#8220;4_4&#8243; _builder_version=&#8220;4.16&#8243; custom_padding=&#8220;|||&#8220; global_colors_info=&#8220;{}&#8220; custom_padding__hover=&#8220;|||&#8220;][et_pb_text admin_label=&#8220;Breadcrumbs (don&#8217;t touch)&#8220; _builder_version=&#8220;4.16&#8243; text_font=&#8220;|700|||||||&#8220; text_text_color=&#8220;#ffffff&#8220; text_font_size=&#8220;15px&#8220; link_font=&#8220;|700|||||||&#8220; link_text_color=&#8220;#ffffff&#8220; link_font_size=&#8220;15px&#8220; global_colors_info=&#8220;{}&#8220;][\/et_pb_text][et_pb_text admin_label=&#8220;Big page title (don&#8217;t touch)&#8220; _builder_version=&#8220;4.16&#8243; _dynamic_attributes=&#8220;content&#8220; text_font=&#8220;||||||||&#8220; header_font=&#8220;|700|||||||&#8220; header_text_color=&#8220;#ffffff&#8220; header_font_size=&#8220;80px&#8220; header_line_height=&#8220;1.2em&#8220; header_5_font=&#8220;Raleway|700||on|||||&#8220; header_5_text_color=&#8220;#000000&#8243; header_5_font_size=&#8220;20px&#8220; header_5_letter_spacing=&#8220;0.5em&#8220; header_5_line_height=&#8220;1.8em&#8220; animation_style=&#8220;zoom&#8220; animation_intensity_zoom=&#8220;5%&#8220; header_font_size_tablet=&#8220;48px&#8220; header_font_size_phone=&#8220;32px&#8220; header_font_size_last_edited=&#8220;on|phone&#8220; header_5_font_size_tablet=&#8220;14px&#8220; header_5_font_size_phone=&#8220;12px&#8220; header_5_font_size_last_edited=&#8220;on|desktop&#8220; global_colors_info=&#8220;{}&#8220;]@ET-DC@eyJkeW5hbWljIjp0cnVlLCJjb250ZW50IjoicG9zdF90aXRsZSIsInNldHRpbmdzIjp7ImJlZm9yZSI6IjxoMT4iLCJhZnRlciI6IjxcL2gxPiJ9fQ==@[\/et_pb_text][\/et_pb_column][\/et_pb_row][\/et_pb_section][et_pb_section fb_built=&#8220;1&#8243; admin_label=&#8220;Content&#8220; _builder_version=&#8220;4.20.4&#8243; background_color=&#8220;#ffffff&#8220; max_width=&#8220;90%&#8220; max_width_tablet=&#8220;&#8220; max_width_phone=&#8220;100%&#8220; max_width_last_edited=&#8220;on|phone&#8220; custom_margin=&#8220;-160px||0px||false|false&#8220; custom_padding=&#8220;||0px||false|false&#8220; border_color_all=&#8220;#ffffff&#8220; border_width_left=&#8220;10vw&#8220; global_colors_info=&#8220;{}&#8220;][et_pb_row column_structure=&#8220;2_3,1_3&#8243; custom_padding_last_edited=&#8220;on|phone&#8220; disabled_on=&#8220;off|off|off&#8220; _builder_version=&#8220;4.20.4&#8243; width=&#8220;auto&#8220; max_width=&#8220;none&#8220; custom_padding=&#8220;27px|0|27px|0px|false|false&#8220; custom_padding_tablet=&#8220;|0px||0px||true&#8220; custom_padding_phone=&#8220;|10%||0px|false|false&#8220; global_colors_info=&#8220;{}&#8220;][et_pb_column type=&#8220;2_3&#8243; _builder_version=&#8220;4.16&#8243; custom_padding=&#8220;|||&#8220; global_colors_info=&#8220;{}&#8220; custom_padding__hover=&#8220;|||&#8220;][et_pb_text admin_label=&#8220;Subtitle&#8220; _builder_version=&#8220;4.27.5&#8243; text_font=&#8220;||||||||&#8220; text_line_height=&#8220;2em&#8220; header_font=&#8220;||||||||&#8220; header_2_font=&#8220;|600||on|||||&#8220; header_2_text_color=&#8220;#df0834&#8243; header_2_font_size=&#8220;20px&#8220; header_2_line_height=&#8220;1.4em&#8220; header_6_font=&#8220;|700||on|||||&#8220; header_6_font_size=&#8220;16px&#8220; header_6_letter_spacing=&#8220;5px&#8220; header_6_line_height=&#8220;1.8em&#8220; max_width=&#8220;700px&#8220; module_alignment=&#8220;center&#8220; custom_margin=&#8220;||0px||false|false&#8220; custom_padding=&#8220;||0px||false|false&#8220; header_2_font_size_tablet=&#8220;25px&#8220; header_2_font_size_phone=&#8220;25px&#8220; header_2_font_size_last_edited=&#8220;on|phone&#8220; overflow-x_tablet=&#8220;&#8220; overflow-x_phone=&#8220;&#8220; overflow-x_last_edited=&#8220;on|phone&#8220; global_colors_info=&#8220;{}&#8220;]<\/p>\n<h2>Analytica in M\u00fcnchen<\/h2>\n<p>[\/et_pb_text][et_pb_text admin_label=&#8220;Paragraph&#8220; _builder_version=&#8220;4.27.5&#8243; text_font=&#8220;||||||||&#8220; text_font_size=&#8220;18px&#8220; text_line_height=&#8220;2em&#8220; header_font=&#8220;||||||||&#8220; header_2_font=&#8220;Raleway|700|||||||&#8220; header_2_font_size=&#8220;50px&#8220; header_2_line_height=&#8220;1.4em&#8220; header_6_font=&#8220;Raleway|700||on|||||&#8220; header_6_font_size=&#8220;16px&#8220; header_6_letter_spacing=&#8220;5px&#8220; header_6_line_height=&#8220;1.8em&#8220; text_orientation=&#8220;justified&#8220; max_width=&#8220;700px&#8220; module_alignment=&#8220;center&#8220; custom_margin=&#8220;0px||||false|false&#8220; custom_padding=&#8220;0px||||false|false&#8220; header_2_font_size_tablet=&#8220;35px&#8220; header_2_font_size_phone=&#8220;25px&#8220; header_2_font_size_last_edited=&#8220;on|phone&#8220; text_orientation_tablet=&#8220;&#8220; text_orientation_phone=&#8220;left&#8220; text_orientation_last_edited=&#8220;on|desktop&#8220; locked=&#8220;off&#8220; global_colors_info=&#8220;{}&#8220;]<\/p>\n<p>Besuchen Sie uns vom 24. bis 27. M\u00e4rz 2026. Stand: A2.310<a href=\"https:\/\/exhibitors.analytica.de\/ausstellerportal\/2026\/hallenplaene\/hallenplan\/halle-a2\/?lid=a2\">(Hallenplan A2<\/a>)<\/p>\n<p>Die Analytica ist die weltweit f\u00fchrende Fachmesse f\u00fcr Labortechnik, Analytik und Biotechnologie mit 1.066 Ausstellern, rund 34.000 Besuchern und einer Ausstellungsfl\u00e4che von 55.000 Quadratmetern. Antec Scientific stellt seine S\u00e4ulen und Instrumente vor. Treffen Sie die Experten auf dem Gebiet der Elektrochemie f\u00fcr HPLC und MS!<\/p>\n<p><strong>Kohlenhydrat-Analyse<\/strong><\/p>\n<p>Der ALEXYS\u2122 Carbohydrate Analyzer ist eine robuste L\u00f6sung f\u00fcr jedes Labor, das eine detaillierte und genaue Kohlenhydratanalyse ben\u00f6tigt.<\/p>\n<p><strong>Elektrochemischer Nachweis f\u00fcr (U)HPLC<\/strong><\/p>\n<p>Der DECADE Elite ist der perfekte elektrochemische Detektor f\u00fcr Ihr HPLC-System eines Drittanbieters wie Thermo Fisher Scientific, Agilent und Shimadzu.<\/p>\n<p><strong>Reaktoren f\u00fcr EC\/MS<\/strong><\/p>\n<p>Die Online-Kopplung der Elektrochemie (EC) mit der Massenspektrometrie (MS) hat gro\u00dfes Potenzial f\u00fcr die Untersuchung des Arzneimittelstoffwechsels in Arzneimitteln und f\u00fcr die Strukturaufkl\u00e4rung von Biopharmazeutika und Proteinen gezeigt.<\/p>\n<p>[\/et_pb_text][\/et_pb_column][et_pb_column type=&#8220;1_3&#8243; _builder_version=&#8220;4.20.4&#8243; custom_padding=&#8220;5%|5%|||false|false&#8220; global_colors_info=&#8220;{}&#8220; custom_padding__hover=&#8220;|||&#8220;][et_pb_image src=&#8220;https:\/\/antecscientific.com\/wp-content\/uploads\/2025\/08\/ALEXYS_1p_EliteStSt_HQ_light_S.png.webp&#8220; title_text=&#8220;ALEXYS_1p_EliteStSt_HQ_light_S.png&#8220; _builder_version=&#8220;4.27.5&#8243; _module_preset=&#8220;default&#8220; max_width=&#8220;60%&#8220; custom_margin=&#8220;-50px||||false|false&#8220; global_colors_info=&#8220;{}&#8220;][\/et_pb_image][\/et_pb_column][\/et_pb_row][et_pb_row custom_padding_last_edited=&#8220;on|phone&#8220; admin_label=&#8220;Dividerline&#8220; _builder_version=&#8220;4.16&#8243; width=&#8220;auto&#8220; max_width=&#8220;none&#8220; custom_padding=&#8220;|0px|||false|false&#8220; custom_padding_tablet=&#8220;&#8220; custom_padding_phone=&#8220;|10%|||false|false&#8220; locked=&#8220;off&#8220; collapsed=&#8220;on&#8220; global_colors_info=&#8220;{}&#8220;][et_pb_column type=&#8220;4_4&#8243; _builder_version=&#8220;4.16&#8243; global_colors_info=&#8220;{}&#8220;][et_pb_divider color=&#8220;#dee1e6&#8243; _builder_version=&#8220;4.16&#8243; global_colors_info=&#8220;{}&#8220;][\/et_pb_divider][\/et_pb_column][\/et_pb_row][et_pb_row column_structure=&#8220;2_3,1_3&#8243; custom_padding_last_edited=&#8220;on|phone&#8220; _builder_version=&#8220;4.16&#8243; width=&#8220;auto&#8220; max_width=&#8220;none&#8220; custom_padding=&#8220;27px|0|27px|0px|false|false&#8220; custom_padding_tablet=&#8220;|0px||0px||true&#8220; custom_padding_phone=&#8220;|10%||0px|false|false&#8220; global_colors_info=&#8220;{}&#8220;][et_pb_column type=&#8220;2_3&#8243; _builder_version=&#8220;4.16&#8243; custom_padding=&#8220;|||&#8220; global_colors_info=&#8220;{}&#8220; custom_padding__hover=&#8220;|||&#8220;][et_pb_text admin_label=&#8220;Subtitle&#8220; _builder_version=&#8220;4.27.5&#8243; text_font=&#8220;||||||||&#8220; text_line_height=&#8220;2em&#8220; header_font=&#8220;||||||||&#8220; header_2_font=&#8220;|600||on|||||&#8220; header_2_text_color=&#8220;#df0834&#8243; header_2_font_size=&#8220;20px&#8220; header_2_line_height=&#8220;1.4em&#8220; header_6_font=&#8220;|700||on|||||&#8220; header_6_font_size=&#8220;16px&#8220; header_6_letter_spacing=&#8220;5px&#8220; header_6_line_height=&#8220;1.8em&#8220; max_width=&#8220;700px&#8220; module_alignment=&#8220;center&#8220; custom_margin=&#8220;||0px||false|false&#8220; custom_padding=&#8220;||0px||false|false&#8220; header_2_font_size_tablet=&#8220;25px&#8220; header_2_font_size_phone=&#8220;25px&#8220; header_2_font_size_last_edited=&#8220;on|phone&#8220; global_colors_info=&#8220;{}&#8220;]<\/p>\n<h2>Ihr kostenloses Ticket<\/h2>\n<p>[\/et_pb_text][et_pb_text admin_label=&#8220;Paragraph&#8220; _builder_version=&#8220;4.27.5&#8243; text_font=&#8220;||||||||&#8220; text_font_size=&#8220;18px&#8220; text_line_height=&#8220;2em&#8220; header_font=&#8220;||||||||&#8220; header_2_font=&#8220;Raleway|700|||||||&#8220; header_2_font_size=&#8220;50px&#8220; header_2_line_height=&#8220;1.4em&#8220; header_6_font=&#8220;Raleway|700||on|||||&#8220; header_6_font_size=&#8220;16px&#8220; header_6_letter_spacing=&#8220;5px&#8220; header_6_line_height=&#8220;1.8em&#8220; text_orientation=&#8220;justified&#8220; max_width=&#8220;700px&#8220; module_alignment=&#8220;center&#8220; custom_margin=&#8220;0px||||false|false&#8220; custom_padding=&#8220;0px||||false|false&#8220; header_2_font_size_tablet=&#8220;35px&#8220; header_2_font_size_phone=&#8220;25px&#8220; header_2_font_size_last_edited=&#8220;on|phone&#8220; text_orientation_tablet=&#8220;&#8220; text_orientation_phone=&#8220;left&#8220; text_orientation_last_edited=&#8220;on|desktop&#8220; locked=&#8220;off&#8220; global_colors_info=&#8220;{}&#8220;]<\/p>\n<p><strong>So bekommen Sie Ihr Ticket f\u00fcr die Analytica 2026<\/strong><\/p>\n<ul>\n<li>F\u00fcllen Sie das untenstehende Formular aus und senden Sie es ab<\/li>\n<li>Klicken Sie auf den Link in der Best\u00e4tigungs-E-Mail, um die Registrierung zu best\u00e4tigen (passen Sie den Text entsprechend unserem Verfahren an)<\/li>\n<li>Wir senden Ihnen den Gutscheincode f\u00fcr das Tagesticket und eine Anleitung zur Verwendung per E-Mail zu. passen Sie den Text gem\u00e4\u00df unserem Verfahren an <\/li>\n<\/ul>\n<p>&nbsp;<\/p>\n<p><strong>Anmeldung<\/strong><\/p>\n<ul>\n<li>Registrierungsfelder (Anrede, Titel, Name, Nachname, Firma, Stadt, Telefon, E-Mail, Land)<\/li>\n<li>Mit dem Absenden des Kontaktformulars erkl\u00e4ren Sie sich damit einverstanden, dass Antec Scientific Sie per E-Mail \u00fcber seine eigenen Produkte, Dienstleistungen und Neuigkeiten informiert. Ihre Daten werden ausschlie\u00dflich zu diesem Zweck verwendet. Sie werden nicht an Dritte weitergegeben. In wenigen Ausnahmef\u00e4llen werden die Daten an unsere Vertriebspartner weitergegeben. Dies gilt jedoch nur, wenn der Vertrieb nicht von Antec Scientific selbst, sondern von den in dem jeweiligen Land ans\u00e4ssigen Vertriebspartnern durchgef\u00fchrt wird.    <\/li>\n<li>Diese Einwilligung kann jederzeit mit Wirkung f\u00fcr die Zukunft widerrufen werden unter <a href=\"mailto:info@antecscientific.com\">info@antecscientific.com.<\/a> Es gilt unsere Datenschutzrichtlinie.<\/li>\n<li>Captcha, Anti-Roboter-Verifizierung<\/li>\n<\/ul>\n<p>[\/et_pb_text][\/et_pb_column][et_pb_column type=&#8220;1_3&#8243; _builder_version=&#8220;4.16&#8243; custom_padding=&#8220;5%|5%|||false|false&#8220; global_colors_info=&#8220;{}&#8220; custom_padding__hover=&#8220;|||&#8220;][et_pb_image src=&#8220;https:\/\/antecscientific.com\/wp-content\/uploads\/2025\/12\/analytica-2025-300&#215;200.jpg&#8220; title_text=&#8220;analytica 2025&#8243; _builder_version=&#8220;4.27.5&#8243; _module_preset=&#8220;default&#8220; width=&#8220;100%&#8220; hover_enabled=&#8220;0&#8243; locked=&#8220;off&#8220; global_colors_info=&#8220;{}&#8220; sticky_enabled=&#8220;0&#8243;][\/et_pb_image][\/et_pb_column][\/et_pb_row][\/et_pb_section]<\/p>\n","protected":false},"excerpt":{"rendered":"<p>Analytica in M\u00fcnchenBesuchen Sie uns vom 24. bis 27. M\u00e4rz 2026. Stand: A2.310(Hallenplan A2) Die Analytica ist die weltweit f\u00fchrende Fachmesse f\u00fcr Labortechnik, Analytik und Biotechnologie mit 1.066 Ausstellern, rund 34.000 Besuchern und einer Ausstellungsfl\u00e4che von 55.000 Quadratmetern. Antec Scientific stellt seine S\u00e4ulen und Instrumente vor. Treffen Sie die Experten auf dem Gebiet der Elektrochemie [&hellip;]<\/p>\n","protected":false},"author":3,"featured_media":0,"parent":13032,"menu_order":0,"comment_status":"closed","ping_status":"closed","template":"","meta":{"_et_pb_use_builder":"on","_et_pb_old_content":"","_et_gb_content_width":"","footnotes":""},"class_list":["post-35004","page","type-page","status-publish","hentry"],"yoast_head":"<!-- This site is optimized with the Yoast SEO plugin v27.4 - https:\/\/yoast.com\/product\/yoast-seo-wordpress\/ -->\n<title>Analytica 2026 - Antec Scientific<\/title>\n<meta name=\"robots\" content=\"index, follow, max-snippet:-1, max-image-preview:large, max-video-preview:-1\" \/>\n<link rel=\"canonical\" href=\"https:\/\/antecscientific.com\/de\/ueber\/veranstaltungen\/analytica-2026\/\" \/>\n<meta property=\"og:locale\" content=\"de_DE\" \/>\n<meta property=\"og:type\" content=\"article\" \/>\n<meta property=\"og:title\" content=\"Analytica 2026 - Antec Scientific\" \/>\n<meta property=\"og:description\" content=\"Analytica in M\u00fcnchenBesuchen Sie uns vom 24. bis 27. M\u00e4rz 2026. Stand: A2.310(Hallenplan A2) Die Analytica ist die weltweit f\u00fchrende Fachmesse f\u00fcr Labortechnik, Analytik und Biotechnologie mit 1.066 Ausstellern, rund 34.000 Besuchern und einer Ausstellungsfl\u00e4che von 55.000 Quadratmetern. Antec Scientific stellt seine S\u00e4ulen und Instrumente vor. Treffen Sie die Experten auf dem Gebiet der Elektrochemie [&hellip;]\" \/>\n<meta property=\"og:url\" content=\"https:\/\/antecscientific.com\/de\/ueber\/veranstaltungen\/analytica-2026\/\" \/>\n<meta property=\"og:site_name\" content=\"Antec Scientific\" \/>\n<meta property=\"article:modified_time\" content=\"2025-12-18T16:41:32+00:00\" \/>\n<meta name=\"twitter:card\" content=\"summary_large_image\" \/>\n<meta name=\"twitter:label1\" content=\"Gesch\u00e4tzte Lesezeit\" \/>\n\t<meta name=\"twitter:data1\" content=\"6\u00a0Minuten\" \/>\n<script type=\"application\/ld+json\" class=\"yoast-schema-graph\">{\"@context\":\"https:\\\/\\\/schema.org\",\"@graph\":[{\"@type\":\"WebPage\",\"@id\":\"https:\\\/\\\/antecscientific.com\\\/de\\\/ueber\\\/veranstaltungen\\\/analytica-2026\\\/\",\"url\":\"https:\\\/\\\/antecscientific.com\\\/de\\\/ueber\\\/veranstaltungen\\\/analytica-2026\\\/\",\"name\":\"Analytica 2026 - Antec Scientific\",\"isPartOf\":{\"@id\":\"https:\\\/\\\/antecscientific.com\\\/de\\\/#website\"},\"datePublished\":\"2025-12-17T15:50:07+00:00\",\"dateModified\":\"2025-12-18T16:41:32+00:00\",\"breadcrumb\":{\"@id\":\"https:\\\/\\\/antecscientific.com\\\/de\\\/ueber\\\/veranstaltungen\\\/analytica-2026\\\/#breadcrumb\"},\"inLanguage\":\"de\",\"potentialAction\":[{\"@type\":\"ReadAction\",\"target\":[\"https:\\\/\\\/antecscientific.com\\\/de\\\/ueber\\\/veranstaltungen\\\/analytica-2026\\\/\"]}]},{\"@type\":\"BreadcrumbList\",\"@id\":\"https:\\\/\\\/antecscientific.com\\\/de\\\/ueber\\\/veranstaltungen\\\/analytica-2026\\\/#breadcrumb\",\"itemListElement\":[{\"@type\":\"ListItem\",\"position\":1,\"name\":\"\u00dcber\",\"item\":\"https:\\\/\\\/antecscientific.com\\\/de\\\/ueber\\\/\"},{\"@type\":\"ListItem\",\"position\":2,\"name\":\"Veranstaltungen\",\"item\":\"https:\\\/\\\/antecscientific.com\\\/de\\\/ueber\\\/veranstaltungen\\\/\"},{\"@type\":\"ListItem\",\"position\":3,\"name\":\"Analytica 2026\"}]},{\"@type\":\"WebSite\",\"@id\":\"https:\\\/\\\/antecscientific.com\\\/de\\\/#website\",\"url\":\"https:\\\/\\\/antecscientific.com\\\/de\\\/\",\"name\":\"Antec Scientific\",\"description\":\"Supporting research to improve quality of life\",\"potentialAction\":[{\"@type\":\"SearchAction\",\"target\":{\"@type\":\"EntryPoint\",\"urlTemplate\":\"https:\\\/\\\/antecscientific.com\\\/de\\\/?s={search_term_string}\"},\"query-input\":{\"@type\":\"PropertyValueSpecification\",\"valueRequired\":true,\"valueName\":\"search_term_string\"}}],\"inLanguage\":\"de\"}]}<\/script>\n<!-- \/ Yoast SEO plugin. -->","yoast_head_json":{"title":"Analytica 2026 - Antec Scientific","robots":{"index":"index","follow":"follow","max-snippet":"max-snippet:-1","max-image-preview":"max-image-preview:large","max-video-preview":"max-video-preview:-1"},"canonical":"https:\/\/antecscientific.com\/de\/ueber\/veranstaltungen\/analytica-2026\/","og_locale":"de_DE","og_type":"article","og_title":"Analytica 2026 - Antec Scientific","og_description":"Analytica in M\u00fcnchenBesuchen Sie uns vom 24. bis 27. M\u00e4rz 2026. Stand: A2.310(Hallenplan A2) Die Analytica ist die weltweit f\u00fchrende Fachmesse f\u00fcr Labortechnik, Analytik und Biotechnologie mit 1.066 Ausstellern, rund 34.000 Besuchern und einer Ausstellungsfl\u00e4che von 55.000 Quadratmetern. Antec Scientific stellt seine S\u00e4ulen und Instrumente vor. Treffen Sie die Experten auf dem Gebiet der Elektrochemie [&hellip;]","og_url":"https:\/\/antecscientific.com\/de\/ueber\/veranstaltungen\/analytica-2026\/","og_site_name":"Antec Scientific","article_modified_time":"2025-12-18T16:41:32+00:00","twitter_card":"summary_large_image","twitter_misc":{"Gesch\u00e4tzte Lesezeit":"6\u00a0Minuten"},"schema":{"@context":"https:\/\/schema.org","@graph":[{"@type":"WebPage","@id":"https:\/\/antecscientific.com\/de\/ueber\/veranstaltungen\/analytica-2026\/","url":"https:\/\/antecscientific.com\/de\/ueber\/veranstaltungen\/analytica-2026\/","name":"Analytica 2026 - Antec Scientific","isPartOf":{"@id":"https:\/\/antecscientific.com\/de\/#website"},"datePublished":"2025-12-17T15:50:07+00:00","dateModified":"2025-12-18T16:41:32+00:00","breadcrumb":{"@id":"https:\/\/antecscientific.com\/de\/ueber\/veranstaltungen\/analytica-2026\/#breadcrumb"},"inLanguage":"de","potentialAction":[{"@type":"ReadAction","target":["https:\/\/antecscientific.com\/de\/ueber\/veranstaltungen\/analytica-2026\/"]}]},{"@type":"BreadcrumbList","@id":"https:\/\/antecscientific.com\/de\/ueber\/veranstaltungen\/analytica-2026\/#breadcrumb","itemListElement":[{"@type":"ListItem","position":1,"name":"\u00dcber","item":"https:\/\/antecscientific.com\/de\/ueber\/"},{"@type":"ListItem","position":2,"name":"Veranstaltungen","item":"https:\/\/antecscientific.com\/de\/ueber\/veranstaltungen\/"},{"@type":"ListItem","position":3,"name":"Analytica 2026"}]},{"@type":"WebSite","@id":"https:\/\/antecscientific.com\/de\/#website","url":"https:\/\/antecscientific.com\/de\/","name":"Antec Scientific","description":"Supporting research to improve quality of life","potentialAction":[{"@type":"SearchAction","target":{"@type":"EntryPoint","urlTemplate":"https:\/\/antecscientific.com\/de\/?s={search_term_string}"},"query-input":{"@type":"PropertyValueSpecification","valueRequired":true,"valueName":"search_term_string"}}],"inLanguage":"de"}]}},"_links":{"self":[{"href":"https:\/\/antecscientific.com\/de\/wp-json\/wp\/v2\/pages\/35004","targetHints":{"allow":["GET"]}}],"collection":[{"href":"https:\/\/antecscientific.com\/de\/wp-json\/wp\/v2\/pages"}],"about":[{"href":"https:\/\/antecscientific.com\/de\/wp-json\/wp\/v2\/types\/page"}],"author":[{"embeddable":true,"href":"https:\/\/antecscientific.com\/de\/wp-json\/wp\/v2\/users\/3"}],"replies":[{"embeddable":true,"href":"https:\/\/antecscientific.com\/de\/wp-json\/wp\/v2\/comments?post=35004"}],"version-history":[{"count":16,"href":"https:\/\/antecscientific.com\/de\/wp-json\/wp\/v2\/pages\/35004\/revisions"}],"predecessor-version":[{"id":35087,"href":"https:\/\/antecscientific.com\/de\/wp-json\/wp\/v2\/pages\/35004\/revisions\/35087"}],"up":[{"embeddable":true,"href":"https:\/\/antecscientific.com\/de\/wp-json\/wp\/v2\/pages\/13032"}],"wp:attachment":[{"href":"https:\/\/antecscientific.com\/de\/wp-json\/wp\/v2\/media?parent=35004"}],"curies":[{"name":"wp","href":"https:\/\/api.w.org\/{rel}","templated":true}]}}