{"id":32673,"date":"2024-04-26T11:20:29","date_gmt":"2024-04-26T09:20:29","guid":{"rendered":"https:\/\/antecscientific.com\/produkte\/instrumente\/sweetsep-saeule-broschuere\/"},"modified":"2025-09-09T12:44:58","modified_gmt":"2025-09-09T10:44:58","slug":"sweetsep-saeule-broschuere","status":"publish","type":"page","link":"https:\/\/antecscientific.com\/de\/produkte\/instrumente\/sweetsep-saeule-broschuere\/","title":{"rendered":"SweetSep S\u00e4ule Brosch\u00fcre"},"content":{"rendered":"<p>[et_pb_section fb_built=&#8220;1&#8243; admin_label=&#8220;Content&#8220; _builder_version=&#8220;4.16&#8243; background_color=&#8220;#ffffff&#8220; max_width=&#8220;90%&#8220; max_width_tablet=&#8220;&#8220; max_width_phone=&#8220;100%&#8220; max_width_last_edited=&#8220;on|phone&#8220; custom_margin=&#8220;-160px||0px||false|false&#8220; custom_padding=&#8220;||0px||false|false&#8220; border_color_all=&#8220;#ffffff&#8220; border_width_left=&#8220;10vw&#8220; global_colors_info=&#8220;{}&#8220;][et_pb_row custom_padding_last_edited=&#8220;on|phone&#8220; _builder_version=&#8220;4.16&#8243; width=&#8220;auto&#8220; max_width=&#8220;none&#8220; custom_padding=&#8220;27px|0|27px|0px|false|false&#8220; custom_padding_tablet=&#8220;|0px||0px||true&#8220; custom_padding_phone=&#8220;|10%||0px|false|false&#8220; global_colors_info=&#8220;{}&#8220;][et_pb_column type=&#8220;4_4&#8243; _builder_version=&#8220;4.16&#8243; custom_padding=&#8220;|||&#8220; global_colors_info=&#8220;{}&#8220; custom_padding__hover=&#8220;|||&#8220;][et_pb_text admin_label=&#8220;Subtitle&#8220; _builder_version=&#8220;4.19.0&#8243; text_font=&#8220;||||||||&#8220; text_line_height=&#8220;2em&#8220; header_font=&#8220;||||||||&#8220; header_2_font=&#8220;|600||on|||||&#8220; header_2_text_color=&#8220;#df0834&#8243; header_2_font_size=&#8220;20px&#8220; header_2_line_height=&#8220;1.4em&#8220; header_6_font=&#8220;|700||on|||||&#8220; header_6_font_size=&#8220;16px&#8220; header_6_letter_spacing=&#8220;5px&#8220; header_6_line_height=&#8220;1.8em&#8220; max_width=&#8220;700px&#8220; module_alignment=&#8220;center&#8220; custom_margin=&#8220;||0px||false|false&#8220; custom_padding=&#8220;||0px||false|false&#8220; header_2_font_size_tablet=&#8220;25px&#8220; header_2_font_size_phone=&#8220;25px&#8220; header_2_font_size_last_edited=&#8220;on|phone&#8220; global_colors_info=&#8220;{}&#8220;]<\/p>\n<h2>  <\/h2>\n<p>[\/et_pb_text][et_pb_text admin_label=&#8220;Paragraph&#8220; _builder_version=&#8220;4.24.3&#8243; text_font=&#8220;||||||||&#8220; text_font_size=&#8220;18px&#8220; text_line_height=&#8220;2em&#8220; header_font=&#8220;||||||||&#8220; header_2_font=&#8220;Raleway|700|||||||&#8220; header_2_font_size=&#8220;50px&#8220; header_2_line_height=&#8220;1.4em&#8220; header_6_font=&#8220;Raleway|700||on|||||&#8220; header_6_font_size=&#8220;16px&#8220; header_6_letter_spacing=&#8220;5px&#8220; header_6_line_height=&#8220;1.8em&#8220; text_orientation=&#8220;justified&#8220; max_width=&#8220;700px&#8220; module_alignment=&#8220;center&#8220; custom_margin=&#8220;||||false|false&#8220; custom_padding=&#8220;||||false|false&#8220; hover_enabled=&#8220;0&#8243; header_2_font_size_tablet=&#8220;35px&#8220; header_2_font_size_phone=&#8220;25px&#8220; header_2_font_size_last_edited=&#8220;on|phone&#8220; text_orientation_tablet=&#8220;&#8220; text_orientation_phone=&#8220;left&#8220; text_orientation_last_edited=&#8220;on|desktop&#8220; global_colors_info=&#8220;{}&#8220; sticky_enabled=&#8220;0&#8243;]<\/p>\n<p><iframe style=\"border: none; margin-top: 120px;\" src=\"https:\/\/76f00744.flowpaper.com\/AntecBrochureSweetSep\/#PreviewMode=Miniature\" width=\"800\" height=\"500\" marginwidth=\"0\" marginheight=\"0\" scrolling=\"no\" allowfullscreen=\"allowfullscreen\"><\/iframe><\/p>\n<p style=\"text-align: center;\"><em>Klicken Sie, um die Brosch\u00fcre im Vollbildmodus zu lesen.<\/em><\/p>\n<p>[\/et_pb_text][\/et_pb_column][\/et_pb_row][\/et_pb_section]<\/p>\n","protected":false},"excerpt":{"rendered":"<p>Klicken Sie, um die Brosch\u00fcre im Vollbildmodus zu lesen.<\/p>\n","protected":false},"author":3,"featured_media":0,"parent":12616,"menu_order":0,"comment_status":"closed","ping_status":"closed","template":"","meta":{"_et_pb_use_builder":"on","_et_pb_old_content":"","_et_gb_content_width":"","footnotes":""},"class_list":["post-32673","page","type-page","status-publish","hentry"],"yoast_head":"<!-- This site is optimized with the Yoast SEO plugin v27.4 - https:\/\/yoast.com\/product\/yoast-seo-wordpress\/ -->\n<title>SweetSep S\u00e4ule Brosch\u00fcre - Antec Scientific<\/title>\n<meta name=\"robots\" content=\"index, follow, max-snippet:-1, max-image-preview:large, max-video-preview:-1\" \/>\n<link rel=\"canonical\" href=\"https:\/\/antecscientific.com\/de\/produkte\/instrumente\/sweetsep-saeule-broschuere\/\" \/>\n<meta property=\"og:locale\" content=\"de_DE\" \/>\n<meta property=\"og:type\" content=\"article\" \/>\n<meta property=\"og:title\" content=\"SweetSep S\u00e4ule Brosch\u00fcre - Antec Scientific\" \/>\n<meta property=\"og:description\" content=\"Klicken Sie, um die Brosch\u00fcre im Vollbildmodus zu lesen.\" \/>\n<meta property=\"og:url\" content=\"https:\/\/antecscientific.com\/de\/produkte\/instrumente\/sweetsep-saeule-broschuere\/\" \/>\n<meta property=\"og:site_name\" content=\"Antec Scientific\" \/>\n<meta property=\"article:modified_time\" content=\"2025-09-09T10:44:58+00:00\" \/>\n<meta name=\"twitter:card\" content=\"summary_large_image\" \/>\n<meta name=\"twitter:label1\" content=\"Gesch\u00e4tzte Lesezeit\" \/>\n\t<meta name=\"twitter:data1\" content=\"2\u00a0Minuten\" \/>\n<script type=\"application\/ld+json\" class=\"yoast-schema-graph\">{\"@context\":\"https:\\\/\\\/schema.org\",\"@graph\":[{\"@type\":\"WebPage\",\"@id\":\"https:\\\/\\\/antecscientific.com\\\/de\\\/produkte\\\/instrumente\\\/sweetsep-saeule-broschuere\\\/\",\"url\":\"https:\\\/\\\/antecscientific.com\\\/de\\\/produkte\\\/instrumente\\\/sweetsep-saeule-broschuere\\\/\",\"name\":\"SweetSep S\u00e4ule Brosch\u00fcre - Antec Scientific\",\"isPartOf\":{\"@id\":\"https:\\\/\\\/antecscientific.com\\\/de\\\/#website\"},\"datePublished\":\"2024-04-26T09:20:29+00:00\",\"dateModified\":\"2025-09-09T10:44:58+00:00\",\"breadcrumb\":{\"@id\":\"https:\\\/\\\/antecscientific.com\\\/de\\\/produkte\\\/instrumente\\\/sweetsep-saeule-broschuere\\\/#breadcrumb\"},\"inLanguage\":\"de\",\"potentialAction\":[{\"@type\":\"ReadAction\",\"target\":[\"https:\\\/\\\/antecscientific.com\\\/de\\\/produkte\\\/instrumente\\\/sweetsep-saeule-broschuere\\\/\"]}]},{\"@type\":\"BreadcrumbList\",\"@id\":\"https:\\\/\\\/antecscientific.com\\\/de\\\/produkte\\\/instrumente\\\/sweetsep-saeule-broschuere\\\/#breadcrumb\",\"itemListElement\":[{\"@type\":\"ListItem\",\"position\":1,\"name\":\"Produkte\",\"item\":\"https:\\\/\\\/antecscientific.com\\\/de\\\/produkte\\\/\"},{\"@type\":\"ListItem\",\"position\":2,\"name\":\"Instrumente\",\"item\":\"https:\\\/\\\/antecscientific.com\\\/de\\\/produkte\\\/instrumente\\\/\"},{\"@type\":\"ListItem\",\"position\":3,\"name\":\"SweetSep S\u00e4ule Brosch\u00fcre\"}]},{\"@type\":\"WebSite\",\"@id\":\"https:\\\/\\\/antecscientific.com\\\/de\\\/#website\",\"url\":\"https:\\\/\\\/antecscientific.com\\\/de\\\/\",\"name\":\"Antec Scientific\",\"description\":\"Supporting research to improve quality of life\",\"potentialAction\":[{\"@type\":\"SearchAction\",\"target\":{\"@type\":\"EntryPoint\",\"urlTemplate\":\"https:\\\/\\\/antecscientific.com\\\/de\\\/?s={search_term_string}\"},\"query-input\":{\"@type\":\"PropertyValueSpecification\",\"valueRequired\":true,\"valueName\":\"search_term_string\"}}],\"inLanguage\":\"de\"}]}<\/script>\n<!-- \/ Yoast SEO plugin. -->","yoast_head_json":{"title":"SweetSep S\u00e4ule Brosch\u00fcre - Antec Scientific","robots":{"index":"index","follow":"follow","max-snippet":"max-snippet:-1","max-image-preview":"max-image-preview:large","max-video-preview":"max-video-preview:-1"},"canonical":"https:\/\/antecscientific.com\/de\/produkte\/instrumente\/sweetsep-saeule-broschuere\/","og_locale":"de_DE","og_type":"article","og_title":"SweetSep S\u00e4ule Brosch\u00fcre - Antec Scientific","og_description":"Klicken Sie, um die Brosch\u00fcre im Vollbildmodus zu lesen.","og_url":"https:\/\/antecscientific.com\/de\/produkte\/instrumente\/sweetsep-saeule-broschuere\/","og_site_name":"Antec Scientific","article_modified_time":"2025-09-09T10:44:58+00:00","twitter_card":"summary_large_image","twitter_misc":{"Gesch\u00e4tzte Lesezeit":"2\u00a0Minuten"},"schema":{"@context":"https:\/\/schema.org","@graph":[{"@type":"WebPage","@id":"https:\/\/antecscientific.com\/de\/produkte\/instrumente\/sweetsep-saeule-broschuere\/","url":"https:\/\/antecscientific.com\/de\/produkte\/instrumente\/sweetsep-saeule-broschuere\/","name":"SweetSep S\u00e4ule Brosch\u00fcre - Antec Scientific","isPartOf":{"@id":"https:\/\/antecscientific.com\/de\/#website"},"datePublished":"2024-04-26T09:20:29+00:00","dateModified":"2025-09-09T10:44:58+00:00","breadcrumb":{"@id":"https:\/\/antecscientific.com\/de\/produkte\/instrumente\/sweetsep-saeule-broschuere\/#breadcrumb"},"inLanguage":"de","potentialAction":[{"@type":"ReadAction","target":["https:\/\/antecscientific.com\/de\/produkte\/instrumente\/sweetsep-saeule-broschuere\/"]}]},{"@type":"BreadcrumbList","@id":"https:\/\/antecscientific.com\/de\/produkte\/instrumente\/sweetsep-saeule-broschuere\/#breadcrumb","itemListElement":[{"@type":"ListItem","position":1,"name":"Produkte","item":"https:\/\/antecscientific.com\/de\/produkte\/"},{"@type":"ListItem","position":2,"name":"Instrumente","item":"https:\/\/antecscientific.com\/de\/produkte\/instrumente\/"},{"@type":"ListItem","position":3,"name":"SweetSep S\u00e4ule Brosch\u00fcre"}]},{"@type":"WebSite","@id":"https:\/\/antecscientific.com\/de\/#website","url":"https:\/\/antecscientific.com\/de\/","name":"Antec Scientific","description":"Supporting research to improve quality of life","potentialAction":[{"@type":"SearchAction","target":{"@type":"EntryPoint","urlTemplate":"https:\/\/antecscientific.com\/de\/?s={search_term_string}"},"query-input":{"@type":"PropertyValueSpecification","valueRequired":true,"valueName":"search_term_string"}}],"inLanguage":"de"}]}},"_links":{"self":[{"href":"https:\/\/antecscientific.com\/de\/wp-json\/wp\/v2\/pages\/32673","targetHints":{"allow":["GET"]}}],"collection":[{"href":"https:\/\/antecscientific.com\/de\/wp-json\/wp\/v2\/pages"}],"about":[{"href":"https:\/\/antecscientific.com\/de\/wp-json\/wp\/v2\/types\/page"}],"author":[{"embeddable":true,"href":"https:\/\/antecscientific.com\/de\/wp-json\/wp\/v2\/users\/3"}],"replies":[{"embeddable":true,"href":"https:\/\/antecscientific.com\/de\/wp-json\/wp\/v2\/comments?post=32673"}],"version-history":[{"count":2,"href":"https:\/\/antecscientific.com\/de\/wp-json\/wp\/v2\/pages\/32673\/revisions"}],"predecessor-version":[{"id":32675,"href":"https:\/\/antecscientific.com\/de\/wp-json\/wp\/v2\/pages\/32673\/revisions\/32675"}],"up":[{"embeddable":true,"href":"https:\/\/antecscientific.com\/de\/wp-json\/wp\/v2\/pages\/12616"}],"wp:attachment":[{"href":"https:\/\/antecscientific.com\/de\/wp-json\/wp\/v2\/media?parent=32673"}],"curies":[{"name":"wp","href":"https:\/\/api.w.org\/{rel}","templated":true}]}}