{"id":30173,"date":"2025-01-20T15:12:21","date_gmt":"2025-01-20T14:12:21","guid":{"rendered":"https:\/\/antecscientific.com\/produkte\/alexys-analysatoren\/klinischer-analyzer\/"},"modified":"2025-01-20T15:34:09","modified_gmt":"2025-01-20T14:34:09","slug":"klinischer-analyzer","status":"publish","type":"page","link":"https:\/\/antecscientific.com\/de\/produkte\/alexys-analysatoren\/klinischer-analyzer\/","title":{"rendered":"Klinischer Analyzer"},"content":{"rendered":"<p>[et_pb_section fb_built=&#8220;1&#8243; admin_label=&#8220;Header&#8220; _builder_version=&#8220;4.16&#8243; background_image=&#8220;https:\/\/antecscientific.com\/wp-content\/uploads\/2020\/12\/diagnostics.jpg&#8220; parallax=&#8220;on&#8220; custom_padding=&#8220;2vw|0px|200px|0px|false|false&#8220; collapsed=&#8220;on&#8220; global_colors_info=&#8220;{}&#8220;][et_pb_row _builder_version=&#8220;4.16&#8243; global_colors_info=&#8220;{}&#8220;][et_pb_column type=&#8220;4_4&#8243; _builder_version=&#8220;4.16&#8243; custom_padding=&#8220;|||&#8220; global_colors_info=&#8220;{}&#8220; custom_padding__hover=&#8220;|||&#8220;][et_pb_text admin_label=&#8220;Breadcrumbs (don&#8217;t touch)&#8220; _builder_version=&#8220;4.16&#8243; text_font=&#8220;|700|||||||&#8220; text_text_color=&#8220;#ffffff&#8220; text_font_size=&#8220;15px&#8220; link_font=&#8220;|700|||||||&#8220; link_text_color=&#8220;#ffffff&#8220; link_font_size=&#8220;15px&#8220; global_colors_info=&#8220;{}&#8220;][\/et_pb_text][et_pb_text admin_label=&#8220;Big page title (don&#8217;t touch)&#8220; _builder_version=&#8220;4.16&#8243; _dynamic_attributes=&#8220;content&#8220; text_font=&#8220;||||||||&#8220; header_font=&#8220;|700|||||||&#8220; header_text_color=&#8220;#ffffff&#8220; header_font_size=&#8220;80px&#8220; header_line_height=&#8220;1.2em&#8220; header_5_font=&#8220;Raleway|700||on|||||&#8220; header_5_text_color=&#8220;#000000&#8243; header_5_font_size=&#8220;20px&#8220; header_5_letter_spacing=&#8220;0.5em&#8220; header_5_line_height=&#8220;1.8em&#8220; animation_style=&#8220;zoom&#8220; animation_intensity_zoom=&#8220;5%&#8220; header_font_size_tablet=&#8220;48px&#8220; header_font_size_phone=&#8220;32px&#8220; header_font_size_last_edited=&#8220;on|phone&#8220; header_5_font_size_tablet=&#8220;14px&#8220; header_5_font_size_phone=&#8220;12px&#8220; header_5_font_size_last_edited=&#8220;on|desktop&#8220; global_colors_info=&#8220;{}&#8220;]@ET-DC@eyJkeW5hbWljIjp0cnVlLCJjb250ZW50IjoicG9zdF90aXRsZSIsInNldHRpbmdzIjp7ImJlZm9yZSI6IjxoMT4iLCJhZnRlciI6IjxcL2gxPiJ9fQ==@[\/et_pb_text][\/et_pb_column][\/et_pb_row][\/et_pb_section][et_pb_section fb_built=&#8220;1&#8243; admin_label=&#8220;Content&#8220; _builder_version=&#8220;4.16&#8243; background_color=&#8220;#ffffff&#8220; max_width=&#8220;90%&#8220; max_width_tablet=&#8220;&#8220; max_width_phone=&#8220;100%&#8220; max_width_last_edited=&#8220;on|phone&#8220; custom_margin=&#8220;-160px||0px||false|false&#8220; custom_padding=&#8220;||0px||false|false&#8220; border_color_all=&#8220;#ffffff&#8220; border_width_left=&#8220;10vw&#8220; global_colors_info=&#8220;{}&#8220;][et_pb_row column_structure=&#8220;2_3,1_3&#8243; custom_padding_last_edited=&#8220;on|phone&#8220; _builder_version=&#8220;4.16&#8243; width=&#8220;auto&#8220; max_width=&#8220;none&#8220; custom_padding=&#8220;27px|0|27px|0px|false|false&#8220; custom_padding_tablet=&#8220;|0px||0px||true&#8220; custom_padding_phone=&#8220;|10%||0px|false|false&#8220; global_colors_info=&#8220;{}&#8220;][et_pb_column type=&#8220;2_3&#8243; _builder_version=&#8220;4.16&#8243; custom_padding=&#8220;|||&#8220; global_colors_info=&#8220;{}&#8220; custom_padding__hover=&#8220;|||&#8220;][et_pb_text admin_label=&#8220;Subtitle&#8220; _builder_version=&#8220;4.16&#8243; text_font=&#8220;||||||||&#8220; text_line_height=&#8220;2em&#8220; header_font=&#8220;||||||||&#8220; header_2_font=&#8220;|600||on|||||&#8220; header_2_text_color=&#8220;#df0834&#8243; header_2_font_size=&#8220;20px&#8220; header_2_line_height=&#8220;1.4em&#8220; header_6_font=&#8220;|700||on|||||&#8220; header_6_font_size=&#8220;16px&#8220; header_6_letter_spacing=&#8220;5px&#8220; header_6_line_height=&#8220;1.8em&#8220; max_width=&#8220;700px&#8220; module_alignment=&#8220;center&#8220; custom_margin=&#8220;||0px||false|false&#8220; custom_padding=&#8220;||0px||false|false&#8220; header_2_font_size_tablet=&#8220;25px&#8220; header_2_font_size_phone=&#8220;25px&#8220; header_2_font_size_last_edited=&#8220;on|phone&#8220; global_colors_info=&#8220;{}&#8220;]<\/p>\n<h2>ALEXYS Klinischer Analyzer<\/h2>\n<p>[\/et_pb_text][et_pb_text admin_label=&#8220;Paragraph&#8220; _builder_version=&#8220;4.16&#8243; text_font=&#8220;||||||||&#8220; text_font_size=&#8220;18px&#8220; text_line_height=&#8220;2em&#8220; header_font=&#8220;||||||||&#8220; header_2_font=&#8220;Raleway|700|||||||&#8220; header_2_font_size=&#8220;50px&#8220; header_2_line_height=&#8220;1.4em&#8220; header_6_font=&#8220;Raleway|700||on|||||&#8220; header_6_font_size=&#8220;16px&#8220; header_6_letter_spacing=&#8220;5px&#8220; header_6_line_height=&#8220;1.8em&#8220; text_orientation=&#8220;justified&#8220; max_width=&#8220;700px&#8220; module_alignment=&#8220;center&#8220; custom_margin=&#8220;0px||||false|false&#8220; custom_padding=&#8220;0px||||false|false&#8220; header_2_font_size_tablet=&#8220;35px&#8220; header_2_font_size_phone=&#8220;25px&#8220; header_2_font_size_last_edited=&#8220;on|phone&#8220; text_orientation_tablet=&#8220;&#8220; text_orientation_phone=&#8220;left&#8220; text_orientation_last_edited=&#8220;on|desktop&#8220; global_colors_info=&#8220;{}&#8220;]<\/p>\n<p>Die klinischen und diagnostischen Analyseger\u00e4te von Antec bieten eine au\u00dfergew\u00f6hnliche Empfindlichkeit, Selektivit\u00e4t und einen hohen Durchsatz und werden weltweit eingesetzt. Wir sind mit allen wichtigen Anbietern von Probenvorbereitungskits kompatibel, die nach ISO 13485 (Medizinprodukte) zertifiziert sind. Unsere Applikationen demonstrieren die Leistungsf\u00e4higkeit des Systems f\u00fcr die Routineanalyse von Katecholaminen in Urin oder Blut, Serotonin in Urin oder Plasma, Metanephrinen, VMA, HVA und 5-HIAA in Urin. Was auch immer Ihre analytische Anwendung ist, Antec bietet schnelle, genaue, laborerprobte Ger\u00e4te- und Anwendungsl\u00f6sungen, die Ihren Anforderungen entsprechen.<\/p>\n<p>[\/et_pb_text][\/et_pb_column][et_pb_column type=&#8220;1_3&#8243; _builder_version=&#8220;4.16&#8243; custom_padding=&#8220;5%|5%|||false|false&#8220; global_colors_info=&#8220;{}&#8220; custom_padding__hover=&#8220;|||&#8220;][et_pb_image src=&#8220;https:\/\/antecscientific.com\/wp-content\/uploads\/2022\/10\/ALEXYS_2022_3-217&#215;300.png&#8220; title_text=&#8220;ALEXYS_2022_3&#8243; _builder_version=&#8220;4.18.0&#8243; _module_preset=&#8220;default&#8220; global_colors_info=&#8220;{}&#8220;][\/et_pb_image][\/et_pb_column][\/et_pb_row][\/et_pb_section][et_pb_section fb_built=&#8220;1&#8243; admin_label=&#8220;Download Table&#8220; _builder_version=&#8220;4.27.2&#8243; background_enable_color=&#8220;off&#8220; use_background_color_gradient=&#8220;on&#8220; background_color_gradient_stops=&#8220;#f6f9fb 50%|#ffffff 100%&#8220; background_color_gradient_start=&#8220;#f6f9fb&#8220; background_color_gradient_start_position=&#8220;50%&#8220; background_color_gradient_end=&#8220;#ffffff&#8220; max_width=&#8220;100%&#8220; max_width_tablet=&#8220;&#8220; max_width_phone=&#8220;100%&#8220; max_width_last_edited=&#8220;on|desktop&#8220; module_alignment=&#8220;center&#8220; custom_margin=&#8220;0px||0px||false|false&#8220; custom_padding=&#8220;40px||40px||false|false&#8220; global_colors_info=&#8220;{}&#8220;][et_pb_row _builder_version=&#8220;4.27.2&#8243; background_color=&#8220;rgba(0,0,0,0)&#8220; width_tablet=&#8220;&#8220; width_phone=&#8220;&#8220; width_last_edited=&#8220;on|phone&#8220; max_width=&#8220;80%&#8220; max_width_tablet=&#8220;&#8220; max_width_phone=&#8220;&#8220; max_width_last_edited=&#8220;on|phone&#8220; module_alignment=&#8220;center&#8220; custom_padding=&#8220;||||false|false&#8220; global_colors_info=&#8220;{}&#8220;][et_pb_column type=&#8220;4_4&#8243; _builder_version=&#8220;4.16&#8243; global_colors_info=&#8220;{}&#8220;][et_pb_text admin_label=&#8220;Shortcode of Table&#8220; _builder_version=&#8220;4.27.4&#8243; background_color=&#8220;#ffffff&#8220; max_width=&#8220;1200px&#8220; custom_padding=&#8220;20px|30px|30px|30px|false|false&#8220; custom_padding_tablet=&#8220;&#8220; custom_padding_phone=&#8220;|0px||0px|false|false&#8220; custom_padding_last_edited=&#8220;on|phone&#8220; module_alignment_tablet=&#8220;&#8220; module_alignment_phone=&#8220;&#8220; module_alignment_last_edited=&#8220;on|desktop&#8220; box_shadow_style=&#8220;preset1&#8243; box_shadow_blur=&#8220;40px&#8220; box_shadow_color=&#8220;rgba(0,33,91,0.17)&#8220; global_colors_info=&#8220;{}&#8220;]<\/p>\n<h3>Downloads<\/h3>\n<p>&nbsp;<\/p>\n        <div class=\"antec-downloads view--list\">\n        <div class=\"list-item name thead\">Name<\/div>\n        <div class=\"list-item rev thead\">Doc#<\/div>\n        <div class=\"list-item size thead\">Size<\/div>\n        <div class=\"list-item download thead\">Download<\/div>\n\n                    <div class=\"list-item name\" data-label=\"Name\">Carbohydrates in urine<\/div>\n            <div class=\"list-item rev\" data-label=\"Rev\">220_036_03<\/div>\n            <div class=\"list-item size\" data-label=\"Size\">1.14 MB<\/div>\n            <div class=\"list-item download\" data-label=\"Download\">\n                <a href=\"https:\/\/antecscientific.com\/wp-content\/mu-plugins\/antec-downloads\/files\/apps\/clinical\/220_036_03 - Carbohydrates in urine.pdf\" class=\"download-link\" download>Download<i class=\"zmdi zmdi-cloud-download wpfd-download\"><\/i><\/a>\n            <\/div>\n                    <div class=\"list-item name\" data-label=\"Name\">Catecholamines in Urine and Plasma<\/div>\n            <div class=\"list-item rev\" data-label=\"Rev\">214_009_03<\/div>\n            <div class=\"list-item size\" data-label=\"Size\">0.54 MB<\/div>\n            <div class=\"list-item download\" data-label=\"Download\">\n                <a href=\"https:\/\/antecscientific.com\/wp-content\/mu-plugins\/antec-downloads\/files\/apps\/clinical\/214_009_03 - Catecholamines in Urine and Plasma.pdf\" class=\"download-link\" download>Download<i class=\"zmdi zmdi-cloud-download wpfd-download\"><\/i><\/a>\n            <\/div>\n                    <div class=\"list-item name\" data-label=\"Name\">Compilation of Clinical Applications<\/div>\n            <div class=\"list-item rev\" data-label=\"Rev\">214_007_04<\/div>\n            <div class=\"list-item size\" data-label=\"Size\">0.90 MB<\/div>\n            <div class=\"list-item download\" data-label=\"Download\">\n                <a href=\"https:\/\/antecscientific.com\/wp-content\/mu-plugins\/antec-downloads\/files\/apps\/clinical\/214_007_04 - Compilation of Clinical Applications.pdf\" class=\"download-link\" download>Download<i class=\"zmdi zmdi-cloud-download wpfd-download\"><\/i><\/a>\n            <\/div>\n                    <div class=\"list-item name\" data-label=\"Name\">DNA adduct analysis<\/div>\n            <div class=\"list-item rev\" data-label=\"Rev\">215_005_02<\/div>\n            <div class=\"list-item size\" data-label=\"Size\">0.90 MB<\/div>\n            <div class=\"list-item download\" data-label=\"Download\">\n                <a href=\"https:\/\/antecscientific.com\/wp-content\/mu-plugins\/antec-downloads\/files\/apps\/clinical\/215_005_02 - DNA adduct analysis.pdf\" class=\"download-link\" download>Download<i class=\"zmdi zmdi-cloud-download wpfd-download\"><\/i><\/a>\n            <\/div>\n                    <div class=\"list-item name\" data-label=\"Name\">FDG Fluorodeoxyglucose according EP<\/div>\n            <div class=\"list-item rev\" data-label=\"Rev\">217_045_07<\/div>\n            <div class=\"list-item size\" data-label=\"Size\">1.96 MB<\/div>\n            <div class=\"list-item download\" data-label=\"Download\">\n                <a href=\"https:\/\/antecscientific.com\/wp-content\/mu-plugins\/antec-downloads\/files\/apps\/clinical\/217_045_07 - FDG Fluorodeoxyglucose according EP.pdf\" class=\"download-link\" download>Download<i class=\"zmdi zmdi-cloud-download wpfd-download\"><\/i><\/a>\n            <\/div>\n                    <div class=\"list-item name\" data-label=\"Name\">FDG Fluorodeoxyglucose according USP<\/div>\n            <div class=\"list-item rev\" data-label=\"Rev\">217_044_08<\/div>\n            <div class=\"list-item size\" data-label=\"Size\">2.19 MB<\/div>\n            <div class=\"list-item download\" data-label=\"Download\">\n                <a href=\"https:\/\/antecscientific.com\/wp-content\/mu-plugins\/antec-downloads\/files\/apps\/clinical\/217_044_08 - FDG Fluorodeoxyglucose according USP.pdf\" class=\"download-link\" download>Download<i class=\"zmdi zmdi-cloud-download wpfd-download\"><\/i><\/a>\n            <\/div>\n                    <div class=\"list-item name\" data-label=\"Name\">FDG long term stability<\/div>\n            <div class=\"list-item rev\" data-label=\"Rev\">217_046_03<\/div>\n            <div class=\"list-item size\" data-label=\"Size\">2.08 MB<\/div>\n            <div class=\"list-item download\" data-label=\"Download\">\n                <a href=\"https:\/\/antecscientific.com\/wp-content\/mu-plugins\/antec-downloads\/files\/apps\/clinical\/217_046_03 - FDG long term stability.pdf\" class=\"download-link\" download>Download<i class=\"zmdi zmdi-cloud-download wpfd-download\"><\/i><\/a>\n            <\/div>\n                    <div class=\"list-item name\" data-label=\"Name\">HVA, VMA and 5-HIAA in Urine<\/div>\n            <div class=\"list-item rev\" data-label=\"Rev\">214_006_06<\/div>\n            <div class=\"list-item size\" data-label=\"Size\">0.43 MB<\/div>\n            <div class=\"list-item download\" data-label=\"Download\">\n                <a href=\"https:\/\/antecscientific.com\/wp-content\/mu-plugins\/antec-downloads\/files\/apps\/clinical\/214_006_06 - HVA, VMA and 5-HIAA in Urine.pdf\" class=\"download-link\" download>Download<i class=\"zmdi zmdi-cloud-download wpfd-download\"><\/i><\/a>\n            <\/div>\n                    <div class=\"list-item name\" data-label=\"Name\">Iodide in Urine<\/div>\n            <div class=\"list-item rev\" data-label=\"Rev\">215_008_04<\/div>\n            <div class=\"list-item size\" data-label=\"Size\">0.63 MB<\/div>\n            <div class=\"list-item download\" data-label=\"Download\">\n                <a href=\"https:\/\/antecscientific.com\/wp-content\/mu-plugins\/antec-downloads\/files\/apps\/clinical\/215_008_04 - Iodide in Urine.pdf\" class=\"download-link\" download>Download<i class=\"zmdi zmdi-cloud-download wpfd-download\"><\/i><\/a>\n            <\/div>\n                    <div class=\"list-item name\" data-label=\"Name\">Metanephrines in Urine<\/div>\n            <div class=\"list-item rev\" data-label=\"Rev\">214_005_06<\/div>\n            <div class=\"list-item size\" data-label=\"Size\">0.49 MB<\/div>\n            <div class=\"list-item download\" data-label=\"Download\">\n                <a href=\"https:\/\/antecscientific.com\/wp-content\/mu-plugins\/antec-downloads\/files\/apps\/clinical\/214_005_06 - Metanephrines in Urine.pdf\" class=\"download-link\" download>Download<i class=\"zmdi zmdi-cloud-download wpfd-download\"><\/i><\/a>\n            <\/div>\n                    <div class=\"list-item name\" data-label=\"Name\">Serotonin in Plasma<\/div>\n            <div class=\"list-item rev\" data-label=\"Rev\">214_004_06<\/div>\n            <div class=\"list-item size\" data-label=\"Size\">0.52 MB<\/div>\n            <div class=\"list-item download\" data-label=\"Download\">\n                <a href=\"https:\/\/antecscientific.com\/wp-content\/mu-plugins\/antec-downloads\/files\/apps\/clinical\/214_004_06 - Serotonin in Plasma.pdf\" class=\"download-link\" download>Download<i class=\"zmdi zmdi-cloud-download wpfd-download\"><\/i><\/a>\n            <\/div>\n                    <div class=\"list-item name\" data-label=\"Name\">Serotonin in Urine<\/div>\n            <div class=\"list-item rev\" data-label=\"Rev\">214_003_06<\/div>\n            <div class=\"list-item size\" data-label=\"Size\">0.43 MB<\/div>\n            <div class=\"list-item download\" data-label=\"Download\">\n                <a href=\"https:\/\/antecscientific.com\/wp-content\/mu-plugins\/antec-downloads\/files\/apps\/clinical\/214_003_06 - Serotonin in Urine.pdf\" class=\"download-link\" download>Download<i class=\"zmdi zmdi-cloud-download wpfd-download\"><\/i><\/a>\n            <\/div>\n                    <div class=\"list-item name\" data-label=\"Name\">Vitamins and Q10<\/div>\n            <div class=\"list-item rev\" data-label=\"Rev\">214_010_03<\/div>\n            <div class=\"list-item size\" data-label=\"Size\">0.89 MB<\/div>\n            <div class=\"list-item download\" data-label=\"Download\">\n                <a href=\"https:\/\/antecscientific.com\/wp-content\/mu-plugins\/antec-downloads\/files\/apps\/clinical\/214_010_03 - Vitamins and Q10.pdf\" class=\"download-link\" download>Download<i class=\"zmdi zmdi-cloud-download wpfd-download\"><\/i><\/a>\n            <\/div>\n            <\/div>\n\n<p>[\/et_pb_text][\/et_pb_column][\/et_pb_row][\/et_pb_section][et_pb_section fb_built=&#8220;1&#8243; disabled_on=&#8220;on|on|on&#8220; admin_label=&#8220;Download Table&#8220; _builder_version=&#8220;4.27.2&#8243; background_enable_color=&#8220;off&#8220; use_background_color_gradient=&#8220;on&#8220; background_color_gradient_stops=&#8220;#f6f9fb 50%|#ffffff 100%&#8220; background_color_gradient_start=&#8220;#f6f9fb&#8220; background_color_gradient_start_position=&#8220;50%&#8220; background_color_gradient_end=&#8220;#ffffff&#8220; max_width_tablet=&#8220;&#8220; max_width_phone=&#8220;100%&#8220; max_width_last_edited=&#8220;on|desktop&#8220; module_alignment=&#8220;center&#8220; custom_margin=&#8220;0px||0px||false|false&#8220; custom_padding=&#8220;40px||40px||false|false&#8220; disabled=&#8220;on&#8220; global_colors_info=&#8220;{}&#8220;][et_pb_row _builder_version=&#8220;4.16&#8243; background_color=&#8220;rgba(0,0,0,0)&#8220; width_tablet=&#8220;&#8220; width_phone=&#8220;&#8220; width_last_edited=&#8220;on|phone&#8220; max_width=&#8220;80%&#8220; max_width_tablet=&#8220;&#8220; max_width_phone=&#8220;&#8220; max_width_last_edited=&#8220;on|phone&#8220; module_alignment=&#8220;center&#8220; global_colors_info=&#8220;{}&#8220;][et_pb_column type=&#8220;4_4&#8243; _builder_version=&#8220;4.16&#8243; global_colors_info=&#8220;{}&#8220;][et_pb_text admin_label=&#8220;Shortcode of Table&#8220; _builder_version=&#8220;4.16&#8243; background_color=&#8220;#ffffff&#8220; custom_padding=&#8220;20px|30px|30px|30px|false|false&#8220; custom_padding_tablet=&#8220;&#8220; custom_padding_phone=&#8220;|0px||0px|false|false&#8220; custom_padding_last_edited=&#8220;on|phone&#8220; box_shadow_style=&#8220;preset1&#8243; box_shadow_blur=&#8220;40px&#8220; box_shadow_color=&#8220;rgba(0,33,91,0.17)&#8220; global_colors_info=&#8220;{}&#8220;]<\/p>\n<p>[wpfd_category id=&#8220;21&#8243;]<\/p>\n<p>[\/et_pb_text][\/et_pb_column][\/et_pb_row][\/et_pb_section]<\/p>\n","protected":false},"excerpt":{"rendered":"<p>ALEXYS HPLC-System f\u00fcr die Analyse von klinischen Proben. Katecholamine, Serotonin, Metanephrine, Jodid. Blut oder Urin. FDG f\u00fcr PET-Scanner.<\/p>\n","protected":false},"author":3,"featured_media":0,"parent":13294,"menu_order":0,"comment_status":"closed","ping_status":"closed","template":"","meta":{"_et_pb_use_builder":"on","_et_pb_old_content":"","_et_gb_content_width":"","footnotes":""},"class_list":["post-30173","page","type-page","status-publish","hentry"],"yoast_head":"<!-- This site is optimized with the Yoast SEO plugin v27.4 - https:\/\/yoast.com\/product\/yoast-seo-wordpress\/ -->\n<title>Klinischer Analyzer - Antec Scientific<\/title>\n<meta name=\"description\" content=\"ALEXYS HPLC-System f\u00fcr die Analyse von klinischen Proben. Katecholamine, Serotonin, Metanephrine, Jodid. Blut oder Urin. FDG f\u00fcr PET-Scanner.\" \/>\n<meta name=\"robots\" content=\"index, follow, max-snippet:-1, max-image-preview:large, max-video-preview:-1\" \/>\n<link rel=\"canonical\" href=\"https:\/\/antecscientific.com\/de\/produkte\/alexys-analysatoren\/klinischer-analyzer\/\" \/>\n<meta property=\"og:locale\" content=\"de_DE\" \/>\n<meta property=\"og:type\" content=\"article\" \/>\n<meta property=\"og:title\" content=\"Klinischer Analyzer - Antec Scientific\" \/>\n<meta property=\"og:description\" content=\"ALEXYS HPLC-System f\u00fcr die Analyse von klinischen Proben. Katecholamine, Serotonin, Metanephrine, Jodid. Blut oder Urin. FDG f\u00fcr PET-Scanner.\" \/>\n<meta property=\"og:url\" content=\"https:\/\/antecscientific.com\/de\/produkte\/alexys-analysatoren\/klinischer-analyzer\/\" \/>\n<meta property=\"og:site_name\" content=\"Antec Scientific\" \/>\n<meta property=\"article:modified_time\" content=\"2025-01-20T14:34:09+00:00\" \/>\n<meta name=\"twitter:card\" content=\"summary_large_image\" \/>\n<meta name=\"twitter:label1\" content=\"Gesch\u00e4tzte Lesezeit\" \/>\n\t<meta name=\"twitter:data1\" content=\"5\u00a0Minuten\" \/>\n<script type=\"application\/ld+json\" class=\"yoast-schema-graph\">{\"@context\":\"https:\\\/\\\/schema.org\",\"@graph\":[{\"@type\":\"WebPage\",\"@id\":\"https:\\\/\\\/antecscientific.com\\\/de\\\/produkte\\\/alexys-analysatoren\\\/klinischer-analyzer\\\/\",\"url\":\"https:\\\/\\\/antecscientific.com\\\/de\\\/produkte\\\/alexys-analysatoren\\\/klinischer-analyzer\\\/\",\"name\":\"Klinischer Analyzer - Antec Scientific\",\"isPartOf\":{\"@id\":\"https:\\\/\\\/antecscientific.com\\\/de\\\/#website\"},\"datePublished\":\"2025-01-20T14:12:21+00:00\",\"dateModified\":\"2025-01-20T14:34:09+00:00\",\"description\":\"ALEXYS HPLC-System f\u00fcr die Analyse von klinischen Proben. Katecholamine, Serotonin, Metanephrine, Jodid. Blut oder Urin. FDG f\u00fcr PET-Scanner.\",\"breadcrumb\":{\"@id\":\"https:\\\/\\\/antecscientific.com\\\/de\\\/produkte\\\/alexys-analysatoren\\\/klinischer-analyzer\\\/#breadcrumb\"},\"inLanguage\":\"de\",\"potentialAction\":[{\"@type\":\"ReadAction\",\"target\":[\"https:\\\/\\\/antecscientific.com\\\/de\\\/produkte\\\/alexys-analysatoren\\\/klinischer-analyzer\\\/\"]}]},{\"@type\":\"BreadcrumbList\",\"@id\":\"https:\\\/\\\/antecscientific.com\\\/de\\\/produkte\\\/alexys-analysatoren\\\/klinischer-analyzer\\\/#breadcrumb\",\"itemListElement\":[{\"@type\":\"ListItem\",\"position\":1,\"name\":\"Produkte\",\"item\":\"https:\\\/\\\/antecscientific.com\\\/de\\\/produkte\\\/\"},{\"@type\":\"ListItem\",\"position\":2,\"name\":\"ALEXYS-Analysatoren\",\"item\":\"https:\\\/\\\/antecscientific.com\\\/de\\\/produkte\\\/alexys-analysatoren\\\/\"},{\"@type\":\"ListItem\",\"position\":3,\"name\":\"Klinischer Analyzer\"}]},{\"@type\":\"WebSite\",\"@id\":\"https:\\\/\\\/antecscientific.com\\\/de\\\/#website\",\"url\":\"https:\\\/\\\/antecscientific.com\\\/de\\\/\",\"name\":\"Antec Scientific\",\"description\":\"Supporting research to improve quality of life\",\"potentialAction\":[{\"@type\":\"SearchAction\",\"target\":{\"@type\":\"EntryPoint\",\"urlTemplate\":\"https:\\\/\\\/antecscientific.com\\\/de\\\/?s={search_term_string}\"},\"query-input\":{\"@type\":\"PropertyValueSpecification\",\"valueRequired\":true,\"valueName\":\"search_term_string\"}}],\"inLanguage\":\"de\"}]}<\/script>\n<!-- \/ Yoast SEO plugin. -->","yoast_head_json":{"title":"Klinischer Analyzer - Antec Scientific","description":"ALEXYS HPLC-System f\u00fcr die Analyse von klinischen Proben. Katecholamine, Serotonin, Metanephrine, Jodid. Blut oder Urin. FDG f\u00fcr PET-Scanner.","robots":{"index":"index","follow":"follow","max-snippet":"max-snippet:-1","max-image-preview":"max-image-preview:large","max-video-preview":"max-video-preview:-1"},"canonical":"https:\/\/antecscientific.com\/de\/produkte\/alexys-analysatoren\/klinischer-analyzer\/","og_locale":"de_DE","og_type":"article","og_title":"Klinischer Analyzer - Antec Scientific","og_description":"ALEXYS HPLC-System f\u00fcr die Analyse von klinischen Proben. Katecholamine, Serotonin, Metanephrine, Jodid. Blut oder Urin. FDG f\u00fcr PET-Scanner.","og_url":"https:\/\/antecscientific.com\/de\/produkte\/alexys-analysatoren\/klinischer-analyzer\/","og_site_name":"Antec Scientific","article_modified_time":"2025-01-20T14:34:09+00:00","twitter_card":"summary_large_image","twitter_misc":{"Gesch\u00e4tzte Lesezeit":"5\u00a0Minuten"},"schema":{"@context":"https:\/\/schema.org","@graph":[{"@type":"WebPage","@id":"https:\/\/antecscientific.com\/de\/produkte\/alexys-analysatoren\/klinischer-analyzer\/","url":"https:\/\/antecscientific.com\/de\/produkte\/alexys-analysatoren\/klinischer-analyzer\/","name":"Klinischer Analyzer - Antec Scientific","isPartOf":{"@id":"https:\/\/antecscientific.com\/de\/#website"},"datePublished":"2025-01-20T14:12:21+00:00","dateModified":"2025-01-20T14:34:09+00:00","description":"ALEXYS HPLC-System f\u00fcr die Analyse von klinischen Proben. Katecholamine, Serotonin, Metanephrine, Jodid. Blut oder Urin. FDG f\u00fcr PET-Scanner.","breadcrumb":{"@id":"https:\/\/antecscientific.com\/de\/produkte\/alexys-analysatoren\/klinischer-analyzer\/#breadcrumb"},"inLanguage":"de","potentialAction":[{"@type":"ReadAction","target":["https:\/\/antecscientific.com\/de\/produkte\/alexys-analysatoren\/klinischer-analyzer\/"]}]},{"@type":"BreadcrumbList","@id":"https:\/\/antecscientific.com\/de\/produkte\/alexys-analysatoren\/klinischer-analyzer\/#breadcrumb","itemListElement":[{"@type":"ListItem","position":1,"name":"Produkte","item":"https:\/\/antecscientific.com\/de\/produkte\/"},{"@type":"ListItem","position":2,"name":"ALEXYS-Analysatoren","item":"https:\/\/antecscientific.com\/de\/produkte\/alexys-analysatoren\/"},{"@type":"ListItem","position":3,"name":"Klinischer Analyzer"}]},{"@type":"WebSite","@id":"https:\/\/antecscientific.com\/de\/#website","url":"https:\/\/antecscientific.com\/de\/","name":"Antec Scientific","description":"Supporting research to improve quality of life","potentialAction":[{"@type":"SearchAction","target":{"@type":"EntryPoint","urlTemplate":"https:\/\/antecscientific.com\/de\/?s={search_term_string}"},"query-input":{"@type":"PropertyValueSpecification","valueRequired":true,"valueName":"search_term_string"}}],"inLanguage":"de"}]}},"_links":{"self":[{"href":"https:\/\/antecscientific.com\/de\/wp-json\/wp\/v2\/pages\/30173","targetHints":{"allow":["GET"]}}],"collection":[{"href":"https:\/\/antecscientific.com\/de\/wp-json\/wp\/v2\/pages"}],"about":[{"href":"https:\/\/antecscientific.com\/de\/wp-json\/wp\/v2\/types\/page"}],"author":[{"embeddable":true,"href":"https:\/\/antecscientific.com\/de\/wp-json\/wp\/v2\/users\/3"}],"replies":[{"embeddable":true,"href":"https:\/\/antecscientific.com\/de\/wp-json\/wp\/v2\/comments?post=30173"}],"version-history":[{"count":9,"href":"https:\/\/antecscientific.com\/de\/wp-json\/wp\/v2\/pages\/30173\/revisions"}],"predecessor-version":[{"id":30278,"href":"https:\/\/antecscientific.com\/de\/wp-json\/wp\/v2\/pages\/30173\/revisions\/30278"}],"up":[{"embeddable":true,"href":"https:\/\/antecscientific.com\/de\/wp-json\/wp\/v2\/pages\/13294"}],"wp:attachment":[{"href":"https:\/\/antecscientific.com\/de\/wp-json\/wp\/v2\/media?parent=30173"}],"curies":[{"name":"wp","href":"https:\/\/api.w.org\/{rel}","templated":true}]}}