{"id":22564,"date":"2021-12-30T18:46:36","date_gmt":"2021-12-30T17:46:36","guid":{"rendered":"https:\/\/antecscientific.com\/ueber\/karriere\/verwaltender-mediziner\/"},"modified":"2026-01-18T11:42:27","modified_gmt":"2026-01-18T10:42:27","slug":"verwaltender-mediziner","status":"publish","type":"page","link":"https:\/\/antecscientific.com\/de\/ueber\/karriere\/verwaltender-mediziner\/","title":{"rendered":"Verwaltender Mediziner"},"content":{"rendered":"<p>[et_pb_section fb_built=&#8220;1&#8243; admin_label=&#8220;Header&#8220; _builder_version=&#8220;4.16&#8243; background_image=&#8220;https:\/\/antecscientific.com\/wp-content\/uploads\/2021\/11\/11_img.jpg&#8220; parallax=&#8220;on&#8220; custom_padding=&#8220;2vw|0px|200px|0px|false|false&#8220; collapsed=&#8220;on&#8220; global_colors_info=&#8220;{}&#8220;][et_pb_row _builder_version=&#8220;4.16&#8243; global_colors_info=&#8220;{}&#8220;][et_pb_column type=&#8220;4_4&#8243; _builder_version=&#8220;4.16&#8243; custom_padding=&#8220;|||&#8220; global_colors_info=&#8220;{}&#8220; custom_padding__hover=&#8220;|||&#8220;][et_pb_text admin_label=&#8220;Breadcrumbs (don&#8217;t touch)&#8220; _builder_version=&#8220;4.16&#8243; text_font=&#8220;|700|||||||&#8220; text_text_color=&#8220;#ffffff&#8220; text_font_size=&#8220;15px&#8220; link_font=&#8220;|700|||||||&#8220; link_text_color=&#8220;#ffffff&#8220; link_font_size=&#8220;15px&#8220; global_colors_info=&#8220;{}&#8220;][\/et_pb_text][et_pb_text admin_label=&#8220;Big page title (don&#8217;t touch)&#8220; _builder_version=&#8220;4.16&#8243; _dynamic_attributes=&#8220;content&#8220; text_font=&#8220;||||||||&#8220; header_font=&#8220;|700|||||||&#8220; header_text_color=&#8220;#ffffff&#8220; header_font_size=&#8220;80px&#8220; header_line_height=&#8220;1.2em&#8220; header_5_font=&#8220;Raleway|700||on|||||&#8220; header_5_text_color=&#8220;#000000&#8243; header_5_font_size=&#8220;20px&#8220; header_5_letter_spacing=&#8220;0.5em&#8220; header_5_line_height=&#8220;1.8em&#8220; animation_style=&#8220;zoom&#8220; animation_intensity_zoom=&#8220;5%&#8220; header_font_size_tablet=&#8220;48px&#8220; header_font_size_phone=&#8220;32px&#8220; header_font_size_last_edited=&#8220;on|phone&#8220; header_5_font_size_tablet=&#8220;14px&#8220; header_5_font_size_phone=&#8220;12px&#8220; header_5_font_size_last_edited=&#8220;on|desktop&#8220; global_colors_info=&#8220;{}&#8220;]@ET-DC@eyJkeW5hbWljIjp0cnVlLCJjb250ZW50IjoicG9zdF90aXRsZSIsInNldHRpbmdzIjp7ImJlZm9yZSI6IjxoMT4iLCJhZnRlciI6IjxcL2gxPiJ9fQ==@[\/et_pb_text][\/et_pb_column][\/et_pb_row][\/et_pb_section][et_pb_section fb_built=&#8220;1&#8243; admin_label=&#8220;Content&#8220; _builder_version=&#8220;4.16&#8243; background_color=&#8220;#ffffff&#8220; max_width=&#8220;90%&#8220; max_width_tablet=&#8220;&#8220; max_width_phone=&#8220;100%&#8220; max_width_last_edited=&#8220;on|phone&#8220; custom_margin=&#8220;-160px||0px||false|false&#8220; custom_padding=&#8220;||0px||false|false&#8220; border_color_all=&#8220;#ffffff&#8220; border_width_left=&#8220;10vw&#8220; global_colors_info=&#8220;{}&#8220;][et_pb_row column_structure=&#8220;2_3,1_3&#8243; custom_padding_last_edited=&#8220;on|phone&#8220; _builder_version=&#8220;4.16&#8243; width=&#8220;auto&#8220; max_width=&#8220;none&#8220; custom_padding=&#8220;27px|0|27px|0px|false|false&#8220; custom_padding_tablet=&#8220;|0px||0px||true&#8220; custom_padding_phone=&#8220;|10%||0px|false|false&#8220; global_colors_info=&#8220;{}&#8220;][et_pb_column type=&#8220;2_3&#8243; _builder_version=&#8220;4.16&#8243; custom_padding=&#8220;|||&#8220; global_colors_info=&#8220;{}&#8220; custom_padding__hover=&#8220;|||&#8220;][et_pb_text admin_label=&#8220;Subtitle&#8220; _builder_version=&#8220;4.18.0&#8243; text_font=&#8220;||||||||&#8220; text_line_height=&#8220;2em&#8220; header_font=&#8220;||||||||&#8220; header_2_font=&#8220;|600||on|||||&#8220; header_2_text_color=&#8220;#df0834&#8243; header_2_font_size=&#8220;20px&#8220; header_2_line_height=&#8220;1.4em&#8220; header_6_font=&#8220;|700||on|||||&#8220; header_6_font_size=&#8220;16px&#8220; header_6_letter_spacing=&#8220;5px&#8220; header_6_line_height=&#8220;1.8em&#8220; max_width=&#8220;700px&#8220; module_alignment=&#8220;center&#8220; custom_margin=&#8220;||0px||false|false&#8220; custom_padding=&#8220;||0px||false|false&#8220; header_2_font_size_tablet=&#8220;25px&#8220; header_2_font_size_phone=&#8220;25px&#8220; header_2_font_size_last_edited=&#8220;on|phone&#8220; global_colors_info=&#8220;{}&#8220;]<\/p>\n<h2>Kaufm\u00e4nnischer Verwaltungsangestellter<\/h2>\n<p>[\/et_pb_text][et_pb_text content_last_edited=&#8220;off|desktop&#8220; admin_label=&#8220;Paragraph&#8220; _builder_version=&#8220;4.27.5&#8243; text_font=&#8220;||||||||&#8220; text_font_size=&#8220;18px&#8220; text_line_height=&#8220;2em&#8220; header_font=&#8220;||||||||&#8220; header_2_font=&#8220;Raleway|700|||||||&#8220; header_2_font_size=&#8220;50px&#8220; header_2_line_height=&#8220;1.4em&#8220; header_6_font=&#8220;Raleway|700||on|||||&#8220; header_6_font_size=&#8220;16px&#8220; header_6_letter_spacing=&#8220;5px&#8220; header_6_line_height=&#8220;1.8em&#8220; text_orientation=&#8220;justified&#8220; max_width=&#8220;700px&#8220; module_alignment=&#8220;center&#8220; custom_margin=&#8220;0px||||false|false&#8220; custom_padding=&#8220;0px||||false|false&#8220; hover_enabled=&#8220;0&#8243; header_2_font_size_tablet=&#8220;35px&#8220; header_2_font_size_phone=&#8220;25px&#8220; header_2_font_size_last_edited=&#8220;on|phone&#8220; text_orientation_tablet=&#8220;&#8220; text_orientation_phone=&#8220;left&#8220; text_orientation_last_edited=&#8220;on|desktop&#8220; global_colors_info=&#8220;{}&#8220; sticky_enabled=&#8220;0&#8243;]<\/p>\n<p>Sind Sie auf der Suche nach einer selbst\u00e4ndigen Verwaltungsfunktion in einem kleinen Team?<\/p>\n<p>&nbsp;<\/p>\n<h3>Funktionelle Beschreibung<\/h3>\n<p>F\u00fcr unsere Vestiging in Alphen aan den Rijn suchen wir eine(n) administrative(n) Mitarbeiter(in) f\u00fcr unsere Auftragsadministration f\u00fcr 40 Stunden pro Woche. Sie sind in allen Phasen des Auftragsprozesses t\u00e4tig, vom Angebot bis zur Ausf\u00fchrung. Daher bieten wir Ihnen auch die M\u00f6glichkeit, sich auf ein kommerzielles Gebiet zu konzentrieren. Kontaktaufnahme mit Klienten bei der Erstellung von Angeboten oder Hilfe bei der Platzierung von Inhalten auf der Website.<\/p>\n<p>&nbsp;<\/p>\n<h3>Het team<\/h3>\n<p>Je komt te werken op ons kantoor in Alphen aan den Rijn. Er geh\u00f6rt zu einem gut funktionierenden Team von 15 Kolleginnen und Kollegen. Wir haben keine langen Wartezeiten, aber wir sind bereit, uns auf neue Projekte einzulassen und Klienten zu beraten.<\/p>\n<p>&nbsp;<\/p>\n<h3>Was macht die perfekte Kandidatur aus?<\/h3>\n<p>Wir sind ein breit gef\u00e4chertes Unternehmen, in dem Ingenieure, Techniker, Vertriebsmitarbeiter, Logistiker und Produktmanager aus verschiedenen Regionen und L\u00e4ndern zusammenarbeiten. Nur durch die Verschmelzung entstehen verr\u00e4terische Eindr\u00fccke. En dat past dan erg goed bij ons als organisatie. Wir wissen, wie ich mich f\u00fchle und welche F\u00e4higkeiten und Erfahrungen ich mitbringe.<\/p>\n<ul>\n<li>HBO werk- und denkniveau<\/li>\n<li>Zorgvuldig in je werk, liever dubbelchecken dan fouten maken<\/li>\n<li>Kontaktaufnahme mit Klienten und Investoren lohnt sich<\/li>\n<li>Goede beheersing Nederlandse en Engelse taal (schriftelijk\/mondeling)<\/li>\n<li>Affinit\u00e4t zu sozialen Medien, Platzierung von Inhalten auf der Website<\/li>\n<li>Wenn wir eine kleine Organisation sind, hilft es uns, wenn wir uns nicht sicher sind.<\/li>\n<li>Je woont in de regio (West-Nederland)<\/li>\n<\/ul>\n<p>&nbsp;<\/p>\n<h3>Wir bieten Ihnen<\/h3>\n<ul>\n<li>Afwisselende functie, 40 uur pro Woche<\/li>\n<li>Vertrag f\u00fcr eine befristete T\u00e4tigkeit mit Blick auf einen gro\u00dfen Dienstverband<\/li>\n<li>Ontwikkelingsmogelijkheden d.m.v. opleidingen en trainingen<\/li>\n<li>Arbeiten auf eigene Faust im Laufe der Woche<\/li>\n<li>Mogelijkheid tot thuiswerken in overleg<\/li>\n<li>Viel Verantwoordelijkheid und Ruhe f\u00fcr die eigenen Initiatoren.<\/li>\n<li>Reiskostenvergoeding, OV\/NS-Visitenkarte<\/li>\n<li>24 vakantiedagen, uitbreidbaar tot 35 dagen (bij full time)<\/li>\n<li>Ein ausgewogenes Verh\u00e4ltnis zwischen Arbeit und Privatleben<\/li>\n<\/ul>\n<p>&nbsp;<\/p>\n<h3>Wie sind wir<\/h3>\n<p>Antec Scientific entwickelt und vertreibt Analyseger\u00e4te f\u00fcr Forschungslaboratorien in der ganzen Welt. Wir wenden Analysemethoden an, um Stoffe zu diagnostizieren und die Qualit\u00e4t zu kontrollieren. Een paar voorbeelden: met onze apparatuur kunnen catecholamines in bloed worden gemeten, belangrijke tumor markers in bestrijding van kanker. Wir k\u00f6nnen die gehaltvolle Laktose in laktosehaltigen Produkten unter dem Gesichtspunkt der Unbedenklichkeit beibehalten. Zu unseren Kunden geh\u00f6ren Schulen, Universit\u00e4ten, landwirtschaftliche Betriebe, Lebensmittelhersteller und Forschungslabors in der ganzen Welt.<\/p>\n<p>&nbsp;<\/p>\n<h3>Solliciteren<\/h3>\n<p>Stuur een email met cv naar <a href=\"mailto:careers@antecscientific.com?subject=Sollicitatie%20commercieel%20administratief%20medewerker\">careers@antecscientific.com<\/a> t.n.v. dhr. N. Reinhoud.<\/p>\n<p>[\/et_pb_text][\/et_pb_column][et_pb_column type=&#8220;1_3&#8243; _builder_version=&#8220;4.16&#8243; custom_padding=&#8220;5%|5%|||false|false&#8220; global_colors_info=&#8220;{}&#8220; custom_padding__hover=&#8220;|||&#8220;][et_pb_image src=&#8220;https:\/\/antecscientific.com\/wp-content\/uploads\/2021\/12\/shutterstock_1017511597.jpg&#8220; title_text=&#8220;Verwaltende Medewerk(st)er&#8220; _builder_version=&#8220;4.16&#8243; _module_preset=&#8220;default&#8220; global_colors_info=&#8220;{}&#8220;][\/et_pb_image][et_pb_button button_url=&#8220;mailto:careers@antecscientific.com?Subject=Sollicitatie%20commercieel%20administratief%20medewerker&#8220; button_text=&#8220;Reageer nu!&#8220; button_alignment=&#8220;center&#8220; _builder_version=&#8220;4.20.4&#8243; _module_preset=&#8220;default&#8220; global_colors_info=&#8220;{}&#8220;][\/et_pb_button][\/et_pb_column][\/et_pb_row][\/et_pb_section]<\/p>\n","protected":false},"excerpt":{"rendered":"<p>Kaufm\u00e4nnischer VerwaltungsangestellterSind Sie auf der Suche nach einer selbst\u00e4ndigen Verwaltungsfunktion in einem kleinen Team? &nbsp; Funktionelle Beschreibung F\u00fcr unsere Vestiging in Alphen aan den Rijn suchen wir eine(n) administrative(n) Mitarbeiter(in) f\u00fcr unsere Auftragsadministration f\u00fcr 40 Stunden pro Woche. Sie sind in allen Phasen des Auftragsprozesses t\u00e4tig, vom Angebot bis zur Ausf\u00fchrung. Daher bieten wir Ihnen [&hellip;]<\/p>\n","protected":false},"author":3,"featured_media":0,"parent":13034,"menu_order":0,"comment_status":"closed","ping_status":"closed","template":"","meta":{"_et_pb_use_builder":"on","_et_pb_old_content":"","_et_gb_content_width":"","footnotes":""},"class_list":["post-22564","page","type-page","status-publish","hentry"],"yoast_head":"<!-- This site is optimized with the Yoast SEO plugin v27.4 - https:\/\/yoast.com\/product\/yoast-seo-wordpress\/ -->\n<title>Verwaltender Mediziner - Antec Scientific<\/title>\n<meta name=\"description\" content=\"F\u00fcr unseren neuen Standort in Alphen aan den Rijn suchen wir eine\/n Verwaltungsangestellte\/n f\u00fcr die Auftragsverwaltung f\u00fcr 24-32 Stunden pro Woche.\" \/>\n<meta name=\"robots\" content=\"index, follow, max-snippet:-1, max-image-preview:large, max-video-preview:-1\" \/>\n<link rel=\"canonical\" href=\"https:\/\/antecscientific.com\/de\/ueber\/karriere\/verwaltender-mediziner\/\" \/>\n<meta property=\"og:locale\" content=\"de_DE\" \/>\n<meta property=\"og:type\" content=\"article\" \/>\n<meta property=\"og:title\" content=\"Verwaltender Mediziner - Antec Scientific\" \/>\n<meta property=\"og:description\" content=\"F\u00fcr unseren neuen Standort in Alphen aan den Rijn suchen wir eine\/n Verwaltungsangestellte\/n f\u00fcr die Auftragsverwaltung f\u00fcr 24-32 Stunden pro Woche.\" \/>\n<meta property=\"og:url\" content=\"https:\/\/antecscientific.com\/de\/ueber\/karriere\/verwaltender-mediziner\/\" \/>\n<meta property=\"og:site_name\" content=\"Antec Scientific\" \/>\n<meta property=\"article:modified_time\" content=\"2026-01-18T10:42:27+00:00\" \/>\n<meta name=\"twitter:card\" content=\"summary_large_image\" \/>\n<meta name=\"twitter:label1\" content=\"Gesch\u00e4tzte Lesezeit\" \/>\n\t<meta name=\"twitter:data1\" content=\"5\u00a0Minuten\" \/>\n<script type=\"application\/ld+json\" class=\"yoast-schema-graph\">{\"@context\":\"https:\\\/\\\/schema.org\",\"@graph\":[{\"@type\":\"WebPage\",\"@id\":\"https:\\\/\\\/antecscientific.com\\\/de\\\/ueber\\\/karriere\\\/verwaltender-mediziner\\\/\",\"url\":\"https:\\\/\\\/antecscientific.com\\\/de\\\/ueber\\\/karriere\\\/verwaltender-mediziner\\\/\",\"name\":\"Verwaltender Mediziner - Antec Scientific\",\"isPartOf\":{\"@id\":\"https:\\\/\\\/antecscientific.com\\\/de\\\/#website\"},\"datePublished\":\"2021-12-30T17:46:36+00:00\",\"dateModified\":\"2026-01-18T10:42:27+00:00\",\"description\":\"F\u00fcr unseren neuen Standort in Alphen aan den Rijn suchen wir eine\\\/n Verwaltungsangestellte\\\/n f\u00fcr die Auftragsverwaltung f\u00fcr 24-32 Stunden pro Woche.\",\"breadcrumb\":{\"@id\":\"https:\\\/\\\/antecscientific.com\\\/de\\\/ueber\\\/karriere\\\/verwaltender-mediziner\\\/#breadcrumb\"},\"inLanguage\":\"de\",\"potentialAction\":[{\"@type\":\"ReadAction\",\"target\":[\"https:\\\/\\\/antecscientific.com\\\/de\\\/ueber\\\/karriere\\\/verwaltender-mediziner\\\/\"]}]},{\"@type\":\"BreadcrumbList\",\"@id\":\"https:\\\/\\\/antecscientific.com\\\/de\\\/ueber\\\/karriere\\\/verwaltender-mediziner\\\/#breadcrumb\",\"itemListElement\":[{\"@type\":\"ListItem\",\"position\":1,\"name\":\"\u00dcber\",\"item\":\"https:\\\/\\\/antecscientific.com\\\/de\\\/ueber\\\/\"},{\"@type\":\"ListItem\",\"position\":2,\"name\":\"Karriere\",\"item\":\"https:\\\/\\\/antecscientific.com\\\/de\\\/ueber\\\/karriere\\\/\"},{\"@type\":\"ListItem\",\"position\":3,\"name\":\"Verwaltender Mediziner\"}]},{\"@type\":\"WebSite\",\"@id\":\"https:\\\/\\\/antecscientific.com\\\/de\\\/#website\",\"url\":\"https:\\\/\\\/antecscientific.com\\\/de\\\/\",\"name\":\"Antec Scientific\",\"description\":\"Supporting research to improve quality of life\",\"potentialAction\":[{\"@type\":\"SearchAction\",\"target\":{\"@type\":\"EntryPoint\",\"urlTemplate\":\"https:\\\/\\\/antecscientific.com\\\/de\\\/?s={search_term_string}\"},\"query-input\":{\"@type\":\"PropertyValueSpecification\",\"valueRequired\":true,\"valueName\":\"search_term_string\"}}],\"inLanguage\":\"de\"}]}<\/script>\n<!-- \/ Yoast SEO plugin. -->","yoast_head_json":{"title":"Verwaltender Mediziner - Antec Scientific","description":"F\u00fcr unseren neuen Standort in Alphen aan den Rijn suchen wir eine\/n Verwaltungsangestellte\/n f\u00fcr die Auftragsverwaltung f\u00fcr 24-32 Stunden pro Woche.","robots":{"index":"index","follow":"follow","max-snippet":"max-snippet:-1","max-image-preview":"max-image-preview:large","max-video-preview":"max-video-preview:-1"},"canonical":"https:\/\/antecscientific.com\/de\/ueber\/karriere\/verwaltender-mediziner\/","og_locale":"de_DE","og_type":"article","og_title":"Verwaltender Mediziner - Antec Scientific","og_description":"F\u00fcr unseren neuen Standort in Alphen aan den Rijn suchen wir eine\/n Verwaltungsangestellte\/n f\u00fcr die Auftragsverwaltung f\u00fcr 24-32 Stunden pro Woche.","og_url":"https:\/\/antecscientific.com\/de\/ueber\/karriere\/verwaltender-mediziner\/","og_site_name":"Antec Scientific","article_modified_time":"2026-01-18T10:42:27+00:00","twitter_card":"summary_large_image","twitter_misc":{"Gesch\u00e4tzte Lesezeit":"5\u00a0Minuten"},"schema":{"@context":"https:\/\/schema.org","@graph":[{"@type":"WebPage","@id":"https:\/\/antecscientific.com\/de\/ueber\/karriere\/verwaltender-mediziner\/","url":"https:\/\/antecscientific.com\/de\/ueber\/karriere\/verwaltender-mediziner\/","name":"Verwaltender Mediziner - Antec Scientific","isPartOf":{"@id":"https:\/\/antecscientific.com\/de\/#website"},"datePublished":"2021-12-30T17:46:36+00:00","dateModified":"2026-01-18T10:42:27+00:00","description":"F\u00fcr unseren neuen Standort in Alphen aan den Rijn suchen wir eine\/n Verwaltungsangestellte\/n f\u00fcr die Auftragsverwaltung f\u00fcr 24-32 Stunden pro Woche.","breadcrumb":{"@id":"https:\/\/antecscientific.com\/de\/ueber\/karriere\/verwaltender-mediziner\/#breadcrumb"},"inLanguage":"de","potentialAction":[{"@type":"ReadAction","target":["https:\/\/antecscientific.com\/de\/ueber\/karriere\/verwaltender-mediziner\/"]}]},{"@type":"BreadcrumbList","@id":"https:\/\/antecscientific.com\/de\/ueber\/karriere\/verwaltender-mediziner\/#breadcrumb","itemListElement":[{"@type":"ListItem","position":1,"name":"\u00dcber","item":"https:\/\/antecscientific.com\/de\/ueber\/"},{"@type":"ListItem","position":2,"name":"Karriere","item":"https:\/\/antecscientific.com\/de\/ueber\/karriere\/"},{"@type":"ListItem","position":3,"name":"Verwaltender Mediziner"}]},{"@type":"WebSite","@id":"https:\/\/antecscientific.com\/de\/#website","url":"https:\/\/antecscientific.com\/de\/","name":"Antec Scientific","description":"Supporting research to improve quality of life","potentialAction":[{"@type":"SearchAction","target":{"@type":"EntryPoint","urlTemplate":"https:\/\/antecscientific.com\/de\/?s={search_term_string}"},"query-input":{"@type":"PropertyValueSpecification","valueRequired":true,"valueName":"search_term_string"}}],"inLanguage":"de"}]}},"_links":{"self":[{"href":"https:\/\/antecscientific.com\/de\/wp-json\/wp\/v2\/pages\/22564","targetHints":{"allow":["GET"]}}],"collection":[{"href":"https:\/\/antecscientific.com\/de\/wp-json\/wp\/v2\/pages"}],"about":[{"href":"https:\/\/antecscientific.com\/de\/wp-json\/wp\/v2\/types\/page"}],"author":[{"embeddable":true,"href":"https:\/\/antecscientific.com\/de\/wp-json\/wp\/v2\/users\/3"}],"replies":[{"embeddable":true,"href":"https:\/\/antecscientific.com\/de\/wp-json\/wp\/v2\/comments?post=22564"}],"version-history":[{"count":21,"href":"https:\/\/antecscientific.com\/de\/wp-json\/wp\/v2\/pages\/22564\/revisions"}],"predecessor-version":[{"id":35463,"href":"https:\/\/antecscientific.com\/de\/wp-json\/wp\/v2\/pages\/22564\/revisions\/35463"}],"up":[{"embeddable":true,"href":"https:\/\/antecscientific.com\/de\/wp-json\/wp\/v2\/pages\/13034"}],"wp:attachment":[{"href":"https:\/\/antecscientific.com\/de\/wp-json\/wp\/v2\/media?parent=22564"}],"curies":[{"name":"wp","href":"https:\/\/api.w.org\/{rel}","templated":true}]}}