{"id":21172,"date":"2023-06-13T15:18:14","date_gmt":"2023-06-13T15:18:14","guid":{"rendered":"https:\/\/antecscientific.com\/ueber\/karriere\/chemischer-analist-hplc-2\/"},"modified":"2023-07-28T07:30:56","modified_gmt":"2023-07-28T07:30:56","slug":"chemischer-analist-hplc-2","status":"publish","type":"page","link":"https:\/\/antecscientific.com\/de\/ueber\/karriere\/chemischer-analist-hplc-2\/","title":{"rendered":"Chemischer Analist HPLC"},"content":{"rendered":"<p>[et_pb_section fb_built=&#8220;1&#8243; admin_label=&#8220;Header&#8220; _builder_version=&#8220;4.18.0&#8243; background_image=&#8220;https:\/\/antecscientific.com\/wp-content\/uploads\/2022\/09\/11_img.jpg&#8220; parallax=&#8220;on&#8220; custom_padding=&#8220;2vw|0px|200px|0px|false|false&#8220; collapsed=&#8220;on&#8220; global_colors_info=&#8220;{}&#8220;][et_pb_row _builder_version=&#8220;4.16&#8243; global_colors_info=&#8220;{}&#8220;][et_pb_column type=&#8220;4_4&#8243; _builder_version=&#8220;4.16&#8243; custom_padding=&#8220;|||&#8220; global_colors_info=&#8220;{}&#8220; custom_padding__hover=&#8220;|||&#8220;][et_pb_text admin_label=&#8220;Breadcrumbs (don&#8217;t touch)&#8220; _builder_version=&#8220;4.16&#8243; text_font=&#8220;|700|||||||&#8220; text_text_color=&#8220;#ffffff&#8220; text_font_size=&#8220;15px&#8220; link_font=&#8220;|700|||||||&#8220; link_text_color=&#8220;#ffffff&#8220; link_font_size=&#8220;15px&#8220; global_colors_info=&#8220;{}&#8220;][\/et_pb_text][et_pb_text admin_label=&#8220;Big page title (don&#8217;t touch)&#8220; _builder_version=&#8220;4.16&#8243; _dynamic_attributes=&#8220;content&#8220; text_font=&#8220;||||||||&#8220; header_font=&#8220;|700|||||||&#8220; header_text_color=&#8220;#ffffff&#8220; header_font_size=&#8220;80px&#8220; header_line_height=&#8220;1.2em&#8220; header_5_font=&#8220;Raleway|700||on|||||&#8220; header_5_text_color=&#8220;#000000&#8243; header_5_font_size=&#8220;20px&#8220; header_5_letter_spacing=&#8220;0.5em&#8220; header_5_line_height=&#8220;1.8em&#8220; animation_style=&#8220;zoom&#8220; animation_intensity_zoom=&#8220;5%&#8220; header_font_size_tablet=&#8220;48px&#8220; header_font_size_phone=&#8220;32px&#8220; header_font_size_last_edited=&#8220;on|phone&#8220; header_5_font_size_tablet=&#8220;14px&#8220; header_5_font_size_phone=&#8220;12px&#8220; header_5_font_size_last_edited=&#8220;on|desktop&#8220; global_colors_info=&#8220;{}&#8220;]@ET-DC@eyJkeW5hbWljIjp0cnVlLCJjb250ZW50IjoicG9zdF90aXRsZSIsInNldHRpbmdzIjp7ImJlZm9yZSI6IjxoMT4iLCJhZnRlciI6IjxcL2gxPiJ9fQ==@[\/et_pb_text][\/et_pb_column][\/et_pb_row][\/et_pb_section][et_pb_section fb_built=&#8220;1&#8243; admin_label=&#8220;Content&#8220; _builder_version=&#8220;4.17.6&#8243; background_color=&#8220;#ffffff&#8220; max_width=&#8220;90%&#8220; max_width_tablet=&#8220;&#8220; max_width_phone=&#8220;100%&#8220; max_width_last_edited=&#8220;on|phone&#8220; custom_margin=&#8220;-160px||0px||false|false&#8220; custom_padding=&#8220;||0px||false|false&#8220; border_color_all=&#8220;#ffffff&#8220; border_width_left=&#8220;10vw&#8220; global_colors_info=&#8220;{}&#8220;][et_pb_row column_structure=&#8220;2_3,1_3&#8243; custom_padding_last_edited=&#8220;on|phone&#8220; _builder_version=&#8220;4.16&#8243; width=&#8220;auto&#8220; max_width=&#8220;none&#8220; custom_padding=&#8220;27px|0|27px|0px|false|false&#8220; custom_padding_tablet=&#8220;|0px||0px||true&#8220; custom_padding_phone=&#8220;|10%||0px|false|false&#8220; locked=&#8220;off&#8220; global_colors_info=&#8220;{}&#8220;][et_pb_column type=&#8220;2_3&#8243; _builder_version=&#8220;4.16&#8243; custom_padding=&#8220;|||&#8220; global_colors_info=&#8220;{}&#8220; custom_padding__hover=&#8220;|||&#8220;][et_pb_text admin_label=&#8220;Subtitle&#8220; _builder_version=&#8220;4.18.0&#8243; text_font=&#8220;||||||||&#8220; text_line_height=&#8220;2em&#8220; header_font=&#8220;||||||||&#8220; header_2_font=&#8220;|600||on|||||&#8220; header_2_text_color=&#8220;#df0834&#8243; header_2_font_size=&#8220;20px&#8220; header_2_line_height=&#8220;1.4em&#8220; header_6_font=&#8220;|700||on|||||&#8220; header_6_font_size=&#8220;16px&#8220; header_6_letter_spacing=&#8220;5px&#8220; header_6_line_height=&#8220;1.8em&#8220; max_width=&#8220;700px&#8220; module_alignment=&#8220;center&#8220; custom_margin=&#8220;||0px||false|false&#8220; custom_padding=&#8220;||0px||false|false&#8220; header_2_font_size_tablet=&#8220;25px&#8220; header_2_font_size_phone=&#8220;25px&#8220; header_2_font_size_last_edited=&#8220;on|phone&#8220; global_colors_info=&#8220;{}&#8220;]<\/p>\n<h2>Vakanz &#8211; Chemischer Analist HPLC<\/h2>\n<p>[\/et_pb_text][et_pb_text admin_label=&#8220;Paragraph&#8220; _builder_version=&#8220;4.20.4&#8243; text_font=&#8220;||||||||&#8220; text_font_size=&#8220;18px&#8220; text_line_height=&#8220;2em&#8220; header_font=&#8220;||||||||&#8220; header_2_font=&#8220;Raleway|700|||||||&#8220; header_2_font_size=&#8220;50px&#8220; header_2_line_height=&#8220;1.4em&#8220; header_6_font=&#8220;Raleway|700||on|||||&#8220; header_6_font_size=&#8220;16px&#8220; header_6_letter_spacing=&#8220;5px&#8220; header_6_line_height=&#8220;1.8em&#8220; text_orientation=&#8220;justified&#8220; max_width=&#8220;700px&#8220; module_alignment=&#8220;center&#8220; custom_margin=&#8220;0px||||false|false&#8220; custom_padding=&#8220;0px||||false|false&#8220; header_2_font_size_tablet=&#8220;35px&#8220; header_2_font_size_phone=&#8220;25px&#8220; header_2_font_size_last_edited=&#8220;on|phone&#8220; text_orientation_tablet=&#8220;&#8220; text_orientation_phone=&#8220;left&#8220; text_orientation_last_edited=&#8220;on|desktop&#8220; global_colors_info=&#8220;{}&#8220;]<\/p>\n<p>Wir suchen einen Chemisch Analist (m\/w) in Vollzeit f\u00fcr unser HPLC-Labor in Alphen a\/d Rijn. Die Schlacke wird durch die Pr\u00fcfung der Produkte in der QC-Anlage und durch das Aufstellen von HPLC-Ger\u00e4ten \u00fcberpr\u00fcft. Sie haben auch die M\u00f6glichkeit, neue Produkte und HPLC-Analysemethoden zu testen. Dar\u00fcber hinaus k\u00f6nnen Sie mit Klienten aus der ganzen Welt Kontakt aufnehmen, um Fragen zu stellen und Unterst\u00fctzung zu erhalten.<\/p>\n<p>&nbsp;<\/p>\n<p><strong>Het team<\/strong><\/p>\n<p>Je komt te werken op ons lab in Alphen aan den Rijn. Er geh\u00f6rt zu einem gut funktionierenden Team von 15 Kolleginnen und Kollegen. Wir haben keine langen Wartezeiten, daf\u00fcr aber leckere Kaffee- und Teegetr\u00e4nke und gehaltvolle Getr\u00e4nke.<\/p>\n<p>&nbsp;<\/p>\n<p><strong>Was macht die perfekte Kandidatur aus?<\/strong><\/p>\n<p>Wir sind ein breit gef\u00e4chertes Unternehmen, in dem Ingenieure, Techniker, Vertriebsmitarbeiter, Logistiker und Produktmanager aus verschiedenen Regionen und L\u00e4ndern zusammenarbeiten. Nur durch die Verschmelzung entstehen verr\u00e4terische Eindr\u00fccke. En dat past dan erg goed bij ons als organisatie. Wir wissen, wie ich mich f\u00fchle und welche F\u00e4higkeiten und Erfahrungen ich mitbringe.<\/p>\n<ul>\n<li>HLO Analytische Chemie, von soortgelijk<\/li>\n<li>Ervaring met HPLC<\/li>\n<li>Goede communicatie skills, klantgericht<\/li>\n<li>Goede beheersing van de Engelse taal<\/li>\n<\/ul>\n<p>&nbsp;<\/p>\n<p><strong>Werkzaamheden<\/strong><\/p>\n<ul>\n<li>Kwaliteitscontrole Antec-Produkte<\/li>\n<li>Aufbereitung von HPLC-Ger\u00e4ten<\/li>\n<li>Testen von Prototypen und Software<\/li>\n<li>Neue Analysemethoden und Produkte<\/li>\n<li>Beantworten von Fragen von Klienten<\/li>\n<\/ul>\n<p>&nbsp;<\/p>\n<p><strong>Wir bieten Ihnen<\/strong><\/p>\n<ul>\n<li>Afwisselende functie 40 uur pro Woche<\/li>\n<li>Vertrag f\u00fcr eine befristete T\u00e4tigkeit mit Blick auf einen gro\u00dfen Dienstverband<\/li>\n<li>Ontwikkelingsmogelijkheden d.m.v. opleidingen en trainingen<\/li>\n<li>Flexibles Arbeiten<\/li>\n<li>Prima salaris, afhankelijk van ervaring<\/li>\n<li>Budget f\u00fcr die pers\u00f6nliche Weiterbildung<\/li>\n<li>Viel Verantwoordelijkheid und Ruhe f\u00fcr die eigenen Initiatoren.<\/li>\n<li>Reiskostenvergoeding, der OV-Visitenkarte<\/li>\n<li>24 vakantiedagen (uitbreidbaar tot 35 dagen)<\/li>\n<\/ul>\n<p>&nbsp;<\/p>\n<p><strong>Wer ist Antec Scientific?<\/strong><\/p>\n<p>Seit mehr als 32 Jahren ist Antec Scientific der weltweit f\u00fchrende Anbieter von elektrochemischen Analysatoren und Reaktoren f\u00fcr HPLC und MS. Unsere Ger\u00e4te werden in der Forschung, Diagnostik und Qualit\u00e4tskontrolle eingesetzt. Validierte Anwendungen f\u00fcr die Neurochemie, Umwelt-, Lebensmittel-, klinische und pharmazeutische Analytik wurden mit den ALEXYS LC-EC Systemen erfolgreich entwickelt. Die Online-Kopplung von Elektrochemie (EC) mit LC\/MS hat gro\u00dfes Potenzial f\u00fcr die Untersuchung des Arzneimittelstoffwechsels und des Protein-Engineerings gezeigt. Unsere Kunden sind Krankenh\u00e4user, Universit\u00e4ten, pharmazeutische Unternehmen, Lebensmittelhersteller und Forschungslabors in der ganzen Welt. Der Hauptsitz von Antec befindet sich in den Niederlanden, eine Tochtergesellschaft in Boston, USA.<\/p>\n<p>&nbsp;<\/p>\n<p><strong>Sollicitaties<\/strong><\/p>\n<p>Stuur je sollicitatie met CV naar <a href=\"mailto:careers@antecscientific.com\">careers@antecscientific.com<\/a> aan dr. N.J. Reinhoud<\/p>\n<p>[\/et_pb_text][\/et_pb_column][et_pb_column type=&#8220;1_3&#8243; _builder_version=&#8220;4.16&#8243; custom_padding=&#8220;5%|5%|||false|false&#8220; global_colors_info=&#8220;{}&#8220; custom_padding__hover=&#8220;|||&#8220;][et_pb_image src=&#8220;https:\/\/antecscientific.com\/wp-content\/uploads\/2022\/09\/shutterstock_2175407917-300&#215;200.jpg&#8220; title_text=&#8220;Mann,und,Frau,Partner,tragen,Wissenschaftler,Uniform,stehend,mit,Armen&#8220; _builder_version=&#8220;4.18.0&#8243; _module_preset=&#8220;default&#8220; locked=&#8220;off&#8220; global_colors_info=&#8220;{}&#8220;][\/et_pb_image][et_pb_button button_url=&#8220;mailto:careers@antecscientific.com&#8220; button_text=&#8220;Reageer nu!&#8220; button_alignment=&#8220;center&#8220; _builder_version=&#8220;4.18.0&#8243; _module_preset=&#8220;default&#8220; global_colors_info=&#8220;{}&#8220;][\/et_pb_button][\/et_pb_column][\/et_pb_row][\/et_pb_section]<\/p>\n","protected":false},"excerpt":{"rendered":"<p>Vakanz &#8211; Chemischer Analist HPLCWir suchen einen Chemisch Analist (m\/w) in Vollzeit f\u00fcr unser HPLC-Labor in Alphen a\/d Rijn. Die Schlacke wird durch die Pr\u00fcfung der Produkte in der QC-Anlage und durch das Aufstellen von HPLC-Ger\u00e4ten \u00fcberpr\u00fcft. Sie haben auch die M\u00f6glichkeit, neue Produkte und HPLC-Analysemethoden zu testen. Dar\u00fcber hinaus k\u00f6nnen Sie mit Klienten aus [&hellip;]<\/p>\n","protected":false},"author":3,"featured_media":0,"parent":13034,"menu_order":0,"comment_status":"closed","ping_status":"closed","template":"","meta":{"_et_pb_use_builder":"on","_et_pb_old_content":"","_et_gb_content_width":"","footnotes":""},"class_list":["post-21172","page","type-page","status-publish","hentry"],"yoast_head":"<!-- This site is optimized with the Yoast SEO plugin v27.3 - https:\/\/yoast.com\/product\/yoast-seo-wordpress\/ -->\n<title>Chemischer Analist HPLC - Antec Scientific<\/title>\n<meta name=\"description\" content=\"F\u00fcr unser Anwendungslabor in Alphen a\/d Rijn suchen wir eine\/n wissenschaftliche\/n Mitarbeiter\/in mit Erfahrung in analytischer Chemie.\" \/>\n<meta name=\"robots\" content=\"index, follow, max-snippet:-1, max-image-preview:large, max-video-preview:-1\" \/>\n<link rel=\"canonical\" href=\"https:\/\/antecscientific.com\/de\/ueber\/karriere\/chemischer-analist-hplc-2\/\" \/>\n<meta property=\"og:locale\" content=\"de_DE\" \/>\n<meta property=\"og:type\" content=\"article\" \/>\n<meta property=\"og:title\" content=\"Chemischer Analist HPLC - Antec Scientific\" \/>\n<meta property=\"og:description\" content=\"F\u00fcr unser Anwendungslabor in Alphen a\/d Rijn suchen wir eine\/n wissenschaftliche\/n Mitarbeiter\/in mit Erfahrung in analytischer Chemie.\" \/>\n<meta property=\"og:url\" content=\"https:\/\/antecscientific.com\/de\/ueber\/karriere\/chemischer-analist-hplc-2\/\" \/>\n<meta property=\"og:site_name\" content=\"Antec Scientific\" \/>\n<meta property=\"article:modified_time\" content=\"2023-07-28T07:30:56+00:00\" \/>\n<meta name=\"twitter:card\" content=\"summary_large_image\" \/>\n<meta name=\"twitter:label1\" content=\"Gesch\u00e4tzte Lesezeit\" \/>\n\t<meta name=\"twitter:data1\" content=\"5\u00a0Minuten\" \/>\n<script type=\"application\/ld+json\" class=\"yoast-schema-graph\">{\"@context\":\"https:\\\/\\\/schema.org\",\"@graph\":[{\"@type\":\"WebPage\",\"@id\":\"https:\\\/\\\/antecscientific.com\\\/de\\\/ueber\\\/karriere\\\/chemischer-analist-hplc-2\\\/\",\"url\":\"https:\\\/\\\/antecscientific.com\\\/de\\\/ueber\\\/karriere\\\/chemischer-analist-hplc-2\\\/\",\"name\":\"Chemischer Analist HPLC - Antec Scientific\",\"isPartOf\":{\"@id\":\"https:\\\/\\\/antecscientific.com\\\/de\\\/#website\"},\"datePublished\":\"2023-06-13T15:18:14+00:00\",\"dateModified\":\"2023-07-28T07:30:56+00:00\",\"description\":\"F\u00fcr unser Anwendungslabor in Alphen a\\\/d Rijn suchen wir eine\\\/n wissenschaftliche\\\/n Mitarbeiter\\\/in mit Erfahrung in analytischer Chemie.\",\"breadcrumb\":{\"@id\":\"https:\\\/\\\/antecscientific.com\\\/de\\\/ueber\\\/karriere\\\/chemischer-analist-hplc-2\\\/#breadcrumb\"},\"inLanguage\":\"de\",\"potentialAction\":[{\"@type\":\"ReadAction\",\"target\":[\"https:\\\/\\\/antecscientific.com\\\/de\\\/ueber\\\/karriere\\\/chemischer-analist-hplc-2\\\/\"]}]},{\"@type\":\"BreadcrumbList\",\"@id\":\"https:\\\/\\\/antecscientific.com\\\/de\\\/ueber\\\/karriere\\\/chemischer-analist-hplc-2\\\/#breadcrumb\",\"itemListElement\":[{\"@type\":\"ListItem\",\"position\":1,\"name\":\"\u00dcber\",\"item\":\"https:\\\/\\\/antecscientific.com\\\/de\\\/ueber\\\/\"},{\"@type\":\"ListItem\",\"position\":2,\"name\":\"Karriere\",\"item\":\"https:\\\/\\\/antecscientific.com\\\/de\\\/ueber\\\/karriere\\\/\"},{\"@type\":\"ListItem\",\"position\":3,\"name\":\"Chemischer Analist HPLC\"}]},{\"@type\":\"WebSite\",\"@id\":\"https:\\\/\\\/antecscientific.com\\\/de\\\/#website\",\"url\":\"https:\\\/\\\/antecscientific.com\\\/de\\\/\",\"name\":\"Antec Scientific\",\"description\":\"Supporting research to improve quality of life\",\"potentialAction\":[{\"@type\":\"SearchAction\",\"target\":{\"@type\":\"EntryPoint\",\"urlTemplate\":\"https:\\\/\\\/antecscientific.com\\\/de\\\/?s={search_term_string}\"},\"query-input\":{\"@type\":\"PropertyValueSpecification\",\"valueRequired\":true,\"valueName\":\"search_term_string\"}}],\"inLanguage\":\"de\"}]}<\/script>\n<!-- \/ Yoast SEO plugin. -->","yoast_head_json":{"title":"Chemischer Analist HPLC - Antec Scientific","description":"F\u00fcr unser Anwendungslabor in Alphen a\/d Rijn suchen wir eine\/n wissenschaftliche\/n Mitarbeiter\/in mit Erfahrung in analytischer Chemie.","robots":{"index":"index","follow":"follow","max-snippet":"max-snippet:-1","max-image-preview":"max-image-preview:large","max-video-preview":"max-video-preview:-1"},"canonical":"https:\/\/antecscientific.com\/de\/ueber\/karriere\/chemischer-analist-hplc-2\/","og_locale":"de_DE","og_type":"article","og_title":"Chemischer Analist HPLC - Antec Scientific","og_description":"F\u00fcr unser Anwendungslabor in Alphen a\/d Rijn suchen wir eine\/n wissenschaftliche\/n Mitarbeiter\/in mit Erfahrung in analytischer Chemie.","og_url":"https:\/\/antecscientific.com\/de\/ueber\/karriere\/chemischer-analist-hplc-2\/","og_site_name":"Antec Scientific","article_modified_time":"2023-07-28T07:30:56+00:00","twitter_card":"summary_large_image","twitter_misc":{"Gesch\u00e4tzte Lesezeit":"5\u00a0Minuten"},"schema":{"@context":"https:\/\/schema.org","@graph":[{"@type":"WebPage","@id":"https:\/\/antecscientific.com\/de\/ueber\/karriere\/chemischer-analist-hplc-2\/","url":"https:\/\/antecscientific.com\/de\/ueber\/karriere\/chemischer-analist-hplc-2\/","name":"Chemischer Analist HPLC - Antec Scientific","isPartOf":{"@id":"https:\/\/antecscientific.com\/de\/#website"},"datePublished":"2023-06-13T15:18:14+00:00","dateModified":"2023-07-28T07:30:56+00:00","description":"F\u00fcr unser Anwendungslabor in Alphen a\/d Rijn suchen wir eine\/n wissenschaftliche\/n Mitarbeiter\/in mit Erfahrung in analytischer Chemie.","breadcrumb":{"@id":"https:\/\/antecscientific.com\/de\/ueber\/karriere\/chemischer-analist-hplc-2\/#breadcrumb"},"inLanguage":"de","potentialAction":[{"@type":"ReadAction","target":["https:\/\/antecscientific.com\/de\/ueber\/karriere\/chemischer-analist-hplc-2\/"]}]},{"@type":"BreadcrumbList","@id":"https:\/\/antecscientific.com\/de\/ueber\/karriere\/chemischer-analist-hplc-2\/#breadcrumb","itemListElement":[{"@type":"ListItem","position":1,"name":"\u00dcber","item":"https:\/\/antecscientific.com\/de\/ueber\/"},{"@type":"ListItem","position":2,"name":"Karriere","item":"https:\/\/antecscientific.com\/de\/ueber\/karriere\/"},{"@type":"ListItem","position":3,"name":"Chemischer Analist HPLC"}]},{"@type":"WebSite","@id":"https:\/\/antecscientific.com\/de\/#website","url":"https:\/\/antecscientific.com\/de\/","name":"Antec Scientific","description":"Supporting research to improve quality of life","potentialAction":[{"@type":"SearchAction","target":{"@type":"EntryPoint","urlTemplate":"https:\/\/antecscientific.com\/de\/?s={search_term_string}"},"query-input":{"@type":"PropertyValueSpecification","valueRequired":true,"valueName":"search_term_string"}}],"inLanguage":"de"}]}},"_links":{"self":[{"href":"https:\/\/antecscientific.com\/de\/wp-json\/wp\/v2\/pages\/21172","targetHints":{"allow":["GET"]}}],"collection":[{"href":"https:\/\/antecscientific.com\/de\/wp-json\/wp\/v2\/pages"}],"about":[{"href":"https:\/\/antecscientific.com\/de\/wp-json\/wp\/v2\/types\/page"}],"author":[{"embeddable":true,"href":"https:\/\/antecscientific.com\/de\/wp-json\/wp\/v2\/users\/3"}],"replies":[{"embeddable":true,"href":"https:\/\/antecscientific.com\/de\/wp-json\/wp\/v2\/comments?post=21172"}],"version-history":[{"count":24,"href":"https:\/\/antecscientific.com\/de\/wp-json\/wp\/v2\/pages\/21172\/revisions"}],"predecessor-version":[{"id":22000,"href":"https:\/\/antecscientific.com\/de\/wp-json\/wp\/v2\/pages\/21172\/revisions\/22000"}],"up":[{"embeddable":true,"href":"https:\/\/antecscientific.com\/de\/wp-json\/wp\/v2\/pages\/13034"}],"wp:attachment":[{"href":"https:\/\/antecscientific.com\/de\/wp-json\/wp\/v2\/media?parent=21172"}],"curies":[{"name":"wp","href":"https:\/\/api.w.org\/{rel}","templated":true}]}}