{"id":13208,"date":"2021-10-12T09:08:21","date_gmt":"2021-10-12T09:08:21","guid":{"rendered":"https:\/\/antecscientific.com\/maerkte\/lebensmittel\/"},"modified":"2023-01-09T12:33:30","modified_gmt":"2023-01-09T12:33:30","slug":"lebensmittel","status":"publish","type":"page","link":"https:\/\/antecscientific.com\/de\/maerkte\/lebensmittel\/","title":{"rendered":"Lebensmittel"},"content":{"rendered":"<p>[et_pb_section fb_built=&#8220;1&#8243; admin_label=&#8220;Header&#8220; _builder_version=&#8220;4.16&#8243; background_image=&#8220;https:\/\/antecscientific.com\/wp-content\/uploads\/2020\/10\/markets_food.jpg&#8220; parallax=&#8220;on&#8220; custom_padding=&#8220;2vw|0px|200px|0px|false|false&#8220; global_colors_info=&#8220;{}&#8220;][et_pb_row _builder_version=&#8220;4.16&#8243; collapsed=&#8220;on&#8220; global_colors_info=&#8220;{}&#8220;][et_pb_column type=&#8220;4_4&#8243; _builder_version=&#8220;4.16&#8243; custom_padding=&#8220;|||&#8220; global_colors_info=&#8220;{}&#8220; custom_padding__hover=&#8220;|||&#8220;][et_pb_text admin_label=&#8220;Breadcrumbs (don&#8217;t touch)&#8220; _builder_version=&#8220;4.16&#8243; text_font=&#8220;|700|||||||&#8220; text_text_color=&#8220;#ffffff&#8220; text_font_size=&#8220;15px&#8220; link_font=&#8220;|700|||||||&#8220; link_text_color=&#8220;#ffffff&#8220; link_font_size=&#8220;15px&#8220; global_colors_info=&#8220;{}&#8220;][\/et_pb_text][et_pb_text admin_label=&#8220;Big page title (don&#8217;t touch)&#8220; _builder_version=&#8220;4.16&#8243; _dynamic_attributes=&#8220;content&#8220; text_font=&#8220;||||||||&#8220; header_font=&#8220;|700|||||||&#8220; header_text_color=&#8220;#ffffff&#8220; header_font_size=&#8220;80px&#8220; header_line_height=&#8220;1.2em&#8220; header_5_font=&#8220;Raleway|700||on|||||&#8220; header_5_text_color=&#8220;#000000&#8243; header_5_font_size=&#8220;20px&#8220; header_5_letter_spacing=&#8220;0.5em&#8220; header_5_line_height=&#8220;1.8em&#8220; animation_style=&#8220;zoom&#8220; animation_intensity_zoom=&#8220;5%&#8220; header_font_size_tablet=&#8220;48px&#8220; header_font_size_phone=&#8220;32px&#8220; header_font_size_last_edited=&#8220;on|phone&#8220; header_5_font_size_tablet=&#8220;14px&#8220; header_5_font_size_phone=&#8220;12px&#8220; header_5_font_size_last_edited=&#8220;on|desktop&#8220; global_colors_info=&#8220;{}&#8220;]@ET-DC@eyJkeW5hbWljIjp0cnVlLCJjb250ZW50IjoicG9zdF90aXRsZSIsInNldHRpbmdzIjp7ImJlZm9yZSI6IjxoMT4iLCJhZnRlciI6IjxcL2gxPiJ9fQ==@[\/et_pb_text][\/et_pb_column][\/et_pb_row][\/et_pb_section][et_pb_section fb_built=&#8220;1&#8243; admin_label=&#8220;Content&#8220; _builder_version=&#8220;4.16&#8243; background_color=&#8220;#ffffff&#8220; max_width=&#8220;90%&#8220; max_width_tablet=&#8220;&#8220; max_width_phone=&#8220;100%&#8220; max_width_last_edited=&#8220;on|phone&#8220; custom_margin=&#8220;-160px||0px||false|false&#8220; custom_padding=&#8220;||0px||false|false&#8220; border_color_all=&#8220;#ffffff&#8220; border_width_left=&#8220;10vw&#8220; global_colors_info=&#8220;{}&#8220;][et_pb_row column_structure=&#8220;2_3,1_3&#8243; custom_padding_last_edited=&#8220;on|phone&#8220; _builder_version=&#8220;4.16&#8243; width=&#8220;auto&#8220; max_width=&#8220;none&#8220; custom_padding=&#8220;27px|0|27px|0px|false|false&#8220; custom_padding_tablet=&#8220;|0px||0px||true&#8220; custom_padding_phone=&#8220;0px|10%|0px||false|false&#8220; global_colors_info=&#8220;{}&#8220;][et_pb_column type=&#8220;2_3&#8243; _builder_version=&#8220;4.16&#8243; custom_padding=&#8220;|||&#8220; global_colors_info=&#8220;{}&#8220; custom_padding__hover=&#8220;|||&#8220;][et_pb_text admin_label=&#8220;Subtitle&#8220; _builder_version=&#8220;4.19.1&#8243; text_font=&#8220;||||||||&#8220; text_font_size=&#8220;16px&#8220; text_line_height=&#8220;2em&#8220; header_font=&#8220;||||||||&#8220; header_2_font=&#8220;|600||on|||||&#8220; header_2_text_color=&#8220;#df0834&#8243; header_2_font_size=&#8220;20px&#8220; header_2_line_height=&#8220;1.4em&#8220; header_6_font=&#8220;|700||on|||||&#8220; header_6_font_size=&#8220;16px&#8220; header_6_letter_spacing=&#8220;5px&#8220; header_6_line_height=&#8220;1.8em&#8220; max_width=&#8220;700px&#8220; module_alignment=&#8220;center&#8220; custom_margin=&#8220;||0px||false|false&#8220; custom_padding=&#8220;||0px||false|false&#8220; header_2_font_size_tablet=&#8220;25px&#8220; header_2_font_size_phone=&#8220;25px&#8220; header_2_font_size_last_edited=&#8220;on|phone&#8220; global_colors_info=&#8220;{}&#8220;]<\/p>\n<h2>Antec&#8217;s Lebensmittel-Analysatoren<\/h2>\n<p>[\/et_pb_text][et_pb_text admin_label=&#8220;Paragraph&#8220; _builder_version=&#8220;4.19.1&#8243; text_font=&#8220;||||||||&#8220; text_font_size=&#8220;18px&#8220; text_line_height=&#8220;2em&#8220; header_font=&#8220;||||||||&#8220; header_2_font=&#8220;Raleway|700|||||||&#8220; header_2_font_size=&#8220;50px&#8220; header_2_line_height=&#8220;1.4em&#8220; header_6_font=&#8220;Raleway|700||on|||||&#8220; header_6_font_size=&#8220;16px&#8220; header_6_letter_spacing=&#8220;5px&#8220; header_6_line_height=&#8220;1.8em&#8220; text_orientation=&#8220;justified&#8220; max_width=&#8220;700px&#8220; module_alignment=&#8220;center&#8220; custom_margin=&#8220;0px||||false|false&#8220; custom_padding=&#8220;0px||||false|false&#8220; hover_enabled=&#8220;0&#8243; header_2_font_size_tablet=&#8220;35px&#8220; header_2_font_size_phone=&#8220;25px&#8220; header_2_font_size_last_edited=&#8220;on|phone&#8220; global_colors_info=&#8220;{}&#8220; sticky_enabled=&#8220;0&#8243;]<\/p>\n<p>Die Globalisierung der Lieferketten f\u00fcr Lebensmittel und Lebensmittelzutaten hat zu einer gr\u00f6\u00dferen Vielfalt und niedrigeren Preisen gef\u00fchrt, aber auch zu einem erh\u00f6hten Bedarf an Qualit\u00e4tskontrollen sowohl bei rohen als auch bei verarbeiteten Lebensmitteln. Neben der Erkrankung von Menschen k\u00f6nnen Probleme mit der Lebensmittelsicherheit zu wirtschaftlichen Verlusten f\u00fcr Erzeuger, Verarbeiter und Verbraucher f\u00fchren und die internationale Wettbewerbsf\u00e4higkeit der Agrarindustrie gef\u00e4hrden.<\/p>\n<p><strong>Lesen Sie mehr<\/strong> \u00fcber unsere Anwendungen in der <a href=\"https:\/\/antecscientific.com\/de\/applikationen\/lebensmittel\/\">Lebensmittelanalyse<\/a>&#8230;.<br \/>und <a href=\"https:\/\/antecscientific.com\/de\/applikationen\/lebensmittel\/kohlenhydrate\/\">Analyse der Kohlenhydrate<\/a>&#8230;.<\/p>\n<p>[\/et_pb_text][\/et_pb_column][et_pb_column type=&#8220;1_3&#8243; _builder_version=&#8220;4.16&#8243; custom_padding=&#8220;5%|5%|||false|false&#8220; global_colors_info=&#8220;{}&#8220; custom_padding__hover=&#8220;|||&#8220;][et_pb_image src=&#8220;https:\/\/antecscientific.com\/wp-content\/uploads\/2022\/10\/ALEXYS_2022_1-217&#215;300.png&#8220; title_text=&#8220;ALEXYS_2022_1&#8243; _builder_version=&#8220;4.18.0&#8243; global_colors_info=&#8220;{}&#8220;][\/et_pb_image][\/et_pb_column][\/et_pb_row][\/et_pb_section]<\/p>\n","protected":false},"excerpt":{"rendered":"<p>Test wird hier durchgef\u00fchrt<\/p>\n","protected":false},"author":3,"featured_media":0,"parent":12613,"menu_order":0,"comment_status":"closed","ping_status":"closed","template":"","meta":{"_et_pb_use_builder":"on","_et_pb_old_content":"","_et_gb_content_width":"","footnotes":""},"class_list":["post-13208","page","type-page","status-publish","hentry"],"yoast_head":"<!-- This site is optimized with the Yoast SEO plugin v27.4 - https:\/\/yoast.com\/product\/yoast-seo-wordpress\/ -->\n<title>Lebensmittel - Antec Scientific<\/title>\n<meta name=\"description\" content=\"Die Globalisierung der Lieferketten f\u00fcr Lebensmittel und Lebensmittelzutaten hat zu einer gr\u00f6\u00dferen Vielfalt und niedrigeren Preisen gef\u00fchrt, aber auch zu einem erh\u00f6hten Bedarf an Qualit\u00e4tskontrolle.\" \/>\n<meta name=\"robots\" content=\"index, follow, max-snippet:-1, max-image-preview:large, max-video-preview:-1\" \/>\n<link rel=\"canonical\" href=\"https:\/\/antecscientific.com\/de\/maerkte\/lebensmittel\/\" \/>\n<meta property=\"og:locale\" content=\"de_DE\" \/>\n<meta property=\"og:type\" content=\"article\" \/>\n<meta property=\"og:title\" content=\"Lebensmittel - Antec Scientific\" \/>\n<meta property=\"og:description\" content=\"Die Globalisierung der Lieferketten f\u00fcr Lebensmittel und Lebensmittelzutaten hat zu einer gr\u00f6\u00dferen Vielfalt und niedrigeren Preisen gef\u00fchrt, aber auch zu einem erh\u00f6hten Bedarf an Qualit\u00e4tskontrolle.\" \/>\n<meta property=\"og:url\" content=\"https:\/\/antecscientific.com\/de\/maerkte\/lebensmittel\/\" \/>\n<meta property=\"og:site_name\" content=\"Antec Scientific\" \/>\n<meta property=\"article:modified_time\" content=\"2023-01-09T12:33:30+00:00\" \/>\n<meta name=\"twitter:card\" content=\"summary_large_image\" \/>\n<meta name=\"twitter:label1\" content=\"Gesch\u00e4tzte Lesezeit\" \/>\n\t<meta name=\"twitter:data1\" content=\"3\u00a0Minuten\" \/>\n<script type=\"application\/ld+json\" class=\"yoast-schema-graph\">{\"@context\":\"https:\\\/\\\/schema.org\",\"@graph\":[{\"@type\":\"WebPage\",\"@id\":\"https:\\\/\\\/antecscientific.com\\\/de\\\/maerkte\\\/lebensmittel\\\/\",\"url\":\"https:\\\/\\\/antecscientific.com\\\/de\\\/maerkte\\\/lebensmittel\\\/\",\"name\":\"Lebensmittel - Antec Scientific\",\"isPartOf\":{\"@id\":\"https:\\\/\\\/antecscientific.com\\\/de\\\/#website\"},\"datePublished\":\"2021-10-12T09:08:21+00:00\",\"dateModified\":\"2023-01-09T12:33:30+00:00\",\"description\":\"Die Globalisierung der Lieferketten f\u00fcr Lebensmittel und Lebensmittelzutaten hat zu einer gr\u00f6\u00dferen Vielfalt und niedrigeren Preisen gef\u00fchrt, aber auch zu einem erh\u00f6hten Bedarf an Qualit\u00e4tskontrolle.\",\"breadcrumb\":{\"@id\":\"https:\\\/\\\/antecscientific.com\\\/de\\\/maerkte\\\/lebensmittel\\\/#breadcrumb\"},\"inLanguage\":\"de\",\"potentialAction\":[{\"@type\":\"ReadAction\",\"target\":[\"https:\\\/\\\/antecscientific.com\\\/de\\\/maerkte\\\/lebensmittel\\\/\"]}]},{\"@type\":\"BreadcrumbList\",\"@id\":\"https:\\\/\\\/antecscientific.com\\\/de\\\/maerkte\\\/lebensmittel\\\/#breadcrumb\",\"itemListElement\":[{\"@type\":\"ListItem\",\"position\":1,\"name\":\"M\u00e4rkte\",\"item\":\"https:\\\/\\\/antecscientific.com\\\/de\\\/maerkte\\\/\"},{\"@type\":\"ListItem\",\"position\":2,\"name\":\"Lebensmittel\"}]},{\"@type\":\"WebSite\",\"@id\":\"https:\\\/\\\/antecscientific.com\\\/de\\\/#website\",\"url\":\"https:\\\/\\\/antecscientific.com\\\/de\\\/\",\"name\":\"Antec Scientific\",\"description\":\"Supporting research to improve quality of life\",\"potentialAction\":[{\"@type\":\"SearchAction\",\"target\":{\"@type\":\"EntryPoint\",\"urlTemplate\":\"https:\\\/\\\/antecscientific.com\\\/de\\\/?s={search_term_string}\"},\"query-input\":{\"@type\":\"PropertyValueSpecification\",\"valueRequired\":true,\"valueName\":\"search_term_string\"}}],\"inLanguage\":\"de\"}]}<\/script>\n<!-- \/ Yoast SEO plugin. -->","yoast_head_json":{"title":"Lebensmittel - Antec Scientific","description":"Die Globalisierung der Lieferketten f\u00fcr Lebensmittel und Lebensmittelzutaten hat zu einer gr\u00f6\u00dferen Vielfalt und niedrigeren Preisen gef\u00fchrt, aber auch zu einem erh\u00f6hten Bedarf an Qualit\u00e4tskontrolle.","robots":{"index":"index","follow":"follow","max-snippet":"max-snippet:-1","max-image-preview":"max-image-preview:large","max-video-preview":"max-video-preview:-1"},"canonical":"https:\/\/antecscientific.com\/de\/maerkte\/lebensmittel\/","og_locale":"de_DE","og_type":"article","og_title":"Lebensmittel - Antec Scientific","og_description":"Die Globalisierung der Lieferketten f\u00fcr Lebensmittel und Lebensmittelzutaten hat zu einer gr\u00f6\u00dferen Vielfalt und niedrigeren Preisen gef\u00fchrt, aber auch zu einem erh\u00f6hten Bedarf an Qualit\u00e4tskontrolle.","og_url":"https:\/\/antecscientific.com\/de\/maerkte\/lebensmittel\/","og_site_name":"Antec Scientific","article_modified_time":"2023-01-09T12:33:30+00:00","twitter_card":"summary_large_image","twitter_misc":{"Gesch\u00e4tzte Lesezeit":"3\u00a0Minuten"},"schema":{"@context":"https:\/\/schema.org","@graph":[{"@type":"WebPage","@id":"https:\/\/antecscientific.com\/de\/maerkte\/lebensmittel\/","url":"https:\/\/antecscientific.com\/de\/maerkte\/lebensmittel\/","name":"Lebensmittel - Antec Scientific","isPartOf":{"@id":"https:\/\/antecscientific.com\/de\/#website"},"datePublished":"2021-10-12T09:08:21+00:00","dateModified":"2023-01-09T12:33:30+00:00","description":"Die Globalisierung der Lieferketten f\u00fcr Lebensmittel und Lebensmittelzutaten hat zu einer gr\u00f6\u00dferen Vielfalt und niedrigeren Preisen gef\u00fchrt, aber auch zu einem erh\u00f6hten Bedarf an Qualit\u00e4tskontrolle.","breadcrumb":{"@id":"https:\/\/antecscientific.com\/de\/maerkte\/lebensmittel\/#breadcrumb"},"inLanguage":"de","potentialAction":[{"@type":"ReadAction","target":["https:\/\/antecscientific.com\/de\/maerkte\/lebensmittel\/"]}]},{"@type":"BreadcrumbList","@id":"https:\/\/antecscientific.com\/de\/maerkte\/lebensmittel\/#breadcrumb","itemListElement":[{"@type":"ListItem","position":1,"name":"M\u00e4rkte","item":"https:\/\/antecscientific.com\/de\/maerkte\/"},{"@type":"ListItem","position":2,"name":"Lebensmittel"}]},{"@type":"WebSite","@id":"https:\/\/antecscientific.com\/de\/#website","url":"https:\/\/antecscientific.com\/de\/","name":"Antec Scientific","description":"Supporting research to improve quality of life","potentialAction":[{"@type":"SearchAction","target":{"@type":"EntryPoint","urlTemplate":"https:\/\/antecscientific.com\/de\/?s={search_term_string}"},"query-input":{"@type":"PropertyValueSpecification","valueRequired":true,"valueName":"search_term_string"}}],"inLanguage":"de"}]}},"_links":{"self":[{"href":"https:\/\/antecscientific.com\/de\/wp-json\/wp\/v2\/pages\/13208","targetHints":{"allow":["GET"]}}],"collection":[{"href":"https:\/\/antecscientific.com\/de\/wp-json\/wp\/v2\/pages"}],"about":[{"href":"https:\/\/antecscientific.com\/de\/wp-json\/wp\/v2\/types\/page"}],"author":[{"embeddable":true,"href":"https:\/\/antecscientific.com\/de\/wp-json\/wp\/v2\/users\/3"}],"replies":[{"embeddable":true,"href":"https:\/\/antecscientific.com\/de\/wp-json\/wp\/v2\/comments?post=13208"}],"version-history":[{"count":17,"href":"https:\/\/antecscientific.com\/de\/wp-json\/wp\/v2\/pages\/13208\/revisions"}],"predecessor-version":[{"id":15269,"href":"https:\/\/antecscientific.com\/de\/wp-json\/wp\/v2\/pages\/13208\/revisions\/15269"}],"up":[{"embeddable":true,"href":"https:\/\/antecscientific.com\/de\/wp-json\/wp\/v2\/pages\/12613"}],"wp:attachment":[{"href":"https:\/\/antecscientific.com\/de\/wp-json\/wp\/v2\/media?parent=13208"}],"curies":[{"name":"wp","href":"https:\/\/api.w.org\/{rel}","templated":true}]}}