{"id":13153,"date":"2020-09-05T10:50:45","date_gmt":"2020-09-05T08:50:45","guid":{"rendered":"https:\/\/antecscientific.com\/ueber\/kontakt\/europa\/"},"modified":"2025-12-04T14:13:01","modified_gmt":"2025-12-04T13:13:01","slug":"europa","status":"publish","type":"page","link":"https:\/\/antecscientific.com\/de\/ueber\/kontakt\/europa\/","title":{"rendered":"Europa"},"content":{"rendered":"<p>[et_pb_section fb_built=&#8220;1&#8243; admin_label=&#8220;Header&#8220; _builder_version=&#8220;4.16&#8243; background_image=&#8220;https:\/\/antecscientific.com\/wp-content\/uploads\/2020\/11\/distribution1.jpg&#8220; parallax=&#8220;on&#8220; custom_padding=&#8220;2vw|0px|200px|0px|false|false&#8220; collapsed=&#8220;on&#8220; global_colors_info=&#8220;{}&#8220;][et_pb_row _builder_version=&#8220;4.16&#8243; global_colors_info=&#8220;{}&#8220;][et_pb_column type=&#8220;4_4&#8243; _builder_version=&#8220;4.16&#8243; custom_padding=&#8220;|||&#8220; global_colors_info=&#8220;{}&#8220; custom_padding__hover=&#8220;|||&#8220;][et_pb_text admin_label=&#8220;Breadcrumbs (don&#8217;t touch)&#8220; _builder_version=&#8220;4.16&#8243; text_font=&#8220;|700|||||||&#8220; text_text_color=&#8220;#ffffff&#8220; text_font_size=&#8220;15px&#8220; link_font=&#8220;|700|||||||&#8220; link_text_color=&#8220;#ffffff&#8220; link_font_size=&#8220;15px&#8220; global_colors_info=&#8220;{}&#8220;]<\/p>\n\n<p>[\/et_pb_text][et_pb_text admin_label=&#8220;Big page title (don&#8217;t touch)&#8220; _builder_version=&#8220;4.16&#8243; _dynamic_attributes=&#8220;content&#8220; text_font=&#8220;||||||||&#8220; header_font=&#8220;|700|||||||&#8220; header_text_color=&#8220;#ffffff&#8220; header_font_size=&#8220;80px&#8220; header_line_height=&#8220;1.2em&#8220; header_5_font=&#8220;Raleway|700||on|||||&#8220; header_5_text_color=&#8220;#000000&#8243; header_5_font_size=&#8220;20px&#8220; header_5_letter_spacing=&#8220;0.5em&#8220; header_5_line_height=&#8220;1.8em&#8220; animation_style=&#8220;zoom&#8220; animation_intensity_zoom=&#8220;5%&#8220; header_font_size_tablet=&#8220;48px&#8220; header_font_size_phone=&#8220;32px&#8220; header_font_size_last_edited=&#8220;on|phone&#8220; header_5_font_size_tablet=&#8220;14px&#8220; header_5_font_size_phone=&#8220;12px&#8220; header_5_font_size_last_edited=&#8220;on|desktop&#8220; global_colors_info=&#8220;{}&#8220;]@ET-DC@eyJkeW5hbWljIjp0cnVlLCJjb250ZW50IjoicG9zdF90aXRsZSIsInNldHRpbmdzIjp7ImJlZm9yZSI6IjxoMT4iLCJhZnRlciI6IjxcL2gxPiJ9fQ==@[\/et_pb_text][\/et_pb_column][\/et_pb_row][\/et_pb_section][et_pb_section fb_built=&#8220;1&#8243; admin_label=&#8220;Content&#8220; _builder_version=&#8220;4.16&#8243; background_color=&#8220;#ffffff&#8220; max_width=&#8220;90%&#8220; max_width_tablet=&#8220;&#8220; max_width_phone=&#8220;100%&#8220; max_width_last_edited=&#8220;on|phone&#8220; custom_margin=&#8220;-160px||0px||false|false&#8220; custom_padding=&#8220;||0px||false|false&#8220; border_color_all=&#8220;#ffffff&#8220; border_width_left=&#8220;10vw&#8220; global_colors_info=&#8220;{}&#8220;][et_pb_row column_structure=&#8220;2_3,1_3&#8243; custom_padding_last_edited=&#8220;on|phone&#8220; _builder_version=&#8220;4.16&#8243; vertical_offset_tablet=&#8220;0&#8243; horizontal_offset_tablet=&#8220;0&#8243; width=&#8220;auto&#8220; max_width=&#8220;none&#8220; custom_padding=&#8220;27px|0|27px|0px|false|false&#8220; custom_padding_tablet=&#8220;|0px||0px||true&#8220; custom_padding_phone=&#8220;|10%||0px|false|false&#8220; z_index_tablet=&#8220;0&#8243; box_shadow_horizontal_tablet=&#8220;0px&#8220; box_shadow_vertical_tablet=&#8220;0px&#8220; box_shadow_blur_tablet=&#8220;40px&#8220; box_shadow_spread_tablet=&#8220;0px&#8220; global_colors_info=&#8220;{}&#8220;][et_pb_column type=&#8220;2_3&#8243; _builder_version=&#8220;4.16&#8243; custom_padding=&#8220;|||&#8220; global_colors_info=&#8220;{}&#8220; custom_padding__hover=&#8220;|||&#8220;][et_pb_text admin_label=&#8220;Subtitle&#8220; _builder_version=&#8220;4.27.2&#8243; text_line_height=&#8220;2em&#8220; header_2_font=&#8220;|600||on|||||&#8220; header_2_text_color=&#8220;#df0834&#8243; header_2_font_size=&#8220;20px&#8220; header_2_line_height=&#8220;1.4em&#8220; header_6_font=&#8220;|700||on|||||&#8220; header_6_font_size=&#8220;16px&#8220; header_6_letter_spacing=&#8220;5px&#8220; header_6_line_height=&#8220;1.8em&#8220; vertical_offset_tablet=&#8220;0&#8243; horizontal_offset_tablet=&#8220;0&#8243; max_width=&#8220;700px&#8220; module_alignment=&#8220;center&#8220; custom_margin=&#8220;||0px||false|false&#8220; custom_padding=&#8220;||0px||false|false&#8220; header_2_font_size_tablet=&#8220;25px&#8220; header_2_font_size_phone=&#8220;&#8220; header_2_font_size_last_edited=&#8220;on|phone&#8220; z_index_tablet=&#8220;0&#8243; text_text_shadow_horizontal_length_tablet=&#8220;0px&#8220; text_text_shadow_vertical_length_tablet=&#8220;0px&#8220; text_text_shadow_blur_strength_tablet=&#8220;1px&#8220; link_text_shadow_horizontal_length_tablet=&#8220;0px&#8220; link_text_shadow_vertical_length_tablet=&#8220;0px&#8220; link_text_shadow_blur_strength_tablet=&#8220;1px&#8220; ul_text_shadow_horizontal_length_tablet=&#8220;0px&#8220; ul_text_shadow_vertical_length_tablet=&#8220;0px&#8220; ul_text_shadow_blur_strength_tablet=&#8220;1px&#8220; ol_text_shadow_horizontal_length_tablet=&#8220;0px&#8220; ol_text_shadow_vertical_length_tablet=&#8220;0px&#8220; ol_text_shadow_blur_strength_tablet=&#8220;1px&#8220; quote_text_shadow_horizontal_length_tablet=&#8220;0px&#8220; quote_text_shadow_vertical_length_tablet=&#8220;0px&#8220; quote_text_shadow_blur_strength_tablet=&#8220;1px&#8220; header_text_shadow_horizontal_length_tablet=&#8220;0px&#8220; header_text_shadow_vertical_length_tablet=&#8220;0px&#8220; header_text_shadow_blur_strength_tablet=&#8220;1px&#8220; header_2_text_shadow_horizontal_length_tablet=&#8220;0px&#8220; header_2_text_shadow_vertical_length_tablet=&#8220;0px&#8220; header_2_text_shadow_blur_strength_tablet=&#8220;1px&#8220; header_3_text_shadow_horizontal_length_tablet=&#8220;0px&#8220; header_3_text_shadow_vertical_length_tablet=&#8220;0px&#8220; header_3_text_shadow_blur_strength_tablet=&#8220;1px&#8220; header_4_text_shadow_horizontal_length_tablet=&#8220;0px&#8220; header_4_text_shadow_vertical_length_tablet=&#8220;0px&#8220; header_4_text_shadow_blur_strength_tablet=&#8220;1px&#8220; header_5_text_shadow_horizontal_length_tablet=&#8220;0px&#8220; header_5_text_shadow_vertical_length_tablet=&#8220;0px&#8220; header_5_text_shadow_blur_strength_tablet=&#8220;1px&#8220; header_6_text_shadow_horizontal_length_tablet=&#8220;0px&#8220; header_6_text_shadow_vertical_length_tablet=&#8220;0px&#8220; header_6_text_shadow_blur_strength_tablet=&#8220;1px&#8220; box_shadow_horizontal_tablet=&#8220;0px&#8220; box_shadow_vertical_tablet=&#8220;0px&#8220; box_shadow_blur_tablet=&#8220;40px&#8220; box_shadow_spread_tablet=&#8220;0px&#8220; global_colors_info=&#8220;{}&#8220;]<\/p>\n<h2>Vertriebspartner<\/h2>\n<p>[\/et_pb_text][et_pb_text admin_label=&#8220;Paragraph&#8220; _builder_version=&#8220;4.27.4&#8243; text_font_size=&#8220;18px&#8220; text_line_height=&#8220;2em&#8220; header_2_font=&#8220;Raleway|700|||||||&#8220; header_2_font_size=&#8220;50px&#8220; header_2_line_height=&#8220;1.4em&#8220; header_6_font=&#8220;Raleway|700||on|||||&#8220; header_6_font_size=&#8220;16px&#8220; header_6_letter_spacing=&#8220;5px&#8220; header_6_line_height=&#8220;1.8em&#8220; vertical_offset_tablet=&#8220;0&#8243; horizontal_offset_tablet=&#8220;0&#8243; text_orientation=&#8220;justified&#8220; max_width=&#8220;700px&#8220; module_alignment=&#8220;center&#8220; custom_margin=&#8220;0px||||false|false&#8220; custom_padding=&#8220;0px||||false|false&#8220; hover_enabled=&#8220;0&#8243; header_2_font_size_tablet=&#8220;35px&#8220; header_2_font_size_phone=&#8220;25px&#8220; header_2_font_size_last_edited=&#8220;on|phone&#8220; z_index_tablet=&#8220;0&#8243; text_orientation_tablet=&#8220;&#8220; text_orientation_phone=&#8220;left&#8220; text_orientation_last_edited=&#8220;on|desktop&#8220; text_text_shadow_horizontal_length_tablet=&#8220;0px&#8220; text_text_shadow_vertical_length_tablet=&#8220;0px&#8220; text_text_shadow_blur_strength_tablet=&#8220;1px&#8220; link_text_shadow_horizontal_length_tablet=&#8220;0px&#8220; link_text_shadow_vertical_length_tablet=&#8220;0px&#8220; link_text_shadow_blur_strength_tablet=&#8220;1px&#8220; ul_text_shadow_horizontal_length_tablet=&#8220;0px&#8220; ul_text_shadow_vertical_length_tablet=&#8220;0px&#8220; ul_text_shadow_blur_strength_tablet=&#8220;1px&#8220; ol_text_shadow_horizontal_length_tablet=&#8220;0px&#8220; ol_text_shadow_vertical_length_tablet=&#8220;0px&#8220; ol_text_shadow_blur_strength_tablet=&#8220;1px&#8220; quote_text_shadow_horizontal_length_tablet=&#8220;0px&#8220; quote_text_shadow_vertical_length_tablet=&#8220;0px&#8220; quote_text_shadow_blur_strength_tablet=&#8220;1px&#8220; header_text_shadow_horizontal_length_tablet=&#8220;0px&#8220; header_text_shadow_vertical_length_tablet=&#8220;0px&#8220; header_text_shadow_blur_strength_tablet=&#8220;1px&#8220; header_2_text_shadow_horizontal_length_tablet=&#8220;0px&#8220; header_2_text_shadow_vertical_length_tablet=&#8220;0px&#8220; header_2_text_shadow_blur_strength_tablet=&#8220;1px&#8220; header_3_text_shadow_horizontal_length_tablet=&#8220;0px&#8220; header_3_text_shadow_vertical_length_tablet=&#8220;0px&#8220; header_3_text_shadow_blur_strength_tablet=&#8220;1px&#8220; header_4_text_shadow_horizontal_length_tablet=&#8220;0px&#8220; header_4_text_shadow_vertical_length_tablet=&#8220;0px&#8220; header_4_text_shadow_blur_strength_tablet=&#8220;1px&#8220; header_5_text_shadow_horizontal_length_tablet=&#8220;0px&#8220; header_5_text_shadow_vertical_length_tablet=&#8220;0px&#8220; header_5_text_shadow_blur_strength_tablet=&#8220;1px&#8220; header_6_text_shadow_horizontal_length_tablet=&#8220;0px&#8220; header_6_text_shadow_vertical_length_tablet=&#8220;0px&#8220; header_6_text_shadow_blur_strength_tablet=&#8220;1px&#8220; box_shadow_horizontal_tablet=&#8220;0px&#8220; box_shadow_vertical_tablet=&#8220;0px&#8220; box_shadow_blur_tablet=&#8220;40px&#8220; box_shadow_spread_tablet=&#8220;0px&#8220; global_colors_info=&#8220;{}&#8220; sticky_enabled=&#8220;0&#8243;]<\/p>\n<h3>\u00d6sterreich<\/h3>\n<p><strong>Antec Scientific<\/strong><br \/>T: +49 15 2900 11933<br \/>T: +31 (0)172 268 888 (HQ)<br \/>E: <a href=\"mailto:info.austria@antecscientific.com\">info.austria@antecscientific.com<\/a><br \/>W: <a href=\"http:\/\/www.antecscientific.com\" target=\"_blank\" rel=\"noopener noreferrer\">www.antecscientific.com<\/a><\/p>\n<hr size=\"1\">\n<h3>Belgien<\/h3>\n<p><strong>Antec Scientific<\/strong><br \/>T: +31 (0)172 268 888 (HQ)<br \/>E: <a href=\"mailto:info@antecscientific.com\">info@antecscientific.com<\/a><br \/>W: <a href=\"http:\/\/www.antecscientific.com\" target=\"_blank\" rel=\"noopener noreferrer\">www.antecscientific.com<\/a><\/p>\n<hr size=\"1\">\n<h3>Bosnien und Herzegowina<\/h3>\n<p><strong>BIA d.o.o.<\/strong><br \/>T: +386 1 426 45 88<br \/>E: <a href=\"mailto:sales@bia.si\">sales@bia.si<\/a><br \/>W: <a href=\"http:\/\/www.bia.si\" target=\"_blank\" rel=\"noopener noreferrer\">www.bia.si<\/a><\/p>\n<hr size=\"1\">\n<h3>Bulgarien<\/h3>\n<p><strong>Chromtek Ltd.<\/strong><br \/>T: +359 899 366651<br \/>E: <a href=\"mailto:sales@chromtek.bg\">sales@chromtek.bg<\/a><br \/>W: <a href=\"http:\/\/www.chromtek.bg\" target=\"_blank\" rel=\"noopener noreferrer\">www.chromtek.bg<\/a><\/p>\n<hr size=\"1\">\n<h3>Kroatien<\/h3>\n<p><strong>BIA d.o.o.<\/strong><br \/>T: +386 1 426 45 88<br \/>E: <a href=\"mailto:sales@bia.si\">sales@bia.si<\/a><br \/>W: <a href=\"http:\/\/www.bia.si\" target=\"_blank\" rel=\"noopener noreferrer\">www.bia.si<\/a><\/p>\n<hr size=\"1\">\n<h3>Tschechische Republik<\/h3>\n<p><strong>Watrex Praha, s.r.o.<\/strong><br \/>T: +420 226 203 500<br \/>E: <a href=\"mailto:watrex@watrex.com\">watrex@watrex.com<\/a><br \/>W: <a href=\"https:\/\/watrex.com\" target=\"_blank\" rel=\"noopener noreferrer\">www.watrex.com<\/a><\/p>\n<hr size=\"1\">\n<h3>D\u00e4nemark<\/h3>\n<p><strong>MD Scientific ApS<\/strong><br \/>T: +45 7027 8565<br \/>E: <a href=\"mailto:info@md-scientific.dk\">info@md-scientific.dk<\/a><br \/>W: <a href=\"http:\/\/www.md-scientific.dk\" target=\"_blank\" rel=\"noopener noreferrer\">www.md-scientific.dk<\/a><\/p>\n<hr size=\"1\">\n<h3>Estland<\/h3>\n<p><strong>Ordior Eesti<\/strong><br \/>T: +372 7307833<br \/>E: <a href=\"mailto:info@ordioreesti.ee\">info@ordioreesti.ee<\/a><br \/>W: <a href=\"http:\/\/www.ordioreesti.ee\" target=\"_blank\" rel=\"noopener noreferrer\">www.ordioreesti.ee<\/a><\/p>\n<hr size=\"1\">\n<h3>Finnland<\/h3>\n<p><strong>Berner Oy<\/strong><br \/>T: +358 (0)20 690 761<br \/>E: <a href=\"mailto:pro.huolto@berner.fi\">pro.huolto@berner.fi<\/a><br \/>W: <a href=\"http:\/\/www.berner.fi\/pro\" target=\"_blank\" rel=\"noopener noreferrer\">www.berner.fi\/pro<\/a><\/p>\n<hr size=\"1\">\n<h3>Deutschland<\/h3>\n<p><strong>Antec Scientific<\/strong><br \/>T: +49 15 2900 11933<br \/>T: +31 (0)172 268 888 (HQ)<br \/>E: <a href=\"mailto:info.germany@antecscientific.com\">info.germany@antecscientific.com<\/a><br \/>W: <a href=\"http:\/\/www.antecscientific.com\" target=\"_blank\" rel=\"noopener noreferrer\">www.antecscientific.com<\/a><\/p>\n<hr size=\"1\">\n<h3>Griechenland<\/h3>\n<p><strong>N. ASTERIADIS S.A.<\/strong><br \/>T: +30 2310 260 331<br \/>E: <a href=\"mailto:info@asteriadis.gr\">info@asteriadis.gr<\/a><br \/>W: <a href=\"http:\/\/www.asteriadis.gr\" target=\"_blank\" rel=\"noopener noreferrer\">www.asteriadis.gr<\/a><\/p>\n<hr size=\"1\">\n<h3>Ungarn<\/h3>\n<p><strong>ABL&amp;E &#8211; JASCO Hungary Ltd.<\/strong><br \/>T: +36 1 209 3538<br \/>E: <a href=\"mailto:info@ablelab.com\">info@ablelab.com<\/a><br \/>W: <a href=\"http:\/\/www.ablelab.com\" target=\"_blank\" rel=\"noopener noreferrer\">www.ablelab.com<\/a><\/p>\n<hr size=\"1\">\n<h3>Irland<\/h3>\n<p><strong>Verulam Scientific Ltd.<\/strong><br \/>T: +44 (0) 1234 381000<br \/>E: <a href=\"mailto:enquiries@verulamscientific.com\">enquiries@verulamscientific.com<\/a><br \/>W: <a href=\"http:\/\/www.verulamscientific.com\" target=\"_blank\" rel=\"noopener noreferrer\">www.verulamscientific.com<\/a><\/p>\n<hr size=\"1\">\n<h3>Italien<\/h3>\n<p><strong>Alfatech S.r.l.<\/strong><br \/>T: +39 010 469 9369<br \/>E: <a href=\"mailto:info@alfatechspa.com\">info@alfatechspa.com<\/a><br \/>W: <a href=\"http:\/\/www.alfatechspa.com\" target=\"_blank\" rel=\"noopener noreferrer\">www.alfatechspa.com<\/a><\/p>\n<hr size=\"1\">\n<h3>Niederlande<\/h3>\n<p><strong>Antec Scientific<\/strong><br \/>T: +31 (0)172 268 888 (HQ)<br \/>E: <a href=\"mailto:info@antecscientific.com\">info@antecscientific.com<\/a><br \/>W: <a href=\"http:\/\/www.antecscientific.com\" target=\"_blank\" rel=\"noopener noreferrer\">www.antecscientific.com<\/a><\/p>\n<hr size=\"1\">\n<h3>Norwegen<\/h3>\n<p><strong>Matriks AS<\/strong><br \/>T: +47 22958562<br \/>E: <a href=\"mailto:post@matriks.no\">post@matriks.no<\/a><br \/>W: <a href=\"http:\/\/www.matriks.no\" target=\"_blank\" rel=\"noopener noreferrer\">www.matriks.no<\/a><\/p>\n<hr size=\"1\">\n<h3>Polen<\/h3>\n<p><strong>SHIM-POL A.M.BORZYMOWSKI<\/strong><br \/>T: +48 22 7227048<br \/>E: <a href=\"mailto:biuro@shim-pol.pl\">biuro@shim-pol.pl<\/a><br \/>W: <a href=\"http:\/\/www.shim-pol.pl\" target=\"_blank\" rel=\"noopener noreferrer\">www.shim-pol.pl<\/a><\/p>\n<hr size=\"1\">\n<h3>Portugal<\/h3>\n<p><strong>LusoPalex Lda<\/strong><br \/>T: +351 21 434 4740<br \/>E: <a href=\"mailto:info@lusopalex.com\">info@lusopalex.com<\/a><br \/>W: <a href=\"https:\/\/lusopalexlaboratorio.com\/en\/\" target=\"_blank\" rel=\"noopener noreferrer\">www.lusopalexlaboratorio.com<\/a><\/p>\n<hr size=\"1\">\n<h3>Rum\u00e4nien<\/h3>\n<p><strong>ABL&amp;E &#8211; JASCO Romania S.R.L<\/strong><br \/>T: +40 264 594 286<br \/>E: <a href=\"mailto:info@ablelab.com\">info@ablelab.com<\/a><br \/>W: <a href=\"http:\/\/www.ablelab.com\" target=\"_blank\" rel=\"noopener noreferrer\">www.ablelab.com<\/a><\/p>\n<hr size=\"1\">\n<h3>Serbien und Montenegro<\/h3>\n<p><strong>ABL&amp;E &#8211; JASCO Hungary Ltd.<\/strong><br \/>T: +36 1 209 3538<br \/>E: <a href=\"mailto:info@ablelab.com\">info@ablelab.com<\/a><br \/>W: <a href=\"http:\/\/www.ablelab.com\" target=\"_blank\" rel=\"noopener noreferrer\">www.ablelab.com<\/a><\/p>\n<hr size=\"1\">\n<h3>Slowakei<\/h3>\n<p><strong>Shimadzu Slowakei<\/strong><br \/>T: +421 2 48200081-4<br \/>E: <a href=\"mailto:sk@shimadzu.eu\">sk@shimadzu.eu<\/a><br \/>W: <a href=\"https:\/\/www.shimadzu.sk\/home\" target=\"_blank\" rel=\"noopener noreferrer\">www.shimadzu.sk<\/a><\/p>\n<hr size=\"1\">\n<h3>Slowenien<\/h3>\n<p><strong>BIA d.o.o.<\/strong><br \/>T: +386 1 426 45 88<br \/>E: <a href=\"mailto:sales@bia.si\">sales@bia.si<\/a><br \/>W: <a href=\"http:\/\/www.bia.si\" target=\"_blank\" rel=\"noopener noreferrer\">www.bia.si<\/a><\/p>\n<hr size=\"1\">\n<h3>Spanien<\/h3>\n<p><strong>Ingenieria Analitica s.l.<\/strong><br \/>T: +34 93 590 2850<br \/>E: <a href=\"mailto:inf@ingenieria-analitica.com\">inf@ingenieria-analitica.com<\/a><br \/>W: <a href=\"http:\/\/www.ingenieria-analitica.com\" target=\"_blank\" rel=\"noopener noreferrer\">www.ingenieria-analitica.com<\/a><\/p>\n<hr size=\"1\">\n<h3>Schweiz<\/h3>\n<p><strong>Antec Scientific<\/strong><br \/>T: +49 15 2900 11933<br \/>T: +31 (0)172 268 888 (HQ)<br \/>E: <a href=\"mailto:info.swiss@antecscientific.com\">info.swiss@antecscientific.com<\/a><br \/>W: <a href=\"http:\/\/www.antecscientific.com\" target=\"_blank\" rel=\"noopener noreferrer\">www.antecscientific.com<\/a><\/p>\n<hr size=\"1\">\n<h3>T\u00fcrkei<\/h3>\n<p><strong>Terralab Laboratuvar Malzemeleri San. Tic. A.S.  <\/strong><br \/>E: <a href=\"mailto:info@terralab.com.tr\">info@terralab.com.tr<\/a><br \/>W: <a href=\"https:\/\/www.terralab.com.tr\">https:\/\/www.terralab.com.tr<\/a><\/p>\n<p>\u00dcmit Mahallesi 2544. Sokak No:9 \u00dcmitk\u00f6y<br \/>06810 \u00c7ankaya \/ ANKARA<br \/>+90 (312) 472 73 96 <\/p>\n<p>und<\/p>\n<p>Esentepe Mh. E5 Karayolu D100 G\u00fcney Yanyolu<br \/>So\u011fanl\u0131k Sapa\u011f\u0131 25\/1036<br \/>34870 Kartal \/ \u0130STANBUL<br \/>+90 (216) 327 52 70 <\/p>\n<hr size=\"1\">\n<h3>Vereinigtes K\u00f6nigreich<\/h3>\n<p><strong>Verulam Scientific Ltd.<\/strong><br \/>T: +44 (0) 1234 381000<br \/>E: <a href=\"mailto:enquiries@verulamscientific.com\">enquiries@verulamscientific.com<\/a><br \/>W: <a href=\"http:\/\/www.verulamscientific.com\" target=\"_blank\" rel=\"noopener noreferrer\">www.verulamscientific.com<\/a><\/p>\n<p>[\/et_pb_text][\/et_pb_column][et_pb_column type=&#8220;1_3&#8243; _builder_version=&#8220;4.16&#8243; custom_padding=&#8220;5%|5%|||false|false&#8220; global_colors_info=&#8220;{}&#8220; custom_padding__hover=&#8220;|||&#8220;][\/et_pb_column][\/et_pb_row][\/et_pb_section]<\/p>\n","protected":false},"excerpt":{"rendered":"<p>Antec Scientific-Vertriebspartner in Europa<\/p>\n","protected":false},"author":3,"featured_media":0,"parent":13118,"menu_order":0,"comment_status":"closed","ping_status":"closed","template":"","meta":{"_et_pb_use_builder":"on","_et_pb_old_content":"","_et_gb_content_width":"","footnotes":""},"class_list":["post-13153","page","type-page","status-publish","hentry"],"yoast_head":"<!-- This site is optimized with the Yoast SEO plugin v27.4 - https:\/\/yoast.com\/product\/yoast-seo-wordpress\/ -->\n<title>Europa - Antec Scientific<\/title>\n<meta name=\"description\" content=\"Antec Scientific-Vertriebspartner in Europa\" \/>\n<meta name=\"robots\" content=\"index, follow, max-snippet:-1, max-image-preview:large, max-video-preview:-1\" \/>\n<link rel=\"canonical\" href=\"https:\/\/antecscientific.com\/de\/ueber\/kontakt\/europa\/\" \/>\n<meta property=\"og:locale\" content=\"de_DE\" \/>\n<meta property=\"og:type\" content=\"article\" \/>\n<meta property=\"og:title\" content=\"Europa - Antec Scientific\" \/>\n<meta property=\"og:description\" content=\"Antec Scientific-Vertriebspartner in Europa\" \/>\n<meta property=\"og:url\" content=\"https:\/\/antecscientific.com\/de\/ueber\/kontakt\/europa\/\" \/>\n<meta property=\"og:site_name\" content=\"Antec Scientific\" \/>\n<meta property=\"article:modified_time\" content=\"2025-12-04T13:13:01+00:00\" \/>\n<meta name=\"twitter:card\" content=\"summary_large_image\" \/>\n<meta name=\"twitter:label1\" content=\"Gesch\u00e4tzte Lesezeit\" \/>\n\t<meta name=\"twitter:data1\" content=\"7\u00a0Minuten\" \/>\n<script type=\"application\/ld+json\" class=\"yoast-schema-graph\">{\"@context\":\"https:\\\/\\\/schema.org\",\"@graph\":[{\"@type\":\"WebPage\",\"@id\":\"https:\\\/\\\/antecscientific.com\\\/de\\\/ueber\\\/kontakt\\\/europa\\\/\",\"url\":\"https:\\\/\\\/antecscientific.com\\\/de\\\/ueber\\\/kontakt\\\/europa\\\/\",\"name\":\"Europa - Antec Scientific\",\"isPartOf\":{\"@id\":\"https:\\\/\\\/antecscientific.com\\\/de\\\/#website\"},\"datePublished\":\"2020-09-05T08:50:45+00:00\",\"dateModified\":\"2025-12-04T13:13:01+00:00\",\"description\":\"Antec Scientific-Vertriebspartner in Europa\",\"breadcrumb\":{\"@id\":\"https:\\\/\\\/antecscientific.com\\\/de\\\/ueber\\\/kontakt\\\/europa\\\/#breadcrumb\"},\"inLanguage\":\"de\",\"potentialAction\":[{\"@type\":\"ReadAction\",\"target\":[\"https:\\\/\\\/antecscientific.com\\\/de\\\/ueber\\\/kontakt\\\/europa\\\/\"]}]},{\"@type\":\"BreadcrumbList\",\"@id\":\"https:\\\/\\\/antecscientific.com\\\/de\\\/ueber\\\/kontakt\\\/europa\\\/#breadcrumb\",\"itemListElement\":[{\"@type\":\"ListItem\",\"position\":1,\"name\":\"\u00dcber\",\"item\":\"https:\\\/\\\/antecscientific.com\\\/de\\\/ueber\\\/\"},{\"@type\":\"ListItem\",\"position\":2,\"name\":\"Kontakt\",\"item\":\"https:\\\/\\\/antecscientific.com\\\/de\\\/ueber\\\/kontakt\\\/\"},{\"@type\":\"ListItem\",\"position\":3,\"name\":\"Europa\"}]},{\"@type\":\"WebSite\",\"@id\":\"https:\\\/\\\/antecscientific.com\\\/de\\\/#website\",\"url\":\"https:\\\/\\\/antecscientific.com\\\/de\\\/\",\"name\":\"Antec Scientific\",\"description\":\"Supporting research to improve quality of life\",\"potentialAction\":[{\"@type\":\"SearchAction\",\"target\":{\"@type\":\"EntryPoint\",\"urlTemplate\":\"https:\\\/\\\/antecscientific.com\\\/de\\\/?s={search_term_string}\"},\"query-input\":{\"@type\":\"PropertyValueSpecification\",\"valueRequired\":true,\"valueName\":\"search_term_string\"}}],\"inLanguage\":\"de\"}]}<\/script>\n<!-- \/ Yoast SEO plugin. -->","yoast_head_json":{"title":"Europa - Antec Scientific","description":"Antec Scientific-Vertriebspartner in Europa","robots":{"index":"index","follow":"follow","max-snippet":"max-snippet:-1","max-image-preview":"max-image-preview:large","max-video-preview":"max-video-preview:-1"},"canonical":"https:\/\/antecscientific.com\/de\/ueber\/kontakt\/europa\/","og_locale":"de_DE","og_type":"article","og_title":"Europa - Antec Scientific","og_description":"Antec Scientific-Vertriebspartner in Europa","og_url":"https:\/\/antecscientific.com\/de\/ueber\/kontakt\/europa\/","og_site_name":"Antec Scientific","article_modified_time":"2025-12-04T13:13:01+00:00","twitter_card":"summary_large_image","twitter_misc":{"Gesch\u00e4tzte Lesezeit":"7\u00a0Minuten"},"schema":{"@context":"https:\/\/schema.org","@graph":[{"@type":"WebPage","@id":"https:\/\/antecscientific.com\/de\/ueber\/kontakt\/europa\/","url":"https:\/\/antecscientific.com\/de\/ueber\/kontakt\/europa\/","name":"Europa - Antec Scientific","isPartOf":{"@id":"https:\/\/antecscientific.com\/de\/#website"},"datePublished":"2020-09-05T08:50:45+00:00","dateModified":"2025-12-04T13:13:01+00:00","description":"Antec Scientific-Vertriebspartner in Europa","breadcrumb":{"@id":"https:\/\/antecscientific.com\/de\/ueber\/kontakt\/europa\/#breadcrumb"},"inLanguage":"de","potentialAction":[{"@type":"ReadAction","target":["https:\/\/antecscientific.com\/de\/ueber\/kontakt\/europa\/"]}]},{"@type":"BreadcrumbList","@id":"https:\/\/antecscientific.com\/de\/ueber\/kontakt\/europa\/#breadcrumb","itemListElement":[{"@type":"ListItem","position":1,"name":"\u00dcber","item":"https:\/\/antecscientific.com\/de\/ueber\/"},{"@type":"ListItem","position":2,"name":"Kontakt","item":"https:\/\/antecscientific.com\/de\/ueber\/kontakt\/"},{"@type":"ListItem","position":3,"name":"Europa"}]},{"@type":"WebSite","@id":"https:\/\/antecscientific.com\/de\/#website","url":"https:\/\/antecscientific.com\/de\/","name":"Antec Scientific","description":"Supporting research to improve quality of life","potentialAction":[{"@type":"SearchAction","target":{"@type":"EntryPoint","urlTemplate":"https:\/\/antecscientific.com\/de\/?s={search_term_string}"},"query-input":{"@type":"PropertyValueSpecification","valueRequired":true,"valueName":"search_term_string"}}],"inLanguage":"de"}]}},"_links":{"self":[{"href":"https:\/\/antecscientific.com\/de\/wp-json\/wp\/v2\/pages\/13153","targetHints":{"allow":["GET"]}}],"collection":[{"href":"https:\/\/antecscientific.com\/de\/wp-json\/wp\/v2\/pages"}],"about":[{"href":"https:\/\/antecscientific.com\/de\/wp-json\/wp\/v2\/types\/page"}],"author":[{"embeddable":true,"href":"https:\/\/antecscientific.com\/de\/wp-json\/wp\/v2\/users\/3"}],"replies":[{"embeddable":true,"href":"https:\/\/antecscientific.com\/de\/wp-json\/wp\/v2\/comments?post=13153"}],"version-history":[{"count":29,"href":"https:\/\/antecscientific.com\/de\/wp-json\/wp\/v2\/pages\/13153\/revisions"}],"predecessor-version":[{"id":34919,"href":"https:\/\/antecscientific.com\/de\/wp-json\/wp\/v2\/pages\/13153\/revisions\/34919"}],"up":[{"embeddable":true,"href":"https:\/\/antecscientific.com\/de\/wp-json\/wp\/v2\/pages\/13118"}],"wp:attachment":[{"href":"https:\/\/antecscientific.com\/de\/wp-json\/wp\/v2\/media?parent=13153"}],"curies":[{"name":"wp","href":"https:\/\/api.w.org\/{rel}","templated":true}]}}