{"id":13119,"date":"2020-11-30T10:15:47","date_gmt":"2020-11-30T10:15:47","guid":{"rendered":"https:\/\/antecscientific.com\/bedingungen-fuer-die-nutzung\/"},"modified":"2022-11-22T09:05:53","modified_gmt":"2022-11-22T09:05:53","slug":"bedingungen-fuer-die-nutzung","status":"publish","type":"page","link":"https:\/\/antecscientific.com\/de\/bedingungen-fuer-die-nutzung\/","title":{"rendered":"Bedingungen f\u00fcr die Nutzung"},"content":{"rendered":"<p>[et_pb_section fb_built=&#8220;1&#8243; admin_label=&#8220;Header&#8220; _builder_version=&#8220;4.6.6&#8243; background_image=&#8220;https:\/\/antecscientific.com\/wp-content\/uploads\/2020\/11\/distribution1.jpg&#8220; parallax=&#8220;on&#8220; custom_padding=&#8220;2vw|0px|200px|0px|false|false&#8220; collapsed=&#8220;on&#8220;][et_pb_row _builder_version=&#8220;3.25&#8243;][et_pb_column type=&#8220;4_4&#8243; _builder_version=&#8220;3.25&#8243; custom_padding=&#8220;|||&#8220; custom_padding__hover=&#8220;|||&#8220;][et_pb_text admin_label=&#8220;Breadcrumbs (don&#8217;t touch)&#8220; _builder_version=&#8220;4.4.8&#8243; text_font=&#8220;|700|||||||&#8220; text_text_color=&#8220;#ffffff&#8220; text_font_size=&#8220;15px&#8220; link_font=&#8220;|700|||||||&#8220; link_text_color=&#8220;#ffffff&#8220; link_font_size=&#8220;15px&#8220;][\/et_pb_text][et_pb_text admin_label=&#8220;Big page title (don&#8217;t touch)&#8220; _builder_version=&#8220;4.5.6&#8243; _dynamic_attributes=&#8220;content&#8220; text_font=&#8220;||||||||&#8220; header_font=&#8220;|700|||||||&#8220; header_text_color=&#8220;#ffffff&#8220; header_font_size=&#8220;80px&#8220; header_line_height=&#8220;1.2em&#8220; header_5_font=&#8220;Raleway|700||on|||||&#8220; header_5_text_color=&#8220;#000000&#8243; header_5_font_size=&#8220;20px&#8220; header_5_letter_spacing=&#8220;0.5em&#8220; header_5_line_height=&#8220;1.8em&#8220; animation_style=&#8220;zoom&#8220; animation_intensity_zoom=&#8220;5%&#8220; header_font_size_tablet=&#8220;48px&#8220; header_font_size_phone=&#8220;32px&#8220; header_font_size_last_edited=&#8220;on|phone&#8220; header_5_font_size_tablet=&#8220;14px&#8220; header_5_font_size_phone=&#8220;12px&#8220; header_5_font_size_last_edited=&#8220;on|desktop&#8220;]@ET-DC@eyJkeW5hbWljIjp0cnVlLCJjb250ZW50IjoicG9zdF90aXRsZSIsInNldHRpbmdzIjp7ImJlZm9yZSI6IjxoMT4iLCJhZnRlciI6IjxcL2gxPiJ9fQ==@[\/et_pb_text][\/et_pb_column][\/et_pb_row][\/et_pb_section][et_pb_section fb_built=&#8220;1&#8243; admin_label=&#8220;Content&#8220; _builder_version=&#8220;4.4.8&#8243; background_color=&#8220;#ffffff&#8220; max_width=&#8220;90%&#8220; max_width_tablet=&#8220;&#8220; max_width_phone=&#8220;100%&#8220; max_width_last_edited=&#8220;on|phone&#8220; custom_margin=&#8220;-160px||0px||false|false&#8220; custom_padding=&#8220;||0px||false|false&#8220; border_color_all=&#8220;#ffffff&#8220; border_width_left=&#8220;10vw&#8220;][et_pb_row column_structure=&#8220;2_3,1_3&#8243; custom_padding_last_edited=&#8220;on|phone&#8220; _builder_version=&#8220;4.5.6&#8243; width=&#8220;auto&#8220; max_width=&#8220;none&#8220; custom_padding=&#8220;27px|0|27px|0px|false|false&#8220; custom_padding_tablet=&#8220;|0px||0px||true&#8220; custom_padding_phone=&#8220;|10%||0px|false|false&#8220;][et_pb_column type=&#8220;2_3&#8243; _builder_version=&#8220;3.25&#8243; custom_padding=&#8220;|||&#8220; custom_padding__hover=&#8220;|||&#8220;][et_pb_text admin_label=&#8220;Subtitle&#8220; _builder_version=&#8220;4.7.4&#8243; text_font=&#8220;||||||||&#8220; text_font_size=&#8220;16px&#8220; text_line_height=&#8220;2em&#8220; header_font=&#8220;||||||||&#8220; header_2_font=&#8220;|600||on|||||&#8220; header_2_text_color=&#8220;#df0834&#8243; header_2_font_size=&#8220;20px&#8220; header_2_line_height=&#8220;1.4em&#8220; header_6_font=&#8220;|700||on|||||&#8220; header_6_font_size=&#8220;16px&#8220; header_6_letter_spacing=&#8220;5px&#8220; header_6_line_height=&#8220;1.8em&#8220; max_width=&#8220;700px&#8220; module_alignment=&#8220;center&#8220; custom_margin=&#8220;||0px||false|false&#8220; custom_padding=&#8220;||0px||false|false&#8220; header_2_font_size_tablet=&#8220;25px&#8220; header_2_font_size_phone=&#8220;25px&#8220; header_2_font_size_last_edited=&#8220;on|phone&#8220;]<\/p>\n<h2>Bedingungen f\u00fcr die Nutzung<\/h2>\n<p>[\/et_pb_text][et_pb_text admin_label=&#8220;Paragraph&#8220; _builder_version=&#8220;4.7.4&#8243; text_font=&#8220;||||||||&#8220; text_font_size=&#8220;18px&#8220; text_line_height=&#8220;2em&#8220; header_font=&#8220;||||||||&#8220; header_2_font=&#8220;Raleway|700|||||||&#8220; header_2_font_size=&#8220;50px&#8220; header_2_line_height=&#8220;1.4em&#8220; header_6_font=&#8220;Raleway|700||on|||||&#8220; header_6_font_size=&#8220;16px&#8220; header_6_letter_spacing=&#8220;5px&#8220; header_6_line_height=&#8220;1.8em&#8220; text_orientation=&#8220;justified&#8220; max_width=&#8220;700px&#8220; module_alignment=&#8220;center&#8220; custom_margin=&#8220;0px||||false|false&#8220; custom_padding=&#8220;0px||||false|false&#8220; header_2_font_size_tablet=&#8220;35px&#8220; header_2_font_size_phone=&#8220;25px&#8220; header_2_font_size_last_edited=&#8220;on|phone&#8220; text_orientation_tablet=&#8220;&#8220; text_orientation_phone=&#8220;left&#8220; text_orientation_last_edited=&#8220;on|desktop&#8220;]<\/p>\n<p>Die Nutzung dieser Website (&#8222;Website&#8220;) unterliegt diesen Nutzungsbedingungen (&#8222;Bedingungen&#8220;). Bitte lesen Sie diese Bedingungen sorgf\u00e4ltig durch. Wenn Sie diese Bedingungen nicht akzeptieren, d\u00fcrfen Sie diese Website von Antec Leyden BV (&#8222;Antec Scientific&#8220;) nicht nutzen. Die Nutzung dieser Website bedeutet, dass Sie diese Bedingungen akzeptieren.<\/p>\n<p><strong>Pers\u00f6nlich identifizierende Informationen.<\/strong>  Wenn Sie sich auf dieser Website registrieren, werden Sie aufgefordert, pers\u00f6nliche Kontaktinformationen (z. B. Name, Organisation, E-Mail-Adresse usw.) und andere Informationen anzugeben. Nur mit Ihrer Zustimmung verwenden wir die \u00fcber diese Website erhaltenen Kontaktinformationen, um unseren Kunden per E-Mail und Post die neuesten Produkt- und Serviceinformationen sowie andere Informationen zukommen zu lassen, die f\u00fcr Sie n\u00fctzlich sein k\u00f6nnten.<\/p>\n<p><strong>Dritte Parteien<\/strong>. Wir k\u00f6nnen Informationen \u00fcber Sie an Mitarbeiter, verbundene Unternehmen, Nachfolger und Agenten, Vertreter oder Vertriebsh\u00e4ndler weitergeben, die verpflichtet sind, die Informationen in \u00dcbereinstimmung mit unseren Bedingungen zu behandeln. Sofern nicht ausdr\u00fccklich in diesen Bedingungen beschrieben, werden wir ohne Ihre vorherige Zustimmung Ihre Daten nicht an nicht verbundene Dritte verkaufen, tauschen oder \u00fcbertragen, mit Ausnahme von autorisierten Dritten (wie z. B. Auftragnehmern, die den Betrieb dieser Website unterst\u00fctzen) und anderen, die an der E-Commerce-Vertriebskette beteiligt sind (z. B. Verk\u00e4ufer, Dienstleister), die m\u00f6glicherweise Zugang zu einigen Ihrer pers\u00f6nlichen Daten ben\u00f6tigen. Wir verpflichten diese Dritten, unsere Bedingungen einzuhalten und ihren Zugang zu Ihren personenbezogenen Daten und deren Nutzung einzuschr\u00e4nken.<strong> <\/strong><\/p>\n<p><strong>Abbestellen<\/strong>. Wenn Sie bestimmte Mitteilungen von uns oder unseren verbundenen Unternehmen oder Vertretern nicht erhalten m\u00f6chten, k\u00f6nnen Sie diese abbestellen oder ablehnen, indem Sie: (1) den angebotenen Service bei der Registrierung oder an anderen Stellen auf der Website, an denen Informationen gesammelt werden, ablehnen oder (2) uns mitteilen, dass Sie solche Mitteilungen nicht mehr erhalten m\u00f6chten. Wenn Sie sich von bestimmten Mitteilungen abmelden, haben Sie m\u00f6glicherweise keinen Zugang zu bestimmten Produkten oder Dienstleistungen. Wenn Sie den Erhalt von Mitteilungen von verbundenen Unternehmen oder anderen Dritten, mit denen wir gem\u00e4\u00df dieser Richtlinie Daten austauschen, abbestellen m\u00f6chten, wenden Sie sich bitte direkt an diese Dritten.  <strong> <\/strong><\/p>\n<p><strong>Nutzung der Website<\/strong>. Antec Scientific gestattet Ihnen die Ansicht und das Herunterladen der Materialien auf dieser Website nur f\u00fcr Ihren pers\u00f6nlichen, nichtkommerziellen Gebrauch, vorausgesetzt, dass Sie alle in den Originalmaterialien enthaltenen Urheberrechts- und sonstigen Eigentumshinweise auf allen Kopien der Materialien beibehalten. Es ist nicht gestattet, das Material auf dieser Website in irgendeiner Weise zu ver\u00e4ndern, zu vervielf\u00e4ltigen oder \u00f6ffentlich auszustellen, vorzuf\u00fchren, zu verbreiten oder anderweitig f\u00fcr \u00f6ffentliche oder kommerzielle Zwecke zu nutzen. F\u00fcr die Zwecke dieser Bedingungen ist jede Nutzung dieser Materialien auf einer anderen Website oder in einer vernetzten Computerumgebung zu irgendeinem Zweck verboten. Die Materialien auf dieser Website sind urheberrechtlich gesch\u00fctzt, und jede unbefugte Verwendung von Materialien auf dieser Website kann gegen Urheberrechts-, Marken- und andere Gesetze versto\u00dfen. Wenn Sie gegen eine dieser Bedingungen versto\u00dfen, erlischt Ihre Berechtigung zur Nutzung dieser Website automatisch und Sie m\u00fcssen alle heruntergeladenen oder gedruckten Materialien unverz\u00fcglich vernichten.<\/p>\n<p><strong>Verwendung von Software<\/strong>. Wenn Sie Software von dieser Website herunterladen (&#8222;Software&#8220;), unterliegt die Nutzung der Software den Lizenzbedingungen in der Software-Lizenzvereinbarung, die der Software beiliegt oder mit ihr geliefert wird. Sie d\u00fcrfen die Software erst dann herunterladen oder installieren, wenn Sie die Bedingungen der Software-Lizenzvereinbarung gelesen und akzeptiert haben.<\/p>\n<p><strong>Benutzereinsendungen<\/strong>. Alle Materialien, Informationen oder sonstigen Mitteilungen, die Sie an diese Website \u00fcbermitteln oder dort einstellen, werden als nicht vertraulich und nicht urheberrechtlich gesch\u00fctzt betrachtet (&#8222;Mitteilungen&#8220;). Antec Scientific hat keine Verpflichtungen in Bezug auf die Mitteilungen. Antec Scientific und seinen Beauftragten steht es frei, die Mitteilungen und alle darin enthaltenen Daten, Bilder, T\u00f6ne, Texte und andere Dinge f\u00fcr alle kommerziellen oder nichtkommerziellen Zwecke zu kopieren, offenzulegen, zu verteilen, einzubinden und anderweitig zu nutzen. Es ist Ihnen untersagt, ungesetzliches, bedrohliches, verleumderisches, diffamierendes, obsz\u00f6nes, pornografisches oder sonstiges Material, das gegen ein Gesetz verst\u00f6\u00dft, auf dieser Website zu ver\u00f6ffentlichen oder von dort zu \u00fcbertragen.<\/p>\n<p><strong>Links zu anderen Websites<\/strong>. Links zu Websites von Dritten werden auf dieser Website lediglich als Annehmlichkeit f\u00fcr Sie bereitgestellt. Wenn Sie diese Links benutzen, verlassen Sie diese Website. Antec Scientific hat nicht alle diese Websites von Dritten \u00fcberpr\u00fcft und hat keine Kontrolle \u00fcber diese Websites oder deren Inhalt und ist nicht daf\u00fcr verantwortlich. Antec Scientific gibt daher keine Empfehlungen oder Zusicherungen in Bezug auf diese Informationen, Software oder andere Produkte oder Materialien ab, die dort zu finden sind, und auch nicht in Bezug auf die Ergebnisse, die durch deren Verwendung erzielt werden k\u00f6nnen. Wenn Sie sich entschlie\u00dfen, auf eine der mit dieser Website verlinkten Websites Dritter zuzugreifen, tun Sie dies ausschlie\u00dflich auf eigenes Risiko.<\/p>\n<p><strong>Haftungsausschluss<\/strong>. DIE AUF DIESER WEBSITE BEREITGESTELLTEN MATERIALIEN WERDEN OHNE M\u00c4NGELGEW\u00c4HR BEREITGESTELLT, OHNE GARANTIEN JEGLICHER ART, EINSCHLIESSLICH GARANTIEN F\u00dcR DIE HANDELS\u00dcBLICHKEIT, DIE EIGNUNG F\u00dcR EINEN BESTIMMTEN ZWECK ODER DIE NICHTVERLETZUNG GEISTIGEN EIGENTUMS. Antec Scientific \u00fcbernimmt au\u00dferdem keine Garantie f\u00fcr die Richtigkeit und Vollst\u00e4ndigkeit des Materials auf dieser Website. Antec Scientific beh\u00e4lt sich das Recht vor, jederzeit und ohne Vorank\u00fcndigung \u00c4nderungen an den Materialien auf dieser Website oder an den darin beschriebenen Produkten und Preisen vorzunehmen. Das Material auf dieser Website kann veraltet sein, und Antec Scientific \u00fcbernimmt keine Verpflichtung zur Aktualisierung des Materials auf dieser Website. Die auf dieser Website ver\u00f6ffentlichten Informationen k\u00f6nnen sich auf Produkte, Programme oder Dienstleistungen beziehen, die in Ihrem Land nicht verf\u00fcgbar sind. Wenden Sie sich an Ihren \u00f6rtlichen Antec Scientific-H\u00e4ndler, um Informationen zu den Produkten, Programmen und Dienstleistungen zu erhalten, die f\u00fcr Sie in Frage kommen. Es kann sein, dass das geltende Recht den Ausschluss stillschweigender Garantien nicht zul\u00e4sst, so dass der obige Ausschluss f\u00fcr Sie m\u00f6glicherweise nicht gilt.<\/p>\n<p><strong>Begrenzung der Haftung<\/strong>. In keinem Fall haften Antec Scientific, seine Zulieferer oder andere auf dieser Website genannte Dritte f\u00fcr Sch\u00e4den jeglicher Art (einschlie\u00dflich, aber nicht beschr\u00e4nkt auf Sch\u00e4den aus entgangenem Gewinn, Datenverlust oder Gesch\u00e4ftsunterbrechung), die sich aus der Nutzung, der Unm\u00f6glichkeit der Nutzung oder den Ergebnissen der Nutzung dieser Website, der mit dieser Website verlinkten Websites oder der auf einer oder allen diesen Websites enthaltenen Materialien oder Informationen ergeben, unabh\u00e4ngig davon, ob sie auf einer Garantie, einem Vertrag, einer unerlaubten Handlung oder einer anderen Rechtstheorie beruhen und ob auf die M\u00f6glichkeit solcher Sch\u00e4den hingewiesen wurde. Wenn die Nutzung der Materialien oder Informationen dieser Website dazu f\u00fchrt, dass eine Wartung, Reparatur oder Korrektur von Ger\u00e4ten oder Daten erforderlich ist, \u00fcbernehmen Sie alle damit verbundenen Kosten. Das anwendbare Recht erlaubt m\u00f6glicherweise nicht den Ausschluss oder die Beschr\u00e4nkung von Neben- oder Folgesch\u00e4den, so dass die oben genannte Beschr\u00e4nkung oder der Ausschluss m\u00f6glicherweise nicht auf Sie zutrifft.<\/p>\n<p><strong>Allgemeines<\/strong>. Antec Scientific kann diese Bedingungen jederzeit durch Aktualisierung dieser Bekanntmachung \u00fcberarbeiten. Sie sollten diese Seite von Zeit zu Zeit besuchen, um die jeweils aktuellen Bedingungen zu \u00fcberpr\u00fcfen, da diese f\u00fcr Sie verbindlich sind. Bestimmte Bestimmungen dieser Bedingungen k\u00f6nnen durch ausdr\u00fccklich gekennzeichnete rechtliche Hinweise oder Bedingungen auf bestimmten Seiten dieser Website ersetzt werden. Hinweis: Jeder, der auf die Website von Antec Scientific verlinkt, muss die Richtlinien f\u00fcr die Verlinkung mit der Website von Antec Scientific und alle geltenden Gesetze einhalten.<\/p>\n<p>&nbsp;<\/p>\n<p>&nbsp;<\/p>\n<p>[\/et_pb_text][\/et_pb_column][et_pb_column type=&#8220;1_3&#8243; _builder_version=&#8220;3.25&#8243; custom_padding=&#8220;|||&#8220; custom_padding__hover=&#8220;|||&#8220;][\/et_pb_column][\/et_pb_row][\/et_pb_section]<\/p>\n","protected":false},"excerpt":{"rendered":"<p>Nutzungsbedingungen f\u00fcr diese Website und Erkl\u00e4rung zum Datenschutz.<\/p>\n","protected":false},"author":3,"featured_media":0,"parent":0,"menu_order":0,"comment_status":"closed","ping_status":"closed","template":"","meta":{"_et_pb_use_builder":"on","_et_pb_old_content":"","_et_gb_content_width":"","footnotes":""},"class_list":["post-13119","page","type-page","status-publish","hentry"],"yoast_head":"<!-- This site is optimized with the Yoast SEO plugin v27.3 - https:\/\/yoast.com\/product\/yoast-seo-wordpress\/ -->\n<title>Bedingungen f\u00fcr die Nutzung - Antec Scientific<\/title>\n<meta name=\"description\" content=\"Nutzungsbedingungen f\u00fcr diese Website und Erkl\u00e4rung zum Datenschutz.\" \/>\n<meta name=\"robots\" content=\"index, follow, max-snippet:-1, max-image-preview:large, max-video-preview:-1\" \/>\n<link rel=\"canonical\" href=\"https:\/\/antecscientific.com\/de\/bedingungen-fuer-die-nutzung\/\" \/>\n<meta property=\"og:locale\" content=\"de_DE\" \/>\n<meta property=\"og:type\" content=\"article\" \/>\n<meta property=\"og:title\" content=\"Bedingungen f\u00fcr die Nutzung - Antec Scientific\" \/>\n<meta property=\"og:description\" content=\"Nutzungsbedingungen f\u00fcr diese Website und Erkl\u00e4rung zum Datenschutz.\" \/>\n<meta property=\"og:url\" content=\"https:\/\/antecscientific.com\/de\/bedingungen-fuer-die-nutzung\/\" \/>\n<meta property=\"og:site_name\" content=\"Antec Scientific\" \/>\n<meta property=\"article:modified_time\" content=\"2022-11-22T09:05:53+00:00\" \/>\n<meta name=\"twitter:card\" content=\"summary_large_image\" \/>\n<meta name=\"twitter:label1\" content=\"Gesch\u00e4tzte Lesezeit\" \/>\n\t<meta name=\"twitter:data1\" content=\"9\u00a0Minuten\" \/>\n<script type=\"application\/ld+json\" class=\"yoast-schema-graph\">{\"@context\":\"https:\\\/\\\/schema.org\",\"@graph\":[{\"@type\":\"WebPage\",\"@id\":\"https:\\\/\\\/antecscientific.com\\\/de\\\/bedingungen-fuer-die-nutzung\\\/\",\"url\":\"https:\\\/\\\/antecscientific.com\\\/de\\\/bedingungen-fuer-die-nutzung\\\/\",\"name\":\"Bedingungen f\u00fcr die Nutzung - Antec Scientific\",\"isPartOf\":{\"@id\":\"https:\\\/\\\/antecscientific.com\\\/de\\\/#website\"},\"datePublished\":\"2020-11-30T10:15:47+00:00\",\"dateModified\":\"2022-11-22T09:05:53+00:00\",\"description\":\"Nutzungsbedingungen f\u00fcr diese Website und Erkl\u00e4rung zum Datenschutz.\",\"inLanguage\":\"de\",\"potentialAction\":[{\"@type\":\"ReadAction\",\"target\":[\"https:\\\/\\\/antecscientific.com\\\/de\\\/bedingungen-fuer-die-nutzung\\\/\"]}]},{\"@type\":\"WebSite\",\"@id\":\"https:\\\/\\\/antecscientific.com\\\/de\\\/#website\",\"url\":\"https:\\\/\\\/antecscientific.com\\\/de\\\/\",\"name\":\"Antec Scientific\",\"description\":\"Supporting research to improve quality of life\",\"potentialAction\":[{\"@type\":\"SearchAction\",\"target\":{\"@type\":\"EntryPoint\",\"urlTemplate\":\"https:\\\/\\\/antecscientific.com\\\/de\\\/?s={search_term_string}\"},\"query-input\":{\"@type\":\"PropertyValueSpecification\",\"valueRequired\":true,\"valueName\":\"search_term_string\"}}],\"inLanguage\":\"de\"}]}<\/script>\n<!-- \/ Yoast SEO plugin. -->","yoast_head_json":{"title":"Bedingungen f\u00fcr die Nutzung - Antec Scientific","description":"Nutzungsbedingungen f\u00fcr diese Website und Erkl\u00e4rung zum Datenschutz.","robots":{"index":"index","follow":"follow","max-snippet":"max-snippet:-1","max-image-preview":"max-image-preview:large","max-video-preview":"max-video-preview:-1"},"canonical":"https:\/\/antecscientific.com\/de\/bedingungen-fuer-die-nutzung\/","og_locale":"de_DE","og_type":"article","og_title":"Bedingungen f\u00fcr die Nutzung - Antec Scientific","og_description":"Nutzungsbedingungen f\u00fcr diese Website und Erkl\u00e4rung zum Datenschutz.","og_url":"https:\/\/antecscientific.com\/de\/bedingungen-fuer-die-nutzung\/","og_site_name":"Antec Scientific","article_modified_time":"2022-11-22T09:05:53+00:00","twitter_card":"summary_large_image","twitter_misc":{"Gesch\u00e4tzte Lesezeit":"9\u00a0Minuten"},"schema":{"@context":"https:\/\/schema.org","@graph":[{"@type":"WebPage","@id":"https:\/\/antecscientific.com\/de\/bedingungen-fuer-die-nutzung\/","url":"https:\/\/antecscientific.com\/de\/bedingungen-fuer-die-nutzung\/","name":"Bedingungen f\u00fcr die Nutzung - Antec Scientific","isPartOf":{"@id":"https:\/\/antecscientific.com\/de\/#website"},"datePublished":"2020-11-30T10:15:47+00:00","dateModified":"2022-11-22T09:05:53+00:00","description":"Nutzungsbedingungen f\u00fcr diese Website und Erkl\u00e4rung zum Datenschutz.","inLanguage":"de","potentialAction":[{"@type":"ReadAction","target":["https:\/\/antecscientific.com\/de\/bedingungen-fuer-die-nutzung\/"]}]},{"@type":"WebSite","@id":"https:\/\/antecscientific.com\/de\/#website","url":"https:\/\/antecscientific.com\/de\/","name":"Antec Scientific","description":"Supporting research to improve quality of life","potentialAction":[{"@type":"SearchAction","target":{"@type":"EntryPoint","urlTemplate":"https:\/\/antecscientific.com\/de\/?s={search_term_string}"},"query-input":{"@type":"PropertyValueSpecification","valueRequired":true,"valueName":"search_term_string"}}],"inLanguage":"de"}]}},"_links":{"self":[{"href":"https:\/\/antecscientific.com\/de\/wp-json\/wp\/v2\/pages\/13119","targetHints":{"allow":["GET"]}}],"collection":[{"href":"https:\/\/antecscientific.com\/de\/wp-json\/wp\/v2\/pages"}],"about":[{"href":"https:\/\/antecscientific.com\/de\/wp-json\/wp\/v2\/types\/page"}],"author":[{"embeddable":true,"href":"https:\/\/antecscientific.com\/de\/wp-json\/wp\/v2\/users\/3"}],"replies":[{"embeddable":true,"href":"https:\/\/antecscientific.com\/de\/wp-json\/wp\/v2\/comments?post=13119"}],"version-history":[{"count":1,"href":"https:\/\/antecscientific.com\/de\/wp-json\/wp\/v2\/pages\/13119\/revisions"}],"predecessor-version":[{"id":13127,"href":"https:\/\/antecscientific.com\/de\/wp-json\/wp\/v2\/pages\/13119\/revisions\/13127"}],"wp:attachment":[{"href":"https:\/\/antecscientific.com\/de\/wp-json\/wp\/v2\/media?parent=13119"}],"curies":[{"name":"wp","href":"https:\/\/api.w.org\/{rel}","templated":true}]}}