{"id":13045,"date":"2020-09-05T10:46:45","date_gmt":"2020-09-05T08:46:45","guid":{"rendered":"https:\/\/antecscientific.com\/ueber\/antec-wissenschaftlich\/neuerungen\/"},"modified":"2024-11-12T16:04:30","modified_gmt":"2024-11-12T15:04:30","slug":"neuerungen","status":"publish","type":"page","link":"https:\/\/antecscientific.com\/de\/ueber\/antec-scientific\/neuerungen\/","title":{"rendered":"Innovationen"},"content":{"rendered":"<p>[et_pb_section fb_built=&#8220;1&#8243; admin_label=&#8220;Header&#8220; _builder_version=&#8220;4.16&#8243; background_image=&#8220;https:\/\/antecscientific.com\/wp-content\/uploads\/2020\/11\/history-1.jpg&#8220; parallax=&#8220;on&#8220; custom_padding=&#8220;2vw|0px|200px|0px|false|false&#8220; collapsed=&#8220;on&#8220; global_colors_info=&#8220;{}&#8220;][et_pb_row _builder_version=&#8220;4.16&#8243; global_colors_info=&#8220;{}&#8220;][et_pb_column type=&#8220;4_4&#8243; _builder_version=&#8220;4.16&#8243; custom_padding=&#8220;|||&#8220; global_colors_info=&#8220;{}&#8220; custom_padding__hover=&#8220;|||&#8220;][et_pb_text admin_label=&#8220;Breadcrumbs (don&#8217;t touch)&#8220; _builder_version=&#8220;4.16&#8243; text_font=&#8220;|700|||||||&#8220; text_text_color=&#8220;#ffffff&#8220; text_font_size=&#8220;15px&#8220; link_font=&#8220;|700|||||||&#8220; link_text_color=&#8220;#ffffff&#8220; link_font_size=&#8220;15px&#8220; global_colors_info=&#8220;{}&#8220;][\/et_pb_text][et_pb_text admin_label=&#8220;Big page title (don&#8217;t touch)&#8220; _builder_version=&#8220;4.16&#8243; _dynamic_attributes=&#8220;content&#8220; text_font=&#8220;||||||||&#8220; header_font=&#8220;|700|||||||&#8220; header_text_color=&#8220;#ffffff&#8220; header_font_size=&#8220;80px&#8220; header_line_height=&#8220;1.2em&#8220; header_5_font=&#8220;Raleway|700||on|||||&#8220; header_5_text_color=&#8220;#000000&#8243; header_5_font_size=&#8220;20px&#8220; header_5_letter_spacing=&#8220;0.5em&#8220; header_5_line_height=&#8220;1.8em&#8220; animation_style=&#8220;zoom&#8220; animation_intensity_zoom=&#8220;5%&#8220; header_font_size_tablet=&#8220;48px&#8220; header_font_size_phone=&#8220;32px&#8220; header_font_size_last_edited=&#8220;on|phone&#8220; header_5_font_size_tablet=&#8220;14px&#8220; header_5_font_size_phone=&#8220;12px&#8220; header_5_font_size_last_edited=&#8220;on|desktop&#8220; global_colors_info=&#8220;{}&#8220;]@ET-DC@eyJkeW5hbWljIjp0cnVlLCJjb250ZW50IjoicG9zdF90aXRsZSIsInNldHRpbmdzIjp7ImJlZm9yZSI6IjxoMT4iLCJhZnRlciI6IjwvaDE+IiwiZW5hYmxlX2h0bWwiOiJvZmYifX0=@[\/et_pb_text][\/et_pb_column][\/et_pb_row][\/et_pb_section][et_pb_section fb_built=&#8220;1&#8243; admin_label=&#8220;Content&#8220; _builder_version=&#8220;4.16&#8243; background_color=&#8220;#ffffff&#8220; max_width=&#8220;90%&#8220; max_width_tablet=&#8220;&#8220; max_width_phone=&#8220;100%&#8220; max_width_last_edited=&#8220;on|phone&#8220; custom_margin=&#8220;-160px||0px||false|false&#8220; custom_padding=&#8220;||0px||false|false&#8220; border_color_all=&#8220;#ffffff&#8220; border_width_left=&#8220;10vw&#8220; global_colors_info=&#8220;{}&#8220;][et_pb_row column_structure=&#8220;2_3,1_3&#8243; custom_padding_last_edited=&#8220;on|phone&#8220; _builder_version=&#8220;4.16&#8243; width=&#8220;auto&#8220; max_width=&#8220;none&#8220; custom_padding=&#8220;27px|0|27px|0px|false|false&#8220; custom_padding_tablet=&#8220;|0px||0px||true&#8220; custom_padding_phone=&#8220;|10%||0px|false|false&#8220; global_colors_info=&#8220;{}&#8220;][et_pb_column type=&#8220;2_3&#8243; _builder_version=&#8220;4.16&#8243; custom_padding=&#8220;|||&#8220; global_colors_info=&#8220;{}&#8220; custom_padding__hover=&#8220;|||&#8220;][et_pb_text admin_label=&#8220;Subtitle&#8220; _builder_version=&#8220;4.27.3&#8243; text_font=&#8220;||||||||&#8220; text_line_height=&#8220;2em&#8220; header_font=&#8220;||||||||&#8220; header_2_font=&#8220;|600||on|||||&#8220; header_2_text_color=&#8220;#df0834&#8243; header_2_font_size=&#8220;20px&#8220; header_2_line_height=&#8220;1.4em&#8220; header_6_font=&#8220;|700||on|||||&#8220; header_6_font_size=&#8220;16px&#8220; header_6_letter_spacing=&#8220;5px&#8220; header_6_line_height=&#8220;1.8em&#8220; max_width=&#8220;700px&#8220; module_alignment=&#8220;center&#8220; custom_margin=&#8220;||0px||false|false&#8220; custom_padding=&#8220;||0px||false|false&#8220; hover_enabled=&#8220;0&#8243; header_2_font_size_tablet=&#8220;25px&#8220; header_2_font_size_phone=&#8220;25px&#8220; header_2_font_size_last_edited=&#8220;on|phone&#8220; global_colors_info=&#8220;{}&#8220; sticky_enabled=&#8220;0&#8243;]<\/p>\n<h2>\u00dcber 35 Jahre Innovation<\/h2>\n<p>[\/et_pb_text][et_pb_text admin_label=&#8220;Paragraph&#8220; _builder_version=&#8220;4.27.3&#8243; text_font=&#8220;||||||||&#8220; text_font_size=&#8220;18px&#8220; text_line_height=&#8220;2em&#8220; header_font=&#8220;||||||||&#8220; header_2_font=&#8220;Raleway|700|||||||&#8220; header_2_font_size=&#8220;50px&#8220; header_2_line_height=&#8220;1.4em&#8220; header_6_font=&#8220;Raleway|700||on|||||&#8220; header_6_font_size=&#8220;16px&#8220; header_6_letter_spacing=&#8220;5px&#8220; header_6_line_height=&#8220;1.8em&#8220; text_orientation=&#8220;justified&#8220; max_width=&#8220;700px&#8220; module_alignment=&#8220;center&#8220; custom_margin=&#8220;0px||||false|false&#8220; custom_padding=&#8220;0px||||false|false&#8220; hover_enabled=&#8220;0&#8243; header_2_font_size_tablet=&#8220;35px&#8220; header_2_font_size_phone=&#8220;25px&#8220; header_2_font_size_last_edited=&#8220;on|phone&#8220; text_orientation_tablet=&#8220;&#8220; text_orientation_phone=&#8220;left&#8220; text_orientation_last_edited=&#8220;on|desktop&#8220; global_colors_info=&#8220;{}&#8220; sticky_enabled=&#8220;0&#8243;]<\/p>\n<p>Antec Scientific ist ein Spin-off der Universit\u00e4t Leiden (Niederlande), wo Mitte der 80er Jahre zwei Wissenschaftler eine neue elektrochemische Durchflusszelle mit einem Wall-Jet-Konzept entwickelten. Diese Wall-Jet-Durchflusszelle zeigte eine h\u00f6here Robustheit, Reproduzierbarkeit und Empfindlichkeit als jede andere auf dem Markt und war die Grundlage f\u00fcr die Gr\u00fcndung von Antec Scientific zusammen mit der Firma Spark Holland. Heute ist diese Wall-Jet-Durchflusszelle in ihrer zweiten Generation immer noch die empfindlichste elektrochemische Zelle und wird unter dem Markennamen <a href=\"https:\/\/antecscientific.com\/products\/instruments\/flow-cells\/sencell\/\">SenCell<\/a> verkauft <a href=\"https:\/\/antecscientific.com\/products\/instruments\/flow-cells\/sencell\/\">.<\/a><\/p>\n<p>Um die beste Nachweisempfindlichkeit zu erreichen, musste ein elektrochemischer Detektor (ECD) mit einem genau kontrollierten Temperaturkompartiment entwickelt werden, das sowohl die Zelle als auch die HPLC-S\u00e4ule aufnehmen kann. Mitte der 90er Jahre f\u00fchrte Antec Scientific seine ersten elektrochemischen Detektoren ein. Im Jahr 2016 wurde die vierte Generation von ECD-Detektoren unter dem Namen <a href=\"https:\/\/antecscientific.com\/de\/produkte\/instrumente\/decade-elite\/\">DECADE Elite<\/a> auf den Markt gebracht.<\/p>\n<p>Im Jahr 2005 wurde Antec zu einem Anbieter von garantierten und speziellen HPLC\/ECD-Anwendungen. Mit der Einf\u00fchrung der <a href=\"https:\/\/antecscientific.com\/de\/produkte\/instrumente\/alexys-analysatoren\/\">ALEXYS-Analysatoren<\/a> hat Antec alle Teile des HPLC-Systems wie Pumpe(n), Autosampler und Fluidik optimiert, um die bestm\u00f6gliche Leistung und Benutzerfreundlichkeit zu erzielen. Heute sind schl\u00fcsselfertige ALEXYS-Analysatoren f\u00fcr eine breite Palette von Anwendungen erh\u00e4ltlich.<\/p>\n<p>Ein weiterer Meilenstein wurde 2009 erreicht, als Antec Scientific das <a href=\"https:\/\/antecscientific.com\/de\/produkte\/instrumente\/roxy-exceed-fuer-ec-ms\/\">ROXY EC-System<\/a> der MS-Gemeinschaft vorstellte. Damit ist die Online-Kopplung von EC\/MS Realit\u00e4t geworden. Die Verwendung von elektrochemischen Reaktoren im Vorfeld der MS erm\u00f6glicht die Untersuchung und Nachahmung der meisten nat\u00fcrlichen REDOX-Reaktionen in Echtzeit ohne biologische St\u00f6rungen. Mehr als 100 von Experten begutachtete Ver\u00f6ffentlichungen sind der Beweis f\u00fcr diese schnell wachsende und spannende Technologie.<\/p>\n<p>In j\u00fcngster Zeit hat sich gezeigt, dass die elektrochemische Synthese in Bulkl\u00f6sung oder in der Flie\u00dfchemie ein gro\u00dfes Potenzial f\u00fcr die schnelle Synthese von Arzneimittelvarianten, Metaboliten, Abbauprodukten usw. bietet. Unsere <a href=\"https:\/\/antecscientific.com\/products\/instruments\/reactor-cells\/\">Reaktorzellen<\/a> sind die idealen Werkzeuge f\u00fcr diese Anwendungen.<\/p>\n<p>[\/et_pb_text][\/et_pb_column][et_pb_column type=&#8220;1_3&#8243; _builder_version=&#8220;4.16&#8243; custom_padding=&#8220;5%|5%|||false|false&#8220; global_colors_info=&#8220;{}&#8220; custom_padding__hover=&#8220;|||&#8220;][et_pb_image src=&#8220;https:\/\/antecscientific.com\/wp-content\/uploads\/2020\/09\/sencell_exploded.jpg&#8220; title_text=&#8220;sencell_exploded&#8220; _builder_version=&#8220;4.16&#8243; _module_preset=&#8220;default&#8220; global_colors_info=&#8220;{}&#8220;][\/et_pb_image][\/et_pb_column][\/et_pb_row][\/et_pb_section][et_pb_section fb_built=&#8220;1&#8243; admin_label=&#8220;Download Table&#8220; _builder_version=&#8220;4.27.2&#8243; background_enable_color=&#8220;off&#8220; use_background_color_gradient=&#8220;on&#8220; background_color_gradient_stops=&#8220;#f6f9fb 50%|#ffffff 100%&#8220; background_color_gradient_start=&#8220;#f6f9fb&#8220; background_color_gradient_start_position=&#8220;50%&#8220; background_color_gradient_end=&#8220;#ffffff&#8220; max_width=&#8220;100%&#8220; max_width_tablet=&#8220;&#8220; max_width_phone=&#8220;100%&#8220; max_width_last_edited=&#8220;on|desktop&#8220; module_alignment=&#8220;center&#8220; custom_margin=&#8220;0px||0px||false|false&#8220; custom_padding=&#8220;40px||40px||false|false&#8220; global_colors_info=&#8220;{}&#8220;][et_pb_row _builder_version=&#8220;4.27.2&#8243; background_color=&#8220;rgba(0,0,0,0)&#8220; width_tablet=&#8220;&#8220; width_phone=&#8220;&#8220; width_last_edited=&#8220;on|phone&#8220; max_width=&#8220;80%&#8220; max_width_tablet=&#8220;&#8220; max_width_phone=&#8220;&#8220; max_width_last_edited=&#8220;on|phone&#8220; module_alignment=&#8220;center&#8220; custom_padding=&#8220;||||false|false&#8220; global_colors_info=&#8220;{}&#8220;][et_pb_column type=&#8220;4_4&#8243; _builder_version=&#8220;4.16&#8243; global_colors_info=&#8220;{}&#8220;][et_pb_text admin_label=&#8220;Shortcode of Table&#8220; _builder_version=&#8220;4.27.2&#8243; background_color=&#8220;#ffffff&#8220; max_width=&#8220;1200px&#8220; custom_padding=&#8220;20px|30px|30px|30px|false|false&#8220; custom_padding_tablet=&#8220;&#8220; custom_padding_phone=&#8220;|0px||0px|false|false&#8220; custom_padding_last_edited=&#8220;on|phone&#8220; module_alignment_tablet=&#8220;&#8220; module_alignment_phone=&#8220;&#8220; module_alignment_last_edited=&#8220;on|desktop&#8220; box_shadow_style=&#8220;preset1&#8243; box_shadow_blur=&#8220;40px&#8220; box_shadow_color=&#8220;rgba(0,33,91,0.17)&#8220; global_colors_info=&#8220;{}&#8220;]<\/p>\n<h3>Dokument<\/h3>\n<p>&nbsp;<\/p>\n        <div class=\"antec-downloads view--list\">\n        <div class=\"list-item name thead\">Name<\/div>\n        <div class=\"list-item rev thead\">Doc#<\/div>\n        <div class=\"list-item size thead\">Size<\/div>\n        <div class=\"list-item download thead\">Download<\/div>\n\n                    <div class=\"list-item name\" data-label=\"Name\">Corporate Capabilities2025_06<\/div>\n            <div class=\"list-item rev\" data-label=\"Rev\">&nbsp;<\/div>\n            <div class=\"list-item size\" data-label=\"Size\">0.63 MB<\/div>\n            <div class=\"list-item download\" data-label=\"Download\">\n                <a href=\"https:\/\/antecscientific.com\/wp-content\/mu-plugins\/antec-downloads\/files\/webdocs\/docs\/Corporate Capabilities2025_06.pdf\" class=\"download-link\" download>Download<i class=\"zmdi zmdi-cloud-download wpfd-download\"><\/i><\/a>\n            <\/div>\n            <\/div>\n\n<p>[\/et_pb_text][\/et_pb_column][\/et_pb_row][\/et_pb_section][et_pb_section fb_built=&#8220;1&#8243; disabled_on=&#8220;on|on|on&#8220; admin_label=&#8220;Download Table&#8220; _builder_version=&#8220;4.27.2&#8243; background_enable_color=&#8220;off&#8220; use_background_color_gradient=&#8220;on&#8220; background_color_gradient_stops=&#8220;#f6f9fb 50%|#ffffff 100%&#8220; background_color_gradient_start=&#8220;#f6f9fb&#8220; background_color_gradient_start_position=&#8220;50%&#8220; background_color_gradient_end=&#8220;#ffffff&#8220; max_width_tablet=&#8220;&#8220; max_width_phone=&#8220;100%&#8220; max_width_last_edited=&#8220;on|desktop&#8220; module_alignment=&#8220;center&#8220; custom_margin=&#8220;0px||0px||false|false&#8220; custom_padding=&#8220;40px||40px||false|false&#8220; disabled=&#8220;on&#8220; locked=&#8220;off&#8220; global_colors_info=&#8220;{}&#8220;][et_pb_row _builder_version=&#8220;4.16&#8243; background_color=&#8220;rgba(0,0,0,0)&#8220; width_tablet=&#8220;&#8220; width_phone=&#8220;&#8220; width_last_edited=&#8220;on|phone&#8220; max_width=&#8220;80%&#8220; max_width_tablet=&#8220;&#8220; max_width_phone=&#8220;&#8220; max_width_last_edited=&#8220;on|phone&#8220; module_alignment=&#8220;center&#8220; global_colors_info=&#8220;{}&#8220;][et_pb_column type=&#8220;4_4&#8243; _builder_version=&#8220;4.16&#8243; global_colors_info=&#8220;{}&#8220;][et_pb_text admin_label=&#8220;Shortcode of Table&#8220; _builder_version=&#8220;4.16&#8243; background_color=&#8220;#ffffff&#8220; custom_padding=&#8220;20px|30px|30px|30px|false|false&#8220; custom_padding_tablet=&#8220;&#8220; custom_padding_phone=&#8220;|0px||0px|false|false&#8220; custom_padding_last_edited=&#8220;on|phone&#8220; box_shadow_style=&#8220;preset1&#8243; box_shadow_blur=&#8220;40px&#8220; box_shadow_color=&#8220;rgba(0,33,91,0.17)&#8220; global_colors_info=&#8220;{}&#8220;]<\/p>\n<p>[wpfd_category id=&#8220;115&#8243;]<\/p>\n<p>[\/et_pb_text][\/et_pb_column][\/et_pb_row][\/et_pb_section]<\/p>\n","protected":false},"excerpt":{"rendered":"<p>Historischer \u00dcberblick \u00fcber die Innovationen von Antec bei elektrochemischen Detektoren und Durchflusszellen.<\/p>\n","protected":false},"author":3,"featured_media":0,"parent":12926,"menu_order":0,"comment_status":"closed","ping_status":"closed","template":"","meta":{"_et_pb_use_builder":"on","_et_pb_old_content":"","_et_gb_content_width":"","footnotes":""},"class_list":["post-13045","page","type-page","status-publish","hentry"],"yoast_head":"<!-- This site is optimized with the Yoast SEO plugin v27.4 - https:\/\/yoast.com\/product\/yoast-seo-wordpress\/ -->\n<title>Innovationen - Antec Scientific<\/title>\n<meta name=\"description\" content=\"Historischer \u00dcberblick \u00fcber die Innovationen von Antec bei elektrochemischen Detektoren und Durchflusszellen.\" \/>\n<meta name=\"robots\" content=\"index, follow, max-snippet:-1, max-image-preview:large, max-video-preview:-1\" \/>\n<link rel=\"canonical\" href=\"https:\/\/antecscientific.com\/de\/ueber\/antec-scientific\/neuerungen\/\" \/>\n<meta property=\"og:locale\" content=\"de_DE\" \/>\n<meta property=\"og:type\" content=\"article\" \/>\n<meta property=\"og:title\" content=\"Innovationen - Antec Scientific\" \/>\n<meta property=\"og:description\" content=\"Historischer \u00dcberblick \u00fcber die Innovationen von Antec bei elektrochemischen Detektoren und Durchflusszellen.\" \/>\n<meta property=\"og:url\" content=\"https:\/\/antecscientific.com\/de\/ueber\/antec-scientific\/neuerungen\/\" \/>\n<meta property=\"og:site_name\" content=\"Antec Scientific\" \/>\n<meta property=\"article:modified_time\" content=\"2024-11-12T15:04:30+00:00\" \/>\n<meta name=\"twitter:card\" content=\"summary_large_image\" \/>\n<meta name=\"twitter:label1\" content=\"Gesch\u00e4tzte Lesezeit\" \/>\n\t<meta name=\"twitter:data1\" content=\"6\u00a0Minuten\" \/>\n<script type=\"application\/ld+json\" class=\"yoast-schema-graph\">{\"@context\":\"https:\\\/\\\/schema.org\",\"@graph\":[{\"@type\":\"WebPage\",\"@id\":\"https:\\\/\\\/antecscientific.com\\\/de\\\/ueber\\\/antec-scientific\\\/neuerungen\\\/\",\"url\":\"https:\\\/\\\/antecscientific.com\\\/de\\\/ueber\\\/antec-scientific\\\/neuerungen\\\/\",\"name\":\"Innovationen - Antec Scientific\",\"isPartOf\":{\"@id\":\"https:\\\/\\\/antecscientific.com\\\/de\\\/#website\"},\"datePublished\":\"2020-09-05T08:46:45+00:00\",\"dateModified\":\"2024-11-12T15:04:30+00:00\",\"description\":\"Historischer \u00dcberblick \u00fcber die Innovationen von Antec bei elektrochemischen Detektoren und Durchflusszellen.\",\"breadcrumb\":{\"@id\":\"https:\\\/\\\/antecscientific.com\\\/de\\\/ueber\\\/antec-scientific\\\/neuerungen\\\/#breadcrumb\"},\"inLanguage\":\"de\",\"potentialAction\":[{\"@type\":\"ReadAction\",\"target\":[\"https:\\\/\\\/antecscientific.com\\\/de\\\/ueber\\\/antec-scientific\\\/neuerungen\\\/\"]}]},{\"@type\":\"BreadcrumbList\",\"@id\":\"https:\\\/\\\/antecscientific.com\\\/de\\\/ueber\\\/antec-scientific\\\/neuerungen\\\/#breadcrumb\",\"itemListElement\":[{\"@type\":\"ListItem\",\"position\":1,\"name\":\"\u00dcber\",\"item\":\"https:\\\/\\\/antecscientific.com\\\/de\\\/ueber\\\/\"},{\"@type\":\"ListItem\",\"position\":2,\"name\":\"Antec Scientific\",\"item\":\"https:\\\/\\\/antecscientific.com\\\/de\\\/ueber\\\/antec-scientific\\\/\"},{\"@type\":\"ListItem\",\"position\":3,\"name\":\"Innovationen\"}]},{\"@type\":\"WebSite\",\"@id\":\"https:\\\/\\\/antecscientific.com\\\/de\\\/#website\",\"url\":\"https:\\\/\\\/antecscientific.com\\\/de\\\/\",\"name\":\"Antec Scientific\",\"description\":\"Supporting research to improve quality of life\",\"potentialAction\":[{\"@type\":\"SearchAction\",\"target\":{\"@type\":\"EntryPoint\",\"urlTemplate\":\"https:\\\/\\\/antecscientific.com\\\/de\\\/?s={search_term_string}\"},\"query-input\":{\"@type\":\"PropertyValueSpecification\",\"valueRequired\":true,\"valueName\":\"search_term_string\"}}],\"inLanguage\":\"de\"}]}<\/script>\n<!-- \/ Yoast SEO plugin. -->","yoast_head_json":{"title":"Innovationen - Antec Scientific","description":"Historischer \u00dcberblick \u00fcber die Innovationen von Antec bei elektrochemischen Detektoren und Durchflusszellen.","robots":{"index":"index","follow":"follow","max-snippet":"max-snippet:-1","max-image-preview":"max-image-preview:large","max-video-preview":"max-video-preview:-1"},"canonical":"https:\/\/antecscientific.com\/de\/ueber\/antec-scientific\/neuerungen\/","og_locale":"de_DE","og_type":"article","og_title":"Innovationen - Antec Scientific","og_description":"Historischer \u00dcberblick \u00fcber die Innovationen von Antec bei elektrochemischen Detektoren und Durchflusszellen.","og_url":"https:\/\/antecscientific.com\/de\/ueber\/antec-scientific\/neuerungen\/","og_site_name":"Antec Scientific","article_modified_time":"2024-11-12T15:04:30+00:00","twitter_card":"summary_large_image","twitter_misc":{"Gesch\u00e4tzte Lesezeit":"6\u00a0Minuten"},"schema":{"@context":"https:\/\/schema.org","@graph":[{"@type":"WebPage","@id":"https:\/\/antecscientific.com\/de\/ueber\/antec-scientific\/neuerungen\/","url":"https:\/\/antecscientific.com\/de\/ueber\/antec-scientific\/neuerungen\/","name":"Innovationen - Antec Scientific","isPartOf":{"@id":"https:\/\/antecscientific.com\/de\/#website"},"datePublished":"2020-09-05T08:46:45+00:00","dateModified":"2024-11-12T15:04:30+00:00","description":"Historischer \u00dcberblick \u00fcber die Innovationen von Antec bei elektrochemischen Detektoren und Durchflusszellen.","breadcrumb":{"@id":"https:\/\/antecscientific.com\/de\/ueber\/antec-scientific\/neuerungen\/#breadcrumb"},"inLanguage":"de","potentialAction":[{"@type":"ReadAction","target":["https:\/\/antecscientific.com\/de\/ueber\/antec-scientific\/neuerungen\/"]}]},{"@type":"BreadcrumbList","@id":"https:\/\/antecscientific.com\/de\/ueber\/antec-scientific\/neuerungen\/#breadcrumb","itemListElement":[{"@type":"ListItem","position":1,"name":"\u00dcber","item":"https:\/\/antecscientific.com\/de\/ueber\/"},{"@type":"ListItem","position":2,"name":"Antec Scientific","item":"https:\/\/antecscientific.com\/de\/ueber\/antec-scientific\/"},{"@type":"ListItem","position":3,"name":"Innovationen"}]},{"@type":"WebSite","@id":"https:\/\/antecscientific.com\/de\/#website","url":"https:\/\/antecscientific.com\/de\/","name":"Antec Scientific","description":"Supporting research to improve quality of life","potentialAction":[{"@type":"SearchAction","target":{"@type":"EntryPoint","urlTemplate":"https:\/\/antecscientific.com\/de\/?s={search_term_string}"},"query-input":{"@type":"PropertyValueSpecification","valueRequired":true,"valueName":"search_term_string"}}],"inLanguage":"de"}]}},"_links":{"self":[{"href":"https:\/\/antecscientific.com\/de\/wp-json\/wp\/v2\/pages\/13045","targetHints":{"allow":["GET"]}}],"collection":[{"href":"https:\/\/antecscientific.com\/de\/wp-json\/wp\/v2\/pages"}],"about":[{"href":"https:\/\/antecscientific.com\/de\/wp-json\/wp\/v2\/types\/page"}],"author":[{"embeddable":true,"href":"https:\/\/antecscientific.com\/de\/wp-json\/wp\/v2\/users\/3"}],"replies":[{"embeddable":true,"href":"https:\/\/antecscientific.com\/de\/wp-json\/wp\/v2\/comments?post=13045"}],"version-history":[{"count":16,"href":"https:\/\/antecscientific.com\/de\/wp-json\/wp\/v2\/pages\/13045\/revisions"}],"predecessor-version":[{"id":29005,"href":"https:\/\/antecscientific.com\/de\/wp-json\/wp\/v2\/pages\/13045\/revisions\/29005"}],"up":[{"embeddable":true,"href":"https:\/\/antecscientific.com\/de\/wp-json\/wp\/v2\/pages\/12926"}],"wp:attachment":[{"href":"https:\/\/antecscientific.com\/de\/wp-json\/wp\/v2\/media?parent=13045"}],"curies":[{"name":"wp","href":"https:\/\/api.w.org\/{rel}","templated":true}]}}