{"id":12926,"date":"2021-11-01T09:52:57","date_gmt":"2021-11-01T08:52:57","guid":{"rendered":"https:\/\/antecscientific.com\/ueber\/antec-wissenschaftlich\/"},"modified":"2025-10-24T17:24:46","modified_gmt":"2025-10-24T15:24:46","slug":"antec-scientific","status":"publish","type":"page","link":"https:\/\/antecscientific.com\/de\/ueber\/antec-scientific\/","title":{"rendered":"Antec Scientific"},"content":{"rendered":"<p>[et_pb_section fb_built=&#8220;1&#8243; admin_label=&#8220;Header&#8220; _builder_version=&#8220;4.16&#8243; background_image=&#8220;https:\/\/antecscientific.com\/wp-content\/uploads\/2020\/11\/usa.jpg&#8220; parallax=&#8220;on&#8220; custom_padding=&#8220;2vw|0px|200px|0px|false|false&#8220; collapsed=&#8220;on&#8220; global_colors_info=&#8220;{}&#8220;][et_pb_row _builder_version=&#8220;4.16&#8243; global_colors_info=&#8220;{}&#8220;][et_pb_column type=&#8220;4_4&#8243; _builder_version=&#8220;4.16&#8243; custom_padding=&#8220;|||&#8220; global_colors_info=&#8220;{}&#8220; custom_padding__hover=&#8220;|||&#8220;][et_pb_text admin_label=&#8220;Breadcrumbs (don&#8217;t touch)&#8220; _builder_version=&#8220;4.16&#8243; text_font=&#8220;|700|||||||&#8220; text_text_color=&#8220;#ffffff&#8220; text_font_size=&#8220;15px&#8220; link_font=&#8220;|700|||||||&#8220; link_text_color=&#8220;#ffffff&#8220; link_font_size=&#8220;15px&#8220; global_colors_info=&#8220;{}&#8220;][\/et_pb_text][et_pb_text admin_label=&#8220;Big page title (don&#8217;t touch)&#8220; _builder_version=&#8220;4.16&#8243; _dynamic_attributes=&#8220;content&#8220; text_font=&#8220;||||||||&#8220; header_font=&#8220;|700|||||||&#8220; header_text_color=&#8220;#ffffff&#8220; header_font_size=&#8220;80px&#8220; header_line_height=&#8220;1.2em&#8220; header_5_font=&#8220;Raleway|700||on|||||&#8220; header_5_text_color=&#8220;#000000&#8243; header_5_font_size=&#8220;20px&#8220; header_5_letter_spacing=&#8220;0.5em&#8220; header_5_line_height=&#8220;1.8em&#8220; animation_style=&#8220;zoom&#8220; animation_intensity_zoom=&#8220;5%&#8220; header_font_size_tablet=&#8220;48px&#8220; header_font_size_phone=&#8220;32px&#8220; header_font_size_last_edited=&#8220;on|phone&#8220; header_5_font_size_tablet=&#8220;14px&#8220; header_5_font_size_phone=&#8220;12px&#8220; header_5_font_size_last_edited=&#8220;on|desktop&#8220; global_colors_info=&#8220;{}&#8220;]@ET-DC@eyJkeW5hbWljIjp0cnVlLCJjb250ZW50IjoicG9zdF90aXRsZSIsInNldHRpbmdzIjp7ImJlZm9yZSI6IjxoMT4iLCJhZnRlciI6IjxcL2gxPiJ9fQ==@[\/et_pb_text][\/et_pb_column][\/et_pb_row][\/et_pb_section][et_pb_section fb_built=&#8220;1&#8243; admin_label=&#8220;Content&#8220; _builder_version=&#8220;4.16&#8243; background_color=&#8220;#ffffff&#8220; max_width=&#8220;90%&#8220; max_width_tablet=&#8220;&#8220; max_width_phone=&#8220;100%&#8220; max_width_last_edited=&#8220;on|phone&#8220; custom_margin=&#8220;-160px||0px||false|false&#8220; custom_padding=&#8220;||0px||false|false&#8220; border_color_all=&#8220;#ffffff&#8220; border_width_left=&#8220;10vw&#8220; global_colors_info=&#8220;{}&#8220;][et_pb_row column_structure=&#8220;2_3,1_3&#8243; custom_padding_last_edited=&#8220;on|phone&#8220; _builder_version=&#8220;4.16&#8243; width=&#8220;auto&#8220; max_width=&#8220;none&#8220; custom_padding=&#8220;27px|0|27px|0px|false|false&#8220; custom_padding_tablet=&#8220;|0px||0px||true&#8220; custom_padding_phone=&#8220;|10%||0px|false|false&#8220; global_colors_info=&#8220;{}&#8220;][et_pb_column type=&#8220;2_3&#8243; _builder_version=&#8220;4.16&#8243; custom_padding=&#8220;|||&#8220; global_colors_info=&#8220;{}&#8220; custom_padding__hover=&#8220;|||&#8220;][et_pb_text admin_label=&#8220;Subtitle&#8220; _builder_version=&#8220;4.19.4&#8243; text_font=&#8220;||||||||&#8220; text_line_height=&#8220;2em&#8220; header_font=&#8220;||||||||&#8220; header_2_font=&#8220;|600||on|||||&#8220; header_2_text_color=&#8220;#df0834&#8243; header_2_font_size=&#8220;20px&#8220; header_2_line_height=&#8220;1.4em&#8220; header_6_font=&#8220;|700||on|||||&#8220; header_6_font_size=&#8220;16px&#8220; header_6_letter_spacing=&#8220;5px&#8220; header_6_line_height=&#8220;1.8em&#8220; max_width=&#8220;700px&#8220; module_alignment=&#8220;center&#8220; custom_margin=&#8220;||0px||false|false&#8220; custom_padding=&#8220;||0px||false|false&#8220; header_2_font_size_tablet=&#8220;25px&#8220; header_2_font_size_phone=&#8220;25px&#8220; header_2_font_size_last_edited=&#8220;on|phone&#8220; global_colors_info=&#8220;{}&#8220;]<\/p>\n<h2>\u00dcber Antec Scientific<\/h2>\n<p>[\/et_pb_text][et_pb_text content_last_edited=&#8220;off|desktop&#8220; admin_label=&#8220;Paragraph&#8220; _builder_version=&#8220;4.19.4&#8243; text_font=&#8220;||||||||&#8220; text_font_size=&#8220;18px&#8220; text_line_height=&#8220;2em&#8220; header_font=&#8220;||||||||&#8220; header_2_font=&#8220;Raleway|700|||||||&#8220; header_2_font_size=&#8220;50px&#8220; header_2_line_height=&#8220;1.4em&#8220; header_6_font=&#8220;Raleway|700||on|||||&#8220; header_6_font_size=&#8220;16px&#8220; header_6_letter_spacing=&#8220;5px&#8220; header_6_line_height=&#8220;1.8em&#8220; text_orientation=&#8220;justified&#8220; max_width=&#8220;700px&#8220; module_alignment=&#8220;center&#8220; custom_margin=&#8220;0px||||false|false&#8220; custom_padding=&#8220;0px||||false|false&#8220; header_2_font_size_tablet=&#8220;35px&#8220; header_2_font_size_phone=&#8220;25px&#8220; header_2_font_size_last_edited=&#8220;on|phone&#8220; text_orientation_tablet=&#8220;&#8220; text_orientation_phone=&#8220;left&#8220; text_orientation_last_edited=&#8220;on|desktop&#8220; global_colors_info=&#8220;{}&#8220;]Seit seiner Gr\u00fcndung im Jahr 1990 hat sich Antec Scientific zum weltweit engagiertesten Anbieter von Analyseinstrumenten auf der Basis der Elektrochemie (EC) entwickelt. Antec Scientific ist bestrebt, die Bed\u00fcrfnisse seiner Kunden weiterhin umfassend zu erf\u00fcllen sowie modernste Technologien und innovative L\u00f6sungen f\u00fcr die analytischen Herausforderungen von heute zu entwickeln. Unsere Ger\u00e4te decken ein breites Spektrum von Anwendungen in nahezu allen analytischen Bereichen ab, von der Forschung und Entwicklung bis hin zur Routineanalyse.<\/p>\n<p>Lesen Sie mehr <a href=\"https:\/\/antecscientific.com\/de\/ueber\/\">\u00fcber Antec Scientific&#8230;.<\/a>[\/et_pb_text][et_pb_toggle title=&#8220;\u00dcber Antec Scientific&#8220; open=&#8220;on&#8220; open_toggle_text_color=&#8220;#000000&#8243; open_toggle_background_color=&#8220;#f6f9fb&#8220; closed_toggle_background_color=&#8220;RGBA(0,0,0,0)&#8220; icon_color=&#8220;#8e969e&#8220; open_icon_color=&#8220;#8e969e&#8220; admin_label=&#8220;Toggle&#8220; module_class=&#8220;substance-accordeon&#8220; _builder_version=&#8220;4.19.4&#8243; _module_preset=&#8220;default&#8220; title_text_color=&#8220;#8e969e&#8220; title_font_size=&#8220;14px&#8220; max_width=&#8220;700px&#8220; module_alignment=&#8220;center&#8220; border_width_all=&#8220;0px&#8220; border_width_bottom=&#8220;1px&#8220; border_color_bottom=&#8220;#e5e5e5&#8243; global_colors_info=&#8220;{}&#8220;]<\/p>\n<ul>\n<li><a href=\"https:\/\/antecscientific.com\/about\/antec-scientific\/careers\/\">Karriere<\/a><\/li>\n<li><a href=\"https:\/\/antecscientific.com\/de\/ueber\/antec-scientific\/neuerungen\/\">Innovationen<\/a><\/li>\n<li><a href=\"https:\/\/antecscientific.com\/de\/ueber\/antec-scientific\/iso-zertifikat\/\">ISO-Zertifikat<\/a><\/li>\n<li><a href=\"https:\/\/antecscientific.com\/de\/ueber\/antec-scientific\/patente\/\">Patente<\/a><\/li>\n<li><a href=\"https:\/\/antecscientific.com\/de\/ueber\/antec-scientific\/team\/\">Team<\/a><\/li>\n<\/ul>\n<p>[\/et_pb_toggle][\/et_pb_column][et_pb_column type=&#8220;1_3&#8243; _builder_version=&#8220;4.16&#8243; custom_padding=&#8220;5%|5%|||false|false&#8220; global_colors_info=&#8220;{}&#8220; custom_padding__hover=&#8220;|||&#8220;][et_pb_image src=&#8220;https:\/\/antecscientific.com\/wp-content\/uploads\/2021\/10\/boston-offices-300&#215;240.jpg&#8220; title_text=&#8220;boston-b\u00fcros&#8220; _builder_version=&#8220;4.16&#8243; _module_preset=&#8220;default&#8220; global_colors_info=&#8220;{}&#8220;][\/et_pb_image][et_pb_image src=&#8220;https:\/\/antecscientific.com\/wp-content\/uploads\/2024\/02\/copr_cap-300&#215;251.png&#8220; title_text=&#8220;copr_cap&#8220; url_new_window=&#8220;on&#8220; _builder_version=&#8220;4.27.4&#8243; _module_preset=&#8220;default&#8220; global_colors_info=&#8220;{}&#8220;][\/et_pb_image][et_pb_text _builder_version=&#8220;4.27.4&#8243; _module_preset=&#8220;default&#8220; link_option_url=&#8220;https:\/\/antecscientific.com\/download\/115\/docs\/8183\/corporate-capabilities-2024&#8243; link_option_url_new_window=&#8220;on&#8220; hover_enabled=&#8220;0&#8243; global_colors_info=&#8220;{}&#8220; sticky_enabled=&#8220;0&#8243;]<\/p>\n<p><em>Klicken Sie hier, um die Brosch\u00fcre herunterzuladen:  <\/em>        <ul class=\"antec-downloads view--inline\">\n                    <li class=\"download\">\n                <a href=\"https:\/\/antecscientific.com\/wp-content\/mu-plugins\/antec-downloads\/files\/webdocs\/docs\/Corporate Capabilities2025_06.pdf\" class=\"\" download>Corporate Capabilities2025_06.pdf<\/a>\n            <\/li>\n            <\/ul>\n<\/p>\n<p>[\/et_pb_text][\/et_pb_column][\/et_pb_row][\/et_pb_section][et_pb_section fb_built=&#8220;1&#8243; _builder_version=&#8220;4.16.1&#8243; _module_preset=&#8220;default&#8220; max_width=&#8220;90%&#8220; global_module=&#8220;11161&#8243; collapsed=&#8220;off&#8220; global_colors_info=&#8220;{}&#8220;][et_pb_row column_structure=&#8220;1_2,1_2&#8243; module_class=&#8220;substancetoggle&#8220; _builder_version=&#8220;4.16.0&#8243; _module_preset=&#8220;default&#8220; global_colors_info=&#8220;{}&#8220;][et_pb_column type=&#8220;1_2&#8243; _builder_version=&#8220;4.16&#8243; _module_preset=&#8220;default&#8220; global_colors_info=&#8220;{}&#8220;][\/et_pb_column][et_pb_column type=&#8220;1_2&#8243; _builder_version=&#8220;4.16&#8243; _module_preset=&#8220;default&#8220; global_colors_info=&#8220;{}&#8220;][\/et_pb_column][\/et_pb_row][\/et_pb_section]<\/p>\n","protected":false},"excerpt":{"rendered":"<p>\u00dcber Antec ScientificSeit seiner Gr\u00fcndung im Jahr 1990 hat sich Antec Scientific zum weltweit engagiertesten Anbieter von Analyseinstrumenten auf der Basis der Elektrochemie (EC) entwickelt. Antec Scientific ist bestrebt, die Bed\u00fcrfnisse seiner Kunden weiterhin umfassend zu erf\u00fcllen sowie modernste Technologien und innovative L\u00f6sungen f\u00fcr die analytischen Herausforderungen von heute zu entwickeln. Unsere Ger\u00e4te decken ein [&hellip;]<\/p>\n","protected":false},"author":3,"featured_media":0,"parent":12863,"menu_order":0,"comment_status":"closed","ping_status":"closed","template":"","meta":{"_et_pb_use_builder":"on","_et_pb_old_content":"","_et_gb_content_width":"","footnotes":""},"class_list":["post-12926","page","type-page","status-publish","hentry"],"yoast_head":"<!-- This site is optimized with the Yoast SEO plugin v27.4 - https:\/\/yoast.com\/product\/yoast-seo-wordpress\/ -->\n<title>Antec Scientific - Antec Scientific<\/title>\n<meta name=\"robots\" content=\"index, follow, max-snippet:-1, max-image-preview:large, max-video-preview:-1\" \/>\n<link rel=\"canonical\" href=\"https:\/\/antecscientific.com\/de\/ueber\/antec-scientific\/\" \/>\n<meta property=\"og:locale\" content=\"de_DE\" \/>\n<meta property=\"og:type\" content=\"article\" \/>\n<meta property=\"og:title\" content=\"Antec Scientific - Antec Scientific\" \/>\n<meta property=\"og:description\" content=\"\u00dcber Antec ScientificSeit seiner Gr\u00fcndung im Jahr 1990 hat sich Antec Scientific zum weltweit engagiertesten Anbieter von Analyseinstrumenten auf der Basis der Elektrochemie (EC) entwickelt. Antec Scientific ist bestrebt, die Bed\u00fcrfnisse seiner Kunden weiterhin umfassend zu erf\u00fcllen sowie modernste Technologien und innovative L\u00f6sungen f\u00fcr die analytischen Herausforderungen von heute zu entwickeln. Unsere Ger\u00e4te decken ein [&hellip;]\" \/>\n<meta property=\"og:url\" content=\"https:\/\/antecscientific.com\/de\/ueber\/antec-scientific\/\" \/>\n<meta property=\"og:site_name\" content=\"Antec Scientific\" \/>\n<meta property=\"article:modified_time\" content=\"2025-10-24T15:24:46+00:00\" \/>\n<meta name=\"twitter:card\" content=\"summary_large_image\" \/>\n<meta name=\"twitter:label1\" content=\"Gesch\u00e4tzte Lesezeit\" \/>\n\t<meta name=\"twitter:data1\" content=\"2\u00a0Minuten\" \/>\n<script type=\"application\/ld+json\" class=\"yoast-schema-graph\">{\"@context\":\"https:\\\/\\\/schema.org\",\"@graph\":[{\"@type\":\"WebPage\",\"@id\":\"https:\\\/\\\/antecscientific.com\\\/de\\\/ueber\\\/antec-scientific\\\/\",\"url\":\"https:\\\/\\\/antecscientific.com\\\/de\\\/ueber\\\/antec-scientific\\\/\",\"name\":\"Antec Scientific - Antec Scientific\",\"isPartOf\":{\"@id\":\"https:\\\/\\\/antecscientific.com\\\/de\\\/#website\"},\"datePublished\":\"2021-11-01T08:52:57+00:00\",\"dateModified\":\"2025-10-24T15:24:46+00:00\",\"breadcrumb\":{\"@id\":\"https:\\\/\\\/antecscientific.com\\\/de\\\/ueber\\\/antec-scientific\\\/#breadcrumb\"},\"inLanguage\":\"de\",\"potentialAction\":[{\"@type\":\"ReadAction\",\"target\":[\"https:\\\/\\\/antecscientific.com\\\/de\\\/ueber\\\/antec-scientific\\\/\"]}]},{\"@type\":\"BreadcrumbList\",\"@id\":\"https:\\\/\\\/antecscientific.com\\\/de\\\/ueber\\\/antec-scientific\\\/#breadcrumb\",\"itemListElement\":[{\"@type\":\"ListItem\",\"position\":1,\"name\":\"\u00dcber\",\"item\":\"https:\\\/\\\/antecscientific.com\\\/de\\\/ueber\\\/\"},{\"@type\":\"ListItem\",\"position\":2,\"name\":\"Antec Scientific\"}]},{\"@type\":\"WebSite\",\"@id\":\"https:\\\/\\\/antecscientific.com\\\/de\\\/#website\",\"url\":\"https:\\\/\\\/antecscientific.com\\\/de\\\/\",\"name\":\"Antec Scientific\",\"description\":\"Supporting research to improve quality of life\",\"potentialAction\":[{\"@type\":\"SearchAction\",\"target\":{\"@type\":\"EntryPoint\",\"urlTemplate\":\"https:\\\/\\\/antecscientific.com\\\/de\\\/?s={search_term_string}\"},\"query-input\":{\"@type\":\"PropertyValueSpecification\",\"valueRequired\":true,\"valueName\":\"search_term_string\"}}],\"inLanguage\":\"de\"}]}<\/script>\n<!-- \/ Yoast SEO plugin. -->","yoast_head_json":{"title":"Antec Scientific - Antec Scientific","robots":{"index":"index","follow":"follow","max-snippet":"max-snippet:-1","max-image-preview":"max-image-preview:large","max-video-preview":"max-video-preview:-1"},"canonical":"https:\/\/antecscientific.com\/de\/ueber\/antec-scientific\/","og_locale":"de_DE","og_type":"article","og_title":"Antec Scientific - Antec Scientific","og_description":"\u00dcber Antec ScientificSeit seiner Gr\u00fcndung im Jahr 1990 hat sich Antec Scientific zum weltweit engagiertesten Anbieter von Analyseinstrumenten auf der Basis der Elektrochemie (EC) entwickelt. Antec Scientific ist bestrebt, die Bed\u00fcrfnisse seiner Kunden weiterhin umfassend zu erf\u00fcllen sowie modernste Technologien und innovative L\u00f6sungen f\u00fcr die analytischen Herausforderungen von heute zu entwickeln. Unsere Ger\u00e4te decken ein [&hellip;]","og_url":"https:\/\/antecscientific.com\/de\/ueber\/antec-scientific\/","og_site_name":"Antec Scientific","article_modified_time":"2025-10-24T15:24:46+00:00","twitter_card":"summary_large_image","twitter_misc":{"Gesch\u00e4tzte Lesezeit":"2\u00a0Minuten"},"schema":{"@context":"https:\/\/schema.org","@graph":[{"@type":"WebPage","@id":"https:\/\/antecscientific.com\/de\/ueber\/antec-scientific\/","url":"https:\/\/antecscientific.com\/de\/ueber\/antec-scientific\/","name":"Antec Scientific - Antec Scientific","isPartOf":{"@id":"https:\/\/antecscientific.com\/de\/#website"},"datePublished":"2021-11-01T08:52:57+00:00","dateModified":"2025-10-24T15:24:46+00:00","breadcrumb":{"@id":"https:\/\/antecscientific.com\/de\/ueber\/antec-scientific\/#breadcrumb"},"inLanguage":"de","potentialAction":[{"@type":"ReadAction","target":["https:\/\/antecscientific.com\/de\/ueber\/antec-scientific\/"]}]},{"@type":"BreadcrumbList","@id":"https:\/\/antecscientific.com\/de\/ueber\/antec-scientific\/#breadcrumb","itemListElement":[{"@type":"ListItem","position":1,"name":"\u00dcber","item":"https:\/\/antecscientific.com\/de\/ueber\/"},{"@type":"ListItem","position":2,"name":"Antec Scientific"}]},{"@type":"WebSite","@id":"https:\/\/antecscientific.com\/de\/#website","url":"https:\/\/antecscientific.com\/de\/","name":"Antec Scientific","description":"Supporting research to improve quality of life","potentialAction":[{"@type":"SearchAction","target":{"@type":"EntryPoint","urlTemplate":"https:\/\/antecscientific.com\/de\/?s={search_term_string}"},"query-input":{"@type":"PropertyValueSpecification","valueRequired":true,"valueName":"search_term_string"}}],"inLanguage":"de"}]}},"_links":{"self":[{"href":"https:\/\/antecscientific.com\/de\/wp-json\/wp\/v2\/pages\/12926","targetHints":{"allow":["GET"]}}],"collection":[{"href":"https:\/\/antecscientific.com\/de\/wp-json\/wp\/v2\/pages"}],"about":[{"href":"https:\/\/antecscientific.com\/de\/wp-json\/wp\/v2\/types\/page"}],"author":[{"embeddable":true,"href":"https:\/\/antecscientific.com\/de\/wp-json\/wp\/v2\/users\/3"}],"replies":[{"embeddable":true,"href":"https:\/\/antecscientific.com\/de\/wp-json\/wp\/v2\/comments?post=12926"}],"version-history":[{"count":20,"href":"https:\/\/antecscientific.com\/de\/wp-json\/wp\/v2\/pages\/12926\/revisions"}],"predecessor-version":[{"id":33954,"href":"https:\/\/antecscientific.com\/de\/wp-json\/wp\/v2\/pages\/12926\/revisions\/33954"}],"up":[{"embeddable":true,"href":"https:\/\/antecscientific.com\/de\/wp-json\/wp\/v2\/pages\/12863"}],"wp:attachment":[{"href":"https:\/\/antecscientific.com\/de\/wp-json\/wp\/v2\/media?parent=12926"}],"curies":[{"name":"wp","href":"https:\/\/api.w.org\/{rel}","templated":true}]}}