{"id":12884,"date":"2022-09-10T11:20:15","date_gmt":"2022-09-10T11:20:15","guid":{"rendered":"https:\/\/antecscientific.com\/hplc-anwendungswissenschaftler\/"},"modified":"2024-01-12T10:57:43","modified_gmt":"2024-01-12T10:57:43","slug":"hplc-anwendungswissenschaftler","status":"publish","type":"page","link":"https:\/\/antecscientific.com\/de\/ueber\/karriere\/hplc-anwendungswissenschaftler\/","title":{"rendered":"HPLC-Aplikationswissenschaftler"},"content":{"rendered":"<p>[et_pb_section fb_built=&#8220;1&#8243; admin_label=&#8220;Header&#8220; _builder_version=&#8220;4.18.0&#8243; background_image=&#8220;https:\/\/antecscientific.com\/wp-content\/uploads\/2022\/09\/11_img.jpg&#8220; parallax=&#8220;on&#8220; custom_padding=&#8220;2vw|0px|200px|0px|false|false&#8220; collapsed=&#8220;on&#8220; global_colors_info=&#8220;{}&#8220;][et_pb_row _builder_version=&#8220;4.16&#8243; global_colors_info=&#8220;{}&#8220;][et_pb_column type=&#8220;4_4&#8243; _builder_version=&#8220;4.16&#8243; custom_padding=&#8220;|||&#8220; global_colors_info=&#8220;{}&#8220; custom_padding__hover=&#8220;|||&#8220;][et_pb_text admin_label=&#8220;Breadcrumbs (don&#8217;t touch)&#8220; _builder_version=&#8220;4.16&#8243; text_font=&#8220;|700|||||||&#8220; text_text_color=&#8220;#ffffff&#8220; text_font_size=&#8220;15px&#8220; link_font=&#8220;|700|||||||&#8220; link_text_color=&#8220;#ffffff&#8220; link_font_size=&#8220;15px&#8220; global_colors_info=&#8220;{}&#8220;][\/et_pb_text][et_pb_text admin_label=&#8220;Big page title (don&#8217;t touch)&#8220; _builder_version=&#8220;4.16&#8243; _dynamic_attributes=&#8220;content&#8220; text_font=&#8220;||||||||&#8220; header_font=&#8220;|700|||||||&#8220; header_text_color=&#8220;#ffffff&#8220; header_font_size=&#8220;80px&#8220; header_line_height=&#8220;1.2em&#8220; header_5_font=&#8220;Raleway|700||on|||||&#8220; header_5_text_color=&#8220;#000000&#8243; header_5_font_size=&#8220;20px&#8220; header_5_letter_spacing=&#8220;0.5em&#8220; header_5_line_height=&#8220;1.8em&#8220; animation_style=&#8220;zoom&#8220; animation_intensity_zoom=&#8220;5%&#8220; header_font_size_tablet=&#8220;48px&#8220; header_font_size_phone=&#8220;32px&#8220; header_font_size_last_edited=&#8220;on|phone&#8220; header_5_font_size_tablet=&#8220;14px&#8220; header_5_font_size_phone=&#8220;12px&#8220; header_5_font_size_last_edited=&#8220;on|desktop&#8220; global_colors_info=&#8220;{}&#8220;]@ET-DC@eyJkeW5hbWljIjp0cnVlLCJjb250ZW50IjoicG9zdF90aXRsZSIsInNldHRpbmdzIjp7ImJlZm9yZSI6IjxoMT4iLCJhZnRlciI6IjxcL2gxPiJ9fQ==@[\/et_pb_text][\/et_pb_column][\/et_pb_row][\/et_pb_section][et_pb_section fb_built=&#8220;1&#8243; admin_label=&#8220;Content&#8220; _builder_version=&#8220;4.17.6&#8243; background_color=&#8220;#ffffff&#8220; max_width=&#8220;90%&#8220; max_width_tablet=&#8220;&#8220; max_width_phone=&#8220;100%&#8220; max_width_last_edited=&#8220;on|phone&#8220; custom_margin=&#8220;-160px||0px||false|false&#8220; custom_padding=&#8220;||0px||false|false&#8220; border_color_all=&#8220;#ffffff&#8220; border_width_left=&#8220;10vw&#8220; global_colors_info=&#8220;{}&#8220;][et_pb_row column_structure=&#8220;2_3,1_3&#8243; custom_padding_last_edited=&#8220;on|phone&#8220; _builder_version=&#8220;4.16&#8243; width=&#8220;auto&#8220; max_width=&#8220;none&#8220; custom_padding=&#8220;27px|0|27px|0px|false|false&#8220; custom_padding_tablet=&#8220;|0px||0px||true&#8220; custom_padding_phone=&#8220;|10%||0px|false|false&#8220; locked=&#8220;off&#8220; global_colors_info=&#8220;{}&#8220;][et_pb_column type=&#8220;2_3&#8243; _builder_version=&#8220;4.16&#8243; custom_padding=&#8220;|||&#8220; global_colors_info=&#8220;{}&#8220; custom_padding__hover=&#8220;|||&#8220;][et_pb_text admin_label=&#8220;Subtitle&#8220; _builder_version=&#8220;4.18.0&#8243; text_font=&#8220;||||||||&#8220; text_line_height=&#8220;2em&#8220; header_font=&#8220;||||||||&#8220; header_2_font=&#8220;|600||on|||||&#8220; header_2_text_color=&#8220;#df0834&#8243; header_2_font_size=&#8220;20px&#8220; header_2_line_height=&#8220;1.4em&#8220; header_6_font=&#8220;|700||on|||||&#8220; header_6_font_size=&#8220;16px&#8220; header_6_letter_spacing=&#8220;5px&#8220; header_6_line_height=&#8220;1.8em&#8220; max_width=&#8220;700px&#8220; module_alignment=&#8220;center&#8220; custom_margin=&#8220;||0px||false|false&#8220; custom_padding=&#8220;||0px||false|false&#8220; header_2_font_size_tablet=&#8220;25px&#8220; header_2_font_size_phone=&#8220;25px&#8220; header_2_font_size_last_edited=&#8220;on|phone&#8220; global_colors_info=&#8220;{}&#8220;]<\/p>\n<h2>Stellenbeschreibung &#8211; HPLC Application Scientist<\/h2>\n<p>[\/et_pb_text][et_pb_text admin_label=&#8220;Paragraph&#8220; _builder_version=&#8220;4.18.0&#8243; text_font=&#8220;||||||||&#8220; text_font_size=&#8220;18px&#8220; text_line_height=&#8220;2em&#8220; header_font=&#8220;||||||||&#8220; header_2_font=&#8220;Raleway|700|||||||&#8220; header_2_font_size=&#8220;50px&#8220; header_2_line_height=&#8220;1.4em&#8220; header_6_font=&#8220;Raleway|700||on|||||&#8220; header_6_font_size=&#8220;16px&#8220; header_6_letter_spacing=&#8220;5px&#8220; header_6_line_height=&#8220;1.8em&#8220; text_orientation=&#8220;justified&#8220; max_width=&#8220;700px&#8220; module_alignment=&#8220;center&#8220; custom_margin=&#8220;0px||||false|false&#8220; custom_padding=&#8220;0px||||false|false&#8220; header_2_font_size_tablet=&#8220;35px&#8220; header_2_font_size_phone=&#8220;25px&#8220; header_2_font_size_last_edited=&#8220;on|phone&#8220; text_orientation_tablet=&#8220;&#8220; text_orientation_phone=&#8220;left&#8220; text_orientation_last_edited=&#8220;on|desktop&#8220; global_colors_info=&#8220;{}&#8220;]<\/p>\n<p>F\u00fcr unser HPLC-Labor in Alphen a\/d Rijn suchen wir einen <strong>Anwendungswissenschaftler (m\/w<\/strong> ) mit einem Hintergrund in analytischer Chemie. Der erfolgreiche Bewerber wird Analysemethoden unter Verwendung von HPLC mit elektrochemischer Detektion und Reaktoren f\u00fcr die Elektrochemie-MS entwickeln. Au\u00dferdem unterst\u00fctzen Sie unsere Kunden bei Schulungen, Installationen und realen Herausforderungen. Unsere Wissenschaftler arbeiten eng mit unserem Vertriebsteam zusammen, entwickeln L\u00f6sungen und stellen technische Informationen bereit, um unsere Kunden erfolgreicher zu machen.<\/p>\n<p>&nbsp;<\/p>\n<h3><strong>Arbeitst\u00e4tigkeiten<\/strong><\/h3>\n<ul>\n<li>Entwicklung und Validierung von neuen Analysemethoden<\/li>\n<li>Testen von Prototypen und Software<\/li>\n<li>Verfassen von wissenschaftlichen Ver\u00f6ffentlichungen und Anwendungshinweisen<\/li>\n<li>Unterst\u00fctzung der Kunden, Beantwortung von Fragen<\/li>\n<li>Schulungen und Ausbildung bei Installationen vor Ort beim Kunden<\/li>\n<\/ul>\n<p>&nbsp;<\/p>\n<h3><strong>Ihr Profil<\/strong><\/h3>\n<ul>\n<li>Master-Abschluss in analytischer Chemie oder einem verwandten Fachgebiet<\/li>\n<li>Erfahrung mit HPLC<\/li>\n<li>Vertrautheit mit GLP, GMP, Pharmakop\u00f6en ist eine Voraussetzung<\/li>\n<li>gute und klare Kommunikationsf\u00e4higkeiten, kundenorientiert<\/li>\n<li>Gute Probleml\u00f6sungsf\u00e4higkeiten<\/li>\n<li>ausgezeichnete Englischkenntnisse in Wort und Schrift<\/li>\n<\/ul>\n<p>&nbsp;<\/p>\n<h3><strong>Wir bieten Ihnen<\/strong><\/h3>\n<ul>\n<li>Vollzeitbesch\u00e4ftigung (Aussicht auf Festanstellung)<\/li>\n<li>Wettbewerbsf\u00e4higes Gehalt, je nach Erfahrung<\/li>\n<li>Zus\u00e4tzliches Budget f\u00fcr pers\u00f6nliche Entwicklung\/Ausbildung<\/li>\n<li>Reisekosten, oder OV-Visitenkarte<\/li>\n<li>24 Urlaubstage (erweiterbar auf 35 Tage)<\/li>\n<\/ul>\n<p>&nbsp;<\/p>\n<h3><strong>Wer ist Antec Scientific?<\/strong><\/h3>\n<p>Seit mehr als 32 Jahren ist Antec Scientific der weltweit f\u00fchrende Anbieter von elektrochemischen Analysatoren und Reaktoren f\u00fcr HPLC und MS. Unsere Ger\u00e4te werden in der Forschung, Diagnostik und Qualit\u00e4tskontrolle eingesetzt. Validierte Anwendungen f\u00fcr die Neurochemie, Umwelt-, Lebensmittel-, klinische und pharmazeutische Analytik wurden mit den ALEXYS LC-EC Systemen erfolgreich entwickelt. Die Online-Kopplung von Elektrochemie (EC) mit LC\/MS hat gro\u00dfes Potenzial f\u00fcr die Untersuchung des Arzneimittelstoffwechsels und des Protein-Engineerings gezeigt. Unsere Kunden sind Krankenh\u00e4user, Universit\u00e4ten, pharmazeutische Unternehmen, Lebensmittelhersteller und Forschungslabors in der ganzen Welt. Der Hauptsitz von Antec befindet sich in den Niederlanden, eine Tochtergesellschaft in Boston, USA.<\/p>\n<p>&nbsp;<\/p>\n<h3><strong>Wie man sich bewirbt<\/strong><\/h3>\n<p>Senden Sie Ihre Bewerbung mit Lebenslauf an <a href=\"mailto:careers@antecscientific.com\">careers@antecscientific.com<\/a> an Dr. N.J. Reinhoud.<\/p>\n<p>[\/et_pb_text][\/et_pb_column][et_pb_column type=&#8220;1_3&#8243; _builder_version=&#8220;4.16&#8243; custom_padding=&#8220;5%|5%|||false|false&#8220; global_colors_info=&#8220;{}&#8220; custom_padding__hover=&#8220;|||&#8220;][et_pb_image src=&#8220;https:\/\/antecscientific.com\/wp-content\/uploads\/2022\/09\/shutterstock_2175407917-300&#215;200.jpg&#8220; title_text=&#8220;Mann,und,Frau,Partner,tragen,Wissenschaftler,Uniform,stehend,mit,Armen&#8220; _builder_version=&#8220;4.18.0&#8243; _module_preset=&#8220;default&#8220; locked=&#8220;off&#8220; global_colors_info=&#8220;{}&#8220;][\/et_pb_image][et_pb_button button_url=&#8220;mailto:careers@antecscientific.com&#8220; button_text=&#8220;Jetzt bewerben!&#8220; button_alignment=&#8220;center&#8220; _builder_version=&#8220;4.18.0&#8243; _module_preset=&#8220;default&#8220; global_colors_info=&#8220;{}&#8220;][\/et_pb_button][\/et_pb_column][\/et_pb_row][\/et_pb_section]<\/p>\n","protected":false},"excerpt":{"rendered":"<p>Stellenbeschreibung &#8211; HPLC Application ScientistF\u00fcr unser HPLC-Labor in Alphen a\/d Rijn suchen wir einen Anwendungswissenschaftler (m\/w ) mit einem Hintergrund in analytischer Chemie. Der erfolgreiche Bewerber wird Analysemethoden unter Verwendung von HPLC mit elektrochemischer Detektion und Reaktoren f\u00fcr die Elektrochemie-MS entwickeln. Au\u00dferdem unterst\u00fctzen Sie unsere Kunden bei Schulungen, Installationen und realen Herausforderungen. Unsere Wissenschaftler arbeiten [&hellip;]<\/p>\n","protected":false},"author":3,"featured_media":0,"parent":13034,"menu_order":0,"comment_status":"closed","ping_status":"closed","template":"","meta":{"_et_pb_use_builder":"on","_et_pb_old_content":"","_et_gb_content_width":"","footnotes":""},"class_list":["post-12884","page","type-page","status-publish","hentry"],"yoast_head":"<!-- This site is optimized with the Yoast SEO plugin v27.4 - https:\/\/yoast.com\/product\/yoast-seo-wordpress\/ -->\n<title>HPLC-Aplikationswissenschaftler - Antec Scientific<\/title>\n<meta name=\"description\" content=\"F\u00fcr unser Anwendungslabor in Alphen a\/d Rijn suchen wir eine\/n wissenschaftliche\/n Mitarbeiter\/in mit Erfahrung in analytischer Chemie.\" \/>\n<meta name=\"robots\" content=\"index, follow, max-snippet:-1, max-image-preview:large, max-video-preview:-1\" \/>\n<link rel=\"canonical\" href=\"https:\/\/antecscientific.com\/de\/ueber\/karriere\/hplc-anwendungswissenschaftler\/\" \/>\n<meta property=\"og:locale\" content=\"de_DE\" \/>\n<meta property=\"og:type\" content=\"article\" \/>\n<meta property=\"og:title\" content=\"HPLC-Aplikationswissenschaftler - Antec Scientific\" \/>\n<meta property=\"og:description\" content=\"F\u00fcr unser Anwendungslabor in Alphen a\/d Rijn suchen wir eine\/n wissenschaftliche\/n Mitarbeiter\/in mit Erfahrung in analytischer Chemie.\" \/>\n<meta property=\"og:url\" content=\"https:\/\/antecscientific.com\/de\/ueber\/karriere\/hplc-anwendungswissenschaftler\/\" \/>\n<meta property=\"og:site_name\" content=\"Antec Scientific\" \/>\n<meta property=\"article:modified_time\" content=\"2024-01-12T10:57:43+00:00\" \/>\n<meta name=\"twitter:card\" content=\"summary_large_image\" \/>\n<meta name=\"twitter:label1\" content=\"Gesch\u00e4tzte Lesezeit\" \/>\n\t<meta name=\"twitter:data1\" content=\"5\u00a0Minuten\" \/>\n<script type=\"application\/ld+json\" class=\"yoast-schema-graph\">{\"@context\":\"https:\\\/\\\/schema.org\",\"@graph\":[{\"@type\":\"WebPage\",\"@id\":\"https:\\\/\\\/antecscientific.com\\\/de\\\/ueber\\\/karriere\\\/hplc-anwendungswissenschaftler\\\/\",\"url\":\"https:\\\/\\\/antecscientific.com\\\/de\\\/ueber\\\/karriere\\\/hplc-anwendungswissenschaftler\\\/\",\"name\":\"HPLC-Aplikationswissenschaftler - Antec Scientific\",\"isPartOf\":{\"@id\":\"https:\\\/\\\/antecscientific.com\\\/de\\\/#website\"},\"datePublished\":\"2022-09-10T11:20:15+00:00\",\"dateModified\":\"2024-01-12T10:57:43+00:00\",\"description\":\"F\u00fcr unser Anwendungslabor in Alphen a\\\/d Rijn suchen wir eine\\\/n wissenschaftliche\\\/n Mitarbeiter\\\/in mit Erfahrung in analytischer Chemie.\",\"breadcrumb\":{\"@id\":\"https:\\\/\\\/antecscientific.com\\\/de\\\/ueber\\\/karriere\\\/hplc-anwendungswissenschaftler\\\/#breadcrumb\"},\"inLanguage\":\"de\",\"potentialAction\":[{\"@type\":\"ReadAction\",\"target\":[\"https:\\\/\\\/antecscientific.com\\\/de\\\/ueber\\\/karriere\\\/hplc-anwendungswissenschaftler\\\/\"]}]},{\"@type\":\"BreadcrumbList\",\"@id\":\"https:\\\/\\\/antecscientific.com\\\/de\\\/ueber\\\/karriere\\\/hplc-anwendungswissenschaftler\\\/#breadcrumb\",\"itemListElement\":[{\"@type\":\"ListItem\",\"position\":1,\"name\":\"\u00dcber\",\"item\":\"https:\\\/\\\/antecscientific.com\\\/de\\\/ueber\\\/\"},{\"@type\":\"ListItem\",\"position\":2,\"name\":\"Karriere\",\"item\":\"https:\\\/\\\/antecscientific.com\\\/de\\\/ueber\\\/karriere\\\/\"},{\"@type\":\"ListItem\",\"position\":3,\"name\":\"HPLC-Aplikationswissenschaftler\"}]},{\"@type\":\"WebSite\",\"@id\":\"https:\\\/\\\/antecscientific.com\\\/de\\\/#website\",\"url\":\"https:\\\/\\\/antecscientific.com\\\/de\\\/\",\"name\":\"Antec Scientific\",\"description\":\"Supporting research to improve quality of life\",\"potentialAction\":[{\"@type\":\"SearchAction\",\"target\":{\"@type\":\"EntryPoint\",\"urlTemplate\":\"https:\\\/\\\/antecscientific.com\\\/de\\\/?s={search_term_string}\"},\"query-input\":{\"@type\":\"PropertyValueSpecification\",\"valueRequired\":true,\"valueName\":\"search_term_string\"}}],\"inLanguage\":\"de\"}]}<\/script>\n<!-- \/ Yoast SEO plugin. -->","yoast_head_json":{"title":"HPLC-Aplikationswissenschaftler - Antec Scientific","description":"F\u00fcr unser Anwendungslabor in Alphen a\/d Rijn suchen wir eine\/n wissenschaftliche\/n Mitarbeiter\/in mit Erfahrung in analytischer Chemie.","robots":{"index":"index","follow":"follow","max-snippet":"max-snippet:-1","max-image-preview":"max-image-preview:large","max-video-preview":"max-video-preview:-1"},"canonical":"https:\/\/antecscientific.com\/de\/ueber\/karriere\/hplc-anwendungswissenschaftler\/","og_locale":"de_DE","og_type":"article","og_title":"HPLC-Aplikationswissenschaftler - Antec Scientific","og_description":"F\u00fcr unser Anwendungslabor in Alphen a\/d Rijn suchen wir eine\/n wissenschaftliche\/n Mitarbeiter\/in mit Erfahrung in analytischer Chemie.","og_url":"https:\/\/antecscientific.com\/de\/ueber\/karriere\/hplc-anwendungswissenschaftler\/","og_site_name":"Antec Scientific","article_modified_time":"2024-01-12T10:57:43+00:00","twitter_card":"summary_large_image","twitter_misc":{"Gesch\u00e4tzte Lesezeit":"5\u00a0Minuten"},"schema":{"@context":"https:\/\/schema.org","@graph":[{"@type":"WebPage","@id":"https:\/\/antecscientific.com\/de\/ueber\/karriere\/hplc-anwendungswissenschaftler\/","url":"https:\/\/antecscientific.com\/de\/ueber\/karriere\/hplc-anwendungswissenschaftler\/","name":"HPLC-Aplikationswissenschaftler - Antec Scientific","isPartOf":{"@id":"https:\/\/antecscientific.com\/de\/#website"},"datePublished":"2022-09-10T11:20:15+00:00","dateModified":"2024-01-12T10:57:43+00:00","description":"F\u00fcr unser Anwendungslabor in Alphen a\/d Rijn suchen wir eine\/n wissenschaftliche\/n Mitarbeiter\/in mit Erfahrung in analytischer Chemie.","breadcrumb":{"@id":"https:\/\/antecscientific.com\/de\/ueber\/karriere\/hplc-anwendungswissenschaftler\/#breadcrumb"},"inLanguage":"de","potentialAction":[{"@type":"ReadAction","target":["https:\/\/antecscientific.com\/de\/ueber\/karriere\/hplc-anwendungswissenschaftler\/"]}]},{"@type":"BreadcrumbList","@id":"https:\/\/antecscientific.com\/de\/ueber\/karriere\/hplc-anwendungswissenschaftler\/#breadcrumb","itemListElement":[{"@type":"ListItem","position":1,"name":"\u00dcber","item":"https:\/\/antecscientific.com\/de\/ueber\/"},{"@type":"ListItem","position":2,"name":"Karriere","item":"https:\/\/antecscientific.com\/de\/ueber\/karriere\/"},{"@type":"ListItem","position":3,"name":"HPLC-Aplikationswissenschaftler"}]},{"@type":"WebSite","@id":"https:\/\/antecscientific.com\/de\/#website","url":"https:\/\/antecscientific.com\/de\/","name":"Antec Scientific","description":"Supporting research to improve quality of life","potentialAction":[{"@type":"SearchAction","target":{"@type":"EntryPoint","urlTemplate":"https:\/\/antecscientific.com\/de\/?s={search_term_string}"},"query-input":{"@type":"PropertyValueSpecification","valueRequired":true,"valueName":"search_term_string"}}],"inLanguage":"de"}]}},"_links":{"self":[{"href":"https:\/\/antecscientific.com\/de\/wp-json\/wp\/v2\/pages\/12884","targetHints":{"allow":["GET"]}}],"collection":[{"href":"https:\/\/antecscientific.com\/de\/wp-json\/wp\/v2\/pages"}],"about":[{"href":"https:\/\/antecscientific.com\/de\/wp-json\/wp\/v2\/types\/page"}],"author":[{"embeddable":true,"href":"https:\/\/antecscientific.com\/de\/wp-json\/wp\/v2\/users\/3"}],"replies":[{"embeddable":true,"href":"https:\/\/antecscientific.com\/de\/wp-json\/wp\/v2\/comments?post=12884"}],"version-history":[{"count":6,"href":"https:\/\/antecscientific.com\/de\/wp-json\/wp\/v2\/pages\/12884\/revisions"}],"predecessor-version":[{"id":22948,"href":"https:\/\/antecscientific.com\/de\/wp-json\/wp\/v2\/pages\/12884\/revisions\/22948"}],"up":[{"embeddable":true,"href":"https:\/\/antecscientific.com\/de\/wp-json\/wp\/v2\/pages\/13034"}],"wp:attachment":[{"href":"https:\/\/antecscientific.com\/de\/wp-json\/wp\/v2\/media?parent=12884"}],"curies":[{"name":"wp","href":"https:\/\/api.w.org\/{rel}","templated":true}]}}