{"id":12762,"date":"2021-01-08T13:42:29","date_gmt":"2021-01-08T12:42:29","guid":{"rendered":"https:\/\/antecscientific.com\/fernunterstuetzte-dienste\/"},"modified":"2025-03-17T14:34:09","modified_gmt":"2025-03-17T13:34:09","slug":"fernunterstuetzte-dienste","status":"publish","type":"page","link":"https:\/\/antecscientific.com\/de\/dienstleistungen\/fernunterstuetzte-dienste\/","title":{"rendered":"Fernunterst\u00fctzte Dienste"},"content":{"rendered":"<p>[et_pb_section fb_built=&#8220;1&#8243; admin_label=&#8220;Header&#8220; _builder_version=&#8220;4.16&#8243; background_image=&#8220;https:\/\/antecscientific.com\/wp-content\/uploads\/2020\/11\/products_services.jpg&#8220; parallax=&#8220;on&#8220; custom_padding=&#8220;2vw|0px|200px|0px|false|false&#8220; collapsed=&#8220;on&#8220; global_colors_info=&#8220;{}&#8220;][et_pb_row _builder_version=&#8220;4.16&#8243; global_colors_info=&#8220;{}&#8220;][et_pb_column type=&#8220;4_4&#8243; _builder_version=&#8220;4.16&#8243; custom_padding=&#8220;|||&#8220; global_colors_info=&#8220;{}&#8220; custom_padding__hover=&#8220;|||&#8220;][et_pb_text admin_label=&#8220;Breadcrumbs (don&#8217;t touch)&#8220; _builder_version=&#8220;4.16&#8243; text_font=&#8220;|700|||||||&#8220; text_text_color=&#8220;#ffffff&#8220; text_font_size=&#8220;15px&#8220; link_font=&#8220;|700|||||||&#8220; link_text_color=&#8220;#ffffff&#8220; link_font_size=&#8220;15px&#8220; global_colors_info=&#8220;{}&#8220;][\/et_pb_text][et_pb_text admin_label=&#8220;Big page title (don&#8217;t touch)&#8220; _builder_version=&#8220;4.16&#8243; _dynamic_attributes=&#8220;content&#8220; text_font=&#8220;||||||||&#8220; header_font=&#8220;|700|||||||&#8220; header_text_color=&#8220;#ffffff&#8220; header_font_size=&#8220;80px&#8220; header_line_height=&#8220;1.2em&#8220; header_5_font=&#8220;Raleway|700||on|||||&#8220; header_5_text_color=&#8220;#000000&#8243; header_5_font_size=&#8220;20px&#8220; header_5_letter_spacing=&#8220;0.5em&#8220; header_5_line_height=&#8220;1.8em&#8220; animation_style=&#8220;zoom&#8220; animation_intensity_zoom=&#8220;5%&#8220; header_font_size_tablet=&#8220;48px&#8220; header_font_size_phone=&#8220;32px&#8220; header_font_size_last_edited=&#8220;on|phone&#8220; header_5_font_size_tablet=&#8220;14px&#8220; header_5_font_size_phone=&#8220;12px&#8220; header_5_font_size_last_edited=&#8220;on|desktop&#8220; global_colors_info=&#8220;{}&#8220;]@ET-DC@eyJkeW5hbWljIjp0cnVlLCJjb250ZW50IjoicG9zdF90aXRsZSIsInNldHRpbmdzIjp7ImJlZm9yZSI6IjxoMT4iLCJhZnRlciI6IjxcL2gxPiJ9fQ==@[\/et_pb_text][\/et_pb_column][\/et_pb_row][\/et_pb_section][et_pb_section fb_built=&#8220;1&#8243; admin_label=&#8220;Content&#8220; _builder_version=&#8220;4.16&#8243; background_color=&#8220;#ffffff&#8220; max_width=&#8220;90%&#8220; max_width_tablet=&#8220;&#8220; max_width_phone=&#8220;100%&#8220; max_width_last_edited=&#8220;on|phone&#8220; custom_margin=&#8220;-160px||0px||false|false&#8220; custom_padding=&#8220;||0px||false|false&#8220; border_color_all=&#8220;#ffffff&#8220; border_width_left=&#8220;10vw&#8220; global_colors_info=&#8220;{}&#8220;][et_pb_row column_structure=&#8220;2_3,1_3&#8243; custom_padding_last_edited=&#8220;on|phone&#8220; _builder_version=&#8220;4.16&#8243; width=&#8220;auto&#8220; max_width=&#8220;none&#8220; custom_padding=&#8220;27px|0|27px|0px|false|false&#8220; custom_padding_tablet=&#8220;|0px||0px||true&#8220; custom_padding_phone=&#8220;|10%||0px|false|false&#8220; global_colors_info=&#8220;{}&#8220;][et_pb_column type=&#8220;2_3&#8243; _builder_version=&#8220;4.16&#8243; custom_padding=&#8220;|||&#8220; global_colors_info=&#8220;{}&#8220; custom_padding__hover=&#8220;|||&#8220;][et_pb_text admin_label=&#8220;Subtitle&#8220; _builder_version=&#8220;4.16&#8243; text_font=&#8220;||||||||&#8220; text_line_height=&#8220;2em&#8220; header_font=&#8220;||||||||&#8220; header_2_font=&#8220;|600||on|||||&#8220; header_2_text_color=&#8220;#df0834&#8243; header_2_font_size=&#8220;20px&#8220; header_2_line_height=&#8220;1.4em&#8220; header_6_font=&#8220;|700||on|||||&#8220; header_6_font_size=&#8220;16px&#8220; header_6_letter_spacing=&#8220;5px&#8220; header_6_line_height=&#8220;1.8em&#8220; max_width=&#8220;700px&#8220; module_alignment=&#8220;center&#8220; custom_margin=&#8220;||0px||false|false&#8220; custom_padding=&#8220;||0px||false|false&#8220; header_2_font_size_tablet=&#8220;25px&#8220; header_2_font_size_phone=&#8220;25px&#8220; header_2_font_size_last_edited=&#8220;on|phone&#8220; global_colors_info=&#8220;{}&#8220;]<\/p>\n<h2 id=\"remote\">Fernunterst\u00fctzte Dienste<\/h2>\n<p>[\/et_pb_text][et_pb_text admin_label=&#8220;Paragraph&#8220; _builder_version=&#8220;4.16&#8243; text_font=&#8220;||||||||&#8220; text_font_size=&#8220;18px&#8220; text_line_height=&#8220;2em&#8220; header_font=&#8220;||||||||&#8220; header_2_font=&#8220;Raleway|700|||||||&#8220; header_2_font_size=&#8220;50px&#8220; header_2_line_height=&#8220;1.4em&#8220; header_6_font=&#8220;Raleway|700||on|||||&#8220; header_6_font_size=&#8220;16px&#8220; header_6_letter_spacing=&#8220;5px&#8220; header_6_line_height=&#8220;1.8em&#8220; text_orientation=&#8220;justified&#8220; max_width=&#8220;700px&#8220; module_alignment=&#8220;center&#8220; custom_margin=&#8220;0px||||false|false&#8220; custom_padding=&#8220;0px||||false|false&#8220; header_2_font_size_tablet=&#8220;35px&#8220; header_2_font_size_phone=&#8220;25px&#8220; header_2_font_size_last_edited=&#8220;on|phone&#8220; text_orientation_tablet=&#8220;&#8220; text_orientation_phone=&#8220;left&#8220; text_orientation_last_edited=&#8220;on|desktop&#8220; global_colors_info=&#8220;{}&#8220;]<\/p>\n<p>Vor kurzem haben wir einige neue Remote Assisted Services eingef\u00fchrt. Es ist jetzt m\u00f6glich, ein Ger\u00e4t zu installieren oder eine Qualifizierung durchzuf\u00fchren, <strong>ohne einen Ingenieur vor Ort zu haben<\/strong>. Stattdessen werden die Schritte vom HPLC-Benutzer unter Anleitung unserer Ingenieure \u00fcber eine Online-Videoverbindung ausgef\u00fchrt. Jede Aufgabe wird in kleine Schritte aufgeteilt, einen Schritt nach dem anderen. Unsere Ingenieure begleiten Sie auf dem gesamten Weg. Wenn dies geschehen und alles &#8222;bestanden&#8220; ist, senden wir Ihnen eine unterzeichnete Papierkopie des Qualifikationsdokuments zu.<\/p>\n<p>Was wir bisher gelernt haben, ist, dass die teilnehmenden Nutzer die Remote-Session sehr sch\u00e4tzen. Indem sie die eigentliche Arbeit machen, sind sie st\u00e4rker involviert und <strong>gewinnen ein tieferes Verst\u00e4ndnis<\/strong> f\u00fcr die Instrumente.<\/p>\n<p>Lesen Sie mehr \u00fcber <a href=\"\/products\/services\/installation-and-maintenance\/\">Installation und Wartung<\/a> und unsere <a href=\"\/products\/services\/qualification\/\">Produktqualifizierung&#8230;.<\/a><\/p>\n<p>[\/et_pb_text][\/et_pb_column][et_pb_column type=&#8220;1_3&#8243; _builder_version=&#8220;4.16&#8243; custom_padding=&#8220;5%|5%|||false|false&#8220; global_colors_info=&#8220;{}&#8220; custom_padding__hover=&#8220;|||&#8220;][\/et_pb_column][\/et_pb_row][\/et_pb_section][et_pb_section fb_built=&#8220;1&#8243; admin_label=&#8220;Download Table&#8220; _builder_version=&#8220;4.27.2&#8243; background_enable_color=&#8220;off&#8220; use_background_color_gradient=&#8220;on&#8220; background_color_gradient_stops=&#8220;#f6f9fb 50%|#ffffff 100%&#8220; background_color_gradient_start=&#8220;#f6f9fb&#8220; background_color_gradient_start_position=&#8220;50%&#8220; background_color_gradient_end=&#8220;#ffffff&#8220; max_width=&#8220;100%&#8220; max_width_tablet=&#8220;&#8220; max_width_phone=&#8220;100%&#8220; max_width_last_edited=&#8220;on|desktop&#8220; module_alignment=&#8220;center&#8220; custom_margin=&#8220;0px||0px||false|false&#8220; custom_padding=&#8220;40px||40px||false|false&#8220; locked=&#8220;off&#8220; global_colors_info=&#8220;{}&#8220;][et_pb_row _builder_version=&#8220;4.27.2&#8243; background_color=&#8220;rgba(0,0,0,0)&#8220; width_tablet=&#8220;&#8220; width_phone=&#8220;&#8220; width_last_edited=&#8220;on|phone&#8220; max_width=&#8220;80%&#8220; max_width_tablet=&#8220;&#8220; max_width_phone=&#8220;&#8220; max_width_last_edited=&#8220;on|phone&#8220; module_alignment=&#8220;center&#8220; custom_padding=&#8220;||||false|false&#8220; global_colors_info=&#8220;{}&#8220;][et_pb_column type=&#8220;4_4&#8243; _builder_version=&#8220;4.16&#8243; global_colors_info=&#8220;{}&#8220;][et_pb_text admin_label=&#8220;Shortcode of Table&#8220; _builder_version=&#8220;4.27.4&#8243; background_color=&#8220;#ffffff&#8220; max_width=&#8220;1200px&#8220; custom_padding=&#8220;20px|30px|30px|30px|false|false&#8220; custom_padding_tablet=&#8220;&#8220; custom_padding_phone=&#8220;|0px||0px|false|false&#8220; custom_padding_last_edited=&#8220;on|phone&#8220; hover_enabled=&#8220;0&#8243; module_alignment_tablet=&#8220;&#8220; module_alignment_phone=&#8220;&#8220; module_alignment_last_edited=&#8220;on|desktop&#8220; box_shadow_style=&#8220;preset1&#8243; box_shadow_blur=&#8220;40px&#8220; box_shadow_color=&#8220;rgba(0,33,91,0.17)&#8220; global_colors_info=&#8220;{}&#8220; sticky_enabled=&#8220;0&#8243;]<\/p>\n<h3>Downloads<\/h3>\n<p>&nbsp;<\/p>\n        <div class=\"antec-downloads view--list\">\n        <div class=\"list-item name thead\">Name<\/div>\n        <div class=\"list-item rev thead\">Doc#<\/div>\n        <div class=\"list-item size thead\">Size<\/div>\n        <div class=\"list-item download thead\">Download<\/div>\n\n                    <div class=\"list-item name\" data-label=\"Name\">Antec off-site services<\/div>\n            <div class=\"list-item rev\" data-label=\"Rev\">900_0001_04<\/div>\n            <div class=\"list-item size\" data-label=\"Size\">0.29 MB<\/div>\n            <div class=\"list-item download\" data-label=\"Download\">\n                <a href=\"https:\/\/antecscientific.com\/wp-content\/mu-plugins\/antec-downloads\/files\/webdocs\/support\/900_0001_04 - Antec off-site services.pdf\" class=\"download-link\" download>Download<i class=\"zmdi zmdi-cloud-download wpfd-download\"><\/i><\/a>\n            <\/div>\n                    <div class=\"list-item name\" data-label=\"Name\">Remote assisted OQ and PQ<\/div>\n            <div class=\"list-item rev\" data-label=\"Rev\">901_1027R_03<\/div>\n            <div class=\"list-item size\" data-label=\"Size\">0.26 MB<\/div>\n            <div class=\"list-item download\" data-label=\"Download\">\n                <a href=\"https:\/\/antecscientific.com\/wp-content\/mu-plugins\/antec-downloads\/files\/webdocs\/support\/901_1027R_03 - Remote assisted OQ and PQ.pdf\" class=\"download-link\" download>Download<i class=\"zmdi zmdi-cloud-download wpfd-download\"><\/i><\/a>\n            <\/div>\n                    <div class=\"list-item name\" data-label=\"Name\">Remote Assisted Training and Installation for ALEXYS<\/div>\n            <div class=\"list-item rev\" data-label=\"Rev\">901_1014R_05<\/div>\n            <div class=\"list-item size\" data-label=\"Size\">0.39 MB<\/div>\n            <div class=\"list-item download\" data-label=\"Download\">\n                <a href=\"https:\/\/antecscientific.com\/wp-content\/mu-plugins\/antec-downloads\/files\/webdocs\/support\/901_1014R_05 - Remote Assisted Training and Installation for ALEXYS.pdf\" class=\"download-link\" download>Download<i class=\"zmdi zmdi-cloud-download wpfd-download\"><\/i><\/a>\n            <\/div>\n                    <div class=\"list-item name\" data-label=\"Name\">Remote Assisted Training and Installation for ROXY<\/div>\n            <div class=\"list-item rev\" data-label=\"Rev\">901_1037R_03<\/div>\n            <div class=\"list-item size\" data-label=\"Size\">0.41 MB<\/div>\n            <div class=\"list-item download\" data-label=\"Download\">\n                <a href=\"https:\/\/antecscientific.com\/wp-content\/mu-plugins\/antec-downloads\/files\/webdocs\/support\/901_1037R_03 - Remote Assisted Training and Installation for ROXY.pdf\" class=\"download-link\" download>Download<i class=\"zmdi zmdi-cloud-download wpfd-download\"><\/i><\/a>\n            <\/div>\n                    <div class=\"list-item name\" data-label=\"Name\">Remote-Assisted-Training-and-Installation-for-DECADE<\/div>\n            <div class=\"list-item rev\" data-label=\"Rev\">901_1035R_05<\/div>\n            <div class=\"list-item size\" data-label=\"Size\">0.29 MB<\/div>\n            <div class=\"list-item download\" data-label=\"Download\">\n                <a href=\"https:\/\/antecscientific.com\/wp-content\/mu-plugins\/antec-downloads\/files\/webdocs\/support\/901_1035R_05 - Remote-Assisted-Training-and-Installation-for-DECADE.pdf\" class=\"download-link\" download>Download<i class=\"zmdi zmdi-cloud-download wpfd-download\"><\/i><\/a>\n            <\/div>\n            <\/div>\n\n<p>[\/et_pb_text][\/et_pb_column][\/et_pb_row][\/et_pb_section][et_pb_section fb_built=&#8220;1&#8243; disabled_on=&#8220;on|on|on&#8220; admin_label=&#8220;Download Table&#8220; _builder_version=&#8220;4.27.2&#8243; background_enable_color=&#8220;off&#8220; use_background_color_gradient=&#8220;on&#8220; background_color_gradient_stops=&#8220;#f6f9fb 50%|#ffffff 100%&#8220; background_color_gradient_start=&#8220;#f6f9fb&#8220; background_color_gradient_start_position=&#8220;50%&#8220; background_color_gradient_end=&#8220;#ffffff&#8220; max_width_tablet=&#8220;&#8220; max_width_phone=&#8220;100%&#8220; max_width_last_edited=&#8220;on|desktop&#8220; module_alignment=&#8220;center&#8220; custom_margin=&#8220;0px||0px||false|false&#8220; custom_padding=&#8220;40px||40px||false|false&#8220; disabled=&#8220;on&#8220; locked=&#8220;off&#8220; global_colors_info=&#8220;{}&#8220;][et_pb_row _builder_version=&#8220;4.16&#8243; background_color=&#8220;rgba(0,0,0,0)&#8220; width_tablet=&#8220;&#8220; width_phone=&#8220;&#8220; width_last_edited=&#8220;on|phone&#8220; max_width=&#8220;80%&#8220; max_width_tablet=&#8220;&#8220; max_width_phone=&#8220;&#8220; max_width_last_edited=&#8220;on|phone&#8220; module_alignment=&#8220;center&#8220; global_colors_info=&#8220;{}&#8220;][et_pb_column type=&#8220;4_4&#8243; _builder_version=&#8220;4.16&#8243; global_colors_info=&#8220;{}&#8220;][et_pb_text admin_label=&#8220;Shortcode of Table&#8220; _builder_version=&#8220;4.27.2&#8243; background_color=&#8220;#ffffff&#8220; custom_padding=&#8220;20px|30px|30px|30px|false|false&#8220; custom_padding_tablet=&#8220;&#8220; custom_padding_phone=&#8220;|0px||0px|false|false&#8220; custom_padding_last_edited=&#8220;on|phone&#8220; box_shadow_style=&#8220;preset1&#8243; box_shadow_blur=&#8220;40px&#8220; box_shadow_color=&#8220;rgba(0,33,91,0.17)&#8220; global_colors_info=&#8220;{}&#8220;]<\/p>\n<p>[wpfd_category id=&#8220;55&#8243;]<\/p>\n<p>[\/et_pb_text][\/et_pb_column][\/et_pb_row][\/et_pb_section]<\/p>\n","protected":false},"excerpt":{"rendered":"<p>Fernunterst\u00fctzter Service f\u00fcr eine Installation oder Qualifizierung unter Anleitung unserer Ingenieure \u00fcber eine Online-Videoverbindung.<\/p>\n","protected":false},"author":3,"featured_media":0,"parent":13158,"menu_order":0,"comment_status":"closed","ping_status":"closed","template":"","meta":{"_et_pb_use_builder":"on","_et_pb_old_content":"","_et_gb_content_width":"","footnotes":""},"class_list":["post-12762","page","type-page","status-publish","hentry"],"yoast_head":"<!-- This site is optimized with the Yoast SEO plugin v27.3 - https:\/\/yoast.com\/product\/yoast-seo-wordpress\/ -->\n<title>Fernunterst\u00fctzte Dienste - Antec Scientific<\/title>\n<meta name=\"description\" content=\"Fernunterst\u00fctzter Service f\u00fcr eine Installation oder Qualifizierung unter Anleitung unserer Ingenieure \u00fcber eine Online-Videoverbindung.\" \/>\n<meta name=\"robots\" content=\"index, follow, max-snippet:-1, max-image-preview:large, max-video-preview:-1\" \/>\n<link rel=\"canonical\" href=\"https:\/\/antecscientific.com\/de\/dienstleistungen\/fernunterstuetzte-dienste\/\" \/>\n<meta property=\"og:locale\" content=\"de_DE\" \/>\n<meta property=\"og:type\" content=\"article\" \/>\n<meta property=\"og:title\" content=\"Fernunterst\u00fctzte Dienste - Antec Scientific\" \/>\n<meta property=\"og:description\" content=\"Fernunterst\u00fctzter Service f\u00fcr eine Installation oder Qualifizierung unter Anleitung unserer Ingenieure \u00fcber eine Online-Videoverbindung.\" \/>\n<meta property=\"og:url\" content=\"https:\/\/antecscientific.com\/de\/dienstleistungen\/fernunterstuetzte-dienste\/\" \/>\n<meta property=\"og:site_name\" content=\"Antec Scientific\" \/>\n<meta property=\"article:modified_time\" content=\"2025-03-17T13:34:09+00:00\" \/>\n<meta name=\"twitter:card\" content=\"summary_large_image\" \/>\n<meta name=\"twitter:label1\" content=\"Gesch\u00e4tzte Lesezeit\" \/>\n\t<meta name=\"twitter:data1\" content=\"5\u00a0Minuten\" \/>\n<script type=\"application\/ld+json\" class=\"yoast-schema-graph\">{\"@context\":\"https:\\\/\\\/schema.org\",\"@graph\":[{\"@type\":\"WebPage\",\"@id\":\"https:\\\/\\\/antecscientific.com\\\/de\\\/dienstleistungen\\\/fernunterstuetzte-dienste\\\/\",\"url\":\"https:\\\/\\\/antecscientific.com\\\/de\\\/dienstleistungen\\\/fernunterstuetzte-dienste\\\/\",\"name\":\"Fernunterst\u00fctzte Dienste - Antec Scientific\",\"isPartOf\":{\"@id\":\"https:\\\/\\\/antecscientific.com\\\/de\\\/#website\"},\"datePublished\":\"2021-01-08T12:42:29+00:00\",\"dateModified\":\"2025-03-17T13:34:09+00:00\",\"description\":\"Fernunterst\u00fctzter Service f\u00fcr eine Installation oder Qualifizierung unter Anleitung unserer Ingenieure \u00fcber eine Online-Videoverbindung.\",\"breadcrumb\":{\"@id\":\"https:\\\/\\\/antecscientific.com\\\/de\\\/dienstleistungen\\\/fernunterstuetzte-dienste\\\/#breadcrumb\"},\"inLanguage\":\"de\",\"potentialAction\":[{\"@type\":\"ReadAction\",\"target\":[\"https:\\\/\\\/antecscientific.com\\\/de\\\/dienstleistungen\\\/fernunterstuetzte-dienste\\\/\"]}]},{\"@type\":\"BreadcrumbList\",\"@id\":\"https:\\\/\\\/antecscientific.com\\\/de\\\/dienstleistungen\\\/fernunterstuetzte-dienste\\\/#breadcrumb\",\"itemListElement\":[{\"@type\":\"ListItem\",\"position\":1,\"name\":\"Dienstleistungen\",\"item\":\"https:\\\/\\\/antecscientific.com\\\/de\\\/dienstleistungen\\\/\"},{\"@type\":\"ListItem\",\"position\":2,\"name\":\"Fernunterst\u00fctzte Dienste\"}]},{\"@type\":\"WebSite\",\"@id\":\"https:\\\/\\\/antecscientific.com\\\/de\\\/#website\",\"url\":\"https:\\\/\\\/antecscientific.com\\\/de\\\/\",\"name\":\"Antec Scientific\",\"description\":\"Supporting research to improve quality of life\",\"potentialAction\":[{\"@type\":\"SearchAction\",\"target\":{\"@type\":\"EntryPoint\",\"urlTemplate\":\"https:\\\/\\\/antecscientific.com\\\/de\\\/?s={search_term_string}\"},\"query-input\":{\"@type\":\"PropertyValueSpecification\",\"valueRequired\":true,\"valueName\":\"search_term_string\"}}],\"inLanguage\":\"de\"}]}<\/script>\n<!-- \/ Yoast SEO plugin. -->","yoast_head_json":{"title":"Fernunterst\u00fctzte Dienste - Antec Scientific","description":"Fernunterst\u00fctzter Service f\u00fcr eine Installation oder Qualifizierung unter Anleitung unserer Ingenieure \u00fcber eine Online-Videoverbindung.","robots":{"index":"index","follow":"follow","max-snippet":"max-snippet:-1","max-image-preview":"max-image-preview:large","max-video-preview":"max-video-preview:-1"},"canonical":"https:\/\/antecscientific.com\/de\/dienstleistungen\/fernunterstuetzte-dienste\/","og_locale":"de_DE","og_type":"article","og_title":"Fernunterst\u00fctzte Dienste - Antec Scientific","og_description":"Fernunterst\u00fctzter Service f\u00fcr eine Installation oder Qualifizierung unter Anleitung unserer Ingenieure \u00fcber eine Online-Videoverbindung.","og_url":"https:\/\/antecscientific.com\/de\/dienstleistungen\/fernunterstuetzte-dienste\/","og_site_name":"Antec Scientific","article_modified_time":"2025-03-17T13:34:09+00:00","twitter_card":"summary_large_image","twitter_misc":{"Gesch\u00e4tzte Lesezeit":"5\u00a0Minuten"},"schema":{"@context":"https:\/\/schema.org","@graph":[{"@type":"WebPage","@id":"https:\/\/antecscientific.com\/de\/dienstleistungen\/fernunterstuetzte-dienste\/","url":"https:\/\/antecscientific.com\/de\/dienstleistungen\/fernunterstuetzte-dienste\/","name":"Fernunterst\u00fctzte Dienste - Antec Scientific","isPartOf":{"@id":"https:\/\/antecscientific.com\/de\/#website"},"datePublished":"2021-01-08T12:42:29+00:00","dateModified":"2025-03-17T13:34:09+00:00","description":"Fernunterst\u00fctzter Service f\u00fcr eine Installation oder Qualifizierung unter Anleitung unserer Ingenieure \u00fcber eine Online-Videoverbindung.","breadcrumb":{"@id":"https:\/\/antecscientific.com\/de\/dienstleistungen\/fernunterstuetzte-dienste\/#breadcrumb"},"inLanguage":"de","potentialAction":[{"@type":"ReadAction","target":["https:\/\/antecscientific.com\/de\/dienstleistungen\/fernunterstuetzte-dienste\/"]}]},{"@type":"BreadcrumbList","@id":"https:\/\/antecscientific.com\/de\/dienstleistungen\/fernunterstuetzte-dienste\/#breadcrumb","itemListElement":[{"@type":"ListItem","position":1,"name":"Dienstleistungen","item":"https:\/\/antecscientific.com\/de\/dienstleistungen\/"},{"@type":"ListItem","position":2,"name":"Fernunterst\u00fctzte Dienste"}]},{"@type":"WebSite","@id":"https:\/\/antecscientific.com\/de\/#website","url":"https:\/\/antecscientific.com\/de\/","name":"Antec Scientific","description":"Supporting research to improve quality of life","potentialAction":[{"@type":"SearchAction","target":{"@type":"EntryPoint","urlTemplate":"https:\/\/antecscientific.com\/de\/?s={search_term_string}"},"query-input":{"@type":"PropertyValueSpecification","valueRequired":true,"valueName":"search_term_string"}}],"inLanguage":"de"}]}},"_links":{"self":[{"href":"https:\/\/antecscientific.com\/de\/wp-json\/wp\/v2\/pages\/12762","targetHints":{"allow":["GET"]}}],"collection":[{"href":"https:\/\/antecscientific.com\/de\/wp-json\/wp\/v2\/pages"}],"about":[{"href":"https:\/\/antecscientific.com\/de\/wp-json\/wp\/v2\/types\/page"}],"author":[{"embeddable":true,"href":"https:\/\/antecscientific.com\/de\/wp-json\/wp\/v2\/users\/3"}],"replies":[{"embeddable":true,"href":"https:\/\/antecscientific.com\/de\/wp-json\/wp\/v2\/comments?post=12762"}],"version-history":[{"count":29,"href":"https:\/\/antecscientific.com\/de\/wp-json\/wp\/v2\/pages\/12762\/revisions"}],"predecessor-version":[{"id":31563,"href":"https:\/\/antecscientific.com\/de\/wp-json\/wp\/v2\/pages\/12762\/revisions\/31563"}],"up":[{"embeddable":true,"href":"https:\/\/antecscientific.com\/de\/wp-json\/wp\/v2\/pages\/13158"}],"wp:attachment":[{"href":"https:\/\/antecscientific.com\/de\/wp-json\/wp\/v2\/media?parent=12762"}],"curies":[{"name":"wp","href":"https:\/\/api.w.org\/{rel}","templated":true}]}}