{"id":12720,"date":"2020-08-30T11:43:00","date_gmt":"2020-08-30T11:43:00","guid":{"rendered":"https:\/\/antecscientific.com\/maerkte\/pharmazeutische\/"},"modified":"2023-05-01T20:52:51","modified_gmt":"2023-05-01T20:52:51","slug":"pharmazeutische","status":"publish","type":"page","link":"https:\/\/antecscientific.com\/de\/maerkte\/pharmazeutische\/","title":{"rendered":"Pharmazeutika"},"content":{"rendered":"<p>[et_pb_section fb_built=&#8220;1&#8243; admin_label=&#8220;Header&#8220; _builder_version=&#8220;4.16&#8243; background_image=&#8220;https:\/\/antecscientific.com\/wp-content\/uploads\/2020\/10\/markets_pharma.jpg&#8220; parallax=&#8220;on&#8220; custom_padding=&#8220;2vw|0px|200px|0px|false|false&#8220; collapsed=&#8220;on&#8220; global_colors_info=&#8220;{}&#8220;][et_pb_row _builder_version=&#8220;4.16&#8243; global_colors_info=&#8220;{}&#8220;][et_pb_column type=&#8220;4_4&#8243; _builder_version=&#8220;4.16&#8243; custom_padding=&#8220;|||&#8220; global_colors_info=&#8220;{}&#8220; custom_padding__hover=&#8220;|||&#8220;][et_pb_text admin_label=&#8220;Breadcrumbs (don&#8217;t touch)&#8220; _builder_version=&#8220;4.16&#8243; text_font=&#8220;|700|||||||&#8220; text_text_color=&#8220;#ffffff&#8220; text_font_size=&#8220;15px&#8220; link_font=&#8220;|700|||||||&#8220; link_text_color=&#8220;#ffffff&#8220; link_font_size=&#8220;15px&#8220; global_colors_info=&#8220;{}&#8220;][\/et_pb_text][et_pb_text admin_label=&#8220;Big page title (don&#8217;t touch)&#8220; _builder_version=&#8220;4.16&#8243; _dynamic_attributes=&#8220;content&#8220; text_font=&#8220;||||||||&#8220; header_font=&#8220;|700|||||||&#8220; header_text_color=&#8220;#ffffff&#8220; header_font_size=&#8220;80px&#8220; header_line_height=&#8220;1.2em&#8220; header_5_font=&#8220;Raleway|700||on|||||&#8220; header_5_text_color=&#8220;#000000&#8243; header_5_font_size=&#8220;20px&#8220; header_5_letter_spacing=&#8220;0.5em&#8220; header_5_line_height=&#8220;1.8em&#8220; animation_style=&#8220;zoom&#8220; animation_intensity_zoom=&#8220;5%&#8220; header_font_size_tablet=&#8220;48px&#8220; header_font_size_phone=&#8220;32px&#8220; header_font_size_last_edited=&#8220;on|phone&#8220; header_5_font_size_tablet=&#8220;14px&#8220; header_5_font_size_phone=&#8220;12px&#8220; header_5_font_size_last_edited=&#8220;on|desktop&#8220; global_colors_info=&#8220;{}&#8220;]@ET-DC@eyJkeW5hbWljIjp0cnVlLCJjb250ZW50IjoicG9zdF90aXRsZSIsInNldHRpbmdzIjp7ImJlZm9yZSI6IjxoMT4iLCJhZnRlciI6IjxcL2gxPiJ9fQ==@[\/et_pb_text][\/et_pb_column][\/et_pb_row][\/et_pb_section][et_pb_section fb_built=&#8220;1&#8243; admin_label=&#8220;Content&#8220; _builder_version=&#8220;4.16&#8243; background_color=&#8220;#ffffff&#8220; max_width=&#8220;90%&#8220; max_width_tablet=&#8220;&#8220; max_width_phone=&#8220;100%&#8220; max_width_last_edited=&#8220;on|phone&#8220; custom_margin=&#8220;-160px||0px||false|false&#8220; custom_padding=&#8220;||0px||false|false&#8220; border_color_all=&#8220;#ffffff&#8220; border_width_left=&#8220;10vw&#8220; global_colors_info=&#8220;{}&#8220;][et_pb_row column_structure=&#8220;2_3,1_3&#8243; custom_padding_last_edited=&#8220;on|phone&#8220; _builder_version=&#8220;4.16&#8243; width=&#8220;auto&#8220; max_width=&#8220;none&#8220; custom_padding=&#8220;27px|0|27px|0px|false|false&#8220; custom_padding_tablet=&#8220;|0px||0px||true&#8220; custom_padding_phone=&#8220;|10%||0px|false|false&#8220; global_colors_info=&#8220;{}&#8220;][et_pb_column type=&#8220;2_3&#8243; _builder_version=&#8220;4.16&#8243; custom_padding=&#8220;|||&#8220; global_colors_info=&#8220;{}&#8220; custom_padding__hover=&#8220;|||&#8220;][et_pb_text admin_label=&#8220;Subtitle&#8220; _builder_version=&#8220;4.16&#8243; text_font=&#8220;||||||||&#8220; text_line_height=&#8220;2em&#8220; header_font=&#8220;||||||||&#8220; header_2_font=&#8220;|600||on|||||&#8220; header_2_text_color=&#8220;#df0834&#8243; header_2_font_size=&#8220;20px&#8220; header_2_line_height=&#8220;1.4em&#8220; header_6_font=&#8220;|700||on|||||&#8220; header_6_font_size=&#8220;16px&#8220; header_6_letter_spacing=&#8220;5px&#8220; header_6_line_height=&#8220;1.8em&#8220; max_width=&#8220;700px&#8220; module_alignment=&#8220;center&#8220; custom_margin=&#8220;||0px||false|false&#8220; custom_padding=&#8220;||0px||false|false&#8220; header_2_font_size_tablet=&#8220;25px&#8220; header_2_font_size_phone=&#8220;25px&#8220; header_2_font_size_last_edited=&#8220;on|phone&#8220; global_colors_info=&#8220;{}&#8220;]<\/p>\n<h2>Antec Scientific Analysatoren in der Pharmaindustrie<\/h2>\n<p>[\/et_pb_text][et_pb_text admin_label=&#8220;Paragraph&#8220; _builder_version=&#8220;4.19.1&#8243; text_font=&#8220;||||||||&#8220; text_font_size=&#8220;18px&#8220; text_line_height=&#8220;2em&#8220; header_font=&#8220;||||||||&#8220; header_2_font=&#8220;Raleway|700|||||||&#8220; header_2_font_size=&#8220;50px&#8220; header_2_line_height=&#8220;1.4em&#8220; header_6_font=&#8220;Raleway|700||on|||||&#8220; header_6_font_size=&#8220;16px&#8220; header_6_letter_spacing=&#8220;5px&#8220; header_6_line_height=&#8220;1.8em&#8220; text_orientation=&#8220;justified&#8220; max_width=&#8220;700px&#8220; module_alignment=&#8220;center&#8220; custom_margin=&#8220;0px||||false|false&#8220; custom_padding=&#8220;0px||||false|false&#8220; header_2_font_size_tablet=&#8220;35px&#8220; header_2_font_size_phone=&#8220;25px&#8220; header_2_font_size_last_edited=&#8220;on|phone&#8220; text_orientation_tablet=&#8220;&#8220; text_orientation_phone=&#8220;left&#8220; text_orientation_last_edited=&#8220;on|desktop&#8220; global_colors_info=&#8220;{}&#8220;]<\/p>\n<p>Die Qualit\u00e4tskontrolle von Arzneimitteln wird weltweit von Pharmaunternehmen, Auftragsforschungslabors (CRO) und verschiedenen anderen Einrichtungen durchgef\u00fchrt. Die gesetzlichen Anforderungen sind umfassender und strenger als je zuvor und werden zum Schutz von Mensch und Natur weiter zunehmen. Mit den Current Good Manufacturing Practices (cGMPs) f\u00fcr Humanarzneimittel werden Qualit\u00e4tsstandards festgelegt, um die Produktqualit\u00e4t und -sicherheit zu gew\u00e4hrleisten. Die Einhaltung der cGMP-Vorschriften gew\u00e4hrleistet die Identit\u00e4t, St\u00e4rke, Qualit\u00e4t und Reinheit von Arzneimitteln, indem sie von den Arzneimittelherstellern eine angemessene Kontrolle der Herstellungsprozesse verlangen. Reproduzierbare, zuverl\u00e4ssige und robuste Analysemethoden spielen eine entscheidende Rolle bei der Einhaltung von Vorschriften.<\/p>\n<p>Die <a href=\"https:\/\/antecscientific.com\/de\/produkte\/instrumente\/alexys-analysatoren\/\">ALEXYS-Analysatoren<\/a> von Antec Scientific werden weltweit eingesetzt, um die USP- und EP-Vorschriften und Sicherheitsstandards f\u00fcr ein breites Spektrum von Substanzen zu erf\u00fcllen. Es wurden spezielle Analysatoren entwickelt, die eine au\u00dfergew\u00f6hnliche Empfindlichkeit, Selektivit\u00e4t und einen hohen Durchsatz f\u00fcr Aminoglykosid- und Makrolid-Antibiotika, (Di-)Sulfide, Glykoproteine, Kohlenhydrate und viele andere Arzneimittel bieten.<\/p>\n<p><strong>Lesen Sie mehr<\/strong> \u00fcber unsere Anwendungen in der <a href=\"https:\/\/antecscientific.com\/de\/applikationen\/pharmazeutika\/\">Pharma-<\/a> und <a href=\"https:\/\/antecscientific.com\/de\/applikationen\/antibiotika\/\">Antibiotika-Analyse<\/a>&#8230;..<\/p>\n<p>[\/et_pb_text][\/et_pb_column][et_pb_column type=&#8220;1_3&#8243; _builder_version=&#8220;4.16&#8243; custom_padding=&#8220;5%|5%|||false|false&#8220; global_colors_info=&#8220;{}&#8220; custom_padding__hover=&#8220;|||&#8220;][et_pb_image src=&#8220;https:\/\/antecscientific.com\/wp-content\/uploads\/2020\/12\/FDA_inspection-300&#215;201.jpg&#8220; title_text=&#8220;FDA_Inspektion&#8220; _builder_version=&#8220;4.16&#8243; _module_preset=&#8220;default&#8220; global_colors_info=&#8220;{}&#8220;][\/et_pb_image][\/et_pb_column][\/et_pb_row][et_pb_row custom_padding_last_edited=&#8220;on|phone&#8220; admin_label=&#8220;Dividerline&#8220; _builder_version=&#8220;4.16&#8243; width=&#8220;auto&#8220; max_width=&#8220;none&#8220; custom_padding=&#8220;|0px|||false|false&#8220; custom_padding_tablet=&#8220;&#8220; custom_padding_phone=&#8220;|10%|||false|false&#8220; locked=&#8220;off&#8220; collapsed=&#8220;on&#8220; global_colors_info=&#8220;{}&#8220;][et_pb_column type=&#8220;4_4&#8243; _builder_version=&#8220;4.16&#8243; global_colors_info=&#8220;{}&#8220;][et_pb_divider color=&#8220;#dee1e6&#8243; _builder_version=&#8220;4.16&#8243; global_colors_info=&#8220;{}&#8220;][\/et_pb_divider][\/et_pb_column][\/et_pb_row][et_pb_row column_structure=&#8220;2_3,1_3&#8243; custom_padding_last_edited=&#8220;on|phone&#8220; _builder_version=&#8220;4.16&#8243; width=&#8220;auto&#8220; max_width=&#8220;none&#8220; custom_padding=&#8220;27px|0|27px|0px|false|false&#8220; custom_padding_tablet=&#8220;|0px||0px||true&#8220; custom_padding_phone=&#8220;|10%||0px|false|false&#8220; global_colors_info=&#8220;{}&#8220;][et_pb_column type=&#8220;2_3&#8243; _builder_version=&#8220;4.16&#8243; custom_padding=&#8220;|||&#8220; global_colors_info=&#8220;{}&#8220; custom_padding__hover=&#8220;|||&#8220;][et_pb_text admin_label=&#8220;Subtitle&#8220; _builder_version=&#8220;4.16&#8243; text_font=&#8220;||||||||&#8220; text_line_height=&#8220;2em&#8220; header_font=&#8220;||||||||&#8220; header_2_font=&#8220;|600||on|||||&#8220; header_2_text_color=&#8220;#df0834&#8243; header_2_font_size=&#8220;20px&#8220; header_2_line_height=&#8220;1.4em&#8220; header_6_font=&#8220;|700||on|||||&#8220; header_6_font_size=&#8220;16px&#8220; header_6_letter_spacing=&#8220;5px&#8220; header_6_line_height=&#8220;1.8em&#8220; max_width=&#8220;700px&#8220; module_alignment=&#8220;center&#8220; custom_margin=&#8220;||0px||false|false&#8220; custom_padding=&#8220;||0px||false|false&#8220; header_2_font_size_tablet=&#8220;25px&#8220; header_2_font_size_phone=&#8220;25px&#8220; header_2_font_size_last_edited=&#8220;on|phone&#8220; global_colors_info=&#8220;{}&#8220;]<\/p>\n<h2 id=\"dmet\">Stoffwechsel von Arzneimitteln<\/h2>\n<p>[\/et_pb_text][et_pb_text admin_label=&#8220;Paragraph&#8220; _builder_version=&#8220;4.20.4&#8243; text_font=&#8220;||||||||&#8220; text_font_size=&#8220;18px&#8220; text_line_height=&#8220;2em&#8220; header_font=&#8220;||||||||&#8220; header_2_font=&#8220;Raleway|700|||||||&#8220; header_2_font_size=&#8220;50px&#8220; header_2_line_height=&#8220;1.4em&#8220; header_6_font=&#8220;Raleway|700||on|||||&#8220; header_6_font_size=&#8220;16px&#8220; header_6_letter_spacing=&#8220;5px&#8220; header_6_line_height=&#8220;1.8em&#8220; text_orientation=&#8220;justified&#8220; max_width=&#8220;700px&#8220; module_alignment=&#8220;center&#8220; custom_margin=&#8220;0px||||false|false&#8220; custom_padding=&#8220;0px||||false|false&#8220; hover_enabled=&#8220;0&#8243; header_2_font_size_tablet=&#8220;35px&#8220; header_2_font_size_phone=&#8220;25px&#8220; header_2_font_size_last_edited=&#8220;on|phone&#8220; text_orientation_tablet=&#8220;&#8220; text_orientation_phone=&#8220;left&#8220; text_orientation_last_edited=&#8220;on|desktop&#8220; global_colors_info=&#8220;{}&#8220; sticky_enabled=&#8220;0&#8243;]<\/p>\n<p>Einer der vielen Schritte in der Arzneimittelentwicklung ist die Untersuchung der <strong>metabolischen Clearance<\/strong> eines Arzneimittelkandidaten aus dem K\u00f6rper. Die meisten Xenobiotika werden in der Leber metabolisiert und \u00fcber den Urin ausgeschieden. Es gibt jedoch einen schmalen Grat zwischen Arzneimittelmetabolismus und Toxizit\u00e4t. Dies wurde durch die tragischen Ereignisse nach der Verschreibung von Contergan zur Behandlung der morgendlichen \u00dcbelkeit bei schwangeren Frauen in den sp\u00e4ten 1950er Jahren deutlich. Heutzutage spielen <strong>ADME-Studien<\/strong> (Absorption, Verteilung, Metabolismus, Ausscheidung) eine Schl\u00fcsselrolle in der pr\u00e4klinischen Phase der Arzneimittelentwicklung. Die Angst vor der Zulassung eines Medikaments, das Geburtsfehler oder Krebs verursachen k\u00f6nnte, beherrscht die Politik der amerikanischen Arzneimittelbeh\u00f6rde FDA bis zum heutigen Tag.<\/p>\n<p>Cytochrom P450 (P450)-Enzyme in der Leber spielen eine wichtige Rolle im Stoffwechselprozess. Die Reaktionsmechanismen beruhen auf Oxidationsreaktionen einschlie\u00dflich Desaminierung, <em>N-Dealkylierung<\/em>, <em>O-Dealkylierung<\/em>, Sulfoxidation und Hydroxylierung von Alkylgruppen und aromatischen Ringen. Traditionell basieren Studien zum Arzneimittelmetabolismus auf der Inkubation des Arzneimittels mit Mikrosomen aus Leberzellen.<\/p>\n<p>Die <strong>Elektrochemie<\/strong> hat sich als erg\u00e4nzende Technik zur Untersuchung des oxidativen Stoffwechsels erwiesen. Arzneimittelkandidaten und pharmazeutische Wirkstoffe (APIs) werden in einem elektrochemischen Reaktor oxidiert, der an ein MS angeschlossen ist. Die Reaktionsprodukte werden sofort analysiert oder mit anderen Biomolek\u00fclen wie Proteinen oder Peptiden gemischt, um Reaktionen von Sekund\u00e4rmetaboliten zu untersuchen. <a href=\"https:\/\/antecscientific.com\/download\/83\/applications-ec-ms\/2916\/210_016-roxy-literature-publications\">In der Literatur<\/a> sind mehrere <a href=\"https:\/\/antecscientific.com\/download\/83\/applications-ec-ms\/2916\/210_016-roxy-literature-publications\">Ver\u00f6ffentlichungen<\/a> erschienen, die zeigen, dass sich die Ergebnisse der Elektrochemie und des mikrosomalen Ansatzes \u00fcberschneiden und gegenseitig erg\u00e4nzen.<\/p>\n<p><strong>Lesen Sie mehr:<\/strong><\/p>\n<ul>\n<li>Anwendungen der <a href=\"https:\/\/antecscientific.com\/de\/applikationen\/roxy-reaktoren\/stoffwechsel-von-arzneimitteln\/\">Elektrochemie bei<\/a> Untersuchungen des <a href=\"https:\/\/antecscientific.com\/de\/applikationen\/roxy-reaktoren\/stoffwechsel-von-arzneimitteln\/\">Arzneimittelstoffwechsels<\/a>&#8230;..<\/li>\n<li>Mehr Details <a href=\"https:\/\/antecscientific.com\/de\/produkte\/techniken\/elektrochemie-mit-ms-detektion\/\">zur Elektrochemie mit MS<\/a>&#8230;.<\/li>\n<\/ul>\n<p>&nbsp;<\/p>\n<p>[\/et_pb_text][\/et_pb_column][et_pb_column type=&#8220;1_3&#8243; _builder_version=&#8220;4.16&#8243; custom_padding=&#8220;5%|5%|||false|false&#8220; global_colors_info=&#8220;{}&#8220; custom_padding__hover=&#8220;|||&#8220;][et_pb_image src=&#8220;https:\/\/antecscientific.com\/wp-content\/uploads\/2020\/12\/drug_development_funnel.png&#8220; title_text=&#8220;arzneimittel_entwicklungs_trichter&#8220; _builder_version=&#8220;4.16&#8243; _module_preset=&#8220;default&#8220; global_colors_info=&#8220;{}&#8220;][\/et_pb_image][et_pb_text _builder_version=&#8220;4.16&#8243; _module_preset=&#8220;default&#8220; global_colors_info=&#8220;{}&#8220;]<\/p>\n<p><em><small>Abb. 2. Die Entdeckung von Arzneimitteln ist ein Ausschlussverfahren, das mit Tausenden von Arzneimittelkandidaten beginnt. Ungeeignete Kandidaten m\u00fcssen fr\u00fchzeitig im Prozess aussortiert werden, um Zeit und Geld zu sparen. Die Elektrochemie hat sich als wertvolles erg\u00e4nzendes Instrument zu den herk\u00f6mmlichen Methoden erwiesen.<\/small><\/em><\/p>\n<p>[\/et_pb_text][\/et_pb_column][\/et_pb_row][\/et_pb_section]<\/p>\n","protected":false},"excerpt":{"rendered":"<p>Die ALEXYS-Analysatoren von Antec werden weltweit eingesetzt, um die gesetzlichen und sicherheitstechnischen Anforderungen f\u00fcr die Qualit\u00e4tskontrolle in der pharmazeutischen Produktion zu erf\u00fcllen.<\/p>\n","protected":false},"author":3,"featured_media":0,"parent":12613,"menu_order":0,"comment_status":"closed","ping_status":"closed","template":"","meta":{"_et_pb_use_builder":"on","_et_pb_old_content":"","_et_gb_content_width":"","footnotes":""},"class_list":["post-12720","page","type-page","status-publish","hentry"],"yoast_head":"<!-- This site is optimized with the Yoast SEO plugin v27.4 - https:\/\/yoast.com\/product\/yoast-seo-wordpress\/ -->\n<title>Pharmazeutika - Antec Scientific<\/title>\n<meta name=\"description\" content=\"Die ALEXYS-Analysatoren von Antec werden weltweit eingesetzt, um die gesetzlichen und sicherheitstechnischen Anforderungen f\u00fcr die Qualit\u00e4tskontrolle in der pharmazeutischen Produktion zu erf\u00fcllen.\" \/>\n<meta name=\"robots\" content=\"index, follow, max-snippet:-1, max-image-preview:large, max-video-preview:-1\" \/>\n<link rel=\"canonical\" href=\"https:\/\/antecscientific.com\/de\/maerkte\/pharmazeutische\/\" \/>\n<meta property=\"og:locale\" content=\"de_DE\" \/>\n<meta property=\"og:type\" content=\"article\" \/>\n<meta property=\"og:title\" content=\"Pharmazeutika - Antec Scientific\" \/>\n<meta property=\"og:description\" content=\"Die ALEXYS-Analysatoren von Antec werden weltweit eingesetzt, um die gesetzlichen und sicherheitstechnischen Anforderungen f\u00fcr die Qualit\u00e4tskontrolle in der pharmazeutischen Produktion zu erf\u00fcllen.\" \/>\n<meta property=\"og:url\" content=\"https:\/\/antecscientific.com\/de\/maerkte\/pharmazeutische\/\" \/>\n<meta property=\"og:site_name\" content=\"Antec Scientific\" \/>\n<meta property=\"article:modified_time\" content=\"2023-05-01T20:52:51+00:00\" \/>\n<meta name=\"twitter:card\" content=\"summary_large_image\" \/>\n<meta name=\"twitter:label1\" content=\"Gesch\u00e4tzte Lesezeit\" \/>\n\t<meta name=\"twitter:data1\" content=\"7\u00a0Minuten\" \/>\n<script type=\"application\/ld+json\" class=\"yoast-schema-graph\">{\"@context\":\"https:\\\/\\\/schema.org\",\"@graph\":[{\"@type\":\"WebPage\",\"@id\":\"https:\\\/\\\/antecscientific.com\\\/de\\\/maerkte\\\/pharmazeutische\\\/\",\"url\":\"https:\\\/\\\/antecscientific.com\\\/de\\\/maerkte\\\/pharmazeutische\\\/\",\"name\":\"Pharmazeutika - Antec Scientific\",\"isPartOf\":{\"@id\":\"https:\\\/\\\/antecscientific.com\\\/de\\\/#website\"},\"datePublished\":\"2020-08-30T11:43:00+00:00\",\"dateModified\":\"2023-05-01T20:52:51+00:00\",\"description\":\"Die ALEXYS-Analysatoren von Antec werden weltweit eingesetzt, um die gesetzlichen und sicherheitstechnischen Anforderungen f\u00fcr die Qualit\u00e4tskontrolle in der pharmazeutischen Produktion zu erf\u00fcllen.\",\"breadcrumb\":{\"@id\":\"https:\\\/\\\/antecscientific.com\\\/de\\\/maerkte\\\/pharmazeutische\\\/#breadcrumb\"},\"inLanguage\":\"de\",\"potentialAction\":[{\"@type\":\"ReadAction\",\"target\":[\"https:\\\/\\\/antecscientific.com\\\/de\\\/maerkte\\\/pharmazeutische\\\/\"]}]},{\"@type\":\"BreadcrumbList\",\"@id\":\"https:\\\/\\\/antecscientific.com\\\/de\\\/maerkte\\\/pharmazeutische\\\/#breadcrumb\",\"itemListElement\":[{\"@type\":\"ListItem\",\"position\":1,\"name\":\"M\u00e4rkte\",\"item\":\"https:\\\/\\\/antecscientific.com\\\/de\\\/maerkte\\\/\"},{\"@type\":\"ListItem\",\"position\":2,\"name\":\"Pharmazeutika\"}]},{\"@type\":\"WebSite\",\"@id\":\"https:\\\/\\\/antecscientific.com\\\/de\\\/#website\",\"url\":\"https:\\\/\\\/antecscientific.com\\\/de\\\/\",\"name\":\"Antec Scientific\",\"description\":\"Supporting research to improve quality of life\",\"potentialAction\":[{\"@type\":\"SearchAction\",\"target\":{\"@type\":\"EntryPoint\",\"urlTemplate\":\"https:\\\/\\\/antecscientific.com\\\/de\\\/?s={search_term_string}\"},\"query-input\":{\"@type\":\"PropertyValueSpecification\",\"valueRequired\":true,\"valueName\":\"search_term_string\"}}],\"inLanguage\":\"de\"}]}<\/script>\n<!-- \/ Yoast SEO plugin. -->","yoast_head_json":{"title":"Pharmazeutika - Antec Scientific","description":"Die ALEXYS-Analysatoren von Antec werden weltweit eingesetzt, um die gesetzlichen und sicherheitstechnischen Anforderungen f\u00fcr die Qualit\u00e4tskontrolle in der pharmazeutischen Produktion zu erf\u00fcllen.","robots":{"index":"index","follow":"follow","max-snippet":"max-snippet:-1","max-image-preview":"max-image-preview:large","max-video-preview":"max-video-preview:-1"},"canonical":"https:\/\/antecscientific.com\/de\/maerkte\/pharmazeutische\/","og_locale":"de_DE","og_type":"article","og_title":"Pharmazeutika - Antec Scientific","og_description":"Die ALEXYS-Analysatoren von Antec werden weltweit eingesetzt, um die gesetzlichen und sicherheitstechnischen Anforderungen f\u00fcr die Qualit\u00e4tskontrolle in der pharmazeutischen Produktion zu erf\u00fcllen.","og_url":"https:\/\/antecscientific.com\/de\/maerkte\/pharmazeutische\/","og_site_name":"Antec Scientific","article_modified_time":"2023-05-01T20:52:51+00:00","twitter_card":"summary_large_image","twitter_misc":{"Gesch\u00e4tzte Lesezeit":"7\u00a0Minuten"},"schema":{"@context":"https:\/\/schema.org","@graph":[{"@type":"WebPage","@id":"https:\/\/antecscientific.com\/de\/maerkte\/pharmazeutische\/","url":"https:\/\/antecscientific.com\/de\/maerkte\/pharmazeutische\/","name":"Pharmazeutika - Antec Scientific","isPartOf":{"@id":"https:\/\/antecscientific.com\/de\/#website"},"datePublished":"2020-08-30T11:43:00+00:00","dateModified":"2023-05-01T20:52:51+00:00","description":"Die ALEXYS-Analysatoren von Antec werden weltweit eingesetzt, um die gesetzlichen und sicherheitstechnischen Anforderungen f\u00fcr die Qualit\u00e4tskontrolle in der pharmazeutischen Produktion zu erf\u00fcllen.","breadcrumb":{"@id":"https:\/\/antecscientific.com\/de\/maerkte\/pharmazeutische\/#breadcrumb"},"inLanguage":"de","potentialAction":[{"@type":"ReadAction","target":["https:\/\/antecscientific.com\/de\/maerkte\/pharmazeutische\/"]}]},{"@type":"BreadcrumbList","@id":"https:\/\/antecscientific.com\/de\/maerkte\/pharmazeutische\/#breadcrumb","itemListElement":[{"@type":"ListItem","position":1,"name":"M\u00e4rkte","item":"https:\/\/antecscientific.com\/de\/maerkte\/"},{"@type":"ListItem","position":2,"name":"Pharmazeutika"}]},{"@type":"WebSite","@id":"https:\/\/antecscientific.com\/de\/#website","url":"https:\/\/antecscientific.com\/de\/","name":"Antec Scientific","description":"Supporting research to improve quality of life","potentialAction":[{"@type":"SearchAction","target":{"@type":"EntryPoint","urlTemplate":"https:\/\/antecscientific.com\/de\/?s={search_term_string}"},"query-input":{"@type":"PropertyValueSpecification","valueRequired":true,"valueName":"search_term_string"}}],"inLanguage":"de"}]}},"_links":{"self":[{"href":"https:\/\/antecscientific.com\/de\/wp-json\/wp\/v2\/pages\/12720","targetHints":{"allow":["GET"]}}],"collection":[{"href":"https:\/\/antecscientific.com\/de\/wp-json\/wp\/v2\/pages"}],"about":[{"href":"https:\/\/antecscientific.com\/de\/wp-json\/wp\/v2\/types\/page"}],"author":[{"embeddable":true,"href":"https:\/\/antecscientific.com\/de\/wp-json\/wp\/v2\/users\/3"}],"replies":[{"embeddable":true,"href":"https:\/\/antecscientific.com\/de\/wp-json\/wp\/v2\/comments?post=12720"}],"version-history":[{"count":17,"href":"https:\/\/antecscientific.com\/de\/wp-json\/wp\/v2\/pages\/12720\/revisions"}],"predecessor-version":[{"id":19467,"href":"https:\/\/antecscientific.com\/de\/wp-json\/wp\/v2\/pages\/12720\/revisions\/19467"}],"up":[{"embeddable":true,"href":"https:\/\/antecscientific.com\/de\/wp-json\/wp\/v2\/pages\/12613"}],"wp:attachment":[{"href":"https:\/\/antecscientific.com\/de\/wp-json\/wp\/v2\/media?parent=12720"}],"curies":[{"name":"wp","href":"https:\/\/api.w.org\/{rel}","templated":true}]}}